{"id":2433,"date":"2020-08-05T16:49:40","date_gmt":"2020-08-05T13:49:40","guid":{"rendered":"https:\/\/www.turkishtranslationoffice.com\/tr\/yazili-tercume-hizmetleri-copy\/"},"modified":"2022-02-08T13:45:22","modified_gmt":"2022-02-08T10:45:22","slug":"ki-basierte-maschinelle-uebersetzungen","status":"publish","type":"page","link":"https:\/\/www.turkishtranslationoffice.com\/de\/ki-basierte-maschinelle-uebersetzungen\/","title":{"rendered":"Maschinelle \u00dcbersetzung auf Basis k\u00fcnstlicher Intelligenz"},"content":{"rendered":"<p>[vc_row equal_height=&#8221;yes&#8221; content_placement=&#8221;top&#8221; bg_type=&#8221;image&#8221; parallax_style=&#8221;vcpb-default&#8221; bg_image_new=&#8221;id^3970|url^https:\/\/www.turkishtranslationoffice.com\/de\/wp-content\/uploads\/sites\/2\/2020\/08\/yapay-zeka-ile-makine-cevrisi.jpg|caption^null|alt^null|title^yapay-zeka-ile-makine-cevrisi|description^null&#8221; bg_override=&#8221;ex-full&#8221; type=&#8221;vc_default&#8221; margin_top=&#8221;5&#8243; margin_bottom=&#8221;10&#8243; css=&#8221;.vc_custom_1629994357966{padding-top: 2% !important;padding-bottom: 2% !important;}&#8221;][vc_column width=&#8221;1\/2&#8243;]<div id=\"ultimate-heading-31769d4b02584009\" class=\"uvc-heading ult-adjust-bottom-margin ultimate-heading-31769d4b02584009 uvc-3639 \" data-hspacer=\"no_spacer\"  data-halign=\"left\" style=\"text-align:left\"><div class=\"uvc-heading-spacer no_spacer\" style=\"top\"><\/div><div class=\"uvc-main-heading ult-responsive\"  data-ultimate-target='.uvc-heading.ultimate-heading-31769d4b02584009 h1'  data-responsive-json-new='{\"font-size\":\"desktop:28px;\",\"line-height\":\"desktop:34px;\"}' ><h1 style=\"font-weight:bold;color:#ffffff;margin-bottom:25px;\">Auf k\u00fcnstlicher Intelligenz basierende maschinelle \u00dcbersetzungsdienste<\/h1><\/div><\/div>[vc_column_text]<\/p>\n<p style=\"text-align: left;\"><span style=\"font-weight: 400; font-size: 18px; color: #ffffff;\">M\u00f6chten Sie Ihre Durchlaufzeiten f\u00fcr gro\u00dfe \u00dcbersetzungsprojekte reduzieren und gleichzeitig Ihre Kosten senken? Die auf k\u00fcnstlicher Intelligenz basierende maschinelle \u00dcbersetzung bietet Ihnen die gew\u00fcnschten Geschwindigkeits- und Kostenvorteile. Nutzen Sie jetzt unsere maschinellen \u00dcbersetzungs- und Nachbearbeitungsdienste, um schnell und kosteng\u00fcnstig automatisierte \u00dcbersetzungen zu erhalten.<\/span><\/p>\n<p style=\"text-align: left;\"><span style=\"font-weight: 400; font-size: 18px; color: #ffffff;\">Kontaktieren Sie uns f\u00fcr weitere Informationen und erfahren Sie mehr \u00fcber unsere Dienstleistungen.<\/span><\/p>\n<p>[\/vc_column_text][vc_row_inner equal_height=&#8221;yes&#8221; content_placement=&#8221;top&#8221;][vc_column_inner css=&#8221;.vc_custom_1644317115265{padding-bottom: 32px !important;}&#8221;]<style type=\"text\/css\" data-type=\"the7_shortcodes-inline-css\">#default-btn-9f36e5076fde84ef590eecbfc898170d.ico-right-side > i {\n  margin-right: 0px;\n  margin-left: 8px;\n}\n#default-btn-9f36e5076fde84ef590eecbfc898170d > i {\n  margin-right: 8px;\n}\n#default-btn-9f36e5076fde84ef590eecbfc898170d * {\n  vertical-align: middle;\n}\n<\/style><a href=\"\/de\/angebot-anfordern\/\" class=\"default-btn-shortcode dt-btn dt-btn-l link-hover-off button-tto-grey btn-inline-left  vc_custom_1627289126274\" id=\"default-btn-9f36e5076fde84ef590eecbfc898170d\" style=\"width:286px;\"><span>Kostenloses Angebot einholen<\/span><\/a><style type=\"text\/css\" data-type=\"the7_shortcodes-inline-css\">#default-btn-6dfabddf3c6e30d61659abcbec6782c2.ico-right-side > i {\n  margin-right: 0px;\n  margin-left: 8px;\n}\n#default-btn-6dfabddf3c6e30d61659abcbec6782c2 > i {\n  margin-right: 8px;\n}\n#default-btn-6dfabddf3c6e30d61659abcbec6782c2 * {\n  vertical-align: middle;\n}\n<\/style><a href=\"\/de\/kontaktieren-sie-uns\/\" class=\"default-btn-shortcode dt-btn dt-btn-l link-hover-off button-tto-red btn-inline-left  vc_custom_1627289138680\" id=\"default-btn-6dfabddf3c6e30d61659abcbec6782c2\" style=\"width:286px;\"><span>Kontakt<\/span><\/a>[\/vc_column_inner][\/vc_row_inner][\/vc_column][vc_column width=&#8221;1\/2&#8243;][\/vc_column][\/vc_row][vc_row equal_height=&#8221;yes&#8221; content_placement=&#8221;top&#8221; bg_type=&#8221;image&#8221; parallax_style=&#8221;vcpb-hz-jquery&#8221; bg_image_new=&#8221;id^1611|url^https:\/\/www.turkishtranslationoffice.com\/de\/wp-content\/uploads\/sites\/2\/2016\/02\/bg-mem.png|caption^null|alt^null|title^bg-mem|description^null&#8221; bg_override=&#8221;ex-full&#8221; type=&#8221;vc_default&#8221; margin_top=&#8221;5&#8243; margin_bottom=&#8221;10&#8243; css=&#8221;.vc_custom_1598701039475{padding-top: 30px !important;padding-bottom: 50px !important;background-color: #f4f4f4 !important;}&#8221;][vc_column css=&#8221;.vc_custom_1491746299333{padding-bottom: 0px !important;}&#8221;][vc_row_inner equal_height=&#8221;yes&#8221; content_placement=&#8221;top&#8221;][vc_column_inner width=&#8221;1\/2&#8243;]<style type=\"text\/css\" data-type=\"the7_shortcodes-inline-css\">.shortcode-single-image-wrap.shortcode-single-image-cd20fa22c258fff895214aaef25c8b0f.enable-bg-rollover .rollover i,\n.shortcode-single-image-wrap.shortcode-single-image-cd20fa22c258fff895214aaef25c8b0f.enable-bg-rollover .rollover-video i {\n  background: ;\n  background: -webkit-linear-gradient();\n  background: linear-gradient();\n}\n.shortcode-single-image-wrap.shortcode-single-image-cd20fa22c258fff895214aaef25c8b0f .rollover-icon {\n  font-size: 32px;\n  color: #ffffff;\n  min-width: 44px;\n  min-height: 44px;\n  line-height: 44px;\n  border-radius: 100px;\n  border-style: solid;\n  border-width: 0px;\n}\n.dt-icon-bg-on.shortcode-single-image-wrap.shortcode-single-image-cd20fa22c258fff895214aaef25c8b0f .rollover-icon {\n  background: rgba(255,255,255,0.3);\n  box-shadow: none;\n}\n<\/style><div class=\"shortcode-single-image-wrap shortcode-single-image-cd20fa22c258fff895214aaef25c8b0f alignnone  enable-bg-rollover dt-icon-bg-off\" style=\"margin-top:0px; margin-bottom:0px; margin-left:0px; margin-right:0px; width:1000px;\"><div class=\"shortcode-single-image\"><div class=\"fancy-media-wrap  layzr-bg\" style=\"border-radius:10px;\"><img loading=\"lazy\" decoding=\"async\" class=\"preload-me lazy-load\" src=\"data:image\/svg+xml,%3Csvg%20xmlns%3D&#39;http%3A%2F%2Fwww.w3.org%2F2000%2Fsvg&#39;%20viewBox%3D&#39;0%200%201000%20700&#39;%2F%3E\" data-src=\"https:\/\/www.turkishtranslationoffice.com\/de\/wp-content\/uploads\/sites\/4\/2020\/08\/makine-cevirisi-nedir-2-1000x700.jpg\" data-srcset=\"https:\/\/www.turkishtranslationoffice.com\/de\/wp-content\/uploads\/sites\/4\/2020\/08\/makine-cevirisi-nedir-2-1000x700.jpg 1000w, https:\/\/www.turkishtranslationoffice.com\/de\/wp-content\/uploads\/sites\/4\/2020\/08\/makine-cevirisi-nedir-2-1267x887.jpg 1267w\" width=\"1000\" height=\"700\"  data-dt-location=\"https:\/\/www.turkishtranslationoffice.com\/de\/ki-basierte-maschinelle-uebersetzungen\/makine-cevirisi-nedir\/\" style=\"border-radius:10px;\" alt=\"\" \/><\/div><\/div><\/div>[\/vc_column_inner][vc_column_inner width=&#8221;1\/2&#8243; css=&#8221;.vc_custom_1596550089277{padding-top: 20px !important;}&#8221;]<div id=\"ultimate-heading-935169d4b02584749\" class=\"uvc-heading ult-adjust-bottom-margin ultimate-heading-935169d4b02584749 uvc-8890 \" data-hspacer=\"no_spacer\"  data-halign=\"left\" style=\"text-align:left\"><div class=\"uvc-heading-spacer no_spacer\" style=\"top\"><\/div><div class=\"uvc-main-heading ult-responsive\"  data-ultimate-target='.uvc-heading.ultimate-heading-935169d4b02584749 h2'  data-responsive-json-new='{\"font-size\":\"desktop:24px;\",\"line-height\":\"desktop:34px;\"}' ><h2 style=\"font-weight:bold;margin-bottom:25px;\">Was ist maschinelle \u00dcbersetzung?<\/h2><\/div><\/div>[vc_column_text]Maschinelle \u00dcbersetzung ist eine automatisierte \u00dcbersetzung von Text durch Computersoftware von einer nat\u00fcrlichen Sprache in eine andere ohne menschliche Beteiligung. Das ultimative Ziel der maschinellen \u00dcbersetzung ist es, \u00dcbersetzungen zu generieren, die mit dem Einsatz von Software, oder genauer gesagt maschinellen \u00dcbersetzungsmaschinen, die f\u00fcr die automatisierte \u00dcbersetzung konzipiert und entwickelt wurden, menschliche Parit\u00e4t erreichen.<\/p>\n<p>Erste Studien zur maschinellen \u00dcbersetzung reichen bis in die 1950er Jahre zur\u00fcck. Obwohl es oberfl\u00e4chlich betrachtet einfach erscheint, ist die \u00dcbersetzung mehr als nur ein wortw\u00f6rtlicher Austausch von S\u00e4tzen zwischen Sprachen und erfordert einen komplexeren Ansatz, um Texte in einer anderen Sprache korrekt wiederzugeben. Deshalb gibt es bisher verschiedene Ans\u00e4tze von Forschern und Praktikern der maschinellen \u00dcbersetzung, wie man Maschinen die Kunst des \u00dcbersetzens beibringen kann.[\/vc_column_text][\/vc_column_inner][\/vc_row_inner][\/vc_column][\/vc_row][vc_row content_placement=&#8221;top&#8221; bg_type=&#8221;image&#8221; bg_override=&#8221;full&#8221; css=&#8221;.vc_custom_1596536963548{background-image: url(https:\/\/www.turkishtranslationoffice.com\/de\/wp-content\/uploads\/sites\/2\/2020\/08\/1920&#215;407-1.jpg?id=2306) !important;}&#8221;][vc_column]<div class=\"shortcode-banner\" style=\"min-height: 80px\"><div class=\"shortcode-banner-bg wf-table\" style=\"padding: 0px;min-height: 80px\"><div class=\"shortcode-banner-inside wf-table text-big\" style=\"border: solid 0px transparent;outline: solid 0px;height: 80px\"><div><p style=\"color: #ffffff; font-size: 21px; font-weight: bold; padding-bottom: 25px;\">Maschinelle \u00dcbersetzung hilft Ihnen, \u00dcbersetzungskosten zu sparen!<\/p>\n<\/div><\/div><\/div><\/div>[\/vc_column][\/vc_row][vc_row equal_height=&#8221;yes&#8221; content_placement=&#8221;top&#8221; type=&#8221;vc_default&#8221; margin_top=&#8221;5&#8243; margin_bottom=&#8221;10&#8243; css=&#8221;.vc_custom_1598697343992{padding-top: 30px !important;padding-bottom: 50px !important;}&#8221;][vc_column][vc_row_inner equal_height=&#8221;yes&#8221; content_placement=&#8221;top&#8221;][vc_column_inner width=&#8221;1\/2&#8243; css=&#8221;.vc_custom_1598700994037{padding-top: 20px !important;}&#8221;]<div id=\"ultimate-heading-164769d4b025847b3\" class=\"uvc-heading ult-adjust-bottom-margin ultimate-heading-164769d4b025847b3 uvc-703 \" data-hspacer=\"no_spacer\"  data-halign=\"left\" style=\"text-align:left\"><div class=\"uvc-heading-spacer no_spacer\" style=\"top\"><\/div><div class=\"uvc-main-heading ult-responsive\"  data-ultimate-target='.uvc-heading.ultimate-heading-164769d4b025847b3 h2'  data-responsive-json-new='{\"font-size\":\"desktop:24px;\",\"line-height\":\"desktop:34px;\"}' ><h2 style=\"font-weight:bold;margin-bottom:25px;\">Wie funktioniert die maschinelle \u00dcbersetzung?<\/h2><\/div><\/div>[vc_column_text]Maschinelle \u00dcbersetzungssysteme lassen sich in verschiedene Arten von Technologien einteilen, wie z. B. regelbasierte maschinelle \u00dcbersetzung, statistische maschinelle \u00dcbersetzung und neuronale maschinelle \u00dcbersetzung.<\/p>\n<p>Regelbasierte Systeme werden durch Hardcoding der Sprach- und Grammatikregeln und W\u00f6rterb\u00fccher f\u00fcr die jeweiligen Sprachen entwickelt. Statistische Systeme nutzen gro\u00dfe zweisprachige Daten und lernen auf der Grundlage der Analyse durch Software, die mit speziellen statistischen Algorithmen entwickelt wurde, zu \u00fcbersetzen. Neuronale Systeme verwenden Deep-Learning-Techniken und -Algorithmen, um Maschinen darauf zu trainieren, wie sie durch ein &#8220;neuronales Netzwerk&#8221;, das frei nach dem menschlichen Gehirn modelliert ist, \u00fcbersetzen k\u00f6nnen, um Muster in einem Ausgangs- und Zielsprachenpaar zu erkennen.<\/p>\n<p>Neuronale maschinelle \u00dcbersetzung ist derzeit das State-of-the-Art-Paradigma, das in der Regel qualitativ hochwertigere Ausgaben und Vorteile gegen\u00fcber anderen Techniken liefert.[\/vc_column_text][\/vc_column_inner][vc_column_inner width=&#8221;1\/2&#8243;]<style type=\"text\/css\" data-type=\"the7_shortcodes-inline-css\">.shortcode-single-image-wrap.shortcode-single-image-312178613aa5e16014b2f77555b2a049.enable-bg-rollover .rollover i,\n.shortcode-single-image-wrap.shortcode-single-image-312178613aa5e16014b2f77555b2a049.enable-bg-rollover .rollover-video i {\n  background: ;\n  background: -webkit-linear-gradient();\n  background: linear-gradient();\n}\n.shortcode-single-image-wrap.shortcode-single-image-312178613aa5e16014b2f77555b2a049 .rollover-icon {\n  font-size: 32px;\n  color: #ffffff;\n  min-width: 44px;\n  min-height: 44px;\n  line-height: 44px;\n  border-radius: 100px;\n  border-style: solid;\n  border-width: 0px;\n}\n.dt-icon-bg-on.shortcode-single-image-wrap.shortcode-single-image-312178613aa5e16014b2f77555b2a049 .rollover-icon {\n  background: rgba(255,255,255,0.3);\n  box-shadow: none;\n}\n<\/style><div class=\"shortcode-single-image-wrap shortcode-single-image-312178613aa5e16014b2f77555b2a049 alignnone  enable-bg-rollover dt-icon-bg-off\" style=\"margin-top:0px; margin-bottom:0px; margin-left:0px; margin-right:0px; width:1000px;\"><div class=\"shortcode-single-image\"><div class=\"fancy-media-wrap  layzr-bg\" style=\"border-radius:10px;\"><img loading=\"lazy\" decoding=\"async\" class=\"preload-me lazy-load\" src=\"data:image\/svg+xml,%3Csvg%20xmlns%3D&#39;http%3A%2F%2Fwww.w3.org%2F2000%2Fsvg&#39;%20viewBox%3D&#39;0%200%201000%20700&#39;%2F%3E\" data-src=\"https:\/\/www.turkishtranslationoffice.com\/de\/wp-content\/uploads\/sites\/4\/2020\/08\/makine-cevirisi-nasil-yapilir-1000x700.jpg\" data-srcset=\"https:\/\/www.turkishtranslationoffice.com\/de\/wp-content\/uploads\/sites\/4\/2020\/08\/makine-cevirisi-nasil-yapilir-1000x700.jpg 1000w, https:\/\/www.turkishtranslationoffice.com\/de\/wp-content\/uploads\/sites\/4\/2020\/08\/makine-cevirisi-nasil-yapilir-1524x1067.jpg 1524w\" width=\"1000\" height=\"700\"  data-dt-location=\"https:\/\/www.turkishtranslationoffice.com\/de\/ki-basierte-maschinelle-uebersetzungen\/makine-cevirisi-nasil-yapilir\/\" style=\"border-radius:10px;\" alt=\"\" \/><\/div><\/div><\/div>[\/vc_column_inner][\/vc_row_inner][\/vc_column][\/vc_row][vc_row bg_type=&#8221;image&#8221; bg_override=&#8221;full&#8221; css=&#8221;.vc_custom_1596535087001{background-image: url(https:\/\/www.turkishtranslationoffice.com\/de\/wp-content\/uploads\/sites\/2\/2020\/08\/uyari.jpg?id=2304) !important;}&#8221;][vc_column]<div class=\"smile_icon_list_wrap ult_info_list_container ult-adjust-bottom-margin   vc_custom_1596535225225\"><ul class=\"smile_icon_list top circle with_bg\"><li class=\"icon_list_item\" style=\" font-size:96px;\"><div class=\"icon_list_icon\" data-animation=\"\" data-animation-delay=\"03\" style=\"font-size:32px;border-width:1px;border-style:none;background:#ffffff;color:#d44133;border-color:#333333;\"><i class=\"fas fa-coins\" ><\/i><\/div><div class=\"icon_description\" id=\"Info-list-wrap-8098\" style=\"font-size:32px;\"><h3 class=\"ult-responsive info-list-heading\"  data-ultimate-target='#Info-list-wrap-8098 h3'  data-responsive-json-new='{\"font-size\":\"desktop:16px;\",\"line-height\":\"desktop:24px;\"}'  style=\"font-weight:bold;color:#ffffff;\">Geringe Kosten<\/h3><div class=\"icon_description_text ult-responsive\"  data-ultimate-target='#Info-list-wrap-8098 .icon_description_text'  data-responsive-json-new='{\"font-size\":\"desktop:13px;\",\"line-height\":\"desktop:18px;\"}'  style=\"color:#ffffff;\"><\/div><\/div><div class=\"icon_list_connector\" data-animation=\"fadeInLeft\" data-animation-delay=\"03\" style=\"border: none !important;\"><\/div><\/li><li class=\"icon_list_item\" style=\" font-size:96px;\"><div class=\"icon_list_icon\" data-animation=\"\" data-animation-delay=\"03\" style=\"font-size:32px;border-width:1px;border-style:none;background:#ffffff;color:#d44133;border-color:#333333;\"><i class=\"fas fa-hands-helping\" ><\/i><\/div><div class=\"icon_description\" id=\"Info-list-wrap-6148\" style=\"font-size:32px;\"><h3 class=\"ult-responsive info-list-heading\"  data-ultimate-target='#Info-list-wrap-6148 h3'  data-responsive-json-new='{\"font-size\":\"desktop:16px;\",\"line-height\":\"desktop:24px;\"}'  style=\"font-weight:bold;color:#ffffff;\">Schnell &amp; zuverl\u00e4ssig<\/h3><div class=\"icon_description_text ult-responsive\"  data-ultimate-target='#Info-list-wrap-6148 .icon_description_text'  data-responsive-json-new='{\"font-size\":\"desktop:13px;\",\"line-height\":\"desktop:18px;\"}'  style=\"color:#ffffff;\"><\/div><\/div><div class=\"icon_list_connector\" data-animation=\"fadeInLeft\" data-animation-delay=\"03\" style=\"border: none !important;\"><\/div><\/li><li class=\"icon_list_item\" style=\" font-size:96px;\"><div class=\"icon_list_icon\" data-animation=\"\" data-animation-delay=\"03\" style=\"font-size:32px;border-width:1px;border-style:none;background:#ffffff;color:#d44133;border-color:#333333;\"><i class=\"fas fa-link\" ><\/i><\/div><div class=\"icon_description\" id=\"Info-list-wrap-4844\" style=\"font-size:32px;\"><h3 class=\"ult-responsive info-list-heading\"  data-ultimate-target='#Info-list-wrap-4844 h3'  data-responsive-json-new='{\"font-size\":\"desktop:16px;\",\"line-height\":\"desktop:24px;\"}'  style=\"font-weight:bold;color:#ffffff;\">Nachbearbeitung<\/h3><div class=\"icon_description_text ult-responsive\"  data-ultimate-target='#Info-list-wrap-4844 .icon_description_text'  data-responsive-json-new='{\"font-size\":\"desktop:13px;\",\"line-height\":\"desktop:18px;\"}'  style=\"color:#ffffff;\"><\/div><\/div><div class=\"icon_list_connector\" data-animation=\"fadeInLeft\" data-animation-delay=\"03\" style=\"border: none !important;\"><\/div><\/li><li class=\"icon_list_item\" style=\" font-size:96px;\"><div class=\"icon_list_icon\" data-animation=\"\" data-animation-delay=\"03\" style=\"font-size:32px;border-width:1px;border-style:none;background:#ffffff;color:#d44133;border-color:#333333;\"><i class=\"fas fa-vote-yea\" ><\/i><\/div><div class=\"icon_description\" id=\"Info-list-wrap-7054\" style=\"font-size:32px;\"><h3 class=\"ult-responsive info-list-heading\"  data-ultimate-target='#Info-list-wrap-7054 h3'  data-responsive-json-new='{\"font-size\":\"desktop:16px;\",\"line-height\":\"desktop:24px;\"}'  style=\"font-weight:bold;color:#ffffff;\">Hohe Qualit\u00e4t<\/h3><div class=\"icon_description_text ult-responsive\"  data-ultimate-target='#Info-list-wrap-7054 .icon_description_text'  data-responsive-json-new='{\"font-size\":\"desktop:13px;\",\"line-height\":\"desktop:18px;\"}'  style=\"color:#ffffff;\"><\/div><\/div><div class=\"icon_list_connector\" data-animation=\"fadeInLeft\" data-animation-delay=\"03\" style=\"border: none !important;\"><\/div><\/li><\/ul><\/div>[\/vc_column][\/vc_row][vc_row equal_height=&#8221;yes&#8221; content_placement=&#8221;top&#8221; bg_type=&#8221;image&#8221; parallax_style=&#8221;vcpb-default&#8221; bg_image_new=&#8221;id^2302|url^https:\/\/www.turkishtranslationoffice.com\/de\/wp-content\/uploads\/sites\/2\/2020\/08\/arka-plan-siyah-beyaz.png|caption^null|alt^null|title^arka-plan-siyah-beyaz|description^null&#8221; bg_override=&#8221;ex-full&#8221; type=&#8221;vc_default&#8221; margin_top=&#8221;5&#8243; margin_bottom=&#8221;10&#8243; css=&#8221;.vc_custom_1598701206909{padding-top: 30px !important;padding-bottom: 50px !important;}&#8221;][vc_column css=&#8221;.vc_custom_1491746299333{padding-bottom: 0px !important;}&#8221;][vc_row_inner equal_height=&#8221;yes&#8221; content_placement=&#8221;top&#8221;][vc_column_inner width=&#8221;1\/2&#8243;]<style type=\"text\/css\" data-type=\"the7_shortcodes-inline-css\">.shortcode-single-image-wrap.shortcode-single-image-4e075e3a5f1f0cd798aa04ffe063ee13.enable-bg-rollover .rollover i,\n.shortcode-single-image-wrap.shortcode-single-image-4e075e3a5f1f0cd798aa04ffe063ee13.enable-bg-rollover .rollover-video i {\n  background: ;\n  background: -webkit-linear-gradient();\n  background: linear-gradient();\n}\n.shortcode-single-image-wrap.shortcode-single-image-4e075e3a5f1f0cd798aa04ffe063ee13 .rollover-icon {\n  font-size: 32px;\n  color: #ffffff;\n  min-width: 44px;\n  min-height: 44px;\n  line-height: 44px;\n  border-radius: 100px;\n  border-style: solid;\n  border-width: 0px;\n}\n.dt-icon-bg-on.shortcode-single-image-wrap.shortcode-single-image-4e075e3a5f1f0cd798aa04ffe063ee13 .rollover-icon {\n  background: rgba(255,255,255,0.3);\n  box-shadow: none;\n}\n<\/style><div class=\"shortcode-single-image-wrap shortcode-single-image-4e075e3a5f1f0cd798aa04ffe063ee13 alignnone  enable-bg-rollover dt-icon-bg-off\" style=\"margin-top:0px; margin-bottom:0px; margin-left:0px; margin-right:0px; width:1000px;\"><div class=\"shortcode-single-image\"><div class=\"fancy-media-wrap  layzr-bg\" style=\"border-radius:10px;\"><img loading=\"lazy\" decoding=\"async\" class=\"preload-me lazy-load\" src=\"data:image\/svg+xml,%3Csvg%20xmlns%3D&#39;http%3A%2F%2Fwww.w3.org%2F2000%2Fsvg&#39;%20viewBox%3D&#39;0%200%201000%20700&#39;%2F%3E\" data-src=\"https:\/\/www.turkishtranslationoffice.com\/de\/wp-content\/uploads\/sites\/4\/2020\/08\/makine-cevrisinde-kalite-1000x700.jpg\" data-srcset=\"https:\/\/www.turkishtranslationoffice.com\/de\/wp-content\/uploads\/sites\/4\/2020\/08\/makine-cevrisinde-kalite-1000x700.jpg 1000w, https:\/\/www.turkishtranslationoffice.com\/de\/wp-content\/uploads\/sites\/4\/2020\/08\/makine-cevrisinde-kalite-1428x1000.jpg 1428w\" width=\"1000\" height=\"700\"  data-dt-location=\"https:\/\/www.turkishtranslationoffice.com\/de\/ki-basierte-maschinelle-uebersetzungen\/makine-cevrisinde-kalite\/\" style=\"border-radius:10px;\" alt=\"\" \/><\/div><\/div><\/div>[\/vc_column_inner][vc_column_inner width=&#8221;1\/2&#8243; css=&#8221;.vc_custom_1596550089277{padding-top: 20px !important;}&#8221;]<div id=\"ultimate-heading-679969d4b02584cde\" class=\"uvc-heading ult-adjust-bottom-margin ultimate-heading-679969d4b02584cde uvc-6751 \" data-hspacer=\"no_spacer\"  data-halign=\"left\" style=\"text-align:left\"><div class=\"uvc-heading-spacer no_spacer\" style=\"top\"><\/div><div class=\"uvc-main-heading ult-responsive\"  data-ultimate-target='.uvc-heading.ultimate-heading-679969d4b02584cde h2'  data-responsive-json-new='{\"font-size\":\"desktop:24px;\",\"line-height\":\"desktop:34px;\"}' ><h2 style=\"font-weight:bold;margin-bottom:25px;\">Was sind die Vorteile der maschinellen \u00dcbersetzung?<\/h2><\/div><\/div>[vc_column_text]<span style=\"font-weight: 400;\">Bei effizientem Einsatz lassen sich die Vorteile der maschinellen \u00dcbersetzung auf zwei Hauptfaktoren reduzieren: Sie ist in der Regel schneller und kosteng\u00fcnstiger als die menschliche \u00dcbersetzung.<\/span><\/p>\n<p>Maschinelle \u00dcbersetzung spart Ihnen Zeit: MT kann Ihnen helfen, die Durchlaufzeit Ihrer gro\u00dfen \u00dcbersetzungsprojekte zu verk\u00fcrzen, da maschinelle \u00dcbersetzungsmaschinen in der Lage sind, gro\u00dfe Textmengen in sehr kurzer Zeit zu \u00fcbersetzen.<\/p>\n<p>Maschinelle \u00dcbersetzung reduziert die \u00dcbersetzungskosten: MT ist kosteneffizient f\u00fcr gro\u00dfe \u00dcbersetzungsvolumina. Der Einsatz von ma\u00dfgeschneiderten maschinellen \u00dcbersetzungsmaschinen kann dazu beitragen, die \u00dcbersetzungskosten zu senken, da weniger Menschen beteiligt sind.<\/p>\n<p>Die maschinelle \u00dcbersetzung kann auch als Produktivit\u00e4tswerkzeug f\u00fcr menschliche \u00dcbersetzer eingesetzt werden. Bei der Einbindung in einen hybriden Arbeitsablauf, bei dem menschliche und maschinelle \u00dcbersetzung in Kombination verwendet werden, kann eine qualitativ hochwertige M\u00dc-Ausgabe dazu beitragen, die Gesamtproduktivit\u00e4t der menschlichen \u00dcbersetzer zu erh\u00f6hen.[\/vc_column_text][\/vc_column_inner][\/vc_row_inner][\/vc_column][\/vc_row][vc_row content_placement=&#8221;middle&#8221; bg_type=&#8221;grad&#8221; bg_override=&#8221;ex-full&#8221; bg_grad=&#8221;background: -webkit-gradient(linear, left top, left bottom, color-stop(0%, #365088), color-stop(100%, #EA524D));background: -moz-linear-gradient(135deg,#365088 0%,#EA524D 100%);background: -webkit-linear-gradient(135deg,#365088 0%,#EA524D 100%);background: -o-linear-gradient(135deg,#365088 0%,#EA524D 100%);background: -ms-linear-gradient(135deg,#365088 0%,#EA524D 100%);background: linear-gradient(135deg,#365088 0%,#EA524D 100%);&#8221;][vc_column width=&#8221;5\/6&#8243;][vc_column_text]<strong style=\"color: #ffffff; font-size: 24px;\">Sind Sie daran interessiert, Ihre \u00dcbersetzungskosten zu senken und gleichzeitig die Produktivit\u00e4t zu steigern? Kontaktieren Sie uns, um mehr \u00fcber unsere Dienstleistungen im Bereich maschinelle \u00dcbersetzung und Post-Editing zu erfahren.<\/strong>[\/vc_column_text][\/vc_column][vc_column width=&#8221;1\/6&#8243;][vc_btn title=&#8221;Angebot anfordern&#8221; color=&#8221;warning&#8221; size=&#8221;lg&#8221; align=&#8221;right&#8221; link=&#8221;url:%2Fde%2Fangebot-anfordern%2F&#8221;][\/vc_column][\/vc_row]<\/p>\n","protected":false},"excerpt":{"rendered":"<p>[vc_row equal_height=&#8221;yes&#8221; content_placement=&#8221;top&#8221; bg_type=&#8221;image&#8221; parallax_style=&#8221;vcpb-default&#8221; bg_image_new=&#8221;id^3970|url^https:\/\/www.turkishtranslationoffice.com\/de\/wp-content\/uploads\/sites\/2\/2020\/08\/yapay-zeka-ile-makine-cevrisi.jpg|caption^null|alt^null|title^yapay-zeka-ile-makine-cevrisi|description^null&#8221; bg_override=&#8221;ex-full&#8221; type=&#8221;vc_default&#8221; margin_top=&#8221;5&#8243; margin_bottom=&#8221;10&#8243; css=&#8221;.vc_custom_1629994357966{padding-top: 2% !important;padding-bottom: 2% !important;}&#8221;][vc_column width=&#8221;1\/2&#8243;][vc_column_text] M\u00f6chten Sie Ihre Durchlaufzeiten f\u00fcr gro\u00dfe \u00dcbersetzungsprojekte reduzieren und gleichzeitig Ihre Kosten senken? Die auf k\u00fcnstlicher Intelligenz basierende maschinelle \u00dcbersetzung bietet Ihnen die gew\u00fcnschten Geschwindigkeits- und Kostenvorteile. Nutzen Sie jetzt unsere maschinellen \u00dcbersetzungs- und Nachbearbeitungsdienste, um schnell und kosteng\u00fcnstig&hellip;<\/p>\n","protected":false},"author":1,"featured_media":0,"parent":0,"menu_order":10,"comment_status":"closed","ping_status":"closed","template":"","meta":{"footnotes":""},"aioseo_notices":[],"_links":{"self":[{"href":"https:\/\/www.turkishtranslationoffice.com\/de\/wp-json\/wp\/v2\/pages\/2433"}],"collection":[{"href":"https:\/\/www.turkishtranslationoffice.com\/de\/wp-json\/wp\/v2\/pages"}],"about":[{"href":"https:\/\/www.turkishtranslationoffice.com\/de\/wp-json\/wp\/v2\/types\/page"}],"author":[{"embeddable":true,"href":"https:\/\/www.turkishtranslationoffice.com\/de\/wp-json\/wp\/v2\/users\/1"}],"replies":[{"embeddable":true,"href":"https:\/\/www.turkishtranslationoffice.com\/de\/wp-json\/wp\/v2\/comments?post=2433"}],"version-history":[{"count":18,"href":"https:\/\/www.turkishtranslationoffice.com\/de\/wp-json\/wp\/v2\/pages\/2433\/revisions"}],"predecessor-version":[{"id":6910,"href":"https:\/\/www.turkishtranslationoffice.com\/de\/wp-json\/wp\/v2\/pages\/2433\/revisions\/6910"}],"wp:attachment":[{"href":"https:\/\/www.turkishtranslationoffice.com\/de\/wp-json\/wp\/v2\/media?parent=2433"}],"curies":[{"name":"wp","href":"https:\/\/api.w.org\/{rel}","templated":true}]}}