{"id":2460,"date":"2020-08-06T11:51:26","date_gmt":"2020-08-06T08:51:26","guid":{"rendered":"https:\/\/www.turkishtranslationoffice.com\/tr\/yapay-zeka-ile-makine-cevirisi-copy\/"},"modified":"2022-02-08T12:59:37","modified_gmt":"2022-02-08T09:59:37","slug":"kundenportal","status":"publish","type":"page","link":"https:\/\/www.turkishtranslationoffice.com\/de\/kundenportal\/","title":{"rendered":"Kundenportal"},"content":{"rendered":"<p>[vc_row equal_height=&#8221;yes&#8221; content_placement=&#8221;top&#8221; bg_type=&#8221;image&#8221; parallax_style=&#8221;vcpb-default&#8221; bg_image_new=&#8221;id^4000|url^https:\/\/www.turkishtranslationoffice.com\/de\/wp-content\/uploads\/sites\/2\/2020\/08\/musteri-portali.jpg|caption^null|alt^null|title^musteri-portali|description^null&#8221; bg_override=&#8221;ex-full&#8221; type=&#8221;vc_default&#8221; margin_top=&#8221;5&#8243; margin_bottom=&#8221;10&#8243; css=&#8221;.vc_custom_1629994440682{padding-top: 2% !important;padding-bottom: 2% !important;}&#8221;][vc_column width=&#8221;1\/2&#8243;]<div id=\"ultimate-heading-873869d4b039307aa\" class=\"uvc-heading ult-adjust-bottom-margin ultimate-heading-873869d4b039307aa uvc-3026 \" data-hspacer=\"no_spacer\"  data-halign=\"left\" style=\"text-align:left\"><div class=\"uvc-heading-spacer no_spacer\" style=\"top\"><\/div><div class=\"uvc-main-heading ult-responsive\"  data-ultimate-target='.uvc-heading.ultimate-heading-873869d4b039307aa h1'  data-responsive-json-new='{\"font-size\":\"desktop:28px;\",\"line-height\":\"desktop:34px;\"}' ><h1 style=\"font-weight:bold;margin-bottom:25px;\">Kundenportal<\/h1><\/div><\/div>[vc_column_text]<\/p>\n<p style=\"text-align: left;\"><span style=\"font-weight: 400; font-size: 18px;\">Greifen Sie auf Ihre \u00dcbersetzungsprojekte zu und verfolgen Sie sie rund um die Uhr online!<\/span><\/p>\n<p><span style=\"font-weight: 400; font-size: 18px;\">Unser Kundenportal bietet Ihnen den Vorteil, dass Sie Ihre Angebote und Anfragen auf einer sicheren und online Plattform verwalten k\u00f6nnen. So k\u00f6nnen Sie den Schutz Ihrer Daten und die Transparenz Ihrer Einkaufsprozesse f\u00fcr \u00dcbersetzungsdienstleistungen sicherstellen.<\/span><\/p>\n<p style=\"text-align: left;\"><span style=\"font-weight: 400; font-size: 18px;\">Kontaktieren Sie uns jetzt, um mehr \u00fcber unser Kundenportal zu erfahren.<\/span><\/p>\n<p>[\/vc_column_text][vc_row_inner equal_height=&#8221;yes&#8221; content_placement=&#8221;top&#8221;][vc_column_inner css=&#8221;.vc_custom_1644314370770{padding-bottom: 32px !important;}&#8221;]<style type=\"text\/css\" data-type=\"the7_shortcodes-inline-css\">#default-btn-d23442f4bd6f85aedfbb45f78bc9150a.ico-right-side > i {\n  margin-right: 0px;\n  margin-left: 8px;\n}\n#default-btn-d23442f4bd6f85aedfbb45f78bc9150a > i {\n  margin-right: 8px;\n}\n#default-btn-d23442f4bd6f85aedfbb45f78bc9150a * {\n  vertical-align: middle;\n}\n<\/style><a href=\"\/de\/angebot-anfordern\/\" class=\"default-btn-shortcode dt-btn dt-btn-l link-hover-off button-tto-grey btn-inline-left  vc_custom_1627290436552\" id=\"default-btn-d23442f4bd6f85aedfbb45f78bc9150a\" style=\"width:286px;\"><span>Kostenloses Angebot einholen<\/span><\/a><style type=\"text\/css\" data-type=\"the7_shortcodes-inline-css\">#default-btn-7559bb9c0cc28ac1ae8ad59448241479.ico-right-side > i {\n  margin-right: 0px;\n  margin-left: 8px;\n}\n#default-btn-7559bb9c0cc28ac1ae8ad59448241479 > i {\n  margin-right: 8px;\n}\n#default-btn-7559bb9c0cc28ac1ae8ad59448241479 * {\n  vertical-align: middle;\n}\n<\/style><a href=\"\/de\/kontaktieren-sie-uns\/\" class=\"default-btn-shortcode dt-btn dt-btn-l link-hover-off button-tto-red btn-inline-left  vc_custom_1627290459417\" id=\"default-btn-7559bb9c0cc28ac1ae8ad59448241479\" style=\"width:286px;\"><span>Kontakt<\/span><\/a>[\/vc_column_inner][\/vc_row_inner][\/vc_column][vc_column width=&#8221;1\/2&#8243;][\/vc_column][\/vc_row][vc_row equal_height=&#8221;yes&#8221; content_placement=&#8221;top&#8221; bg_type=&#8221;image&#8221; parallax_style=&#8221;vcpb-hz-jquery&#8221; bg_image_new=&#8221;id^1611|url^https:\/\/www.turkishtranslationoffice.com\/de\/wp-content\/uploads\/sites\/2\/2016\/02\/bg-mem.png|caption^null|alt^null|title^bg-mem|description^null&#8221; bg_override=&#8221;ex-full&#8221; type=&#8221;vc_default&#8221; margin_top=&#8221;5&#8243; margin_bottom=&#8221;10&#8243; css=&#8221;.vc_custom_1598704591602{padding-top: 30px !important;padding-bottom: 50px !important;background-color: #f4f4f4 !important;}&#8221;][vc_column css=&#8221;.vc_custom_1491746299333{padding-bottom: 0px !important;}&#8221;][vc_row_inner equal_height=&#8221;yes&#8221; content_placement=&#8221;top&#8221;][vc_column_inner width=&#8221;1\/2&#8243;]<style type=\"text\/css\" data-type=\"the7_shortcodes-inline-css\">.shortcode-single-image-wrap.shortcode-single-image-8268ca8265b7dfe7b39c1d70e46e532a.enable-bg-rollover .rollover i,\n.shortcode-single-image-wrap.shortcode-single-image-8268ca8265b7dfe7b39c1d70e46e532a.enable-bg-rollover .rollover-video i {\n  background: ;\n  background: -webkit-linear-gradient();\n  background: linear-gradient();\n}\n.shortcode-single-image-wrap.shortcode-single-image-8268ca8265b7dfe7b39c1d70e46e532a .rollover-icon {\n  font-size: 32px;\n  color: #ffffff;\n  min-width: 44px;\n  min-height: 44px;\n  line-height: 44px;\n  border-radius: 100px;\n  border-style: solid;\n  border-width: 0px;\n}\n.dt-icon-bg-on.shortcode-single-image-wrap.shortcode-single-image-8268ca8265b7dfe7b39c1d70e46e532a .rollover-icon {\n  background: rgba(255,255,255,0.3);\n  box-shadow: none;\n}\n<\/style><div class=\"shortcode-single-image-wrap shortcode-single-image-8268ca8265b7dfe7b39c1d70e46e532a alignnone  enable-bg-rollover dt-icon-bg-off\" style=\"margin-top:0px; margin-bottom:0px; margin-left:0px; margin-right:0px; width:1000px;\"><div class=\"shortcode-single-image\"><div class=\"fancy-media-wrap  layzr-bg\" style=\"\"><img loading=\"lazy\" decoding=\"async\" class=\"preload-me lazy-load\" src=\"data:image\/svg+xml,%3Csvg%20xmlns%3D&#39;http%3A%2F%2Fwww.w3.org%2F2000%2Fsvg&#39;%20viewBox%3D&#39;0%200%201000%20793&#39;%2F%3E\" data-src=\"https:\/\/www.turkishtranslationoffice.com\/de\/wp-content\/uploads\/sites\/4\/2020\/10\/musteriportali-tto.png\" data-srcset=\"https:\/\/www.turkishtranslationoffice.com\/de\/wp-content\/uploads\/sites\/4\/2020\/10\/musteriportali-tto.png 1000w\" width=\"1000\" height=\"793\"  data-dt-location=\"https:\/\/www.turkishtranslationoffice.com\/de\/kundenportal\/musteriportali-tto\/\" style=\"\" alt=\"\" \/><\/div><\/div><\/div>[\/vc_column_inner][vc_column_inner width=&#8221;1\/2&#8243; css=&#8221;.vc_custom_1596550089277{padding-top: 20px !important;}&#8221;]<div id=\"ultimate-heading-213469d4b03931135\" class=\"uvc-heading ult-adjust-bottom-margin ultimate-heading-213469d4b03931135 uvc-3171 \" data-hspacer=\"no_spacer\"  data-halign=\"left\" style=\"text-align:left\"><div class=\"uvc-heading-spacer no_spacer\" style=\"top\"><\/div><div class=\"uvc-main-heading ult-responsive\"  data-ultimate-target='.uvc-heading.ultimate-heading-213469d4b03931135 h2'  data-responsive-json-new='{\"font-size\":\"desktop:24px;\",\"line-height\":\"desktop:34px;\"}' ><h2 style=\"font-weight:bold;margin-bottom:25px;\">Hochwertige \u00dcbersetzungsdienstleistungen<\/h2><\/div><\/div>[vc_column_text]TTO ist ein renommierter \u00dcbersetzungsdienstleister, der seinen Kunden erstklassige \u00dcbersetzungsdienstleistungen bietet. Unser ganzheitlicher Qualit\u00e4tsansatz verlangt von uns, dass wir akkurate \u00dcbersetzungen und gleichzeitig die beste Serviceerfahrung liefern. Wir sind darauf fokussiert, auf jeder Ebene der Zusammenarbeit mit unseren Kunden nachhaltige Qualit\u00e4t sicherzustellen. Deshalb ist es uns wichtig, nicht nur fehlerfreie \u00dcbersetzungen zu liefern, sondern auch von den neuesten Technologien zu profitieren, die unsere Zusammenarbeit mit den Kunden vereinfachen und verbessern. Das Kundenportal ist eines dieser Tools, das wir unseren Kunden kostenlos zur Verf\u00fcgung stellen.[\/vc_column_text][\/vc_column_inner][\/vc_row_inner][\/vc_column][\/vc_row][vc_row equal_height=&#8221;yes&#8221; content_placement=&#8221;top&#8221; type=&#8221;vc_default&#8221; margin_top=&#8221;5&#8243; margin_bottom=&#8221;10&#8243; css=&#8221;.vc_custom_1598703446759{padding-top: 30px !important;padding-bottom: 50px !important;}&#8221;][vc_column][vc_row_inner equal_height=&#8221;yes&#8221; content_placement=&#8221;top&#8221;][vc_column_inner width=&#8221;1\/2&#8243; css=&#8221;.vc_custom_1596550716406{padding-top: 10px !important;}&#8221;]<div id=\"ultimate-heading-338169d4b0393115f\" class=\"uvc-heading ult-adjust-bottom-margin ultimate-heading-338169d4b0393115f uvc-4314 \" data-hspacer=\"no_spacer\"  data-halign=\"left\" style=\"text-align:left\"><div class=\"uvc-heading-spacer no_spacer\" style=\"top\"><\/div><div class=\"uvc-main-heading ult-responsive\"  data-ultimate-target='.uvc-heading.ultimate-heading-338169d4b0393115f h2'  data-responsive-json-new='{\"font-size\":\"desktop:24px;\",\"line-height\":\"desktop:34px;\"}' ><h2 style=\"font-weight:bold;margin-bottom:25px;\">Was ist ein Kundenportal?<\/h2><\/div><\/div>[vc_column_text]Unser Kundenportal ist ein Online-Tool, das entwickelt wurde, um die Projektverfolgung und das Auftragsmanagement unserer Kunden zu rationalisieren, wenn sie \u00dcbersetzungsdienstleistungen von unserer Firma kaufen. Es arbeitet integriert mit unserem \u00dcbersetzungsprojektmanagementsystem und bietet eine sichere und transparente Umgebung f\u00fcr die Zusammenarbeit. Das Kundenportal hilft unseren Kunden, ihre Effizienz zu steigern, indem sie ihre t\u00e4gliche Arbeit so weit wie m\u00f6glich automatisieren und manuelle T\u00e4tigkeiten auf ein Minimum reduzieren.<\/p>\n<p>Kunden k\u00f6nnen von jedem Ger\u00e4t mit einer Internetverbindung \u00fcber das Passwort und den Benutzernamen, die wir f\u00fcr sie erstellt haben, auf das Portal zugreifen, sobald ihr Profil in unserem System eingerichtet ist.[\/vc_column_text][\/vc_column_inner][vc_column_inner width=&#8221;1\/2&#8243;]<style type=\"text\/css\" data-type=\"the7_shortcodes-inline-css\">.shortcode-single-image-wrap.shortcode-single-image-3caa4ea8f13138e789034d53be69e2d1.enable-bg-rollover .rollover i,\n.shortcode-single-image-wrap.shortcode-single-image-3caa4ea8f13138e789034d53be69e2d1.enable-bg-rollover .rollover-video i {\n  background: ;\n  background: -webkit-linear-gradient();\n  background: linear-gradient();\n}\n.shortcode-single-image-wrap.shortcode-single-image-3caa4ea8f13138e789034d53be69e2d1 .rollover-icon {\n  font-size: 32px;\n  color: #ffffff;\n  min-width: 44px;\n  min-height: 44px;\n  line-height: 44px;\n  border-radius: 100px;\n  border-style: solid;\n  border-width: 0px;\n}\n.dt-icon-bg-on.shortcode-single-image-wrap.shortcode-single-image-3caa4ea8f13138e789034d53be69e2d1 .rollover-icon {\n  background: rgba(255,255,255,0.3);\n  box-shadow: none;\n}\n<\/style><div class=\"shortcode-single-image-wrap shortcode-single-image-3caa4ea8f13138e789034d53be69e2d1 alignnone  enable-bg-rollover dt-icon-bg-off\" style=\"margin-top:0px; margin-bottom:0px; margin-left:0px; margin-right:0px; width:1000px;\"><div class=\"shortcode-single-image\"><div class=\"fancy-media-wrap  layzr-bg\" style=\"\"><img loading=\"lazy\" decoding=\"async\" class=\"preload-me lazy-load\" src=\"data:image\/svg+xml,%3Csvg%20xmlns%3D&#39;http%3A%2F%2Fwww.w3.org%2F2000%2Fsvg&#39;%20viewBox%3D&#39;0%200%201000%20793&#39;%2F%3E\" data-src=\"https:\/\/www.turkishtranslationoffice.com\/de\/wp-content\/uploads\/sites\/4\/2020\/10\/musteriportalinedir-1.png\" data-srcset=\"https:\/\/www.turkishtranslationoffice.com\/de\/wp-content\/uploads\/sites\/4\/2020\/10\/musteriportalinedir-1.png 1000w\" width=\"1000\" height=\"793\"  data-dt-location=\"https:\/\/www.turkishtranslationoffice.com\/de\/kundenportal\/musteriportalinedir\/\" style=\"\" alt=\"\" \/><\/div><\/div><\/div>[\/vc_column_inner][\/vc_row_inner][\/vc_column][\/vc_row][vc_row equal_height=&#8221;yes&#8221; content_placement=&#8221;top&#8221; bg_type=&#8221;image&#8221; parallax_style=&#8221;vcpb-default&#8221; bg_image_new=&#8221;id^2302|url^https:\/\/www.turkishtranslationoffice.com\/de\/wp-content\/uploads\/sites\/2\/2020\/08\/arka-plan-siyah-beyaz.png|caption^null|alt^null|title^arka-plan-siyah-beyaz|description^null&#8221; bg_override=&#8221;ex-full&#8221; type=&#8221;vc_default&#8221; margin_top=&#8221;5&#8243; margin_bottom=&#8221;10&#8243; css=&#8221;.vc_custom_1598705305898{padding-top: 30px !important;padding-bottom: 50px !important;}&#8221;][vc_column css=&#8221;.vc_custom_1491746299333{padding-bottom: 0px !important;}&#8221;][vc_row_inner equal_height=&#8221;yes&#8221; content_placement=&#8221;top&#8221;][vc_column_inner width=&#8221;1\/2&#8243;]<style type=\"text\/css\" data-type=\"the7_shortcodes-inline-css\">.shortcode-single-image-wrap.shortcode-single-image-e8eb0ea116f0483ff843fd60482a812a.enable-bg-rollover .rollover i,\n.shortcode-single-image-wrap.shortcode-single-image-e8eb0ea116f0483ff843fd60482a812a.enable-bg-rollover .rollover-video i {\n  background: ;\n  background: -webkit-linear-gradient();\n  background: linear-gradient();\n}\n.shortcode-single-image-wrap.shortcode-single-image-e8eb0ea116f0483ff843fd60482a812a .rollover-icon {\n  font-size: 32px;\n  color: #ffffff;\n  min-width: 44px;\n  min-height: 44px;\n  line-height: 44px;\n  border-radius: 100px;\n  border-style: solid;\n  border-width: 0px;\n}\n.dt-icon-bg-on.shortcode-single-image-wrap.shortcode-single-image-e8eb0ea116f0483ff843fd60482a812a .rollover-icon {\n  background: rgba(255,255,255,0.3);\n  box-shadow: none;\n}\n<\/style><div class=\"shortcode-single-image-wrap shortcode-single-image-e8eb0ea116f0483ff843fd60482a812a alignnone  enable-bg-rollover dt-icon-bg-off\" style=\"margin-top:0px; margin-bottom:0px; margin-left:0px; margin-right:0px; width:1092px;\"><div class=\"shortcode-single-image\"><div class=\"fancy-media-wrap  layzr-bg\" style=\"\"><img loading=\"lazy\" decoding=\"async\" class=\"preload-me lazy-load\" src=\"data:image\/svg+xml,%3Csvg%20xmlns%3D&#39;http%3A%2F%2Fwww.w3.org%2F2000%2Fsvg&#39;%20viewBox%3D&#39;0%200%201092%20705&#39;%2F%3E\" data-src=\"https:\/\/www.turkishtranslationoffice.com\/de\/wp-content\/uploads\/sites\/4\/2020\/10\/musteriportali-kolayproje-1.png\" data-srcset=\"https:\/\/www.turkishtranslationoffice.com\/de\/wp-content\/uploads\/sites\/4\/2020\/10\/musteriportali-kolayproje-1.png 1092w\" width=\"1092\" height=\"705\"  data-dt-location=\"https:\/\/www.turkishtranslationoffice.com\/de\/kundenportal\/musteriportali-kolayproje\/\" style=\"\" alt=\"\" \/><\/div><\/div><\/div>[\/vc_column_inner][vc_column_inner width=&#8221;1\/2&#8243; css=&#8221;.vc_custom_1596550089277{padding-top: 20px !important;}&#8221;]<div id=\"ultimate-heading-654669d4b0393174e\" class=\"uvc-heading ult-adjust-bottom-margin ultimate-heading-654669d4b0393174e uvc-3366 \" data-hspacer=\"no_spacer\"  data-halign=\"left\" style=\"text-align:left\"><div class=\"uvc-heading-spacer no_spacer\" style=\"top\"><\/div><div class=\"uvc-main-heading ult-responsive\"  data-ultimate-target='.uvc-heading.ultimate-heading-654669d4b0393174e h2'  data-responsive-json-new='{\"font-size\":\"desktop:24px;\",\"line-height\":\"desktop:34px;\"}' ><h2 style=\"font-weight:bold;margin-bottom:25px;\">Wie k\u00f6nnen Sie vom Kundenportal profitieren?<\/h2><\/div><\/div>[vc_column_text]\u00dcber unser Kundenportal k\u00f6nnen Sie:[\/vc_column_text]<div class=\"standard-arrow bullet-top\"><ul>\n<li>Angebote f\u00fcr verschiedene Sprachpaare anfordern und annehmen<\/li>\n<li>neue Projekte starten, indem Sie Ihre Quelldokumente und Referenzdateien hinzuf\u00fcgen<\/li>\n<li>den Status laufender Projekte verfolgen<\/li>\n<li>Zugriff und Download von Dateien aus laufenden und abgeschlossenen Projekten<\/li>\n<li>Kontakt zu Ihrem Projektmanager aufnehmen<\/li>\n<li><span style=\"font-weight: 400;\">den Status Ihrer Rechnungen und Zahlungen \u00fcberpr\u00fcfen<\/span><\/li>\n<li>Berichte zur Auswertung der Einkaufs-KPIs Ihres Unternehmens erstellen<\/li>\n<\/ul>\n<\/div>[\/vc_column_inner][\/vc_row_inner][\/vc_column][\/vc_row][vc_row content_placement=&#8221;middle&#8221; bg_type=&#8221;grad&#8221; bg_override=&#8221;ex-full&#8221; bg_grad=&#8221;background: -webkit-gradient(linear, left top, left bottom, color-stop(0%, #365088), color-stop(100%, #EA524D));background: -moz-linear-gradient(135deg,#365088 0%,#EA524D 100%);background: -webkit-linear-gradient(135deg,#365088 0%,#EA524D 100%);background: -o-linear-gradient(135deg,#365088 0%,#EA524D 100%);background: -ms-linear-gradient(135deg,#365088 0%,#EA524D 100%);background: linear-gradient(135deg,#365088 0%,#EA524D 100%);&#8221;][vc_column width=&#8221;5\/6&#8243;][vc_column_text]<strong style=\"color: #ffffff; font-size: 24px;\">Setzen Sie sich jetzt mit unserem Team in Verbindung, um von unseren hochwertigen \u00dcbersetzungsdienstleistungen zu profitieren!<\/strong>[\/vc_column_text][\/vc_column][vc_column width=&#8221;1\/6&#8243;][vc_btn title=&#8221;Kontakt&#8221; color=&#8221;warning&#8221; size=&#8221;lg&#8221; align=&#8221;right&#8221; link=&#8221;url:%2Fde%2Fkontaktieren-sie-uns%2F&#8221;][\/vc_column][\/vc_row]<\/p>\n","protected":false},"excerpt":{"rendered":"<p>[vc_row equal_height=&#8221;yes&#8221; content_placement=&#8221;top&#8221; bg_type=&#8221;image&#8221; parallax_style=&#8221;vcpb-default&#8221; bg_image_new=&#8221;id^4000|url^https:\/\/www.turkishtranslationoffice.com\/de\/wp-content\/uploads\/sites\/2\/2020\/08\/musteri-portali.jpg|caption^null|alt^null|title^musteri-portali|description^null&#8221; bg_override=&#8221;ex-full&#8221; type=&#8221;vc_default&#8221; margin_top=&#8221;5&#8243; margin_bottom=&#8221;10&#8243; css=&#8221;.vc_custom_1629994440682{padding-top: 2% !important;padding-bottom: 2% !important;}&#8221;][vc_column width=&#8221;1\/2&#8243;][vc_column_text] Greifen Sie auf Ihre \u00dcbersetzungsprojekte zu und verfolgen Sie sie rund um die Uhr online! Unser Kundenportal bietet Ihnen den Vorteil, dass Sie Ihre Angebote und Anfragen auf einer sicheren und online Plattform verwalten k\u00f6nnen. So k\u00f6nnen Sie den&hellip;<\/p>\n","protected":false},"author":1,"featured_media":0,"parent":0,"menu_order":10,"comment_status":"closed","ping_status":"closed","template":"","meta":{"footnotes":""},"aioseo_notices":[],"_links":{"self":[{"href":"https:\/\/www.turkishtranslationoffice.com\/de\/wp-json\/wp\/v2\/pages\/2460"}],"collection":[{"href":"https:\/\/www.turkishtranslationoffice.com\/de\/wp-json\/wp\/v2\/pages"}],"about":[{"href":"https:\/\/www.turkishtranslationoffice.com\/de\/wp-json\/wp\/v2\/types\/page"}],"author":[{"embeddable":true,"href":"https:\/\/www.turkishtranslationoffice.com\/de\/wp-json\/wp\/v2\/users\/1"}],"replies":[{"embeddable":true,"href":"https:\/\/www.turkishtranslationoffice.com\/de\/wp-json\/wp\/v2\/comments?post=2460"}],"version-history":[{"count":10,"href":"https:\/\/www.turkishtranslationoffice.com\/de\/wp-json\/wp\/v2\/pages\/2460\/revisions"}],"predecessor-version":[{"id":6897,"href":"https:\/\/www.turkishtranslationoffice.com\/de\/wp-json\/wp\/v2\/pages\/2460\/revisions\/6897"}],"wp:attachment":[{"href":"https:\/\/www.turkishtranslationoffice.com\/de\/wp-json\/wp\/v2\/media?parent=2460"}],"curies":[{"name":"wp","href":"https:\/\/api.w.org\/{rel}","templated":true}]}}