{"id":2560,"date":"2020-08-07T17:08:19","date_gmt":"2020-08-07T14:08:19","guid":{"rendered":"https:\/\/www.turkishtranslationoffice.com\/tr\/ticari-tercume-copy\/"},"modified":"2022-02-08T12:41:00","modified_gmt":"2022-02-08T09:41:00","slug":"vereidigte-uebersetzungen","status":"publish","type":"page","link":"https:\/\/www.turkishtranslationoffice.com\/de\/vereidigte-uebersetzungen\/","title":{"rendered":"Beglaubigte \u00dcbersetzungen"},"content":{"rendered":"<p>[vc_row equal_height=&#8221;yes&#8221; content_placement=&#8221;top&#8221; bg_type=&#8221;image&#8221; parallax_style=&#8221;vcpb-default&#8221; bg_image_new=&#8221;id^3229|url^https:\/\/www.turkishtranslationoffice.com\/de\/wp-content\/uploads\/sites\/2\/2020\/08\/yeminli-tercume.jpg|caption^null|alt^null|title^yeminli-tercume|description^null&#8221; bg_override=&#8221;ex-full&#8221; type=&#8221;vc_default&#8221; margin_top=&#8221;5&#8243; margin_bottom=&#8221;10&#8243; css=&#8221;.vc_custom_1629992632612{padding-top: 2% !important;padding-bottom: 2% !important;}&#8221;][vc_column width=&#8221;1\/2&#8243;]<div id=\"ultimate-heading-30369d4b0474ca9c\" class=\"uvc-heading ult-adjust-bottom-margin ultimate-heading-30369d4b0474ca9c uvc-4857 \" data-hspacer=\"no_spacer\"  data-halign=\"left\" style=\"text-align:left\"><div class=\"uvc-heading-spacer no_spacer\" style=\"top\"><\/div><div class=\"uvc-main-heading ult-responsive\"  data-ultimate-target='.uvc-heading.ultimate-heading-30369d4b0474ca9c h1'  data-responsive-json-new='{\"font-size\":\"desktop:28px;\",\"line-height\":\"desktop:34px;\"}' ><h1 style=\"font-weight:bold;margin-bottom:25px;\">Beglaubigte \u00dcbersetzungsdienstleistungen<\/h1><\/div><\/div>[vc_column_text]<\/p>\n<p style=\"text-align: left;\"><span style=\"font-weight: 400; font-size: 18px;\">Ben\u00f6tigen Sie eine beglaubigte \u00dcbersetzung Ihrer Dokumente? Wir unterst\u00fctzen Sie gerne mit unserem Team aus vereidigten Fach\u00fcbersetzern mit Erfahrung in verschiedenen Branchen.<\/span><\/p>\n<p><span style=\"font-weight: 400; font-size: 18px;\">Nutzen Sie unsere beeidigten \u00dcbersetzungsdienste f\u00fcr die von Ihnen ben\u00f6tigten Sprachpaare und erhalten Sie fehlerfreie \u00dcbersetzungen zu g\u00fcnstigen Preisen.<\/span>[\/vc_column_text][vc_row_inner equal_height=&#8221;yes&#8221; content_placement=&#8221;top&#8221;][vc_column_inner css=&#8221;.vc_custom_1644313253927{padding-top: 20px !important;padding-bottom: 32px !important;}&#8221;]<style type=\"text\/css\" data-type=\"the7_shortcodes-inline-css\">#default-btn-28c83efae885eaf1113d55a1d9aa8601.ico-right-side > i {\n  margin-right: 0px;\n  margin-left: 8px;\n}\n#default-btn-28c83efae885eaf1113d55a1d9aa8601 > i {\n  margin-right: 8px;\n}\n#default-btn-28c83efae885eaf1113d55a1d9aa8601 * {\n  vertical-align: middle;\n}\n<\/style><a href=\"\/de\/angebot-anfordern\/\" class=\"default-btn-shortcode dt-btn dt-btn-l link-hover-off button-tto-grey btn-inline-left  vc_custom_1627293083156\" id=\"default-btn-28c83efae885eaf1113d55a1d9aa8601\" style=\"width:286px;\"><span>Kostenloses Angebot einholen<\/span><\/a><style type=\"text\/css\" data-type=\"the7_shortcodes-inline-css\">#default-btn-0c9c46a67697f4f37b5028f78d33b29e.ico-right-side > i {\n  margin-right: 0px;\n  margin-left: 8px;\n}\n#default-btn-0c9c46a67697f4f37b5028f78d33b29e > i {\n  margin-right: 8px;\n}\n#default-btn-0c9c46a67697f4f37b5028f78d33b29e * {\n  vertical-align: middle;\n}\n<\/style><a href=\"\/de\/kontaktieren-sie-uns\/\" class=\"default-btn-shortcode dt-btn dt-btn-l link-hover-off button-tto-red btn-inline-left  vc_custom_1627293093794\" id=\"default-btn-0c9c46a67697f4f37b5028f78d33b29e\" style=\"width:286px;\"><span>Kontakt<\/span><\/a>[\/vc_column_inner][\/vc_row_inner][\/vc_column][vc_column width=&#8221;1\/2&#8243;][\/vc_column][\/vc_row][vc_row equal_height=&#8221;yes&#8221; content_placement=&#8221;top&#8221; bg_type=&#8221;bg_color&#8221; bg_override=&#8221;ex-full&#8221; type=&#8221;vc_default&#8221; margin_top=&#8221;5&#8243; margin_bottom=&#8221;10&#8243; css=&#8221;.vc_custom_1596636425678{padding-top: 30px !important;padding-bottom: 50px !important;}&#8221; bg_color_value=&#8221;#f4f4f4&#8243;][vc_column css=&#8221;.vc_custom_1491746299333{padding-bottom: 0px !important;}&#8221;][vc_row_inner equal_height=&#8221;yes&#8221; content_placement=&#8221;top&#8221;][vc_column_inner width=&#8221;1\/2&#8243;]<style type=\"text\/css\" data-type=\"the7_shortcodes-inline-css\">.shortcode-single-image-wrap.shortcode-single-image-6506ebb4b733b061a0dedc50fc1bc938.enable-bg-rollover .rollover i,\n.shortcode-single-image-wrap.shortcode-single-image-6506ebb4b733b061a0dedc50fc1bc938.enable-bg-rollover .rollover-video i {\n  background: ;\n  background: -webkit-linear-gradient();\n  background: linear-gradient();\n}\n.shortcode-single-image-wrap.shortcode-single-image-6506ebb4b733b061a0dedc50fc1bc938 .rollover-icon {\n  font-size: 32px;\n  color: #ffffff;\n  min-width: 44px;\n  min-height: 44px;\n  line-height: 44px;\n  border-radius: 100px;\n  border-style: solid;\n  border-width: 0px;\n}\n.dt-icon-bg-on.shortcode-single-image-wrap.shortcode-single-image-6506ebb4b733b061a0dedc50fc1bc938 .rollover-icon {\n  background: rgba(255,255,255,0.3);\n  box-shadow: none;\n}\n<\/style><div class=\"shortcode-single-image-wrap shortcode-single-image-6506ebb4b733b061a0dedc50fc1bc938 alignnone  enable-bg-rollover dt-icon-bg-off\" style=\"margin-top:0px; margin-bottom:0px; margin-left:0px; margin-right:0px; width:1000px;\"><div class=\"shortcode-single-image\"><div class=\"fancy-media-wrap  layzr-bg\" style=\"border-radius:10px;\"><img loading=\"lazy\" decoding=\"async\" class=\"preload-me lazy-load\" src=\"data:image\/svg+xml,%3Csvg%20xmlns%3D&#39;http%3A%2F%2Fwww.w3.org%2F2000%2Fsvg&#39;%20viewBox%3D&#39;0%200%201000%20700&#39;%2F%3E\" data-src=\"https:\/\/www.turkishtranslationoffice.com\/de\/wp-content\/uploads\/sites\/4\/2020\/08\/yeminli-ceviri-nedir-1000x700.jpg\" data-srcset=\"https:\/\/www.turkishtranslationoffice.com\/de\/wp-content\/uploads\/sites\/4\/2020\/08\/yeminli-ceviri-nedir-1000x700.jpg 1000w, https:\/\/www.turkishtranslationoffice.com\/de\/wp-content\/uploads\/sites\/4\/2020\/08\/yeminli-ceviri-nedir-1514x1060.jpg 1514w\" width=\"1000\" height=\"700\"  data-dt-location=\"https:\/\/www.turkishtranslationoffice.com\/de\/vereidigte-uebersetzungen\/yeminli-ceviri-nedir\/\" style=\"border-radius:10px;\" alt=\"\" \/><\/div><\/div><\/div>[\/vc_column_inner][vc_column_inner width=&#8221;1\/2&#8243; css=&#8221;.vc_custom_1596550089277{padding-top: 20px !important;}&#8221;]<div id=\"ultimate-heading-322969d4b0474d41e\" class=\"uvc-heading ult-adjust-bottom-margin ultimate-heading-322969d4b0474d41e uvc-8378 \" data-hspacer=\"no_spacer\"  data-halign=\"left\" style=\"text-align:left\"><div class=\"uvc-heading-spacer no_spacer\" style=\"top\"><\/div><div class=\"uvc-main-heading ult-responsive\"  data-ultimate-target='.uvc-heading.ultimate-heading-322969d4b0474d41e h2'  data-responsive-json-new='{\"font-size\":\"desktop:24px;\",\"line-height\":\"desktop:34px;\"}' ><h2 style=\"font-weight:bold;margin-bottom:25px;\">Was ist eine beeidigte \u00dcbersetzung?<\/h2><\/div><\/div>[vc_column_text]Eine beeidigte \u00dcbersetzung ist eine Art amtlich beglaubigte \u00dcbersetzung. Wenn Sie Ihre Dokumente in einer anderen Sprache f\u00fcr Beh\u00f6rden, Bildungseinrichtungen, Banken oder andere offizielle Zwecke ben\u00f6tigen, m\u00fcssen Sie Ihre \u00dcbersetzung m\u00f6glicherweise von einem vereidigten \u00dcbersetzer \u00fcbersetzen und stempeln lassen, damit die \u00dcbersetzung offiziell g\u00fcltig ist. W\u00e4hrend in manchen F\u00e4llen eine beglaubigte \u00dcbersetzung allein f\u00fcr amtliche Zwecke ausreicht, kann es auch erforderlich sein, dass Sie Ihre \u00dcbersetzungen notariell beglaubigt werden m\u00fcssen.<\/p>\n<p>Mit unseren beeidigten \u00dcbersetzungsdienstleistungen liefern wir qualit\u00e4tsgesicherte \u00dcbersetzungen, die Sie direkt bei der Antragstellung bei Beh\u00f6rden verwenden oder dem Notar zur Genehmigung vorlegen k\u00f6nnen. Neben der vereidigten \u00dcbersetzung und der notariellen Beglaubigung bieten wir unseren Kunden auch den Service der Apostille an, bei dem wir f\u00fcr Ihre Dokumente von den zust\u00e4ndigen Beh\u00f6rden eine Apostille einholen.[\/vc_column_text][\/vc_column_inner][\/vc_row_inner][\/vc_column][\/vc_row][vc_row bg_type=&#8221;image&#8221; bg_override=&#8221;full&#8221; css=&#8221;.vc_custom_1596535087001{background-image: url(https:\/\/www.turkishtranslationoffice.com\/de\/wp-content\/uploads\/sites\/2\/2020\/08\/uyari.jpg?id=2304) !important;}&#8221;][vc_column]<div class=\"smile_icon_list_wrap ult_info_list_container ult-adjust-bottom-margin   vc_custom_1596535225225\"><ul class=\"smile_icon_list top circle with_bg\"><li class=\"icon_list_item\" style=\" font-size:96px;\"><div class=\"icon_list_icon\" data-animation=\"\" data-animation-delay=\"03\" style=\"font-size:32px;border-width:1px;border-style:none;background:#ffffff;color:#d44133;border-color:#333333;\"><i class=\"fas fa-lock\" ><\/i><\/div><div class=\"icon_description\" id=\"Info-list-wrap-3737\" style=\"font-size:32px;\"><h3 class=\"ult-responsive info-list-heading\"  data-ultimate-target='#Info-list-wrap-3737 h3'  data-responsive-json-new='{\"font-size\":\"desktop:16px;\",\"line-height\":\"desktop:24px;\"}'  style=\"font-weight:bold;color:#ffffff;\">Vertraulichkeit<\/h3><div class=\"icon_description_text ult-responsive\"  data-ultimate-target='#Info-list-wrap-3737 .icon_description_text'  data-responsive-json-new='{\"font-size\":\"desktop:13px;\",\"line-height\":\"desktop:18px;\"}'  style=\"color:#ffffff;\"><\/div><\/div><div class=\"icon_list_connector\" data-animation=\"fadeInLeft\" data-animation-delay=\"03\" style=\"border: none !important;\"><\/div><\/li><li class=\"icon_list_item\" style=\" font-size:96px;\"><div class=\"icon_list_icon\" data-animation=\"\" data-animation-delay=\"03\" style=\"font-size:32px;border-width:1px;border-style:none;background:#ffffff;color:#d44133;border-color:#333333;\"><i class=\"fas fa-thumbs-up\" ><\/i><\/div><div class=\"icon_description\" id=\"Info-list-wrap-4258\" style=\"font-size:32px;\"><h3 class=\"ult-responsive info-list-heading\"  data-ultimate-target='#Info-list-wrap-4258 h3'  data-responsive-json-new='{\"font-size\":\"desktop:16px;\",\"line-height\":\"desktop:24px;\"}'  style=\"font-weight:bold;color:#ffffff;\">Fehlerfrei<\/h3><div class=\"icon_description_text ult-responsive\"  data-ultimate-target='#Info-list-wrap-4258 .icon_description_text'  data-responsive-json-new='{\"font-size\":\"desktop:13px;\",\"line-height\":\"desktop:18px;\"}'  style=\"color:#ffffff;\"><\/div><\/div><div class=\"icon_list_connector\" data-animation=\"fadeInLeft\" data-animation-delay=\"03\" style=\"border: none !important;\"><\/div><\/li><li class=\"icon_list_item\" style=\" font-size:96px;\"><div class=\"icon_list_icon\" data-animation=\"\" data-animation-delay=\"03\" style=\"font-size:32px;border-width:1px;border-style:none;background:#ffffff;color:#d44133;border-color:#333333;\"><i class=\"fas fa-coins\" ><\/i><\/div><div class=\"icon_description\" id=\"Info-list-wrap-6988\" style=\"font-size:32px;\"><h3 class=\"ult-responsive info-list-heading\"  data-ultimate-target='#Info-list-wrap-6988 h3'  data-responsive-json-new='{\"font-size\":\"desktop:16px;\",\"line-height\":\"desktop:24px;\"}'  style=\"font-weight:bold;color:#ffffff;\">Erschwingliche Preisgestaltung<\/h3><div class=\"icon_description_text ult-responsive\"  data-ultimate-target='#Info-list-wrap-6988 .icon_description_text'  data-responsive-json-new='{\"font-size\":\"desktop:13px;\",\"line-height\":\"desktop:18px;\"}'  style=\"color:#ffffff;\"><\/div><\/div><div class=\"icon_list_connector\" data-animation=\"fadeInLeft\" data-animation-delay=\"03\" style=\"border: none !important;\"><\/div><\/li><\/ul><\/div>[\/vc_column][\/vc_row][vc_row equal_height=&#8221;yes&#8221; content_placement=&#8221;top&#8221; bg_type=&#8221;image&#8221; parallax_style=&#8221;vcpb-hz-jquery&#8221; bg_image_new=&#8221;id^1611|url^https:\/\/www.turkishtranslationoffice.com\/de\/wp-content\/uploads\/sites\/2\/2016\/02\/bg-mem.png|caption^null|alt^null|title^bg-mem|description^null&#8221; bg_override=&#8221;ex-full&#8221; type=&#8221;vc_default&#8221; margin_top=&#8221;5&#8243; margin_bottom=&#8221;10&#8243; css=&#8221;.vc_custom_1598360747542{padding-top: 30px !important;padding-bottom: 50px !important;background-color: #f4f4f4 !important;}&#8221;][vc_column][vc_row_inner equal_height=&#8221;yes&#8221; content_placement=&#8221;top&#8221;][vc_column_inner width=&#8221;1\/2&#8243; css=&#8221;.vc_custom_1598360636726{padding-top: 20px !important;}&#8221;]<div id=\"ultimate-heading-900669d4b0474d57c\" class=\"uvc-heading ult-adjust-bottom-margin ultimate-heading-900669d4b0474d57c uvc-694 \" data-hspacer=\"no_spacer\"  data-halign=\"left\" style=\"text-align:left\"><div class=\"uvc-heading-spacer no_spacer\" style=\"top\"><\/div><div class=\"uvc-main-heading ult-responsive\"  data-ultimate-target='.uvc-heading.ultimate-heading-900669d4b0474d57c h2'  data-responsive-json-new='{\"font-size\":\"desktop:24px;\",\"line-height\":\"desktop:34px;\"}' ><h2 style=\"font-weight:bold;margin-bottom:25px;\">Was zeichnet unsere beglaubigten \u00dcbersetzungsdienstleistungen aus?<\/h2><\/div><\/div><div class=\"standard-arrow bullet-top\"><ul>\n<li>Wir sind ein erfahrenes \u00dcbersetzungsb\u00fcro, das professionellen Service f\u00fcr alle Branchen anbietet. Ein Netzwerk von \u00fcber 2500 \u00dcbersetzern z\u00e4hlt zu unseren St\u00e4rken.<\/li>\n<li>Wir setzen modernste computergest\u00fctzte \u00dcbersetzungstools ein, um unser Projektmanagementteam und unsere Linguisten mit den besten verf\u00fcgbaren Tools zu unterst\u00fctzen. Diese Tools erm\u00f6glichen es unserem Team, jeden Schritt einer \u00dcbersetzungsanfrage auf einer zentralen Plattform zu verwalten und helfen uns, m\u00f6gliche Fehler zu vermeiden und gleichzeitig die \u00dcbersetzungsqualit\u00e4t zu erh\u00f6hen.<\/li>\n<li>Wir sind ein ISO-zertifiziertes \u00dcbersetzungsunternehmen und bieten unsere \u00dcbersetzungsdienstleistungen auf internationalem Niveau an. Ausgehend von unserer Verpflichtung, fehlerfreie \u00dcbersetzungen zu liefern, stellen wir die Kundenzufriedenheit in den Vordergrund und bieten mit unserem Team von vereidigten \u00dcbersetzern und Fachleuten, die Erfahrung mit notariellen Genehmigungs- und Apostille-Beglaubigungsverfahren haben, den bestm\u00f6glichen Service an.<\/li>\n<\/ul>\n<\/div>[\/vc_column_inner][vc_column_inner width=&#8221;1\/2&#8243;]<style type=\"text\/css\" data-type=\"the7_shortcodes-inline-css\">.shortcode-single-image-wrap.shortcode-single-image-2c7f35beb4695d4875b7039c1b7e50e8.enable-bg-rollover .rollover i,\n.shortcode-single-image-wrap.shortcode-single-image-2c7f35beb4695d4875b7039c1b7e50e8.enable-bg-rollover .rollover-video i {\n  background: ;\n  background: -webkit-linear-gradient();\n  background: linear-gradient();\n}\n.shortcode-single-image-wrap.shortcode-single-image-2c7f35beb4695d4875b7039c1b7e50e8 .rollover-icon {\n  font-size: 32px;\n  color: #ffffff;\n  min-width: 44px;\n  min-height: 44px;\n  line-height: 44px;\n  border-radius: 100px;\n  border-style: solid;\n  border-width: 0px;\n}\n.dt-icon-bg-on.shortcode-single-image-wrap.shortcode-single-image-2c7f35beb4695d4875b7039c1b7e50e8 .rollover-icon {\n  background: rgba(255,255,255,0.3);\n  box-shadow: none;\n}\n<\/style><div class=\"shortcode-single-image-wrap shortcode-single-image-2c7f35beb4695d4875b7039c1b7e50e8 alignnone  enable-bg-rollover dt-icon-bg-off\" style=\"margin-top:0px; margin-bottom:0px; margin-left:0px; margin-right:0px; width:1000px;\"><div class=\"shortcode-single-image\"><div class=\"fancy-media-wrap  layzr-bg\" style=\"border-radius:10px;\"><img loading=\"lazy\" decoding=\"async\" class=\"preload-me lazy-load\" src=\"data:image\/svg+xml,%3Csvg%20xmlns%3D&#39;http%3A%2F%2Fwww.w3.org%2F2000%2Fsvg&#39;%20viewBox%3D&#39;0%200%201000%20700&#39;%2F%3E\" data-src=\"https:\/\/www.turkishtranslationoffice.com\/de\/wp-content\/uploads\/sites\/4\/2020\/08\/yeminli-tercumede-tto-1000x700.jpg\" data-srcset=\"https:\/\/www.turkishtranslationoffice.com\/de\/wp-content\/uploads\/sites\/4\/2020\/08\/yeminli-tercumede-tto-1000x700.jpg 1000w, https:\/\/www.turkishtranslationoffice.com\/de\/wp-content\/uploads\/sites\/4\/2020\/08\/yeminli-tercumede-tto-1524x1067.jpg 1524w\" width=\"1000\" height=\"700\"  data-dt-location=\"https:\/\/www.turkishtranslationoffice.com\/de\/vereidigte-uebersetzungen\/yeminli-tercumede-tto\/\" style=\"border-radius:10px;\" alt=\"\" \/><\/div><\/div><\/div>[\/vc_column_inner][\/vc_row_inner][\/vc_column][\/vc_row][vc_row content_placement=&#8221;middle&#8221; bg_type=&#8221;grad&#8221; bg_override=&#8221;ex-full&#8221; bg_grad=&#8221;background: -webkit-gradient(linear, left top, left bottom, color-stop(0%, #365088), color-stop(99%, #EA524D));background: -moz-linear-gradient(135deg,#365088 0%,#EA524D 99%);background: -webkit-linear-gradient(135deg,#365088 0%,#EA524D 99%);background: -o-linear-gradient(135deg,#365088 0%,#EA524D 99%);background: -ms-linear-gradient(135deg,#365088 0%,#EA524D 99%);background: linear-gradient(135deg,#365088 0%,#EA524D 99%);&#8221;][vc_column width=&#8221;2\/3&#8243;][vc_column_text]<strong style=\"color: #ffffff; font-size: 24px;\">Kontaktieren Sie uns jetzt, um ein unverbindliches Angebot f\u00fcr eine eilige beglaubigte \u00dcbersetzungen anzufordern!<\/strong>[\/vc_column_text][\/vc_column][vc_column width=&#8221;1\/3&#8243;][vc_btn title=&#8221;Angebot anfordern&#8221; color=&#8221;warning&#8221; size=&#8221;lg&#8221; align=&#8221;right&#8221; link=&#8221;url:%2Fde%2Fangebot-anfordern%2F&#8221;][\/vc_column][\/vc_row]<\/p>\n","protected":false},"excerpt":{"rendered":"<p>[vc_row equal_height=&#8221;yes&#8221; content_placement=&#8221;top&#8221; bg_type=&#8221;image&#8221; parallax_style=&#8221;vcpb-default&#8221; bg_image_new=&#8221;id^3229|url^https:\/\/www.turkishtranslationoffice.com\/de\/wp-content\/uploads\/sites\/2\/2020\/08\/yeminli-tercume.jpg|caption^null|alt^null|title^yeminli-tercume|description^null&#8221; bg_override=&#8221;ex-full&#8221; type=&#8221;vc_default&#8221; margin_top=&#8221;5&#8243; margin_bottom=&#8221;10&#8243; css=&#8221;.vc_custom_1629992632612{padding-top: 2% !important;padding-bottom: 2% !important;}&#8221;][vc_column width=&#8221;1\/2&#8243;][vc_column_text] Ben\u00f6tigen Sie eine beglaubigte \u00dcbersetzung Ihrer Dokumente? Wir unterst\u00fctzen Sie gerne mit unserem Team aus vereidigten Fach\u00fcbersetzern mit Erfahrung in verschiedenen Branchen. Nutzen Sie unsere beeidigten \u00dcbersetzungsdienste f\u00fcr die von Ihnen ben\u00f6tigten Sprachpaare und erhalten Sie fehlerfreie \u00dcbersetzungen zu&hellip;<\/p>\n","protected":false},"author":1,"featured_media":0,"parent":0,"menu_order":10,"comment_status":"closed","ping_status":"closed","template":"","meta":{"footnotes":""},"aioseo_notices":[],"_links":{"self":[{"href":"https:\/\/www.turkishtranslationoffice.com\/de\/wp-json\/wp\/v2\/pages\/2560"}],"collection":[{"href":"https:\/\/www.turkishtranslationoffice.com\/de\/wp-json\/wp\/v2\/pages"}],"about":[{"href":"https:\/\/www.turkishtranslationoffice.com\/de\/wp-json\/wp\/v2\/types\/page"}],"author":[{"embeddable":true,"href":"https:\/\/www.turkishtranslationoffice.com\/de\/wp-json\/wp\/v2\/users\/1"}],"replies":[{"embeddable":true,"href":"https:\/\/www.turkishtranslationoffice.com\/de\/wp-json\/wp\/v2\/comments?post=2560"}],"version-history":[{"count":10,"href":"https:\/\/www.turkishtranslationoffice.com\/de\/wp-json\/wp\/v2\/pages\/2560\/revisions"}],"predecessor-version":[{"id":6860,"href":"https:\/\/www.turkishtranslationoffice.com\/de\/wp-json\/wp\/v2\/pages\/2560\/revisions\/6860"}],"wp:attachment":[{"href":"https:\/\/www.turkishtranslationoffice.com\/de\/wp-json\/wp\/v2\/media?parent=2560"}],"curies":[{"name":"wp","href":"https:\/\/api.w.org\/{rel}","templated":true}]}}