{"id":2570,"date":"2020-08-07T17:31:47","date_gmt":"2020-08-07T14:31:47","guid":{"rendered":"https:\/\/www.turkishtranslationoffice.com\/tr\/yeminli-tercume-copy\/"},"modified":"2022-06-06T14:39:42","modified_gmt":"2022-06-06T11:39:42","slug":"notariell-beglaubigte-uebersetzungen","status":"publish","type":"page","link":"https:\/\/www.turkishtranslationoffice.com\/de\/notariell-beglaubigte-uebersetzungen\/","title":{"rendered":"Notariell beglaubigte \u00dcbersetzungen"},"content":{"rendered":"<p>[vc_row equal_height=&#8221;yes&#8221; content_placement=&#8221;top&#8221; bg_type=&#8221;image&#8221; parallax_style=&#8221;vcpb-default&#8221; bg_image_new=&#8221;id^3237|url^https:\/\/www.turkishtranslationoffice.com\/de\/wp-content\/uploads\/sites\/2\/2020\/08\/noter-onayli-tercume.jpg|caption^null|alt^null|title^noter-onayli-tercume|description^null&#8221; bg_image_repeat=&#8221;no-repeat&#8221; bg_override=&#8221;ex-full&#8221; type=&#8221;vc_default&#8221; margin_top=&#8221;5&#8243; margin_bottom=&#8221;10&#8243; css=&#8221;.vc_custom_1629992667320{padding-top: 2% !important;padding-bottom: 2% !important;}&#8221;][vc_column width=&#8221;1\/2&#8243;]<div id=\"ultimate-heading-44669d4b03a07786\" class=\"uvc-heading ult-adjust-bottom-margin ultimate-heading-44669d4b03a07786 uvc-4698 \" data-hspacer=\"no_spacer\"  data-halign=\"left\" style=\"text-align:left\"><div class=\"uvc-heading-spacer no_spacer\" style=\"top\"><\/div><div class=\"uvc-main-heading ult-responsive\"  data-ultimate-target='.uvc-heading.ultimate-heading-44669d4b03a07786 h1'  data-responsive-json-new='{\"font-size\":\"desktop:28px;\",\"line-height\":\"desktop:34px;\"}' ><h1 style=\"font-weight:bold;margin-bottom:25px;\">Notariell beglaubigte \u00dcbersetzungsdienstleistungen<\/h1><\/div><\/div>[vc_column_text]<\/p>\n<p style=\"text-align: left;\"><span style=\"font-weight: 400; font-size: 18px;\">Sprechen Sie uns an, wenn Sie unsere notariell beglaubigten \u00dcbersetzungen in allen Sprachen in Anspruch nehmen m\u00f6chten!<\/span><\/p>\n<p><span style=\"font-weight: 400; font-size: 18px;\">TTO steht Ihnen als professionelles \u00dcbersetzungsb\u00fcro mit jahrelanger Erfahrung in der \u00dcbersetzungsbranche zur Verf\u00fcgung und verf\u00fcgt \u00fcber ein Netzwerk von Linguisten, das aus mehr als 2500 \u00dcbersetzern und Lektoren besteht.<\/span>[\/vc_column_text][vc_row_inner equal_height=&#8221;yes&#8221; content_placement=&#8221;top&#8221;][vc_column_inner css=&#8221;.vc_custom_1644317189694{padding-top: 20px !important;padding-bottom: 32px !important;}&#8221;]<style type=\"text\/css\" data-type=\"the7_shortcodes-inline-css\">#default-btn-a359a56292b938b799e2bcaa884b94a2.ico-right-side > i {\n  margin-right: 0px;\n  margin-left: 8px;\n}\n#default-btn-a359a56292b938b799e2bcaa884b94a2 > i {\n  margin-right: 8px;\n}\n#default-btn-a359a56292b938b799e2bcaa884b94a2 * {\n  vertical-align: middle;\n}\n<\/style><a href=\"\/de\/angebot-anfordern\/\" class=\"default-btn-shortcode dt-btn dt-btn-l link-hover-off button-tto-grey btn-inline-left  vc_custom_1627293144603\" id=\"default-btn-a359a56292b938b799e2bcaa884b94a2\" style=\"width:286px;\"><span>Kostenloses Angebot einholen<\/span><\/a><style type=\"text\/css\" data-type=\"the7_shortcodes-inline-css\">#default-btn-79214bb10b3f42e1f0d02bffa4a37304.ico-right-side > i {\n  margin-right: 0px;\n  margin-left: 8px;\n}\n#default-btn-79214bb10b3f42e1f0d02bffa4a37304 > i {\n  margin-right: 8px;\n}\n#default-btn-79214bb10b3f42e1f0d02bffa4a37304 * {\n  vertical-align: middle;\n}\n<\/style><a href=\"\/de\/kontaktieren-sie-uns\/\" class=\"default-btn-shortcode dt-btn dt-btn-l link-hover-off button-tto-red btn-inline-left  vc_custom_1627293154825\" id=\"default-btn-79214bb10b3f42e1f0d02bffa4a37304\" style=\"width:286px;\"><span>Kontakt<\/span><\/a>[\/vc_column_inner][\/vc_row_inner][\/vc_column][vc_column width=&#8221;1\/2&#8243;][\/vc_column][\/vc_row][vc_row equal_height=&#8221;yes&#8221; content_placement=&#8221;top&#8221; bg_type=&#8221;image&#8221; parallax_style=&#8221;vcpb-default&#8221; bg_image_new=&#8221;id^2302|url^https:\/\/www.turkishtranslationoffice.com\/de\/wp-content\/uploads\/sites\/2\/2020\/08\/arka-plan-siyah-beyaz.png|caption^null|alt^null|title^arka-plan-siyah-beyaz|description^null&#8221; bg_image_repeat=&#8221;no-repeat&#8221; bg_override=&#8221;ex-full&#8221; type=&#8221;vc_default&#8221; margin_top=&#8221;5&#8243; margin_bottom=&#8221;10&#8243; css=&#8221;.vc_custom_1598020760312{padding-top: 30px !important;padding-bottom: 50px !important;}&#8221;][vc_column css=&#8221;.vc_custom_1491746299333{padding-bottom: 0px !important;}&#8221;][vc_row_inner equal_height=&#8221;yes&#8221; content_placement=&#8221;top&#8221;][vc_column_inner width=&#8221;1\/2&#8243;]<style type=\"text\/css\" data-type=\"the7_shortcodes-inline-css\">.shortcode-single-image-wrap.shortcode-single-image-e14402f789fe8371aeb3dbbcd19a6286.enable-bg-rollover .rollover i,\n.shortcode-single-image-wrap.shortcode-single-image-e14402f789fe8371aeb3dbbcd19a6286.enable-bg-rollover .rollover-video i {\n  background: ;\n  background: -webkit-linear-gradient();\n  background: linear-gradient();\n}\n.shortcode-single-image-wrap.shortcode-single-image-e14402f789fe8371aeb3dbbcd19a6286 .rollover-icon {\n  font-size: 32px;\n  color: #ffffff;\n  min-width: 44px;\n  min-height: 44px;\n  line-height: 44px;\n  border-radius: 100px;\n  border-style: solid;\n  border-width: 0px;\n}\n.dt-icon-bg-on.shortcode-single-image-wrap.shortcode-single-image-e14402f789fe8371aeb3dbbcd19a6286 .rollover-icon {\n  background: rgba(255,255,255,0.3);\n  box-shadow: none;\n}\n<\/style><div class=\"shortcode-single-image-wrap shortcode-single-image-e14402f789fe8371aeb3dbbcd19a6286 alignnone  enable-bg-rollover dt-icon-bg-off\" style=\"margin-top:0px; margin-bottom:0px; margin-left:0px; margin-right:0px; width:1000px;\"><div class=\"shortcode-single-image\"><div class=\"fancy-media-wrap  layzr-bg\" style=\"border-radius:10px;\"><img loading=\"lazy\" decoding=\"async\" class=\"preload-me lazy-load\" src=\"data:image\/svg+xml,%3Csvg%20xmlns%3D&#39;http%3A%2F%2Fwww.w3.org%2F2000%2Fsvg&#39;%20viewBox%3D&#39;0%200%201000%20700&#39;%2F%3E\" data-src=\"https:\/\/www.turkishtranslationoffice.com\/de\/wp-content\/uploads\/sites\/4\/2020\/08\/guvenilir-noter-onayli-tercume-nedir-1000x700.jpg\" data-srcset=\"https:\/\/www.turkishtranslationoffice.com\/de\/wp-content\/uploads\/sites\/4\/2020\/08\/guvenilir-noter-onayli-tercume-nedir-1000x700.jpg 1000w, https:\/\/www.turkishtranslationoffice.com\/de\/wp-content\/uploads\/sites\/4\/2020\/08\/guvenilir-noter-onayli-tercume-nedir-1524x1067.jpg 1524w\" width=\"1000\" height=\"700\"  data-dt-location=\"https:\/\/www.turkishtranslationoffice.com\/de\/notariell-beglaubigte-uebersetzungen\/guvenilir-noter-onayli-tercume-nedir\/\" style=\"border-radius:10px;\" alt=\"\" \/><\/div><\/div><\/div>[\/vc_column_inner][vc_column_inner width=&#8221;1\/2&#8243; css=&#8221;.vc_custom_1596550089277{padding-top: 20px !important;}&#8221;]<div id=\"ultimate-heading-365469d4b03a08008\" class=\"uvc-heading ult-adjust-bottom-margin ultimate-heading-365469d4b03a08008 uvc-9106 \" data-hspacer=\"no_spacer\"  data-halign=\"left\" style=\"text-align:left\"><div class=\"uvc-heading-spacer no_spacer\" style=\"top\"><\/div><div class=\"uvc-main-heading ult-responsive\"  data-ultimate-target='.uvc-heading.ultimate-heading-365469d4b03a08008 h2'  data-responsive-json-new='{\"font-size\":\"desktop:24px;\",\"line-height\":\"desktop:34px;\"}' ><h2 style=\"font-weight:bold;margin-bottom:25px;\">Was ist eine notariell beglaubigte \u00dcbersetzung?<\/h2><\/div><\/div>[vc_column_text]M\u00fcssen Sie Ihre offiziellen Dokumente in eine andere Sprache \u00fcbersetzen lassen? In einigen L\u00e4ndern und f\u00fcr einige Institutionen darf die beglaubigte \u00dcbersetzung allein nicht f\u00fcr offizielle Zwecke verwendet werden. In diesen F\u00e4llen ist eine notariell beglaubigte \u00dcbersetzung f\u00fcr Bildungs-, Berufs-, Handels- und Rechtsdokumente erforderlich. Notariell beglaubigte \u00dcbersetzungen in der T\u00fcrkiye werden von beeidigten \u00dcbersetzern durchgef\u00fchrt, die von Notaren erm\u00e4chtigt sind.<br \/>\n<span style=\"font-weight: 400;\"><br \/>\nBei Turkish Translation Office bieten wir mit unseren erfahrenen Linguisten genaue und hochwertige notariell beglaubigte \u00dcbersetzungen an. Wir schlie\u00dfen Vertraulichkeitsvereinbarungen mit Dritten ab, die wir beauftragen, und gew\u00e4hrleisten so die Vertraulichkeit Ihrer Dokumente.<br \/>\n<\/span>[\/vc_column_text][\/vc_column_inner][\/vc_row_inner][\/vc_column][\/vc_row][vc_row equal_height=&#8221;yes&#8221; content_placement=&#8221;top&#8221; bg_type=&#8221;bg_color&#8221; bg_override=&#8221;full&#8221; type=&#8221;vc_default&#8221; margin_top=&#8221;5&#8243; margin_bottom=&#8221;10&#8243; css=&#8221;.vc_custom_1598020798129{padding-top: 30px !important;padding-bottom: 30px !important;}&#8221;][vc_column][vc_row_inner equal_height=&#8221;yes&#8221; content_placement=&#8221;top&#8221;][vc_column_inner width=&#8221;1\/2&#8243; css=&#8221;.vc_custom_1596550716406{padding-top: 10px !important;}&#8221;]<div id=\"ultimate-heading-699869d4b03a08030\" class=\"uvc-heading ult-adjust-bottom-margin ultimate-heading-699869d4b03a08030 uvc-9481 \" data-hspacer=\"no_spacer\"  data-halign=\"left\" style=\"text-align:left\"><div class=\"uvc-heading-spacer no_spacer\" style=\"top\"><\/div><div class=\"uvc-main-heading ult-responsive\"  data-ultimate-target='.uvc-heading.ultimate-heading-699869d4b03a08030 h2'  data-responsive-json-new='{\"font-size\":\"desktop:24px;\",\"line-height\":\"desktop:34px;\"}' ><h2 style=\"font-weight:bold;margin-bottom:25px;\">Tipps zur notariell beglaubigten \u00dcbersetzung<\/h2><\/div><\/div><div class=\"standard-arrow bullet-top\"><ul>\n<li>Um eine \u00dcbersetzung notariell beglaubigen zu lassen, muss sie von einem vereidigten \u00dcbersetzer \u00fcbersetzt und gestempelt werden, der von demselben Notar erm\u00e4chtigt wurde, dem die Dokumente zur Beglaubigung vorgelegt werden.<\/li>\n<li>Wir berechnen keine Kosten f\u00fcr die Vorbereitung Ihrer Dokumente zur notariellen Genehmigung. Die notarielle Beglaubigung ist jedoch eine kostenpflichtige Dienstleistung, die von den Notaren erbracht wird, und die Genehmigungsgeb\u00fchr wird von diesen festgelegt.<\/li>\n<li>Wir bieten unseren Kunden auch eine Lieferoption f\u00fcr die von ihnen freigegebenen Dokumente an.<\/li>\n<\/ul>\n<\/div>[\/vc_column_inner][vc_column_inner width=&#8221;1\/2&#8243;]<style type=\"text\/css\" data-type=\"the7_shortcodes-inline-css\">.shortcode-single-image-wrap.shortcode-single-image-7cb93d6d0812dbce9b74ed5f0b43de9d.enable-bg-rollover .rollover i,\n.shortcode-single-image-wrap.shortcode-single-image-7cb93d6d0812dbce9b74ed5f0b43de9d.enable-bg-rollover .rollover-video i {\n  background: ;\n  background: -webkit-linear-gradient();\n  background: linear-gradient();\n}\n.shortcode-single-image-wrap.shortcode-single-image-7cb93d6d0812dbce9b74ed5f0b43de9d .rollover-icon {\n  font-size: 32px;\n  color: #ffffff;\n  min-width: 44px;\n  min-height: 44px;\n  line-height: 44px;\n  border-radius: 100px;\n  border-style: solid;\n  border-width: 0px;\n}\n.dt-icon-bg-on.shortcode-single-image-wrap.shortcode-single-image-7cb93d6d0812dbce9b74ed5f0b43de9d .rollover-icon {\n  background: rgba(255,255,255,0.3);\n  box-shadow: none;\n}\n<\/style><div class=\"shortcode-single-image-wrap shortcode-single-image-7cb93d6d0812dbce9b74ed5f0b43de9d alignnone  enable-bg-rollover dt-icon-bg-off\" style=\"margin-top:0px; margin-bottom:0px; margin-left:0px; margin-right:0px; width:1000px;\"><div class=\"shortcode-single-image\"><div class=\"fancy-media-wrap  layzr-bg\" style=\"border-radius:10px;\"><img loading=\"lazy\" decoding=\"async\" class=\"preload-me lazy-load\" src=\"data:image\/svg+xml,%3Csvg%20xmlns%3D&#39;http%3A%2F%2Fwww.w3.org%2F2000%2Fsvg&#39;%20viewBox%3D&#39;0%200%201000%20700&#39;%2F%3E\" data-src=\"https:\/\/www.turkishtranslationoffice.com\/de\/wp-content\/uploads\/sites\/4\/2020\/08\/noter-onayli-tercume-ipuclari-1000x700.jpg\" data-srcset=\"https:\/\/www.turkishtranslationoffice.com\/de\/wp-content\/uploads\/sites\/4\/2020\/08\/noter-onayli-tercume-ipuclari-1000x700.jpg 1000w, https:\/\/www.turkishtranslationoffice.com\/de\/wp-content\/uploads\/sites\/4\/2020\/08\/noter-onayli-tercume-ipuclari-1524x1067.jpg 1524w\" width=\"1000\" height=\"700\"  data-dt-location=\"https:\/\/www.turkishtranslationoffice.com\/de\/notariell-beglaubigte-uebersetzungen\/noter-onayli-tercume-ipuclari\/\" style=\"border-radius:10px;\" alt=\"\" \/><\/div><\/div><\/div>[\/vc_column_inner][\/vc_row_inner][\/vc_column][\/vc_row][vc_row content_placement=&#8221;middle&#8221; bg_type=&#8221;grad&#8221; bg_override=&#8221;ex-full&#8221; bg_grad=&#8221;background: -webkit-gradient(linear, left top, left bottom, color-stop(0%, #365088), color-stop(100%, #EA524D));background: -moz-linear-gradient(135deg,#365088 0%,#EA524D 100%);background: -webkit-linear-gradient(135deg,#365088 0%,#EA524D 100%);background: -o-linear-gradient(135deg,#365088 0%,#EA524D 100%);background: -ms-linear-gradient(135deg,#365088 0%,#EA524D 100%);background: linear-gradient(135deg,#365088 0%,#EA524D 100%);&#8221;][vc_column width=&#8221;2\/3&#8243;][vc_column_text]<strong style=\"color: #ffffff; font-size: 24px;\">Kontaktieren Sie uns jetzt, wenn Sie schnelle und hochwertige notariell beglaubigte \u00dcbersetzungen zu g\u00fcnstigen Preisen erhalten m\u00f6chten.<\/strong>[\/vc_column_text][\/vc_column][vc_column width=&#8221;1\/3&#8243;][vc_btn title=&#8221;Angebot anfordern&#8221; color=&#8221;warning&#8221; size=&#8221;lg&#8221; align=&#8221;right&#8221; link=&#8221;url:%2Fde%2Fangebot-anfordern%2F&#8221;][\/vc_column][\/vc_row][vc_row equal_height=&#8221;yes&#8221; content_placement=&#8221;top&#8221; bg_type=&#8221;bg_color&#8221; bg_override=&#8221;ex-full&#8221; type=&#8221;vc_default&#8221; margin_top=&#8221;5&#8243; margin_bottom=&#8221;10&#8243; css=&#8221;.vc_custom_1596636425678{padding-top: 30px !important;padding-bottom: 50px !important;}&#8221; bg_color_value=&#8221;#f4f4f4&#8243;][vc_column css=&#8221;.vc_custom_1491746299333{padding-bottom: 0px !important;}&#8221;][vc_row_inner equal_height=&#8221;yes&#8221; content_placement=&#8221;top&#8221;][vc_column_inner width=&#8221;1\/2&#8243;]<style type=\"text\/css\" data-type=\"the7_shortcodes-inline-css\">.shortcode-single-image-wrap.shortcode-single-image-b12a21932e2282e79b60d65a3d2a3eae.enable-bg-rollover .rollover i,\n.shortcode-single-image-wrap.shortcode-single-image-b12a21932e2282e79b60d65a3d2a3eae.enable-bg-rollover .rollover-video i {\n  background: ;\n  background: -webkit-linear-gradient();\n  background: linear-gradient();\n}\n.shortcode-single-image-wrap.shortcode-single-image-b12a21932e2282e79b60d65a3d2a3eae .rollover-icon {\n  font-size: 32px;\n  color: #ffffff;\n  min-width: 44px;\n  min-height: 44px;\n  line-height: 44px;\n  border-radius: 100px;\n  border-style: solid;\n  border-width: 0px;\n}\n.dt-icon-bg-on.shortcode-single-image-wrap.shortcode-single-image-b12a21932e2282e79b60d65a3d2a3eae .rollover-icon {\n  background: rgba(255,255,255,0.3);\n  box-shadow: none;\n}\n<\/style><div class=\"shortcode-single-image-wrap shortcode-single-image-b12a21932e2282e79b60d65a3d2a3eae alignnone  enable-bg-rollover dt-icon-bg-off\" style=\"margin-top:0px; margin-bottom:0px; margin-left:0px; margin-right:0px; width:1000px;\"><div class=\"shortcode-single-image\"><div class=\"fancy-media-wrap  layzr-bg\" style=\"border-radius:10px;\"><img loading=\"lazy\" decoding=\"async\" class=\"preload-me lazy-load\" src=\"data:image\/svg+xml,%3Csvg%20xmlns%3D&#39;http%3A%2F%2Fwww.w3.org%2F2000%2Fsvg&#39;%20viewBox%3D&#39;0%200%201000%20700&#39;%2F%3E\" data-src=\"https:\/\/www.turkishtranslationoffice.com\/de\/wp-content\/uploads\/sites\/4\/2020\/08\/hangi-durumlarda-noter-onayi-1000x700.jpg\" data-srcset=\"https:\/\/www.turkishtranslationoffice.com\/de\/wp-content\/uploads\/sites\/4\/2020\/08\/hangi-durumlarda-noter-onayi-1000x700.jpg 1000w, https:\/\/www.turkishtranslationoffice.com\/de\/wp-content\/uploads\/sites\/4\/2020\/08\/hangi-durumlarda-noter-onayi-1424x997.jpg 1424w\" width=\"1000\" height=\"700\"  data-dt-location=\"https:\/\/www.turkishtranslationoffice.com\/de\/notariell-beglaubigte-uebersetzungen\/hangi-durumlarda-noter-onayi\/\" style=\"border-radius:10px;\" alt=\"\" \/><\/div><\/div><\/div>[\/vc_column_inner][vc_column_inner width=&#8221;1\/2&#8243; css=&#8221;.vc_custom_1596550089277{padding-top: 20px !important;}&#8221;]<div id=\"ultimate-heading-778969d4b03a085c0\" class=\"uvc-heading ult-adjust-bottom-margin ultimate-heading-778969d4b03a085c0 uvc-5858 \" data-hspacer=\"no_spacer\"  data-halign=\"left\" style=\"text-align:left\"><div class=\"uvc-heading-spacer no_spacer\" style=\"top\"><\/div><div class=\"uvc-main-heading ult-responsive\"  data-ultimate-target='.uvc-heading.ultimate-heading-778969d4b03a085c0 h2'  data-responsive-json-new='{\"font-size\":\"desktop:24px;\",\"line-height\":\"desktop:34px;\"}' ><h2 style=\"font-weight:bold;margin-bottom:25px;\">Wie l\u00e4uft eine notarielle Beurkundung ab?<\/h2><\/div><\/div><div class=\"standard-arrow bullet-top\"><ul>\n<li>Wenn wir eine notariell beglaubigte \u00dcbersetzungsanfrage erhalten, weist unser Projektmanagement-Team den Auftrag zun\u00e4chst einem der vereidigten \u00dcbersetzer zu, der vom Notar erm\u00e4chtigt ist.<\/li>\n<li>Sobald das Dokument \u00fcbersetzt ist, lassen wir es von einem unserer erfahrenen Sprachexperten auf m\u00f6gliche Fehler und Fehl\u00fcbersetzungen \u00fcberpr\u00fcfen.<\/li>\n<li>Nach Abschluss der Pr\u00fcfung bereitet unser Desktop-Publishing-Team die Dokumente f\u00fcr die notarielle Beglaubigung vor.<\/li>\n<li>Wir bereiten die Dokumente vor und liefern sie kostenlos zur notariellen Beglaubigung. Die Beglaubigungsgeb\u00fchr ist jedoch vom Kunden zu tragen.<\/li>\n<li>Nach der notariellen Beglaubigung \u00fcbergeben wir Ihnen Ihre Dokumente umgehend.<\/li>\n<\/ul>\n<\/div>[\/vc_column_inner][\/vc_row_inner][\/vc_column][\/vc_row]<\/p>\n","protected":false},"excerpt":{"rendered":"<p>[vc_row equal_height=&#8221;yes&#8221; content_placement=&#8221;top&#8221; bg_type=&#8221;image&#8221; parallax_style=&#8221;vcpb-default&#8221; bg_image_new=&#8221;id^3237|url^https:\/\/www.turkishtranslationoffice.com\/de\/wp-content\/uploads\/sites\/2\/2020\/08\/noter-onayli-tercume.jpg|caption^null|alt^null|title^noter-onayli-tercume|description^null&#8221; bg_image_repeat=&#8221;no-repeat&#8221; bg_override=&#8221;ex-full&#8221; type=&#8221;vc_default&#8221; margin_top=&#8221;5&#8243; margin_bottom=&#8221;10&#8243; css=&#8221;.vc_custom_1629992667320{padding-top: 2% !important;padding-bottom: 2% !important;}&#8221;][vc_column width=&#8221;1\/2&#8243;][vc_column_text] Sprechen Sie uns an, wenn Sie unsere notariell beglaubigten \u00dcbersetzungen in allen Sprachen in Anspruch nehmen m\u00f6chten! TTO steht Ihnen als professionelles \u00dcbersetzungsb\u00fcro mit jahrelanger Erfahrung in der \u00dcbersetzungsbranche zur Verf\u00fcgung und verf\u00fcgt \u00fcber ein Netzwerk von Linguisten,&hellip;<\/p>\n","protected":false},"author":1,"featured_media":0,"parent":0,"menu_order":10,"comment_status":"closed","ping_status":"closed","template":"","meta":{"footnotes":""},"aioseo_notices":[],"_links":{"self":[{"href":"https:\/\/www.turkishtranslationoffice.com\/de\/wp-json\/wp\/v2\/pages\/2570"}],"collection":[{"href":"https:\/\/www.turkishtranslationoffice.com\/de\/wp-json\/wp\/v2\/pages"}],"about":[{"href":"https:\/\/www.turkishtranslationoffice.com\/de\/wp-json\/wp\/v2\/types\/page"}],"author":[{"embeddable":true,"href":"https:\/\/www.turkishtranslationoffice.com\/de\/wp-json\/wp\/v2\/users\/1"}],"replies":[{"embeddable":true,"href":"https:\/\/www.turkishtranslationoffice.com\/de\/wp-json\/wp\/v2\/comments?post=2570"}],"version-history":[{"count":13,"href":"https:\/\/www.turkishtranslationoffice.com\/de\/wp-json\/wp\/v2\/pages\/2570\/revisions"}],"predecessor-version":[{"id":6970,"href":"https:\/\/www.turkishtranslationoffice.com\/de\/wp-json\/wp\/v2\/pages\/2570\/revisions\/6970"}],"wp:attachment":[{"href":"https:\/\/www.turkishtranslationoffice.com\/de\/wp-json\/wp\/v2\/media?parent=2570"}],"curies":[{"name":"wp","href":"https:\/\/api.w.org\/{rel}","templated":true}]}}