{"id":2583,"date":"2020-08-07T17:53:59","date_gmt":"2020-08-07T14:53:59","guid":{"rendered":"https:\/\/www.turkishtranslationoffice.com\/tr\/ticari-tercume-copy\/"},"modified":"2022-02-08T12:46:24","modified_gmt":"2022-02-08T09:46:24","slug":"e-mail-uebersetzungen","status":"publish","type":"page","link":"https:\/\/www.turkishtranslationoffice.com\/de\/e-mail-uebersetzungen\/","title":{"rendered":"E-Mail-\u00dcbersetzungen"},"content":{"rendered":"<p>[vc_row equal_height=&#8221;yes&#8221; content_placement=&#8221;top&#8221; bg_type=&#8221;image&#8221; parallax_style=&#8221;vcpb-default&#8221; bg_image_new=&#8221;id^3405|url^https:\/\/www.turkishtranslationoffice.com\/de\/wp-content\/uploads\/sites\/2\/2020\/08\/e-mail-tercumesi.jpg|caption^null|alt^null|title^e-mail-tercumesi|description^null&#8221; bg_image_repeat=&#8221;no-repeat&#8221; bg_override=&#8221;ex-full&#8221; type=&#8221;vc_default&#8221; margin_top=&#8221;5&#8243; margin_bottom=&#8221;10&#8243; css=&#8221;.vc_custom_1629992701392{padding-top: 2% !important;padding-bottom: 2% !important;}&#8221;][vc_column width=&#8221;1\/2&#8243;]<div id=\"ultimate-heading-520269d4b0294cabe\" class=\"uvc-heading ult-adjust-bottom-margin ultimate-heading-520269d4b0294cabe uvc-4656 \" data-hspacer=\"no_spacer\"  data-halign=\"left\" style=\"text-align:left\"><div class=\"uvc-heading-spacer no_spacer\" style=\"top\"><\/div><div class=\"uvc-main-heading ult-responsive\"  data-ultimate-target='.uvc-heading.ultimate-heading-520269d4b0294cabe h1'  data-responsive-json-new='{\"font-size\":\"desktop:28px;\",\"line-height\":\"desktop:34px;\"}' ><h1 style=\"font-weight:bold;margin-bottom:25px;\">E-Mail-\u00dcbersetzungsdienstleistungen<\/h1><\/div><\/div>[vc_column_text]<\/p>\n<p style=\"text-align: left;\"><span style=\"font-weight: 400; font-size: 18px;\">Wenn Sie bereit sind, mit Ihrem Unternehmen global t\u00e4tig zu werden, aber jemanden brauchen, der die \u00dcbersetzung f\u00fcr Sie \u00fcbernimmt, sind wir mit unseren E-Mail-\u00dcbersetzungsdiensten f\u00fcr Sie da!<\/span><\/p>\n<p><span style=\"font-weight: 400; font-size: 18px;\">Lassen Sie sich diese Chance nicht entgehen, nur weil Sie die Zielsprache nicht beherrschen, kontaktieren Sie uns, um ein unverbindliches Angebot anzufordern.<\/span>[\/vc_column_text][vc_row_inner equal_height=&#8221;yes&#8221; content_placement=&#8221;top&#8221;][vc_column_inner css=&#8221;.vc_custom_1644313567062{padding-top: 20px !important;padding-bottom: 32px !important;}&#8221;]<style type=\"text\/css\" data-type=\"the7_shortcodes-inline-css\">#default-btn-41e9c9b5892e93934e135f5b7e0dfbed.ico-right-side > i {\n  margin-right: 0px;\n  margin-left: 8px;\n}\n#default-btn-41e9c9b5892e93934e135f5b7e0dfbed > i {\n  margin-right: 8px;\n}\n#default-btn-41e9c9b5892e93934e135f5b7e0dfbed * {\n  vertical-align: middle;\n}\n<\/style><a href=\"\/de\/angebot-anfordern\/\" class=\"default-btn-shortcode dt-btn dt-btn-l link-hover-off button-tto-grey btn-inline-left  vc_custom_1627293194113\" id=\"default-btn-41e9c9b5892e93934e135f5b7e0dfbed\" style=\"width:286px;\"><span>Kostenloses Angebot einholen<\/span><\/a><style type=\"text\/css\" data-type=\"the7_shortcodes-inline-css\">#default-btn-9cd706e719e4e5bf570b573245f3ff99.ico-right-side > i {\n  margin-right: 0px;\n  margin-left: 8px;\n}\n#default-btn-9cd706e719e4e5bf570b573245f3ff99 > i {\n  margin-right: 8px;\n}\n#default-btn-9cd706e719e4e5bf570b573245f3ff99 * {\n  vertical-align: middle;\n}\n<\/style><a href=\"\/de\/kontaktieren-sie-uns\/\" class=\"default-btn-shortcode dt-btn dt-btn-l link-hover-off button-tto-red btn-inline-left  vc_custom_1627293203207\" id=\"default-btn-9cd706e719e4e5bf570b573245f3ff99\" style=\"width:286px;\"><span>Kontakt<\/span><\/a>[\/vc_column_inner][\/vc_row_inner][\/vc_column][vc_column width=&#8221;1\/2&#8243;][\/vc_column][\/vc_row][vc_row bg_type=&#8221;image&#8221; bg_override=&#8221;full&#8221; css=&#8221;.vc_custom_1596535087001{background-image: url(https:\/\/www.turkishtranslationoffice.com\/de\/wp-content\/uploads\/sites\/2\/2020\/08\/uyari.jpg?id=2304) !important;}&#8221;][vc_column]<div class=\"smile_icon_list_wrap ult_info_list_container ult-adjust-bottom-margin   vc_custom_1596535225225\"><ul class=\"smile_icon_list top circle with_bg\"><li class=\"icon_list_item\" style=\" font-size:96px;\"><div class=\"icon_list_icon\" data-animation=\"\" data-animation-delay=\"03\" style=\"font-size:32px;border-width:1px;border-style:none;background:#ffffff;color:#d44133;border-color:#333333;\"><i class=\"fas fa-lock\" ><\/i><\/div><div class=\"icon_description\" id=\"Info-list-wrap-8626\" style=\"font-size:32px;\"><h3 class=\"ult-responsive info-list-heading\"  data-ultimate-target='#Info-list-wrap-8626 h3'  data-responsive-json-new='{\"font-size\":\"desktop:16px;\",\"line-height\":\"desktop:24px;\"}'  style=\"font-weight:bold;color:#ffffff;\">100 % Vertraulichkeit<\/h3><div class=\"icon_description_text ult-responsive\"  data-ultimate-target='#Info-list-wrap-8626 .icon_description_text'  data-responsive-json-new='{\"font-size\":\"desktop:13px;\",\"line-height\":\"desktop:18px;\"}'  style=\"color:#ffffff;\"><p>Wir schlie\u00dfen mit Dritten, mit denen wir zusammenarbeiten, Vertraulichkeitsvereinbarungen ab.<\/p>\n<\/div><\/div><div class=\"icon_list_connector\" data-animation=\"fadeInLeft\" data-animation-delay=\"03\" style=\"border: none !important;\"><\/div><\/li><li class=\"icon_list_item\" style=\" font-size:96px;\"><div class=\"icon_list_icon\" data-animation=\"\" data-animation-delay=\"03\" style=\"font-size:32px;border-width:1px;border-style:none;background:#ffffff;color:#d44133;border-color:#333333;\"><i class=\"fas fa-comments\" ><\/i><\/div><div class=\"icon_description\" id=\"Info-list-wrap-2949\" style=\"font-size:32px;\"><h3 class=\"ult-responsive info-list-heading\"  data-ultimate-target='#Info-list-wrap-2949 h3'  data-responsive-json-new='{\"font-size\":\"desktop:16px;\",\"line-height\":\"desktop:24px;\"}'  style=\"font-weight:bold;color:#ffffff;\">Rund um die Uhr online<\/h3><div class=\"icon_description_text ult-responsive\"  data-ultimate-target='#Info-list-wrap-2949 .icon_description_text'  data-responsive-json-new='{\"font-size\":\"desktop:13px;\",\"line-height\":\"desktop:18px;\"}'  style=\"color:#ffffff;\"><p>Wir sind rund um die Uhr online, um Ihre Dokumente zu \u00fcbersetzen, Sie m\u00fcssen nicht warten!<\/p>\n<\/div><\/div><div class=\"icon_list_connector\" data-animation=\"fadeInLeft\" data-animation-delay=\"03\" style=\"border: none !important;\"><\/div><\/li><li class=\"icon_list_item\" style=\" font-size:96px;\"><div class=\"icon_list_icon\" data-animation=\"\" data-animation-delay=\"03\" style=\"font-size:32px;border-width:1px;border-style:none;background:#ffffff;color:#d44133;border-color:#333333;\"><i class=\"fas fa-thumbs-up\" ><\/i><\/div><div class=\"icon_description\" id=\"Info-list-wrap-4658\" style=\"font-size:32px;\"><h3 class=\"ult-responsive info-list-heading\"  data-ultimate-target='#Info-list-wrap-4658 h3'  data-responsive-json-new='{\"font-size\":\"desktop:16px;\",\"line-height\":\"desktop:24px;\"}'  style=\"font-weight:bold;color:#ffffff;\">Renommiert<\/h3><div class=\"icon_description_text ult-responsive\"  data-ultimate-target='#Info-list-wrap-4658 .icon_description_text'  data-responsive-json-new='{\"font-size\":\"desktop:13px;\",\"line-height\":\"desktop:18px;\"}'  style=\"color:#ffffff;\"><p>Wir helfen Ihnen, mit Ihren Kunden in jeder Fremdsprache zu kommunizieren und langfristige Beziehungen aufzubauen.<\/p>\n<\/div><\/div><div class=\"icon_list_connector\" data-animation=\"fadeInLeft\" data-animation-delay=\"03\" style=\"border: none !important;\"><\/div><\/li><\/ul><\/div>[\/vc_column][\/vc_row][vc_row equal_height=&#8221;yes&#8221; content_placement=&#8221;top&#8221; bg_type=&#8221;image&#8221; parallax_style=&#8221;vcpb-hz-jquery&#8221; bg_image_new=&#8221;id^1611|url^https:\/\/www.turkishtranslationoffice.com\/de\/wp-content\/uploads\/sites\/2\/2016\/02\/bg-mem.png|caption^null|alt^null|title^bg-mem|description^null&#8221; bg_override=&#8221;ex-full&#8221; type=&#8221;vc_default&#8221; margin_top=&#8221;5&#8243; margin_bottom=&#8221;10&#8243; css=&#8221;.vc_custom_1598026302847{padding-top: 30px !important;padding-bottom: 50px !important;background-color: #f4f4f4 !important;}&#8221;][vc_column css=&#8221;.vc_custom_1491746299333{padding-bottom: 0px !important;}&#8221;][vc_row_inner equal_height=&#8221;yes&#8221; content_placement=&#8221;top&#8221;][vc_column_inner width=&#8221;1\/2&#8243; css=&#8221;.vc_custom_1596550089277{padding-top: 20px !important;}&#8221;]<div id=\"ultimate-heading-705869d4b0294ce33\" class=\"uvc-heading ult-adjust-bottom-margin ultimate-heading-705869d4b0294ce33 uvc-9276 \" data-hspacer=\"no_spacer\"  data-halign=\"left\" style=\"text-align:left\"><div class=\"uvc-heading-spacer no_spacer\" style=\"top\"><\/div><div class=\"uvc-main-heading ult-responsive\"  data-ultimate-target='.uvc-heading.ultimate-heading-705869d4b0294ce33 h2'  data-responsive-json-new='{\"font-size\":\"desktop:24px;\",\"line-height\":\"desktop:34px;\"}' ><h2 style=\"font-weight:bold;margin-bottom:25px;\">Wann w\u00fcrden Sie eine E-Mail-\u00dcbersetzung ben\u00f6tigen?<\/h2><\/div><\/div><div class=\"standard-arrow bullet-top\"><ul>\n<li>Die Globalisierung Ihres Unternehmens erfordert, dass Sie t\u00e4glich mit Ihren Lieferanten, Mitarbeitern und Kunden in deren eigener Sprache kommunizieren.<\/li>\n<li>Wenn Sie Ihr Studium im Ausland fortsetzen m\u00f6chten, m\u00fcssen Sie sich in Fremdsprachen verst\u00e4ndigen k\u00f6nnen.<\/li>\n<li>Wenn Sie ein Unternehmer sind und eine gro\u00dfartige Idee, ein Produkt oder eine Dienstleistung haben und versuchen, eine Investition zu finden, m\u00fcssen Sie Investoren im Ausland kontaktieren.<\/li>\n<li>Wenn Sie im Ausland arbeiten wollen, m\u00fcssen Sie sich in der Sprache bewerben, die das Unternehmen verlangt.<\/li>\n<li>Wenn Sie \u00fcber Grundkenntnisse in einer Fremdsprache verf\u00fcgen, aber die branchenspezifische Terminologie nicht beherrschen.<\/li>\n<li>Sie f\u00fchren eine E-Mail-Marketingkampagne durch und m\u00fcssen Ihre Kunden in deren Muttersprache ansprechen.<\/li>\n<\/ul>\n<\/div>[\/vc_column_inner][vc_column_inner width=&#8221;1\/2&#8243;][vc_column_text css=&#8221;.vc_custom_1644313578892{padding-top: 80px !important;}&#8221;]In jedem Fall sind wir f\u00fcr Sie da, um die gesamte E-Mail-Korrespondenz zu \u00fcbersetzen, damit Ihr Unternehmen expandieren kann!<\/p>\n<p>In einer globalisierten Welt sind die M\u00f6glichkeiten in Wirtschaft und Bildung grenzenlos. Alles, was Sie tun m\u00fcssen, ist die Kommunikation zu initiieren und Ihre Botschaft in einer Weise zu \u00fcbermitteln, die Ihre Zielgruppe verstehen w\u00fcrde! Kommunikation ist eine organische Interaktion und wir bieten die genaueste \u00dcbersetzung, die Ihnen hilft, Ihre exakte Botschaft in eine Fremdsprache zu \u00fcbertragen.[\/vc_column_text][\/vc_column_inner][\/vc_row_inner][\/vc_column][\/vc_row][vc_row content_placement=&#8221;middle&#8221; bg_type=&#8221;grad&#8221; bg_override=&#8221;ex-full&#8221; bg_grad=&#8221;background: -webkit-gradient(linear, left top, left bottom, color-stop(0%, #365088), color-stop(100%, #EA524D));background: -moz-linear-gradient(135deg,#365088 0%,#EA524D 100%);background: -webkit-linear-gradient(135deg,#365088 0%,#EA524D 100%);background: -o-linear-gradient(135deg,#365088 0%,#EA524D 100%);background: -ms-linear-gradient(135deg,#365088 0%,#EA524D 100%);background: linear-gradient(135deg,#365088 0%,#EA524D 100%);&#8221;][vc_column width=&#8221;2\/3&#8243;][vc_column_text]<strong style=\"color: #ffffff; font-size: 24px;\">Wenn Sie kosteng\u00fcnstige, professionelle E-Mail-\u00dcbersetzungen erhalten m\u00f6chten, kontaktieren Sie uns jetzt, um ein unverbindliches Angebot anzufordern!<\/strong>[\/vc_column_text][\/vc_column][vc_column width=&#8221;1\/3&#8243;][vc_btn title=&#8221;Angebot anfordern&#8221; color=&#8221;warning&#8221; size=&#8221;lg&#8221; align=&#8221;right&#8221; link=&#8221;url:%2Fde%2Fangebot-anfordern%2F&#8221;][\/vc_column][\/vc_row]<\/p>\n","protected":false},"excerpt":{"rendered":"<p>[vc_row equal_height=&#8221;yes&#8221; content_placement=&#8221;top&#8221; bg_type=&#8221;image&#8221; parallax_style=&#8221;vcpb-default&#8221; bg_image_new=&#8221;id^3405|url^https:\/\/www.turkishtranslationoffice.com\/de\/wp-content\/uploads\/sites\/2\/2020\/08\/e-mail-tercumesi.jpg|caption^null|alt^null|title^e-mail-tercumesi|description^null&#8221; bg_image_repeat=&#8221;no-repeat&#8221; bg_override=&#8221;ex-full&#8221; type=&#8221;vc_default&#8221; margin_top=&#8221;5&#8243; margin_bottom=&#8221;10&#8243; css=&#8221;.vc_custom_1629992701392{padding-top: 2% !important;padding-bottom: 2% !important;}&#8221;][vc_column width=&#8221;1\/2&#8243;][vc_column_text] Wenn Sie bereit sind, mit Ihrem Unternehmen global t\u00e4tig zu werden, aber jemanden brauchen, der die \u00dcbersetzung f\u00fcr Sie \u00fcbernimmt, sind wir mit unseren E-Mail-\u00dcbersetzungsdiensten f\u00fcr Sie da! Lassen Sie sich diese Chance nicht entgehen, nur weil Sie&hellip;<\/p>\n","protected":false},"author":1,"featured_media":0,"parent":0,"menu_order":10,"comment_status":"closed","ping_status":"closed","template":"","meta":{"footnotes":""},"aioseo_notices":[],"_links":{"self":[{"href":"https:\/\/www.turkishtranslationoffice.com\/de\/wp-json\/wp\/v2\/pages\/2583"}],"collection":[{"href":"https:\/\/www.turkishtranslationoffice.com\/de\/wp-json\/wp\/v2\/pages"}],"about":[{"href":"https:\/\/www.turkishtranslationoffice.com\/de\/wp-json\/wp\/v2\/types\/page"}],"author":[{"embeddable":true,"href":"https:\/\/www.turkishtranslationoffice.com\/de\/wp-json\/wp\/v2\/users\/1"}],"replies":[{"embeddable":true,"href":"https:\/\/www.turkishtranslationoffice.com\/de\/wp-json\/wp\/v2\/comments?post=2583"}],"version-history":[{"count":13,"href":"https:\/\/www.turkishtranslationoffice.com\/de\/wp-json\/wp\/v2\/pages\/2583\/revisions"}],"predecessor-version":[{"id":6873,"href":"https:\/\/www.turkishtranslationoffice.com\/de\/wp-json\/wp\/v2\/pages\/2583\/revisions\/6873"}],"wp:attachment":[{"href":"https:\/\/www.turkishtranslationoffice.com\/de\/wp-json\/wp\/v2\/media?parent=2583"}],"curies":[{"name":"wp","href":"https:\/\/api.w.org\/{rel}","templated":true}]}}