{"id":2629,"date":"2020-08-10T12:04:14","date_gmt":"2020-08-10T09:04:14","guid":{"rendered":"https:\/\/www.turkishtranslationoffice.com\/tr\/belge-tercumesi-copy\/"},"modified":"2022-02-08T13:49:38","modified_gmt":"2022-02-08T10:49:38","slug":"simultandolmetscherdienste","status":"publish","type":"page","link":"https:\/\/www.turkishtranslationoffice.com\/de\/simultandolmetscherdienste\/","title":{"rendered":"Simultandolmetschen"},"content":{"rendered":"<p>[vc_row equal_height=&#8221;yes&#8221; content_placement=&#8221;top&#8221; bg_type=&#8221;image&#8221; parallax_style=&#8221;vcpb-default&#8221; bg_image_new=&#8221;id^3411|url^https:\/\/www.turkishtranslationoffice.com\/de\/wp-content\/uploads\/sites\/2\/2020\/08\/simultane-tercume.jpg|caption^null|alt^null|title^simultane-tercume|description^null&#8221; bg_image_repeat=&#8221;no-repeat&#8221; bg_override=&#8221;ex-full&#8221; type=&#8221;vc_default&#8221; margin_top=&#8221;5&#8243; margin_bottom=&#8221;10&#8243; css=&#8221;.vc_custom_1629992871882{padding-top: 2% !important;padding-bottom: 2% !important;}&#8221;][vc_column width=&#8221;1\/2&#8243;]<div id=\"ultimate-heading-226269d4b204d7ae1\" class=\"uvc-heading ult-adjust-bottom-margin ultimate-heading-226269d4b204d7ae1 uvc-8572 \" data-hspacer=\"no_spacer\"  data-halign=\"left\" style=\"text-align:left\"><div class=\"uvc-heading-spacer no_spacer\" style=\"top\"><\/div><div class=\"uvc-main-heading ult-responsive\"  data-ultimate-target='.uvc-heading.ultimate-heading-226269d4b204d7ae1 h1'  data-responsive-json-new='{\"font-size\":\"desktop:28px;\",\"line-height\":\"desktop:34px;\"}' ><h1 style=\"font-weight:bold;margin-bottom:25px;\">Simultandolmetscherdienste<\/h1><\/div><\/div>[vc_column_text]<\/p>\n<p style=\"text-align: left;\"><span style=\"font-weight: 400; font-size: 18px;\">Sie suchen einen professionellen Simultandolmetscherservice f\u00fcr Ihre Konferenzen oder Veranstaltungen?<\/span><\/p>\n<p><span style=\"font-weight: 400; font-size: 18px;\">Mit unserer langj\u00e4hrigen Erfahrung in der Branche bieten wir die beste Qualit\u00e4t der Dienstleistungen und der technischen Ausstattung. Fordern Sie jetzt Ihr kostenloses Angebot an!<\/span>[\/vc_column_text][vc_row_inner equal_height=&#8221;yes&#8221; content_placement=&#8221;top&#8221;][vc_column_inner css=&#8221;.vc_custom_1644317370514{padding-top: 20px !important;padding-bottom: 32px !important;}&#8221;]<style type=\"text\/css\" data-type=\"the7_shortcodes-inline-css\">#default-btn-ef16706349209d3c742203ca81ddfb94.ico-right-side > i {\n  margin-right: 0px;\n  margin-left: 8px;\n}\n#default-btn-ef16706349209d3c742203ca81ddfb94 > i {\n  margin-right: 8px;\n}\n#default-btn-ef16706349209d3c742203ca81ddfb94 * {\n  vertical-align: middle;\n}\n<\/style><a href=\"\/de\/angebot-anfordern\/\" class=\"default-btn-shortcode dt-btn dt-btn-l link-hover-off button-tto-grey btn-inline-left  vc_custom_1627293505929\" id=\"default-btn-ef16706349209d3c742203ca81ddfb94\" style=\"width:286px;\"><span>Kostenloses Angebot einholen<\/span><\/a><style type=\"text\/css\" data-type=\"the7_shortcodes-inline-css\">#default-btn-75cdecc8417b4f7ca0ef2eba704387fe.ico-right-side > i {\n  margin-right: 0px;\n  margin-left: 8px;\n}\n#default-btn-75cdecc8417b4f7ca0ef2eba704387fe > i {\n  margin-right: 8px;\n}\n#default-btn-75cdecc8417b4f7ca0ef2eba704387fe * {\n  vertical-align: middle;\n}\n<\/style><a href=\"\/de\/kontaktieren-sie-uns\/\" class=\"default-btn-shortcode dt-btn dt-btn-l link-hover-off button-tto-red btn-inline-left  vc_custom_1627293515255\" id=\"default-btn-75cdecc8417b4f7ca0ef2eba704387fe\" style=\"width:286px;\"><span>Kontakt<\/span><\/a>[\/vc_column_inner][\/vc_row_inner][\/vc_column][vc_column width=&#8221;1\/2&#8243;][\/vc_column][\/vc_row][vc_row equal_height=&#8221;yes&#8221; content_placement=&#8221;top&#8221; bg_type=&#8221;bg_color&#8221; bg_override=&#8221;ex-full&#8221; type=&#8221;vc_default&#8221; margin_top=&#8221;5&#8243; margin_bottom=&#8221;10&#8243; css=&#8221;.vc_custom_1598347173915{padding-top: 30px !important;padding-bottom: 50px !important;}&#8221; bg_color_value=&#8221;#ffffff&#8221;][vc_column css=&#8221;.vc_custom_1491746299333{padding-bottom: 0px !important;}&#8221;][vc_row_inner equal_height=&#8221;yes&#8221; content_placement=&#8221;top&#8221;][vc_column_inner width=&#8221;1\/2&#8243;]<style type=\"text\/css\" data-type=\"the7_shortcodes-inline-css\">.shortcode-single-image-wrap.shortcode-single-image-e312ac42ff996625863c55d3769b6221.enable-bg-rollover .rollover i,\n.shortcode-single-image-wrap.shortcode-single-image-e312ac42ff996625863c55d3769b6221.enable-bg-rollover .rollover-video i {\n  background: ;\n  background: -webkit-linear-gradient();\n  background: linear-gradient();\n}\n.shortcode-single-image-wrap.shortcode-single-image-e312ac42ff996625863c55d3769b6221 .rollover-icon {\n  font-size: 32px;\n  color: #ffffff;\n  min-width: 44px;\n  min-height: 44px;\n  line-height: 44px;\n  border-radius: 100px;\n  border-style: solid;\n  border-width: 0px;\n}\n.dt-icon-bg-on.shortcode-single-image-wrap.shortcode-single-image-e312ac42ff996625863c55d3769b6221 .rollover-icon {\n  background: rgba(255,255,255,0.3);\n  box-shadow: none;\n}\n<\/style><div class=\"shortcode-single-image-wrap shortcode-single-image-e312ac42ff996625863c55d3769b6221 alignnone  enable-bg-rollover dt-icon-bg-off\" style=\"margin-top:0px; margin-bottom:0px; margin-left:0px; margin-right:0px; width:1000px;\"><div class=\"shortcode-single-image\"><div class=\"fancy-media-wrap  layzr-bg\" style=\"border-radius:10px;\"><img loading=\"lazy\" decoding=\"async\" class=\"preload-me lazy-load\" src=\"data:image\/svg+xml,%3Csvg%20xmlns%3D&#39;http%3A%2F%2Fwww.w3.org%2F2000%2Fsvg&#39;%20viewBox%3D&#39;0%200%201000%20700&#39;%2F%3E\" data-src=\"https:\/\/www.turkishtranslationoffice.com\/de\/wp-content\/uploads\/sites\/4\/2020\/08\/simultane-tercume-nedir-nasil-yapilir-1000x700.jpg\" data-srcset=\"https:\/\/www.turkishtranslationoffice.com\/de\/wp-content\/uploads\/sites\/4\/2020\/08\/simultane-tercume-nedir-nasil-yapilir-1000x700.jpg 1000w, https:\/\/www.turkishtranslationoffice.com\/de\/wp-content\/uploads\/sites\/4\/2020\/08\/simultane-tercume-nedir-nasil-yapilir-1524x1067.jpg 1524w\" width=\"1000\" height=\"700\"  data-dt-location=\"https:\/\/www.turkishtranslationoffice.com\/de\/simultandolmetscherdienste\/simultane-tercume-nedir-nasil-yapilir\/\" style=\"border-radius:10px;\" alt=\"\" \/><\/div><\/div><\/div>[\/vc_column_inner][vc_column_inner width=&#8221;1\/2&#8243; css=&#8221;.vc_custom_1596550089277{padding-top: 20px !important;}&#8221;]<div id=\"ultimate-heading-939269d4b204d822e\" class=\"uvc-heading ult-adjust-bottom-margin ultimate-heading-939269d4b204d822e uvc-3283 \" data-hspacer=\"no_spacer\"  data-halign=\"left\" style=\"text-align:left\"><div class=\"uvc-heading-spacer no_spacer\" style=\"top\"><\/div><div class=\"uvc-main-heading ult-responsive\"  data-ultimate-target='.uvc-heading.ultimate-heading-939269d4b204d822e h2'  data-responsive-json-new='{\"font-size\":\"desktop:24px;\",\"line-height\":\"desktop:34px;\"}' ><h2 style=\"font-weight:bold;margin-bottom:25px;\">Was ist Simultandolmetschen?<\/h2><\/div><\/div>[vc_column_text]Das Dolmetschen ist die \u00e4lteste Art des \u00dcbersetzens, und das Simultandolmetschen kann als die schwierigste angesehen werden. Einer der Hauptgr\u00fcnde daf\u00fcr ist, dass es verschiedene F\u00e4higkeiten und gleichzeitig eine gro\u00dfe Menge an Erfahrung erfordert. Ein Dolmetscher muss nicht nur sein Kurzzeitged\u00e4chtnis perfekt im Griff haben, sondern sollte auch \u00fcber ein gro\u00dfes Wissen zur Thematik verf\u00fcgen.<\/p>\n<p>W\u00e4hrend des Dolmetschens sitzt ein Dolmetscher in der Regel in einer Kabine, die so platziert ist, dass er die B\u00fchne und den Redner sehen kann. W\u00e4hrend der Redner seinen Vortrag h\u00e4lt, gibt der Dolmetscher gleichzeitig die \u00dcbersetzung in die Zielsprache wieder. F\u00fcr diese spezielle Art des Dolmetschens wird eine fortschrittliche Dolmetschertechnik ben\u00f6tigt.[\/vc_column_text][\/vc_column_inner][\/vc_row_inner][\/vc_column][\/vc_row][vc_row equal_height=&#8221;yes&#8221; content_placement=&#8221;top&#8221; bg_type=&#8221;image&#8221; parallax_style=&#8221;vcpb-default&#8221; bg_image_new=&#8221;id^3416|url^https:\/\/www.turkishtranslationoffice.com\/de\/wp-content\/uploads\/sites\/2\/2020\/08\/simultane-tercumenin-uc-avantaji.jpg|caption^null|alt^null|title^simultane-tercumenin-uc-avantaji|description^null&#8221; bg_image_repeat=&#8221;no-repeat&#8221; bg_override=&#8221;ex-full&#8221; type=&#8221;vc_default&#8221; margin_top=&#8221;5&#8243; margin_bottom=&#8221;10&#8243; css=&#8221;.vc_custom_1598347042945{padding-top: 30px !important;padding-bottom: 50px !important;}&#8221;][vc_column css=&#8221;.vc_custom_1491746299333{padding-bottom: 0px !important;}&#8221;][vc_row_inner equal_height=&#8221;yes&#8221; content_placement=&#8221;top&#8221;][vc_column_inner width=&#8221;1\/2&#8243; css=&#8221;.vc_custom_1596550089277{padding-top: 20px !important;}&#8221;]<div id=\"ultimate-heading-222369d4b204d824e\" class=\"uvc-heading ult-adjust-bottom-margin ultimate-heading-222369d4b204d824e uvc-2640 \" data-hspacer=\"no_spacer\"  data-halign=\"left\" style=\"text-align:left\"><div class=\"uvc-heading-spacer no_spacer\" style=\"top\"><\/div><div class=\"uvc-main-heading ult-responsive\"  data-ultimate-target='.uvc-heading.ultimate-heading-222369d4b204d824e h2'  data-responsive-json-new='{\"font-size\":\"desktop:24px;\",\"line-height\":\"desktop:34px;\"}' ><h2 style=\"font-weight:bold;margin-bottom:25px;\">Was sind die Vorteile des Simultandolmetschens?<\/h2><\/div><\/div>[vc_column_text]<b style=\"color: #d44133;\">Unmittelbar<br \/>\n<\/b><span style=\"font-weight: 400;\">Die Verdolmetschung wird in Echtzeit mit der Sprache durchgef\u00fchrt, so dass sie keine zus\u00e4tzliche Zeit in Anspruch nimmt.<\/span><\/p>\n<p><b style=\"color: #d44133;\">F\u00e4higkeit, in verschiedene Sprachen zu dolmetschen<br \/>\n<\/b><span style=\"font-weight: 400;\">Dank der technischen Ausstattung k\u00f6nnen verschiedene Sprachen gleichzeitig gedolmetscht und von den Zuh\u00f6rern mitgeh\u00f6rt werden.<\/span><\/p>\n<p><b style=\"color: #d44133;\">Ununterbrochener Redefluss<br \/>\n<\/b><span style=\"font-weight: 400;\">Beim Simultandolmetschen wird der Redner nicht unterbrochen.<\/span><\/p>\n<p><b>Wann w\u00fcrden Sie Simultandolmetschen ben\u00f6tigen?<\/b><\/p>\n<ul>\n<li>Kongresse und Konferenzen<\/li>\n<li><span style=\"font-weight: 400;\">Gef\u00fchrte Touren<\/span><\/li>\n<li><span style=\"font-weight: 400;\">Schulungen und Vortr\u00e4ge<\/span><\/li>\n<li><span style=\"font-weight: 400;\">Interviews und Shows bei Live-\u00dcbertragungen<\/span><\/li>\n<li><span style=\"font-weight: 400;\">Beh\u00f6rdliche und politische Sitzungen<\/span><\/li>\n<\/ul>\n<p>[\/vc_column_text][\/vc_column_inner][vc_column_inner width=&#8221;1\/2&#8243;][\/vc_column_inner][\/vc_row_inner][\/vc_column][\/vc_row][vc_row equal_height=&#8221;yes&#8221; content_placement=&#8221;top&#8221; bg_type=&#8221;image&#8221; parallax_style=&#8221;vcpb-hz-jquery&#8221; bg_image_new=&#8221;id^1611|url^https:\/\/www.turkishtranslationoffice.com\/de\/wp-content\/uploads\/sites\/2\/2016\/02\/bg-mem.png|caption^null|alt^null|title^bg-mem|description^null&#8221; bg_override=&#8221;ex-full&#8221; type=&#8221;vc_default&#8221; margin_top=&#8221;5&#8243; margin_bottom=&#8221;10&#8243; css=&#8221;.vc_custom_1598347269506{padding-top: 30px !important;padding-bottom: 50px !important;background-color: #657799 !important;}&#8221;][vc_column css=&#8221;.vc_custom_1491746299333{padding-bottom: 0px !important;}&#8221;][vc_row_inner equal_height=&#8221;yes&#8221; content_placement=&#8221;top&#8221;][vc_column_inner width=&#8221;1\/2&#8243;]<style type=\"text\/css\" data-type=\"the7_shortcodes-inline-css\">.shortcode-single-image-wrap.shortcode-single-image-3b24e32dfb46702afacacf2edd80c81b.enable-bg-rollover .rollover i,\n.shortcode-single-image-wrap.shortcode-single-image-3b24e32dfb46702afacacf2edd80c81b.enable-bg-rollover .rollover-video i {\n  background: ;\n  background: -webkit-linear-gradient();\n  background: linear-gradient();\n}\n.shortcode-single-image-wrap.shortcode-single-image-3b24e32dfb46702afacacf2edd80c81b .rollover-icon {\n  font-size: 32px;\n  color: #ffffff;\n  min-width: 44px;\n  min-height: 44px;\n  line-height: 44px;\n  border-radius: 100px;\n  border-style: solid;\n  border-width: 0px;\n}\n.dt-icon-bg-on.shortcode-single-image-wrap.shortcode-single-image-3b24e32dfb46702afacacf2edd80c81b .rollover-icon {\n  background: rgba(255,255,255,0.3);\n  box-shadow: none;\n}\n<\/style><div class=\"shortcode-single-image-wrap shortcode-single-image-3b24e32dfb46702afacacf2edd80c81b alignnone  enable-bg-rollover dt-icon-bg-off\" style=\"margin-top:0px; margin-bottom:0px; margin-left:0px; margin-right:0px; width:1000px;\"><div class=\"shortcode-single-image\"><div class=\"fancy-media-wrap  layzr-bg\" style=\"border-radius:10px;\"><img loading=\"lazy\" decoding=\"async\" class=\"preload-me lazy-load\" src=\"data:image\/svg+xml,%3Csvg%20xmlns%3D&#39;http%3A%2F%2Fwww.w3.org%2F2000%2Fsvg&#39;%20viewBox%3D&#39;0%200%201000%20700&#39;%2F%3E\" data-src=\"https:\/\/www.turkishtranslationoffice.com\/de\/wp-content\/uploads\/sites\/4\/2020\/08\/tto-ayricaliklari-1000x700.jpg\" data-srcset=\"https:\/\/www.turkishtranslationoffice.com\/de\/wp-content\/uploads\/sites\/4\/2020\/08\/tto-ayricaliklari-1000x700.jpg 1000w, https:\/\/www.turkishtranslationoffice.com\/de\/wp-content\/uploads\/sites\/4\/2020\/08\/tto-ayricaliklari-1521x1065.jpg 1521w\" width=\"1000\" height=\"700\"  data-dt-location=\"https:\/\/www.turkishtranslationoffice.com\/de\/literarische-uebersetzungen\/tto-ayricaliklari\/\" style=\"border-radius:10px;\" alt=\"\" \/><\/div><\/div><\/div>[\/vc_column_inner][vc_column_inner width=&#8221;1\/2&#8243; css=&#8221;.vc_custom_1596550089277{padding-top: 20px !important;}&#8221;]<div id=\"ultimate-heading-96769d4b204d8626\" class=\"uvc-heading ult-adjust-bottom-margin ultimate-heading-96769d4b204d8626 uvc-6102 \" data-hspacer=\"no_spacer\"  data-halign=\"left\" style=\"text-align:left\"><div class=\"uvc-heading-spacer no_spacer\" style=\"top\"><\/div><div class=\"uvc-main-heading ult-responsive\"  data-ultimate-target='.uvc-heading.ultimate-heading-96769d4b204d8626 h2'  data-responsive-json-new='{\"font-size\":\"desktop:24px;\",\"line-height\":\"desktop:34px;\"}' ><h2 style=\"font-weight:bold;color:#ffffff;margin-bottom:25px;\">Warum sollten Sie Turkish Translation Office f\u00fcr Simultandolmetschen w\u00e4hlen?<\/h2><\/div><\/div><div class=\"standard-arrow bullet-top\"><ul>\n<li><span style=\"font-weight: 400; color: #ffffff;\">Wir haben ein ziemlich gro\u00dfes Netzwerk von Konferenzdolmetschern. Mit unseren +500 Dolmetschern bieten wir professionelle Dienstleistungen in allen Sprachen.<\/span><\/li>\n<li><span style=\"font-weight: 400; color: #ffffff;\">Unsere Simultandolmetscher sind speziell geschult und verf\u00fcgen \u00fcber alle erforderlichen F\u00e4higkeiten, au\u00dferdem haben sie Fachwissen \u00fcber Ihre Branche.<\/span><\/li>\n<li><span style=\"font-weight: 400; color: #ffffff;\">Wir haben die Erfahrung und das Know-how f\u00fcr die technischen Anforderungen; Sie brauchen sich nicht nach einem anderen Unternehmen f\u00fcr die simultane Ger\u00e4tevermietung umzusehen.<\/span><\/li>\n<li><span style=\"font-weight: 400; color: #ffffff;\">Selbstverst\u00e4ndlich wahren wir Ihre Diskretion und schlie\u00dfen mit den Dolmetschern und Dritten Geheimhaltungsvereinbarungen ab.<\/span><\/li>\n<li><span style=\"font-weight: 400; color: #ffffff;\">Turkish Translation Office erf\u00fcllt s\u00e4mtliche Vorgaben, die nach ISO 9001 und ISO 17100 erforderlich sind.<\/span><\/li>\n<\/ul>\n<\/div>[\/vc_column_inner][\/vc_row_inner][\/vc_column][\/vc_row][vc_row content_placement=&#8221;middle&#8221; bg_type=&#8221;grad&#8221; bg_override=&#8221;full&#8221; bg_grad=&#8221;background: -webkit-gradient(linear, left top, left bottom, color-stop(0%, #365088), color-stop(100%, #EA524D));background: -moz-linear-gradient(135deg,#365088 0%,#EA524D 100%);background: -webkit-linear-gradient(135deg,#365088 0%,#EA524D 100%);background: -o-linear-gradient(135deg,#365088 0%,#EA524D 100%);background: -ms-linear-gradient(135deg,#365088 0%,#EA524D 100%);background: linear-gradient(135deg,#365088 0%,#EA524D 100%);&#8221;][vc_column width=&#8221;2\/3&#8243;][vc_column_text]<strong style=\"color: #ffffff; font-size: 24px;\">Sie ben\u00f6tigen dringend einen Simultandolmetscherservice von einer professionellen Agentur? Kontaktieren Sie uns jetzt, um ein unverbindliches Angebot anzufordern!<\/strong>[\/vc_column_text][\/vc_column][vc_column width=&#8221;1\/3&#8243;][vc_btn title=&#8221;Kontakt&#8221; color=&#8221;warning&#8221; size=&#8221;lg&#8221; align=&#8221;right&#8221; link=&#8221;url:%2Fde%2Fkontaktieren-sie-uns%2F&#8221;][\/vc_column][\/vc_row]<\/p>\n","protected":false},"excerpt":{"rendered":"<p>[vc_row equal_height=&#8221;yes&#8221; content_placement=&#8221;top&#8221; bg_type=&#8221;image&#8221; parallax_style=&#8221;vcpb-default&#8221; bg_image_new=&#8221;id^3411|url^https:\/\/www.turkishtranslationoffice.com\/de\/wp-content\/uploads\/sites\/2\/2020\/08\/simultane-tercume.jpg|caption^null|alt^null|title^simultane-tercume|description^null&#8221; bg_image_repeat=&#8221;no-repeat&#8221; bg_override=&#8221;ex-full&#8221; type=&#8221;vc_default&#8221; margin_top=&#8221;5&#8243; margin_bottom=&#8221;10&#8243; css=&#8221;.vc_custom_1629992871882{padding-top: 2% !important;padding-bottom: 2% !important;}&#8221;][vc_column width=&#8221;1\/2&#8243;][vc_column_text] Sie suchen einen professionellen Simultandolmetscherservice f\u00fcr Ihre Konferenzen oder Veranstaltungen? Mit unserer langj\u00e4hrigen Erfahrung in der Branche bieten wir die beste Qualit\u00e4t der Dienstleistungen und der technischen Ausstattung. Fordern Sie jetzt Ihr kostenloses Angebot an![\/vc_column_text][vc_row_inner equal_height=&#8221;yes&#8221; content_placement=&#8221;top&#8221;][vc_column_inner css=&#8221;.vc_custom_1644317370514{padding-top:&hellip;<\/p>\n","protected":false},"author":1,"featured_media":0,"parent":0,"menu_order":10,"comment_status":"closed","ping_status":"closed","template":"","meta":{"footnotes":""},"aioseo_notices":[],"_links":{"self":[{"href":"https:\/\/www.turkishtranslationoffice.com\/de\/wp-json\/wp\/v2\/pages\/2629"}],"collection":[{"href":"https:\/\/www.turkishtranslationoffice.com\/de\/wp-json\/wp\/v2\/pages"}],"about":[{"href":"https:\/\/www.turkishtranslationoffice.com\/de\/wp-json\/wp\/v2\/types\/page"}],"author":[{"embeddable":true,"href":"https:\/\/www.turkishtranslationoffice.com\/de\/wp-json\/wp\/v2\/users\/1"}],"replies":[{"embeddable":true,"href":"https:\/\/www.turkishtranslationoffice.com\/de\/wp-json\/wp\/v2\/comments?post=2629"}],"version-history":[{"count":12,"href":"https:\/\/www.turkishtranslationoffice.com\/de\/wp-json\/wp\/v2\/pages\/2629\/revisions"}],"predecessor-version":[{"id":5539,"href":"https:\/\/www.turkishtranslationoffice.com\/de\/wp-json\/wp\/v2\/pages\/2629\/revisions\/5539"}],"wp:attachment":[{"href":"https:\/\/www.turkishtranslationoffice.com\/de\/wp-json\/wp\/v2\/media?parent=2629"}],"curies":[{"name":"wp","href":"https:\/\/api.w.org\/{rel}","templated":true}]}}