{"id":2644,"date":"2020-08-10T12:33:58","date_gmt":"2020-08-10T09:33:58","guid":{"rendered":"https:\/\/www.turkishtranslationoffice.com\/tr\/simultane-tercume-copy\/"},"modified":"2022-02-08T13:49:24","modified_gmt":"2022-02-08T10:49:24","slug":"vermietung-von-simultananlagen","status":"publish","type":"page","link":"https:\/\/www.turkishtranslationoffice.com\/de\/vermietung-von-simultananlagen\/","title":{"rendered":"Simultandolmetschanlage mieten"},"content":{"rendered":"<p>[vc_row equal_height=&#8221;yes&#8221; content_placement=&#8221;top&#8221; bg_type=&#8221;image&#8221; parallax_style=&#8221;vcpb-default&#8221; bg_image_new=&#8221;id^3486|url^https:\/\/www.turkishtranslationoffice.com\/de\/wp-content\/uploads\/sites\/2\/2020\/08\/simultane-sistem-kiralama-.jpg|caption^null|alt^null|title^simultane-sistem-kiralama-|description^null&#8221; bg_image_repeat=&#8221;no-repeat&#8221; bg_override=&#8221;ex-full&#8221; type=&#8221;vc_default&#8221; margin_top=&#8221;5&#8243; margin_bottom=&#8221;10&#8243; css=&#8221;.vc_custom_1629992937007{padding-top: 2% !important;padding-bottom: 2% !important;}&#8221;][vc_column width=&#8221;1\/2&#8243;]<div id=\"ultimate-heading-647569d4b0463ca3e\" class=\"uvc-heading ult-adjust-bottom-margin ultimate-heading-647569d4b0463ca3e uvc-2225 \" data-hspacer=\"no_spacer\"  data-halign=\"left\" style=\"text-align:left\"><div class=\"uvc-heading-spacer no_spacer\" style=\"top\"><\/div><div class=\"uvc-main-heading ult-responsive\"  data-ultimate-target='.uvc-heading.ultimate-heading-647569d4b0463ca3e h1'  data-responsive-json-new='{\"font-size\":\"desktop:28px;\",\"line-height\":\"desktop:34px;\"}' ><h1 style=\"font-weight:bold;margin-bottom:25px;\">Simultandolmetscheranlage mieten<\/h1><\/div><\/div>[vc_column_text]<\/p>\n<p style=\"text-align: left;\"><span style=\"font-weight: 400; font-size: 18px;\">Wir bieten modernste, qualitativ hochwertige Simultananlagen zu erschwinglichen Preisen. Wenn Sie Simultandolmetschen ben\u00f6tigen und dazu noch technische Ausr\u00fcstung mieten m\u00f6chten, stehen wir Ihnen mit unserem Ausr\u00fcstungsverleih zur Verf\u00fcgung.<\/span><\/p>\n<p>[\/vc_column_text][vc_row_inner equal_height=&#8221;yes&#8221; content_placement=&#8221;top&#8221;][vc_column_inner css=&#8221;.vc_custom_1644317358890{padding-top: 20px !important;padding-bottom: 32px !important;}&#8221;]<style type=\"text\/css\" data-type=\"the7_shortcodes-inline-css\">#default-btn-1d16e9ccffe2223734f7fd7d5fbf6ab0.ico-right-side > i {\n  margin-right: 0px;\n  margin-left: 8px;\n}\n#default-btn-1d16e9ccffe2223734f7fd7d5fbf6ab0 > i {\n  margin-right: 8px;\n}\n#default-btn-1d16e9ccffe2223734f7fd7d5fbf6ab0 * {\n  vertical-align: middle;\n}\n<\/style><a href=\"\/de\/angebot-anfordern\/\" class=\"default-btn-shortcode dt-btn dt-btn-l link-hover-off button-tto-grey btn-inline-left  vc_custom_1627293612769\" id=\"default-btn-1d16e9ccffe2223734f7fd7d5fbf6ab0\" style=\"width:286px;\"><span>Kostenloses Angebot einholen<\/span><\/a><style type=\"text\/css\" data-type=\"the7_shortcodes-inline-css\">#default-btn-6b543d86fec774a31eba7c1c96fdaf44.ico-right-side > i {\n  margin-right: 0px;\n  margin-left: 8px;\n}\n#default-btn-6b543d86fec774a31eba7c1c96fdaf44 > i {\n  margin-right: 8px;\n}\n#default-btn-6b543d86fec774a31eba7c1c96fdaf44 * {\n  vertical-align: middle;\n}\n<\/style><a href=\"\/de\/kontaktieren-sie-uns\/\" class=\"default-btn-shortcode dt-btn dt-btn-l link-hover-off button-tto-red btn-inline-left  vc_custom_1627293619408\" id=\"default-btn-6b543d86fec774a31eba7c1c96fdaf44\" style=\"width:286px;\"><span>Kontakt<\/span><\/a>[\/vc_column_inner][\/vc_row_inner][\/vc_column][vc_column width=&#8221;1\/2&#8243;][\/vc_column][\/vc_row][vc_row equal_height=&#8221;yes&#8221; content_placement=&#8221;top&#8221; bg_type=&#8221;bg_color&#8221; bg_override=&#8221;ex-full&#8221; type=&#8221;vc_default&#8221; margin_top=&#8221;5&#8243; margin_bottom=&#8221;10&#8243; css=&#8221;.vc_custom_1596636425678{padding-top: 30px !important;padding-bottom: 50px !important;}&#8221; bg_color_value=&#8221;#f4f4f4&#8243;][vc_column css=&#8221;.vc_custom_1491746299333{padding-bottom: 0px !important;}&#8221;][vc_row_inner equal_height=&#8221;yes&#8221; content_placement=&#8221;top&#8221;][vc_column_inner width=&#8221;1\/2&#8243;]<style type=\"text\/css\" data-type=\"the7_shortcodes-inline-css\">.shortcode-single-image-wrap.shortcode-single-image-fbb926f973acdc81c681adb599da29de.enable-bg-rollover .rollover i,\n.shortcode-single-image-wrap.shortcode-single-image-fbb926f973acdc81c681adb599da29de.enable-bg-rollover .rollover-video i {\n  background: ;\n  background: -webkit-linear-gradient();\n  background: linear-gradient();\n}\n.shortcode-single-image-wrap.shortcode-single-image-fbb926f973acdc81c681adb599da29de .rollover-icon {\n  font-size: 32px;\n  color: #ffffff;\n  min-width: 44px;\n  min-height: 44px;\n  line-height: 44px;\n  border-radius: 100px;\n  border-style: solid;\n  border-width: 0px;\n}\n.dt-icon-bg-on.shortcode-single-image-wrap.shortcode-single-image-fbb926f973acdc81c681adb599da29de .rollover-icon {\n  background: rgba(255,255,255,0.3);\n  box-shadow: none;\n}\n<\/style><div class=\"shortcode-single-image-wrap shortcode-single-image-fbb926f973acdc81c681adb599da29de alignnone  enable-bg-rollover dt-icon-bg-off\" style=\"margin-top:0px; margin-bottom:0px; margin-left:0px; margin-right:0px; width:1000px;\"><div class=\"shortcode-single-image\"><div class=\"fancy-media-wrap  layzr-bg\" style=\"border-radius:10px;\"><img loading=\"lazy\" decoding=\"async\" class=\"preload-me lazy-load\" src=\"data:image\/svg+xml,%3Csvg%20xmlns%3D&#39;http%3A%2F%2Fwww.w3.org%2F2000%2Fsvg&#39;%20viewBox%3D&#39;0%200%201000%20700&#39;%2F%3E\" data-src=\"https:\/\/www.turkishtranslationoffice.com\/de\/wp-content\/uploads\/sites\/4\/2020\/09\/simultane-ceviri-ekipmanlari-1-1000x700.jpg\" data-srcset=\"https:\/\/www.turkishtranslationoffice.com\/de\/wp-content\/uploads\/sites\/4\/2020\/09\/simultane-ceviri-ekipmanlari-1-1000x700.jpg 1000w, https:\/\/www.turkishtranslationoffice.com\/de\/wp-content\/uploads\/sites\/4\/2020\/09\/simultane-ceviri-ekipmanlari-1-1509x1057.jpg 1509w\" width=\"1000\" height=\"700\"  data-dt-location=\"https:\/\/www.turkishtranslationoffice.com\/de\/vermietung-von-simultananlagen\/simultane-ceviri-ekipmanlari\/\" style=\"border-radius:10px;\" alt=\"\" \/><\/div><\/div><\/div>[\/vc_column_inner][vc_column_inner width=&#8221;1\/2&#8243; css=&#8221;.vc_custom_1596550089277{padding-top: 20px !important;}&#8221;]<div id=\"ultimate-heading-318569d4b0463d08f\" class=\"uvc-heading ult-adjust-bottom-margin ultimate-heading-318569d4b0463d08f uvc-7902 \" data-hspacer=\"no_spacer\"  data-halign=\"left\" style=\"text-align:left\"><div class=\"uvc-heading-spacer no_spacer\" style=\"top\"><\/div><div class=\"uvc-main-heading ult-responsive\"  data-ultimate-target='.uvc-heading.ultimate-heading-318569d4b0463d08f h2'  data-responsive-json-new='{\"font-size\":\"desktop:24px;\",\"line-height\":\"desktop:34px;\"}' ><h2 style=\"font-weight:bold;margin-bottom:25px;\">Simultandolmetscheranlage<\/h2><\/div><\/div>[vc_column_text]Das Simultandolmetschen erfordert spezielle \u00dcbersetzungstechniken, die mit Hilfe von eigens entwickelten Hilfsmitteln und Ger\u00e4ten erreicht werden k\u00f6nnen. Bei internationalen Konferenzen und Veranstaltungen, bei denen mehr als eine Sprache gesprochen wird, m\u00fcssen Sie eine klare und verst\u00e4ndliche Verdolmetschung f\u00fcr die Zuh\u00f6rer liefern. Die Dolmetschtechnik ist eine der wichtigsten Komponenten, um ein reibungsloses Dolmetscherlebnis zu bieten.<\/p>\n<p><b>Die Qualit\u00e4t des Simultandolmetschens h\u00e4ngt haupts\u00e4chlich von folgenden Faktoren ab:<\/b><\/p>\n<ul>\n<li><span style=\"font-weight: 400;\">Fachwissen des Dolmetschers zum Thema<\/span><\/li>\n<li><span style=\"font-weight: 400;\">F\u00e4higkeiten des Dolmetschers<\/span><\/li>\n<li><span style=\"font-weight: 400;\">Die Qualit\u00e4t der technischen Ausstattung<\/span><\/li>\n<\/ul>\n<p>[\/vc_column_text][\/vc_column_inner][\/vc_row_inner][\/vc_column][\/vc_row][vc_row equal_height=&#8221;yes&#8221; content_placement=&#8221;top&#8221; bg_type=&#8221;image&#8221; parallax_style=&#8221;vcpb-default&#8221; bg_image_new=&#8221;id^3474|url^https:\/\/www.turkishtranslationoffice.com\/de\/wp-content\/uploads\/sites\/2\/2020\/08\/simultane-ceviri-sistem-kiralama-avantajlari.jpg|caption^null|alt^null|title^simultane-ceviri-sistem-kiralama-avantajlari|description^null&#8221; bg_override=&#8221;ex-full&#8221; type=&#8221;vc_default&#8221; margin_top=&#8221;5&#8243; margin_bottom=&#8221;10&#8243; css=&#8221;.vc_custom_1598367215301{padding-top: 30px !important;padding-bottom: 50px !important;}&#8221;][vc_column css=&#8221;.vc_custom_1491746299333{padding-bottom: 0px !important;}&#8221;][vc_row_inner equal_height=&#8221;yes&#8221; content_placement=&#8221;top&#8221;][vc_column_inner width=&#8221;1\/2&#8243; css=&#8221;.vc_custom_1596550089277{padding-top: 20px !important;}&#8221;]<div id=\"ultimate-heading-380369d4b0463d0ad\" class=\"uvc-heading ult-adjust-bottom-margin ultimate-heading-380369d4b0463d0ad uvc-5501 \" data-hspacer=\"no_spacer\"  data-halign=\"left\" style=\"text-align:left\"><div class=\"uvc-heading-spacer no_spacer\" style=\"top\"><\/div><div class=\"uvc-main-heading ult-responsive\"  data-ultimate-target='.uvc-heading.ultimate-heading-380369d4b0463d0ad h2'  data-responsive-json-new='{\"font-size\":\"desktop:24px;\",\"line-height\":\"desktop:34px;\"}' ><h2 style=\"font-weight:bold;margin-bottom:25px;\">Vorteile, die Ihnen Turkish Translation Office bei der Ger\u00e4tevermietung bietet<\/h2><\/div><\/div><div class=\"standard-arrow bullet-top\"><ul>\n<li>Neben der technischen Ausstattung, die Sie f\u00fcr das Simultandolmetschen ben\u00f6tigen, verf\u00fcgen wir \u00fcber ein riesiges Netzwerk von \u00fcber 500 Dolmetschern auf der ganzen Welt. Mit jahrelanger Erfahrung im Dolmetscherdienst bieten wir beste Qualit\u00e4t.<\/li>\n<li>Wir stellen die modernste technische Ausr\u00fcstung zur Verf\u00fcgung, bestehend aus schalldichten Kabinen, hochwertigen Transmittern, Headsets und Mikrofonen f\u00fcr Dolmetscher. Wir k\u00fcmmern uns um die Hygiene und den Komfort Ihrer Zuh\u00f6rer und bieten die besten Qualit\u00e4ts-Headsets f\u00fcr die Teilnehmer.<\/li>\n<li>Wir bieten Dolmetscher- und Ausr\u00fcstungsverleihdienste f\u00fcr die Veranstaltungen f\u00fchrender nationaler und internationaler Unternehmen an.<\/li>\n<\/ul>\n<\/div>[\/vc_column_inner][vc_column_inner width=&#8221;1\/2&#8243;][\/vc_column_inner][\/vc_row_inner][\/vc_column][\/vc_row][vc_row content_placement=&#8221;middle&#8221; bg_type=&#8221;grad&#8221; bg_override=&#8221;full&#8221; bg_grad=&#8221;background: -webkit-gradient(linear, left top, left bottom, color-stop(0%, #365088), color-stop(100%, #EA524D));background: -moz-linear-gradient(135deg,#365088 0%,#EA524D 100%);background: -webkit-linear-gradient(135deg,#365088 0%,#EA524D 100%);background: -o-linear-gradient(135deg,#365088 0%,#EA524D 100%);background: -ms-linear-gradient(135deg,#365088 0%,#EA524D 100%);background: linear-gradient(135deg,#365088 0%,#EA524D 100%);&#8221;][vc_column width=&#8221;2\/3&#8243;][vc_column_text]<strong style=\"color: #ffffff; font-size: 24px;\">Wie viele Personen nehmen an Ihrer Veranstaltung teil? Klicken Sie hier, um Ihr kostenloses Angebot ohne Wartezeit zu erhalten!<\/strong>[\/vc_column_text][\/vc_column][vc_column width=&#8221;1\/3&#8243;][vc_btn title=&#8221;Kontakt&#8221; color=&#8221;warning&#8221; size=&#8221;lg&#8221; align=&#8221;right&#8221; link=&#8221;url:%2Fde%2Fkontaktieren-sie-uns%2F&#8221;][\/vc_column][\/vc_row]<\/p>\n","protected":false},"excerpt":{"rendered":"<p>[vc_row equal_height=&#8221;yes&#8221; content_placement=&#8221;top&#8221; bg_type=&#8221;image&#8221; parallax_style=&#8221;vcpb-default&#8221; bg_image_new=&#8221;id^3486|url^https:\/\/www.turkishtranslationoffice.com\/de\/wp-content\/uploads\/sites\/2\/2020\/08\/simultane-sistem-kiralama-.jpg|caption^null|alt^null|title^simultane-sistem-kiralama-|description^null&#8221; bg_image_repeat=&#8221;no-repeat&#8221; bg_override=&#8221;ex-full&#8221; type=&#8221;vc_default&#8221; margin_top=&#8221;5&#8243; margin_bottom=&#8221;10&#8243; css=&#8221;.vc_custom_1629992937007{padding-top: 2% !important;padding-bottom: 2% !important;}&#8221;][vc_column width=&#8221;1\/2&#8243;][vc_column_text] Wir bieten modernste, qualitativ hochwertige Simultananlagen zu erschwinglichen Preisen. Wenn Sie Simultandolmetschen ben\u00f6tigen und dazu noch technische Ausr\u00fcstung mieten m\u00f6chten, stehen wir Ihnen mit unserem Ausr\u00fcstungsverleih zur Verf\u00fcgung. [\/vc_column_text][vc_row_inner equal_height=&#8221;yes&#8221; content_placement=&#8221;top&#8221;][vc_column_inner css=&#8221;.vc_custom_1644317358890{padding-top: 20px !important;padding-bottom: 32px !important;}&#8221;][\/vc_column_inner][\/vc_row_inner][\/vc_column][vc_column width=&#8221;1\/2&#8243;][\/vc_column][\/vc_row][vc_row equal_height=&#8221;yes&#8221;&hellip;<\/p>\n","protected":false},"author":1,"featured_media":0,"parent":0,"menu_order":10,"comment_status":"closed","ping_status":"closed","template":"","meta":{"footnotes":""},"aioseo_notices":[],"_links":{"self":[{"href":"https:\/\/www.turkishtranslationoffice.com\/de\/wp-json\/wp\/v2\/pages\/2644"}],"collection":[{"href":"https:\/\/www.turkishtranslationoffice.com\/de\/wp-json\/wp\/v2\/pages"}],"about":[{"href":"https:\/\/www.turkishtranslationoffice.com\/de\/wp-json\/wp\/v2\/types\/page"}],"author":[{"embeddable":true,"href":"https:\/\/www.turkishtranslationoffice.com\/de\/wp-json\/wp\/v2\/users\/1"}],"replies":[{"embeddable":true,"href":"https:\/\/www.turkishtranslationoffice.com\/de\/wp-json\/wp\/v2\/comments?post=2644"}],"version-history":[{"count":9,"href":"https:\/\/www.turkishtranslationoffice.com\/de\/wp-json\/wp\/v2\/pages\/2644\/revisions"}],"predecessor-version":[{"id":6920,"href":"https:\/\/www.turkishtranslationoffice.com\/de\/wp-json\/wp\/v2\/pages\/2644\/revisions\/6920"}],"wp:attachment":[{"href":"https:\/\/www.turkishtranslationoffice.com\/de\/wp-json\/wp\/v2\/media?parent=2644"}],"curies":[{"name":"wp","href":"https:\/\/api.w.org\/{rel}","templated":true}]}}