{"id":2774,"date":"2020-08-13T11:28:56","date_gmt":"2020-08-13T08:28:56","guid":{"rendered":"https:\/\/www.turkishtranslationoffice.com\/tr\/altyazi-olusturma-copy\/"},"modified":"2024-02-21T12:08:44","modified_gmt":"2024-02-21T09:08:44","slug":"editieren-und-lektoratsdienste","status":"publish","type":"page","link":"https:\/\/www.turkishtranslationoffice.com\/de\/editieren-und-lektoratsdienste\/","title":{"rendered":"Editing"},"content":{"rendered":"<p>[vc_row equal_height=&#8221;yes&#8221; content_placement=&#8221;top&#8221; bg_type=&#8221;image&#8221; parallax_style=&#8221;vcpb-default&#8221; bg_image_new=&#8221;id^7033|url^https:\/\/www.turkishtranslationoffice.com\/de\/wp-content\/uploads\/sites\/4\/2024\/02\/editing.jpg|caption^null|alt^null|title^editing|description^null&#8221; bg_override=&#8221;ex-full&#8221; type=&#8221;vc_default&#8221; margin_top=&#8221;5&#8243; margin_bottom=&#8221;10&#8243; css=&#8221;.vc_custom_1708506463614{padding-top: 2% !important;padding-bottom: 2% !important;}&#8221;][vc_column width=&#8221;1\/2&#8243;]<div id=\"ultimate-heading-986969d4b03cb8987\" class=\"uvc-heading ult-adjust-bottom-margin ultimate-heading-986969d4b03cb8987 uvc-8797 \" data-hspacer=\"no_spacer\"  data-halign=\"left\" style=\"text-align:left\"><div class=\"uvc-heading-spacer no_spacer\" style=\"top\"><\/div><div class=\"uvc-main-heading ult-responsive\"  data-ultimate-target='.uvc-heading.ultimate-heading-986969d4b03cb8987 h1'  data-responsive-json-new='{\"font-size\":\"desktop:28px;\",\"line-height\":\"desktop:34px;\"}' ><h1 style=\"font-weight:bold;margin-bottom:25px;\">Professionelles Editing<\/h1><\/div><\/div>[vc_column_text]<\/p>\n<p style=\"text-align: left;\"><span style=\"font-weight: 400; font-size: 18px;\">Sie suchen einen kosteng\u00fcnstigen mehrsprachigen Editing-Service? Wir sind bereit, Ihre Texte und \u00dcbersetzungen zu \u00fcberpr\u00fcfen und die Qualit\u00e4t zu steigern! Schicken Sie uns Ihre zu \u00fcberpr\u00fcfenden Dokumente, und wir lassen sie von unseren professionellen Editoren und Reviewern bearbeiten und korrigieren.<\/span><\/p>\n<p><span style=\"font-weight: 400; font-size: 18px;\">Kontaktieren Sie uns f\u00fcr weitere Details und erhalten Sie Ihr kostenloses Angebot!<\/span>[\/vc_column_text][vc_row_inner equal_height=&#8221;yes&#8221; content_placement=&#8221;top&#8221;][vc_column_inner css=&#8221;.vc_custom_1644313596518{padding-bottom: 32px !important;}&#8221;]<style type=\"text\/css\" data-type=\"the7_shortcodes-inline-css\">#default-btn-92b2f1894ec9cc4727adf235809f0239.ico-right-side > i {\n  margin-right: 0px;\n  margin-left: 8px;\n}\n#default-btn-92b2f1894ec9cc4727adf235809f0239 > i {\n  margin-right: 8px;\n}\n#default-btn-92b2f1894ec9cc4727adf235809f0239 * {\n  vertical-align: middle;\n}\n<\/style><a href=\"\/de\/angebot-anfordern\/\" class=\"default-btn-shortcode dt-btn dt-btn-l link-hover-off button-tto-grey btn-inline-left  vc_custom_1627294823769\" id=\"default-btn-92b2f1894ec9cc4727adf235809f0239\" style=\"width:286px;\"><span>Kostenloses Angebot einholen<\/span><\/a><style type=\"text\/css\" data-type=\"the7_shortcodes-inline-css\">#default-btn-2b46ddfa37318848b7bd85922c49b441.ico-right-side > i {\n  margin-right: 0px;\n  margin-left: 8px;\n}\n#default-btn-2b46ddfa37318848b7bd85922c49b441 > i {\n  margin-right: 8px;\n}\n#default-btn-2b46ddfa37318848b7bd85922c49b441 * {\n  vertical-align: middle;\n}\n<\/style><a href=\"\/de\/kontaktieren-sie-uns\/\" class=\"default-btn-shortcode dt-btn dt-btn-l link-hover-off button-tto-red btn-inline-left  vc_custom_1627294830996\" id=\"default-btn-2b46ddfa37318848b7bd85922c49b441\" style=\"width:286px;\"><span>Kontakt<\/span><\/a>[\/vc_column_inner][\/vc_row_inner][\/vc_column][vc_column width=&#8221;1\/2&#8243;][\/vc_column][\/vc_row][vc_row equal_height=&#8221;yes&#8221; content_placement=&#8221;top&#8221; bg_type=&#8221;image&#8221; parallax_style=&#8221;vcpb-hz-jquery&#8221; bg_image_new=&#8221;id^1611|url^https:\/\/www.turkishtranslationoffice.com\/de\/wp-content\/uploads\/sites\/2\/2016\/02\/bg-mem.png|caption^null|alt^null|title^bg-mem|description^null&#8221; bg_override=&#8221;ex-full&#8221; type=&#8221;vc_default&#8221; margin_top=&#8221;5&#8243; margin_bottom=&#8221;10&#8243; css=&#8221;.vc_custom_1598637309194{padding-top: 30px !important;padding-bottom: 50px !important;background-color: #f4f4f4 !important;}&#8221;][vc_column css=&#8221;.vc_custom_1491746299333{padding-bottom: 0px !important;}&#8221;][vc_row_inner equal_height=&#8221;yes&#8221; content_placement=&#8221;top&#8221;][vc_column_inner width=&#8221;1\/2&#8243;]<style type=\"text\/css\" data-type=\"the7_shortcodes-inline-css\">.shortcode-single-image-wrap.shortcode-single-image-583cc401d6da0143018ed88b9a89cca1.enable-bg-rollover .rollover i,\n.shortcode-single-image-wrap.shortcode-single-image-583cc401d6da0143018ed88b9a89cca1.enable-bg-rollover .rollover-video i {\n  background: ;\n  background: -webkit-linear-gradient();\n  background: linear-gradient();\n}\n.shortcode-single-image-wrap.shortcode-single-image-583cc401d6da0143018ed88b9a89cca1 .rollover-icon {\n  font-size: 32px;\n  color: #ffffff;\n  min-width: 44px;\n  min-height: 44px;\n  line-height: 44px;\n  border-radius: 100px;\n  border-style: solid;\n  border-width: 0px;\n}\n.dt-icon-bg-on.shortcode-single-image-wrap.shortcode-single-image-583cc401d6da0143018ed88b9a89cca1 .rollover-icon {\n  background: rgba(255,255,255,0.3);\n  box-shadow: none;\n}\n<\/style><div class=\"shortcode-single-image-wrap shortcode-single-image-583cc401d6da0143018ed88b9a89cca1 alignnone  enable-bg-rollover dt-icon-bg-off\" style=\"margin-top:0px; margin-bottom:0px; margin-left:0px; margin-right:0px; width:1000px;\"><div class=\"shortcode-single-image\"><div class=\"fancy-media-wrap  layzr-bg\" style=\"border-radius:10px;\"><img loading=\"lazy\" decoding=\"async\" class=\"preload-me lazy-load\" src=\"data:image\/svg+xml,%3Csvg%20xmlns%3D&#39;http%3A%2F%2Fwww.w3.org%2F2000%2Fsvg&#39;%20viewBox%3D&#39;0%200%201000%20700&#39;%2F%3E\" data-src=\"https:\/\/www.turkishtranslationoffice.com\/de\/wp-content\/uploads\/sites\/4\/2020\/08\/editing-nedir-1000x700.jpg\" data-srcset=\"https:\/\/www.turkishtranslationoffice.com\/de\/wp-content\/uploads\/sites\/4\/2020\/08\/editing-nedir-1000x700.jpg 1000w, https:\/\/www.turkishtranslationoffice.com\/de\/wp-content\/uploads\/sites\/4\/2020\/08\/editing-nedir-1524x1067.jpg 1524w\" width=\"1000\" height=\"700\"  data-dt-location=\"https:\/\/www.turkishtranslationoffice.com\/de\/editieren-und-lektoratsdienste\/editing-nedir\/\" style=\"border-radius:10px;\" alt=\"\" \/><\/div><\/div><\/div>[\/vc_column_inner][vc_column_inner width=&#8221;1\/2&#8243; css=&#8221;.vc_custom_1596550089277{padding-top: 20px !important;}&#8221;]<div id=\"ultimate-heading-924769d4b03cb91ed\" class=\"uvc-heading ult-adjust-bottom-margin ultimate-heading-924769d4b03cb91ed uvc-3670 \" data-hspacer=\"no_spacer\"  data-halign=\"left\" style=\"text-align:left\"><div class=\"uvc-heading-spacer no_spacer\" style=\"top\"><\/div><div class=\"uvc-main-heading ult-responsive\"  data-ultimate-target='.uvc-heading.ultimate-heading-924769d4b03cb91ed h2'  data-responsive-json-new='{\"font-size\":\"desktop:24px;\",\"line-height\":\"desktop:34px;\"}' ><h2 style=\"font-weight:bold;margin-bottom:25px;\">Was ist Editieren?<\/h2><\/div><\/div>[vc_column_text]Das Editieren ist ein sehr wichtiger Prozess bei \u00dcbersetzungsdienstleistungen. Da es sich um das Produkt einer intellektuellen Anstrengung handelt, k\u00f6nnen \u00dcbersetzungen grammatikalische, stilistische und semantische Probleme aufweisen, wie z. B. Rechtschreibfehler, falsche Verwendung von Formatierungen, fehlende und falsche \u00dcbersetzungen. Dies ist jedoch nicht nur etwas, das spezifisch f\u00fcr \u00fcbersetzte Texte ist. Obwohl es sich nicht um einen \u00fcbersetzten Text handelt, ist es sehr wahrscheinlich, dass jede Art von schriftlichem Inhalt, wie z. B. akademische oder literarische Artikel, solche Probleme auch in ihrer Originalversion haben k\u00f6nnen. Editing ist der Prozess der Korrektur dieser textspezifischen Fehler mit dem Ziel, einen fehlerfreien Text f\u00fcr den Leser zu erstellen.<\/p>\n<p>In der Regel sollte das Editing von einer anderen Person als dem \u00dcbersetzer oder dem Autor selbst durchgef\u00fchrt werden, da man bei der Arbeit an einem Text leicht die Sensibilit\u00e4t f\u00fcr das Erkennen m\u00f6glicher Fehler in einem Text verliert. Zus\u00e4tzlich sollte das Editing und Lektorat von einem professionellen Editor oder Lektor durchgef\u00fchrt werden, der sich mit dem Thema des Textes auskennt, um die korrekte Verwendung der Terminologie sicherzustellen.<\/p>\n<p>In vielen F\u00e4llen ist die Qualit\u00e4t und Genauigkeit eines \u00fcbersetzten Textes von entscheidender Bedeutung. In einigen Branchen, z. B. bei medizinischen oder juristischen Texten, k\u00f6nnen \u00dcbersetzungsfehler aufgrund der m\u00f6glichen Folgen nicht toleriert werden. F\u00fcr solche Dokumente schlagen wir unseren Kunden vor, dass ihre \u00dcbersetzungen durch zus\u00e4tzliche Kontrollschritte auf m\u00f6gliche Fehler \u00fcberpr\u00fcft werden. Wir beziehen diese Schritte in unsere 3- oder 4-stufige Qualit\u00e4tskontrolle mit ein und stellen so sicher, dass wir korrekte \u00dcbersetzungen liefern.[\/vc_column_text][\/vc_column_inner][\/vc_row_inner][\/vc_column][\/vc_row][vc_row bg_type=&#8221;image&#8221; bg_override=&#8221;full&#8221; css=&#8221;.vc_custom_1596535087001{background-image: url(https:\/\/www.turkishtranslationoffice.com\/de\/wp-content\/uploads\/sites\/2\/2020\/08\/uyari.jpg?id=2304) !important;}&#8221;][vc_column]<div class=\"smile_icon_list_wrap ult_info_list_container ult-adjust-bottom-margin   vc_custom_1596535225225\"><ul class=\"smile_icon_list top circle with_bg\"><li class=\"icon_list_item\" style=\" font-size:96px;\"><div class=\"icon_list_icon\" data-animation=\"\" data-animation-delay=\"03\" style=\"font-size:32px;border-width:1px;border-style:none;background:#ffffff;color:#d44133;border-color:#333333;\"><i class=\"fas fa-language\" ><\/i><\/div><div class=\"icon_description\" id=\"Info-list-wrap-8756\" style=\"font-size:32px;\"><h3 class=\"ult-responsive info-list-heading\"  data-ultimate-target='#Info-list-wrap-8756 h3'  data-responsive-json-new='{\"font-size\":\"desktop:16px;\",\"line-height\":\"desktop:24px;\"}'  style=\"font-weight:bold;color:#ffffff;\">Editieren in jeder Sprache<\/h3><div class=\"icon_description_text ult-responsive\"  data-ultimate-target='#Info-list-wrap-8756 .icon_description_text'  data-responsive-json-new='{\"font-size\":\"desktop:13px;\",\"line-height\":\"desktop:18px;\"}'  style=\"color:#ffffff;\"><\/div><\/div><div class=\"icon_list_connector\" data-animation=\"fadeInLeft\" data-animation-delay=\"03\" style=\"border: none !important;\"><\/div><\/li><li class=\"icon_list_item\" style=\" font-size:96px;\"><div class=\"icon_list_icon\" data-animation=\"\" data-animation-delay=\"03\" style=\"font-size:32px;border-width:1px;border-style:none;background:#ffffff;color:#d44133;border-color:#333333;\"><i class=\"fas fa-vote-yea\" ><\/i><\/div><div class=\"icon_description\" id=\"Info-list-wrap-1897\" style=\"font-size:32px;\"><h3 class=\"ult-responsive info-list-heading\"  data-ultimate-target='#Info-list-wrap-1897 h3'  data-responsive-json-new='{\"font-size\":\"desktop:16px;\",\"line-height\":\"desktop:24px;\"}'  style=\"font-weight:bold;color:#ffffff;\">100% Qualit\u00e4t<\/h3><div class=\"icon_description_text ult-responsive\"  data-ultimate-target='#Info-list-wrap-1897 .icon_description_text'  data-responsive-json-new='{\"font-size\":\"desktop:13px;\",\"line-height\":\"desktop:18px;\"}'  style=\"color:#ffffff;\"><\/div><\/div><div class=\"icon_list_connector\" data-animation=\"fadeInLeft\" data-animation-delay=\"03\" style=\"border: none !important;\"><\/div><\/li><li class=\"icon_list_item\" style=\" font-size:96px;\"><div class=\"icon_list_icon\" data-animation=\"\" data-animation-delay=\"03\" style=\"font-size:32px;border-width:1px;border-style:none;background:#ffffff;color:#d44133;border-color:#333333;\"><i class=\"fas fa-award\" ><\/i><\/div><div class=\"icon_description\" id=\"Info-list-wrap-5825\" style=\"font-size:32px;\"><h3 class=\"ult-responsive info-list-heading\"  data-ultimate-target='#Info-list-wrap-5825 h3'  data-responsive-json-new='{\"font-size\":\"desktop:16px;\",\"line-height\":\"desktop:24px;\"}'  style=\"font-weight:bold;color:#ffffff;\">ISO-zertifiziert<\/h3><div class=\"icon_description_text ult-responsive\"  data-ultimate-target='#Info-list-wrap-5825 .icon_description_text'  data-responsive-json-new='{\"font-size\":\"desktop:13px;\",\"line-height\":\"desktop:18px;\"}'  style=\"color:#ffffff;\"><\/div><\/div><div class=\"icon_list_connector\" data-animation=\"fadeInLeft\" data-animation-delay=\"03\" style=\"border: none !important;\"><\/div><\/li><\/ul><\/div>[\/vc_column][\/vc_row][vc_row equal_height=&#8221;yes&#8221; content_placement=&#8221;top&#8221; bg_type=&#8221;image&#8221; parallax_style=&#8221;vcpb-default&#8221; bg_image_new=&#8221;id^2302|url^https:\/\/www.turkishtranslationoffice.com\/de\/wp-content\/uploads\/sites\/2\/2020\/08\/arka-plan-siyah-beyaz.png|caption^null|alt^null|title^arka-plan-siyah-beyaz|description^null&#8221; bg_override=&#8221;ex-full&#8221; type=&#8221;vc_default&#8221; margin_top=&#8221;5&#8243; margin_bottom=&#8221;10&#8243; css=&#8221;.vc_custom_1598637221124{padding-top: 30px !important;padding-bottom: 50px !important;}&#8221;][vc_column css=&#8221;.vc_custom_1491746299333{padding-bottom: 0px !important;}&#8221;][vc_row_inner equal_height=&#8221;yes&#8221; content_placement=&#8221;top&#8221;][vc_column_inner width=&#8221;1\/2&#8243;]<style type=\"text\/css\" data-type=\"the7_shortcodes-inline-css\">.shortcode-single-image-wrap.shortcode-single-image-58995fac86f795bf27a764983443a622.enable-bg-rollover .rollover i,\n.shortcode-single-image-wrap.shortcode-single-image-58995fac86f795bf27a764983443a622.enable-bg-rollover .rollover-video i {\n  background: ;\n  background: -webkit-linear-gradient();\n  background: linear-gradient();\n}\n.shortcode-single-image-wrap.shortcode-single-image-58995fac86f795bf27a764983443a622 .rollover-icon {\n  font-size: 32px;\n  color: #ffffff;\n  min-width: 44px;\n  min-height: 44px;\n  line-height: 44px;\n  border-radius: 100px;\n  border-style: solid;\n  border-width: 0px;\n}\n.dt-icon-bg-on.shortcode-single-image-wrap.shortcode-single-image-58995fac86f795bf27a764983443a622 .rollover-icon {\n  background: rgba(255,255,255,0.3);\n  box-shadow: none;\n}\n<\/style><div class=\"shortcode-single-image-wrap shortcode-single-image-58995fac86f795bf27a764983443a622 alignnone  enable-bg-rollover dt-icon-bg-off\" style=\"margin-top:0px; margin-bottom:0px; margin-left:0px; margin-right:0px; width:1000px;\"><div class=\"shortcode-single-image\"><div class=\"fancy-media-wrap  layzr-bg\" style=\"border-radius:10px;\"><img loading=\"lazy\" decoding=\"async\" class=\"preload-me lazy-load\" src=\"data:image\/svg+xml,%3Csvg%20xmlns%3D&#39;http%3A%2F%2Fwww.w3.org%2F2000%2Fsvg&#39;%20viewBox%3D&#39;0%200%201000%20700&#39;%2F%3E\" data-src=\"https:\/\/www.turkishtranslationoffice.com\/de\/wp-content\/uploads\/sites\/4\/2020\/08\/ceviri-metinlerinizin-kalitesi-neden-onemli-1000x700.jpg\" data-srcset=\"https:\/\/www.turkishtranslationoffice.com\/de\/wp-content\/uploads\/sites\/4\/2020\/08\/ceviri-metinlerinizin-kalitesi-neden-onemli-1000x700.jpg 1000w, https:\/\/www.turkishtranslationoffice.com\/de\/wp-content\/uploads\/sites\/4\/2020\/08\/ceviri-metinlerinizin-kalitesi-neden-onemli-1600x1120.jpg 1600w\" width=\"1000\" height=\"700\"  data-dt-location=\"https:\/\/www.turkishtranslationoffice.com\/de\/editieren-und-lektoratsdienste\/ceviri-metinlerinizin-kalitesi-neden-onemli\/\" style=\"border-radius:10px;\" alt=\"\" \/><\/div><\/div><\/div>[\/vc_column_inner][vc_column_inner width=&#8221;1\/2&#8243; css=&#8221;.vc_custom_1596550089277{padding-top: 20px !important;}&#8221;]<div id=\"ultimate-heading-653169d4b03cb95c8\" class=\"uvc-heading ult-adjust-bottom-margin ultimate-heading-653169d4b03cb95c8 uvc-3475 \" data-hspacer=\"no_spacer\"  data-halign=\"left\" style=\"text-align:left\"><div class=\"uvc-heading-spacer no_spacer\" style=\"top\"><\/div><div class=\"uvc-main-heading ult-responsive\"  data-ultimate-target='.uvc-heading.ultimate-heading-653169d4b03cb95c8 h2'  data-responsive-json-new='{\"font-size\":\"desktop:24px;\",\"line-height\":\"desktop:34px;\"}' ><h2 style=\"font-weight:bold;margin-bottom:25px;\">Warum sollten Sie ein Editing ben\u00f6tigen?<\/h2><\/div><\/div><div class=\"standard-arrow bullet-top\"><ul>\n<li>Das Editing erh\u00f6ht die Lesbarkeit von Texten, macht sie leichter verdaulich!<\/li>\n<li>Nach der Bearbeitung steigt die Gesamtqualit\u00e4t des Textes durch die Gew\u00e4hrleistung der Genauigkeit.<\/li>\n<li>Editing hilft, jegliche Art von Problemen wie Fehl\u00fcbersetzungen und fehlende \u00dcbersetzungen zu beseitigen.<\/li>\n<li>Qualit\u00e4t ist eine Frage des Prestiges und beweist, dass Ihnen die Kommunikation mit Ihrem Zielpublikum am Herzen liegt.<\/li>\n<\/ul>\n<\/div>[\/vc_column_inner][\/vc_row_inner][\/vc_column][\/vc_row][vc_row content_placement=&#8221;middle&#8221; bg_type=&#8221;grad&#8221; bg_override=&#8221;ex-full&#8221; bg_grad=&#8221;background: -webkit-gradient(linear, left top, left bottom, color-stop(0%, #365088), color-stop(100%, #EA524D));background: -moz-linear-gradient(135deg,#365088 0%,#EA524D 100%);background: -webkit-linear-gradient(135deg,#365088 0%,#EA524D 100%);background: -o-linear-gradient(135deg,#365088 0%,#EA524D 100%);background: -ms-linear-gradient(135deg,#365088 0%,#EA524D 100%);background: linear-gradient(135deg,#365088 0%,#EA524D 100%);&#8221;][vc_column width=&#8221;2\/3&#8243;][vc_column_text]<strong style=\"color: #ffffff; font-size: 24px;\">Als professionelles \u00dcbersetzungsb\u00fcro mit \u00fcber 2500 Sprachexperten sind wir stolz darauf, Ihnen den besten Editing-Service zu einem g\u00fcnstigen Preis anbieten zu k\u00f6nnen! Fordern Sie jetzt Ihr kostenloses Angebot an.<\/strong>[\/vc_column_text][\/vc_column][vc_column width=&#8221;1\/3&#8243;][vc_btn title=&#8221;Angebot anfordern&#8221; color=&#8221;warning&#8221; size=&#8221;lg&#8221; align=&#8221;right&#8221; link=&#8221;url:%2Fde%2Fangebot-anfordern%2F&#8221;][\/vc_column][\/vc_row]<\/p>\n","protected":false},"excerpt":{"rendered":"<p>[vc_row equal_height=&#8221;yes&#8221; content_placement=&#8221;top&#8221; bg_type=&#8221;image&#8221; parallax_style=&#8221;vcpb-default&#8221; bg_image_new=&#8221;id^7033|url^https:\/\/www.turkishtranslationoffice.com\/de\/wp-content\/uploads\/sites\/4\/2024\/02\/editing.jpg|caption^null|alt^null|title^editing|description^null&#8221; bg_override=&#8221;ex-full&#8221; type=&#8221;vc_default&#8221; margin_top=&#8221;5&#8243; margin_bottom=&#8221;10&#8243; css=&#8221;.vc_custom_1708506463614{padding-top: 2% !important;padding-bottom: 2% !important;}&#8221;][vc_column width=&#8221;1\/2&#8243;][vc_column_text] Sie suchen einen kosteng\u00fcnstigen mehrsprachigen Editing-Service? Wir sind bereit, Ihre Texte und \u00dcbersetzungen zu \u00fcberpr\u00fcfen und die Qualit\u00e4t zu steigern! Schicken Sie uns Ihre zu \u00fcberpr\u00fcfenden Dokumente, und wir lassen sie von unseren professionellen Editoren und Reviewern bearbeiten und&hellip;<\/p>\n","protected":false},"author":1,"featured_media":0,"parent":0,"menu_order":10,"comment_status":"closed","ping_status":"closed","template":"","meta":{"footnotes":""},"aioseo_notices":[],"_links":{"self":[{"href":"https:\/\/www.turkishtranslationoffice.com\/de\/wp-json\/wp\/v2\/pages\/2774"}],"collection":[{"href":"https:\/\/www.turkishtranslationoffice.com\/de\/wp-json\/wp\/v2\/pages"}],"about":[{"href":"https:\/\/www.turkishtranslationoffice.com\/de\/wp-json\/wp\/v2\/types\/page"}],"author":[{"embeddable":true,"href":"https:\/\/www.turkishtranslationoffice.com\/de\/wp-json\/wp\/v2\/users\/1"}],"replies":[{"embeddable":true,"href":"https:\/\/www.turkishtranslationoffice.com\/de\/wp-json\/wp\/v2\/comments?post=2774"}],"version-history":[{"count":11,"href":"https:\/\/www.turkishtranslationoffice.com\/de\/wp-json\/wp\/v2\/pages\/2774\/revisions"}],"predecessor-version":[{"id":7034,"href":"https:\/\/www.turkishtranslationoffice.com\/de\/wp-json\/wp\/v2\/pages\/2774\/revisions\/7034"}],"wp:attachment":[{"href":"https:\/\/www.turkishtranslationoffice.com\/de\/wp-json\/wp\/v2\/media?parent=2774"}],"curies":[{"name":"wp","href":"https:\/\/api.w.org\/{rel}","templated":true}]}}