{"id":2780,"date":"2020-08-13T11:36:46","date_gmt":"2020-08-13T08:36:46","guid":{"rendered":"https:\/\/www.turkishtranslationoffice.com\/tr\/baski-hizmetleri-copy\/"},"modified":"2022-02-08T13:48:09","modified_gmt":"2022-02-08T10:48:09","slug":"nachbearbeitung-maschinelle-uebersetzung","status":"publish","type":"page","link":"https:\/\/www.turkishtranslationoffice.com\/de\/nachbearbeitung-maschinelle-uebersetzung\/","title":{"rendered":"Post-Editing"},"content":{"rendered":"<p>[vc_row equal_height=&#8221;yes&#8221; content_placement=&#8221;top&#8221; bg_type=&#8221;image&#8221; parallax_style=&#8221;vcpb-default&#8221; bg_image_new=&#8221;id^3852|url^https:\/\/www.turkishtranslationoffice.com\/de\/wp-content\/uploads\/sites\/2\/2020\/08\/post-edit.jpg|caption^null|alt^null|title^post-edit|description^null&#8221; bg_override=&#8221;ex-full&#8221; type=&#8221;vc_default&#8221; margin_top=&#8221;5&#8243; margin_bottom=&#8221;10&#8243; css=&#8221;.vc_custom_1629994120650{padding-top: 2% !important;padding-bottom: 2% !important;}&#8221;][vc_column width=&#8221;1\/2&#8243;]<div id=\"ultimate-heading-806569d4b0267fe23\" class=\"uvc-heading ult-adjust-bottom-margin ultimate-heading-806569d4b0267fe23 uvc-1485 \" data-hspacer=\"no_spacer\"  data-halign=\"left\" style=\"text-align:left\"><div class=\"uvc-heading-spacer no_spacer\" style=\"top\"><\/div><div class=\"uvc-main-heading ult-responsive\"  data-ultimate-target='.uvc-heading.ultimate-heading-806569d4b0267fe23 h1'  data-responsive-json-new='{\"font-size\":\"desktop:28px;\",\"line-height\":\"desktop:34px;\"}' ><h1 style=\"font-weight:bold;margin-bottom:25px;\">Post-Editing-Dienstleistungen<\/h1><\/div><\/div>[vc_column_text]<span style=\"font-weight: 400; font-size: 18px;\">Sie m\u00f6chten hochwertige \u00dcbersetzungen erhalten und gleichzeitig Ihr Budget schonen? Das Post-Editing der maschinellen \u00dcbersetzung kann Ihnen helfen, die Durchlaufzeiten zu reduzieren und bietet einen allgemeinen Kostenvorteil.<\/span><\/p>\n<p><span style=\"font-weight: 400; font-size: 18px;\">Holen Sie sich jetzt Ihr kostenloses Angebot f\u00fcr schnelle und zuverl\u00e4ssige Post-Editing-Services!<\/span>[\/vc_column_text][vc_row_inner equal_height=&#8221;yes&#8221; content_placement=&#8221;top&#8221;][vc_column_inner css=&#8221;.vc_custom_1644317281979{padding-bottom: 32px !important;}&#8221;]<style type=\"text\/css\" data-type=\"the7_shortcodes-inline-css\">#default-btn-45e648a3cbb0a7eb8cf8705e86b6f388.ico-right-side > i {\n  margin-right: 0px;\n  margin-left: 8px;\n}\n#default-btn-45e648a3cbb0a7eb8cf8705e86b6f388 > i {\n  margin-right: 8px;\n}\n#default-btn-45e648a3cbb0a7eb8cf8705e86b6f388 * {\n  vertical-align: middle;\n}\n<\/style><a href=\"\/de\/angebot-anfordern\/\" class=\"default-btn-shortcode dt-btn dt-btn-l link-hover-off button-tto-grey btn-inline-left  vc_custom_1627294878579\" id=\"default-btn-45e648a3cbb0a7eb8cf8705e86b6f388\" style=\"width:286px;\"><span>Kostenloses Angebot einholen<\/span><\/a><style type=\"text\/css\" data-type=\"the7_shortcodes-inline-css\">#default-btn-e2273630b66d29a09b4e3595d7687c7a.ico-right-side > i {\n  margin-right: 0px;\n  margin-left: 8px;\n}\n#default-btn-e2273630b66d29a09b4e3595d7687c7a > i {\n  margin-right: 8px;\n}\n#default-btn-e2273630b66d29a09b4e3595d7687c7a * {\n  vertical-align: middle;\n}\n<\/style><a href=\"\/de\/kontaktieren-sie-uns\/\" class=\"default-btn-shortcode dt-btn dt-btn-l link-hover-off button-tto-red btn-inline-left  vc_custom_1627294873019\" id=\"default-btn-e2273630b66d29a09b4e3595d7687c7a\" style=\"width:286px;\"><span>Kontakt<\/span><\/a>[\/vc_column_inner][\/vc_row_inner][\/vc_column][vc_column width=&#8221;1\/2&#8243;][\/vc_column][\/vc_row][vc_row equal_height=&#8221;yes&#8221; content_placement=&#8221;top&#8221; bg_type=&#8221;image&#8221; parallax_style=&#8221;vcpb-default&#8221; bg_image_new=&#8221;id^3861|url^https:\/\/www.turkishtranslationoffice.com\/de\/wp-content\/uploads\/sites\/2\/2020\/08\/post-edit-nedir-1.jpg|caption^null|alt^null|title^post-edit-nedir|description^null&#8221; bg_override=&#8221;ex-full&#8221; type=&#8221;vc_default&#8221; margin_top=&#8221;5&#8243; margin_bottom=&#8221;10&#8243; css=&#8221;.vc_custom_1598640670985{padding-top: 30px !important;padding-bottom: 50px !important;}&#8221;][vc_column css=&#8221;.vc_custom_1491746299333{padding-bottom: 0px !important;}&#8221;][vc_row_inner equal_height=&#8221;yes&#8221; content_placement=&#8221;top&#8221;][vc_column_inner width=&#8221;1\/4&#8243;]<style type=\"text\/css\" data-type=\"the7_shortcodes-inline-css\">.shortcode-single-image-wrap.shortcode-single-image-5399a2504149589fce2a70efecbf0653.enable-bg-rollover .rollover i,\n.shortcode-single-image-wrap.shortcode-single-image-5399a2504149589fce2a70efecbf0653.enable-bg-rollover .rollover-video i {\n  background: ;\n  background: -webkit-linear-gradient();\n  background: linear-gradient();\n}\n.shortcode-single-image-wrap.shortcode-single-image-5399a2504149589fce2a70efecbf0653 .rollover-icon {\n  font-size: 32px;\n  color: #ffffff;\n  min-width: 44px;\n  min-height: 44px;\n  line-height: 44px;\n  border-radius: 100px;\n  border-style: solid;\n  border-width: 0px;\n}\n.dt-icon-bg-on.shortcode-single-image-wrap.shortcode-single-image-5399a2504149589fce2a70efecbf0653 .rollover-icon {\n  background: rgba(255,255,255,0.3);\n  box-shadow: none;\n}\n<\/style>[\/vc_column_inner][vc_column_inner width=&#8221;3\/4&#8243; css=&#8221;.vc_custom_1596550089277{padding-top: 20px !important;}&#8221;]<div id=\"ultimate-heading-269469d4b02680317\" class=\"uvc-heading ult-adjust-bottom-margin ultimate-heading-269469d4b02680317 uvc-9063 \" data-hspacer=\"no_spacer\"  data-halign=\"left\" style=\"text-align:left\"><div class=\"uvc-heading-spacer no_spacer\" style=\"top\"><\/div><div class=\"uvc-main-heading ult-responsive\"  data-ultimate-target='.uvc-heading.ultimate-heading-269469d4b02680317 h2'  data-responsive-json-new='{\"font-size\":\"desktop:24px;\",\"line-height\":\"desktop:34px;\"}' ><h2 style=\"font-weight:bold;margin-bottom:25px;\">Was ist Post-Editing?<\/h2><\/div><\/div>[vc_column_text]Im Zusammenhang mit linguistischen Dienstleistungen ist das Post-Editing die Aufgabe der \u00dcberpr\u00fcfung und Korrektur der maschinellen Roh\u00fcbersetzung, um sicherzustellen, dass das Endergebnis den Qualit\u00e4tserwartungen entspricht. Vor dem Schritt der Nachbearbeitung wird ein Dokument zun\u00e4chst von maschinellen \u00dcbersetzungsmaschinen &#8211; Software, die f\u00fcr die automatische \u00dcbersetzung entwickelt wurde &#8211; bearbeitet, um es automatisch \u00fcbersetzen zu lassen.\u00a0 Nach dem ersten Schritt wird die Rohausgabe von menschlichen \u00dcbersetzern &#8211; auch Post-Editoren genannt &#8211; auf m\u00f6gliche Probleme wie falsche und fehlende \u00dcbersetzungen, Inkonsistenzen, Terminologiefehler \u00fcberpr\u00fcft und bearbeitet.<\/p>\n<p>Basierend auf dem Umfang der durchgef\u00fchrten \u00c4nderungen gibt es zwei Arten davon: leichte Nachbearbeitung und vollst\u00e4ndige Nachbearbeitung. W\u00e4hrend bei der ersten Variante so wenige \u00c4nderungen wie m\u00f6glich vorgenommen werden, um die \u00dcbersetzung verst\u00e4ndlich zu machen, m\u00fcssen beim vollst\u00e4ndigen Post-Editing alle notwendigen \u00c4nderungen vorgenommen werden, um die endg\u00fcltige \u00dcbersetzungsqualit\u00e4t auf ein Niveau zu heben, das mit einer menschlichen \u00dcbersetzung vergleichbar ist.<\/p>\n<p>Post-Editing ist keine neue Praxis. Parallel zu den neuesten Entwicklungen in der maschinellen \u00dcbersetzungstechnologie hat sich diese Implementierung jedoch durchgesetzt. Mit dem zunehmenden Einsatz von maschineller \u00dcbersetzung steigen auch die Anfragen nach Post-Editing-Auftr\u00e4gen, um die Vorteile einer verbesserten Produktivit\u00e4t und reduzierter Kosten zu nutzen.<\/p>\n<p>Ein solcher hybrider Workflow, der die Geschwindigkeit der maschinellen \u00dcbersetzung mit der Erfahrung menschlicher Linguisten kombiniert, hilft, die Kosten zu senken und die Produktivit\u00e4t zu steigern, insbesondere bei Inhaltstypen, die einen konsistenten Stil und eine einheitliche Terminologie, sich wiederholende und unkomplizierte Satzstrukturen sowie nicht-metaphorische und geradlinige Botschaften aufweisen.[\/vc_column_text][\/vc_column_inner][\/vc_row_inner][\/vc_column][\/vc_row][vc_row bg_type=&#8221;image&#8221; bg_override=&#8221;full&#8221; css=&#8221;.vc_custom_1596535087001{background-image: url(https:\/\/www.turkishtranslationoffice.com\/de\/wp-content\/uploads\/sites\/2\/2020\/08\/uyari.jpg?id=2304) !important;}&#8221;][vc_column]<div class=\"smile_icon_list_wrap ult_info_list_container ult-adjust-bottom-margin   vc_custom_1596535225225\"><ul class=\"smile_icon_list top circle with_bg\"><li class=\"icon_list_item\" style=\" font-size:96px;\"><div class=\"icon_list_icon\" data-animation=\"\" data-animation-delay=\"03\" style=\"font-size:32px;border-width:1px;border-style:none;background:#ffffff;color:#d44133;border-color:#333333;\"><i class=\"fas fa-coins\" ><\/i><\/div><div class=\"icon_description\" id=\"Info-list-wrap-9840\" style=\"font-size:32px;\"><h3 class=\"ult-responsive info-list-heading\"  data-ultimate-target='#Info-list-wrap-9840 h3'  data-responsive-json-new='{\"font-size\":\"desktop:16px;\",\"line-height\":\"desktop:24px;\"}'  style=\"font-weight:bold;color:#ffffff;\">Kosteneffektiv<\/h3><div class=\"icon_description_text ult-responsive\"  data-ultimate-target='#Info-list-wrap-9840 .icon_description_text'  data-responsive-json-new='{\"font-size\":\"desktop:13px;\",\"line-height\":\"desktop:18px;\"}'  style=\"color:#ffffff;\"><\/div><\/div><div class=\"icon_list_connector\" data-animation=\"fadeInLeft\" data-animation-delay=\"03\" style=\"border: none !important;\"><\/div><\/li><li class=\"icon_list_item\" style=\" font-size:96px;\"><div class=\"icon_list_icon\" data-animation=\"\" data-animation-delay=\"03\" style=\"font-size:32px;border-width:1px;border-style:none;background:#ffffff;color:#d44133;border-color:#333333;\"><i class=\"fas fa-handshake\" ><\/i><\/div><div class=\"icon_description\" id=\"Info-list-wrap-9588\" style=\"font-size:32px;\"><h3 class=\"ult-responsive info-list-heading\"  data-ultimate-target='#Info-list-wrap-9588 h3'  data-responsive-json-new='{\"font-size\":\"desktop:16px;\",\"line-height\":\"desktop:24px;\"}'  style=\"font-weight:bold;color:#ffffff;\">Professionell<\/h3><div class=\"icon_description_text ult-responsive\"  data-ultimate-target='#Info-list-wrap-9588 .icon_description_text'  data-responsive-json-new='{\"font-size\":\"desktop:13px;\",\"line-height\":\"desktop:18px;\"}'  style=\"color:#ffffff;\"><\/div><\/div><div class=\"icon_list_connector\" data-animation=\"fadeInLeft\" data-animation-delay=\"03\" style=\"border: none !important;\"><\/div><\/li><li class=\"icon_list_item\" style=\" font-size:96px;\"><div class=\"icon_list_icon\" data-animation=\"\" data-animation-delay=\"03\" style=\"font-size:32px;border-width:1px;border-style:none;background:#ffffff;color:#d44133;border-color:#333333;\"><i class=\"fas fa-history\" ><\/i><\/div><div class=\"icon_description\" id=\"Info-list-wrap-9220\" style=\"font-size:32px;\"><h3 class=\"ult-responsive info-list-heading\"  data-ultimate-target='#Info-list-wrap-9220 h3'  data-responsive-json-new='{\"font-size\":\"desktop:16px;\",\"line-height\":\"desktop:24px;\"}'  style=\"font-weight:bold;color:#ffffff;\">Schnell &amp; Zuverl\u00e4ssig<\/h3><div class=\"icon_description_text ult-responsive\"  data-ultimate-target='#Info-list-wrap-9220 .icon_description_text'  data-responsive-json-new='{\"font-size\":\"desktop:13px;\",\"line-height\":\"desktop:18px;\"}'  style=\"color:#ffffff;\"><\/div><\/div><div class=\"icon_list_connector\" data-animation=\"fadeInLeft\" data-animation-delay=\"03\" style=\"border: none !important;\"><\/div><\/li><\/ul><\/div>[\/vc_column][\/vc_row][vc_row equal_height=&#8221;yes&#8221; content_placement=&#8221;top&#8221; bg_type=&#8221;bg_color&#8221; bg_override=&#8221;full&#8221; type=&#8221;vc_default&#8221; margin_top=&#8221;5&#8243; margin_bottom=&#8221;10&#8243; css=&#8221;.vc_custom_1598639666138{padding-top: 30px !important;padding-bottom: 50px !important;}&#8221; bg_color_value=&#8221;#ffffff&#8221;][vc_column][vc_row_inner equal_height=&#8221;yes&#8221; content_placement=&#8221;top&#8221;][vc_column_inner width=&#8221;1\/2&#8243; css=&#8221;.vc_custom_1596550716406{padding-top: 10px !important;}&#8221;]<div id=\"ultimate-heading-227869d4b02680410\" class=\"uvc-heading ult-adjust-bottom-margin ultimate-heading-227869d4b02680410 uvc-4576 \" data-hspacer=\"no_spacer\"  data-halign=\"left\" style=\"text-align:left\"><div class=\"uvc-heading-spacer no_spacer\" style=\"top\"><\/div><div class=\"uvc-main-heading ult-responsive\"  data-ultimate-target='.uvc-heading.ultimate-heading-227869d4b02680410 h2'  data-responsive-json-new='{\"font-size\":\"desktop:24px;\",\"line-height\":\"desktop:34px;\"}' ><h2 style=\"font-weight:bold;margin-bottom:25px;\">Was ist der Vorteil von Post-Editing?<\/h2><\/div><\/div>[vc_column_text]Bei der Implementierung in eine maschinelle Roh\u00fcbersetzung hilft das Post-Editing, die endg\u00fcltige Qualit\u00e4t der \u00dcbersetzung zu verbessern, da es sich um einen Schritt handelt, der von menschlichen \u00dcbersetzern durchgef\u00fchrt wird. Obwohl maschinelle \u00dcbersetzungssysteme heute im Vergleich zu fr\u00fcher bessere Ergebnisse liefern, k\u00f6nnen die von automatischen \u00dcbersetzungsmaschinen erstellten \u00dcbersetzungen je nach Verwendungszweck und Qualit\u00e4tserwartung noch verbesserungsw\u00fcrdig sein. Hier kommt das Post-Editing ins Spiel, um mit Hilfe professioneller \u00dcbersetzer m\u00f6gliche Fehler in maschinell \u00fcbersetzten Texten zu beseitigen.[\/vc_column_text][vc_column_text]<b style=\"color: #d44133;\">Was macht Post-Editing effizienter?<\/b>[\/vc_column_text]<div class=\"standard-arrow list-divider bullet-top\"><ul>\n<li>Der Hauptvorteil der maschinellen \u00dcbersetzung liegt darin, dass gro\u00dfe Textmengen in k\u00fcrzerer Zeit automatisch bearbeitet werden k\u00f6nnen. Und vor allem, wenn die Rohausgabequalit\u00e4t der maschinellen \u00dcbersetzung h\u00f6her ist, sinken der Post-Editing-Aufwand und die Gesamtkosten der \u00dcbersetzung.<\/li>\n<li>In F\u00e4llen, in denen eine \u00dcbersetzungsmaschine regelm\u00e4\u00dfig verwendet und mit den korrekt nachbearbeiteten \u00dcbersetzungen gef\u00fcttert wird, beginnt sie, bessere Ergebnisse zu liefern, indem sie die Gesamtqualit\u00e4t erh\u00f6ht.<\/li>\n<\/ul>\n<\/div>[\/vc_column_inner][vc_column_inner width=&#8221;1\/2&#8243;]<style type=\"text\/css\" data-type=\"the7_shortcodes-inline-css\">.shortcode-single-image-wrap.shortcode-single-image-d94159b7d7ded54015e304da94149713.enable-bg-rollover .rollover i,\n.shortcode-single-image-wrap.shortcode-single-image-d94159b7d7ded54015e304da94149713.enable-bg-rollover .rollover-video i {\n  background: ;\n  background: -webkit-linear-gradient();\n  background: linear-gradient();\n}\n.shortcode-single-image-wrap.shortcode-single-image-d94159b7d7ded54015e304da94149713 .rollover-icon {\n  font-size: 32px;\n  color: #ffffff;\n  min-width: 44px;\n  min-height: 44px;\n  line-height: 44px;\n  border-radius: 100px;\n  border-style: solid;\n  border-width: 0px;\n}\n.dt-icon-bg-on.shortcode-single-image-wrap.shortcode-single-image-d94159b7d7ded54015e304da94149713 .rollover-icon {\n  background: rgba(255,255,255,0.3);\n  box-shadow: none;\n}\n<\/style><div class=\"shortcode-single-image-wrap shortcode-single-image-d94159b7d7ded54015e304da94149713 alignnone  enable-bg-rollover dt-icon-bg-off\" style=\"margin-top:0px; margin-bottom:0px; margin-left:0px; margin-right:0px; width:1000px;\"><div class=\"shortcode-single-image\"><div class=\"fancy-media-wrap  layzr-bg\" style=\"border-radius:10px;\"><img loading=\"lazy\" decoding=\"async\" class=\"preload-me lazy-load\" src=\"data:image\/svg+xml,%3Csvg%20xmlns%3D&#39;http%3A%2F%2Fwww.w3.org%2F2000%2Fsvg&#39;%20viewBox%3D&#39;0%200%201000%20700&#39;%2F%3E\" data-src=\"https:\/\/www.turkishtranslationoffice.com\/de\/wp-content\/uploads\/sites\/4\/2020\/08\/kaliteli-hesapli-post-edit-hizmetleri-1000x700.jpg\" data-srcset=\"https:\/\/www.turkishtranslationoffice.com\/de\/wp-content\/uploads\/sites\/4\/2020\/08\/kaliteli-hesapli-post-edit-hizmetleri-1000x700.jpg 1000w, https:\/\/www.turkishtranslationoffice.com\/de\/wp-content\/uploads\/sites\/4\/2020\/08\/kaliteli-hesapli-post-edit-hizmetleri-1522x1066.jpg 1522w\" width=\"1000\" height=\"700\"  data-dt-location=\"https:\/\/www.turkishtranslationoffice.com\/de\/nachbearbeitung-maschinelle-uebersetzung\/kaliteli-hesapli-post-edit-hizmetleri\/\" style=\"border-radius:10px;\" alt=\"\" \/><\/div><\/div><\/div>[\/vc_column_inner][\/vc_row_inner][\/vc_column][\/vc_row][vc_row content_placement=&#8221;middle&#8221; bg_type=&#8221;grad&#8221; bg_override=&#8221;ex-full&#8221; bg_grad=&#8221;background: -webkit-gradient(linear, left top, left bottom, color-stop(0%, #365088), color-stop(100%, #EA524D));background: -moz-linear-gradient(135deg,#365088 0%,#EA524D 100%);background: -webkit-linear-gradient(135deg,#365088 0%,#EA524D 100%);background: -o-linear-gradient(135deg,#365088 0%,#EA524D 100%);background: -ms-linear-gradient(135deg,#365088 0%,#EA524D 100%);background: linear-gradient(135deg,#365088 0%,#EA524D 100%);&#8221;][vc_column width=&#8221;5\/6&#8243;][vc_column_text]<strong style=\"color: #ffffff; font-size: 24px;\">Wenn Sie menschliche \u00dcbersetzungsqualit\u00e4t in der maschinellen \u00dcbersetzung ben\u00f6tigen, bieten wir Ihnen den besten Post-Editing-Service. Holen Sie sich jetzt Ihr kostenloses Angebot und sichern Sie sich Kostenvorteile bei h\u00f6chster Qualit\u00e4t!<\/strong>[\/vc_column_text][\/vc_column][vc_column width=&#8221;1\/6&#8243;][vc_btn title=&#8221;Angebot anfordern&#8221; color=&#8221;warning&#8221; size=&#8221;lg&#8221; align=&#8221;right&#8221; link=&#8221;url:%2Fde%2Fangebot-anfordern%2F&#8221;][\/vc_column][\/vc_row]<\/p>\n","protected":false},"excerpt":{"rendered":"<p>[vc_row equal_height=&#8221;yes&#8221; content_placement=&#8221;top&#8221; bg_type=&#8221;image&#8221; parallax_style=&#8221;vcpb-default&#8221; bg_image_new=&#8221;id^3852|url^https:\/\/www.turkishtranslationoffice.com\/de\/wp-content\/uploads\/sites\/2\/2020\/08\/post-edit.jpg|caption^null|alt^null|title^post-edit|description^null&#8221; bg_override=&#8221;ex-full&#8221; type=&#8221;vc_default&#8221; margin_top=&#8221;5&#8243; margin_bottom=&#8221;10&#8243; css=&#8221;.vc_custom_1629994120650{padding-top: 2% !important;padding-bottom: 2% !important;}&#8221;][vc_column width=&#8221;1\/2&#8243;][vc_column_text]Sie m\u00f6chten hochwertige \u00dcbersetzungen erhalten und gleichzeitig Ihr Budget schonen? Das Post-Editing der maschinellen \u00dcbersetzung kann Ihnen helfen, die Durchlaufzeiten zu reduzieren und bietet einen allgemeinen Kostenvorteil. Holen Sie sich jetzt Ihr kostenloses Angebot f\u00fcr schnelle und zuverl\u00e4ssige Post-Editing-Services![\/vc_column_text][vc_row_inner equal_height=&#8221;yes&#8221;&hellip;<\/p>\n","protected":false},"author":1,"featured_media":0,"parent":0,"menu_order":10,"comment_status":"closed","ping_status":"closed","template":"","meta":{"footnotes":""},"aioseo_notices":[],"_links":{"self":[{"href":"https:\/\/www.turkishtranslationoffice.com\/de\/wp-json\/wp\/v2\/pages\/2780"}],"collection":[{"href":"https:\/\/www.turkishtranslationoffice.com\/de\/wp-json\/wp\/v2\/pages"}],"about":[{"href":"https:\/\/www.turkishtranslationoffice.com\/de\/wp-json\/wp\/v2\/types\/page"}],"author":[{"embeddable":true,"href":"https:\/\/www.turkishtranslationoffice.com\/de\/wp-json\/wp\/v2\/users\/1"}],"replies":[{"embeddable":true,"href":"https:\/\/www.turkishtranslationoffice.com\/de\/wp-json\/wp\/v2\/comments?post=2780"}],"version-history":[{"count":13,"href":"https:\/\/www.turkishtranslationoffice.com\/de\/wp-json\/wp\/v2\/pages\/2780\/revisions"}],"predecessor-version":[{"id":6917,"href":"https:\/\/www.turkishtranslationoffice.com\/de\/wp-json\/wp\/v2\/pages\/2780\/revisions\/6917"}],"wp:attachment":[{"href":"https:\/\/www.turkishtranslationoffice.com\/de\/wp-json\/wp\/v2\/media?parent=2780"}],"curies":[{"name":"wp","href":"https:\/\/api.w.org\/{rel}","templated":true}]}}