{"id":2786,"date":"2020-08-13T11:48:58","date_gmt":"2020-08-13T08:48:58","guid":{"rendered":"https:\/\/www.turkishtranslationoffice.com\/tr\/post-edit-copy\/"},"modified":"2022-02-08T12:57:58","modified_gmt":"2022-02-08T09:57:58","slug":"korrekturlesen","status":"publish","type":"page","link":"https:\/\/www.turkishtranslationoffice.com\/de\/korrekturlesen\/","title":{"rendered":"Korrektorat"},"content":{"rendered":"<p>[vc_row equal_height=&#8221;yes&#8221; content_placement=&#8221;top&#8221; bg_type=&#8221;image&#8221; parallax_style=&#8221;vcpb-default&#8221; bg_image_new=&#8221;id^3884|url^https:\/\/www.turkishtranslationoffice.com\/de\/wp-content\/uploads\/sites\/2\/2020\/08\/proofreading.jpg|caption^null|alt^null|title^proofreading|description^null&#8221; bg_override=&#8221;ex-full&#8221; type=&#8221;vc_default&#8221; margin_top=&#8221;5&#8243; margin_bottom=&#8221;10&#8243; css=&#8221;.vc_custom_1629994154893{padding-top: 2% !important;padding-bottom: 2% !important;}&#8221;][vc_column width=&#8221;1\/2&#8243;]<div id=\"ultimate-heading-983569d4b03d5d5e3\" class=\"uvc-heading ult-adjust-bottom-margin ultimate-heading-983569d4b03d5d5e3 uvc-5175 \" data-hspacer=\"no_spacer\"  data-halign=\"left\" style=\"text-align:left\"><div class=\"uvc-heading-spacer no_spacer\" style=\"top\"><\/div><div class=\"uvc-main-heading ult-responsive\"  data-ultimate-target='.uvc-heading.ultimate-heading-983569d4b03d5d5e3 h1'  data-responsive-json-new='{\"font-size\":\"desktop:28px;\",\"line-height\":\"desktop:34px;\"}' ><h1 style=\"font-weight:bold;margin-bottom:25px;\">Korrektorat<\/h1><\/div><\/div>[vc_column_text]<span style=\"font-weight: 400; font-size: 18px;\">Nutzen Sie unser Angebot des Korrekturlesens durch unsere professionellen Linguisten und steigern Sie die sprachliche Qualit\u00e4t Ihrer Texte! Ganz gleich, ob es sich um eine \u00dcbersetzung oder einen von Ihnen verfassten akademischen Artikel handelt, wir \u00fcberpr\u00fcfen und lektorieren Ihre Texte, um m\u00f6gliche sprachliche Probleme zu beseitigen und die Lesbarkeit zu verbessern.<\/span><\/p>\n<p><span style=\"font-weight: 400; font-size: 18px;\">Kontaktieren Sie uns f\u00fcr Ihre Fragen und erhalten Sie jetzt Ihr kostenloses Angebot.<\/span>[\/vc_column_text][vc_row_inner equal_height=&#8221;yes&#8221; content_placement=&#8221;top&#8221;][vc_column_inner css=&#8221;.vc_custom_1644314271911{padding-bottom: 32px !important;}&#8221;]<style type=\"text\/css\" data-type=\"the7_shortcodes-inline-css\">#default-btn-fa07927dca4da42c2e080104d44d25b2.ico-right-side > i {\n  margin-right: 0px;\n  margin-left: 8px;\n}\n#default-btn-fa07927dca4da42c2e080104d44d25b2 > i {\n  margin-right: 8px;\n}\n#default-btn-fa07927dca4da42c2e080104d44d25b2 * {\n  vertical-align: middle;\n}\n<\/style><a href=\"\/de\/angebot-anfordern\/\" class=\"default-btn-shortcode dt-btn dt-btn-l link-hover-off button-tto-grey btn-inline-left  vc_custom_1627294913662\" id=\"default-btn-fa07927dca4da42c2e080104d44d25b2\" style=\"width:286px;\"><span>Kostenloses Angebot einholen<\/span><\/a><style type=\"text\/css\" data-type=\"the7_shortcodes-inline-css\">#default-btn-6ec2a64648e4235f0cade211d81a5d29.ico-right-side > i {\n  margin-right: 0px;\n  margin-left: 8px;\n}\n#default-btn-6ec2a64648e4235f0cade211d81a5d29 > i {\n  margin-right: 8px;\n}\n#default-btn-6ec2a64648e4235f0cade211d81a5d29 * {\n  vertical-align: middle;\n}\n<\/style><a href=\"\/de\/kontaktieren-sie-uns\/\" class=\"default-btn-shortcode dt-btn dt-btn-l link-hover-off button-tto-red btn-inline-left  vc_custom_1627294919438\" id=\"default-btn-6ec2a64648e4235f0cade211d81a5d29\" style=\"width:286px;\"><span>Kontakt<\/span><\/a>[\/vc_column_inner][\/vc_row_inner][\/vc_column][vc_column width=&#8221;1\/2&#8243;][\/vc_column][\/vc_row][vc_row equal_height=&#8221;yes&#8221; content_placement=&#8221;top&#8221; bg_type=&#8221;image&#8221; parallax_style=&#8221;vcpb-default&#8221; bg_image_new=&#8221;id^2302|url^https:\/\/www.turkishtranslationoffice.com\/de\/wp-content\/uploads\/sites\/2\/2020\/08\/arka-plan-siyah-beyaz.png|caption^null|alt^null|title^arka-plan-siyah-beyaz|description^null&#8221; bg_image_repeat=&#8221;no-repeat&#8221; bg_override=&#8221;ex-full&#8221; type=&#8221;vc_default&#8221; margin_top=&#8221;5&#8243; margin_bottom=&#8221;10&#8243; css=&#8221;.vc_custom_1598645140078{padding-top: 30px !important;padding-bottom: 50px !important;}&#8221;][vc_column css=&#8221;.vc_custom_1491746299333{padding-bottom: 0px !important;}&#8221;][vc_row_inner equal_height=&#8221;yes&#8221; content_placement=&#8221;top&#8221;][vc_column_inner width=&#8221;1\/2&#8243; css=&#8221;.vc_custom_1596550089277{padding-top: 20px !important;}&#8221;]<div id=\"ultimate-heading-821169d4b03d5d89f\" class=\"uvc-heading ult-adjust-bottom-margin ultimate-heading-821169d4b03d5d89f uvc-6692 \" data-hspacer=\"no_spacer\"  data-halign=\"left\" style=\"text-align:left\"><div class=\"uvc-heading-spacer no_spacer\" style=\"top\"><\/div><div class=\"uvc-main-heading ult-responsive\"  data-ultimate-target='.uvc-heading.ultimate-heading-821169d4b03d5d89f h2'  data-responsive-json-new='{\"font-size\":\"desktop:24px;\",\"line-height\":\"desktop:34px;\"}' ><h2 style=\"font-weight:bold;margin-bottom:25px;\">Warum ist Korrekturlesen wichtig?<\/h2><\/div><\/div>[vc_column_text]Jeder Text, egal ob es sich um eine \u00dcbersetzung oder einen Artikel in seiner urspr\u00fcnglichen Form, wie er vom Autor geschrieben wurde, handelt, kann Verbesserungen f\u00fcr eine bessere Lesbarkeit und einen fl\u00fcssigeren Sprachgebrauch ben\u00f6tigen, indem m\u00f6gliche Grammatikfehler und semantische Probleme beseitigt werden. Das \u00dcberpr\u00fcfen und Korrigieren eines Dokuments setzt jedoch voraus, dass man die Materie des Textes beherrscht. Deshalb arbeiten wir nur mit professionellen, muttersprachlichen Korrekturlesern, die erfahrene Linguisten sind. Mit einem Auge f\u00fcr m\u00f6gliche Fehler oder verbesserungsw\u00fcrdige Aspekte \u00fcberpr\u00fcfen unsere Korrekturleser den Text auf seine sprachliche Qualit\u00e4t.<\/p>\n<p>In unserem typischen Arbeitsablauf ist das Korrekturlesen ein einsprachiger Prozess, den wir durch \u00dcberpr\u00fcfung der Zielsprache umsetzen. W\u00e4hrend eines Korrekturlesesauftrags \u00fcberpr\u00fcfen unsere Korrekturleser Ihre \u00dcbersetzung auf grammatikalische und stilistische Fehler, um die Fl\u00fcssigkeit und Lesbarkeit in der Zielsprache zu erh\u00f6hen. M\u00f6gliche Rechtschreib- und Zeichensetzungsfehler werden beseitigt. Das Hauptziel des Korrekturlesens ist es, sicherzustellen, dass der \u00fcbersetzte Text in der Zielsprache und f\u00fcr die Muttersprachler nat\u00fcrlich klingt.[\/vc_column_text][\/vc_column_inner][vc_column_inner width=&#8221;1\/2&#8243;]<style type=\"text\/css\" data-type=\"the7_shortcodes-inline-css\">.shortcode-single-image-wrap.shortcode-single-image-fbfda481db033f4ff936121fa538393d.enable-bg-rollover .rollover i,\n.shortcode-single-image-wrap.shortcode-single-image-fbfda481db033f4ff936121fa538393d.enable-bg-rollover .rollover-video i {\n  background: ;\n  background: -webkit-linear-gradient();\n  background: linear-gradient();\n}\n.shortcode-single-image-wrap.shortcode-single-image-fbfda481db033f4ff936121fa538393d .rollover-icon {\n  font-size: 32px;\n  color: #ffffff;\n  min-width: 44px;\n  min-height: 44px;\n  line-height: 44px;\n  border-radius: 100px;\n  border-style: solid;\n  border-width: 0px;\n}\n.dt-icon-bg-on.shortcode-single-image-wrap.shortcode-single-image-fbfda481db033f4ff936121fa538393d .rollover-icon {\n  background: rgba(255,255,255,0.3);\n  box-shadow: none;\n}\n<\/style><div class=\"shortcode-single-image-wrap shortcode-single-image-fbfda481db033f4ff936121fa538393d alignnone  enable-bg-rollover dt-icon-bg-off\" style=\"margin-top:0px; margin-bottom:0px; margin-left:0px; margin-right:0px; width:1000px;\"><div class=\"shortcode-single-image\"><div class=\"fancy-media-wrap  layzr-bg\" style=\"border-radius:10px;\"><img loading=\"lazy\" decoding=\"async\" class=\"preload-me lazy-load\" src=\"data:image\/svg+xml,%3Csvg%20xmlns%3D&#39;http%3A%2F%2Fwww.w3.org%2F2000%2Fsvg&#39;%20viewBox%3D&#39;0%200%201000%20700&#39;%2F%3E\" data-src=\"https:\/\/www.turkishtranslationoffice.com\/de\/wp-content\/uploads\/sites\/4\/2020\/08\/proofreading-nedir-1000x700.jpg\" data-srcset=\"https:\/\/www.turkishtranslationoffice.com\/de\/wp-content\/uploads\/sites\/4\/2020\/08\/proofreading-nedir-1000x700.jpg 1000w, https:\/\/www.turkishtranslationoffice.com\/de\/wp-content\/uploads\/sites\/4\/2020\/08\/proofreading-nedir.jpg 1600w\" width=\"1000\" height=\"700\"  data-dt-location=\"https:\/\/www.turkishtranslationoffice.com\/de\/korrekturlesen\/proofreading-nedir\/\" style=\"border-radius:10px;\" alt=\"\" \/><\/div><\/div><\/div>[\/vc_column_inner][\/vc_row_inner][\/vc_column][\/vc_row][vc_row bg_type=&#8221;image&#8221; bg_override=&#8221;full&#8221; css=&#8221;.vc_custom_1596535087001{background-image: url(https:\/\/www.turkishtranslationoffice.com\/de\/wp-content\/uploads\/sites\/2\/2020\/08\/uyari.jpg?id=2304) !important;}&#8221;][vc_column]<div class=\"smile_icon_list_wrap ult_info_list_container ult-adjust-bottom-margin   vc_custom_1596535225225\"><ul class=\"smile_icon_list top circle with_bg\"><li class=\"icon_list_item\" style=\" font-size:96px;\"><div class=\"icon_list_icon\" data-animation=\"\" data-animation-delay=\"03\" style=\"font-size:32px;border-width:1px;border-style:none;background:#ffffff;color:#d44133;border-color:#333333;\"><i class=\"fas fa-user-friends\" ><\/i><\/div><div class=\"icon_description\" id=\"Info-list-wrap-8288\" style=\"font-size:32px;\"><h3 class=\"ult-responsive info-list-heading\"  data-ultimate-target='#Info-list-wrap-8288 h3'  data-responsive-json-new='{\"font-size\":\"desktop:16px;\",\"line-height\":\"desktop:24px;\"}'  style=\"font-weight:bold;color:#ffffff;\">Korrekturlesen durch Muttersprachler<\/h3><div class=\"icon_description_text ult-responsive\"  data-ultimate-target='#Info-list-wrap-8288 .icon_description_text'  data-responsive-json-new='{\"font-size\":\"desktop:13px;\",\"line-height\":\"desktop:18px;\"}'  style=\"color:#ffffff;\"><\/div><\/div><div class=\"icon_list_connector\" data-animation=\"fadeInLeft\" data-animation-delay=\"03\" style=\"border: none !important;\"><\/div><\/li><li class=\"icon_list_item\" style=\" font-size:96px;\"><div class=\"icon_list_icon\" data-animation=\"\" data-animation-delay=\"03\" style=\"font-size:32px;border-width:1px;border-style:none;background:#ffffff;color:#d44133;border-color:#333333;\"><i class=\"fas fa-coins\" ><\/i><\/div><div class=\"icon_description\" id=\"Info-list-wrap-2588\" style=\"font-size:32px;\"><h3 class=\"ult-responsive info-list-heading\"  data-ultimate-target='#Info-list-wrap-2588 h3'  data-responsive-json-new='{\"font-size\":\"desktop:16px;\",\"line-height\":\"desktop:24px;\"}'  style=\"font-weight:bold;color:#ffffff;\">Zuverl\u00e4ssige und erschwingliche Dienstleistungen<\/h3><div class=\"icon_description_text ult-responsive\"  data-ultimate-target='#Info-list-wrap-2588 .icon_description_text'  data-responsive-json-new='{\"font-size\":\"desktop:13px;\",\"line-height\":\"desktop:18px;\"}'  style=\"color:#ffffff;\"><\/div><\/div><div class=\"icon_list_connector\" data-animation=\"fadeInLeft\" data-animation-delay=\"03\" style=\"border: none !important;\"><\/div><\/li><li class=\"icon_list_item\" style=\" font-size:96px;\"><div class=\"icon_list_icon\" data-animation=\"\" data-animation-delay=\"03\" style=\"font-size:32px;border-width:1px;border-style:none;background:#ffffff;color:#d44133;border-color:#333333;\"><i class=\"fas fa-tachometer-alt\" ><\/i><\/div><div class=\"icon_description\" id=\"Info-list-wrap-6925\" style=\"font-size:32px;\"><h3 class=\"ult-responsive info-list-heading\"  data-ultimate-target='#Info-list-wrap-6925 h3'  data-responsive-json-new='{\"font-size\":\"desktop:16px;\",\"line-height\":\"desktop:24px;\"}'  style=\"font-weight:bold;color:#ffffff;\">Schnelle Korrekturlese-L\u00f6sungen<\/h3><div class=\"icon_description_text ult-responsive\"  data-ultimate-target='#Info-list-wrap-6925 .icon_description_text'  data-responsive-json-new='{\"font-size\":\"desktop:13px;\",\"line-height\":\"desktop:18px;\"}'  style=\"color:#ffffff;\"><\/div><\/div><div class=\"icon_list_connector\" data-animation=\"fadeInLeft\" data-animation-delay=\"03\" style=\"border: none !important;\"><\/div><\/li><\/ul><\/div>[\/vc_column][\/vc_row][vc_row equal_height=&#8221;yes&#8221; content_placement=&#8221;top&#8221; bg_type=&#8221;bg_color&#8221; bg_override=&#8221;full&#8221; type=&#8221;vc_default&#8221; margin_top=&#8221;5&#8243; margin_bottom=&#8221;10&#8243; css=&#8221;.vc_custom_1598645221901{padding-top: 30px !important;padding-bottom: 50px !important;}&#8221; bg_color_value=&#8221;#ffffff&#8221;][vc_column][vc_row_inner equal_height=&#8221;yes&#8221; content_placement=&#8221;top&#8221;][vc_column_inner width=&#8221;1\/2&#8243;]<style type=\"text\/css\" data-type=\"the7_shortcodes-inline-css\">.shortcode-single-image-wrap.shortcode-single-image-6ed5c0955d5e9d5a755113ed533f179c.enable-bg-rollover .rollover i,\n.shortcode-single-image-wrap.shortcode-single-image-6ed5c0955d5e9d5a755113ed533f179c.enable-bg-rollover .rollover-video i {\n  background: ;\n  background: -webkit-linear-gradient();\n  background: linear-gradient();\n}\n.shortcode-single-image-wrap.shortcode-single-image-6ed5c0955d5e9d5a755113ed533f179c .rollover-icon {\n  font-size: 32px;\n  color: #ffffff;\n  min-width: 44px;\n  min-height: 44px;\n  line-height: 44px;\n  border-radius: 100px;\n  border-style: solid;\n  border-width: 0px;\n}\n.dt-icon-bg-on.shortcode-single-image-wrap.shortcode-single-image-6ed5c0955d5e9d5a755113ed533f179c .rollover-icon {\n  background: rgba(255,255,255,0.3);\n  box-shadow: none;\n}\n<\/style><div class=\"shortcode-single-image-wrap shortcode-single-image-6ed5c0955d5e9d5a755113ed533f179c alignnone  enable-bg-rollover dt-icon-bg-off\" style=\"margin-top:0px; margin-bottom:0px; margin-left:0px; margin-right:0px; width:1000px;\"><div class=\"shortcode-single-image\"><div class=\"fancy-media-wrap  layzr-bg\" style=\"border-radius:10px;\"><img loading=\"lazy\" decoding=\"async\" class=\"preload-me lazy-load\" src=\"data:image\/svg+xml,%3Csvg%20xmlns%3D&#39;http%3A%2F%2Fwww.w3.org%2F2000%2Fsvg&#39;%20viewBox%3D&#39;0%200%201000%20700&#39;%2F%3E\" data-src=\"https:\/\/www.turkishtranslationoffice.com\/de\/wp-content\/uploads\/sites\/4\/2020\/08\/proof-edit-arasindaki-fark-1000x700.jpg\" data-srcset=\"https:\/\/www.turkishtranslationoffice.com\/de\/wp-content\/uploads\/sites\/4\/2020\/08\/proof-edit-arasindaki-fark-1000x700.jpg 1000w, https:\/\/www.turkishtranslationoffice.com\/de\/wp-content\/uploads\/sites\/4\/2020\/08\/proof-edit-arasindaki-fark-1524x1067.jpg 1524w\" width=\"1000\" height=\"700\"  data-dt-location=\"https:\/\/www.turkishtranslationoffice.com\/de\/korrekturlesen\/proof-edit-arasindaki-fark\/\" style=\"border-radius:10px;\" alt=\"\" \/><\/div><\/div><\/div>[\/vc_column_inner][vc_column_inner width=&#8221;1\/2&#8243; css=&#8221;.vc_custom_1596550716406{padding-top: 10px !important;}&#8221;]<div id=\"ultimate-heading-676169d4b03d5df9f\" class=\"uvc-heading ult-adjust-bottom-margin ultimate-heading-676169d4b03d5df9f uvc-796 \" data-hspacer=\"no_spacer\"  data-halign=\"left\" style=\"text-align:left\"><div class=\"uvc-heading-spacer no_spacer\" style=\"top\"><\/div><div class=\"uvc-main-heading ult-responsive\"  data-ultimate-target='.uvc-heading.ultimate-heading-676169d4b03d5df9f h2'  data-responsive-json-new='{\"font-size\":\"desktop:24px;\",\"line-height\":\"desktop:34px;\"}' ><h2 style=\"font-weight:bold;margin-bottom:25px;\">Warum sollten Sie einen Korrekturleseservice in Anspruch nehmen?<\/h2><\/div><\/div><div class=\"standard-arrow bullet-top\"><ul>\n<li>Das Korrekturlesen erh\u00f6ht die Lesbarkeit eines Textes.<\/li>\n<li>Ein fehlerfreier und fl\u00fcssiger Text weckt das Interesse der Leser.<\/li>\n<li>Eine gut lesbare \u00dcbersetzung klingt nat\u00fcrlich und hilft Ihnen, Vertrauen bei Ihrer Zielgruppe aufzubauen.<\/li>\n<li>Ein professionell geschriebener Text hilft Ihnen, Ihre Botschaft im richtigen Ton und Stil zu vermitteln.<\/li>\n<\/ul>\n<\/div>[\/vc_column_inner][\/vc_row_inner][\/vc_column][\/vc_row][vc_row equal_height=&#8221;yes&#8221; content_placement=&#8221;top&#8221; bg_type=&#8221;image&#8221; parallax_style=&#8221;vcpb-hz-jquery&#8221; bg_image_new=&#8221;id^1611|url^https:\/\/www.turkishtranslationoffice.com\/de\/wp-content\/uploads\/sites\/2\/2016\/02\/bg-mem.png|caption^null|alt^null|title^bg-mem|description^null&#8221; bg_override=&#8221;ex-full&#8221; type=&#8221;vc_default&#8221; margin_top=&#8221;5&#8243; margin_bottom=&#8221;10&#8243; css=&#8221;.vc_custom_1598645603848{padding-top: 30px !important;padding-bottom: 50px !important;background-color: #f4f4f4 !important;}&#8221;][vc_column css=&#8221;.vc_custom_1491746299333{padding-bottom: 0px !important;}&#8221;][vc_row_inner equal_height=&#8221;yes&#8221; content_placement=&#8221;top&#8221;][vc_column_inner width=&#8221;1\/2&#8243; css=&#8221;.vc_custom_1596550089277{padding-top: 20px !important;}&#8221;]<div id=\"ultimate-heading-935469d4b03d5dff5\" class=\"uvc-heading ult-adjust-bottom-margin ultimate-heading-935469d4b03d5dff5 uvc-6121 \" data-hspacer=\"no_spacer\"  data-halign=\"left\" style=\"text-align:left\"><div class=\"uvc-heading-spacer no_spacer\" style=\"top\"><\/div><div class=\"uvc-main-heading ult-responsive\"  data-ultimate-target='.uvc-heading.ultimate-heading-935469d4b03d5dff5 h2'  data-responsive-json-new='{\"font-size\":\"desktop:24px;\",\"line-height\":\"desktop:34px;\"}' ><h2 style=\"font-weight:bold;margin-bottom:25px;\">Wie implementieren wir das Korrekturlesen in unsere Arbeitsabl\u00e4ufe?<\/h2><\/div><\/div>[vc_column_text]F\u00fcr eine qualit\u00e4tsgesicherte \u00dcbersetzung empfehlen wir unseren Kunden in der Regel unsere 4-stufige Qualit\u00e4tskontrolle, bei der wir einen Text durch die Schritte \u00dcbersetzung, Editing, Korrekturlesen und Desktop-Publishing bearbeiten. Sobald ein Text \u00fcbersetzt ist, wird er an unsere fachlich versierten Editoren weitergeleitet, wo eine zweisprachige \u00dcberpr\u00fcfung stattfindet und die \u00dcbersetzung auf fehlende \u00dcbersetzungen, fehlerhafte \u00dcbersetzungen und Terminologiefehler kontrolliert wird. Wenn der Bearbeitungsschritt abgeschlossen ist, wird die bearbeitete Datei an einen Korrekturleser gesendet.\u00a0 Da der Korrekturleser ein Muttersprachler der Zielsprache ist, verbessert er die sprachliche Qualit\u00e4t desselben Textes weiter. Wenn alle sprachlichen Pr\u00fcfungen abgeschlossen sind, wird das Dokument von unserem DTP-Team auf seine Formatierung \u00fcberpr\u00fcft und f\u00fcr die Auslieferung vorbereitet.[\/vc_column_text][\/vc_column_inner][vc_column_inner width=&#8221;1\/2&#8243;]<style type=\"text\/css\" data-type=\"the7_shortcodes-inline-css\">.shortcode-single-image-wrap.shortcode-single-image-bce1ff6edbb9ec0382394705d59c41c4.enable-bg-rollover .rollover i,\n.shortcode-single-image-wrap.shortcode-single-image-bce1ff6edbb9ec0382394705d59c41c4.enable-bg-rollover .rollover-video i {\n  background: ;\n  background: -webkit-linear-gradient();\n  background: linear-gradient();\n}\n.shortcode-single-image-wrap.shortcode-single-image-bce1ff6edbb9ec0382394705d59c41c4 .rollover-icon {\n  font-size: 32px;\n  color: #ffffff;\n  min-width: 44px;\n  min-height: 44px;\n  line-height: 44px;\n  border-radius: 100px;\n  border-style: solid;\n  border-width: 0px;\n}\n.dt-icon-bg-on.shortcode-single-image-wrap.shortcode-single-image-bce1ff6edbb9ec0382394705d59c41c4 .rollover-icon {\n  background: rgba(255,255,255,0.3);\n  box-shadow: none;\n}\n<\/style><div class=\"shortcode-single-image-wrap shortcode-single-image-bce1ff6edbb9ec0382394705d59c41c4 alignnone  enable-bg-rollover dt-icon-bg-off\" style=\"margin-top:0px; margin-bottom:0px; margin-left:0px; margin-right:0px; width:1000px;\"><div class=\"shortcode-single-image\"><div class=\"fancy-media-wrap  layzr-bg\" style=\"\"><img loading=\"lazy\" decoding=\"async\" class=\"preload-me lazy-load\" src=\"data:image\/svg+xml,%3Csvg%20xmlns%3D&#39;http%3A%2F%2Fwww.w3.org%2F2000%2Fsvg&#39;%20viewBox%3D&#39;0%200%201000%20793&#39;%2F%3E\" data-src=\"https:\/\/www.turkishtranslationoffice.com\/de\/wp-content\/uploads\/sites\/4\/2020\/08\/kalite-kontrol-asamalari.png\" data-srcset=\"https:\/\/www.turkishtranslationoffice.com\/de\/wp-content\/uploads\/sites\/4\/2020\/08\/kalite-kontrol-asamalari.png 1000w\" width=\"1000\" height=\"793\"  data-dt-location=\"https:\/\/www.turkishtranslationoffice.com\/de\/qualitaetskontrolle-fuer-uebersetzungen\/kalite-kontrol-asamalari\/\" style=\"\" alt=\"\" \/><\/div><\/div><\/div>[\/vc_column_inner][\/vc_row_inner][\/vc_column][\/vc_row][vc_row content_placement=&#8221;middle&#8221; bg_type=&#8221;grad&#8221; bg_override=&#8221;ex-full&#8221; bg_grad=&#8221;background: -webkit-gradient(linear, left top, left bottom, color-stop(0%, #365088), color-stop(100%, #EA524D));background: -moz-linear-gradient(135deg,#365088 0%,#EA524D 100%);background: -webkit-linear-gradient(135deg,#365088 0%,#EA524D 100%);background: -o-linear-gradient(135deg,#365088 0%,#EA524D 100%);background: -ms-linear-gradient(135deg,#365088 0%,#EA524D 100%);background: linear-gradient(135deg,#365088 0%,#EA524D 100%);&#8221;][vc_column width=&#8221;3\/4&#8243;][vc_column_text]<strong style=\"color: #ffffff; font-size: 24px;\">Wenn Sie auf der Suche nach Qualit\u00e4t sind, kontaktieren Sie uns, um Ihr kostenloses Angebot f\u00fcr professionelles Korrekturlesen in jeder Sprache zu erhalten!<\/strong>[\/vc_column_text][\/vc_column][vc_column width=&#8221;1\/4&#8243;][vc_btn title=&#8221;Angebot anfordern&#8221; color=&#8221;warning&#8221; size=&#8221;lg&#8221; align=&#8221;right&#8221; link=&#8221;url:%2Fde%2Fangebot-anfordern%2F&#8221;][\/vc_column][\/vc_row]<\/p>\n","protected":false},"excerpt":{"rendered":"<p>[vc_row equal_height=&#8221;yes&#8221; content_placement=&#8221;top&#8221; bg_type=&#8221;image&#8221; parallax_style=&#8221;vcpb-default&#8221; bg_image_new=&#8221;id^3884|url^https:\/\/www.turkishtranslationoffice.com\/de\/wp-content\/uploads\/sites\/2\/2020\/08\/proofreading.jpg|caption^null|alt^null|title^proofreading|description^null&#8221; bg_override=&#8221;ex-full&#8221; type=&#8221;vc_default&#8221; margin_top=&#8221;5&#8243; margin_bottom=&#8221;10&#8243; css=&#8221;.vc_custom_1629994154893{padding-top: 2% !important;padding-bottom: 2% !important;}&#8221;][vc_column width=&#8221;1\/2&#8243;][vc_column_text]Nutzen Sie unser Angebot des Korrekturlesens durch unsere professionellen Linguisten und steigern Sie die sprachliche Qualit\u00e4t Ihrer Texte! Ganz gleich, ob es sich um eine \u00dcbersetzung oder einen von Ihnen verfassten akademischen Artikel handelt, wir \u00fcberpr\u00fcfen und lektorieren Ihre Texte,&hellip;<\/p>\n","protected":false},"author":1,"featured_media":0,"parent":0,"menu_order":10,"comment_status":"closed","ping_status":"closed","template":"","meta":{"footnotes":""},"aioseo_notices":[],"_links":{"self":[{"href":"https:\/\/www.turkishtranslationoffice.com\/de\/wp-json\/wp\/v2\/pages\/2786"}],"collection":[{"href":"https:\/\/www.turkishtranslationoffice.com\/de\/wp-json\/wp\/v2\/pages"}],"about":[{"href":"https:\/\/www.turkishtranslationoffice.com\/de\/wp-json\/wp\/v2\/types\/page"}],"author":[{"embeddable":true,"href":"https:\/\/www.turkishtranslationoffice.com\/de\/wp-json\/wp\/v2\/users\/1"}],"replies":[{"embeddable":true,"href":"https:\/\/www.turkishtranslationoffice.com\/de\/wp-json\/wp\/v2\/comments?post=2786"}],"version-history":[{"count":9,"href":"https:\/\/www.turkishtranslationoffice.com\/de\/wp-json\/wp\/v2\/pages\/2786\/revisions"}],"predecessor-version":[{"id":6894,"href":"https:\/\/www.turkishtranslationoffice.com\/de\/wp-json\/wp\/v2\/pages\/2786\/revisions\/6894"}],"wp:attachment":[{"href":"https:\/\/www.turkishtranslationoffice.com\/de\/wp-json\/wp\/v2\/media?parent=2786"}],"curies":[{"name":"wp","href":"https:\/\/api.w.org\/{rel}","templated":true}]}}