{"id":2863,"date":"2020-08-13T16:10:33","date_gmt":"2020-08-13T13:10:33","guid":{"rendered":"https:\/\/www.turkishtranslationoffice.com\/tr\/finans-tercumesi-copy\/"},"modified":"2022-02-08T13:39:45","modified_gmt":"2022-02-08T10:39:45","slug":"fachuebersetzungen-lebensmittelindustrie","status":"publish","type":"page","link":"https:\/\/www.turkishtranslationoffice.com\/de\/fachuebersetzungen-lebensmittelindustrie\/","title":{"rendered":"Lebensmittel-\u00dcbersetzung"},"content":{"rendered":"<p>[vc_row equal_height=&#8221;yes&#8221; content_placement=&#8221;top&#8221; bg_type=&#8221;image&#8221; parallax_style=&#8221;vcpb-default&#8221; bg_image_new=&#8221;id^4147|url^https:\/\/www.turkishtranslationoffice.com\/de\/wp-content\/uploads\/sites\/2\/2020\/09\/gida-tercumesi.jpg|caption^null|alt^null|title^gida-tercumesi|description^null&#8221; bg_override=&#8221;ex-full&#8221; type=&#8221;vc_default&#8221; margin_top=&#8221;5&#8243; margin_bottom=&#8221;10&#8243; css=&#8221;.vc_custom_1629994768713{padding-top: 2% !important;padding-bottom: 2% !important;}&#8221;][vc_column width=&#8221;1\/2&#8243;]<div id=\"ultimate-heading-452869d767afb0bd9\" class=\"uvc-heading ult-adjust-bottom-margin ultimate-heading-452869d767afb0bd9 uvc-6561 \" data-hspacer=\"no_spacer\"  data-halign=\"left\" style=\"text-align:left\"><div class=\"uvc-heading-spacer no_spacer\" style=\"top\"><\/div><div class=\"uvc-main-heading ult-responsive\"  data-ultimate-target='.uvc-heading.ultimate-heading-452869d767afb0bd9 h1'  data-responsive-json-new='{\"font-size\":\"desktop:28px;\",\"line-height\":\"desktop:34px;\"}' ><h1 style=\"font-weight:bold;color:#ffffff;margin-bottom:25px;\">\u00dcbersetzungsdienstleistungen f\u00fcr die Lebensmittelindustrie<\/h1><\/div><\/div>[vc_column_text]<\/p>\n<p style=\"text-align: left;\"><span style=\"font-weight: 400; font-size: 18px; color: #ffffff;\">Sie haben eine Marke in der Lebensmittelbranche und m\u00f6chten global wachsen, indem Sie Ihre Produkte in internationalen M\u00e4rkten anbieten? Bei TTO bieten wir Ihnen die \u00dcbersetzungsdienstleistungen, die Sie ben\u00f6tigen, zu wettbewerbsf\u00e4higen Preisen. Kontaktieren Sie uns jetzt, wenn Sie mehr erfahren und qualitativ hochwertige \u00dcbersetzungen erhalten m\u00f6chten.<\/span><\/p>\n<p>[\/vc_column_text][vc_row_inner equal_height=&#8221;yes&#8221; content_placement=&#8221;top&#8221;][vc_column_inner css=&#8221;.vc_custom_1644316775699{padding-bottom: 32px !important;}&#8221;]<style type=\"text\/css\" data-type=\"the7_shortcodes-inline-css\">#default-btn-cc9bdefd509a325dee3db700076f2d31.ico-right-side > i {\n  margin-right: 0px;\n  margin-left: 8px;\n}\n#default-btn-cc9bdefd509a325dee3db700076f2d31 > i {\n  margin-right: 8px;\n}\n#default-btn-cc9bdefd509a325dee3db700076f2d31 * {\n  vertical-align: middle;\n}\n<\/style><a href=\"\/de\/angebot-anfordern\/\" class=\"default-btn-shortcode dt-btn dt-btn-l link-hover-off button-tto-grey btn-inline-left  vc_custom_1627305983959\" id=\"default-btn-cc9bdefd509a325dee3db700076f2d31\" style=\"width:286px;\"><span>Kostenloses Angebot einholen<\/span><\/a><style type=\"text\/css\" data-type=\"the7_shortcodes-inline-css\">#default-btn-743203c7b9503b2b2b42617ad4462136.ico-right-side > i {\n  margin-right: 0px;\n  margin-left: 8px;\n}\n#default-btn-743203c7b9503b2b2b42617ad4462136 > i {\n  margin-right: 8px;\n}\n#default-btn-743203c7b9503b2b2b42617ad4462136 * {\n  vertical-align: middle;\n}\n<\/style><a href=\"\/de\/kontaktieren-sie-uns\/\" class=\"default-btn-shortcode dt-btn dt-btn-l link-hover-off button-tto-red btn-inline-left  vc_custom_1627306001363\" id=\"default-btn-743203c7b9503b2b2b42617ad4462136\" style=\"width:286px;\"><span>Kontakt<\/span><\/a>[\/vc_column_inner][\/vc_row_inner][\/vc_column][vc_column width=&#8221;1\/2&#8243;][\/vc_column][\/vc_row][vc_row equal_height=&#8221;yes&#8221; content_placement=&#8221;top&#8221; bg_type=&#8221;bg_color&#8221; bg_override=&#8221;ex-full&#8221; type=&#8221;vc_default&#8221; margin_top=&#8221;5&#8243; margin_bottom=&#8221;10&#8243; css=&#8221;.vc_custom_1597317333042{padding-top: 30px !important;padding-bottom: 50px !important;}&#8221; bg_color_value=&#8221;#f4f4f4&#8243;][vc_column css=&#8221;.vc_custom_1491746299333{padding-bottom: 0px !important;}&#8221;][vc_row_inner equal_height=&#8221;yes&#8221; content_placement=&#8221;top&#8221;][vc_column_inner width=&#8221;1\/2&#8243;]<style type=\"text\/css\" data-type=\"the7_shortcodes-inline-css\">.shortcode-single-image-wrap.shortcode-single-image-d5664cd3f40e699d54e3705cff7c6156.enable-bg-rollover .rollover i,\n.shortcode-single-image-wrap.shortcode-single-image-d5664cd3f40e699d54e3705cff7c6156.enable-bg-rollover .rollover-video i {\n  background: ;\n  background: -webkit-linear-gradient();\n  background: linear-gradient();\n}\n.shortcode-single-image-wrap.shortcode-single-image-d5664cd3f40e699d54e3705cff7c6156 .rollover-icon {\n  font-size: 32px;\n  color: #ffffff;\n  min-width: 44px;\n  min-height: 44px;\n  line-height: 44px;\n  border-radius: 100px;\n  border-style: solid;\n  border-width: 0px;\n}\n.dt-icon-bg-on.shortcode-single-image-wrap.shortcode-single-image-d5664cd3f40e699d54e3705cff7c6156 .rollover-icon {\n  background: rgba(255,255,255,0.3);\n  box-shadow: none;\n}\n<\/style><div class=\"shortcode-single-image-wrap shortcode-single-image-d5664cd3f40e699d54e3705cff7c6156 alignnone  enable-bg-rollover dt-icon-bg-off\" style=\"margin-top:0px; margin-bottom:0px; margin-left:0px; margin-right:0px; width:1000px;\"><div class=\"shortcode-single-image\"><div class=\"fancy-media-wrap  layzr-bg\" style=\"border-radius:10px;\"><img loading=\"lazy\" decoding=\"async\" class=\"preload-me lazy-load\" src=\"data:image\/svg+xml,%3Csvg%20xmlns%3D&#39;http%3A%2F%2Fwww.w3.org%2F2000%2Fsvg&#39;%20viewBox%3D&#39;0%200%201000%20700&#39;%2F%3E\" data-src=\"https:\/\/www.turkishtranslationoffice.com\/de\/wp-content\/uploads\/sites\/4\/2020\/09\/gida-cevirisi-nedir-1000x700.jpg\" data-srcset=\"https:\/\/www.turkishtranslationoffice.com\/de\/wp-content\/uploads\/sites\/4\/2020\/09\/gida-cevirisi-nedir-1000x700.jpg 1000w, https:\/\/www.turkishtranslationoffice.com\/de\/wp-content\/uploads\/sites\/4\/2020\/09\/gida-cevirisi-nedir-1582x1108.jpg 1582w\" width=\"1000\" height=\"700\"  data-dt-location=\"https:\/\/www.turkishtranslationoffice.com\/de\/fachuebersetzungen-lebensmittelindustrie\/gida-cevirisi-nedir\/\" style=\"border-radius:10px;\" alt=\"\" \/><\/div><\/div><\/div>[\/vc_column_inner][vc_column_inner width=&#8221;1\/2&#8243; css=&#8221;.vc_custom_1596550089277{padding-top: 20px !important;}&#8221;]<div id=\"ultimate-heading-438269d767afb128d\" class=\"uvc-heading ult-adjust-bottom-margin ultimate-heading-438269d767afb128d uvc-5465 \" data-hspacer=\"no_spacer\"  data-halign=\"left\" style=\"text-align:left\"><div class=\"uvc-heading-spacer no_spacer\" style=\"top\"><\/div><div class=\"uvc-main-heading ult-responsive\"  data-ultimate-target='.uvc-heading.ultimate-heading-438269d767afb128d h2'  data-responsive-json-new='{\"font-size\":\"desktop:24px;\",\"line-height\":\"desktop:34px;\"}' ><h2 style=\"font-weight:bold;margin-bottom:25px;\">Welche Bedeutung hat die \u00dcbersetzung in der Lebensmittelindustrie?<\/h2><\/div><\/div>[vc_column_text]Die Lebensmittelindustrie ist eine der wichtigsten Branchen, die eine bedeutende Rolle im internationalen Handel und Export spielt. Lebensmittelunternehmen verkaufen ihre Produkte, die sie in einem Land herstellen, \u00fcblicherweise an andere benachbarte Regionen. Die Lebensmittelindustrie ist jedoch durch nationale und internationale Gesetze streng reguliert, was bedeutet, dass ein Lebensmittelprodukt, wenn es auf einem lokalen Markt angeboten wird, bestimmte Anforderungen erf\u00fcllen muss, und dies gilt auch f\u00fcr \u00dcbersetzungen solcher Produkte. \u00dcbersetzungen m\u00fcssen professionell durchgef\u00fchrt werden, um den lokalen Anforderungen zu entsprechen. Wenn wir \u00fcber internationalen Handel sprechen, kommt die \u00dcbersetzung ins Spiel. Lebensmittelvorschriften, internationale Gesetze, Einzelhandel und Marketing geh\u00f6ren zu den wichtigsten Fachgebieten der Lebensmittel\u00fcbersetzung.<\/p>\n<p>\u00dcbersetzungsdienstleistungen f\u00fcr die Lebensmittelindustrie werden typischerweise f\u00fcr die Prozesse der Produktion, des Vertriebs und des Verkaufs ben\u00f6tigt. Als professionelles \u00dcbersetzungsunternehmen mit industriellem Fachwissen k\u00f6nnen wir Ihnen mit Qualit\u00e4ts\u00fcbersetzungen helfen, w\u00e4hrend Sie Ihr Gesch\u00e4ft im Ausland ausbauen.[\/vc_column_text][\/vc_column_inner][\/vc_row_inner][\/vc_column][\/vc_row][vc_row equal_height=&#8221;yes&#8221; content_placement=&#8221;top&#8221; bg_type=&#8221;bg_color&#8221; bg_override=&#8221;ex-full&#8221; type=&#8221;vc_default&#8221; margin_top=&#8221;5&#8243; margin_bottom=&#8221;10&#8243; css=&#8221;.vc_custom_1597323012250{padding-top: 30px !important;padding-bottom: 50px !important;}&#8221; bg_color_value=&#8221;#ffffff&#8221;][vc_column css=&#8221;.vc_custom_1491746299333{padding-bottom: 0px !important;}&#8221;][vc_row_inner equal_height=&#8221;yes&#8221; content_placement=&#8221;top&#8221;][vc_column_inner width=&#8221;1\/2&#8243; css=&#8221;.vc_custom_1596550089277{padding-top: 20px !important;}&#8221;]<div id=\"ultimate-heading-439769d767afb12a9\" class=\"uvc-heading ult-adjust-bottom-margin ultimate-heading-439769d767afb12a9 uvc-2388 \" data-hspacer=\"no_spacer\"  data-halign=\"left\" style=\"text-align:left\"><div class=\"uvc-heading-spacer no_spacer\" style=\"top\"><\/div><div class=\"uvc-main-heading ult-responsive\"  data-ultimate-target='.uvc-heading.ultimate-heading-439769d767afb12a9 h2'  data-responsive-json-new='{\"font-size\":\"desktop:24px;\",\"line-height\":\"desktop:34px;\"}' ><h2 style=\"font-weight:bold;margin-bottom:25px;\">\u00dcbersetzungsdienstleistungen in der Lebensmittelindustrie werden meist ben\u00f6tigt f\u00fcr:<\/h2><\/div><\/div><div class=\"standard-arrow bullet-top\"><ul>\n<li>Notariell beglaubigte Rechtsdokumente<\/li>\n<li>Restaurant-Men\u00fcs und Rezepte<\/li>\n<li>Import- und Exportdokumente<\/li>\n<li>Etiketten, Verpackungen und Kataloge<\/li>\n<li>Werbung &amp; Marketing-Materialien<\/li>\n<li>Fachtexte zur Lebensmitteltechnik<\/li>\n<\/ul>\n<\/div>[\/vc_column_inner][vc_column_inner width=&#8221;1\/2&#8243;]<style type=\"text\/css\" data-type=\"the7_shortcodes-inline-css\">.shortcode-single-image-wrap.shortcode-single-image-2a69994575b77725284fe656f0e751dc.enable-bg-rollover .rollover i,\n.shortcode-single-image-wrap.shortcode-single-image-2a69994575b77725284fe656f0e751dc.enable-bg-rollover .rollover-video i {\n  background: ;\n  background: -webkit-linear-gradient();\n  background: linear-gradient();\n}\n.shortcode-single-image-wrap.shortcode-single-image-2a69994575b77725284fe656f0e751dc .rollover-icon {\n  font-size: 32px;\n  color: #ffffff;\n  min-width: 44px;\n  min-height: 44px;\n  line-height: 44px;\n  border-radius: 100px;\n  border-style: solid;\n  border-width: 0px;\n}\n.dt-icon-bg-on.shortcode-single-image-wrap.shortcode-single-image-2a69994575b77725284fe656f0e751dc .rollover-icon {\n  background: rgba(255,255,255,0.3);\n  box-shadow: none;\n}\n<\/style><div class=\"shortcode-single-image-wrap shortcode-single-image-2a69994575b77725284fe656f0e751dc alignnone  enable-bg-rollover dt-icon-bg-off\" style=\"margin-top:0px; margin-bottom:0px; margin-left:0px; margin-right:0px; width:1000px;\"><div class=\"shortcode-single-image\"><div class=\"fancy-media-wrap  layzr-bg\" style=\"border-radius:10px;\"><img loading=\"lazy\" decoding=\"async\" class=\"preload-me lazy-load\" src=\"data:image\/svg+xml,%3Csvg%20xmlns%3D&#39;http%3A%2F%2Fwww.w3.org%2F2000%2Fsvg&#39;%20viewBox%3D&#39;0%200%201000%20700&#39;%2F%3E\" data-src=\"https:\/\/www.turkishtranslationoffice.com\/de\/wp-content\/uploads\/sites\/4\/2020\/09\/hangi-belgeleri-tercume-ediyoruz-1000x700.jpg\" data-srcset=\"https:\/\/www.turkishtranslationoffice.com\/de\/wp-content\/uploads\/sites\/4\/2020\/09\/hangi-belgeleri-tercume-ediyoruz-1000x700.jpg 1000w, https:\/\/www.turkishtranslationoffice.com\/de\/wp-content\/uploads\/sites\/4\/2020\/09\/hangi-belgeleri-tercume-ediyoruz-1525x1068.jpg 1525w\" width=\"1000\" height=\"700\"  data-dt-location=\"https:\/\/www.turkishtranslationoffice.com\/de\/fachuebersetzungen-lebensmittelindustrie\/hangi-belgeleri-tercume-ediyoruz\/\" style=\"border-radius:10px;\" alt=\"\" \/><\/div><\/div><\/div>[\/vc_column_inner][\/vc_row_inner][\/vc_column][\/vc_row][vc_row bg_type=&#8221;image&#8221; bg_override=&#8221;full&#8221; css=&#8221;.vc_custom_1596535087001{background-image: url(https:\/\/www.turkishtranslationoffice.com\/de\/wp-content\/uploads\/sites\/2\/2020\/08\/uyari.jpg?id=2304) !important;}&#8221;][vc_column]<div class=\"smile_icon_list_wrap ult_info_list_container ult-adjust-bottom-margin   vc_custom_1596535225225\"><ul class=\"smile_icon_list top circle with_bg\"><li class=\"icon_list_item\" style=\" font-size:96px;\"><div class=\"icon_list_icon\" data-animation=\"\" data-animation-delay=\"03\" style=\"font-size:32px;border-width:1px;border-style:none;background:#ffffff;color:#d44133;border-color:#333333;\"><i class=\"fas fa-thumbs-up\" ><\/i><\/div><div class=\"icon_description\" id=\"Info-list-wrap-2921\" style=\"font-size:32px;\"><h3 class=\"ult-responsive info-list-heading\"  data-ultimate-target='#Info-list-wrap-2921 h3'  data-responsive-json-new='{\"font-size\":\"desktop:16px;\",\"line-height\":\"desktop:24px;\"}'  style=\"font-weight:bold;color:#ffffff;\">100% zuverl\u00e4ssig &amp; professionell<\/h3><div class=\"icon_description_text ult-responsive\"  data-ultimate-target='#Info-list-wrap-2921 .icon_description_text'  data-responsive-json-new='{\"font-size\":\"desktop:13px;\",\"line-height\":\"desktop:18px;\"}'  style=\"color:#ffffff;\"><\/div><\/div><div class=\"icon_list_connector\" data-animation=\"fadeInLeft\" data-animation-delay=\"03\" style=\"border: none !important;\"><\/div><\/li><li class=\"icon_list_item\" style=\" font-size:96px;\"><div class=\"icon_list_icon\" data-animation=\"\" data-animation-delay=\"03\" style=\"font-size:32px;border-width:1px;border-style:none;background:#ffffff;color:#d44133;border-color:#333333;\"><i class=\"fas fa-vote-yea\" ><\/i><\/div><div class=\"icon_description\" id=\"Info-list-wrap-7142\" style=\"font-size:32px;\"><h3 class=\"ult-responsive info-list-heading\"  data-ultimate-target='#Info-list-wrap-7142 h3'  data-responsive-json-new='{\"font-size\":\"desktop:16px;\",\"line-height\":\"desktop:24px;\"}'  style=\"font-weight:bold;color:#ffffff;\">Hohe Qualit\u00e4t und Konsistenz<\/h3><div class=\"icon_description_text ult-responsive\"  data-ultimate-target='#Info-list-wrap-7142 .icon_description_text'  data-responsive-json-new='{\"font-size\":\"desktop:13px;\",\"line-height\":\"desktop:18px;\"}'  style=\"color:#ffffff;\"><\/div><\/div><div class=\"icon_list_connector\" data-animation=\"fadeInLeft\" data-animation-delay=\"03\" style=\"border: none !important;\"><\/div><\/li><li class=\"icon_list_item\" style=\" font-size:96px;\"><div class=\"icon_list_icon\" data-animation=\"\" data-animation-delay=\"03\" style=\"font-size:32px;border-width:1px;border-style:none;background:#ffffff;color:#d44133;border-color:#333333;\"><i class=\"fas fa-history\" ><\/i><\/div><div class=\"icon_description\" id=\"Info-list-wrap-2425\" style=\"font-size:32px;\"><h3 class=\"ult-responsive info-list-heading\"  data-ultimate-target='#Info-list-wrap-2425 h3'  data-responsive-json-new='{\"font-size\":\"desktop:16px;\",\"line-height\":\"desktop:24px;\"}'  style=\"font-weight:bold;color:#ffffff;\">Schnelles &amp; intelligentes Projektmanagement<\/h3><div class=\"icon_description_text ult-responsive\"  data-ultimate-target='#Info-list-wrap-2425 .icon_description_text'  data-responsive-json-new='{\"font-size\":\"desktop:13px;\",\"line-height\":\"desktop:18px;\"}'  style=\"color:#ffffff;\"><\/div><\/div><div class=\"icon_list_connector\" data-animation=\"fadeInLeft\" data-animation-delay=\"03\" style=\"border: none !important;\"><\/div><\/li><\/ul><\/div>[\/vc_column][\/vc_row][vc_row equal_height=&#8221;yes&#8221; content_placement=&#8221;top&#8221; bg_type=&#8221;bg_color&#8221; bg_override=&#8221;full&#8221; type=&#8221;vc_default&#8221; margin_top=&#8221;5&#8243; margin_bottom=&#8221;10&#8243; css=&#8221;.vc_custom_1597324782925{padding-top: 30px !important;padding-bottom: 50px !important;}&#8221; bg_color_value=&#8221;#f4f4f4&#8243;][vc_column][vc_row_inner equal_height=&#8221;yes&#8221; content_placement=&#8221;top&#8221;][vc_column_inner width=&#8221;1\/2&#8243;]<style type=\"text\/css\" data-type=\"the7_shortcodes-inline-css\">.shortcode-single-image-wrap.shortcode-single-image-13ffa97cde97a6ae868597707a6d5bb5.enable-bg-rollover .rollover i,\n.shortcode-single-image-wrap.shortcode-single-image-13ffa97cde97a6ae868597707a6d5bb5.enable-bg-rollover .rollover-video i {\n  background: ;\n  background: -webkit-linear-gradient();\n  background: linear-gradient();\n}\n.shortcode-single-image-wrap.shortcode-single-image-13ffa97cde97a6ae868597707a6d5bb5 .rollover-icon {\n  font-size: 32px;\n  color: #ffffff;\n  min-width: 44px;\n  min-height: 44px;\n  line-height: 44px;\n  border-radius: 100px;\n  border-style: solid;\n  border-width: 0px;\n}\n.dt-icon-bg-on.shortcode-single-image-wrap.shortcode-single-image-13ffa97cde97a6ae868597707a6d5bb5 .rollover-icon {\n  background: rgba(255,255,255,0.3);\n  box-shadow: none;\n}\n<\/style><div class=\"shortcode-single-image-wrap shortcode-single-image-13ffa97cde97a6ae868597707a6d5bb5 alignnone  enable-bg-rollover dt-icon-bg-off\" style=\"margin-top:0px; margin-bottom:0px; margin-left:0px; margin-right:0px; width:1000px;\"><div class=\"shortcode-single-image\"><div class=\"fancy-media-wrap  layzr-bg\" style=\"border-radius:10px;\"><img loading=\"lazy\" decoding=\"async\" class=\"preload-me lazy-load\" src=\"data:image\/svg+xml,%3Csvg%20xmlns%3D&#39;http%3A%2F%2Fwww.w3.org%2F2000%2Fsvg&#39;%20viewBox%3D&#39;0%200%201000%20700&#39;%2F%3E\" data-src=\"https:\/\/www.turkishtranslationoffice.com\/de\/wp-content\/uploads\/sites\/4\/2020\/08\/tto-uzmanlik-alanlari-1000x700.jpg\" data-srcset=\"https:\/\/www.turkishtranslationoffice.com\/de\/wp-content\/uploads\/sites\/4\/2020\/08\/tto-uzmanlik-alanlari-1000x700.jpg 1000w, https:\/\/www.turkishtranslationoffice.com\/de\/wp-content\/uploads\/sites\/4\/2020\/08\/tto-uzmanlik-alanlari-1524x1067.jpg 1524w\" width=\"1000\" height=\"700\"  data-dt-location=\"https:\/\/www.turkishtranslationoffice.com\/de\/lokalisierungsdienste\/tto-uzmanlik-alanlari\/\" style=\"border-radius:10px;\" alt=\"\" \/><\/div><\/div><\/div>[\/vc_column_inner][vc_column_inner width=&#8221;1\/2&#8243; css=&#8221;.vc_custom_1597324820999{padding-top: 20px !important;}&#8221;]<div id=\"ultimate-heading-4669d767afb23ec\" class=\"uvc-heading ult-adjust-bottom-margin ultimate-heading-4669d767afb23ec uvc-1665 \" data-hspacer=\"no_spacer\"  data-halign=\"left\" style=\"text-align:left\"><div class=\"uvc-heading-spacer no_spacer\" style=\"top\"><\/div><div class=\"uvc-main-heading ult-responsive\"  data-ultimate-target='.uvc-heading.ultimate-heading-4669d767afb23ec h2'  data-responsive-json-new='{\"font-size\":\"desktop:24px;\",\"line-height\":\"desktop:34px;\"}' ><h2 style=\"font-weight:bold;margin-bottom:25px;\">Ein professionelles Team f\u00fcr Ihre \u00dcbersetzungen von Speisen und Getr\u00e4nken<\/h2><\/div><\/div>[vc_column_text css=&#8221;.vc_custom_1627306188819{margin-bottom: 8px !important;}&#8221;]Sie suchen einen zuverl\u00e4ssigen Partner f\u00fcr Ihre \u00dcbersetzungsprojekte im Bereich Lebensmittel und Getr\u00e4nke? Bei TTO arbeiten wir mit Linguisten, die Erfahrung mit der \u00dcbersetzung von Dokumenten aus der Lebensmittel-, Agrar- und Getr\u00e4nkeindustrie haben. Unsere \u00dcbersetzer verf\u00fcgen \u00fcber fundierte Kenntnisse dieser Fachgebiete und der verwendeten Fachterminologie und sind Muttersprachler der Zielsprache, in die sie \u00fcbersetzen. Dies erm\u00f6glicht es uns, fehlerfreie \u00dcbersetzungen zu liefern, die den lokalen Vorschriften und Anforderungen entsprechen. Um die Gesamtqualit\u00e4t der von uns gelieferten \u00dcbersetzungen zu verbessern, f\u00fchren wir zus\u00e4tzliche Qualit\u00e4tspr\u00fcfungs- und Bearbeitungsschritte durch, bei denen wir sicherstellen, dass die Ausgabe korrekt und genau ist.[\/vc_column_text][\/vc_column_inner][\/vc_row_inner][\/vc_column][\/vc_row]<\/p>\n","protected":false},"excerpt":{"rendered":"<p>[vc_row equal_height=&#8221;yes&#8221; content_placement=&#8221;top&#8221; bg_type=&#8221;image&#8221; parallax_style=&#8221;vcpb-default&#8221; bg_image_new=&#8221;id^4147|url^https:\/\/www.turkishtranslationoffice.com\/de\/wp-content\/uploads\/sites\/2\/2020\/09\/gida-tercumesi.jpg|caption^null|alt^null|title^gida-tercumesi|description^null&#8221; bg_override=&#8221;ex-full&#8221; type=&#8221;vc_default&#8221; margin_top=&#8221;5&#8243; margin_bottom=&#8221;10&#8243; css=&#8221;.vc_custom_1629994768713{padding-top: 2% !important;padding-bottom: 2% !important;}&#8221;][vc_column width=&#8221;1\/2&#8243;][vc_column_text] Sie haben eine Marke in der Lebensmittelbranche und m\u00f6chten global wachsen, indem Sie Ihre Produkte in internationalen M\u00e4rkten anbieten? Bei TTO bieten wir Ihnen die \u00dcbersetzungsdienstleistungen, die Sie ben\u00f6tigen, zu wettbewerbsf\u00e4higen Preisen. Kontaktieren Sie uns jetzt, wenn Sie mehr&hellip;<\/p>\n","protected":false},"author":1,"featured_media":0,"parent":0,"menu_order":10,"comment_status":"closed","ping_status":"closed","template":"","meta":{"footnotes":""},"aioseo_notices":[],"_links":{"self":[{"href":"https:\/\/www.turkishtranslationoffice.com\/de\/wp-json\/wp\/v2\/pages\/2863"}],"collection":[{"href":"https:\/\/www.turkishtranslationoffice.com\/de\/wp-json\/wp\/v2\/pages"}],"about":[{"href":"https:\/\/www.turkishtranslationoffice.com\/de\/wp-json\/wp\/v2\/types\/page"}],"author":[{"embeddable":true,"href":"https:\/\/www.turkishtranslationoffice.com\/de\/wp-json\/wp\/v2\/users\/1"}],"replies":[{"embeddable":true,"href":"https:\/\/www.turkishtranslationoffice.com\/de\/wp-json\/wp\/v2\/comments?post=2863"}],"version-history":[{"count":11,"href":"https:\/\/www.turkishtranslationoffice.com\/de\/wp-json\/wp\/v2\/pages\/2863\/revisions"}],"predecessor-version":[{"id":6898,"href":"https:\/\/www.turkishtranslationoffice.com\/de\/wp-json\/wp\/v2\/pages\/2863\/revisions\/6898"}],"wp:attachment":[{"href":"https:\/\/www.turkishtranslationoffice.com\/de\/wp-json\/wp\/v2\/media?parent=2863"}],"curies":[{"name":"wp","href":"https:\/\/api.w.org\/{rel}","templated":true}]}}