{"id":2905,"date":"2020-08-14T11:51:10","date_gmt":"2020-08-14T08:51:10","guid":{"rendered":"https:\/\/www.turkishtranslationoffice.com\/tr\/edebi-tercume-copy\/"},"modified":"2022-02-08T12:55:57","modified_gmt":"2022-02-08T09:55:57","slug":"juristische-uebersetzungen","status":"publish","type":"page","link":"https:\/\/www.turkishtranslationoffice.com\/de\/juristische-uebersetzungen\/","title":{"rendered":"Juristische \u00dcbersetzung"},"content":{"rendered":"<p>[vc_row equal_height=&#8221;yes&#8221; content_placement=&#8221;top&#8221; bg_type=&#8221;image&#8221; parallax_style=&#8221;vcpb-default&#8221; bg_image_new=&#8221;id^4128|url^https:\/\/www.turkishtranslationoffice.com\/de\/wp-content\/uploads\/sites\/2\/2020\/09\/hukuk-1.jpg|caption^null|alt^null|title^hukuk|description^null&#8221; bg_image_repeat=&#8221;no-repeat&#8221; bg_override=&#8221;ex-full&#8221; type=&#8221;vc_default&#8221; margin_top=&#8221;5&#8243; margin_bottom=&#8221;10&#8243; css=&#8221;.vc_custom_1629994865068{padding-top: 2% !important;padding-bottom: 2% !important;}&#8221;][vc_column width=&#8221;1\/2&#8243;]<div id=\"ultimate-heading-727369d4b03d59f3d\" class=\"uvc-heading ult-adjust-bottom-margin ultimate-heading-727369d4b03d59f3d uvc-1858 \" data-hspacer=\"no_spacer\"  data-halign=\"left\" style=\"text-align:left\"><div class=\"uvc-heading-spacer no_spacer\" style=\"top\"><\/div><div class=\"uvc-main-heading ult-responsive\"  data-ultimate-target='.uvc-heading.ultimate-heading-727369d4b03d59f3d h1'  data-responsive-json-new='{\"font-size\":\"desktop:28px;\",\"line-height\":\"desktop:34px;\"}' ><h1 style=\"font-weight:bold;margin-bottom:25px;\">Juristische \u00dcbersetzungsdienste<\/h1><\/div><\/div>[vc_column_text]<\/p>\n<p style=\"text-align: left;\"><span style=\"font-weight: 400; font-size: 18px;\">Ben\u00f6tigen Sie juristische \u00dcbersetzungsdienstleistungen f\u00fcr Ihr internationales Gesch\u00e4ft, Handelsvertr\u00e4ge oder pers\u00f6nliche Antr\u00e4ge bei offiziellen Beh\u00f6rden f\u00fcr Visa oder Arbeitsgenehmigungen? Wir bieten professionelle \u00dcbersetzungsdienstleistungen f\u00fcr juristische Dokumente zu wettbewerbsf\u00e4higen Preisen.<\/span><\/p>\n<p><span style=\"font-weight: 400; font-size: 18px;\">Kontaktieren Sie uns jetzt, um fehlerfreie juristische \u00dcbersetzungen von erfahrenen juristischen \u00dcbersetzern zu erhalten.<\/span>[\/vc_column_text][vc_row_inner equal_height=&#8221;yes&#8221; content_placement=&#8221;top&#8221;][vc_column_inner css=&#8221;.vc_custom_1644314151642{padding-bottom: 32px !important;}&#8221;]<style type=\"text\/css\" data-type=\"the7_shortcodes-inline-css\">#default-btn-25f8a392372966d6662fc6af15766e85.ico-right-side > i {\n  margin-right: 0px;\n  margin-left: 8px;\n}\n#default-btn-25f8a392372966d6662fc6af15766e85 > i {\n  margin-right: 8px;\n}\n#default-btn-25f8a392372966d6662fc6af15766e85 * {\n  vertical-align: middle;\n}\n<\/style><a href=\"\/de\/angebot-anfordern\/\" class=\"default-btn-shortcode dt-btn dt-btn-l link-hover-off button-tto-grey btn-inline-left  vc_custom_1627307828026\" id=\"default-btn-25f8a392372966d6662fc6af15766e85\" style=\"width:286px;\"><span>Kostenloses Angebot einholen<\/span><\/a><style type=\"text\/css\" data-type=\"the7_shortcodes-inline-css\">#default-btn-efad055a96231597a93a63d1bdedf8b0.ico-right-side > i {\n  margin-right: 0px;\n  margin-left: 8px;\n}\n#default-btn-efad055a96231597a93a63d1bdedf8b0 > i {\n  margin-right: 8px;\n}\n#default-btn-efad055a96231597a93a63d1bdedf8b0 * {\n  vertical-align: middle;\n}\n<\/style><a href=\"\/de\/kontaktieren-sie-uns\/\" class=\"default-btn-shortcode dt-btn dt-btn-l link-hover-off button-tto-red btn-inline-left  vc_custom_1627307846210\" id=\"default-btn-efad055a96231597a93a63d1bdedf8b0\" style=\"width:286px;\"><span>Kontakt<\/span><\/a>[\/vc_column_inner][\/vc_row_inner][\/vc_column][vc_column width=&#8221;1\/2&#8243;][\/vc_column][\/vc_row][vc_row equal_height=&#8221;yes&#8221; content_placement=&#8221;top&#8221; bg_type=&#8221;bg_color&#8221; bg_override=&#8221;ex-full&#8221; type=&#8221;vc_default&#8221; margin_top=&#8221;5&#8243; margin_bottom=&#8221;10&#8243; css=&#8221;.vc_custom_1597395269738{padding-top: 30px !important;padding-bottom: 50px !important;}&#8221; bg_color_value=&#8221;#f4f4f4&#8243;][vc_column css=&#8221;.vc_custom_1491746299333{padding-bottom: 0px !important;}&#8221;][vc_row_inner equal_height=&#8221;yes&#8221; content_placement=&#8221;top&#8221;][vc_column_inner width=&#8221;1\/2&#8243;]<style type=\"text\/css\" data-type=\"the7_shortcodes-inline-css\">.shortcode-single-image-wrap.shortcode-single-image-c57120093903a7992ddb27eb662e7b61.enable-bg-rollover .rollover i,\n.shortcode-single-image-wrap.shortcode-single-image-c57120093903a7992ddb27eb662e7b61.enable-bg-rollover .rollover-video i {\n  background: ;\n  background: -webkit-linear-gradient();\n  background: linear-gradient();\n}\n.shortcode-single-image-wrap.shortcode-single-image-c57120093903a7992ddb27eb662e7b61 .rollover-icon {\n  font-size: 32px;\n  color: #ffffff;\n  min-width: 44px;\n  min-height: 44px;\n  line-height: 44px;\n  border-radius: 100px;\n  border-style: solid;\n  border-width: 0px;\n}\n.dt-icon-bg-on.shortcode-single-image-wrap.shortcode-single-image-c57120093903a7992ddb27eb662e7b61 .rollover-icon {\n  background: rgba(255,255,255,0.3);\n  box-shadow: none;\n}\n<\/style><div class=\"shortcode-single-image-wrap shortcode-single-image-c57120093903a7992ddb27eb662e7b61 alignnone  enable-bg-rollover dt-icon-bg-off\" style=\"margin-top:0px; margin-bottom:0px; margin-left:0px; margin-right:0px; width:1000px;\"><div class=\"shortcode-single-image\"><div class=\"fancy-media-wrap  layzr-bg\" style=\"border-radius:10px;\"><img loading=\"lazy\" decoding=\"async\" class=\"preload-me lazy-load\" src=\"data:image\/svg+xml,%3Csvg%20xmlns%3D&#39;http%3A%2F%2Fwww.w3.org%2F2000%2Fsvg&#39;%20viewBox%3D&#39;0%200%201000%20700&#39;%2F%3E\" data-src=\"https:\/\/www.turkishtranslationoffice.com\/de\/wp-content\/uploads\/sites\/4\/2020\/09\/hatasiz-hukuk-tercumesi-nasil-yapilir-1-1000x700.jpg\" data-srcset=\"https:\/\/www.turkishtranslationoffice.com\/de\/wp-content\/uploads\/sites\/4\/2020\/09\/hatasiz-hukuk-tercumesi-nasil-yapilir-1-1000x700.jpg 1000w, https:\/\/www.turkishtranslationoffice.com\/de\/wp-content\/uploads\/sites\/4\/2020\/09\/hatasiz-hukuk-tercumesi-nasil-yapilir-1-1525x1068.jpg 1525w\" width=\"1000\" height=\"700\"  data-dt-location=\"https:\/\/www.turkishtranslationoffice.com\/de\/juristische-uebersetzungen\/hatasiz-hukuk-tercumesi-nasil-yapilir\/\" style=\"border-radius:10px;\" alt=\"\" \/><\/div><\/div><\/div>[\/vc_column_inner][vc_column_inner width=&#8221;1\/2&#8243; css=&#8221;.vc_custom_1596550089277{padding-top: 20px !important;}&#8221;]<div id=\"ultimate-heading-727369d4b03d5a7f5\" class=\"uvc-heading ult-adjust-bottom-margin ultimate-heading-727369d4b03d5a7f5 uvc-6409 \" data-hspacer=\"no_spacer\"  data-halign=\"left\" style=\"text-align:left\"><div class=\"uvc-heading-spacer no_spacer\" style=\"top\"><\/div><div class=\"uvc-main-heading ult-responsive\"  data-ultimate-target='.uvc-heading.ultimate-heading-727369d4b03d5a7f5 h2'  data-responsive-json-new='{\"font-size\":\"desktop:24px;\",\"line-height\":\"desktop:34px;\"}' ><h2 style=\"font-weight:bold;margin-bottom:25px;\">Worauf sollte bei der juristischen \u00dcbersetzung geachtet werden?<\/h2><\/div><\/div>[vc_column_text]Obwohl gesetzliche Regeln oder das Recht im Allgemeinen dazu da sind, die Grundrechte und -freiheiten der Menschen zu sch\u00fctzen und die Beziehungen zwischen nat\u00fcrlichen oder juristischen Personen zu regeln, unterscheiden sich Justiz und Rechtssysteme typischerweise stark von einem Land zum anderen. Daher erfordert eine juristische \u00dcbersetzung mehr als nur die Wiedergabe eines Dokuments in einer Fremdsprache. Neben der spezifischen Terminologie, dem Stil und dem verwendeten Register enthalten Rechtstexte in der Regel einige spezielle Hinweise auf das Rechtssystem des jeweiligen Landes. Aus diesem Grund ist die Zusammenarbeit mit Fach\u00fcbersetzern, die mit dem Rechtssystem des Ziellandes vertraut sind, von gro\u00dfer Bedeutung, um genaue und korrekte juristische \u00dcbersetzungen zu erhalten.<\/p>\n<p>Schon ein kleiner Fehler und Irrtum bei der \u00dcbersetzung juristischer Dokumente kann schwerwiegende Folgen haben. Daher sollten die Genauigkeit und die Qualit\u00e4t des \u00fcbersetzten Textes die beiden wichtigsten Faktoren sein, die ber\u00fccksichtigt werden m\u00fcssen. Als professionelles \u00dcbersetzungsb\u00fcro verf\u00fcgen wir \u00fcber eine Qualit\u00e4tsabteilung, die die Qualit\u00e4t der von uns gelieferten \u00dcbersetzungen durch zus\u00e4tzliche Qualit\u00e4tskontrollprozesse erh\u00f6ht.[\/vc_column_text][\/vc_column_inner][\/vc_row_inner][vc_row_inner][vc_column_inner][vc_column_text]Juristische Dokumente erfordern ebenfalls notariell beglaubigte \u00dcbersetzungen, die von zertifizierten juristischen \u00dcbersetzern angefertigt werden m\u00fcssen.\u00a0 Bei einer beglaubigten \u00dcbersetzung wird ein juristisches Dokument nach der \u00dcbersetzung vom \u00dcbersetzer und vom Notar f\u00fcr seine Richtigkeit und Genauigkeit unterzeichnet und abgestempelt. In Zusammenarbeit mit einem Netzwerk von Linguisten, das aus mehr als 2500 \u00dcbersetzern und Lektoren aus allen Sprachpaaren besteht, bieten wir unseren Kunden notariell beglaubigte juristische \u00dcbersetzungen an.<\/p>\n<p>Juristische \u00dcbersetzungen werden typischerweise von Anwaltskanzleien, Unternehmen aus dem Bank- und Finanzwesen, international t\u00e4tigen Firmen und Einzelpersonen ben\u00f6tigt, die ein Visum, eine Arbeits- oder Aufenthaltsgenehmigung etc. beantragen. Bei TTO liefern wir \u00dcbersetzungsdienstleistungen f\u00fcr unsere Firmen- und Privatkunden, die ein zuverl\u00e4ssiges Unternehmen f\u00fcr juristische \u00dcbersetzungen suchen.[\/vc_column_text][\/vc_column_inner][\/vc_row_inner][\/vc_column][\/vc_row][vc_row bg_type=&#8221;image&#8221; bg_override=&#8221;full&#8221; css=&#8221;.vc_custom_1596535087001{background-image: url(https:\/\/www.turkishtranslationoffice.com\/de\/wp-content\/uploads\/sites\/2\/2020\/08\/uyari.jpg?id=2304) !important;}&#8221;][vc_column]<div class=\"smile_icon_list_wrap ult_info_list_container ult-adjust-bottom-margin   vc_custom_1596535225225\"><ul class=\"smile_icon_list top circle with_bg\"><li class=\"icon_list_item\" style=\" font-size:96px;\"><div class=\"icon_list_icon\" data-animation=\"\" data-animation-delay=\"03\" style=\"font-size:32px;border-width:1px;border-style:none;background:#ffffff;color:#d44133;border-color:#333333;\"><i class=\"fas fa-thumbs-up\" ><\/i><\/div><div class=\"icon_description\" id=\"Info-list-wrap-5720\" style=\"font-size:32px;\"><h3 class=\"ult-responsive info-list-heading\"  data-ultimate-target='#Info-list-wrap-5720 h3'  data-responsive-json-new='{\"font-size\":\"desktop:16px;\",\"line-height\":\"desktop:24px;\"}'  style=\"font-weight:bold;color:#ffffff;\">Schnell &amp; hohe Qualit\u00e4t<\/h3><div class=\"icon_description_text ult-responsive\"  data-ultimate-target='#Info-list-wrap-5720 .icon_description_text'  data-responsive-json-new='{\"font-size\":\"desktop:13px;\",\"line-height\":\"desktop:18px;\"}'  style=\"color:#ffffff;\"><\/div><\/div><div class=\"icon_list_connector\" data-animation=\"fadeInLeft\" data-animation-delay=\"03\" style=\"border: none !important;\"><\/div><\/li><li class=\"icon_list_item\" style=\" font-size:96px;\"><div class=\"icon_list_icon\" data-animation=\"\" data-animation-delay=\"03\" style=\"font-size:32px;border-width:1px;border-style:none;background:#ffffff;color:#d44133;border-color:#333333;\"><i class=\"fas fa-file-signature\" ><\/i><\/div><div class=\"icon_description\" id=\"Info-list-wrap-7237\" style=\"font-size:32px;\"><h3 class=\"ult-responsive info-list-heading\"  data-ultimate-target='#Info-list-wrap-7237 h3'  data-responsive-json-new='{\"font-size\":\"desktop:16px;\",\"line-height\":\"desktop:24px;\"}'  style=\"font-weight:bold;color:#ffffff;\">Notariell beglaubigte \u00dcbersetzung<\/h3><div class=\"icon_description_text ult-responsive\"  data-ultimate-target='#Info-list-wrap-7237 .icon_description_text'  data-responsive-json-new='{\"font-size\":\"desktop:13px;\",\"line-height\":\"desktop:18px;\"}'  style=\"color:#ffffff;\"><\/div><\/div><div class=\"icon_list_connector\" data-animation=\"fadeInLeft\" data-animation-delay=\"03\" style=\"border: none !important;\"><\/div><\/li><li class=\"icon_list_item\" style=\" font-size:96px;\"><div class=\"icon_list_icon\" data-animation=\"\" data-animation-delay=\"03\" style=\"font-size:32px;border-width:1px;border-style:none;background:#ffffff;color:#d44133;border-color:#333333;\"><i class=\"fas fa-hands-helping\" ><\/i><\/div><div class=\"icon_description\" id=\"Info-list-wrap-7288\" style=\"font-size:32px;\"><h3 class=\"ult-responsive info-list-heading\"  data-ultimate-target='#Info-list-wrap-7288 h3'  data-responsive-json-new='{\"font-size\":\"desktop:16px;\",\"line-height\":\"desktop:24px;\"}'  style=\"font-weight:bold;color:#ffffff;\">Professioneller Service<\/h3><div class=\"icon_description_text ult-responsive\"  data-ultimate-target='#Info-list-wrap-7288 .icon_description_text'  data-responsive-json-new='{\"font-size\":\"desktop:13px;\",\"line-height\":\"desktop:18px;\"}'  style=\"color:#ffffff;\"><\/div><\/div><div class=\"icon_list_connector\" data-animation=\"fadeInLeft\" data-animation-delay=\"03\" style=\"border: none !important;\"><\/div><\/li><li class=\"icon_list_item\" style=\" font-size:96px;\"><div class=\"icon_list_icon\" data-animation=\"\" data-animation-delay=\"03\" style=\"font-size:32px;border-width:1px;border-style:none;background:#ffffff;color:#d44133;border-color:#333333;\"><i class=\"fas fa-award\" ><\/i><\/div><div class=\"icon_description\" id=\"Info-list-wrap-1573\" style=\"font-size:32px;\"><h3 class=\"ult-responsive info-list-heading\"  data-ultimate-target='#Info-list-wrap-1573 h3'  data-responsive-json-new='{\"font-size\":\"desktop:16px;\",\"line-height\":\"desktop:24px;\"}'  style=\"font-weight:bold;color:#ffffff;\">Qualit\u00e4tszertifizierungen<\/h3><div class=\"icon_description_text ult-responsive\"  data-ultimate-target='#Info-list-wrap-1573 .icon_description_text'  data-responsive-json-new='{\"font-size\":\"desktop:13px;\",\"line-height\":\"desktop:18px;\"}'  style=\"color:#ffffff;\"><\/div><\/div><div class=\"icon_list_connector\" data-animation=\"fadeInLeft\" data-animation-delay=\"03\" style=\"border: none !important;\"><\/div><\/li><li class=\"icon_list_item\" style=\" font-size:96px;\"><div class=\"icon_list_icon\" data-animation=\"\" data-animation-delay=\"03\" style=\"font-size:32px;border-width:1px;border-style:none;background:#ffffff;color:#d44133;border-color:#333333;\"><i class=\"fas fa-file-alt\" ><\/i><\/div><div class=\"icon_description\" id=\"Info-list-wrap-3665\" style=\"font-size:32px;\"><h3 class=\"ult-responsive info-list-heading\"  data-ultimate-target='#Info-list-wrap-3665 h3'  data-responsive-json-new='{\"font-size\":\"desktop:16px;\",\"line-height\":\"desktop:24px;\"}'  style=\"font-weight:bold;color:#ffffff;\">Lieferung im Originaldateiformat<\/h3><div class=\"icon_description_text ult-responsive\"  data-ultimate-target='#Info-list-wrap-3665 .icon_description_text'  data-responsive-json-new='{\"font-size\":\"desktop:13px;\",\"line-height\":\"desktop:18px;\"}'  style=\"color:#ffffff;\"><\/div><\/div><div class=\"icon_list_connector\" data-animation=\"fadeInLeft\" data-animation-delay=\"03\" style=\"border: none !important;\"><\/div><\/li><\/ul><\/div>[\/vc_column][\/vc_row][vc_row equal_height=&#8221;yes&#8221; content_placement=&#8221;top&#8221; bg_type=&#8221;image&#8221; parallax_style=&#8221;vcpb-hz-jquery&#8221; bg_image_new=&#8221;id^1611|url^https:\/\/www.turkishtranslationoffice.com\/de\/wp-content\/uploads\/sites\/2\/2016\/02\/bg-mem.png|caption^null|alt^null|title^bg-mem|description^null&#8221; bg_override=&#8221;ex-full&#8221; type=&#8221;vc_default&#8221; margin_top=&#8221;5&#8243; margin_bottom=&#8221;10&#8243; css=&#8221;.vc_custom_1597396181063{padding-top: 20px !important;padding-bottom: 20px !important;background-color: #1c66a0 !important;}&#8221;][vc_column][vc_cta h2=&#8221;Wann w\u00fcrden Sie eine juristische \u00dcbersetzung ben\u00f6tigen?&#8221; h2_font_container=&#8221;font_size:21px|color:%23ffffff&#8221; h2_google_fonts=&#8221;font_family:Roboto%3A100%2C100italic%2C300%2C300italic%2Cregular%2Citalic%2C500%2C500italic%2C700%2C700italic%2C900%2C900italic|font_style:700%20bold%20regular%3A700%3Anormal&#8221; style=&#8221;flat&#8221; color=&#8221;sky&#8221; use_custom_fonts_h2=&#8221;true&#8221;]<span style=\"font-weight: 400; color: #ffffff;\">Juristische \u00dcbersetzungen werden in einer Vielzahl von Branchen ben\u00f6tigt, z. B. in der Wirtschaft, im Finanz- und Bankwesen, und erfordern Fachwissen \u00fcber die Rechtssysteme der Ausgangs- und der Zielsprache.<\/span>[\/vc_cta][\/vc_column][\/vc_row][vc_row content_placement=&#8221;middle&#8221; bg_type=&#8221;grad&#8221; bg_override=&#8221;ex-full&#8221; bg_grad=&#8221;background: -webkit-gradient(linear, left top, left bottom, color-stop(0%, #365088), color-stop(100%, #EA524D));background: -moz-linear-gradient(135deg,#365088 0%,#EA524D 100%);background: -webkit-linear-gradient(135deg,#365088 0%,#EA524D 100%);background: -o-linear-gradient(135deg,#365088 0%,#EA524D 100%);background: -ms-linear-gradient(135deg,#365088 0%,#EA524D 100%);background: linear-gradient(135deg,#365088 0%,#EA524D 100%);&#8221;][vc_column width=&#8221;5\/6&#8243;][vc_column_text]<strong style=\"color: #ffffff; font-size: 24px;\">Suchen Sie nach einwandfreien, eiligen juristischen \u00dcbersetzungsdienstleistungen? Fordern Sie jetzt Ihr kostenloses Angebot f\u00fcr alle ben\u00f6tigten Sprachpaare an.<\/strong>[\/vc_column_text][\/vc_column][vc_column width=&#8221;1\/6&#8243;][vc_btn title=&#8221;Angebot anfordern&#8221; color=&#8221;warning&#8221; size=&#8221;lg&#8221; align=&#8221;right&#8221; link=&#8221;url:%2Fde%2Fangebot-anfordern%2F&#8221;][\/vc_column][\/vc_row]<\/p>\n","protected":false},"excerpt":{"rendered":"<p>[vc_row equal_height=&#8221;yes&#8221; content_placement=&#8221;top&#8221; bg_type=&#8221;image&#8221; parallax_style=&#8221;vcpb-default&#8221; bg_image_new=&#8221;id^4128|url^https:\/\/www.turkishtranslationoffice.com\/de\/wp-content\/uploads\/sites\/2\/2020\/09\/hukuk-1.jpg|caption^null|alt^null|title^hukuk|description^null&#8221; bg_image_repeat=&#8221;no-repeat&#8221; bg_override=&#8221;ex-full&#8221; type=&#8221;vc_default&#8221; margin_top=&#8221;5&#8243; margin_bottom=&#8221;10&#8243; css=&#8221;.vc_custom_1629994865068{padding-top: 2% !important;padding-bottom: 2% !important;}&#8221;][vc_column width=&#8221;1\/2&#8243;][vc_column_text] Ben\u00f6tigen Sie juristische \u00dcbersetzungsdienstleistungen f\u00fcr Ihr internationales Gesch\u00e4ft, Handelsvertr\u00e4ge oder pers\u00f6nliche Antr\u00e4ge bei offiziellen Beh\u00f6rden f\u00fcr Visa oder Arbeitsgenehmigungen? Wir bieten professionelle \u00dcbersetzungsdienstleistungen f\u00fcr juristische Dokumente zu wettbewerbsf\u00e4higen Preisen. Kontaktieren Sie uns jetzt, um fehlerfreie juristische \u00dcbersetzungen von&hellip;<\/p>\n","protected":false},"author":1,"featured_media":0,"parent":0,"menu_order":10,"comment_status":"closed","ping_status":"closed","template":"","meta":{"footnotes":""},"aioseo_notices":[],"_links":{"self":[{"href":"https:\/\/www.turkishtranslationoffice.com\/de\/wp-json\/wp\/v2\/pages\/2905"}],"collection":[{"href":"https:\/\/www.turkishtranslationoffice.com\/de\/wp-json\/wp\/v2\/pages"}],"about":[{"href":"https:\/\/www.turkishtranslationoffice.com\/de\/wp-json\/wp\/v2\/types\/page"}],"author":[{"embeddable":true,"href":"https:\/\/www.turkishtranslationoffice.com\/de\/wp-json\/wp\/v2\/users\/1"}],"replies":[{"embeddable":true,"href":"https:\/\/www.turkishtranslationoffice.com\/de\/wp-json\/wp\/v2\/comments?post=2905"}],"version-history":[{"count":10,"href":"https:\/\/www.turkishtranslationoffice.com\/de\/wp-json\/wp\/v2\/pages\/2905\/revisions"}],"predecessor-version":[{"id":6891,"href":"https:\/\/www.turkishtranslationoffice.com\/de\/wp-json\/wp\/v2\/pages\/2905\/revisions\/6891"}],"wp:attachment":[{"href":"https:\/\/www.turkishtranslationoffice.com\/de\/wp-json\/wp\/v2\/media?parent=2905"}],"curies":[{"name":"wp","href":"https:\/\/api.w.org\/{rel}","templated":true}]}}