{"id":2989,"date":"2020-08-14T16:23:07","date_gmt":"2020-08-14T13:23:07","guid":{"rendered":"https:\/\/www.turkishtranslationoffice.com\/tr\/ithalat-ihracat-tercumesi-copy\/"},"modified":"2022-02-08T13:53:15","modified_gmt":"2022-02-08T10:53:15","slug":"fachuebersetzungen-telekommunikation","status":"publish","type":"page","link":"https:\/\/www.turkishtranslationoffice.com\/de\/fachuebersetzungen-telekommunikation\/","title":{"rendered":"Telekommunikations-\u00dcbersetzungen"},"content":{"rendered":"<p>[vc_row equal_height=&#8221;yes&#8221; content_placement=&#8221;top&#8221; bg_type=&#8221;image&#8221; parallax_style=&#8221;vcpb-default&#8221; bg_image_new=&#8221;id^4226|url^https:\/\/www.turkishtranslationoffice.com\/de\/wp-content\/uploads\/sites\/2\/2020\/09\/telekomunikasyon.jpg|caption^null|alt^null|title^telekomunikasyon|description^null&#8221; bg_override=&#8221;ex-full&#8221; type=&#8221;vc_default&#8221; margin_top=&#8221;5&#8243; margin_bottom=&#8221;10&#8243; css=&#8221;.vc_custom_1629995293689{padding-top: 2% !important;padding-bottom: 2% !important;}&#8221;][vc_column width=&#8221;1\/2&#8243;]<div id=\"ultimate-heading-625969d767df64dd6\" class=\"uvc-heading ult-adjust-bottom-margin ultimate-heading-625969d767df64dd6 uvc-1935 \" data-hspacer=\"no_spacer\"  data-halign=\"left\" style=\"text-align:left\"><div class=\"uvc-heading-spacer no_spacer\" style=\"top\"><\/div><div class=\"uvc-main-heading ult-responsive\"  data-ultimate-target='.uvc-heading.ultimate-heading-625969d767df64dd6 h1'  data-responsive-json-new='{\"font-size\":\"desktop:28px;\",\"line-height\":\"desktop:34px;\"}' ><h1 style=\"font-weight:bold;color:#ffffff;margin-bottom:25px;\">\u00dcbersetzungsdienstleistungen f\u00fcr die Telekommunikationsbranche<\/h1><\/div><\/div>[vc_column_text]<\/p>\n<p style=\"text-align: left;\"><span style=\"font-weight: 400; font-size: 18px; color: #ffffff;\">Bleiben Sie in Verbindung und halten Sie Ihr Gesch\u00e4ft am Laufen mit unseren erstklassigen Telekommunikations\u00fcbersetzungsdiensten.<\/span><\/p>\n<p><span style=\"font-weight: 400; font-size: 18px; color: #ffffff;\">Vertrauen Sie Ihre \u00dcbersetzungen unserem professionellen \u00dcbersetzerteam an und erhalten Sie qualitativ hochwertige \u00dcbersetzungen zu g\u00fcnstigen Preisen. Sie suchen einen zuverl\u00e4ssigen Sprachdienstleister? Wir stehen Ihnen mit unseren \u00dcbersetzungs- und Lokalisierungsdienstleistungen zur Seite, damit Sie Ihr Gesch\u00e4ft in der Telekommunikationsbranche ausbauen k\u00f6nnen.<\/span><\/p>\n<p><span style=\"font-weight: 400; font-size: 18px; color: #ffffff;\">W\u00fcnschen Sie weitere Einzelheiten? Kontaktieren Sie uns jetzt f\u00fcr Fragen und \u00dcbersetzungsw\u00fcnsche.<\/span>[\/vc_column_text][vc_row_inner equal_height=&#8221;yes&#8221; content_placement=&#8221;top&#8221;][vc_column_inner css=&#8221;.vc_custom_1644317588309{padding-bottom: 32px !important;}&#8221;]<style type=\"text\/css\" data-type=\"the7_shortcodes-inline-css\">#default-btn-0fecb90a53719030c37c34bc1d198b83.ico-right-side > i {\n  margin-right: 0px;\n  margin-left: 8px;\n}\n#default-btn-0fecb90a53719030c37c34bc1d198b83 > i {\n  margin-right: 8px;\n}\n#default-btn-0fecb90a53719030c37c34bc1d198b83 * {\n  vertical-align: middle;\n}\n<\/style><a href=\"\/de\/angebot-anfordern\/\" class=\"default-btn-shortcode dt-btn dt-btn-l link-hover-off button-tto-grey btn-inline-left  vc_custom_1627371631636\" id=\"default-btn-0fecb90a53719030c37c34bc1d198b83\" style=\"width:286px;\"><span>Kostenloses Angebot einholen<\/span><\/a><style type=\"text\/css\" data-type=\"the7_shortcodes-inline-css\">#default-btn-401ac4813ee4656631c3958a3a690e0e.ico-right-side > i {\n  margin-right: 0px;\n  margin-left: 8px;\n}\n#default-btn-401ac4813ee4656631c3958a3a690e0e > i {\n  margin-right: 8px;\n}\n#default-btn-401ac4813ee4656631c3958a3a690e0e * {\n  vertical-align: middle;\n}\n<\/style><a href=\"\/de\/kontaktieren-sie-uns\/\" class=\"default-btn-shortcode dt-btn dt-btn-l link-hover-off button-tto-red btn-inline-left  vc_custom_1627371652390\" id=\"default-btn-401ac4813ee4656631c3958a3a690e0e\" style=\"width:286px;\"><span>Kontakt<\/span><\/a>[\/vc_column_inner][\/vc_row_inner][\/vc_column][vc_column width=&#8221;1\/2&#8243;][\/vc_column][\/vc_row][vc_row equal_height=&#8221;yes&#8221; content_placement=&#8221;top&#8221; bg_type=&#8221;bg_color&#8221; bg_override=&#8221;ex-full&#8221; type=&#8221;vc_default&#8221; margin_top=&#8221;5&#8243; margin_bottom=&#8221;10&#8243; css=&#8221;.vc_custom_1598726585596{padding-top: 30px !important;}&#8221; bg_color_value=&#8221;#f4f4f4&#8243;][vc_column css=&#8221;.vc_custom_1491746299333{padding-bottom: 0px !important;}&#8221;][vc_row_inner equal_height=&#8221;yes&#8221; content_placement=&#8221;top&#8221;][vc_column_inner width=&#8221;1\/2&#8243;]<style type=\"text\/css\" data-type=\"the7_shortcodes-inline-css\">.shortcode-single-image-wrap.shortcode-single-image-011e858f1b89df7c7fb637960638525e.enable-bg-rollover .rollover i,\n.shortcode-single-image-wrap.shortcode-single-image-011e858f1b89df7c7fb637960638525e.enable-bg-rollover .rollover-video i {\n  background: ;\n  background: -webkit-linear-gradient();\n  background: linear-gradient();\n}\n.shortcode-single-image-wrap.shortcode-single-image-011e858f1b89df7c7fb637960638525e .rollover-icon {\n  font-size: 32px;\n  color: #ffffff;\n  min-width: 44px;\n  min-height: 44px;\n  line-height: 44px;\n  border-radius: 100px;\n  border-style: solid;\n  border-width: 0px;\n}\n.dt-icon-bg-on.shortcode-single-image-wrap.shortcode-single-image-011e858f1b89df7c7fb637960638525e .rollover-icon {\n  background: rgba(255,255,255,0.3);\n  box-shadow: none;\n}\n<\/style><div class=\"shortcode-single-image-wrap shortcode-single-image-011e858f1b89df7c7fb637960638525e alignnone  enable-bg-rollover dt-icon-bg-off\" style=\"margin-top:0px; margin-bottom:0px; margin-left:0px; margin-right:0px; width:1000px;\"><div class=\"shortcode-single-image\"><div class=\"fancy-media-wrap  layzr-bg\" style=\"border-radius:10px;\"><img loading=\"lazy\" decoding=\"async\" class=\"preload-me lazy-load\" src=\"data:image\/svg+xml,%3Csvg%20xmlns%3D&#39;http%3A%2F%2Fwww.w3.org%2F2000%2Fsvg&#39;%20viewBox%3D&#39;0%200%201000%20700&#39;%2F%3E\" data-src=\"https:\/\/www.turkishtranslationoffice.com\/de\/wp-content\/uploads\/sites\/4\/2020\/09\/dil-engelini-ortadan-kaldiran-ceviri-cozumleri-1000x700.jpg\" data-srcset=\"https:\/\/www.turkishtranslationoffice.com\/de\/wp-content\/uploads\/sites\/4\/2020\/09\/dil-engelini-ortadan-kaldiran-ceviri-cozumleri-1000x700.jpg 1000w, https:\/\/www.turkishtranslationoffice.com\/de\/wp-content\/uploads\/sites\/4\/2020\/09\/dil-engelini-ortadan-kaldiran-ceviri-cozumleri-1524x1067.jpg 1524w\" width=\"1000\" height=\"700\"  data-dt-location=\"https:\/\/www.turkishtranslationoffice.com\/de\/fachuebersetzungen-telekommunikation\/dil-engelini-ortadan-kaldiran-ceviri-cozumleri\/\" style=\"border-radius:10px;\" alt=\"\" \/><\/div><\/div><\/div>[\/vc_column_inner][vc_column_inner width=&#8221;1\/2&#8243; css=&#8221;.vc_custom_1596550089277{padding-top: 20px !important;}&#8221;]<div id=\"ultimate-heading-339869d767df65642\" class=\"uvc-heading ult-adjust-bottom-margin ultimate-heading-339869d767df65642 uvc-4209 \" data-hspacer=\"no_spacer\"  data-halign=\"left\" style=\"text-align:left\"><div class=\"uvc-heading-spacer no_spacer\" style=\"top\"><\/div><div class=\"uvc-main-heading ult-responsive\"  data-ultimate-target='.uvc-heading.ultimate-heading-339869d767df65642 h2'  data-responsive-json-new='{\"font-size\":\"desktop:24px;\",\"line-height\":\"desktop:34px;\"}' ><h2 style=\"font-weight:bold;margin-bottom:25px;\">Warum sollten Sie einen professionellen Dienstleister f\u00fcr Telekommunikations\u00fcbersetzungen beauftragen?<\/h2><\/div><\/div>[vc_column_text css=&#8221;.vc_custom_1627371704887{margin-bottom: 6px !important;}&#8221;]Die Telekommunikation erm\u00f6glicht die Kommunikation \u00fcber Grenzen hinweg und ist eine wahrhaft globale Branche, in der Telekommunikationsunternehmen ihre Dienste an Kunden auf der ganzen Welt liefern. Telefonanbieter, Internetdienstleister, Streaming- und Satellitenunternehmen helfen Privatpersonen und anderen Unternehmen, durch die von ihnen angebotenen Dienste weltweit in Verbindung zu bleiben. Bei ihren weltweiten Aktivit\u00e4ten verlassen sie sich stark auf qualitativ hochwertige Kommunikations\u00fcbersetzungen und Lokalisierungsdienste, um eine nahtlose Kundenerfahrung in allen lokalen M\u00e4rkten zu gew\u00e4hrleisten.<\/p>\n<p>Je nach Art des zu \u00fcbersetzenden oder zu lokalisierenden Dokuments erfordert die \u00dcbersetzung von Telekommunikationsdokumenten Fachkenntnisse in der spezifischen Terminologie der Telekommunikationsbranche und im jeweiligen Fachgebiet, um sicherzustellen, dass die \u00dcbersetzungen sowohl von Laien als auch von Fachleuten leicht verstanden werden k\u00f6nnen. Hier braucht ein Telekommunikationsunternehmen professionelle Hilfe, um sein Publikum mit dem richtigen Ton und Stil anzusprechen.<\/p>\n<p><span style=\"font-weight: 400;\">\u00a0<\/span>[\/vc_column_text][\/vc_column_inner][\/vc_row_inner][vc_column_text css=&#8221;.vc_custom_1627371734126{padding-top: 20px !important;}&#8221;]Bei TTO arbeiten wir mit Fachexperten zusammen und liefern qualit\u00e4tsgesicherte Telekommunikations\u00fcbersetzungsdienste. Mit unserem Netzwerk von professionellen \u00dcbersetzern decken wir nahezu alle Sprachpaare f\u00fcr die \u00dcbersetzungsanforderungen unserer Kunden ab. Als ISO-zertifiziertes \u00dcbersetzungsunternehmen f\u00fchren wir zus\u00e4tzliche Bearbeitungs- und \u00dcberpr\u00fcfungsschritte durch, um fehlerfreie \u00dcbersetzungen zu liefern.[\/vc_column_text][\/vc_column][\/vc_row][vc_row bg_type=&#8221;image&#8221; bg_override=&#8221;full&#8221; css=&#8221;.vc_custom_1596535087001{background-image: url(https:\/\/www.turkishtranslationoffice.com\/de\/wp-content\/uploads\/sites\/2\/2020\/08\/uyari.jpg?id=2304) !important;}&#8221;][vc_column]<div class=\"smile_icon_list_wrap ult_info_list_container ult-adjust-bottom-margin   vc_custom_1596535225225\"><ul class=\"smile_icon_list top circle with_bg\"><li class=\"icon_list_item\" style=\" font-size:96px;\"><div class=\"icon_list_icon\" data-animation=\"\" data-animation-delay=\"03\" style=\"font-size:32px;border-width:1px;border-style:none;background:#ffffff;color:#d44133;border-color:#333333;\"><i class=\"fas fa-comments\" ><\/i><\/div><div class=\"icon_description\" id=\"Info-list-wrap-5569\" style=\"font-size:32px;\"><h3 class=\"ult-responsive info-list-heading\"  data-ultimate-target='#Info-list-wrap-5569 h3'  data-responsive-json-new='{\"font-size\":\"desktop:16px;\",\"line-height\":\"desktop:24px;\"}'  style=\"font-weight:bold;color:#ffffff;\">rund um die Uhr verf\u00fcgbar &amp; 100% zuverl\u00e4ssig<\/h3><div class=\"icon_description_text ult-responsive\"  data-ultimate-target='#Info-list-wrap-5569 .icon_description_text'  data-responsive-json-new='{\"font-size\":\"desktop:13px;\",\"line-height\":\"desktop:18px;\"}'  style=\"color:#ffffff;\"><\/div><\/div><div class=\"icon_list_connector\" data-animation=\"fadeInLeft\" data-animation-delay=\"03\" style=\"border: none !important;\"><\/div><\/li><li class=\"icon_list_item\" style=\" font-size:96px;\"><div class=\"icon_list_icon\" data-animation=\"\" data-animation-delay=\"03\" style=\"font-size:32px;border-width:1px;border-style:none;background:#ffffff;color:#d44133;border-color:#333333;\"><i class=\"fas fa-thumbs-up\" ><\/i><\/div><div class=\"icon_description\" id=\"Info-list-wrap-8062\" style=\"font-size:32px;\"><h3 class=\"ult-responsive info-list-heading\"  data-ultimate-target='#Info-list-wrap-8062 h3'  data-responsive-json-new='{\"font-size\":\"desktop:16px;\",\"line-height\":\"desktop:24px;\"}'  style=\"font-weight:bold;color:#ffffff;\">Schnelle und fehlerfreie \u00dcbersetzung<\/h3><div class=\"icon_description_text ult-responsive\"  data-ultimate-target='#Info-list-wrap-8062 .icon_description_text'  data-responsive-json-new='{\"font-size\":\"desktop:13px;\",\"line-height\":\"desktop:18px;\"}'  style=\"color:#ffffff;\"><\/div><\/div><div class=\"icon_list_connector\" data-animation=\"fadeInLeft\" data-animation-delay=\"03\" style=\"border: none !important;\"><\/div><\/li><li class=\"icon_list_item\" style=\" font-size:96px;\"><div class=\"icon_list_icon\" data-animation=\"\" data-animation-delay=\"03\" style=\"font-size:32px;border-width:1px;border-style:none;background:#ffffff;color:#d44133;border-color:#333333;\"><i class=\"fas fa-chalkboard-teacher\" ><\/i><\/div><div class=\"icon_description\" id=\"Info-list-wrap-4792\" style=\"font-size:32px;\"><h3 class=\"ult-responsive info-list-heading\"  data-ultimate-target='#Info-list-wrap-4792 h3'  data-responsive-json-new='{\"font-size\":\"desktop:16px;\",\"line-height\":\"desktop:24px;\"}'  style=\"font-weight:bold;color:#ffffff;\">Intelligentes Projektmanagement<\/h3><div class=\"icon_description_text ult-responsive\"  data-ultimate-target='#Info-list-wrap-4792 .icon_description_text'  data-responsive-json-new='{\"font-size\":\"desktop:13px;\",\"line-height\":\"desktop:18px;\"}'  style=\"color:#ffffff;\"><\/div><\/div><div class=\"icon_list_connector\" data-animation=\"fadeInLeft\" data-animation-delay=\"03\" style=\"border: none !important;\"><\/div><\/li><li class=\"icon_list_item\" style=\" font-size:96px;\"><div class=\"icon_list_icon\" data-animation=\"\" data-animation-delay=\"03\" style=\"font-size:32px;border-width:1px;border-style:none;background:#ffffff;color:#d44133;border-color:#333333;\"><i class=\"fas fa-vote-yea\" ><\/i><\/div><div class=\"icon_description\" id=\"Info-list-wrap-9117\" style=\"font-size:32px;\"><h3 class=\"ult-responsive info-list-heading\"  data-ultimate-target='#Info-list-wrap-9117 h3'  data-responsive-json-new='{\"font-size\":\"desktop:16px;\",\"line-height\":\"desktop:24px;\"}'  style=\"font-weight:bold;color:#ffffff;\">Hohe Qualit\u00e4t &amp; kosteng\u00fcnstige Dienstleistungen<\/h3><div class=\"icon_description_text ult-responsive\"  data-ultimate-target='#Info-list-wrap-9117 .icon_description_text'  data-responsive-json-new='{\"font-size\":\"desktop:13px;\",\"line-height\":\"desktop:18px;\"}'  style=\"color:#ffffff;\"><\/div><\/div><div class=\"icon_list_connector\" data-animation=\"fadeInLeft\" data-animation-delay=\"03\" style=\"border: none !important;\"><\/div><\/li><\/ul><\/div>[\/vc_column][\/vc_row][vc_row equal_height=&#8221;yes&#8221; content_placement=&#8221;top&#8221; bg_type=&#8221;bg_color&#8221; bg_override=&#8221;ex-full&#8221; type=&#8221;vc_default&#8221; margin_top=&#8221;5&#8243; margin_bottom=&#8221;10&#8243; css=&#8221;.vc_custom_1597323012250{padding-top: 30px !important;padding-bottom: 50px !important;}&#8221; bg_color_value=&#8221;#ffffff&#8221;][vc_column css=&#8221;.vc_custom_1491746299333{padding-bottom: 0px !important;}&#8221;][vc_row_inner equal_height=&#8221;yes&#8221; content_placement=&#8221;top&#8221;][vc_column_inner width=&#8221;1\/2&#8243; css=&#8221;.vc_custom_1598726609771{padding-top: 20px !important;}&#8221;]<div id=\"ultimate-heading-386269d767df6574f\" class=\"uvc-heading ult-adjust-bottom-margin ultimate-heading-386269d767df6574f uvc-6974 \" data-hspacer=\"no_spacer\"  data-halign=\"left\" style=\"text-align:left\"><div class=\"uvc-heading-spacer no_spacer\" style=\"top\"><\/div><div class=\"uvc-main-heading ult-responsive\"  data-ultimate-target='.uvc-heading.ultimate-heading-386269d767df6574f h2'  data-responsive-json-new='{\"font-size\":\"desktop:24px;\",\"line-height\":\"desktop:34px;\"}' ><h2 style=\"font-weight:bold;margin-bottom:25px;\">Unsere \u00dcbersetzungsdienste f\u00fcr die Telekommunikationsbranche umfassen:<\/h2><\/div><\/div><div class=\"standard-arrow bullet-top\"><ul>\n<li>Lehrvideos, Handb\u00fccher und Brosch\u00fcren f\u00fcr Telekommunikationsunternehmen<\/li>\n<li>Technische Dokumentation f\u00fcr die Installation von Kabeln, Netzwerken und Infrastruktur<\/li>\n<li>Lokalisierung f\u00fcr Cloud-basierte Systeme<\/li>\n<li>\u00dcbersetzung von Marketing und Werbung<\/li>\n<li>Verarbeitungssysteme und Produkte<\/li>\n<li>Software- und App-Lokalisierung<\/li>\n<li>Bedienungsanleitungen f\u00fcr Unterhaltungselektronik<\/li>\n<li>Kundenbetreuungsdienste<\/li>\n<\/ul>\n<\/div>[\/vc_column_inner][vc_column_inner width=&#8221;1\/2&#8243;]<style type=\"text\/css\" data-type=\"the7_shortcodes-inline-css\">.shortcode-single-image-wrap.shortcode-single-image-53bce8c0796273cbd1a34d423aceb8ba.enable-bg-rollover .rollover i,\n.shortcode-single-image-wrap.shortcode-single-image-53bce8c0796273cbd1a34d423aceb8ba.enable-bg-rollover .rollover-video i {\n  background: ;\n  background: -webkit-linear-gradient();\n  background: linear-gradient();\n}\n.shortcode-single-image-wrap.shortcode-single-image-53bce8c0796273cbd1a34d423aceb8ba .rollover-icon {\n  font-size: 32px;\n  color: #ffffff;\n  min-width: 44px;\n  min-height: 44px;\n  line-height: 44px;\n  border-radius: 100px;\n  border-style: solid;\n  border-width: 0px;\n}\n.dt-icon-bg-on.shortcode-single-image-wrap.shortcode-single-image-53bce8c0796273cbd1a34d423aceb8ba .rollover-icon {\n  background: rgba(255,255,255,0.3);\n  box-shadow: none;\n}\n<\/style><div class=\"shortcode-single-image-wrap shortcode-single-image-53bce8c0796273cbd1a34d423aceb8ba alignnone  enable-bg-rollover dt-icon-bg-off\" style=\"margin-top:0px; margin-bottom:0px; margin-left:0px; margin-right:0px; width:1000px;\"><div class=\"shortcode-single-image\"><div class=\"fancy-media-wrap  layzr-bg\" style=\"border-radius:10px;\"><img loading=\"lazy\" decoding=\"async\" class=\"preload-me lazy-load\" src=\"data:image\/svg+xml,%3Csvg%20xmlns%3D&#39;http%3A%2F%2Fwww.w3.org%2F2000%2Fsvg&#39;%20viewBox%3D&#39;0%200%201000%20700&#39;%2F%3E\" data-src=\"https:\/\/www.turkishtranslationoffice.com\/de\/wp-content\/uploads\/sites\/4\/2020\/09\/telekomunikasyon-tercumesi-hangi-alanlarda-yapilir-1000x700.jpg\" data-srcset=\"https:\/\/www.turkishtranslationoffice.com\/de\/wp-content\/uploads\/sites\/4\/2020\/09\/telekomunikasyon-tercumesi-hangi-alanlarda-yapilir-1000x700.jpg 1000w, https:\/\/www.turkishtranslationoffice.com\/de\/wp-content\/uploads\/sites\/4\/2020\/09\/telekomunikasyon-tercumesi-hangi-alanlarda-yapilir-1525x1068.jpg 1525w\" width=\"1000\" height=\"700\"  data-dt-location=\"https:\/\/www.turkishtranslationoffice.com\/de\/fachuebersetzungen-telekommunikation\/telekomunikasyon-tercumesi-hangi-alanlarda-yapilir\/\" style=\"border-radius:10px;\" alt=\"\" \/><\/div><\/div><\/div>[\/vc_column_inner][\/vc_row_inner][\/vc_column][\/vc_row][vc_row content_placement=&#8221;middle&#8221; bg_type=&#8221;grad&#8221; bg_override=&#8221;ex-full&#8221; bg_grad=&#8221;background: -webkit-gradient(linear, left top, left bottom, color-stop(0%, #365088), color-stop(100%, #EA524D));background: -moz-linear-gradient(135deg,#365088 0%,#EA524D 100%);background: -webkit-linear-gradient(135deg,#365088 0%,#EA524D 100%);background: -o-linear-gradient(135deg,#365088 0%,#EA524D 100%);background: -ms-linear-gradient(135deg,#365088 0%,#EA524D 100%);background: linear-gradient(135deg,#365088 0%,#EA524D 100%);&#8221;][vc_column width=&#8221;5\/6&#8243;][vc_column_text]<strong style=\"color: #ffffff; font-size: 24px;\">Erweitern Sie Ihre Netzwerkabdeckung mit unseren hochwertigen Telekommunikations\u00fcbersetzungsdiensten! Holen Sie sich jetzt Ihr kostenloses Angebot f\u00fcr jedes Sprachpaar.<\/strong>[\/vc_column_text][\/vc_column][vc_column width=&#8221;1\/6&#8243;][vc_btn title=&#8221;Angebot anfordern&#8221; color=&#8221;warning&#8221; size=&#8221;lg&#8221; align=&#8221;right&#8221; link=&#8221;url:%2Fde%2Fangebot-anfordern%2F&#8221;][\/vc_column][\/vc_row]<\/p>\n","protected":false},"excerpt":{"rendered":"<p>[vc_row equal_height=&#8221;yes&#8221; content_placement=&#8221;top&#8221; bg_type=&#8221;image&#8221; parallax_style=&#8221;vcpb-default&#8221; bg_image_new=&#8221;id^4226|url^https:\/\/www.turkishtranslationoffice.com\/de\/wp-content\/uploads\/sites\/2\/2020\/09\/telekomunikasyon.jpg|caption^null|alt^null|title^telekomunikasyon|description^null&#8221; bg_override=&#8221;ex-full&#8221; type=&#8221;vc_default&#8221; margin_top=&#8221;5&#8243; margin_bottom=&#8221;10&#8243; css=&#8221;.vc_custom_1629995293689{padding-top: 2% !important;padding-bottom: 2% !important;}&#8221;][vc_column width=&#8221;1\/2&#8243;][vc_column_text] Bleiben Sie in Verbindung und halten Sie Ihr Gesch\u00e4ft am Laufen mit unseren erstklassigen Telekommunikations\u00fcbersetzungsdiensten. Vertrauen Sie Ihre \u00dcbersetzungen unserem professionellen \u00dcbersetzerteam an und erhalten Sie qualitativ hochwertige \u00dcbersetzungen zu g\u00fcnstigen Preisen. Sie suchen einen zuverl\u00e4ssigen Sprachdienstleister? Wir stehen&hellip;<\/p>\n","protected":false},"author":1,"featured_media":0,"parent":0,"menu_order":10,"comment_status":"closed","ping_status":"closed","template":"","meta":{"footnotes":""},"aioseo_notices":[],"_links":{"self":[{"href":"https:\/\/www.turkishtranslationoffice.com\/de\/wp-json\/wp\/v2\/pages\/2989"}],"collection":[{"href":"https:\/\/www.turkishtranslationoffice.com\/de\/wp-json\/wp\/v2\/pages"}],"about":[{"href":"https:\/\/www.turkishtranslationoffice.com\/de\/wp-json\/wp\/v2\/types\/page"}],"author":[{"embeddable":true,"href":"https:\/\/www.turkishtranslationoffice.com\/de\/wp-json\/wp\/v2\/users\/1"}],"replies":[{"embeddable":true,"href":"https:\/\/www.turkishtranslationoffice.com\/de\/wp-json\/wp\/v2\/comments?post=2989"}],"version-history":[{"count":12,"href":"https:\/\/www.turkishtranslationoffice.com\/de\/wp-json\/wp\/v2\/pages\/2989\/revisions"}],"predecessor-version":[{"id":6930,"href":"https:\/\/www.turkishtranslationoffice.com\/de\/wp-json\/wp\/v2\/pages\/2989\/revisions\/6930"}],"wp:attachment":[{"href":"https:\/\/www.turkishtranslationoffice.com\/de\/wp-json\/wp\/v2\/media?parent=2989"}],"curies":[{"name":"wp","href":"https:\/\/api.w.org\/{rel}","templated":true}]}}