{"id":3011,"date":"2020-08-17T13:39:28","date_gmt":"2020-08-17T10:39:28","guid":{"rendered":"https:\/\/www.turkishtranslationoffice.com\/tr\/cozumler-copy\/"},"modified":"2025-12-23T13:13:25","modified_gmt":"2025-12-23T10:13:25","slug":"wer-wir-sind","status":"publish","type":"page","link":"https:\/\/www.turkishtranslationoffice.com\/de\/wer-wir-sind\/","title":{"rendered":"Wer sind wir?"},"content":{"rendered":"<p>[vc_row equal_height=&#8221;yes&#8221; content_placement=&#8221;middle&#8221; bg_type=&#8221;image&#8221; parallax_style=&#8221;vcpb-default&#8221; bg_image_new=&#8221;id^3833|url^https:\/\/www.turkishtranslationoffice.com\/de\/wp-content\/uploads\/sites\/2\/2020\/08\/biz-kimiz.jpg|caption^null|alt^null|title^biz-kimiz|description^null&#8221; bg_image_repeat=&#8221;no-repeat&#8221; bg_override=&#8221;ex-full&#8221; type=&#8221;vc_default&#8221; margin_top=&#8221;5&#8243; margin_bottom=&#8221;10&#8243; css=&#8221;.vc_custom_1629995917311{padding-top: 2% !important;padding-bottom: 2% !important;}&#8221;][vc_column][vc_row_inner equal_height=&#8221;yes&#8221; content_placement=&#8221;top&#8221;][vc_column_inner width=&#8221;1\/2&#8243;]<div id=\"ultimate-heading-548369d4b03a0ef77\" class=\"uvc-heading ult-adjust-bottom-margin ultimate-heading-548369d4b03a0ef77 uvc-2359 \" data-hspacer=\"no_spacer\"  data-halign=\"left\" style=\"text-align:left\"><div class=\"uvc-heading-spacer no_spacer\" style=\"top\"><\/div><div class=\"uvc-main-heading ult-responsive\"  data-ultimate-target='.uvc-heading.ultimate-heading-548369d4b03a0ef77 h2'  data-responsive-json-new='{\"font-size\":\"desktop:24px;\",\"line-height\":\"desktop:34px;\"}' ><h2 style=\"font-weight:bold;margin-bottom:25px;\">Wer sind wir?<\/h2><\/div><\/div>[vc_column_text]<span style=\"font-weight: 400;\">Turkish Translation Office wurde 2008 als eine Marke der <a href=\"https:\/\/www.edulanguagegroup.com\/de\/\">EDU Language Group,<\/a> gegr\u00fcndet und ist heute das weltweit f\u00fchrende t\u00fcrkische \u00dcbersetzungsb\u00fcro. Wir bei TTO liefern seit Jahren qualitativ hochwertige \u00dcbersetzungen und bieten bedingungslose Kundenzufriedenheit mit unseren Sprachdienstleistungen f\u00fcr Englisch-T\u00fcrkisch, Deutsch-T\u00fcrkisch und andere Sprachpaare. Von unseren B\u00fcros in der T\u00fcrkiye und in Deutschland aus arbeiten wir mit Kunden aus der ganzen Welt zusammen und sind stolz darauf, zu den besten Sprachdienstleistern der Branche zu geh\u00f6ren.<\/span><\/p>\n<p>Wir sind ein ISO-zertifiziertes Unternehmen, das die weltweit anerkannten Normen <strong>ISO 9001<\/strong> und <strong>ISO 17100<\/strong> erf\u00fcllt, die die Anforderungen an das Qualit\u00e4tsmanagement bei \u00dcbersetzungsdienstleistungen definieren.<\/p>\n<p>Als innovativer und qualit\u00e4tsorientierter Dienstleister sind wir Mitglied in den weltweit anerkannten Fachorganisationen wie <strong>ATA, GALA<\/strong> und <strong>ELIA. <\/strong>Zahlreiche nationale und internationale Unternehmen vertrauen Turkish Translation Office ihre Sprachdienstleistungen an, und wir sind stolz darauf, dass wir mit Kunden aus verschiedenen Branchen zusammenarbeiten d\u00fcrfen, die Erfahrung und Fachwissen ben\u00f6tigen.[\/vc_column_text]<div id=\"ultimate-heading-210869d4b03a0efa2\" class=\"uvc-heading ult-adjust-bottom-margin ultimate-heading-210869d4b03a0efa2 uvc-6768 \" data-hspacer=\"no_spacer\"  data-halign=\"left\" style=\"text-align:left\"><div class=\"uvc-heading-spacer no_spacer\" style=\"top\"><\/div><div class=\"uvc-main-heading ult-responsive\"  data-ultimate-target='.uvc-heading.ultimate-heading-210869d4b03a0efa2 p'  data-responsive-json-new='{\"font-size\":\"desktop:14px;\",\"line-height\":\"desktop:34px;\"}' ><p style=\"font-style:italic;font-weight:bold;margin-bottom:25px;\">Gesch\u00e4ftsf\u00fchrer \/ Emre BARLAS<\/p><\/div><\/div>[\/vc_column_inner][vc_column_inner width=&#8221;1\/2&#8243;][\/vc_column_inner][\/vc_row_inner][\/vc_column][\/vc_row][vc_row bg_type=&#8221;image&#8221; parallax_style=&#8221;vcpb-hz-jquery&#8221; bg_image_new=&#8221;id^1611|url^https:\/\/www.turkishtranslationoffice.com\/de\/wp-content\/uploads\/sites\/2\/2016\/02\/bg-mem.png|caption^null|alt^null|title^bg-mem|description^null&#8221; bg_image_size=&#8221;initial&#8221; bg_override=&#8221;ex-full&#8221; css=&#8221;.vc_custom_1597664888477{background-color: #d44133 !important;}&#8221;][vc_column]<div class=\"smile_icon_list_wrap ult_info_list_container ult-adjust-bottom-margin   vc_custom_1597908677615\"><ul class=\"smile_icon_list top hexagon\"><li class=\"icon_list_item\" style=\" font-size:120px;\"><div class=\"icon_list_icon\" data-animation=\"pulse\" data-animation-delay=\"03\" style=\"font-size:40px;background:#ffffff;color:#d44133;border-color:#ffffff;\"><img decoding=\"async\" class=\"list-img-icon\" alt=\"null\" src=\"https:\/\/www.turkishtranslationoffice.com\/de\/wp-content\/uploads\/sites\/4\/2020\/08\/ata.png\"\/><\/div><div class=\"icon_description\" id=\"Info-list-wrap-9857\" style=\"font-size:40px;\"><h3 class=\"ult-responsive info-list-heading\"  data-ultimate-target='#Info-list-wrap-9857 h3'  data-responsive-json-new='{\"font-size\":\"desktop:16px;\",\"line-height\":\"desktop:24px;\"}'  style=\"font-weight:bold;color:#ffffff;\">ATA<\/h3><div class=\"icon_description_text ult-responsive\"  data-ultimate-target='#Info-list-wrap-9857 .icon_description_text'  data-responsive-json-new='{\"font-size\":\"desktop:13px;\",\"line-height\":\"desktop:18px;\"}'  style=\"color:#ffffff;\"><p><span style=\"font-weight: 400;\">(American Translators Association)<\/span><\/p>\n<\/div><\/div><div class=\"icon_list_connector\" data-animation=\"fadeInLeft\" data-animation-delay=\"03\" style=\"border: none !important;\"><\/div><a class=\"ulimate-info-list-link\" href=\"https:\/\/www.atanet.org\/\" target=\"_blank\" rel=\"noopener\" ><\/a><\/li><li class=\"icon_list_item\" style=\" font-size:120px;\"><div class=\"icon_list_icon\" data-animation=\"pulse\" data-animation-delay=\"03\" style=\"font-size:40px;background:#ffffff;color:#d44133;border-color:#ffffff;\"><img decoding=\"async\" class=\"list-img-icon\" alt=\"null\" src=\"https:\/\/www.turkishtranslationoffice.com\/de\/wp-content\/uploads\/sites\/4\/2020\/08\/gala.png\"\/><\/div><div class=\"icon_description\" id=\"Info-list-wrap-7515\" style=\"font-size:40px;\"><h3 class=\"ult-responsive info-list-heading\"  data-ultimate-target='#Info-list-wrap-7515 h3'  data-responsive-json-new='{\"font-size\":\"desktop:16px;\",\"line-height\":\"desktop:24px;\"}'  style=\"font-weight:bold;color:#ffffff;\">GALA<\/h3><div class=\"icon_description_text ult-responsive\"  data-ultimate-target='#Info-list-wrap-7515 .icon_description_text'  data-responsive-json-new='{\"font-size\":\"desktop:13px;\",\"line-height\":\"desktop:18px;\"}'  style=\"color:#ffffff;\"><p><span style=\"font-weight: 400;\">(Globalization and Localization Association)<\/span><\/p>\n<\/div><\/div><div class=\"icon_list_connector\" data-animation=\"fadeInLeft\" data-animation-delay=\"03\" style=\"border: none !important;\"><\/div><a class=\"ulimate-info-list-link\" href=\"https:\/\/www.gala-global.org\/\" target=\"_blank\" rel=\"noopener\" ><\/a><\/li><li class=\"icon_list_item\" style=\" font-size:120px;\"><div class=\"icon_list_icon\" data-animation=\"pulse\" data-animation-delay=\"03\" style=\"font-size:40px;background:#ffffff;color:#d44133;border-color:#ffffff;\"><img decoding=\"async\" class=\"list-img-icon\" alt=\"null\" src=\"https:\/\/www.turkishtranslationoffice.com\/de\/wp-content\/uploads\/sites\/4\/2020\/08\/elia.png\"\/><\/div><div class=\"icon_description\" id=\"Info-list-wrap-1621\" style=\"font-size:40px;\"><h3 class=\"ult-responsive info-list-heading\"  data-ultimate-target='#Info-list-wrap-1621 h3'  data-responsive-json-new='{\"font-size\":\"desktop:16px;\",\"line-height\":\"desktop:24px;\"}'  style=\"font-weight:bold;color:#ffffff;\">ELIA<\/h3><div class=\"icon_description_text ult-responsive\"  data-ultimate-target='#Info-list-wrap-1621 .icon_description_text'  data-responsive-json-new='{\"font-size\":\"desktop:13px;\",\"line-height\":\"desktop:18px;\"}'  style=\"color:#ffffff;\"><p><span style=\"font-weight: 400;\">(European Language Industry Association)<\/span><\/p>\n<\/div><\/div><div class=\"icon_list_connector\" data-animation=\"fadeInLeft\" data-animation-delay=\"03\" style=\"border: none !important;\"><\/div><a class=\"ulimate-info-list-link\" href=\"http:\/\/elia-association.org\/\" target=\"_blank\" rel=\"noopener\" ><\/a><\/li><\/ul><\/div>[\/vc_column][\/vc_row][vc_row equal_height=&#8221;yes&#8221; content_placement=&#8221;middle&#8221; bg_type=&#8221;bg_color&#8221; bg_override=&#8221;ex-full&#8221; type=&#8221;vc_default&#8221; css=&#8221;.vc_custom_1597667671415{padding-top: 30px !important;padding-bottom: 30px !important;}&#8221; bg_color_value=&#8221;#f4f4f4&#8243;][vc_column width=&#8221;2\/3&#8243; css=&#8221;.vc_custom_1491755817646{padding-bottom: 30px !important;}&#8221; offset=&#8221;vc_col-lg-offset-0 vc_col-lg-6 vc_col-md-offset-0 vc_col-md-5 vc_col-sm-offset-2&#8243;]<div class=\"info-wrapper ult-adjust-bottom-margin\"><div id=\"info-circle-wrapper-69d4b03a0f4bf\" data-uniqid=\"69d4b03a0f4bf\" class=\"info-circle-wrapper  info-circle-responsive \" data-half-percentage=\"70\" data-circle-type=\"full-circle\"><div class=\"info-c-full-br\" style='border:4px dotted rgba(0,0,0,0.18);width:100%;opacity:0;' data-start-degree=\"90\" data-divert=\"\" data-info-circle-angle=\"full\" data-responsive-circle=\"on\" data-responsive-breakpoint=\"400\" data-launch=\"linear\" data-launch-duration=\"0.6\" data-launch-delay=\"0.2\" data-slide-true=\"on\" data-slide-duration=\"5\" data-icon-size=\"24\" data-icon-show=\"show\" data-icon-show-size=\"48\" data-highlight-style=\"info-circle-pop\" data-focus-on=\"hover\"><div  class=\"icon-circle-list\"><div class=\"info-circle-icons \" style=\"background:#ec7834;color:#ffffff;\" ><i class=\"fas fa-users info-circle-icon\" ><\/i><\/div><div class=\"info-details\" data-icon-class=\"ult-info-circle-icon\"><div class=\"info-circle-def\"><div  class=\"info-circle-sub-def\"><i class=\"fas fa-users info-circle-icon\" ><\/i><div class=\"responsive-font-class ult-responsive\" ><h3  data-ultimate-target='#info-cirlce-wrap-1518 .responsive-font-class h3.new-cust-responsive-class'  data-responsive-json-new='{\"font-size\":\"desktop:20px;\",\"line-height\":\"desktop:30px;\"}'  class=\"info-circle-heading ult-responsive new-cust-responsive-class\" style=\"font-weight:bold;\">Sprachexperten<\/h3><div  class=\"info-circle-text \" style=\"font-weight:normal;\">\u00dcber 2500 Sprachexperten<\/div><\/div><\/div><\/div><\/div><div class=\"info-circle-icons \" style=\"background:#ec7834;color:#ffffff;\" ><i class=\"fas fa-user-friends info-circle-icon\" ><\/i><\/div><div class=\"info-details\" data-icon-class=\"ult-info-circle-icon\"><div class=\"info-circle-def\"><div  class=\"info-circle-sub-def\"><i class=\"fas fa-user-friends info-circle-icon\" ><\/i><div class=\"responsive-font-class ult-responsive\" ><h3  data-ultimate-target='#info-cirlce-wrap-1518 .responsive-font-class h3.new-cust-responsive-class'  data-responsive-json-new='{\"font-size\":\"desktop:20px;\",\"line-height\":\"desktop:30px;\"}'  class=\"info-circle-heading ult-responsive new-cust-responsive-class\" style=\"font-weight:bold;\">\u00dcbersetzer und Lektoren<\/h3><div  class=\"info-circle-text \" style=\"font-weight:normal;\">Fachlinguisten<\/div><\/div><\/div><\/div><\/div><div class=\"info-circle-icons \" style=\"background:#ec7834;color:#ffffff;\" ><i class=\"fas fa-vote-yea info-circle-icon\" ><\/i><\/div><div class=\"info-details\" data-icon-class=\"ult-info-circle-icon\"><div class=\"info-circle-def\"><div  class=\"info-circle-sub-def\"><i class=\"fas fa-vote-yea info-circle-icon\" ><\/i><div class=\"responsive-font-class ult-responsive\" ><h3  data-ultimate-target='#info-cirlce-wrap-1518 .responsive-font-class h3.new-cust-responsive-class'  data-responsive-json-new='{\"font-size\":\"desktop:20px;\",\"line-height\":\"desktop:30px;\"}'  class=\"info-circle-heading ult-responsive new-cust-responsive-class\" style=\"font-weight:bold;\">Ablauf der Qualit\u00e4tssicherung<\/h3><div  class=\"info-circle-text \" style=\"font-weight:normal;\">4-stufiger Qualit\u00e4tskontrollprozess<\/div><\/div><\/div><\/div><\/div><div class=\"info-circle-icons \" style=\"background:#ec7834;color:#ffffff;\" ><i class=\"fab fa-medrt info-circle-icon\" ><\/i><\/div><div class=\"info-details\" data-icon-class=\"ult-info-circle-icon\"><div class=\"info-circle-def\"><div  class=\"info-circle-sub-def\"><i class=\"fab fa-medrt info-circle-icon\" ><\/i><div class=\"responsive-font-class ult-responsive\" ><h3  data-ultimate-target='#info-cirlce-wrap-1518 .responsive-font-class h3.new-cust-responsive-class'  data-responsive-json-new='{\"font-size\":\"desktop:20px;\",\"line-height\":\"desktop:30px;\"}'  class=\"info-circle-heading ult-responsive new-cust-responsive-class\" style=\"font-weight:bold;\">Technologie<\/h3><div  class=\"info-circle-text \" style=\"font-weight:normal;\">Technologie-Dienstleistungen<\/div><\/div><\/div><\/div><\/div><div class=\"info-circle-icons \" style=\"background:#ec7834;color:#ffffff;\" ><i class=\"fas fa-map-marked-alt info-circle-icon\" ><\/i><\/div><div class=\"info-details\" data-icon-class=\"ult-info-circle-icon\"><div class=\"info-circle-def\"><div  class=\"info-circle-sub-def\"><i class=\"fas fa-map-marked-alt info-circle-icon\" ><\/i><div class=\"responsive-font-class ult-responsive\" ><h3  data-ultimate-target='#info-cirlce-wrap-1518 .responsive-font-class h3.new-cust-responsive-class'  data-responsive-json-new='{\"font-size\":\"desktop:20px;\",\"line-height\":\"desktop:30px;\"}'  class=\"info-circle-heading ult-responsive new-cust-responsive-class\" style=\"font-weight:bold;\">\u00dcbersetzung und Lokalisierung<\/h3><div  class=\"info-circle-text \" style=\"font-weight:normal;\">\u00dcbersetzung, Lokalisierung &amp; Dolmetschen<\/div><\/div><\/div><\/div><\/div><div class=\"info-circle-icons \" style=\"background:#ec7834;color:#ffffff;\" ><i class=\"fas fa-umbrella-beach info-circle-icon\" ><\/i><\/div><div class=\"info-details\" data-icon-class=\"ult-info-circle-icon\"><div class=\"info-circle-def\"><div  class=\"info-circle-sub-def\"><i class=\"fas fa-umbrella-beach info-circle-icon\" ><\/i><div class=\"responsive-font-class ult-responsive\" ><h3  data-ultimate-target='#info-cirlce-wrap-1518 .responsive-font-class h3.new-cust-responsive-class'  data-responsive-json-new='{\"font-size\":\"desktop:20px;\",\"line-height\":\"desktop:30px;\"}'  class=\"info-circle-heading ult-responsive new-cust-responsive-class\" style=\"font-weight:bold;\">Versicherung<\/h3><div  class=\"info-circle-text \" style=\"font-weight:normal;\">\u00dcbersetzungsversicherung<\/div><\/div><\/div><\/div><\/div><div class=\"info-circle-icons \" style=\"background:#ec7834;color:#ffffff;\" ><i class=\"fas fa-diagnoses info-circle-icon\" ><\/i><\/div><div class=\"info-details\" data-icon-class=\"ult-info-circle-icon\"><div class=\"info-circle-def\"><div  class=\"info-circle-sub-def\"><i class=\"fas fa-diagnoses info-circle-icon\" ><\/i><div class=\"responsive-font-class ult-responsive\" ><h3  data-ultimate-target='#info-cirlce-wrap-1518 .responsive-font-class h3.new-cust-responsive-class'  data-responsive-json-new='{\"font-size\":\"desktop:20px;\",\"line-height\":\"desktop:30px;\"}'  class=\"info-circle-heading ult-responsive new-cust-responsive-class\" style=\"font-weight:bold;\">Internationales digitales Marketing<\/h3><div  class=\"info-circle-text \" style=\"font-weight:normal;\">Internationales digitales Marketing<\/div><\/div><\/div><\/div><\/div><\/div><div id=\"info-cirlce-wrap-1518\" class=\"info-c-full\" style=\"background-color:;color:#0b3655;width:80%;height:80%;margin:10%;\"><div class=\"info-c-full-wrap\"><\/div><\/div><\/div><div class=\"smile_icon_list_wrap \" data-content_bg=\"\" data-content_color=\"#0b3655\">\n\t\t\t\t\t\t\t<ul id=\"info-cirlce-wrap-1518\" class=\"smile_icon_list left circle with_bg\"><li class=\"icon_list_item\" style=\"font-size:72px;\">\n\t\t\t\t\t\t\t\t\t<div class=\"icon_list_icon\" style=\"font-size:24px;width:24px;height:24px;line-height:1;\">\n\t\t\t\t\t\t\t\t\t\t<i class=\"smt-pencil\"><\/i>\n\t\t\t\t\t\t\t\t\t<\/div>\n\t\t\t\t\t\t\t\t\t<div  class=\"icon_description\" style=\"font-size:24px;\">\n\t\t\t\t\t\t\t\t\t\t<div class=\"responsive-font-class ult-responsive\"  data-ultimate-target='#info-cirlce-wrap-1518 .responsive-font-class *'  data-responsive-json-new='{\"font-size\":\"desktop:14px;\",\"line-height\":\"desktop:24px;\"}'  style=\"font-weight:normal;\">\n\t\t\t\t\t\t\t\t\t\t\t<h3  data-ultimate-target='#info-cirlce-wrap-1518 .responsive-font-class h3.new-cust-responsive-class'  data-responsive-json-new='{\"font-size\":\"desktop:20px;\",\"line-height\":\"desktop:30px;\"}'  class=\"ult-responsive new-cust-responsive-class\" style=\"font-weight:bold;\"><\/h3>\n\t\t\t\t\t\t\t\t\t\t\t<p><\/p>\n\t\t\t\t\t\t\t\t\t\t<\/div>\n\t\t\t\t\t\t\t\t\t<\/div>\n\t\t\t\t\t\t\t\t\t<div class=\"icon_list_connector\" style=\" border-style:dotted;border-color:rgba(0,0,0,0.18); left:12px; top:24px;\">\n\t\t\t\t\t\t\t\t\t<\/div><\/li><\/ul>\n\t\t\t\t\t\t<\/div><\/div><\/div>[\/vc_column][vc_column offset=&#8221;vc_col-lg-6 vc_col-md-7&#8243; css=&#8221;.vc_custom_1491755728516{padding-bottom: 40px !important;}&#8221;]<div id=\"ultimate-heading-881369d4b03a0f5fe\" class=\"uvc-heading ult-adjust-bottom-margin ultimate-heading-881369d4b03a0f5fe uvc-5883 color-title accent-title-color\" data-hspacer=\"no_spacer\"  data-halign=\"left\" style=\"text-align:left\"><div class=\"uvc-heading-spacer no_spacer\" style=\"top\"><\/div><div class=\"uvc-main-heading ult-responsive\"  data-ultimate-target='.uvc-heading.ultimate-heading-881369d4b03a0f5fe h2'  data-responsive-json-new='{\"font-size\":\"desktop:60px;mobile_landscape:44px;\",\"line-height\":\"desktop:70px;mobile_landscape:54px;\"}' ><h2 style=\"font-weight:bold;margin-bottom:5px;\">Warum<\/h2><\/div><div class=\"uvc-sub-heading ult-responsive\"  data-ultimate-target='.uvc-heading.ultimate-heading-881369d4b03a0f5fe .uvc-sub-heading '  data-responsive-json-new='{\"font-size\":\"desktop:44px;\",\"line-height\":\"desktop:54px;\"}'  style=\"font-family:&#039;Roboto Condensed&#039;;font-weight:bold;margin-bottom:25px;\">Turkish Translation Office?<\/div><\/div>[vc_column_text]<strong>Unsere Vision<\/strong> ist es, Dienstleistungen mit best\u00e4ndiger Qualit\u00e4t zu liefern, indem wir uns stets an die sich ver\u00e4ndernden und entwickelnden \u00dcbersetzungstechnologien anpassen. Dank unserer erfahrenen Projektmanager und professionellen Linguisten ist es unser Ziel, unseren Kunden bei ihren \u00dcbersetzungs- und Lokalisierungsanforderungen f\u00fcr die t\u00fcrkische Sprache ein kompetenter Partner zu sein.[\/vc_column_text][vc_column_text]<strong>Unsere Mission <\/strong>ist es, unseren Kunden zu helfen, Sprachbarrieren in ihrer Kommunikation mit ihren Zielgruppen zu beseitigen. Turkish Translation Office tr\u00e4gt zur Kommunikation zwischen Privatpersonen und Unternehmen bei, indem es qualitativ hochwertige Sprachdienstleistungen f\u00fcr T\u00fcrkisch und andere Sprachen zu erschwinglichen Preisen anbietet. Wir wissen, dass unser Erfolg stark von der Zufriedenheit unserer Kunden und ihrem Vertrauen in unsere Servicequalit\u00e4t abh\u00e4ngt. Deshalb arbeiten wir mit erfahrenen muttersprachlichen \u00dcbersetzern und Dolmetschern zusammen, um unseren nationalen und internationalen Kunden, die ihre T\u00e4tigkeit auf den t\u00fcrkischen Markt ausdehnen wollen, \u00dcbersetzungen in bester Qualit\u00e4t zu liefern.[\/vc_column_text][\/vc_column][\/vc_row]<\/p>\n","protected":false},"excerpt":{"rendered":"<p>[vc_row equal_height=&#8221;yes&#8221; content_placement=&#8221;middle&#8221; bg_type=&#8221;image&#8221; parallax_style=&#8221;vcpb-default&#8221; bg_image_new=&#8221;id^3833|url^https:\/\/www.turkishtranslationoffice.com\/de\/wp-content\/uploads\/sites\/2\/2020\/08\/biz-kimiz.jpg|caption^null|alt^null|title^biz-kimiz|description^null&#8221; bg_image_repeat=&#8221;no-repeat&#8221; bg_override=&#8221;ex-full&#8221; type=&#8221;vc_default&#8221; margin_top=&#8221;5&#8243; margin_bottom=&#8221;10&#8243; css=&#8221;.vc_custom_1629995917311{padding-top: 2% !important;padding-bottom: 2% !important;}&#8221;][vc_column][vc_row_inner equal_height=&#8221;yes&#8221; content_placement=&#8221;top&#8221;][vc_column_inner width=&#8221;1\/2&#8243;][vc_column_text]Turkish Translation Office wurde 2008 als eine Marke der EDU Language Group, gegr\u00fcndet und ist heute das weltweit f\u00fchrende t\u00fcrkische \u00dcbersetzungsb\u00fcro. Wir bei TTO liefern seit Jahren qualitativ hochwertige \u00dcbersetzungen und bieten bedingungslose Kundenzufriedenheit mit unseren Sprachdienstleistungen&hellip;<\/p>\n","protected":false},"author":1,"featured_media":0,"parent":0,"menu_order":10,"comment_status":"closed","ping_status":"closed","template":"","meta":{"footnotes":""},"aioseo_notices":[],"_links":{"self":[{"href":"https:\/\/www.turkishtranslationoffice.com\/de\/wp-json\/wp\/v2\/pages\/3011"}],"collection":[{"href":"https:\/\/www.turkishtranslationoffice.com\/de\/wp-json\/wp\/v2\/pages"}],"about":[{"href":"https:\/\/www.turkishtranslationoffice.com\/de\/wp-json\/wp\/v2\/types\/page"}],"author":[{"embeddable":true,"href":"https:\/\/www.turkishtranslationoffice.com\/de\/wp-json\/wp\/v2\/users\/1"}],"replies":[{"embeddable":true,"href":"https:\/\/www.turkishtranslationoffice.com\/de\/wp-json\/wp\/v2\/comments?post=3011"}],"version-history":[{"count":14,"href":"https:\/\/www.turkishtranslationoffice.com\/de\/wp-json\/wp\/v2\/pages\/3011\/revisions"}],"predecessor-version":[{"id":5941,"href":"https:\/\/www.turkishtranslationoffice.com\/de\/wp-json\/wp\/v2\/pages\/3011\/revisions\/5941"}],"wp:attachment":[{"href":"https:\/\/www.turkishtranslationoffice.com\/de\/wp-json\/wp\/v2\/media?parent=3011"}],"curies":[{"name":"wp","href":"https:\/\/api.w.org\/{rel}","templated":true}]}}