{"id":3045,"date":"2020-08-17T15:36:38","date_gmt":"2020-08-17T12:36:38","guid":{"rendered":"https:\/\/www.turkishtranslationoffice.com\/tr\/akademik-tercume-copy\/"},"modified":"2022-02-08T13:59:11","modified_gmt":"2022-02-08T10:59:11","slug":"was-wir-tun","status":"publish","type":"page","link":"https:\/\/www.turkishtranslationoffice.com\/de\/was-wir-tun\/","title":{"rendered":"Was wir tun"},"content":{"rendered":"<p>[vc_row equal_height=&#8221;yes&#8221; content_placement=&#8221;top&#8221; bg_type=&#8221;image&#8221; parallax_style=&#8221;vcpb-default&#8221; bg_image_new=&#8221;id^4025|url^https:\/\/www.turkishtranslationoffice.com\/de\/wp-content\/uploads\/sites\/2\/2020\/08\/neler-yapiyoruz.jpg|caption^null|alt^null|title^neler-yapiyoruz|description^null&#8221; bg_override=&#8221;ex-full&#8221; type=&#8221;vc_default&#8221; margin_top=&#8221;5&#8243; margin_bottom=&#8221;10&#8243; css=&#8221;.vc_custom_1629995971948{padding-top: 2% !important;padding-bottom: 2% !important;}&#8221;][vc_column width=&#8221;1\/2&#8243;]<div id=\"ultimate-heading-33469d4b1d93c90a\" class=\"uvc-heading ult-adjust-bottom-margin ultimate-heading-33469d4b1d93c90a uvc-7829 \" data-hspacer=\"no_spacer\"  data-halign=\"left\" style=\"text-align:left\"><div class=\"uvc-heading-spacer no_spacer\" style=\"top\"><\/div><div class=\"uvc-main-heading ult-responsive\"  data-ultimate-target='.uvc-heading.ultimate-heading-33469d4b1d93c90a h1'  data-responsive-json-new='{\"font-size\":\"desktop:28px;\",\"line-height\":\"desktop:34px;\"}' ><h1 style=\"font-weight:bold;margin-bottom:25px;\">Was wir tun<\/h1><\/div><\/div>[vc_column_text]<\/p>\n<p style=\"text-align: left;\"><span style=\"font-weight: 400; font-size: 18px;\">Als erfahrener Sprachdienstleister liefern wir professionelle \u00dcbersetzungs-, Lokalisierungs- und Dolmetscherdienste f\u00fcr alle Sprachpaare. Unser Fachwissen deckt ein breites Spektrum an Branchen ab, wie z.B. Banken &amp; Finanzen, IT &amp; Elektronik, Recht, Automotive, Life Sciences, Energie und viele mehr.<\/span><\/p>\n<p><span style=\"font-weight: 400; font-size: 18px;\">M\u00f6chten Sie mehr \u00fcber unsere Dienstleistungen und unseren Qualit\u00e4tsansatz erfahren? Kontaktieren Sie jetzt unser Team und lassen Sie sich alle Ihre Fragen beantworten.<\/span>[\/vc_column_text][vc_row_inner equal_height=&#8221;yes&#8221; content_placement=&#8221;top&#8221;][vc_column_inner css=&#8221;.vc_custom_1644317946069{padding-bottom: 32px !important;}&#8221;]<style type=\"text\/css\" data-type=\"the7_shortcodes-inline-css\">#default-btn-ed680f1745d69cc9e6b9349582f1d1a4.ico-right-side > i {\n  margin-right: 0px;\n  margin-left: 8px;\n}\n#default-btn-ed680f1745d69cc9e6b9349582f1d1a4 > i {\n  margin-right: 8px;\n}\n#default-btn-ed680f1745d69cc9e6b9349582f1d1a4 * {\n  vertical-align: middle;\n}\n<\/style><a href=\"\/de\/angebot-anfordern\/\" class=\"default-btn-shortcode dt-btn dt-btn-l link-hover-off button-tto-grey btn-inline-left  vc_custom_1627471585845\" id=\"default-btn-ed680f1745d69cc9e6b9349582f1d1a4\" style=\"width:286px;\"><span>Kostenloses Angebot einholen<\/span><\/a><style type=\"text\/css\" data-type=\"the7_shortcodes-inline-css\">#default-btn-b2afe408bb8e3f07cb3ddee5b5c008db.ico-right-side > i {\n  margin-right: 0px;\n  margin-left: 8px;\n}\n#default-btn-b2afe408bb8e3f07cb3ddee5b5c008db > i {\n  margin-right: 8px;\n}\n#default-btn-b2afe408bb8e3f07cb3ddee5b5c008db * {\n  vertical-align: middle;\n}\n<\/style><a href=\"\/de\/kontaktieren-sie-uns\/\" class=\"default-btn-shortcode dt-btn dt-btn-l link-hover-off button-tto-red btn-inline-left  vc_custom_1627471604374\" id=\"default-btn-b2afe408bb8e3f07cb3ddee5b5c008db\" style=\"width:286px;\"><span>Kontakt<\/span><\/a>[\/vc_column_inner][\/vc_row_inner][\/vc_column][vc_column width=&#8221;1\/2&#8243;][\/vc_column][\/vc_row][vc_row bg_type=&#8221;image&#8221; bg_override=&#8221;full&#8221; css=&#8221;.vc_custom_1596535087001{background-image: url(https:\/\/www.turkishtranslationoffice.com\/de\/wp-content\/uploads\/sites\/2\/2020\/08\/uyari.jpg?id=2304) !important;}&#8221;][vc_column]<div class=\"smile_icon_list_wrap ult_info_list_container ult-adjust-bottom-margin   vc_custom_1596535225225\"><ul class=\"smile_icon_list top circle with_bg\"><li class=\"icon_list_item\" style=\" font-size:96px;\"><div class=\"icon_list_icon\" data-animation=\"\" data-animation-delay=\"03\" style=\"font-size:32px;border-width:1px;border-style:none;background:#ffffff;color:#d44133;border-color:#333333;\"><i class=\"fas fa-thumbs-up\" ><\/i><\/div><div class=\"icon_description\" id=\"Info-list-wrap-8382\" style=\"font-size:32px;\"><h3 class=\"ult-responsive info-list-heading\"  data-ultimate-target='#Info-list-wrap-8382 h3'  data-responsive-json-new='{\"font-size\":\"desktop:16px;\",\"line-height\":\"desktop:24px;\"}'  style=\"font-weight:bold;color:#ffffff;\">%100 Zuverl\u00e4ssig<\/h3><div class=\"icon_description_text ult-responsive\"  data-ultimate-target='#Info-list-wrap-8382 .icon_description_text'  data-responsive-json-new='{\"font-size\":\"desktop:13px;\",\"line-height\":\"desktop:18px;\"}'  style=\"color:#ffffff;\"><\/div><\/div><div class=\"icon_list_connector\" data-animation=\"fadeInLeft\" data-animation-delay=\"03\" style=\"border: none !important;\"><\/div><\/li><li class=\"icon_list_item\" style=\" font-size:96px;\"><div class=\"icon_list_icon\" data-animation=\"\" data-animation-delay=\"03\" style=\"font-size:32px;border-width:1px;border-style:none;background:#ffffff;color:#d44133;border-color:#333333;\"><i class=\"fas fa-hands-helping\" ><\/i><\/div><div class=\"icon_description\" id=\"Info-list-wrap-6886\" style=\"font-size:32px;\"><h3 class=\"ult-responsive info-list-heading\"  data-ultimate-target='#Info-list-wrap-6886 h3'  data-responsive-json-new='{\"font-size\":\"desktop:16px;\",\"line-height\":\"desktop:24px;\"}'  style=\"font-weight:bold;color:#ffffff;\">Professionell<\/h3><div class=\"icon_description_text ult-responsive\"  data-ultimate-target='#Info-list-wrap-6886 .icon_description_text'  data-responsive-json-new='{\"font-size\":\"desktop:13px;\",\"line-height\":\"desktop:18px;\"}'  style=\"color:#ffffff;\"><\/div><\/div><div class=\"icon_list_connector\" data-animation=\"fadeInLeft\" data-animation-delay=\"03\" style=\"border: none !important;\"><\/div><\/li><li class=\"icon_list_item\" style=\" font-size:96px;\"><div class=\"icon_list_icon\" data-animation=\"\" data-animation-delay=\"03\" style=\"font-size:32px;border-width:1px;border-style:none;background:#ffffff;color:#d44133;border-color:#333333;\"><i class=\"fas fa-award\" ><\/i><\/div><div class=\"icon_description\" id=\"Info-list-wrap-4607\" style=\"font-size:32px;\"><h3 class=\"ult-responsive info-list-heading\"  data-ultimate-target='#Info-list-wrap-4607 h3'  data-responsive-json-new='{\"font-size\":\"desktop:16px;\",\"line-height\":\"desktop:24px;\"}'  style=\"font-weight:bold;color:#ffffff;\">ISO-zertifiziert<\/h3><div class=\"icon_description_text ult-responsive\"  data-ultimate-target='#Info-list-wrap-4607 .icon_description_text'  data-responsive-json-new='{\"font-size\":\"desktop:13px;\",\"line-height\":\"desktop:18px;\"}'  style=\"color:#ffffff;\"><\/div><\/div><div class=\"icon_list_connector\" data-animation=\"fadeInLeft\" data-animation-delay=\"03\" style=\"border: none !important;\"><\/div><\/li><li class=\"icon_list_item\" style=\" font-size:96px;\"><div class=\"icon_list_icon\" data-animation=\"\" data-animation-delay=\"03\" style=\"font-size:32px;border-width:1px;border-style:none;background:#ffffff;color:#d44133;border-color:#333333;\"><i class=\"fas fa-users\" ><\/i><\/div><div class=\"icon_description\" id=\"Info-list-wrap-6118\" style=\"font-size:32px;\"><h3 class=\"ult-responsive info-list-heading\"  data-ultimate-target='#Info-list-wrap-6118 h3'  data-responsive-json-new='{\"font-size\":\"desktop:16px;\",\"line-height\":\"desktop:24px;\"}'  style=\"font-weight:bold;color:#ffffff;\">Professionelles Team<\/h3><div class=\"icon_description_text ult-responsive\"  data-ultimate-target='#Info-list-wrap-6118 .icon_description_text'  data-responsive-json-new='{\"font-size\":\"desktop:13px;\",\"line-height\":\"desktop:18px;\"}'  style=\"color:#ffffff;\"><\/div><\/div><div class=\"icon_list_connector\" data-animation=\"fadeInLeft\" data-animation-delay=\"03\" style=\"border: none !important;\"><\/div><\/li><\/ul><\/div>[\/vc_column][\/vc_row][vc_row equal_height=&#8221;yes&#8221; content_placement=&#8221;middle&#8221; bg_type=&#8221;image&#8221; parallax_style=&#8221;vcpb-default&#8221; bg_image_new=&#8221;id^2302|url^https:\/\/www.turkishtranslationoffice.com\/de\/wp-content\/uploads\/sites\/2\/2020\/08\/arka-plan-siyah-beyaz.png|caption^null|alt^null|title^arka-plan-siyah-beyaz|description^null&#8221; bg_image_repeat=&#8221;no-repeat&#8221; bg_override=&#8221;ex-full&#8221; type=&#8221;vc_default&#8221; margin_top=&#8221;5&#8243; margin_bottom=&#8221;10&#8243; css=&#8221;.vc_custom_1606916417590{padding-top: 30px !important;padding-bottom: 50px !important;}&#8221;][vc_column css=&#8221;.vc_custom_1491746299333{padding-bottom: 0px !important;}&#8221;][vc_row_inner equal_height=&#8221;yes&#8221; content_placement=&#8221;middle&#8221;][vc_column_inner width=&#8221;1\/2&#8243;]<div class=\"smile_icon_list_wrap ult_info_list_container ult-adjust-bottom-margin  \"><ul class=\"smile_icon_list left hexagon\"><li class=\"icon_list_item\" style=\" font-size:84px;\"><div class=\"icon_list_icon\" data-animation=\"\" data-animation-delay=\"03\" style=\"font-size:28px;background:#d44133;color:#ffffff;border-color:#d44133;\"><i class=\"fas fa-smile\" ><\/i><\/div><div class=\"icon_description\" id=\"Info-list-wrap-3186\" style=\"font-size:28px;\"><h3 class=\"ult-responsive info-list-heading\"  data-ultimate-target='#Info-list-wrap-3186 h3'  data-responsive-json-new='{\"font-size\":\"desktop:21px;\",\"line-height\":\"desktop:24px;\"}'  style=\"\">Hochwertige Qualit\u00e4t<\/h3><div class=\"icon_description_text ult-responsive\"  data-ultimate-target='#Info-list-wrap-3186 .icon_description_text'  data-responsive-json-new='{\"font-size\":\"desktop:14px;\",\"line-height\":\"desktop:24px;\"}'  style=\"\"><p>Die Sicherstellung der Kundenzufriedenheit durch einen kundenorientierten Ansatz ist der Kern unserer Unternehmenskultur. Wir sind bestrebt, die beste Qualit\u00e4t an Dienstleistungen zu liefern, um die Erwartungen unserer Kunden zu erf\u00fcllen und zu \u00fcbertreffen. Wir sind bestrebt, von Beginn unserer Zusammenarbeit an ein enges Kooperationsumfeld mit unseren Kunden aufzubauen und Dienstleistungen in nachhaltiger Qualit\u00e4t zu erbringen.<\/p>\n<\/div><\/div><div class=\"icon_list_connector\" data-animation=\"fadeInUp\" data-animation-delay=\"03\" style=\"border-right-width: 1px;border-right-style: dashed;border-color: #d44133;\"><\/div><\/li><\/ul><\/div><div class=\"smile_icon_list_wrap ult_info_list_container ult-adjust-bottom-margin   vc_custom_1606917229661\"><ul class=\"smile_icon_list left hexagon\"><li class=\"icon_list_item\" style=\" font-size:84px;\"><div class=\"icon_list_icon\" data-animation=\"\" data-animation-delay=\"03\" style=\"font-size:28px;background:#d44133;color:#ffffff;border-color:#d44133;\"><i class=\"fas fa-users\" ><\/i><\/div><div class=\"icon_description\" id=\"Info-list-wrap-4381\" style=\"font-size:28px;\"><h3 class=\"ult-responsive info-list-heading\"  data-ultimate-target='#Info-list-wrap-4381 h3'  data-responsive-json-new='{\"font-size\":\"desktop:21px;\",\"line-height\":\"desktop:24px;\"}'  style=\"\">Erfahrene und kompetente Teammitglieder<\/h3><div class=\"icon_description_text ult-responsive\"  data-ultimate-target='#Info-list-wrap-4381 .icon_description_text'  data-responsive-json-new='{\"font-size\":\"desktop:14px;\",\"line-height\":\"desktop:24px;\"}'  style=\"\"><p>Unsere Teams bestehen aus erfahrenen Projektmanagern, muttersprachlichen \u00dcbersetzern, Editoren, Korrekturlesern, Untertitlern und DTP-Profis. Basierend auf den Bed\u00fcrfnissen und dem Fachwissen, das f\u00fcr jeden unserer Kunden erforderlich ist, stellen wir ein engagiertes Team zusammen, das f\u00fcr die Bereitstellung eines effizienten und kundenorientierten \u00dcbersetzungsservices verantwortlich ist.<\/p>\n<\/div><\/div><div class=\"icon_list_connector\" data-animation=\"fadeInUp\" data-animation-delay=\"03\" style=\"border-right-width: 1px;border-right-style: dashed;border-color: #d44133;\"><\/div><\/li><\/ul><\/div><div class=\"smile_icon_list_wrap ult_info_list_container ult-adjust-bottom-margin   vc_custom_1606917240368\"><ul class=\"smile_icon_list left hexagon\"><li class=\"icon_list_item\" style=\" font-size:84px;\"><div class=\"icon_list_icon\" data-animation=\"\" data-animation-delay=\"03\" style=\"font-size:28px;background:#d44133;color:#ffffff;border-color:#d44133;\"><i class=\"fas fa-diagnoses\" ><\/i><\/div><div class=\"icon_description\" id=\"Info-list-wrap-7777\" style=\"font-size:28px;\"><h3 class=\"ult-responsive info-list-heading\"  data-ultimate-target='#Info-list-wrap-7777 h3'  data-responsive-json-new='{\"font-size\":\"desktop:21px;\",\"line-height\":\"desktop:24px;\"}'  style=\"\">Sprachdienstleistungen f\u00fcr digitales Marketing<\/h3><div class=\"icon_description_text ult-responsive\"  data-ultimate-target='#Info-list-wrap-7777 .icon_description_text'  data-responsive-json-new='{\"font-size\":\"desktop:14px;\",\"line-height\":\"desktop:24px;\"}'  style=\"\"><p>Digitales Marketing ist zu einem der wesentlichen Elemente der Marketingstrategie von Unternehmen geworden, da sich immer mehr Unternehmen auf die St\u00e4rkung ihrer Online-Pr\u00e4senz konzentrieren. Um Unternehmen bei der Anpassung ihrer Marketingstrategien an das digitale Umfeld zu unterst\u00fctzen, bieten wir mit unserem Expertenteam Lokalisierung, Inhaltserstellung und internationale SEO-Dienstleistungen an.<\/p>\n<\/div><\/div><div class=\"icon_list_connector\"  style=\"border: none !important;\"><\/div><\/li><\/ul><\/div>[\/vc_column_inner][vc_column_inner width=&#8221;1\/2&#8243;]<div class=\"smile_icon_list_wrap ult_info_list_container ult-adjust-bottom-margin  \"><ul class=\"smile_icon_list left hexagon\"><li class=\"icon_list_item\" style=\" font-size:84px;\"><div class=\"icon_list_icon\" data-animation=\"\" data-animation-delay=\"03\" style=\"font-size:28px;background:#d44133;color:#ffffff;border-color:#d44133;\"><i class=\"fas fa-chalkboard-teacher\" ><\/i><\/div><div class=\"icon_description\" id=\"Info-list-wrap-9037\" style=\"font-size:28px;\"><h3 class=\"ult-responsive info-list-heading\"  data-ultimate-target='#Info-list-wrap-9037 h3'  data-responsive-json-new='{\"font-size\":\"desktop:21px;\",\"line-height\":\"desktop:24px;\"}'  style=\"\">Kundenportal<\/h3><div class=\"icon_description_text ult-responsive\"  data-ultimate-target='#Info-list-wrap-9037 .icon_description_text'  data-responsive-json-new='{\"font-size\":\"desktop:14px;\",\"line-height\":\"desktop:24px;\"}'  style=\"\"><p>Um den Einkauf und die Verwaltung von \u00dcbersetzungsdienstleistungen zu vereinfachen, bieten wir f\u00fcr jeden unserer Kunden ein eigenes Kundenportal an. Das Kundenportal arbeitet integriert mit unserer Projektmanagement-Software und erm\u00f6glicht unseren Kunden, Angebote und Projekte zu erstellen und ihren Projektstatus, Rechnungs- und Zahlungsdetails zu verfolgen sowie Gesch\u00e4ftsberichte 24\/7 online zu erstellen.<\/p>\n<\/div><\/div><div class=\"icon_list_connector\" data-animation=\"fadeInUp\" data-animation-delay=\"03\" style=\"border-right-width: 1px;border-right-style: dashed;border-color: #d44133;\"><\/div><\/li><\/ul><\/div><div class=\"smile_icon_list_wrap ult_info_list_container ult-adjust-bottom-margin   vc_custom_1606917234560\"><ul class=\"smile_icon_list left hexagon\"><li class=\"icon_list_item\" style=\" font-size:84px;\"><div class=\"icon_list_icon\" data-animation=\"\" data-animation-delay=\"03\" style=\"font-size:28px;background:#d44133;color:#ffffff;border-color:#d44133;\"><i class=\"fas fa-vote-yea\" ><\/i><\/div><div class=\"icon_description\" id=\"Info-list-wrap-2967\" style=\"font-size:28px;\"><h3 class=\"ult-responsive info-list-heading\"  data-ultimate-target='#Info-list-wrap-2967 h3'  data-responsive-json-new='{\"font-size\":\"desktop:21px;\",\"line-height\":\"desktop:24px;\"}'  style=\"\">Linguistische Qualit\u00e4tssicherung<\/h3><div class=\"icon_description_text ult-responsive\"  data-ultimate-target='#Info-list-wrap-2967 .icon_description_text'  data-responsive-json-new='{\"font-size\":\"desktop:14px;\",\"line-height\":\"desktop:24px;\"}'  style=\"\"><p>Wir bieten sprachliche Qualit\u00e4tssicherungsdienste an, damit unsere Kunden sicherstellen k\u00f6nnen, dass die erhaltenen \u00dcbersetzungen sprachlich korrekt und konsistent sind. Um die Gesamtqualit\u00e4t der von uns gelieferten \u00dcbersetzungen zu erh\u00f6hen, f\u00fchren wir zus\u00e4tzliche \u00dcberpr\u00fcfungsschritte wie Lektorat und Korrekturlesen durch, um m\u00f6gliche Fehler und Irrt\u00fcmer in der \u00dcbersetzung zu beseitigen.<\/p>\n<\/div><\/div><div class=\"icon_list_connector\" data-animation=\"fadeInUp\" data-animation-delay=\"03\" style=\"border-right-width: 1px;border-right-style: dashed;border-color: #d44133;\"><\/div><\/li><\/ul><\/div><div class=\"smile_icon_list_wrap ult_info_list_container ult-adjust-bottom-margin   vc_custom_1613661663042\"><ul class=\"smile_icon_list left hexagon\"><li class=\"icon_list_item\" style=\" font-size:84px;\"><div class=\"icon_list_icon\" data-animation=\"\" data-animation-delay=\"03\" style=\"font-size:28px;background:#d44133;color:#ffffff;border-color:#d44133;\"><i class=\"fab fa-medrt\" ><\/i><\/div><div class=\"icon_description\" id=\"Info-list-wrap-3322\" style=\"font-size:28px;\"><h3 class=\"ult-responsive info-list-heading\"  data-ultimate-target='#Info-list-wrap-3322 h3'  data-responsive-json-new='{\"font-size\":\"desktop:21px;\",\"line-height\":\"desktop:24px;\"}'  style=\"\">Technologie-Dienstleistungen<\/h3><div class=\"icon_description_text ult-responsive\"  data-ultimate-target='#Info-list-wrap-3322 .icon_description_text'  data-responsive-json-new='{\"font-size\":\"desktop:14px;\",\"line-height\":\"desktop:24px;\"}'  style=\"\"><p>Wir nehmen eine innovative Perspektive ein und investieren in neue Technologien, um unseren Kunden \u00dcbersetzungsdienstleistungen von bester Qualit\u00e4t in k\u00fcrzeren Durchlaufzeiten zu bieten. Zus\u00e4tzlich zu den von uns verwendeten \u00dcbersetzungsmanagementsystemen und dem Kundenportal, das wir unseren Kunden zur Rationalisierung des Projektmanagements anbieten, nutzen wir auf k\u00fcnstlicher Intelligenz basierende maschinelle \u00dcbersetzungsl\u00f6sungen, um unseren Kunden zu helfen, die \u00dcbersetzungskosten zu senken.<\/p>\n<\/div><\/div><div class=\"icon_list_connector\"  style=\"border: none !important;\"><\/div><\/li><\/ul><\/div>[\/vc_column_inner][\/vc_row_inner][\/vc_column][\/vc_row]<\/p>\n","protected":false},"excerpt":{"rendered":"<p>[vc_row equal_height=&#8221;yes&#8221; content_placement=&#8221;top&#8221; bg_type=&#8221;image&#8221; parallax_style=&#8221;vcpb-default&#8221; bg_image_new=&#8221;id^4025|url^https:\/\/www.turkishtranslationoffice.com\/de\/wp-content\/uploads\/sites\/2\/2020\/08\/neler-yapiyoruz.jpg|caption^null|alt^null|title^neler-yapiyoruz|description^null&#8221; bg_override=&#8221;ex-full&#8221; type=&#8221;vc_default&#8221; margin_top=&#8221;5&#8243; margin_bottom=&#8221;10&#8243; css=&#8221;.vc_custom_1629995971948{padding-top: 2% !important;padding-bottom: 2% !important;}&#8221;][vc_column width=&#8221;1\/2&#8243;][vc_column_text] Als erfahrener Sprachdienstleister liefern wir professionelle \u00dcbersetzungs-, Lokalisierungs- und Dolmetscherdienste f\u00fcr alle Sprachpaare. Unser Fachwissen deckt ein breites Spektrum an Branchen ab, wie z.B. Banken &amp; Finanzen, IT &amp; Elektronik, Recht, Automotive, Life Sciences, Energie und viele mehr. M\u00f6chten&hellip;<\/p>\n","protected":false},"author":1,"featured_media":0,"parent":0,"menu_order":10,"comment_status":"closed","ping_status":"closed","template":"","meta":{"footnotes":""},"aioseo_notices":[],"_links":{"self":[{"href":"https:\/\/www.turkishtranslationoffice.com\/de\/wp-json\/wp\/v2\/pages\/3045"}],"collection":[{"href":"https:\/\/www.turkishtranslationoffice.com\/de\/wp-json\/wp\/v2\/pages"}],"about":[{"href":"https:\/\/www.turkishtranslationoffice.com\/de\/wp-json\/wp\/v2\/types\/page"}],"author":[{"embeddable":true,"href":"https:\/\/www.turkishtranslationoffice.com\/de\/wp-json\/wp\/v2\/users\/1"}],"replies":[{"embeddable":true,"href":"https:\/\/www.turkishtranslationoffice.com\/de\/wp-json\/wp\/v2\/comments?post=3045"}],"version-history":[{"count":17,"href":"https:\/\/www.turkishtranslationoffice.com\/de\/wp-json\/wp\/v2\/pages\/3045\/revisions"}],"predecessor-version":[{"id":6946,"href":"https:\/\/www.turkishtranslationoffice.com\/de\/wp-json\/wp\/v2\/pages\/3045\/revisions\/6946"}],"wp:attachment":[{"href":"https:\/\/www.turkishtranslationoffice.com\/de\/wp-json\/wp\/v2\/media?parent=3045"}],"curies":[{"name":"wp","href":"https:\/\/api.w.org\/{rel}","templated":true}]}}