{"id":3053,"date":"2020-08-17T16:41:00","date_gmt":"2020-08-17T13:41:00","guid":{"rendered":"https:\/\/www.turkishtranslationoffice.com\/tr\/neler-yapiyoruz-copy\/"},"modified":"2023-04-05T18:05:40","modified_gmt":"2023-04-05T15:05:40","slug":"unsere-zertifizierungen","status":"publish","type":"page","link":"https:\/\/www.turkishtranslationoffice.com\/de\/unsere-zertifizierungen\/","title":{"rendered":"Qualit\u00e4tszertifizierungen"},"content":{"rendered":"<p>[vc_row equal_height=&#8221;yes&#8221; content_placement=&#8221;top&#8221; bg_type=&#8221;image&#8221; parallax_style=&#8221;vcpb-default&#8221; bg_image_new=&#8221;id^3084|url^https:\/\/www.turkishtranslationoffice.com\/de\/wp-content\/uploads\/sites\/2\/2020\/08\/kalite-sertifikalari.jpg|caption^null|alt^null|title^kalite-sertifikalari|description^null&#8221; bg_image_repeat=&#8221;no-repeat&#8221; bg_override=&#8221;full&#8221; type=&#8221;vc_default&#8221; margin_top=&#8221;5&#8243; margin_bottom=&#8221;10&#8243; css=&#8221;.vc_custom_1629996019355{padding-top: 2% !important;padding-bottom: 2% !important;}&#8221;][vc_column width=&#8221;1\/2&#8243;]<div id=\"ultimate-heading-935469d4b02b9a22c\" class=\"uvc-heading ult-adjust-bottom-margin ultimate-heading-935469d4b02b9a22c uvc-6570 \" data-hspacer=\"no_spacer\"  data-halign=\"left\" style=\"text-align:left\"><div class=\"uvc-heading-spacer no_spacer\" style=\"top\"><\/div><div class=\"uvc-main-heading ult-responsive\"  data-ultimate-target='.uvc-heading.ultimate-heading-935469d4b02b9a22c h1'  data-responsive-json-new='{\"font-size\":\"desktop:28px;\",\"line-height\":\"desktop:34px;\"}' ><h1 style=\"font-weight:bold;margin-bottom:25px;\">Qualit\u00e4tszertifizierungen<\/h1><\/div><\/div>[vc_column_text]<\/p>\n<p style=\"text-align: left;\"><span style=\"font-weight: 400; font-size: 18px;\">Als Kernst\u00fcck jeder Phase unserer Gesch\u00e4ftsprozesse erfordert unsere Qualit\u00e4tspolitik die Sicherstellung der Kundenzufriedenheit in allen Phasen unseres Workflows, von der ersten Anfrage bis zur endg\u00fcltigen Lieferung und dar\u00fcber hinaus. Wir bieten \u00dcbersetzungs- und Lokalisierungsdienstleistungen in \u00dcbereinstimmung mit internationalen Anforderungen und sind nach den Qualit\u00e4tsstandards ISO 9001 und ISO 17100 zertifiziert.<\/span><\/p>\n<p><span style=\"font-weight: 400; font-size: 18px;\">M\u00f6chten Sie mehr \u00fcber unseren Qualit\u00e4tsansatz erfahren? Kontaktieren Sie jetzt unser Team.<\/span>[\/vc_column_text][vc_row_inner content_placement=&#8221;top&#8221; gap=&#8221;5&#8243;][vc_column_inner css=&#8221;.vc_custom_1644317301770{padding-bottom: 32px !important;}&#8221;]<style type=\"text\/css\" data-type=\"the7_shortcodes-inline-css\">#default-btn-6b941d8eaad0d4d63b3dfe48b102c92a.ico-right-side > i {\n  margin-right: 0px;\n  margin-left: 8px;\n}\n#default-btn-6b941d8eaad0d4d63b3dfe48b102c92a > i {\n  margin-right: 8px;\n}\n#default-btn-6b941d8eaad0d4d63b3dfe48b102c92a * {\n  vertical-align: middle;\n}\n<\/style><a href=\"\/de\/angebot-anfordern\/\" class=\"default-btn-shortcode dt-btn dt-btn-l link-hover-off button-tto-grey btn-inline-left  vc_custom_1627472216523\" id=\"default-btn-6b941d8eaad0d4d63b3dfe48b102c92a\" style=\"width:286px;\"><span>Kostenloses Angebot einholen<\/span><\/a><style type=\"text\/css\" data-type=\"the7_shortcodes-inline-css\">#default-btn-a6e9ca414170119abe27145e3874cc6a.ico-right-side > i {\n  margin-right: 0px;\n  margin-left: 8px;\n}\n#default-btn-a6e9ca414170119abe27145e3874cc6a > i {\n  margin-right: 8px;\n}\n#default-btn-a6e9ca414170119abe27145e3874cc6a * {\n  vertical-align: middle;\n}\n<\/style><a href=\"\/de\/kontaktieren-sie-uns\/\" class=\"default-btn-shortcode dt-btn dt-btn-l link-hover-off button-tto-red btn-inline-left  vc_custom_1627472232287\" id=\"default-btn-a6e9ca414170119abe27145e3874cc6a\" style=\"width:286px;\"><span>Kontakt<\/span><\/a>[\/vc_column_inner][\/vc_row_inner][\/vc_column][vc_column width=&#8221;1\/2&#8243;][\/vc_column][\/vc_row][vc_row equal_height=&#8221;yes&#8221; content_placement=&#8221;top&#8221; bg_type=&#8221;image&#8221; parallax_style=&#8221;vcpb-hz-jquery&#8221; bg_image_new=&#8221;id^1611|url^https:\/\/www.turkishtranslationoffice.com\/de\/wp-content\/uploads\/sites\/2\/2016\/02\/bg-mem.png|caption^null|alt^null|title^bg-mem|description^null&#8221; bg_override=&#8221;ex-full&#8221; type=&#8221;vc_default&#8221; margin_top=&#8221;5&#8243; margin_bottom=&#8221;10&#8243; css=&#8221;.vc_custom_1597754257594{padding-top: 30px !important;padding-bottom: 50px !important;background-color: #d44133 !important;}&#8221;][vc_column][vc_row_inner equal_height=&#8221;yes&#8221; content_placement=&#8221;top&#8221;][vc_column_inner width=&#8221;1\/2&#8243;]<style type=\"text\/css\" data-type=\"the7_shortcodes-inline-css\">.shortcode-single-image-wrap.shortcode-single-image-5bf308a012cbd7a6bc5d72a3d0c4bd4a.enable-bg-rollover .rollover i,\n.shortcode-single-image-wrap.shortcode-single-image-5bf308a012cbd7a6bc5d72a3d0c4bd4a.enable-bg-rollover .rollover-video i {\n  background: rgba(0,0,0,0.5);\n  box-shadow: none;\n  background: -webkit-linear-gradient();\n  background: linear-gradient();\n}\n.shortcode-single-image-wrap.shortcode-single-image-5bf308a012cbd7a6bc5d72a3d0c4bd4a .rollover-icon {\n  font-size: 32px;\n  color: #ffffff;\n  min-width: 44px;\n  min-height: 44px;\n  line-height: 44px;\n  border-radius: 100px;\n  border-style: solid;\n  border-width: 0px;\n}\n.dt-icon-bg-on.shortcode-single-image-wrap.shortcode-single-image-5bf308a012cbd7a6bc5d72a3d0c4bd4a .rollover-icon {\n  background: rgba(255,255,255,0.3);\n  box-shadow: none;\n}\n<\/style><div class=\"shortcode-single-image-wrap shortcode-single-image-5bf308a012cbd7a6bc5d72a3d0c4bd4a alignnone  enable-bg-rollover dt-icon-bg-off scale-img\" style=\"margin-top:0px; margin-bottom:0px; margin-left:0px; margin-right:0px; width:350px;\"><div class=\"shortcode-single-image\"><div class=\"fancy-media-wrap\" style=\"border-radius:30px;\"><a class=\"layzr-bg rollover rollover-zoom dt-pswp-item pswp-image\" href=\"https:\/\/www.turkishtranslationoffice.com\/de\/wp-content\/uploads\/sites\/4\/2022\/06\/iso17100.jpg\" title=\"iso17100\" data-dt-img-description=\"\" data-large_image_width=\"700\" data-large_image_height = \"996\"  style=\"border-radius:30px;\"><img loading=\"lazy\" decoding=\"async\" class=\"preload-me lazy-load\" src=\"data:image\/svg+xml,%3Csvg%20xmlns%3D&#39;http%3A%2F%2Fwww.w3.org%2F2000%2Fsvg&#39;%20viewBox%3D&#39;0%200%20350%20495&#39;%2F%3E\" data-src=\"https:\/\/www.turkishtranslationoffice.com\/de\/wp-content\/uploads\/sites\/4\/2022\/06\/iso17100-350x495.jpg\" data-srcset=\"https:\/\/www.turkishtranslationoffice.com\/de\/wp-content\/uploads\/sites\/4\/2022\/06\/iso17100-350x495.jpg 350w, https:\/\/www.turkishtranslationoffice.com\/de\/wp-content\/uploads\/sites\/4\/2022\/06\/iso17100-700x990.jpg 700w\" width=\"350\" height=\"495\"  data-dt-location=\"https:\/\/www.turkishtranslationoffice.com\/de\/unsere-zertifizierungen\/iso17100\/\" alt=\"\" \/><\/a><\/div><\/div><\/div>[\/vc_column_inner][vc_column_inner width=&#8221;1\/2&#8243; css=&#8221;.vc_custom_1596549880836{padding-top: 20px !important;}&#8221;]<div id=\"ultimate-heading-448569d4b02b9a8f1\" class=\"uvc-heading ult-adjust-bottom-margin ultimate-heading-448569d4b02b9a8f1 uvc-7609 \" data-hspacer=\"no_spacer\"  data-halign=\"left\" style=\"text-align:left\"><div class=\"uvc-heading-spacer no_spacer\" style=\"top\"><\/div><div class=\"uvc-main-heading ult-responsive\"  data-ultimate-target='.uvc-heading.ultimate-heading-448569d4b02b9a8f1 h2'  data-responsive-json-new='{\"font-size\":\"desktop:24px;\",\"line-height\":\"desktop:34px;\"}' ><h2 style=\"font-weight:bold;color:#ffffff;margin-bottom:25px;\">ISO 17100-Anforderungen f\u00fcr \u00dcbersetzungsdienstleistungen<\/h2><\/div><\/div>[vc_column_text css=&#8221;.vc_custom_1627472277213{padding-bottom: 30px !important;}&#8221;]<span style=\"font-weight: 400; color: #ffffff;\">ISO 17100 deckt speziell die Qualit\u00e4tsstandards ab, die f\u00fcr die Bereitstellung von \u00dcbersetzungsdienstleistungen festgelegt wurden. Sie stellt Anforderungen an die Kernprozesse, die Personalressourcen und die Projektmanagementaspekte, die f\u00fcr die Erbringung einer qualitativ hochwertigen \u00dcbersetzungsdienstleistung erforderlich sind, die die geltenden Spezifikationen erf\u00fcllt.<\/span><\/p>\n<p><span style=\"font-weight: 400; color: #ffffff;\">Als Sprachdienstleister, f\u00fcr den Kundenzufriedenheit oberste Priorit\u00e4t hat, sind wir stolz darauf, nach ISO 17100 zertifiziert zu sein. Dies beweist, wie sehr wir uns bem\u00fchen, die Erwartungen unserer Kunden und die Branchenstandards zu erf\u00fcllen.<\/span>[\/vc_column_text][\/vc_column_inner][\/vc_row_inner][\/vc_column][\/vc_row][vc_row equal_height=&#8221;yes&#8221; content_placement=&#8221;top&#8221; bg_type=&#8221;image&#8221; parallax_style=&#8221;vcpb-default&#8221; bg_image_new=&#8221;id^2302|url^https:\/\/www.turkishtranslationoffice.com\/de\/wp-content\/uploads\/sites\/2\/2020\/08\/arka-plan-siyah-beyaz.png|caption^null|alt^null|title^arka-plan-siyah-beyaz|description^null&#8221; bg_image_repeat=&#8221;no-repeat&#8221; bg_override=&#8221;ex-full&#8221; type=&#8221;vc_default&#8221; margin_top=&#8221;5&#8243; margin_bottom=&#8221;10&#8243; css=&#8221;.vc_custom_1597754338380{padding-top: 30px !important;padding-bottom: 50px !important;}&#8221;][vc_column][vc_row_inner equal_height=&#8221;yes&#8221; content_placement=&#8221;top&#8221;][vc_column_inner width=&#8221;1\/2&#8243; css=&#8221;.vc_custom_1596549880836{padding-top: 20px !important;}&#8221;]<div id=\"ultimate-heading-362369d4b02b9a90e\" class=\"uvc-heading ult-adjust-bottom-margin ultimate-heading-362369d4b02b9a90e uvc-5192 \" data-hspacer=\"no_spacer\"  data-halign=\"left\" style=\"text-align:left\"><div class=\"uvc-heading-spacer no_spacer\" style=\"top\"><\/div><div class=\"uvc-main-heading ult-responsive\"  data-ultimate-target='.uvc-heading.ultimate-heading-362369d4b02b9a90e h2'  data-responsive-json-new='{\"font-size\":\"desktop:24px;\",\"line-height\":\"desktop:34px;\"}' ><h2 style=\"font-weight:bold;margin-bottom:25px;\">Qualit\u00e4tsmanagement-System nach ISO 9001<\/h2><\/div><\/div>[vc_column_text css=&#8221;.vc_custom_1627472320459{padding-bottom: 30px !important;}&#8221;]Die ISO 9001 definiert die Anforderungen und Verfahren, die ein Unternehmen beim Aufbau seines Qualit\u00e4tsmanagementsystems anwenden muss. Es konzentriert sich auf den Qualit\u00e4tsmanagement-Aspekt eines Unternehmens, um sicherzustellen, dass es \u00fcber ein System verf\u00fcgt, das es erm\u00f6glicht, die Qualit\u00e4t der Dienstleistungen zu verbessern und die \u00dcberwachung der Qualit\u00e4tssicherungsverfahren zu erleichtern.<\/p>\n<p>Sie legt verschiedene Standards fest, um die Anforderungen an ein breites Spektrum von Themen zu erf\u00fcllen, die stark auf die Steigerung der Kundenzufriedenheit ausgerichtet sind. Es zielt darauf ab, ein effektives Qualit\u00e4tsmanagementsystem zu implementieren, das sicherstellt, dass ein Unternehmen in der Lage ist, durchg\u00e4ngig Dienstleistungen und Produkte anzubieten, die den Qualit\u00e4tsanforderungen entsprechen und die Erwartungen der Kunden erf\u00fcllen.[\/vc_column_text][\/vc_column_inner][vc_column_inner width=&#8221;1\/2&#8243;]<style type=\"text\/css\" data-type=\"the7_shortcodes-inline-css\">.shortcode-single-image-wrap.shortcode-single-image-4d0f9ca0c464be51c8177e024da3950f.enable-bg-rollover .rollover i,\n.shortcode-single-image-wrap.shortcode-single-image-4d0f9ca0c464be51c8177e024da3950f.enable-bg-rollover .rollover-video i {\n  background: rgba(0,0,0,0.5);\n  box-shadow: none;\n  background: -webkit-linear-gradient();\n  background: linear-gradient();\n}\n.shortcode-single-image-wrap.shortcode-single-image-4d0f9ca0c464be51c8177e024da3950f .rollover-icon {\n  font-size: 32px;\n  color: #ffffff;\n  min-width: 44px;\n  min-height: 44px;\n  line-height: 44px;\n  border-radius: 100px;\n  border-style: solid;\n  border-width: 0px;\n}\n.dt-icon-bg-on.shortcode-single-image-wrap.shortcode-single-image-4d0f9ca0c464be51c8177e024da3950f .rollover-icon {\n  background: rgba(255,255,255,0.3);\n  box-shadow: none;\n}\n<\/style><div class=\"shortcode-single-image-wrap shortcode-single-image-4d0f9ca0c464be51c8177e024da3950f alignnone  enable-bg-rollover dt-icon-bg-off scale-img\" style=\"margin-top:0px; margin-bottom:0px; margin-left:0px; margin-right:0px; width:350px;\"><div class=\"shortcode-single-image\"><div class=\"fancy-media-wrap\" style=\"border-radius:30px;\"><a class=\"layzr-bg rollover rollover-zoom dt-pswp-item pswp-image\" href=\"https:\/\/www.turkishtranslationoffice.com\/de\/wp-content\/uploads\/sites\/4\/2023\/04\/iso9001-1.jpg\" title=\"iso9001-1\" data-dt-img-description=\"\" data-large_image_width=\"700\" data-large_image_height = \"963\"  style=\"border-radius:30px;\"><img loading=\"lazy\" decoding=\"async\" class=\"preload-me lazy-load\" src=\"data:image\/svg+xml,%3Csvg%20xmlns%3D&#39;http%3A%2F%2Fwww.w3.org%2F2000%2Fsvg&#39;%20viewBox%3D&#39;0%200%20350%20495&#39;%2F%3E\" data-src=\"https:\/\/www.turkishtranslationoffice.com\/de\/wp-content\/uploads\/sites\/4\/2023\/04\/iso9001-1-350x495.jpg\" data-srcset=\"https:\/\/www.turkishtranslationoffice.com\/de\/wp-content\/uploads\/sites\/4\/2023\/04\/iso9001-1-350x495.jpg 350w, https:\/\/www.turkishtranslationoffice.com\/de\/wp-content\/uploads\/sites\/4\/2023\/04\/iso9001-1-680x963.jpg 680w\" width=\"350\" height=\"495\"  data-dt-location=\"https:\/\/www.turkishtranslationoffice.com\/de\/unsere-zertifizierungen\/iso9001-1\/\" alt=\"ISO 9001\" \/><\/a><\/div><\/div><\/div>[\/vc_column_inner][\/vc_row_inner][\/vc_column][\/vc_row]<\/p>\n","protected":false},"excerpt":{"rendered":"<p>[vc_row equal_height=&#8221;yes&#8221; content_placement=&#8221;top&#8221; bg_type=&#8221;image&#8221; parallax_style=&#8221;vcpb-default&#8221; bg_image_new=&#8221;id^3084|url^https:\/\/www.turkishtranslationoffice.com\/de\/wp-content\/uploads\/sites\/2\/2020\/08\/kalite-sertifikalari.jpg|caption^null|alt^null|title^kalite-sertifikalari|description^null&#8221; bg_image_repeat=&#8221;no-repeat&#8221; bg_override=&#8221;full&#8221; type=&#8221;vc_default&#8221; margin_top=&#8221;5&#8243; margin_bottom=&#8221;10&#8243; css=&#8221;.vc_custom_1629996019355{padding-top: 2% !important;padding-bottom: 2% !important;}&#8221;][vc_column width=&#8221;1\/2&#8243;][vc_column_text] Als Kernst\u00fcck jeder Phase unserer Gesch\u00e4ftsprozesse erfordert unsere Qualit\u00e4tspolitik die Sicherstellung der Kundenzufriedenheit in allen Phasen unseres Workflows, von der ersten Anfrage bis zur endg\u00fcltigen Lieferung und dar\u00fcber hinaus. Wir bieten \u00dcbersetzungs- und Lokalisierungsdienstleistungen in \u00dcbereinstimmung mit internationalen&hellip;<\/p>\n","protected":false},"author":1,"featured_media":0,"parent":0,"menu_order":10,"comment_status":"closed","ping_status":"closed","template":"","meta":{"footnotes":""},"aioseo_notices":[],"_links":{"self":[{"href":"https:\/\/www.turkishtranslationoffice.com\/de\/wp-json\/wp\/v2\/pages\/3053"}],"collection":[{"href":"https:\/\/www.turkishtranslationoffice.com\/de\/wp-json\/wp\/v2\/pages"}],"about":[{"href":"https:\/\/www.turkishtranslationoffice.com\/de\/wp-json\/wp\/v2\/types\/page"}],"author":[{"embeddable":true,"href":"https:\/\/www.turkishtranslationoffice.com\/de\/wp-json\/wp\/v2\/users\/1"}],"replies":[{"embeddable":true,"href":"https:\/\/www.turkishtranslationoffice.com\/de\/wp-json\/wp\/v2\/comments?post=3053"}],"version-history":[{"count":18,"href":"https:\/\/www.turkishtranslationoffice.com\/de\/wp-json\/wp\/v2\/pages\/3053\/revisions"}],"predecessor-version":[{"id":7028,"href":"https:\/\/www.turkishtranslationoffice.com\/de\/wp-json\/wp\/v2\/pages\/3053\/revisions\/7028"}],"wp:attachment":[{"href":"https:\/\/www.turkishtranslationoffice.com\/de\/wp-json\/wp\/v2\/media?parent=3053"}],"curies":[{"name":"wp","href":"https:\/\/api.w.org\/{rel}","templated":true}]}}