{"id":3123,"date":"2020-08-20T12:41:43","date_gmt":"2020-08-20T09:41:43","guid":{"rendered":"https:\/\/www.turkishtranslationoffice.com\/tr\/neler-yapiyoruz-copy\/"},"modified":"2025-12-23T13:05:39","modified_gmt":"2025-12-23T10:05:39","slug":"internationale-mitgliedschaften","status":"publish","type":"page","link":"https:\/\/www.turkishtranslationoffice.com\/de\/internationale-mitgliedschaften\/","title":{"rendered":"Internationale Mitgliedschaften"},"content":{"rendered":"<p>[vc_row equal_height=&#8221;yes&#8221; content_placement=&#8221;top&#8221; bg_type=&#8221;image&#8221; parallax_style=&#8221;vcpb-default&#8221; bg_image_new=&#8221;id^4033|url^https:\/\/www.turkishtranslationoffice.com\/de\/wp-content\/uploads\/sites\/2\/2020\/08\/uluslararasi-uyelikler.jpg|caption^null|alt^null|title^uluslararasi-uyelikler|description^null&#8221; bg_image_repeat=&#8221;no-repeat&#8221; bg_override=&#8221;ex-full&#8221; type=&#8221;vc_default&#8221; margin_top=&#8221;5&#8243; margin_bottom=&#8221;10&#8243; css=&#8221;.vc_custom_1629996049063{padding-top: 2% !important;padding-bottom: 2% !important;}&#8221;][vc_column width=&#8221;1\/2&#8243;]<div id=\"ultimate-heading-564769d4b044ce7cc\" class=\"uvc-heading ult-adjust-bottom-margin ultimate-heading-564769d4b044ce7cc uvc-9885 \" data-hspacer=\"no_spacer\"  data-halign=\"left\" style=\"text-align:left\"><div class=\"uvc-heading-spacer no_spacer\" style=\"top\"><\/div><div class=\"uvc-main-heading ult-responsive\"  data-ultimate-target='.uvc-heading.ultimate-heading-564769d4b044ce7cc h1'  data-responsive-json-new='{\"font-size\":\"desktop:28px;\",\"line-height\":\"desktop:34px;\"}' ><h1 style=\"font-weight:bold;color:#ffffff;margin-bottom:25px;\">Internationale Mitgliedschaften<\/h1><\/div><\/div>[vc_column_text]<\/p>\n<p style=\"text-align: left; font-size: 18px; color: #ffffff;\">Bei Turkish Translation Office verfolgen wir stets die neuesten Innovationen und Entwicklungen in der \u00dcbersetzungsbranche und integrieren sie in unsere Gesch\u00e4ftsprozesse, um unsere Servicequalit\u00e4t zu verbessern. Um unsere Dienstleistungen in \u00dcbereinstimmung mit internationalen Standards zu erbringen und die internationale Gemeinschaft zu unterst\u00fctzen, sind wir Mitglied in professionellen Organisationen, die die \u00dcbersetzungs- und Lokalisierungsbranche weltweit f\u00f6rdern.<\/p>\n<p>[\/vc_column_text][vc_row_inner equal_height=&#8221;yes&#8221; content_placement=&#8221;top&#8221;][vc_column_inner css=&#8221;.vc_custom_1644314072119{padding-bottom: 32px !important;}&#8221;]<style type=\"text\/css\" data-type=\"the7_shortcodes-inline-css\">#default-btn-f4415e90a7052abdfb157960170ce586.ico-right-side > i {\n  margin-right: 0px;\n  margin-left: 8px;\n}\n#default-btn-f4415e90a7052abdfb157960170ce586 > i {\n  margin-right: 8px;\n}\n#default-btn-f4415e90a7052abdfb157960170ce586 * {\n  vertical-align: middle;\n}\n<\/style><a href=\"\/de\/angebot-anfordern\/\" class=\"default-btn-shortcode dt-btn dt-btn-l link-hover-off button-tto-grey btn-inline-left  vc_custom_1627472752681\" id=\"default-btn-f4415e90a7052abdfb157960170ce586\" style=\"width:286px;\"><span>Kostenloses Angebot einholen<\/span><\/a><style type=\"text\/css\" data-type=\"the7_shortcodes-inline-css\">#default-btn-6eee07377c2488c4d8a44258ee763dd8.ico-right-side > i {\n  margin-right: 0px;\n  margin-left: 8px;\n}\n#default-btn-6eee07377c2488c4d8a44258ee763dd8 > i {\n  margin-right: 8px;\n}\n#default-btn-6eee07377c2488c4d8a44258ee763dd8 * {\n  vertical-align: middle;\n}\n<\/style><a href=\"\/de\/kontaktieren-sie-uns\/\" class=\"default-btn-shortcode dt-btn dt-btn-l link-hover-off button-tto-red btn-inline-left  vc_custom_1627472769441\" id=\"default-btn-6eee07377c2488c4d8a44258ee763dd8\" style=\"width:286px;\"><span>Kontakt<\/span><\/a>[\/vc_column_inner][\/vc_row_inner][\/vc_column][vc_column width=&#8221;1\/2&#8243;][\/vc_column][\/vc_row][vc_row equal_height=&#8221;yes&#8221; content_placement=&#8221;top&#8221; bg_type=&#8221;image&#8221; parallax_style=&#8221;vcpb-hz-jquery&#8221; bg_image_new=&#8221;id^1611|url^https:\/\/www.turkishtranslationoffice.com\/de\/wp-content\/uploads\/sites\/2\/2016\/02\/bg-mem.png|caption^null|alt^null|title^bg-mem|description^null&#8221; bg_override=&#8221;ex-full&#8221; type=&#8221;vc_default&#8221; margin_top=&#8221;5&#8243; margin_bottom=&#8221;10&#8243; css=&#8221;.vc_custom_1597922001391{padding-top: 20px !important;padding-bottom: 50px !important;background-color: #f4f4f4 !important;}&#8221;][vc_column]<div id=\"ultimate-heading-857269d4b044cea64\" class=\"uvc-heading ult-adjust-bottom-margin ultimate-heading-857269d4b044cea64 uvc-6140 \" data-hspacer=\"no_spacer\"  data-halign=\"center\" style=\"text-align:center\"><div class=\"uvc-heading-spacer no_spacer\" style=\"top\"><\/div><div class=\"uvc-main-heading ult-responsive\"  data-ultimate-target='.uvc-heading.ultimate-heading-857269d4b044cea64 h2'  data-responsive-json-new='{\"font-size\":\"desktop:44px;\",\"line-height\":\"desktop:34px;\"}' ><h2 style=\"font-weight:bold;margin-bottom:25px;\">Unsere internationalen Mitgliedschaften<\/h2><\/div><\/div>[vc_separator color=&#8221;custom&#8221; border_width=&#8221;2&#8243; el_width=&#8221;10&#8243; accent_color=&#8221;#d44133&#8243;][vc_column_text]<\/p>\n<p style=\"text-align: center;\">TTO ist Mitglied in einigen der bekanntesten professionellen Organisationen in der Sprachindustrie. Wir nehmen regelm\u00e4\u00dfig an internationalen Veranstaltungen dieser Organisationen teil und halten uns \u00fcber die neuesten Industrietrends auf dem Laufenden, um unsere Kunden besser bedienen zu k\u00f6nnen.<\/p>\n<p>[\/vc_column_text][vc_row_inner][vc_column_inner width=&#8221;1\/4&#8243;]<section class=\"shortcode-teaser\"><div class=\"layzr-bg shortcode-teaser-img\"><img loading=\"lazy\" decoding=\"async\" class=\"lazy-load\" src=\"data:image\/svg+xml;charset=utf-8,%3Csvg xmlns%3D&#039;http%3A%2F%2Fwww.w3.org%2F2000%2Fsvg&#039; viewBox%3D&#039;0 0 150 83&#039;%2F%3E\" width=\"150\" height=\"83\" data-srcset=\"https:\/\/www.turkishtranslationoffice.com\/de\/wp-content\/uploads\/sites\/4\/2020\/08\/gala.png 150w\" data-src=\"https:\/\/www.turkishtranslationoffice.com\/de\/wp-content\/uploads\/sites\/4\/2020\/08\/gala.png\" \/><\/div><div class=\"shortcode-teaser-content text-normal\"><p>Ziel der GALA ist es, die Zusammenarbeit und Verbindung zwischen Fachleuten in der Globalisierungs- und Lokalisierungsbranche zu erm\u00f6glichen. Durch die von ihr bereitgestellten Ressourcen, Programme und Veranstaltungen bietet GALA Unterst\u00fctzung f\u00fcr Lokalisierungsexperten, damit diese ihr Fachwissen \u00fcber die neuesten Trends, Best Practices und Technologien erweitern k\u00f6nnen.<\/p>\n<p><a href=\"https:\/\/www.gala-global.org\/\" target=\"_blank\" rel=\"noopener noreferrer\"><strong>www.gala-global.org<\/strong><\/a><\/p>\n<\/div><\/section>[\/vc_column_inner][vc_column_inner width=&#8221;1\/4&#8243;]<section class=\"shortcode-teaser\"><div class=\"layzr-bg shortcode-teaser-img\"><img loading=\"lazy\" decoding=\"async\" class=\"lazy-load\" src=\"data:image\/svg+xml;charset=utf-8,%3Csvg xmlns%3D&#039;http%3A%2F%2Fwww.w3.org%2F2000%2Fsvg&#039; viewBox%3D&#039;0 0 150 83&#039;%2F%3E\" width=\"150\" height=\"83\" data-srcset=\"https:\/\/www.turkishtranslationoffice.com\/de\/wp-content\/uploads\/sites\/4\/2020\/08\/taus.png 150w\" data-src=\"https:\/\/www.turkishtranslationoffice.com\/de\/wp-content\/uploads\/sites\/4\/2020\/08\/taus.png\" \/><\/div><div class=\"shortcode-teaser-content text-normal\"><p>TAUS ist eine unabh\u00e4ngige Organisation, die als Ressourcenzentrum f\u00fcr die Sprach- und \u00dcbersetzungsindustrie weltweit fungiert. TAUS ist nicht nur ein Sprachdatenspeicher, sondern bietet auch Know-how f\u00fcr Language Engineering, Automatisierung und Innovation in der \u00dcbersetzungsbranche.<\/p>\n<p><a href=\"https:\/\/www.taus.net\/\" target=\"_blank\" rel=\"noopener noreferrer\"><strong>www.taus.net<\/strong><\/a><\/p>\n<\/div><\/section>[\/vc_column_inner][vc_column_inner el_class=&#8221;atamembership&#8221; width=&#8221;1\/4&#8243;]<section class=\"shortcode-teaser\"><div class=\"layzr-bg shortcode-teaser-img\"><img loading=\"lazy\" decoding=\"async\" class=\"lazy-load\" src=\"data:image\/svg+xml;charset=utf-8,%3Csvg xmlns%3D&#039;http%3A%2F%2Fwww.w3.org%2F2000%2Fsvg&#039; viewBox%3D&#039;0 0 150 83&#039;%2F%3E\" width=\"150\" height=\"83\" data-srcset=\"https:\/\/www.turkishtranslationoffice.com\/de\/wp-content\/uploads\/sites\/4\/2020\/08\/ata.png 150w\" data-src=\"https:\/\/www.turkishtranslationoffice.com\/de\/wp-content\/uploads\/sites\/4\/2020\/08\/ata.png\" \/><\/div><div class=\"shortcode-teaser-content text-normal\"><p>Die American Translators Association (ATA) hat sich zum Ziel gesetzt, die berufliche Entwicklung ihrer Mitglieder, die aus Sprachdienstleistern bestehen, zu f\u00f6rdern. Sie legt Kompetenz- und Ethikstandards f\u00fcr die Branche fest und bietet ihren Mitgliedern Ressourcen und Programme, um sie bei ihrer beruflichen Entwicklung zu unterst\u00fctzen.<\/p>\n<p><a href=\"https:\/\/www.atanet.org\/\" target=\"_blank\" rel=\"noopener noreferrer\"><strong>www.atanet.org<\/strong><\/a><\/p>\n<\/div><\/section>[\/vc_column_inner][vc_column_inner width=&#8221;1\/4&#8243;]<section class=\"shortcode-teaser\"><div class=\"layzr-bg shortcode-teaser-img\"><img loading=\"lazy\" decoding=\"async\" class=\"lazy-load\" src=\"data:image\/svg+xml;charset=utf-8,%3Csvg xmlns%3D&#039;http%3A%2F%2Fwww.w3.org%2F2000%2Fsvg&#039; viewBox%3D&#039;0 0 150 83&#039;%2F%3E\" width=\"150\" height=\"83\" data-srcset=\"https:\/\/www.turkishtranslationoffice.com\/de\/wp-content\/uploads\/sites\/4\/2020\/08\/elia.png 150w\" data-src=\"https:\/\/www.turkishtranslationoffice.com\/de\/wp-content\/uploads\/sites\/4\/2020\/08\/elia.png\" \/><\/div><div class=\"shortcode-teaser-content text-normal\"><p>Die European Language Industry Association (ELIA) ist ein gemeinn\u00fctziger Wirtschaftsverband, der sich zum Ziel gesetzt hat, Sprachdienstleistern zu helfen, die Qualit\u00e4t ihrer Sprachdienstleistungen zu steigern. Er h\u00e4lt regelm\u00e4\u00dfig Veranstaltungen ab, die Sprachdienstleister zusammenbringen und ihnen ein Umfeld bieten, in dem die Mitglieder Kontakte kn\u00fcpfen und Ideen austauschen k\u00f6nnen.<\/p>\n<p><a href=\"http:\/\/elia-association.org\/\" target=\"_blank\" rel=\"noopener noreferrer\"><strong>www.elia-association.org<\/strong><\/a><\/p>\n<\/div><\/section>[\/vc_column_inner][\/vc_row_inner][\/vc_column][\/vc_row]<\/p>\n","protected":false},"excerpt":{"rendered":"<p>[vc_row equal_height=&#8221;yes&#8221; content_placement=&#8221;top&#8221; bg_type=&#8221;image&#8221; parallax_style=&#8221;vcpb-default&#8221; bg_image_new=&#8221;id^4033|url^https:\/\/www.turkishtranslationoffice.com\/de\/wp-content\/uploads\/sites\/2\/2020\/08\/uluslararasi-uyelikler.jpg|caption^null|alt^null|title^uluslararasi-uyelikler|description^null&#8221; bg_image_repeat=&#8221;no-repeat&#8221; bg_override=&#8221;ex-full&#8221; type=&#8221;vc_default&#8221; margin_top=&#8221;5&#8243; margin_bottom=&#8221;10&#8243; css=&#8221;.vc_custom_1629996049063{padding-top: 2% !important;padding-bottom: 2% !important;}&#8221;][vc_column width=&#8221;1\/2&#8243;][vc_column_text] Bei Turkish Translation Office verfolgen wir stets die neuesten Innovationen und Entwicklungen in der \u00dcbersetzungsbranche und integrieren sie in unsere Gesch\u00e4ftsprozesse, um unsere Servicequalit\u00e4t zu verbessern. Um unsere Dienstleistungen in \u00dcbereinstimmung mit internationalen Standards zu erbringen und die&hellip;<\/p>\n","protected":false},"author":1,"featured_media":0,"parent":0,"menu_order":10,"comment_status":"closed","ping_status":"closed","template":"","meta":{"footnotes":""},"aioseo_notices":[],"_links":{"self":[{"href":"https:\/\/www.turkishtranslationoffice.com\/de\/wp-json\/wp\/v2\/pages\/3123"}],"collection":[{"href":"https:\/\/www.turkishtranslationoffice.com\/de\/wp-json\/wp\/v2\/pages"}],"about":[{"href":"https:\/\/www.turkishtranslationoffice.com\/de\/wp-json\/wp\/v2\/types\/page"}],"author":[{"embeddable":true,"href":"https:\/\/www.turkishtranslationoffice.com\/de\/wp-json\/wp\/v2\/users\/1"}],"replies":[{"embeddable":true,"href":"https:\/\/www.turkishtranslationoffice.com\/de\/wp-json\/wp\/v2\/comments?post=3123"}],"version-history":[{"count":11,"href":"https:\/\/www.turkishtranslationoffice.com\/de\/wp-json\/wp\/v2\/pages\/3123\/revisions"}],"predecessor-version":[{"id":7043,"href":"https:\/\/www.turkishtranslationoffice.com\/de\/wp-json\/wp\/v2\/pages\/3123\/revisions\/7043"}],"wp:attachment":[{"href":"https:\/\/www.turkishtranslationoffice.com\/de\/wp-json\/wp\/v2\/media?parent=3123"}],"curies":[{"name":"wp","href":"https:\/\/api.w.org\/{rel}","templated":true}]}}