{"id":3317,"date":"2020-08-22T11:40:03","date_gmt":"2020-08-22T08:40:03","guid":{"rendered":"https:\/\/www.turkishtranslationoffice.com\/tr\/enerji-tercumesi-copy\/"},"modified":"2022-06-06T14:36:21","modified_gmt":"2022-06-06T11:36:21","slug":"kontaktieren-sie-uns","status":"publish","type":"page","link":"https:\/\/www.turkishtranslationoffice.com\/de\/kontaktieren-sie-uns\/","title":{"rendered":"Kontakt"},"content":{"rendered":"<p>[vc_row equal_height=&#8221;yes&#8221; content_placement=&#8221;top&#8221; bg_type=&#8221;image&#8221; parallax_style=&#8221;vcpb-default&#8221; bg_image_new=&#8221;id^3337|url^https:\/\/www.turkishtranslationoffice.com\/de\/wp-content\/uploads\/sites\/2\/2020\/08\/iletisim.jpg|caption^null|alt^null|title^iletisim|description^null&#8221; bg_override=&#8221;ex-full&#8221; type=&#8221;vc_default&#8221; margin_top=&#8221;5&#8243; margin_bottom=&#8221;10&#8243; css=&#8221;.vc_custom_1598087591821{padding-top: 150px !important;padding-bottom: 150px !important;}&#8221;][vc_column][\/vc_column][\/vc_row][vc_row equal_height=&#8221;yes&#8221; content_placement=&#8221;top&#8221; type=&#8221;vc_default&#8221; margin_top=&#8221;5&#8243; margin_bottom=&#8221;10&#8243; css=&#8221;.vc_custom_1629998924632{padding-top: 2% !important;padding-bottom: 2% !important;}&#8221;][vc_column width=&#8221;1\/4&#8243;][vc_column_text]<\/p>\n<p style=\"font-weight: 300; font-size: 18px!important; color: #d44133;\"><strong>Europab\u00fcro<\/strong><\/p>\n<p style=\"font-weight: 300; font-size: 16px!important; color: #818181;\"><strong>Adresse<\/strong><br \/>\nEDU Group GmbH Bornheimer Stra\u00dfe 127, 53119 Bonn \u2013 DEUTSCHLAND<br \/>\n<strong>Arbeitszeiten<\/strong><br \/>\nMontag &#8211; Freitag: 09:00 &#8211; 18:00 (GMT+3)<br \/>\n<strong>Telefon<\/strong><br \/>\n<a style=\"font-weight: 300; font-size: 16px!important; color: #818181;\" href=\"tel:+49022830401078\">+49 (0)228 3040 1078<\/a><br \/>\n<strong>E-Mail<\/strong><br \/>\n<a href=\"mailto:germany@turkishtranslationoffice.com\">germany@turkishtranslationoffice.com<\/a><\/p>\n<p>[\/vc_column_text][vc_gmaps link=&#8221;#E-8_JTNDaWZyYW1lJTIwc3JjJTNEJTIyaHR0cHMlM0ElMkYlMkZ3d3cuZ29vZ2xlLmNvbSUyRm1hcHMlMkZlbWJlZCUzRnBiJTNEJTIxMW0xOCUyMTFtMTIlMjExbTMlMjExZDI1MjUuMDA5NDYyMjk2ODUwNCUyMTJkNy4wNzcxMDEzMTU3MTQ3ODc1JTIxM2Q1MC43MzgzMTMzNzQ0NjIwNyUyMTJtMyUyMTFmMCUyMTJmMCUyMTNmMCUyMTNtMiUyMTFpMTAyNCUyMTJpNzY4JTIxNGYxMy4xJTIxM20zJTIxMW0yJTIxMXMweDQ3YmVlMWJmNzJhNWIxZDclMjUzQTB4MTUzYTc4MTVhYTVhYTQwOSUyMTJzQm9ybmhlaW1lciUyQlN0ci4lMkIxMjclMjUyQyUyQjUzMTE5JTJCQm9ubiUyNTJDJTJCQWxtYW55YSUyMTVlMCUyMTNtMiUyMTFzdHIlMjEyc3RyJTIxNHYxNTYxMTAzNjQ5NTQ3JTIxNW0yJTIxMXN0ciUyMTJzdHIlMjIlMjB3aWR0aCUzRCUyMjMwMCUyMiUyMGhlaWdodCUzRCUyMjMwMCUyMiUyMGZyYW1lYm9yZGVyJTNEJTIyMCUyMiUyMHN0eWxlJTNEJTIyYm9yZGVyJTNBMCUyMiUyMGFsbG93ZnVsbHNjcmVlbiUzRSUzQyUyRmlmcmFtZSUzRQ==&#8221; css=&#8221;.vc_custom_1644314231928{padding-top: 16px !important;padding-bottom: 10px !important;}&#8221;][\/vc_column][vc_column width=&#8221;1\/2&#8243; css=&#8221;.vc_custom_1644314256655{padding-bottom: 32px !important;}&#8221;][vc_column_text css=&#8221;.vc_custom_1644314250295{padding-bottom: 20px !important;}&#8221;]<\/p>\n<h3 style=\"font-size: 22px; color: #d44133;\">Kontakt-Formular<\/h3>\n<p>[\/vc_column_text]\n<div class=\"wpcf7 no-js\" id=\"wpcf7-f16-o1\" lang=\"tr-TR\" dir=\"ltr\">\n<div class=\"screen-reader-response\"><p role=\"status\" aria-live=\"polite\" aria-atomic=\"true\"><\/p> <ul><\/ul><\/div>\n<form action=\"\/de\/wp-json\/wp\/v2\/pages\/3317#wpcf7-f16-o1\" method=\"post\" class=\"wpcf7-form init\" aria-label=\"Contact form\" enctype=\"multipart\/form-data\" novalidate=\"novalidate\" data-status=\"init\">\n<div style=\"display: none;\">\n<input type=\"hidden\" name=\"_wpcf7\" value=\"16\" \/>\n<input type=\"hidden\" name=\"_wpcf7_version\" value=\"5.7.7\" \/>\n<input type=\"hidden\" name=\"_wpcf7_locale\" value=\"tr_TR\" \/>\n<input type=\"hidden\" name=\"_wpcf7_unit_tag\" value=\"wpcf7-f16-o1\" \/>\n<input type=\"hidden\" name=\"_wpcf7_container_post\" value=\"0\" \/>\n<input type=\"hidden\" name=\"_wpcf7_posted_data_hash\" value=\"\" \/>\n<input type=\"hidden\" name=\"_wpcf7cf_hidden_group_fields\" value=\"[]\" \/>\n<input type=\"hidden\" name=\"_wpcf7cf_hidden_groups\" value=\"[]\" \/>\n<input type=\"hidden\" name=\"_wpcf7cf_visible_groups\" value=\"[]\" \/>\n<input type=\"hidden\" name=\"_wpcf7cf_repeaters\" value=\"[]\" \/>\n<input type=\"hidden\" name=\"_wpcf7cf_steps\" value=\"{}\" \/>\n<input type=\"hidden\" name=\"_wpcf7cf_options\" value=\"{&quot;form_id&quot;:16,&quot;conditions&quot;:[],&quot;settings&quot;:{&quot;animation&quot;:&quot;yes&quot;,&quot;animation_intime&quot;:200,&quot;animation_outtime&quot;:200,&quot;conditions_ui&quot;:&quot;normal&quot;,&quot;notice_dismissed&quot;:false}}\" \/>\n<input type=\"hidden\" name=\"_wpcf7_recaptcha_response\" value=\"\" \/>\n<\/div>\n<p><label> Name & Nachname<br \/>\n<span class=\"wpcf7-form-control-wrap\" data-name=\"your-name\"><input size=\"40\" class=\"wpcf7-form-control wpcf7-text wpcf7-validates-as-required\" aria-required=\"true\" aria-invalid=\"false\" value=\"\" type=\"text\" name=\"your-name\" \/><\/span> <\/label>\n<\/p>\n<p><label>E-Mail<br \/>\n<span class=\"wpcf7-form-control-wrap\" data-name=\"your-email\"><input size=\"40\" class=\"wpcf7-form-control wpcf7-text wpcf7-email wpcf7-validates-as-required wpcf7-validates-as-email\" aria-required=\"true\" aria-invalid=\"false\" value=\"\" type=\"email\" name=\"your-email\" \/><\/span> <\/label>\n<\/p>\n<p><label>Rufnummer<br \/>\n<span class=\"wpcf7-form-control-wrap\" data-name=\"your-phone\"><input size=\"40\" class=\"wpcf7-form-control wpcf7-text\" aria-invalid=\"false\" value=\"\" type=\"text\" name=\"your-phone\" \/><\/span><\/label>\n<\/p>\n<p><label>Ihre Nachricht<br \/>\n<span class=\"wpcf7-form-control-wrap\" data-name=\"your-message\"><textarea cols=\"40\" rows=\"10\" class=\"wpcf7-form-control wpcf7-textarea\" aria-invalid=\"false\" name=\"your-message\"><\/textarea><\/span> <\/label>\n<\/p>\n<div style=\"background-color: #ededed; padding: 13px; margin-top: 15px;\">\n\t<div width=\"100%\"; style=\"text-align: left; vertical-align: top; margin: 0px 0px 0px 0px!important; padding: 0px 0px 0px 0px!important; font-style: italic; font-size:13px; line-height:16px;\">\n\t\t<p><label><strong>Hinweise:<\/strong><\/label>\n\t\t<\/p>\n\t<\/div>\n\t<div width=\"100%\"; style=\"text-align: left; vertical-align: top; margin: 0px 0px 0px 0px!important; padding: 2px 0px 0px 0px!important; font-style: italic; font-size:13px; line-height:16px;\">\n\t\t<p>+ Akzeptierte Dateiformate f\u00fcr Uploads: PDF, DOC, DOCX, XLS, XLSX, RTF, PPT, PPTX, PPS, PNG, GIF, JPG, JPEG, ZIP, MP3, MID, AVI, WAW, RAR or TXT.\n\t\t<\/p>\n\t<\/div>\n\t<div width=\"100%\"; style=\"text-align: left; vertical-align: top; margin: 0px 0px 0px 0px!important; padding: 2px 0px 0px 0px!important; font-style: italic; font-size:13px; line-height:16px;\">\n\t\t<p>+ Die Dateigr\u00f6\u00dfe darf 20 MB nicht \u00fcberschreiten.\n\t\t<\/p>\n\t<\/div>\n\t<div width=\"100%\"; style=\"text-align: left; vertical-align: top; margin: 0px 0px 0px 0px!important; padding: 2px 0px 0px 0px!important; font-style: italic; font-size:13px; line-height:16px;\">\n\t\t<p>+ F\u00fcr Dateien in anderen Formaten oder f\u00fcr gr\u00f6\u00dfere Dateigr\u00f6\u00dfen kontaktieren Sie uns bitte per E-Mail unter <a href=\"mailto:info@turkishtranslationoffice.com\">info@turkishtranslationoffice.com<\/a>.\n\t\t<\/p>\n\t<\/div>\n<\/div>\n<div style=\"display:flex; background-color: #ededed; padding: 10px; margin-top: 15px;\">\n\t<div style=\"align-items: flex-start; zoom:1.2\">\n\t\t<p><span class=\"wpcf7-form-control-wrap\" data-name=\"acceptance-898\"><span class=\"wpcf7-form-control wpcf7-acceptance\"><span class=\"wpcf7-list-item\"><input type=\"checkbox\" name=\"acceptance-898\" value=\"1\" aria-invalid=\"false\" \/><\/span><\/span><\/span>\n\t\t<\/p>\n\t<\/div>\n\t<div style=\"align-items: flex-end; padding-left:5px;\">\n\t\t<p>Ich habe den <a class=\"popmake-aydinlatmametni\"><strong>Hinweistext<\/strong><\/a> im Rahmen des Gesetzes zum Schutz personenbezogener Daten gelesen und verstanden.\n\t\t<\/p>\n\t<\/div>\n<\/div>\n<div style=\"display: flex; justify-content:space-between; margin-right:-20px;\">\n\t<div>\n\t\t<div id=\"mfcf7_zl_multifilecontainer\"><span class=\"mfcf7-zl-multiline-sample\" style=\"display:none\"><p class=\"wpcf7-form-control-wrap multilinefile-905\"><input size=\"40\" class=\"wpcf7-form-control wpcf7-multilinefile\" multiple=\"multiple\" value=\"Datei hochladen\" aria-invalid=\"false\" type=\"file\" name=\"multilinefile-905[]\" \/> <span class=\"mfcf7-zl-multifile-name\"><\/span><a href=\"javascript:void(0);\" class=\"mfcf7_zl_delete_file\"><span class=\"delete-file\" aria-hidden=\"true\">&#x274C;<\/span><\/a><\/p><\/span><\/div><span class=\"wpcf7-form-control-wrap zl-form-control-wrap multilinefile-905\"><input size=\"40\" class=\"wpcf7-form-control wpcf7-multilinefile\" multiple=\"multiple\" value=\"Datei hochladen\" aria-invalid=\"false\" type=\"file\" name=\"multilinefile-905[]\" \/> <span class=\"mfcf7-zl-multifile-name\"><\/span><a href=\"javascript:void(0);\" class=\"mfcf7_zl_delete_file\"><span class=\"delete-file\" aria-hidden=\"true\">&#x274C;<\/span><\/a><\/span><p><label><span class=\"wpcf7-form-control-wrap\" data-name=\"multilinefile-905-zl-mfcf7-upld-btn\"><input type=\"button\" name=\"multilinefile-905-zl-mfcf7-upld-btn\" class=\"button button-primary qbutton\" id=\"mfcf7_zl_add_file\" value=\"Datei hochladen\"><\/span><\/label><\/p>\n\t\t<\/p>\n\t<\/div>\n\t<div style=\"align-self:flex-end;\">\n\t\t<p><input class=\"wpcf7-form-control has-spinner wpcf7-submit\" id=\"eniletisimgonder\" type=\"submit\" value=\"Senden\" \/>\n\t\t<\/p>\n\t<\/div>\n<\/div><input type='hidden' class='wpcf7-pum' value='{\"closepopup\":false,\"closedelay\":0,\"openpopup\":false,\"openpopup_id\":0}' \/><div class=\"wpcf7-response-output\" aria-hidden=\"true\"><\/div>\n<\/form>\n<\/div>\n[\/vc_column][vc_column width=&#8221;1\/4&#8243;][vc_column_text]<\/p>\n<p style=\"font-weight: 300; font-size: 18px!important; color: #d44133;\"><strong>B\u00fcro T\u00fcrkiye<\/strong><\/p>\n<p style=\"font-weight: 300; font-size: 16px!important; color: #818181;\"><strong>Adresse<\/strong><br \/>\nKore \u015eehitleri Caddesi Mithat \u00dcnl\u00fc Sokak Plaza 21 No: 17 D: 2 34394 Zincirlikuyu \/ \u0130stanbul \u2013 T\u00dcRK\u0130YE<br \/>\n<strong>Arbeitszeiten<\/strong><br \/>\nMontag &#8211; Freitag: 09:00 &#8211; 18:00 (GMT+3)<br \/>\n<strong>Telefon<\/strong><br \/>\n<a style=\"font-weight: 300; font-size: 16px!important; color: #818181;\" href=\"tel:+902122809025\">+90 (212) 280 90 25<\/a><br \/>\n<strong>Mobiltelefon<\/strong><br \/>\n<a style=\"font-weight: 300; font-size: 16px!important; color: #818181;\" href=\"tel:+905322809333\">+90 532 280 93 33<\/a><br \/>\n<strong>E-Mail<\/strong><br \/>\n<a href=\"mailto:info@turkishtranslationoffice.com\">info@turkishtranslationoffice.com<\/a><\/p>\n<p>[\/vc_column_text][vc_gmaps link=&#8221;#E-8_JTNDaWZyYW1lJTIwc3JjJTNEJTIyaHR0cHMlM0ElMkYlMkZ3d3cuZ29vZ2xlLmNvbSUyRm1hcHMlMkZlbWJlZCUzRnBiJTNEJTIxMW0xOCUyMTFtMTIlMjExbTMlMjExZDMwMDcuODkzMDIwODk0MTE3NCUyMTJkMjkuMDA4NjYyMzE0OTU0Njg0JTIxM2Q0MS4wNzEzMzEwMjM0OTIwNCUyMTJtMyUyMTFmMCUyMTJmMCUyMTNmMCUyMTNtMiUyMTFpMTAyNCUyMTJpNzY4JTIxNGYxMy4xJTIxM20zJTIxMW0yJTIxMXMweDE0Y2FiNjQ0ZDc4ZDg5NzklMjUzQTB4M2JlNjVmZjEzNTk2Yjk5NSUyMTJzVHVya2lzaCUyNTIwVHJhbnNsYXRpb24lMjUyME9mZmljZSUyMTVlMCUyMTNtMiUyMTFzdHIlMjEyc3RyJTIxNHYxNTk4MDg3NzExODA1JTIxNW0yJTIxMXN0ciUyMTJzdHIlMjIlMjB3aWR0aCUzRCUyMjMwMCUyMiUyMGhlaWdodCUzRCUyMjMwMCUyMiUyMGZyYW1lYm9yZGVyJTNEJTIyMCUyMiUyMHN0eWxlJTNEJTIyYm9yZGVyJTNBMCUzQiUyMiUyMGFsbG93ZnVsbHNjcmVlbiUzRCUyMiUyMiUyMGFyaWEtaGlkZGVuJTNEJTIyZmFsc2UlMjIlMjB0YWJpbmRleCUzRCUyMjAlMjIlM0UlM0MlMkZpZnJhbWUlM0U=&#8221; css=&#8221;.vc_custom_1644314242059{padding-top: 16px !important;}&#8221;][\/vc_column][\/vc_row]<\/p>\n","protected":false},"excerpt":{"rendered":"<p>[vc_row equal_height=&#8221;yes&#8221; content_placement=&#8221;top&#8221; bg_type=&#8221;image&#8221; parallax_style=&#8221;vcpb-default&#8221; bg_image_new=&#8221;id^3337|url^https:\/\/www.turkishtranslationoffice.com\/de\/wp-content\/uploads\/sites\/2\/2020\/08\/iletisim.jpg|caption^null|alt^null|title^iletisim|description^null&#8221; bg_override=&#8221;ex-full&#8221; type=&#8221;vc_default&#8221; margin_top=&#8221;5&#8243; margin_bottom=&#8221;10&#8243; css=&#8221;.vc_custom_1598087591821{padding-top: 150px !important;padding-bottom: 150px !important;}&#8221;][vc_column][\/vc_column][\/vc_row][vc_row equal_height=&#8221;yes&#8221; content_placement=&#8221;top&#8221; type=&#8221;vc_default&#8221; margin_top=&#8221;5&#8243; margin_bottom=&#8221;10&#8243; css=&#8221;.vc_custom_1629998924632{padding-top: 2% !important;padding-bottom: 2% !important;}&#8221;][vc_column width=&#8221;1\/4&#8243;][vc_column_text] Europab\u00fcro Adresse EDU Group GmbH Bornheimer Stra\u00dfe 127, 53119 Bonn \u2013 DEUTSCHLAND Arbeitszeiten Montag &#8211; Freitag: 09:00 &#8211; 18:00 (GMT+3) Telefon +49 (0)228 3040 1078 E-Mail germany@turkishtranslationoffice.com [\/vc_column_text][vc_gmaps link=&#8221;#E-8_JTNDaWZyYW1lJTIwc3JjJTNEJTIyaHR0cHMlM0ElMkYlMkZ3d3cuZ29vZ2xlLmNvbSUyRm1hcHMlMkZlbWJlZCUzRnBiJTNEJTIxMW0xOCUyMTFtMTIlMjExbTMlMjExZDI1MjUuMDA5NDYyMjk2ODUwNCUyMTJkNy4wNzcxMDEzMTU3MTQ3ODc1JTIxM2Q1MC43MzgzMTMzNzQ0NjIwNyUyMTJtMyUyMTFmMCUyMTJmMCUyMTNmMCUyMTNtMiUyMTFpMTAyNCUyMTJpNzY4JTIxNGYxMy4xJTIxM20zJTIxMW0yJTIxMXMweDQ3YmVlMWJmNzJhNWIxZDclMjUzQTB4MTUzYTc4MTVhYTVhYTQwOSUyMTJzQm9ybmhlaW1lciUyQlN0ci4lMkIxMjclMjUyQyUyQjUzMTE5JTJCQm9ubiUyNTJDJTJCQWxtYW55YSUyMTVlMCUyMTNtMiUyMTFzdHIlMjEyc3RyJTIxNHYxNTYxMTAzNjQ5NTQ3JTIxNW0yJTIxMXN0ciUyMTJzdHIlMjIlMjB3aWR0aCUzRCUyMjMwMCUyMiUyMGhlaWdodCUzRCUyMjMwMCUyMiUyMGZyYW1lYm9yZGVyJTNEJTIyMCUyMiUyMHN0eWxlJTNEJTIyYm9yZGVyJTNBMCUyMiUyMGFsbG93ZnVsbHNjcmVlbiUzRSUzQyUyRmlmcmFtZSUzRQ==&#8221;&hellip;<\/p>\n","protected":false},"author":1,"featured_media":0,"parent":0,"menu_order":10,"comment_status":"closed","ping_status":"closed","template":"","meta":{"footnotes":""},"aioseo_notices":[],"_links":{"self":[{"href":"https:\/\/www.turkishtranslationoffice.com\/de\/wp-json\/wp\/v2\/pages\/3317"}],"collection":[{"href":"https:\/\/www.turkishtranslationoffice.com\/de\/wp-json\/wp\/v2\/pages"}],"about":[{"href":"https:\/\/www.turkishtranslationoffice.com\/de\/wp-json\/wp\/v2\/types\/page"}],"author":[{"embeddable":true,"href":"https:\/\/www.turkishtranslationoffice.com\/de\/wp-json\/wp\/v2\/users\/1"}],"replies":[{"embeddable":true,"href":"https:\/\/www.turkishtranslationoffice.com\/de\/wp-json\/wp\/v2\/comments?post=3317"}],"version-history":[{"count":14,"href":"https:\/\/www.turkishtranslationoffice.com\/de\/wp-json\/wp\/v2\/pages\/3317\/revisions"}],"predecessor-version":[{"id":6967,"href":"https:\/\/www.turkishtranslationoffice.com\/de\/wp-json\/wp\/v2\/pages\/3317\/revisions\/6967"}],"wp:attachment":[{"href":"https:\/\/www.turkishtranslationoffice.com\/de\/wp-json\/wp\/v2\/media?parent=3317"}],"curies":[{"name":"wp","href":"https:\/\/api.w.org\/{rel}","templated":true}]}}