{"id":4269,"date":"2020-09-04T17:20:24","date_gmt":"2020-09-04T14:20:24","guid":{"rendered":"https:\/\/www.turkishtranslationoffice.com\/tr\/yazili-tercume-hizmetleri-copy\/"},"modified":"2022-06-06T14:43:33","modified_gmt":"2022-06-06T11:43:33","slug":"uebersetzung-arabisch","status":"publish","type":"page","link":"https:\/\/www.turkishtranslationoffice.com\/de\/uebersetzung-arabisch\/","title":{"rendered":"Arabisch"},"content":{"rendered":"<p>[vc_row equal_height=&#8221;yes&#8221; content_placement=&#8221;top&#8221; bg_type=&#8221;image&#8221; parallax_style=&#8221;vcpb-default&#8221; bg_image_new=&#8221;id^4506|url^https:\/\/www.turkishtranslationoffice.com\/de\/wp-content\/uploads\/sites\/2\/2020\/09\/diller.jpg|caption^null|alt^null|title^diller|description^null&#8221; bg_image_repeat=&#8221;no-repeat&#8221; bg_override=&#8221;ex-full&#8221; type=&#8221;vc_default&#8221; margin_top=&#8221;5&#8243; margin_bottom=&#8221;10&#8243; css=&#8221;.vc_custom_1629995408139{padding-top: 2% !important;padding-bottom: 2% !important;}&#8221;][vc_column width=&#8221;1\/2&#8243;]<div id=\"ultimate-heading-180369d4b03c03b5c\" class=\"uvc-heading ult-adjust-bottom-margin ultimate-heading-180369d4b03c03b5c uvc-5476 \" data-hspacer=\"no_spacer\"  data-halign=\"left\" style=\"text-align:left\"><div class=\"uvc-heading-spacer no_spacer\" style=\"top\"><\/div><div class=\"uvc-main-heading ult-responsive\"  data-ultimate-target='.uvc-heading.ultimate-heading-180369d4b03c03b5c h1'  data-responsive-json-new='{\"font-size\":\"desktop:28px;\",\"line-height\":\"desktop:34px;\"}' ><h1 style=\"font-weight:bold;color:#ffffff;margin-bottom:25px;\">Professionelle \u00dcbersetzungs- und Dolmetscherdienste aus dem Arabischen ins T\u00fcrkische und Englische<\/h1><\/div><\/div>[vc_column_text]<span style=\"font-size: 18px; color: #ffffff;\">Anerkannt als eine der offiziellen Sprachen der Vereinten Nationen, ist Arabisch die f\u00fcnftmeistgesprochene Sprache der Welt. Etwa 420 Millionen Menschen sprechen Arabisch als Mutter- oder Zweitsprache. In einer Region, die sich von der arabischen Halbinsel bis nach Nordafrika erstreckt, ist Arabisch auch die offizielle Sprache von 26 L\u00e4ndern und hat 30 verschiedene Dialekte. Aufgrund der Tatsache, dass es sich um eine Sprache handelt, die in einem \u00fcber eine weite Region verteilten Land gesprochen wird, und der bedeutenden Anzahl ihrer Muttersprachler, gewinnt Arabisch zunehmend an Bedeutung.<\/span><br \/>\n<span style=\"font-size: 18px; color: #ffffff;\"><br \/>\nUm einen akkuraten \u00dcbersetzungsservice in verschiedenen Dialekten der arabischen Sprache zu gew\u00e4hrleisten, arbeiten wir mit professionellen Linguisten aus dem jeweiligen Zielland zusammen und unterst\u00fctzen unsere Kunden auch bei schriftlichen Dokumenten in Standard-Arabisch.<\/span>[\/vc_column_text][vc_row_inner equal_height=&#8221;yes&#8221; content_placement=&#8221;top&#8221;][vc_column_inner css=&#8221;.vc_custom_1644313219339{padding-top: 20px !important;padding-bottom: 32px !important;}&#8221;]<style type=\"text\/css\" data-type=\"the7_shortcodes-inline-css\">#default-btn-1d09a6e9498b518d9021c27b14832f27.ico-right-side > i {\n  margin-right: 0px;\n  margin-left: 8px;\n}\n#default-btn-1d09a6e9498b518d9021c27b14832f27 > i {\n  margin-right: 8px;\n}\n#default-btn-1d09a6e9498b518d9021c27b14832f27 * {\n  vertical-align: middle;\n}\n<\/style><a href=\"\/de\/uebersetzungspreis-berechnen\/\" class=\"default-btn-shortcode dt-btn dt-btn-l link-hover-off button-tto-grey btn-inline-left  vc_custom_1627379643140\" id=\"default-btn-1d09a6e9498b518d9021c27b14832f27\" style=\"width:286px;\"><span>Preis kalkulieren<\/span><\/a><style type=\"text\/css\" data-type=\"the7_shortcodes-inline-css\">#default-btn-e94fb5e0dce2137d09bcf2e50a6895d9.ico-right-side > i {\n  margin-right: 0px;\n  margin-left: 8px;\n}\n#default-btn-e94fb5e0dce2137d09bcf2e50a6895d9 > i {\n  margin-right: 8px;\n}\n#default-btn-e94fb5e0dce2137d09bcf2e50a6895d9 * {\n  vertical-align: middle;\n}\n<\/style><a href=\"\/de\/angebot-anfordern\/\" class=\"default-btn-shortcode dt-btn dt-btn-l link-hover-off button-tto-red btn-inline-left  vc_custom_1627379671495\" id=\"default-btn-e94fb5e0dce2137d09bcf2e50a6895d9\" style=\"width:286px;\"><span>Kostenloses Angebot einholen<\/span><\/a>[\/vc_column_inner][\/vc_row_inner][\/vc_column][vc_column width=&#8221;1\/2&#8243;][\/vc_column][\/vc_row][vc_row equal_height=&#8221;yes&#8221; content_placement=&#8221;top&#8221; bg_type=&#8221;image&#8221; parallax_style=&#8221;vcpb-default&#8221; bg_image_new=&#8221;id^2302|url^https:\/\/www.turkishtranslationoffice.com\/de\/wp-content\/uploads\/sites\/2\/2020\/08\/arka-plan-siyah-beyaz.png|caption^null|alt^null|title^arka-plan-siyah-beyaz|description^null&#8221; bg_override=&#8221;ex-full&#8221; type=&#8221;vc_default&#8221; margin_top=&#8221;5&#8243; margin_bottom=&#8221;10&#8243; css=&#8221;.vc_custom_1599513189281{padding-top: 30px !important;padding-bottom: 50px !important;background-color: #b5dce8 !important;}&#8221;][vc_column css=&#8221;.vc_custom_1491746299333{padding-bottom: 0px !important;}&#8221;][vc_row_inner equal_height=&#8221;yes&#8221; content_placement=&#8221;top&#8221;][vc_column_inner width=&#8221;1\/2&#8243;]<style type=\"text\/css\" data-type=\"the7_shortcodes-inline-css\">.shortcode-single-image-wrap.shortcode-single-image-8fcb7939b502c444d05dee04801f6fc6.enable-bg-rollover .rollover i,\n.shortcode-single-image-wrap.shortcode-single-image-8fcb7939b502c444d05dee04801f6fc6.enable-bg-rollover .rollover-video i {\n  background: ;\n  background: -webkit-linear-gradient();\n  background: linear-gradient();\n}\n.shortcode-single-image-wrap.shortcode-single-image-8fcb7939b502c444d05dee04801f6fc6 .rollover-icon {\n  font-size: 32px;\n  color: #ffffff;\n  min-width: 44px;\n  min-height: 44px;\n  line-height: 44px;\n  border-radius: 100px;\n  border-style: solid;\n  border-width: 0px;\n}\n.dt-icon-bg-on.shortcode-single-image-wrap.shortcode-single-image-8fcb7939b502c444d05dee04801f6fc6 .rollover-icon {\n  background: rgba(255,255,255,0.3);\n  box-shadow: none;\n}\n<\/style><div class=\"shortcode-single-image-wrap shortcode-single-image-8fcb7939b502c444d05dee04801f6fc6 alignnone  enable-bg-rollover dt-icon-bg-off\" style=\"margin-top:0px; margin-bottom:0px; margin-left:0px; margin-right:0px; width:1000px;\"><div class=\"shortcode-single-image\"><div class=\"fancy-media-wrap  layzr-bg\" style=\"border-radius:10px;\"><img loading=\"lazy\" decoding=\"async\" class=\"preload-me lazy-load\" src=\"data:image\/svg+xml,%3Csvg%20xmlns%3D&#39;http%3A%2F%2Fwww.w3.org%2F2000%2Fsvg&#39;%20viewBox%3D&#39;0%200%201000%20700&#39;%2F%3E\" data-src=\"https:\/\/www.turkishtranslationoffice.com\/de\/wp-content\/uploads\/sites\/4\/2020\/09\/lokalizasyon-hizmetleri-1000x700.jpg\" data-srcset=\"https:\/\/www.turkishtranslationoffice.com\/de\/wp-content\/uploads\/sites\/4\/2020\/09\/lokalizasyon-hizmetleri-1000x700.jpg 1000w, https:\/\/www.turkishtranslationoffice.com\/de\/wp-content\/uploads\/sites\/4\/2020\/09\/lokalizasyon-hizmetleri-1600x1120.jpg 1600w\" width=\"1000\" height=\"700\"  data-dt-location=\"https:\/\/www.turkishtranslationoffice.com\/de\/uebersetzung-arabisch\/lokalizasyon-hizmetleri\/\" style=\"border-radius:10px;\" alt=\"\" \/><\/div><\/div><\/div>[\/vc_column_inner][vc_column_inner width=&#8221;1\/2&#8243; css=&#8221;.vc_custom_1596550089277{padding-top: 20px !important;}&#8221;]<div id=\"ultimate-heading-416669d4b03c043e0\" class=\"uvc-heading ult-adjust-bottom-margin ultimate-heading-416669d4b03c043e0 uvc-2485 \" data-hspacer=\"no_spacer\"  data-halign=\"left\" style=\"text-align:left\"><div class=\"uvc-heading-spacer no_spacer\" style=\"top\"><\/div><div class=\"uvc-main-heading ult-responsive\"  data-ultimate-target='.uvc-heading.ultimate-heading-416669d4b03c043e0 h2'  data-responsive-json-new='{\"font-size\":\"desktop:24px;\",\"line-height\":\"desktop:34px;\"}' ><h2 style=\"font-weight:bold;margin-bottom:25px;\">Arabische Lokalisierungsdienste<\/h2><\/div><\/div>[vc_column_text]<\/p>\n<p style=\"text-align: left;\">Unsere muttersprachlichen Lokalisierungsexperten, die in vielen L\u00e4ndern der arabischsprachigen Welt ans\u00e4ssig sind, bieten Lokalisierungs- und Transkreationsdienste unter sorgf\u00e4ltiger Ber\u00fccksichtigung der lokalen und regionalen Unterschiede an. Mit unseren Lokalisierungsl\u00f6sungen, die wir f\u00fcr <strong>Software, mobile Apps, Websites und Multimedia-Inhalte <\/strong>in verschiedenen Sprachkombinationen wie <strong>Deutsch &#8211; Arabisch, Englisch &#8211; Arabisch, T\u00fcrkisch &#8211; Arabisch<\/strong> anbieten, wobei Arabisch die Ausgangs- oder Zielsprache sein kann, helfen wir unseren Kunden, hochwertige und zuverl\u00e4ssige Lokalisierungsdienstleistungen zu erhalten.<\/p>\n<p>[\/vc_column_text][\/vc_column_inner][\/vc_row_inner][\/vc_column][\/vc_row][vc_row content_placement=&#8221;middle&#8221; bg_type=&#8221;grad&#8221; bg_override=&#8221;ex-full&#8221; bg_grad=&#8221;background: -webkit-gradient(linear, left top, left bottom, color-stop(0%, #365088), color-stop(99%, #EA524D));background: -moz-linear-gradient(135deg,#365088 0%,#EA524D 99%);background: -webkit-linear-gradient(135deg,#365088 0%,#EA524D 99%);background: -o-linear-gradient(135deg,#365088 0%,#EA524D 99%);background: -ms-linear-gradient(135deg,#365088 0%,#EA524D 99%);background: linear-gradient(135deg,#365088 0%,#EA524D 99%);&#8221;][vc_column width=&#8221;2\/3&#8243;][vc_column_text]<strong style=\"color: #ffffff; font-size: 24px;\">Nehmen Sie Kontakt mit unserem Team auf und erhalten Sie das beste Angebot zu g\u00fcnstigen Konditionen!<\/strong>[\/vc_column_text][\/vc_column][vc_column width=&#8221;1\/3&#8243;][vc_btn title=&#8221;Angebot anfordern&#8221; color=&#8221;warning&#8221; size=&#8221;lg&#8221; align=&#8221;right&#8221; link=&#8221;url:%2Fde%2Fangebot-anfordern%2F&#8221;][\/vc_column][\/vc_row][vc_row equal_height=&#8221;yes&#8221; content_placement=&#8221;top&#8221; bg_type=&#8221;image&#8221; parallax_style=&#8221;vcpb-default&#8221; bg_image_new=&#8221;id^4329|url^https:\/\/www.turkishtranslationoffice.com\/de\/wp-content\/uploads\/sites\/2\/2020\/09\/arapca-bg.jpg|caption^null|alt^null|title^arapca-bg|description^null&#8221; bg_override=&#8221;ex-full&#8221; type=&#8221;vc_default&#8221; margin_top=&#8221;5&#8243; margin_bottom=&#8221;10&#8243; css=&#8221;.vc_custom_1599473021872{padding-top: 30px !important;padding-bottom: 30px !important;}&#8221;][vc_column width=&#8221;1\/2&#8243;]<div id=\"ultimate-heading-799269d4b03c04412\" class=\"uvc-heading ult-adjust-bottom-margin ultimate-heading-799269d4b03c04412 uvc-9814 \" data-hspacer=\"no_spacer\"  data-halign=\"left\" style=\"text-align:left\"><div class=\"uvc-heading-spacer no_spacer\" style=\"top\"><\/div><div class=\"uvc-main-heading ult-responsive\"  data-ultimate-target='.uvc-heading.ultimate-heading-799269d4b03c04412 h2'  data-responsive-json-new='{\"font-size\":\"desktop:24px;\",\"line-height\":\"desktop:34px;\"}' ><h2 style=\"font-weight:bold;margin-bottom:25px;\">Arabisch-\u00dcbersetzung durch muttersprachliche Linguisten<\/h2><\/div><\/div>[vc_column_text]Ben\u00f6tigen Sie f\u00fcr Ihre juristischen Dokumente eine \u00dcbersetzung durch einen zertifizierten \u00dcbersetzer? Kontaktieren Sie unser Team und lassen Sie Ihre Dokumente von unseren kompetenten Arabisch-\u00dcbersetzern \u00fcbersetzen. Wenn Ihre \u00dcbersetzung von den t\u00fcrkischen Beh\u00f6rden beglaubigt und notariell beglaubigt werden soll, unterst\u00fctzen wir Sie mit unseren <strong>Beglaubigungs-<\/strong> und <strong>Apostille-<\/strong>Dienstleistungen in der T\u00fcrkiye.[\/vc_column_text][vc_column_text css=&#8221;.vc_custom_1627379882915{margin-bottom: 0px !important;padding-bottom: 15px !important;}&#8221;]<\/p>\n<p style=\"margin-top: -10px;\"><strong style=\"color: #d44133;\">Wir freuen uns, unseren Kunden mit unseren muttersprachlichen \u00dcbersetzern und Lektoren in arabischer Sprache zu dienen und bieten sprachliche Dienstleistungen in den Bereichen:<\/strong><\/p>\n<p>[\/vc_column_text][vc_row_inner equal_height=&#8221;yes&#8221; content_placement=&#8221;top&#8221;][vc_column_inner width=&#8221;1\/3&#8243;]<div class=\"standard-arrow bullet-top\"><ul>\n<li><a href=\"\/de\/dokumente-uebersetzen\/\">\u00dcbersetzung von Dokumenten<\/a><\/li>\n<li><a href=\"\/de\/literarische-uebersetzungen\/\">Literarische \u00dcbersetzung<\/a><\/li>\n<li><a href=\"\/de\/vereidigte-uebersetzungen\/\">Beglaubigte \u00dcbersetzungen<\/a><\/li>\n<\/ul>\n<\/div>[\/vc_column_inner][vc_column_inner width=&#8221;1\/3&#8243;]<div class=\"standard-arrow bullet-top\"><ul>\n<li><a href=\"\/de\/fachuebersetzungen-biowissenschaft\/\">Medizinische \u00dcbersetzung<\/a><\/li>\n<li><a href=\"\/de\/technische-uebersetzungen\/\">Technische \u00dcbersetzung<\/a><\/li>\n<li><a href=\"\/de\/notariell-beglaubigte-uebersetzungen\/\">Notariell beglaubigte \u00dcbersetzungen<\/a><\/li>\n<\/ul>\n<\/div>[\/vc_column_inner][vc_column_inner width=&#8221;1\/3&#8243;]<div class=\"standard-arrow bullet-top\"><ul>\n<li><a href=\"\/de\/juristische-uebersetzungen\/\">Juristische \u00dcbersetzung<\/a><\/li>\n<li><a href=\"\/de\/akademische-uebersetzungen\/\">Wissenschaft<\/a><\/li>\n<\/ul>\n<\/div>[\/vc_column_inner][\/vc_row_inner][\/vc_column][vc_column width=&#8221;1\/2&#8243;][\/vc_column][\/vc_row][vc_row equal_height=&#8221;yes&#8221; content_placement=&#8221;top&#8221; bg_type=&#8221;image&#8221; parallax_style=&#8221;vcpb-hz-jquery&#8221; bg_image_new=&#8221;id^1611|url^https:\/\/www.turkishtranslationoffice.com\/de\/wp-content\/uploads\/sites\/2\/2016\/02\/bg-mem.png|caption^null|alt^null|title^bg-mem|description^null&#8221; bg_override=&#8221;ex-full&#8221; type=&#8221;vc_default&#8221; margin_top=&#8221;5&#8243; margin_bottom=&#8221;10&#8243; css=&#8221;.vc_custom_1599475416184{padding-top: 30px !important;padding-bottom: 50px !important;background-color: #657799 !important;}&#8221;][vc_column width=&#8221;1\/2&#8243;]<style type=\"text\/css\" data-type=\"the7_shortcodes-inline-css\">.shortcode-single-image-wrap.shortcode-single-image-9b17dbc7e62cb4506e15c76dfa762d96.enable-bg-rollover .rollover i,\n.shortcode-single-image-wrap.shortcode-single-image-9b17dbc7e62cb4506e15c76dfa762d96.enable-bg-rollover .rollover-video i {\n  background: ;\n  background: -webkit-linear-gradient();\n  background: linear-gradient();\n}\n.shortcode-single-image-wrap.shortcode-single-image-9b17dbc7e62cb4506e15c76dfa762d96 .rollover-icon {\n  font-size: 32px;\n  color: #ffffff;\n  min-width: 44px;\n  min-height: 44px;\n  line-height: 44px;\n  border-radius: 100px;\n  border-style: solid;\n  border-width: 0px;\n}\n.dt-icon-bg-on.shortcode-single-image-wrap.shortcode-single-image-9b17dbc7e62cb4506e15c76dfa762d96 .rollover-icon {\n  background: rgba(255,255,255,0.3);\n  box-shadow: none;\n}\n<\/style><div class=\"shortcode-single-image-wrap shortcode-single-image-9b17dbc7e62cb4506e15c76dfa762d96 alignnone  enable-bg-rollover dt-icon-bg-off\" style=\"margin-top:0px; margin-bottom:0px; margin-left:0px; margin-right:0px; width:1000px;\"><div class=\"shortcode-single-image\"><div class=\"fancy-media-wrap  layzr-bg\" style=\"border-radius:10px;\"><img loading=\"lazy\" decoding=\"async\" class=\"preload-me lazy-load\" src=\"data:image\/svg+xml,%3Csvg%20xmlns%3D&#39;http%3A%2F%2Fwww.w3.org%2F2000%2Fsvg&#39;%20viewBox%3D&#39;0%200%201000%20700&#39;%2F%3E\" data-src=\"https:\/\/www.turkishtranslationoffice.com\/de\/wp-content\/uploads\/sites\/4\/2020\/09\/sozlu-ceviri-hizmetleri-1000x700.jpg\" data-srcset=\"https:\/\/www.turkishtranslationoffice.com\/de\/wp-content\/uploads\/sites\/4\/2020\/09\/sozlu-ceviri-hizmetleri-1000x700.jpg 1000w, https:\/\/www.turkishtranslationoffice.com\/de\/wp-content\/uploads\/sites\/4\/2020\/09\/sozlu-ceviri-hizmetleri-1525x1068.jpg 1525w\" width=\"1000\" height=\"700\"  data-dt-location=\"https:\/\/www.turkishtranslationoffice.com\/de\/uebersetzung-arabisch\/sozlu-ceviri-hizmetleri\/\" style=\"border-radius:10px;\" alt=\"\" \/><\/div><\/div><\/div>[\/vc_column][vc_column width=&#8221;1\/2&#8243;]<div id=\"ultimate-heading-413369d4b03c0480c\" class=\"uvc-heading ult-adjust-bottom-margin ultimate-heading-413369d4b03c0480c uvc-8470 \" data-hspacer=\"no_spacer\"  data-halign=\"left\" style=\"text-align:left\"><div class=\"uvc-heading-spacer no_spacer\" style=\"top\"><\/div><div class=\"uvc-main-heading ult-responsive\"  data-ultimate-target='.uvc-heading.ultimate-heading-413369d4b03c0480c h2'  data-responsive-json-new='{\"font-size\":\"desktop:24px;\",\"line-height\":\"desktop:34px;\"}' ><h2 style=\"font-weight:bold;color:#ffffff;margin-bottom:25px;\">Arabisch-Dolmetscherdienste von Arabisch-Muttersprachlern<\/h2><\/div><\/div>[vc_column_text]<span style=\"color: #ffffff;\">Sie ben\u00f6tigen zuverl\u00e4ssige und erfahrene muttersprachliche Arabisch-Dolmetscher f\u00fcr Ihre Organisationen und Veranstaltungen in der T\u00fcrkiye? Nutzen Sie unser Netzwerk von Dolmetschern, die Dolmetscherdienste in verschiedenen Sprachpaaren wie z.B. Arabisch &#8211; T\u00fcrkisch, Arabisch &#8211; Englisch anbieten und profitieren Sie davon, mit Ihren G\u00e4sten und Partnern in deren Muttersprache zu kommunizieren.<\/span>[\/vc_column_text][vc_column_text css=&#8221;.vc_custom_1627380193578{margin-bottom: 0px !important;padding-bottom: 15px !important;}&#8221;]<\/p>\n<p style=\"margin-top: -10px;\"><strong style=\"color: #ffffff;\">Unsere Dolmetscherdienste umfassen:<\/strong><\/p>\n<p>[\/vc_column_text][vc_row_inner equal_height=&#8221;yes&#8221; content_placement=&#8221;top&#8221;][vc_column_inner width=&#8221;1\/2&#8243;]<div class=\"standard-arrow bullet-top\"><ul>\n<li><a style=\"color: #ffffff;\" href=\"\/de\/simultandolmetscherdienste\/\">Simultandolmetschen<\/a><\/li>\n<li><a style=\"color: #ffffff;\" href=\"\/de\/fl\u00fcsterdolmetscher\/\">Fl\u00fcsterdolmetschen<\/a><\/li>\n<\/ul>\n<\/div>[\/vc_column_inner][vc_column_inner width=&#8221;1\/2&#8243;]<div class=\"standard-arrow bullet-top\"><ul>\n<li><a style=\"color: #ffffff;\" href=\"\/de\/konsekutiv-dolmetschen\/\">Konsekutivdolmetschen<\/a><\/li>\n<li><a style=\"color: #ffffff;\" href=\"\/de\/vermietung-von-simultananlagen\/\">Simultandolmetscher-Ausr\u00fcstung mieten<\/a><\/li>\n<\/ul>\n<\/div>[\/vc_column_inner][\/vc_row_inner][\/vc_column][\/vc_row]<\/p>\n","protected":false},"excerpt":{"rendered":"<p>[vc_row equal_height=&#8221;yes&#8221; content_placement=&#8221;top&#8221; bg_type=&#8221;image&#8221; parallax_style=&#8221;vcpb-default&#8221; bg_image_new=&#8221;id^4506|url^https:\/\/www.turkishtranslationoffice.com\/de\/wp-content\/uploads\/sites\/2\/2020\/09\/diller.jpg|caption^null|alt^null|title^diller|description^null&#8221; bg_image_repeat=&#8221;no-repeat&#8221; bg_override=&#8221;ex-full&#8221; type=&#8221;vc_default&#8221; margin_top=&#8221;5&#8243; margin_bottom=&#8221;10&#8243; css=&#8221;.vc_custom_1629995408139{padding-top: 2% !important;padding-bottom: 2% !important;}&#8221;][vc_column width=&#8221;1\/2&#8243;][vc_column_text]Anerkannt als eine der offiziellen Sprachen der Vereinten Nationen, ist Arabisch die f\u00fcnftmeistgesprochene Sprache der Welt. Etwa 420 Millionen Menschen sprechen Arabisch als Mutter- oder Zweitsprache. In einer Region, die sich von der arabischen Halbinsel bis nach Nordafrika erstreckt,&hellip;<\/p>\n","protected":false},"author":1,"featured_media":0,"parent":0,"menu_order":10,"comment_status":"closed","ping_status":"closed","template":"","meta":{"footnotes":""},"aioseo_notices":[],"_links":{"self":[{"href":"https:\/\/www.turkishtranslationoffice.com\/de\/wp-json\/wp\/v2\/pages\/4269"}],"collection":[{"href":"https:\/\/www.turkishtranslationoffice.com\/de\/wp-json\/wp\/v2\/pages"}],"about":[{"href":"https:\/\/www.turkishtranslationoffice.com\/de\/wp-json\/wp\/v2\/types\/page"}],"author":[{"embeddable":true,"href":"https:\/\/www.turkishtranslationoffice.com\/de\/wp-json\/wp\/v2\/users\/1"}],"replies":[{"embeddable":true,"href":"https:\/\/www.turkishtranslationoffice.com\/de\/wp-json\/wp\/v2\/comments?post=4269"}],"version-history":[{"count":11,"href":"https:\/\/www.turkishtranslationoffice.com\/de\/wp-json\/wp\/v2\/pages\/4269\/revisions"}],"predecessor-version":[{"id":6973,"href":"https:\/\/www.turkishtranslationoffice.com\/de\/wp-json\/wp\/v2\/pages\/4269\/revisions\/6973"}],"wp:attachment":[{"href":"https:\/\/www.turkishtranslationoffice.com\/de\/wp-json\/wp\/v2\/media?parent=4269"}],"curies":[{"name":"wp","href":"https:\/\/api.w.org\/{rel}","templated":true}]}}