{"id":4335,"date":"2020-09-07T14:14:23","date_gmt":"2020-09-07T11:14:23","guid":{"rendered":"https:\/\/www.turkishtranslationoffice.com\/tr\/arapca-tercume-copy\/"},"modified":"2022-02-08T12:42:16","modified_gmt":"2022-02-08T09:42:16","slug":"uebersetzung-chinesisch","status":"publish","type":"page","link":"https:\/\/www.turkishtranslationoffice.com\/de\/uebersetzung-chinesisch\/","title":{"rendered":"Chinesisch"},"content":{"rendered":"<p>[vc_row equal_height=&#8221;yes&#8221; content_placement=&#8221;top&#8221; bg_type=&#8221;image&#8221; parallax_style=&#8221;vcpb-default&#8221; bg_image_new=&#8221;id^4506|url^https:\/\/www.turkishtranslationoffice.com\/de\/wp-content\/uploads\/sites\/2\/2020\/09\/diller.jpg|caption^null|alt^null|title^diller|description^null&#8221; bg_image_repeat=&#8221;no-repeat&#8221; bg_override=&#8221;ex-full&#8221; type=&#8221;vc_default&#8221; margin_top=&#8221;5&#8243; margin_bottom=&#8221;10&#8243; css=&#8221;.vc_custom_1629995438524{padding-top: 2% !important;padding-bottom: 2% !important;}&#8221;][vc_column width=&#8221;1\/2&#8243;]<div id=\"ultimate-heading-2569d4b02a559c1\" class=\"uvc-heading ult-adjust-bottom-margin ultimate-heading-2569d4b02a559c1 uvc-6563 \" data-hspacer=\"no_spacer\"  data-halign=\"left\" style=\"text-align:left\"><div class=\"uvc-heading-spacer no_spacer\" style=\"top\"><\/div><div class=\"uvc-main-heading ult-responsive\"  data-ultimate-target='.uvc-heading.ultimate-heading-2569d4b02a559c1 h1'  data-responsive-json-new='{\"font-size\":\"desktop:28px;\",\"line-height\":\"desktop:34px;\"}' ><h1 style=\"font-weight:bold;color:#ffffff;margin-bottom:25px;\">Qualitativ hochwertige Chinesisch-\u00dcbersetzungen und -Dolmetscherdienste zu erschwinglichen Preisen<\/h1><\/div><\/div>[vc_column_text]<span style=\"font-size: 18px; color: #ffffff;\">Mit seiner riesigen Zahl von rund 1,2 Milliarden Muttersprachlern ist Chinesisch eine der meist\u00fcbersetzten Sprachen der Welt. Zus\u00e4tzlich zu der gro\u00dfen Bev\u00f6lkerung, die diese Sprache spricht, hat das j\u00fcngste Wirtschaftswachstum in der Region Chinesisch noch wichtiger f\u00fcr den internationalen Handel gemacht und damit die Nachfrage nach Sprachdienstleistungen erh\u00f6ht.<\/span><\/p>\n<p><span style=\"color: #ffffff; font-size: 18px;\">Bei TTO arbeiten wir mit professionellen \u00dcbersetzern und Dolmetschern zusammen, um unseren Kunden \u00dcbersetzungs- und Dolmetscherdienste f\u00fcr vereinfachtes und traditionelles Chinesisch, Mandarin und Kantonesisch anzubieten.<\/span><\/p>\n<p><span style=\"color: #ffffff; font-size: 18px;\">Nehmen Sie jetzt Kontakt mit unserem Team auf und erhalten Sie \u00dcbersetzungen in bester Qualit\u00e4t zu g\u00fcnstigen Preisen.<\/span>[\/vc_column_text][vc_row_inner equal_height=&#8221;yes&#8221; content_placement=&#8221;top&#8221;][vc_column_inner css=&#8221;.vc_custom_1644313328690{padding-top: 20px !important;padding-bottom: 32px !important;}&#8221;]<style type=\"text\/css\" data-type=\"the7_shortcodes-inline-css\">#default-btn-3540fe327a3b40f81a12414d5fb9db02.ico-right-side > i {\n  margin-right: 0px;\n  margin-left: 8px;\n}\n#default-btn-3540fe327a3b40f81a12414d5fb9db02 > i {\n  margin-right: 8px;\n}\n#default-btn-3540fe327a3b40f81a12414d5fb9db02 * {\n  vertical-align: middle;\n}\n<\/style><a href=\"\/de\/uebersetzungspreis-berechnen\/\" class=\"default-btn-shortcode dt-btn dt-btn-l link-hover-off button-tto-grey btn-inline-left  vc_custom_1627380576017\" id=\"default-btn-3540fe327a3b40f81a12414d5fb9db02\" style=\"width:286px;\"><span>Preis kalkulieren<\/span><\/a><style type=\"text\/css\" data-type=\"the7_shortcodes-inline-css\">#default-btn-80ae0f90347f85da8542aad57ec570c6.ico-right-side > i {\n  margin-right: 0px;\n  margin-left: 8px;\n}\n#default-btn-80ae0f90347f85da8542aad57ec570c6 > i {\n  margin-right: 8px;\n}\n#default-btn-80ae0f90347f85da8542aad57ec570c6 * {\n  vertical-align: middle;\n}\n<\/style><a href=\"\/de\/angebot-anfordern\/\" class=\"default-btn-shortcode dt-btn dt-btn-l link-hover-off button-tto-red btn-inline-left  vc_custom_1627380601636\" id=\"default-btn-80ae0f90347f85da8542aad57ec570c6\" style=\"width:286px;\"><span>Kostenloses Angebot einholen<\/span><\/a>[\/vc_column_inner][\/vc_row_inner][\/vc_column][vc_column width=&#8221;1\/2&#8243;][\/vc_column][\/vc_row][vc_row equal_height=&#8221;yes&#8221; content_placement=&#8221;top&#8221; bg_type=&#8221;image&#8221; parallax_style=&#8221;vcpb-default&#8221; bg_image_new=&#8221;id^2302|url^https:\/\/www.turkishtranslationoffice.com\/de\/wp-content\/uploads\/sites\/2\/2020\/08\/arka-plan-siyah-beyaz.png|caption^null|alt^null|title^arka-plan-siyah-beyaz|description^null&#8221; bg_override=&#8221;ex-full&#8221; type=&#8221;vc_default&#8221; margin_top=&#8221;5&#8243; margin_bottom=&#8221;10&#8243; css=&#8221;.vc_custom_1599505829687{padding-top: 30px !important;background-color: #d9e0e2 !important;}&#8221;][vc_column css=&#8221;.vc_custom_1491746299333{padding-bottom: 0px !important;}&#8221;][vc_row_inner equal_height=&#8221;yes&#8221; content_placement=&#8221;top&#8221;][vc_column_inner width=&#8221;1\/2&#8243;]<style type=\"text\/css\" data-type=\"the7_shortcodes-inline-css\">.shortcode-single-image-wrap.shortcode-single-image-2bf369570cdd0845713d88a2752ee316.enable-bg-rollover .rollover i,\n.shortcode-single-image-wrap.shortcode-single-image-2bf369570cdd0845713d88a2752ee316.enable-bg-rollover .rollover-video i {\n  background: ;\n  background: -webkit-linear-gradient();\n  background: linear-gradient();\n}\n.shortcode-single-image-wrap.shortcode-single-image-2bf369570cdd0845713d88a2752ee316 .rollover-icon {\n  font-size: 32px;\n  color: #ffffff;\n  min-width: 44px;\n  min-height: 44px;\n  line-height: 44px;\n  border-radius: 100px;\n  border-style: solid;\n  border-width: 0px;\n}\n.dt-icon-bg-on.shortcode-single-image-wrap.shortcode-single-image-2bf369570cdd0845713d88a2752ee316 .rollover-icon {\n  background: rgba(255,255,255,0.3);\n  box-shadow: none;\n}\n<\/style><div class=\"shortcode-single-image-wrap shortcode-single-image-2bf369570cdd0845713d88a2752ee316 alignnone  enable-bg-rollover dt-icon-bg-off\" style=\"margin-top:0px; margin-bottom:0px; margin-left:0px; margin-right:0px; width:1000px;\"><div class=\"shortcode-single-image\"><div class=\"fancy-media-wrap  layzr-bg\" style=\"border-radius:10px;\"><img loading=\"lazy\" decoding=\"async\" class=\"preload-me lazy-load\" src=\"data:image\/svg+xml,%3Csvg%20xmlns%3D&#39;http%3A%2F%2Fwww.w3.org%2F2000%2Fsvg&#39;%20viewBox%3D&#39;0%200%201000%20700&#39;%2F%3E\" data-src=\"https:\/\/www.turkishtranslationoffice.com\/de\/wp-content\/uploads\/sites\/4\/2020\/09\/cince-ve-mandarin-icin-ticari-ceviri-1000x700.jpg\" data-srcset=\"https:\/\/www.turkishtranslationoffice.com\/de\/wp-content\/uploads\/sites\/4\/2020\/09\/cince-ve-mandarin-icin-ticari-ceviri-1000x700.jpg 1000w, https:\/\/www.turkishtranslationoffice.com\/de\/wp-content\/uploads\/sites\/4\/2020\/09\/cince-ve-mandarin-icin-ticari-ceviri-1428x1000.jpg 1428w\" width=\"1000\" height=\"700\"  data-dt-location=\"https:\/\/www.turkishtranslationoffice.com\/de\/uebersetzung-chinesisch\/cince-ve-mandarin-icin-ticari-ceviri\/\" style=\"border-radius:10px;\" alt=\"\" \/><\/div><\/div><\/div>[\/vc_column_inner][vc_column_inner width=&#8221;1\/2&#8243; css=&#8221;.vc_custom_1596550089277{padding-top: 20px !important;}&#8221;]<div id=\"ultimate-heading-384269d4b02a560f2\" class=\"uvc-heading ult-adjust-bottom-margin ultimate-heading-384269d4b02a560f2 uvc-9676 \" data-hspacer=\"no_spacer\"  data-halign=\"left\" style=\"text-align:left\"><div class=\"uvc-heading-spacer no_spacer\" style=\"top\"><\/div><div class=\"uvc-main-heading ult-responsive\"  data-ultimate-target='.uvc-heading.ultimate-heading-384269d4b02a560f2 h2'  data-responsive-json-new='{\"font-size\":\"desktop:24px;\",\"line-height\":\"desktop:34px;\"}' ><h2 style=\"font-weight:bold;margin-bottom:25px;\">Gesch\u00e4fts\u00fcbersetzungen f\u00fcr Chinesisch (vereinfacht) und Mandarin<\/h2><\/div><\/div>[vc_column_text]<\/p>\n<p style=\"text-align: left;\">Mit der j\u00fcngsten wirtschaftlichen Entwicklung Chinas und anderer chinesischsprachiger L\u00e4nder haben wir in letzter Zeit einen Anstieg der Gesch\u00e4ftsinvestitionen in der Region erlebt. Viele internationale Unternehmen haben gro\u00dfe Investitionen get\u00e4tigt, um ihre Aktivit\u00e4ten und Marktanteile in diesen L\u00e4ndern auszubauen.<\/p>\n<p>Bei der Entwicklung ihrer Gesch\u00e4ftsstrategie ist es f\u00fcr Unternehmen eine der wichtigsten Voraussetzungen, mit einem zuverl\u00e4ssigen \u00dcbersetzungsb\u00fcro zusammenzuarbeiten, das fehlerfreie \u00dcbersetzungen anbietet, um eine effektive Kommunikation zu erm\u00f6glichen.<\/p>\n<p style=\"text-align: left;\">Bei TTO arbeiten wir nur mit muttersprachlichen Chinesisch-\u00dcbersetzern, die Experten auf dem jeweiligen Fachgebiet sind, um Ihnen professionelle <strong>kommerzielle \u00dcbersetzungen<\/strong> in verschiedenen Branchen wie z. B. Informationstechnologien, Automobil, Schifffahrt, Medizin und Energie.<\/p>\n<p style=\"text-align: left;\">F\u00fcr Kunden, die beglaubigte \u00dcbersetzungen f\u00fcr ihre Gesch\u00e4ftsdokumente ben\u00f6tigen<strong>,<\/strong> stehen wir mit unseren vereidigten \u00dcbersetzern in den Sprachpaaren <strong>Chinesisch &#8211; Englisch, Chinesisch &#8211; Deutsch, Chinesisch &#8211; T\u00fcrkisch <\/strong>und vielen weiteren zur Verf\u00fcgung.<\/p>\n<p>[\/vc_column_text][\/vc_column_inner][\/vc_row_inner][\/vc_column][\/vc_row][vc_row equal_height=&#8221;yes&#8221; content_placement=&#8221;top&#8221; bg_type=&#8221;image&#8221; parallax_style=&#8221;vcpb-default&#8221; bg_image_new=&#8221;id^4373|url^https:\/\/www.turkishtranslationoffice.com\/de\/wp-content\/uploads\/sites\/2\/2020\/09\/sozlu-ceviri-hizmetleri-bg.jpg|caption^null|alt^null|title^sozlu-ceviri-hizmetleri-bg|description^null&#8221; bg_override=&#8221;ex-full&#8221; type=&#8221;vc_default&#8221; margin_top=&#8221;5&#8243; margin_bottom=&#8221;10&#8243; css=&#8221;.vc_custom_1599500768671{padding-top: 30px !important;padding-bottom: 30px !important;}&#8221;][vc_column width=&#8221;1\/2&#8243;]<div id=\"ultimate-heading-635469d4b02a56116\" class=\"uvc-heading ult-adjust-bottom-margin ultimate-heading-635469d4b02a56116 uvc-2144 \" data-hspacer=\"no_spacer\"  data-halign=\"left\" style=\"text-align:left\"><div class=\"uvc-heading-spacer no_spacer\" style=\"top\"><\/div><div class=\"uvc-main-heading ult-responsive\"  data-ultimate-target='.uvc-heading.ultimate-heading-635469d4b02a56116 h2'  data-responsive-json-new='{\"font-size\":\"desktop:24px;\",\"line-height\":\"desktop:34px;\"}' ><h2 style=\"font-weight:bold;color:#ffffff;margin-bottom:25px;\">Dolmetscherdienste f\u00fcr Chinesisch<\/h2><\/div><\/div>[vc_column_text]<span style=\"color: #ffffff;\">Ganz gleich, ob Sie ein Gesch\u00e4ftstreffen mit Ihren chinesischsprachigen Partnern haben oder eine internationale Veranstaltung mit Teilnehmern aus China durchf\u00fchren, Sie k\u00f6nnen sich auf unsere hochwertigen Dolmetschleistungen verlassen.<\/span><\/p>\n<p><span style=\"color: #ffffff;\">Auf der Grundlage der Anforderungen unserer Kunden w\u00e4hlen wir die am besten geeigneten Dolmetscher aus, die Experten f\u00fcr das Thema der von Ihnen durchgef\u00fchrten Veranstaltung sind. <\/span>[\/vc_column_text][vc_column_text css=&#8221;.vc_custom_1627380742720{margin-bottom: 0px !important;padding-bottom: 15px !important;}&#8221;]<\/p>\n<p style=\"margin-top: -10px;\"><strong style=\"color: #ffffff;\">Die von uns angebotenen Dolmetscherdienste umfassen:<\/strong><\/p>\n<p>[\/vc_column_text][vc_row_inner equal_height=&#8221;yes&#8221; content_placement=&#8221;top&#8221;][vc_column_inner width=&#8221;1\/2&#8243;]<div class=\"standard-arrow bullet-top\"><ul>\n<li><span style=\"color: #ffffff;\"><a style=\"color: #ffffff;\" href=\"\/de\/simultandolmetscherdienste\/\">Simultandolmetschen<\/a><\/span><\/li>\n<li><span style=\"color: #ffffff;\"><a style=\"color: #ffffff;\" href=\"\/de\/fl\u00fcsterdolmetscher\/\">Fl\u00fcsterdolmetschen<\/a><\/span><\/li>\n<\/ul>\n<\/div>[\/vc_column_inner][vc_column_inner width=&#8221;1\/2&#8243;]<div class=\"standard-arrow bullet-top\"><ul>\n<li><a style=\"color: #ffffff;\" href=\"\/de\/konsekutiv-dolmetschen\/\"><span style=\"color: #ffffff;\">Konsekutivdolmetschen<\/span><\/a><\/li>\n<li><span style=\"color: #ffffff;\"><a style=\"color: #ffffff;\" href=\"\/de\/vermietung-von-simultananlagen\/\">Vermietung von Dolmetscheranlagen<\/a><\/span><\/li>\n<\/ul>\n<\/div>[\/vc_column_inner][\/vc_row_inner][\/vc_column][vc_column width=&#8221;1\/2&#8243;][\/vc_column][\/vc_row][vc_row equal_height=&#8221;yes&#8221; content_placement=&#8221;top&#8221; bg_type=&#8221;image&#8221; parallax_style=&#8221;vcpb-hz-jquery&#8221; bg_image_new=&#8221;id^1611|url^https:\/\/www.turkishtranslationoffice.com\/de\/wp-content\/uploads\/sites\/2\/2016\/02\/bg-mem.png|caption^null|alt^null|title^bg-mem|description^null&#8221; bg_override=&#8221;ex-full&#8221; type=&#8221;vc_default&#8221; margin_top=&#8221;5&#8243; margin_bottom=&#8221;10&#8243; css=&#8221;.vc_custom_1599500063157{padding-top: 30px !important;background-color: #f4f4f4 !important;}&#8221;][vc_column css=&#8221;.vc_custom_1491746299333{padding-bottom: 0px !important;}&#8221;][vc_row_inner equal_height=&#8221;yes&#8221; content_placement=&#8221;top&#8221;][vc_column_inner width=&#8221;1\/2&#8243;]<style type=\"text\/css\" data-type=\"the7_shortcodes-inline-css\">.shortcode-single-image-wrap.shortcode-single-image-c9492013e9f2600436682c9e3d556340.enable-bg-rollover .rollover i,\n.shortcode-single-image-wrap.shortcode-single-image-c9492013e9f2600436682c9e3d556340.enable-bg-rollover .rollover-video i {\n  background: ;\n  background: -webkit-linear-gradient();\n  background: linear-gradient();\n}\n.shortcode-single-image-wrap.shortcode-single-image-c9492013e9f2600436682c9e3d556340 .rollover-icon {\n  font-size: 32px;\n  color: #ffffff;\n  min-width: 44px;\n  min-height: 44px;\n  line-height: 44px;\n  border-radius: 100px;\n  border-style: solid;\n  border-width: 0px;\n}\n.dt-icon-bg-on.shortcode-single-image-wrap.shortcode-single-image-c9492013e9f2600436682c9e3d556340 .rollover-icon {\n  background: rgba(255,255,255,0.3);\n  box-shadow: none;\n}\n<\/style><div class=\"shortcode-single-image-wrap shortcode-single-image-c9492013e9f2600436682c9e3d556340 alignnone  enable-bg-rollover dt-icon-bg-off\" style=\"margin-top:0px; margin-bottom:0px; margin-left:0px; margin-right:0px; width:1000px;\"><div class=\"shortcode-single-image\"><div class=\"fancy-media-wrap  layzr-bg\" style=\"border-radius:10px;\"><img loading=\"lazy\" decoding=\"async\" class=\"preload-me lazy-load\" src=\"data:image\/svg+xml,%3Csvg%20xmlns%3D&#39;http%3A%2F%2Fwww.w3.org%2F2000%2Fsvg&#39;%20viewBox%3D&#39;0%200%201000%20700&#39;%2F%3E\" data-src=\"https:\/\/www.turkishtranslationoffice.com\/de\/wp-content\/uploads\/sites\/4\/2020\/09\/web-sitesi-ve-yerellestirme-hizmetleri-1000x700.jpg\" data-srcset=\"https:\/\/www.turkishtranslationoffice.com\/de\/wp-content\/uploads\/sites\/4\/2020\/09\/web-sitesi-ve-yerellestirme-hizmetleri-1000x700.jpg 1000w, https:\/\/www.turkishtranslationoffice.com\/de\/wp-content\/uploads\/sites\/4\/2020\/09\/web-sitesi-ve-yerellestirme-hizmetleri-1525x1068.jpg 1525w\" width=\"1000\" height=\"700\"  data-dt-location=\"https:\/\/www.turkishtranslationoffice.com\/de\/uebersetzung-chinesisch\/web-sitesi-ve-yerellestirme-hizmetleri\/\" style=\"border-radius:10px;\" alt=\"\" \/><\/div><\/div><\/div>[\/vc_column_inner][vc_column_inner width=&#8221;1\/2&#8243; css=&#8221;.vc_custom_1596550089277{padding-top: 20px !important;}&#8221;]<div id=\"ultimate-heading-279569d4b02a56406\" class=\"uvc-heading ult-adjust-bottom-margin ultimate-heading-279569d4b02a56406 uvc-6567 \" data-hspacer=\"no_spacer\"  data-halign=\"left\" style=\"text-align:left\"><div class=\"uvc-heading-spacer no_spacer\" style=\"top\"><\/div><div class=\"uvc-main-heading ult-responsive\"  data-ultimate-target='.uvc-heading.ultimate-heading-279569d4b02a56406 h2'  data-responsive-json-new='{\"font-size\":\"desktop:24px;\",\"line-height\":\"desktop:34px;\"}' ><h2 style=\"font-weight:bold;margin-bottom:25px;\">\u00dcbersetzung und Lokalisierung chinesischer Websites<\/h2><\/div><\/div>[vc_column_text]M\u00f6chten Sie Ihre Dienstleistungen und Produkte f\u00fcr den chinesischsprachigen Markt \u00f6ffnen und Ihre Reichweite auf neue Kunden erweitern? Dann sollten Sie als Erstes Ihre Dienstleistungen den lokalen Nutzern durch eine Website vorstellen, die Ihre Botschaft pr\u00e4zise vermittelt.<\/p>\n<p>Wir arbeiten mit einem Team von <strong>Website-Lokalisierungsexperten<\/strong> und chinesischen Muttersprachlern zusammen und bieten unseren Kunden qualitativ hochwertige <strong>Website-\u00dcbersetzungsdienste<\/strong>. Wenn Sie eine Website haben und diese an die Erwartungen und Vorlieben Ihrer Zielgruppe anpassen m\u00f6chten, k\u00f6nnen Sie von unseren Lokalisierungsdienstleistungen profitieren.<\/p>\n<p>Die Bereitstellung Ihrer Website in der Landessprache der Kunden ist der erste Schritt zur Entwicklung einer erfolgreichen Marketingstrategie. Basierend auf dem Produkt, das Sie anbieten, sollten Sie Ihre Marketingbem\u00fchungen unterst\u00fctzen, indem Sie Ihre <strong>Software, mobilen Apps, Ihr digitales Marketing<\/strong> und <strong>audiovisuelle Inhalte<\/strong> ebenfalls lokalisieren.[\/vc_column_text][\/vc_column_inner][\/vc_row_inner][\/vc_column][\/vc_row][vc_row content_placement=&#8221;middle&#8221; bg_type=&#8221;grad&#8221; bg_override=&#8221;ex-full&#8221; bg_grad=&#8221;background: -webkit-gradient(linear, left top, left bottom, color-stop(0%, #365088), color-stop(99%, #EA524D));background: -moz-linear-gradient(135deg,#365088 0%,#EA524D 99%);background: -webkit-linear-gradient(135deg,#365088 0%,#EA524D 99%);background: -o-linear-gradient(135deg,#365088 0%,#EA524D 99%);background: -ms-linear-gradient(135deg,#365088 0%,#EA524D 99%);background: linear-gradient(135deg,#365088 0%,#EA524D 99%);&#8221;][vc_column width=&#8221;2\/3&#8243;][vc_column_text]<strong style=\"color: #ffffff; font-size: 24px;\">Kontaktieren Sie unser Team f\u00fcr Details und erhalten Sie jetzt Ihr kostenloses Angebot!<\/strong>[\/vc_column_text][\/vc_column][vc_column width=&#8221;1\/3&#8243;][vc_btn title=&#8221;Angebot anfordern&#8221; color=&#8221;warning&#8221; size=&#8221;lg&#8221; align=&#8221;right&#8221; link=&#8221;url:%2Fde%2Fangebot-anfordern%2F&#8221;][\/vc_column][\/vc_row]<\/p>\n","protected":false},"excerpt":{"rendered":"<p>[vc_row equal_height=&#8221;yes&#8221; content_placement=&#8221;top&#8221; bg_type=&#8221;image&#8221; parallax_style=&#8221;vcpb-default&#8221; bg_image_new=&#8221;id^4506|url^https:\/\/www.turkishtranslationoffice.com\/de\/wp-content\/uploads\/sites\/2\/2020\/09\/diller.jpg|caption^null|alt^null|title^diller|description^null&#8221; bg_image_repeat=&#8221;no-repeat&#8221; bg_override=&#8221;ex-full&#8221; type=&#8221;vc_default&#8221; margin_top=&#8221;5&#8243; margin_bottom=&#8221;10&#8243; css=&#8221;.vc_custom_1629995438524{padding-top: 2% !important;padding-bottom: 2% !important;}&#8221;][vc_column width=&#8221;1\/2&#8243;][vc_column_text]Mit seiner riesigen Zahl von rund 1,2 Milliarden Muttersprachlern ist Chinesisch eine der meist\u00fcbersetzten Sprachen der Welt. Zus\u00e4tzlich zu der gro\u00dfen Bev\u00f6lkerung, die diese Sprache spricht, hat das j\u00fcngste Wirtschaftswachstum in der Region Chinesisch noch wichtiger f\u00fcr den internationalen&hellip;<\/p>\n","protected":false},"author":1,"featured_media":0,"parent":0,"menu_order":10,"comment_status":"closed","ping_status":"closed","template":"","meta":{"footnotes":""},"aioseo_notices":[],"_links":{"self":[{"href":"https:\/\/www.turkishtranslationoffice.com\/de\/wp-json\/wp\/v2\/pages\/4335"}],"collection":[{"href":"https:\/\/www.turkishtranslationoffice.com\/de\/wp-json\/wp\/v2\/pages"}],"about":[{"href":"https:\/\/www.turkishtranslationoffice.com\/de\/wp-json\/wp\/v2\/types\/page"}],"author":[{"embeddable":true,"href":"https:\/\/www.turkishtranslationoffice.com\/de\/wp-json\/wp\/v2\/users\/1"}],"replies":[{"embeddable":true,"href":"https:\/\/www.turkishtranslationoffice.com\/de\/wp-json\/wp\/v2\/comments?post=4335"}],"version-history":[{"count":11,"href":"https:\/\/www.turkishtranslationoffice.com\/de\/wp-json\/wp\/v2\/pages\/4335\/revisions"}],"predecessor-version":[{"id":6863,"href":"https:\/\/www.turkishtranslationoffice.com\/de\/wp-json\/wp\/v2\/pages\/4335\/revisions\/6863"}],"wp:attachment":[{"href":"https:\/\/www.turkishtranslationoffice.com\/de\/wp-json\/wp\/v2\/media?parent=4335"}],"curies":[{"name":"wp","href":"https:\/\/api.w.org\/{rel}","templated":true}]}}