{"id":4394,"date":"2020-09-07T21:57:07","date_gmt":"2020-09-07T18:57:07","guid":{"rendered":"https:\/\/www.turkishtranslationoffice.com\/tr\/arapca-tercume-copy\/"},"modified":"2022-06-06T14:38:21","modified_gmt":"2022-06-06T11:38:21","slug":"uebersetzung-englisch","status":"publish","type":"page","link":"https:\/\/www.turkishtranslationoffice.com\/de\/uebersetzung-englisch\/","title":{"rendered":"Englisch"},"content":{"rendered":"<p>[vc_row equal_height=&#8221;yes&#8221; content_placement=&#8221;top&#8221; bg_type=&#8221;image&#8221; parallax_style=&#8221;vcpb-default&#8221; bg_image_new=&#8221;id^4506|url^https:\/\/www.turkishtranslationoffice.com\/de\/wp-content\/uploads\/sites\/2\/2020\/09\/diller.jpg|caption^null|alt^null|title^diller|description^null&#8221; bg_image_repeat=&#8221;no-repeat&#8221; bg_override=&#8221;ex-full&#8221; type=&#8221;vc_default&#8221; margin_top=&#8221;5&#8243; margin_bottom=&#8221;10&#8243; css=&#8221;.vc_custom_1629995499282{padding-top: 2% !important;padding-bottom: 2% !important;}&#8221;][vc_column width=&#8221;1\/2&#8243;]<div id=\"ultimate-heading-610369d4b02a99f13\" class=\"uvc-heading ult-adjust-bottom-margin ultimate-heading-610369d4b02a99f13 uvc-4341 \" data-hspacer=\"no_spacer\"  data-halign=\"left\" style=\"text-align:left\"><div class=\"uvc-heading-spacer no_spacer\" style=\"top\"><\/div><div class=\"uvc-main-heading ult-responsive\"  data-ultimate-target='.uvc-heading.ultimate-heading-610369d4b02a99f13 h1'  data-responsive-json-new='{\"font-size\":\"desktop:28px;\",\"line-height\":\"desktop:34px;\"}' ><h1 style=\"font-weight:bold;color:#ffffff;margin-bottom:25px;\">Professionelle \u00dcbersetzungs- und Dolmetscherdienste in Englisch - T\u00fcrkisch, Englisch - Deutsch und vielen anderen Sprachkombinationen<\/h1><\/div><\/div>[vc_column_text]<span style=\"font-size: 18px; color: #ffffff;\">Englisch ist die Lingua franca unserer Zeit mit insgesamt ca. eineinhalb Milliarden Menschen, die Englisch sowohl als Mutter- als auch als Zweitsprache sprechen. Da Englisch die am h\u00e4ufigsten verwendete Sprache in der internationalen Wirtschaft, Kommunikation und technologischen Forschung ist, ist sie wahrhaftig eine Weltsprache.<\/span><br \/>\n<span style=\"font-size: 18px; color: #ffffff;\"><br \/>\nMit \u00fcber 15 Jahren Erfahrung in der \u00dcbersetzungs- und Lokalisierungsbranche bieten wir unseren Kunden aus aller Welt erstklassige linguistische Dienstleistungen in englischer Sprache f\u00fcr ihre Bed\u00fcrfnisse in den Bereichen \u00dcbersetzung, Lokalisierung, Dolmetschen, Multimedia und Content Creation Services.<\/span><\/p>\n<p><span style=\"font-size: 18px; color: #ffffff;\">Kontaktieren Sie jetzt unser Team und fordern Sie ein kostenloses Angebot an!<\/span>[\/vc_column_text][vc_row_inner equal_height=&#8221;yes&#8221; content_placement=&#8221;top&#8221;][vc_column_inner css=&#8221;.vc_custom_1644313629914{padding-top: 20px !important;padding-bottom: 32px !important;}&#8221;]<style type=\"text\/css\" data-type=\"the7_shortcodes-inline-css\">#default-btn-1069d10b8160f763393831baa0eb11db.ico-right-side > i {\n  margin-right: 0px;\n  margin-left: 8px;\n}\n#default-btn-1069d10b8160f763393831baa0eb11db > i {\n  margin-right: 8px;\n}\n#default-btn-1069d10b8160f763393831baa0eb11db * {\n  vertical-align: middle;\n}\n<\/style><a href=\"\/de\/uebersetzungspreis-berechnen\/\" class=\"default-btn-shortcode dt-btn dt-btn-l link-hover-off button-tto-grey btn-inline-left  vc_custom_1627381162877\" id=\"default-btn-1069d10b8160f763393831baa0eb11db\" style=\"width:286px;\"><span>Preis kalkulieren<\/span><\/a><style type=\"text\/css\" data-type=\"the7_shortcodes-inline-css\">#default-btn-297653950fa823d6b46223c9993bd9b5.ico-right-side > i {\n  margin-right: 0px;\n  margin-left: 8px;\n}\n#default-btn-297653950fa823d6b46223c9993bd9b5 > i {\n  margin-right: 8px;\n}\n#default-btn-297653950fa823d6b46223c9993bd9b5 * {\n  vertical-align: middle;\n}\n<\/style><a href=\"\/de\/angebot-anfordern\/\" class=\"default-btn-shortcode dt-btn dt-btn-l link-hover-off button-tto-red btn-inline-left  vc_custom_1627381187357\" id=\"default-btn-297653950fa823d6b46223c9993bd9b5\" style=\"width:286px;\"><span>Kostenloses Angebot einholen<\/span><\/a>[\/vc_column_inner][\/vc_row_inner][\/vc_column][vc_column width=&#8221;1\/2&#8243;][\/vc_column][\/vc_row][vc_row equal_height=&#8221;yes&#8221; content_placement=&#8221;top&#8221; bg_type=&#8221;image&#8221; parallax_style=&#8221;vcpb-hz-jquery&#8221; bg_image_new=&#8221;id^1611|url^https:\/\/www.turkishtranslationoffice.com\/de\/wp-content\/uploads\/sites\/2\/2016\/02\/bg-mem.png|caption^null|alt^null|title^bg-mem|description^null&#8221; bg_override=&#8221;ex-full&#8221; type=&#8221;vc_default&#8221; margin_top=&#8221;5&#8243; margin_bottom=&#8221;10&#8243; css=&#8221;.vc_custom_1599554795000{padding-top: 30px !important;padding-bottom: 50px !important;background-color: #f4f4f4 !important;}&#8221;][vc_column width=&#8221;1\/2&#8243; css=&#8221;.vc_custom_1491746299333{padding-bottom: 0px !important;}&#8221;]<style type=\"text\/css\" data-type=\"the7_shortcodes-inline-css\">.shortcode-single-image-wrap.shortcode-single-image-d66f11c7e936e2731d979ed499b989d0.enable-bg-rollover .rollover i,\n.shortcode-single-image-wrap.shortcode-single-image-d66f11c7e936e2731d979ed499b989d0.enable-bg-rollover .rollover-video i {\n  background: ;\n  background: -webkit-linear-gradient();\n  background: linear-gradient();\n}\n.shortcode-single-image-wrap.shortcode-single-image-d66f11c7e936e2731d979ed499b989d0 .rollover-icon {\n  font-size: 32px;\n  color: #ffffff;\n  min-width: 44px;\n  min-height: 44px;\n  line-height: 44px;\n  border-radius: 100px;\n  border-style: solid;\n  border-width: 0px;\n}\n.dt-icon-bg-on.shortcode-single-image-wrap.shortcode-single-image-d66f11c7e936e2731d979ed499b989d0 .rollover-icon {\n  background: rgba(255,255,255,0.3);\n  box-shadow: none;\n}\n<\/style><div class=\"shortcode-single-image-wrap shortcode-single-image-d66f11c7e936e2731d979ed499b989d0 alignnone  enable-bg-rollover dt-icon-bg-off\" style=\"margin-top:0px; margin-bottom:0px; margin-left:0px; margin-right:0px; width:1000px;\"><div class=\"shortcode-single-image\"><div class=\"fancy-media-wrap  layzr-bg\" style=\"border-radius:10px;\"><img loading=\"lazy\" decoding=\"async\" class=\"preload-me lazy-load\" src=\"data:image\/svg+xml,%3Csvg%20xmlns%3D&#39;http%3A%2F%2Fwww.w3.org%2F2000%2Fsvg&#39;%20viewBox%3D&#39;0%200%201000%20700&#39;%2F%3E\" data-src=\"https:\/\/www.turkishtranslationoffice.com\/de\/wp-content\/uploads\/sites\/4\/2020\/09\/yuksek-kaliteli-insan-cevirisi-hizmetleri-1000x700.jpg\" data-srcset=\"https:\/\/www.turkishtranslationoffice.com\/de\/wp-content\/uploads\/sites\/4\/2020\/09\/yuksek-kaliteli-insan-cevirisi-hizmetleri-1000x700.jpg 1000w, https:\/\/www.turkishtranslationoffice.com\/de\/wp-content\/uploads\/sites\/4\/2020\/09\/yuksek-kaliteli-insan-cevirisi-hizmetleri-1525x1068.jpg 1525w\" width=\"1000\" height=\"700\"  data-dt-location=\"https:\/\/www.turkishtranslationoffice.com\/de\/uebersetzung-englisch\/yuksek-kaliteli-insan-cevirisi-hizmetleri\/\" style=\"border-radius:10px;\" alt=\"\" \/><\/div><\/div><\/div>[\/vc_column][vc_column width=&#8221;1\/2&#8243;]<div id=\"ultimate-heading-619969d4b02a9a57c\" class=\"uvc-heading ult-adjust-bottom-margin ultimate-heading-619969d4b02a9a57c uvc-8238 \" data-hspacer=\"no_spacer\"  data-halign=\"left\" style=\"text-align:left\"><div class=\"uvc-heading-spacer no_spacer\" style=\"top\"><\/div><div class=\"uvc-main-heading ult-responsive\"  data-ultimate-target='.uvc-heading.ultimate-heading-619969d4b02a9a57c h2'  data-responsive-json-new='{\"font-size\":\"desktop:24px;\",\"line-height\":\"desktop:34px;\"}' ><h2 style=\"font-weight:bold;margin-bottom:25px;\">Hochwertige menschliche \u00dcbersetzungen<\/h2><\/div><\/div>[vc_column_text]<\/p>\n<p style=\"text-align: left;\">Als <strong>ISO 17100-<\/strong> und <strong>ISO 9001-zertifiziertes<\/strong> Unternehmen garantiert Turkish Translation Office mit seinen englischsprachigen Muttersprachlern und etablierten \u00dcbersetzungsmanagementverfahren, die von erfahrenen Projektmanagern betreut werden, h\u00f6chste Qualit\u00e4t auf Weltniveau.<\/p>\n<p>Bei unseren Englisch-\u00dcbersetzungsdienstleistungen achten wir auf das Zielpublikum und bieten unseren Kunden die M\u00f6glichkeit, ihre Zieltexte in einer englischen Sprachvariante ihrer Wahl zu erhalten, z. B. in <strong>amerikanischem, britischem, kanadischem <\/strong>oder <strong>australischem Englisch<\/strong>.[\/vc_column_text][vc_column_text css=&#8221;.vc_custom_1627381251583{margin-bottom: 0px !important;padding-bottom: 15px !important;}&#8221;]<\/p>\n<p style=\"margin-top: -10px;\"><span style=\"color: #d44133;\"><strong>Mit einem gro\u00dfen Pool an \u00dcbersetzern f\u00fcr die englische Sprache bieten wir \u00dcbersetzungen f\u00fcr verschiedene Branchen an, z. B:<\/strong><\/span><\/p>\n<p>[\/vc_column_text][vc_row_inner equal_height=&#8221;yes&#8221; content_placement=&#8221;top&#8221;][vc_column_inner width=&#8221;1\/3&#8243;]<div class=\"standard-arrow bullet-top\"><ul>\n<li><a href=\"\/de\/akademische-uebersetzungen\/\">Wissenschaft<\/a><\/li>\n<li><a href=\"\/de\/finanzuebersetzungen\/\">Finanzen<\/a><\/li>\n<li><a href=\"\/de\/juristische-uebersetzungen\/\">Recht<\/a><\/li>\n<\/ul>\n<\/div>[\/vc_column_inner][vc_column_inner width=&#8221;1\/3&#8243;]<div class=\"standard-arrow bullet-top\"><ul>\n<li><a href=\"\/de\/fachuebersetzungen-it-elektrotechnik\/\">IT<\/a><\/li>\n<li><a href=\"\/de\/fachuebersetzungen-biowissenschaft\/\">Medizinisch<\/a><\/li>\n<li><a href=\"\/de\/fachuebersetzungen-luftfahrtindustrie\/\">Luftfahrt<\/a><\/li>\n<\/ul>\n<\/div>[\/vc_column_inner][vc_column_inner width=&#8221;1\/3&#8243;]<div class=\"standard-arrow bullet-top\"><ul>\n<li><a href=\"\/de\/fachuebersetzungen-energiebranche\/\">Energie<\/a><\/li>\n<li><a href=\"\/de\/fachuebersetzungen-automobilbranche\/\">Automobilindustrie<\/a><\/li>\n<\/ul>\n<\/div>[\/vc_column_inner][\/vc_row_inner][\/vc_column][\/vc_row][vc_row equal_height=&#8221;yes&#8221; content_placement=&#8221;top&#8221; bg_type=&#8221;image&#8221; parallax_style=&#8221;vcpb-default&#8221; bg_image_new=&#8221;id^4436|url^https:\/\/www.turkishtranslationoffice.com\/de\/wp-content\/uploads\/sites\/2\/2020\/09\/noter-onayli-ve-yeminli-tercume-hizmetleri-1.jpg|caption^null|alt^null|title^noter-onayli-ve-yeminli-tercume-hizmetleri|description^null&#8221; bg_image_repeat=&#8221;no-repeat&#8221; bg_override=&#8221;ex-full&#8221; type=&#8221;vc_default&#8221; margin_top=&#8221;5&#8243; margin_bottom=&#8221;10&#8243; css=&#8221;.vc_custom_1599557881454{padding-top: 30px !important;padding-bottom: 50px !important;}&#8221;][vc_column width=&#8221;1\/2&#8243;]<div id=\"ultimate-heading-883269d4b02a9a613\" class=\"uvc-heading ult-adjust-bottom-margin ultimate-heading-883269d4b02a9a613 uvc-4156 \" data-hspacer=\"no_spacer\"  data-halign=\"left\" style=\"text-align:left\"><div class=\"uvc-heading-spacer no_spacer\" style=\"top\"><\/div><div class=\"uvc-main-heading ult-responsive\"  data-ultimate-target='.uvc-heading.ultimate-heading-883269d4b02a9a613 h2'  data-responsive-json-new='{\"font-size\":\"desktop:24px;\",\"line-height\":\"desktop:34px;\"}' ><h2 style=\"font-weight:bold;color:#ffffff;margin-bottom:25px;\">Notarielle und beglaubigte \u00dcbersetzungen f\u00fcr Englisch<\/h2><\/div><\/div>[vc_column_text]<span style=\"color: #ffffff;\">Sie m\u00f6chten Ihre Dokumente von einem zuverl\u00e4ssigen Fachmann in der T\u00fcrkiye \u00fcbersetzen und beglaubigen lassen? Sie k\u00f6nnen uns Ihre Beglaubigung, Legalisierung und Apostille anvertrauen. Neben der \u00dcbersetzung Ihrer Dokumente sind wir auch bereit, alle notariellen Beglaubigungen und Legalisierungen in der T\u00fcrkiye f\u00fcr Sie zu \u00fcbernehmen und an Ihre Adresse in jedem Teil der Welt zu liefern.<\/span>[\/vc_column_text][vc_column_text css=&#8221;.vc_custom_1627381410699{margin-bottom: 0px !important;padding-bottom: 15px !important;}&#8221;]<\/p>\n<p style=\"margin-top: -10px;\"><span style=\"color: #ffffff;\"><strong>Mit unserem erfahrenen Managementteam bieten wir unseren Kunden auf der ganzen Welt die \u00dcbersetzung und notarielle Beglaubigung ihrer juristischen Dokumente, wie z.B.:<\/strong><\/span><\/p>\n<p>[\/vc_column_text]<div class=\"standard-arrow bullet-top\"><ul>\n<li><span style=\"color: #ffffff;\">Vertr\u00e4ge<\/span><\/li>\n<li><span style=\"color: #ffffff;\">P\u00e4sse, Personalausweise, Diplome, F\u00fchrerscheine<\/span><\/li>\n<li><span style=\"color: #ffffff;\">Gerichtsdokumente und Petitionen<\/span><\/li>\n<li><span style=\"color: #ffffff;\">Vollmachten<\/span><\/li>\n<li><span style=\"color: #ffffff;\">Aufenthaltsbescheinigungen<\/span><\/li>\n<li><span style=\"color: #ffffff;\">Andere relevante Dokumente im Zusammenhang mit der Einwanderungsbeh\u00f6rde<\/span><\/li>\n<\/ul>\n<\/div>[\/vc_column][vc_column width=&#8221;1\/2&#8243;][\/vc_column][\/vc_row][vc_row equal_height=&#8221;yes&#8221; content_placement=&#8221;top&#8221; bg_type=&#8221;image&#8221; parallax_style=&#8221;vcpb-hz-jquery&#8221; bg_image_new=&#8221;id^1611|url^https:\/\/www.turkishtranslationoffice.com\/de\/wp-content\/uploads\/sites\/2\/2016\/02\/bg-mem.png|caption^null|alt^null|title^bg-mem|description^null&#8221; bg_override=&#8221;ex-full&#8221; type=&#8221;vc_default&#8221; margin_top=&#8221;5&#8243; margin_bottom=&#8221;10&#8243; css=&#8221;.vc_custom_1599512768521{padding-top: 30px !important;padding-bottom: 50px !important;background-color: #f4f4f4 !important;}&#8221;][vc_column width=&#8221;1\/2&#8243;]<style type=\"text\/css\" data-type=\"the7_shortcodes-inline-css\">.shortcode-single-image-wrap.shortcode-single-image-9b17dbc7e62cb4506e15c76dfa762d96.enable-bg-rollover .rollover i,\n.shortcode-single-image-wrap.shortcode-single-image-9b17dbc7e62cb4506e15c76dfa762d96.enable-bg-rollover .rollover-video i {\n  background: ;\n  background: -webkit-linear-gradient();\n  background: linear-gradient();\n}\n.shortcode-single-image-wrap.shortcode-single-image-9b17dbc7e62cb4506e15c76dfa762d96 .rollover-icon {\n  font-size: 32px;\n  color: #ffffff;\n  min-width: 44px;\n  min-height: 44px;\n  line-height: 44px;\n  border-radius: 100px;\n  border-style: solid;\n  border-width: 0px;\n}\n.dt-icon-bg-on.shortcode-single-image-wrap.shortcode-single-image-9b17dbc7e62cb4506e15c76dfa762d96 .rollover-icon {\n  background: rgba(255,255,255,0.3);\n  box-shadow: none;\n}\n<\/style><div class=\"shortcode-single-image-wrap shortcode-single-image-9b17dbc7e62cb4506e15c76dfa762d96 alignnone  enable-bg-rollover dt-icon-bg-off\" style=\"margin-top:0px; margin-bottom:0px; margin-left:0px; margin-right:0px; width:1000px;\"><div class=\"shortcode-single-image\"><div class=\"fancy-media-wrap  layzr-bg\" style=\"border-radius:10px;\"><img loading=\"lazy\" decoding=\"async\" class=\"preload-me lazy-load\" src=\"data:image\/svg+xml,%3Csvg%20xmlns%3D&#39;http%3A%2F%2Fwww.w3.org%2F2000%2Fsvg&#39;%20viewBox%3D&#39;0%200%201000%20700&#39;%2F%3E\" data-src=\"https:\/\/www.turkishtranslationoffice.com\/de\/wp-content\/uploads\/sites\/4\/2020\/09\/sozlu-ceviri-hizmetleri-1000x700.jpg\" data-srcset=\"https:\/\/www.turkishtranslationoffice.com\/de\/wp-content\/uploads\/sites\/4\/2020\/09\/sozlu-ceviri-hizmetleri-1000x700.jpg 1000w, https:\/\/www.turkishtranslationoffice.com\/de\/wp-content\/uploads\/sites\/4\/2020\/09\/sozlu-ceviri-hizmetleri-1525x1068.jpg 1525w\" width=\"1000\" height=\"700\"  data-dt-location=\"https:\/\/www.turkishtranslationoffice.com\/de\/uebersetzung-arabisch\/sozlu-ceviri-hizmetleri\/\" style=\"border-radius:10px;\" alt=\"\" \/><\/div><\/div><\/div>[\/vc_column][vc_column width=&#8221;1\/2&#8243;]<div id=\"ultimate-heading-282369d4b02a9a937\" class=\"uvc-heading ult-adjust-bottom-margin ultimate-heading-282369d4b02a9a937 uvc-5368 \" data-hspacer=\"no_spacer\"  data-halign=\"left\" style=\"text-align:left\"><div class=\"uvc-heading-spacer no_spacer\" style=\"top\"><\/div><div class=\"uvc-main-heading ult-responsive\"  data-ultimate-target='.uvc-heading.ultimate-heading-282369d4b02a9a937 h2'  data-responsive-json-new='{\"font-size\":\"desktop:24px;\",\"line-height\":\"desktop:34px;\"}' ><h2 style=\"font-weight:bold;margin-bottom:25px;\">L\u00f6sungen f\u00fcr Englisch-Dolmetschen<\/h2><\/div><\/div>[vc_column_text]Englisch ist die am h\u00e4ufigsten verwendete Sprache, die in fast allen internationalen Organisationen oder bei Veranstaltungen gesprochen wird. Wir bieten Dolmetscherdienste f\u00fcr unsere Kunden, die professionelle Dolmetscher f\u00fcr ihre Veranstaltungen in der T\u00fcrkiye und in anderen Regionen der Welt ben\u00f6tigen.<\/p>\n<p>Sie sind auf der Suche nach einem zuverl\u00e4ssigen Partner, der \u00fcber gro\u00dfe Erfahrung in der Leitung von Dolmetscherprojekten bei internationalen Konferenzen, Seminaren und Veranstaltungen verf\u00fcgt? Oder ben\u00f6tigen Sie eine Simultananlage f\u00fcr Ihre Veranstaltung und m\u00f6chten ein System mieten, das Ihren Anforderungen entspricht? Bitte nehmen Sie Kontakt mit unserem Team auf und fordern Sie ein kostenloses Angebot f\u00fcr Sprachpaare wie z.B <strong>Englisch &#8211; T\u00fcrkisch, Englisch &#8211; Deutsch<\/strong> und viele mehr.[\/vc_column_text][vc_column_text css=&#8221;.vc_custom_1627381559982{margin-bottom: 0px !important;padding-bottom: 15px !important;}&#8221;]<\/p>\n<p style=\"margin-top: -10px;\"><strong style=\"color: #d44133;\">Unsere Dolmetscherdienste umfassen:<\/strong><\/p>\n<p>[\/vc_column_text][vc_row_inner equal_height=&#8221;yes&#8221; content_placement=&#8221;top&#8221;][vc_column_inner]<div class=\"standard-arrow bullet-top\"><ul>\n<li><a href=\"\/de\/simultandolmetscherdienste\/\">Simultandolmetschen<\/a><\/li>\n<li><a href=\"\/de\/konsekutiv-dolmetschen\/\">Konsekutivdolmetschen<\/a><\/li>\n<li><a href=\"\/de\/fl\u00fcsterdolmetscher\/\">Fl\u00fcsterdolmetschen<\/a><\/li>\n<li><a href=\"\/de\/vermietung-von-simultananlagen\/\">Vermietung von technischer Ausr\u00fcstung wie Dolmetscherkabinen, Beschallungsanlagen, Headsets, Projektoren etc.<\/a><\/li>\n<\/ul>\n<\/div>[\/vc_column_inner][\/vc_row_inner][\/vc_column][\/vc_row][vc_row equal_height=&#8221;yes&#8221; content_placement=&#8221;top&#8221; bg_type=&#8221;image&#8221; parallax_style=&#8221;vcpb-default&#8221; bg_image_new=&#8221;id^2302|url^https:\/\/www.turkishtranslationoffice.com\/de\/wp-content\/uploads\/sites\/2\/2020\/08\/arka-plan-siyah-beyaz.png|caption^null|alt^null|title^arka-plan-siyah-beyaz|description^null&#8221; bg_image_repeat=&#8221;no-repeat&#8221; bg_override=&#8221;ex-full&#8221; type=&#8221;vc_default&#8221; margin_top=&#8221;5&#8243; margin_bottom=&#8221;10&#8243; css=&#8221;.vc_custom_1599559379371{padding-top: 30px !important;padding-bottom: 50px !important;background-color: #e6524f !important;}&#8221;][vc_column width=&#8221;1\/2&#8243;]<div id=\"ultimate-heading-237769d4b02a9a988\" class=\"uvc-heading ult-adjust-bottom-margin ultimate-heading-237769d4b02a9a988 uvc-3841 \" data-hspacer=\"no_spacer\"  data-halign=\"left\" style=\"text-align:left\"><div class=\"uvc-heading-spacer no_spacer\" style=\"top\"><\/div><div class=\"uvc-main-heading ult-responsive\"  data-ultimate-target='.uvc-heading.ultimate-heading-237769d4b02a9a988 h2'  data-responsive-json-new='{\"font-size\":\"desktop:24px;\",\"line-height\":\"desktop:34px;\"}' ><h2 style=\"font-weight:bold;color:#ffffff;margin-bottom:25px;\">Lokalisierungsdienstleistungen durch englische Muttersprachler<\/h2><\/div><\/div>[vc_column_text]<\/p>\n<p style=\"text-align: left;\"><span style=\"color: #ffffff;\">Turkish Translation Office ist der Lokalisierungsdienstleister vieler nationaler und internationaler Unternehmen, die auf dem lokalen oder internationalen Markt t\u00e4tig sind. Wir bieten <strong>Lokalisierungs-<\/strong> und <strong>Anpassungsl\u00f6sungen<\/strong> in englischer Sprache f\u00fcr unsere Kunden, die ihre Reichweite auf neue M\u00e4rkte ausdehnen m\u00f6chten, um ihre Produkte an die Erwartungen ihrer lokalen Benutzer und Kunden anzupassen.<\/span><\/p>\n<p><span style=\"color: #ffffff;\">Kontaktieren Sie uns jetzt, um unsere Lokalisierungsdienste zu nutzen und Ihr Unternehmen f\u00fcr lokale M\u00e4rkte zu \u00f6ffnen.<\/span>[\/vc_column_text][vc_column_text css=&#8221;.vc_custom_1627381791470{margin-bottom: 0px !important;padding-bottom: 15px !important;}&#8221;]<\/p>\n<p style=\"margin-top: -10px;\"><span style=\"color: #ffffff;\"><strong>Unsere Lokalisierungsdienstleistungen umfassen:<br \/>\n<\/strong><\/span><\/p>\n<p>[\/vc_column_text][vc_row_inner equal_height=&#8221;yes&#8221; content_placement=&#8221;top&#8221;][vc_column_inner]<div class=\"standard-arrow bullet-top\"><ul>\n<li><a style=\"color: #ffffff;\" href=\"\/de\/software-lokalisierungsdienste\/\"><span style=\"color: #ffffff;\">Software-Lokalisierung<\/span><\/a><\/li>\n<li><span style=\"color: #ffffff;\"><a style=\"color: #ffffff;\" href=\"\/de\/webseiten-uebersetzungen\/\">Website-Lokalisierung<\/a><\/span><\/li>\n<li><span style=\"color: #ffffff;\"><a style=\"color: #ffffff;\" href=\"\/de\/mobile-app-lokalisierungen\/\">Lokalisierung einer mobilen App<\/a><\/span><\/li>\n<li><span style=\"color: #ffffff;\"><a style=\"color: #ffffff;\" href=\"\/de\/videospiel-lokalisierung\/\">Lokalisierung von Spielen<\/a><\/span><\/li>\n<li><span style=\"color: #ffffff;\"><a style=\"color: #ffffff;\" href=\"\/de\/multimedia-lokalisierungsdienste\/\">Lokalisierung von Multimedia-Inhalten, die Untertitelung, Transkription und audiovisuelle \u00dcbersetzung umfasst<\/a><\/span><\/li>\n<\/ul>\n<\/div>[\/vc_column_inner][\/vc_row_inner][\/vc_column][vc_column width=&#8221;1\/2&#8243; css=&#8221;.vc_custom_1491746299333{padding-bottom: 0px !important;}&#8221;]<style type=\"text\/css\" data-type=\"the7_shortcodes-inline-css\">.shortcode-single-image-wrap.shortcode-single-image-a019f5b622178bb919a488a94b5e8266.enable-bg-rollover .rollover i,\n.shortcode-single-image-wrap.shortcode-single-image-a019f5b622178bb919a488a94b5e8266.enable-bg-rollover .rollover-video i {\n  background: ;\n  background: -webkit-linear-gradient();\n  background: linear-gradient();\n}\n.shortcode-single-image-wrap.shortcode-single-image-a019f5b622178bb919a488a94b5e8266 .rollover-icon {\n  font-size: 32px;\n  color: #ffffff;\n  min-width: 44px;\n  min-height: 44px;\n  line-height: 44px;\n  border-radius: 100px;\n  border-style: solid;\n  border-width: 0px;\n}\n.dt-icon-bg-on.shortcode-single-image-wrap.shortcode-single-image-a019f5b622178bb919a488a94b5e8266 .rollover-icon {\n  background: rgba(255,255,255,0.3);\n  box-shadow: none;\n}\n<\/style><div class=\"shortcode-single-image-wrap shortcode-single-image-a019f5b622178bb919a488a94b5e8266 alignnone  enable-bg-rollover dt-icon-bg-off\" style=\"margin-top:0px; margin-bottom:0px; margin-left:0px; margin-right:0px; width:1000px;\"><div class=\"shortcode-single-image\"><div class=\"fancy-media-wrap  layzr-bg\" style=\"border-radius:10px;\"><img loading=\"lazy\" decoding=\"async\" class=\"preload-me lazy-load\" src=\"data:image\/svg+xml,%3Csvg%20xmlns%3D&#39;http%3A%2F%2Fwww.w3.org%2F2000%2Fsvg&#39;%20viewBox%3D&#39;0%200%201000%20700&#39;%2F%3E\" data-src=\"https:\/\/www.turkishtranslationoffice.com\/de\/wp-content\/uploads\/sites\/4\/2020\/09\/ingilizce-yerellestirme-hizmetleri-1-1000x700.jpg\" data-srcset=\"https:\/\/www.turkishtranslationoffice.com\/de\/wp-content\/uploads\/sites\/4\/2020\/09\/ingilizce-yerellestirme-hizmetleri-1-1000x700.jpg 1000w, https:\/\/www.turkishtranslationoffice.com\/de\/wp-content\/uploads\/sites\/4\/2020\/09\/ingilizce-yerellestirme-hizmetleri-1-1521x1065.jpg 1521w\" width=\"1000\" height=\"700\"  data-dt-location=\"https:\/\/www.turkishtranslationoffice.com\/de\/uebersetzung-englisch\/ingilizce-yerellestirme-hizmetleri\/\" style=\"border-radius:10px;\" alt=\"\" \/><\/div><\/div><\/div>[\/vc_column][\/vc_row]<\/p>\n","protected":false},"excerpt":{"rendered":"<p>[vc_row equal_height=&#8221;yes&#8221; content_placement=&#8221;top&#8221; bg_type=&#8221;image&#8221; parallax_style=&#8221;vcpb-default&#8221; bg_image_new=&#8221;id^4506|url^https:\/\/www.turkishtranslationoffice.com\/de\/wp-content\/uploads\/sites\/2\/2020\/09\/diller.jpg|caption^null|alt^null|title^diller|description^null&#8221; bg_image_repeat=&#8221;no-repeat&#8221; bg_override=&#8221;ex-full&#8221; type=&#8221;vc_default&#8221; margin_top=&#8221;5&#8243; margin_bottom=&#8221;10&#8243; css=&#8221;.vc_custom_1629995499282{padding-top: 2% !important;padding-bottom: 2% !important;}&#8221;][vc_column width=&#8221;1\/2&#8243;][vc_column_text]Englisch ist die Lingua franca unserer Zeit mit insgesamt ca. eineinhalb Milliarden Menschen, die Englisch sowohl als Mutter- als auch als Zweitsprache sprechen. Da Englisch die am h\u00e4ufigsten verwendete Sprache in der internationalen Wirtschaft, Kommunikation und technologischen Forschung ist,&hellip;<\/p>\n","protected":false},"author":1,"featured_media":0,"parent":0,"menu_order":10,"comment_status":"closed","ping_status":"closed","template":"","meta":{"footnotes":""},"aioseo_notices":[],"_links":{"self":[{"href":"https:\/\/www.turkishtranslationoffice.com\/de\/wp-json\/wp\/v2\/pages\/4394"}],"collection":[{"href":"https:\/\/www.turkishtranslationoffice.com\/de\/wp-json\/wp\/v2\/pages"}],"about":[{"href":"https:\/\/www.turkishtranslationoffice.com\/de\/wp-json\/wp\/v2\/types\/page"}],"author":[{"embeddable":true,"href":"https:\/\/www.turkishtranslationoffice.com\/de\/wp-json\/wp\/v2\/users\/1"}],"replies":[{"embeddable":true,"href":"https:\/\/www.turkishtranslationoffice.com\/de\/wp-json\/wp\/v2\/comments?post=4394"}],"version-history":[{"count":15,"href":"https:\/\/www.turkishtranslationoffice.com\/de\/wp-json\/wp\/v2\/pages\/4394\/revisions"}],"predecessor-version":[{"id":6969,"href":"https:\/\/www.turkishtranslationoffice.com\/de\/wp-json\/wp\/v2\/pages\/4394\/revisions\/6969"}],"wp:attachment":[{"href":"https:\/\/www.turkishtranslationoffice.com\/de\/wp-json\/wp\/v2\/media?parent=4394"}],"curies":[{"name":"wp","href":"https:\/\/api.w.org\/{rel}","templated":true}]}}