{"id":4445,"date":"2020-09-08T13:21:41","date_gmt":"2020-09-08T10:21:41","guid":{"rendered":"https:\/\/www.turkishtranslationoffice.com\/tr\/arapca-tercume-copy\/"},"modified":"2022-06-06T14:42:25","modified_gmt":"2022-06-06T11:42:25","slug":"uebersetzung-persisch","status":"publish","type":"page","link":"https:\/\/www.turkishtranslationoffice.com\/de\/uebersetzung-persisch\/","title":{"rendered":"Persisch"},"content":{"rendered":"<p>[vc_row equal_height=&#8221;yes&#8221; content_placement=&#8221;top&#8221; bg_type=&#8221;image&#8221; parallax_style=&#8221;vcpb-default&#8221; bg_image_new=&#8221;id^4477|url^https:\/\/www.turkishtranslationoffice.com\/de\/wp-content\/uploads\/sites\/2\/2020\/09\/farsca.jpg|caption^null|alt^null|title^farsca|description^null&#8221; bg_image_repeat=&#8221;no-repeat&#8221; bg_override=&#8221;ex-full&#8221; type=&#8221;vc_default&#8221; margin_top=&#8221;5&#8243; margin_bottom=&#8221;10&#8243; css=&#8221;.vc_custom_1629995593635{padding-top: 2% !important;padding-bottom: 2% !important;}&#8221;][vc_column width=&#8221;1\/2&#8243;]<div id=\"ultimate-heading-823669d4b1d9056bd\" class=\"uvc-heading ult-adjust-bottom-margin ultimate-heading-823669d4b1d9056bd uvc-5448 \" data-hspacer=\"no_spacer\"  data-halign=\"left\" style=\"text-align:left\"><div class=\"uvc-heading-spacer no_spacer\" style=\"top\"><\/div><div class=\"uvc-main-heading ult-responsive\"  data-ultimate-target='.uvc-heading.ultimate-heading-823669d4b1d9056bd h1'  data-responsive-json-new='{\"font-size\":\"desktop:28px;\",\"line-height\":\"desktop:34px;\"}' ><h1 style=\"font-weight:bold;margin-bottom:25px;\">Persisch \u00dcbersetzungen und Dolmetscherdienste<\/h1><\/div><\/div>[vc_column_text]<span style=\"font-size: 18px;\">Persisch, auch Farsi genannt, ist eine indoeurop\u00e4ische Sprache und wird von rund 110 Millionen Menschen im Iran, Afghanistan und Tadschikistan gesprochen.<\/span><\/p>\n<p><span style=\"font-size: 18px;\">M\u00f6chten Sie Gesch\u00e4fte mit dem Nahen Osten und Zentralasien in Persisch sprechenden L\u00e4ndern machen? Z\u00e4hlen Sie auf unsere muttersprachlichen Linguisten f\u00fcr Ihre Unternehmenskommunikationsmaterialien, juristischen Dokumente oder Produktinhalte.<\/span><\/p>\n<p><span style=\"font-size: 18px;\">F\u00fcr einen qualitativ hochwertigen linguistischen Service in der Sprache Farsi nehmen Sie Kontakt mit unserem Team auf und erhalten Sie jetzt Ihr kostenloses Angebot!<\/span>[\/vc_column_text][vc_row_inner equal_height=&#8221;yes&#8221; content_placement=&#8221;top&#8221;][vc_column_inner css=&#8221;.vc_custom_1644317268741{padding-top: 20px !important;padding-bottom: 32px !important;}&#8221;]<style type=\"text\/css\" data-type=\"the7_shortcodes-inline-css\">#default-btn-a96d83ff087fc03fac29dc6de6fd466b.ico-right-side > i {\n  margin-right: 0px;\n  margin-left: 8px;\n}\n#default-btn-a96d83ff087fc03fac29dc6de6fd466b > i {\n  margin-right: 8px;\n}\n#default-btn-a96d83ff087fc03fac29dc6de6fd466b * {\n  vertical-align: middle;\n}\n<\/style><a href=\"\/de\/uebersetzungspreis-berechnen\/\" class=\"default-btn-shortcode dt-btn dt-btn-l link-hover-off button-tto-grey btn-inline-left  vc_custom_1627390047525\" id=\"default-btn-a96d83ff087fc03fac29dc6de6fd466b\" style=\"width:286px;\"><span>Preis kalkulieren<\/span><\/a><style type=\"text\/css\" data-type=\"the7_shortcodes-inline-css\">#default-btn-199f38c3f94910bdbb8529bc8b11b51c.ico-right-side > i {\n  margin-right: 0px;\n  margin-left: 8px;\n}\n#default-btn-199f38c3f94910bdbb8529bc8b11b51c > i {\n  margin-right: 8px;\n}\n#default-btn-199f38c3f94910bdbb8529bc8b11b51c * {\n  vertical-align: middle;\n}\n<\/style><a href=\"\/de\/angebot-anfordern\/\" class=\"default-btn-shortcode dt-btn dt-btn-l link-hover-off button-tto-red btn-inline-left  vc_custom_1627390069418\" id=\"default-btn-199f38c3f94910bdbb8529bc8b11b51c\" style=\"width:286px;\"><span>Kostenloses Angebot einholen<\/span><\/a>[\/vc_column_inner][\/vc_row_inner][\/vc_column][vc_column width=&#8221;1\/2&#8243;][\/vc_column][\/vc_row][vc_row equal_height=&#8221;yes&#8221; content_placement=&#8221;top&#8221; bg_type=&#8221;image&#8221; parallax_style=&#8221;vcpb-default&#8221; bg_image_new=&#8221;id^2302|url^https:\/\/www.turkishtranslationoffice.com\/de\/wp-content\/uploads\/sites\/2\/2020\/08\/arka-plan-siyah-beyaz.png|caption^null|alt^null|title^arka-plan-siyah-beyaz|description^null&#8221; bg_override=&#8221;ex-full&#8221; type=&#8221;vc_default&#8221; margin_top=&#8221;5&#8243; margin_bottom=&#8221;10&#8243; css=&#8221;.vc_custom_1599564493751{padding-top: 30px !important;padding-bottom: 50px !important;}&#8221;][vc_column css=&#8221;.vc_custom_1491746299333{padding-bottom: 0px !important;}&#8221;][vc_row_inner equal_height=&#8221;yes&#8221; content_placement=&#8221;top&#8221;][vc_column_inner width=&#8221;1\/2&#8243;]<style type=\"text\/css\" data-type=\"the7_shortcodes-inline-css\">.shortcode-single-image-wrap.shortcode-single-image-08edec176fa4164d7c1a2944a5bd5742.enable-bg-rollover .rollover i,\n.shortcode-single-image-wrap.shortcode-single-image-08edec176fa4164d7c1a2944a5bd5742.enable-bg-rollover .rollover-video i {\n  background: ;\n  background: -webkit-linear-gradient();\n  background: linear-gradient();\n}\n.shortcode-single-image-wrap.shortcode-single-image-08edec176fa4164d7c1a2944a5bd5742 .rollover-icon {\n  font-size: 32px;\n  color: #ffffff;\n  min-width: 44px;\n  min-height: 44px;\n  line-height: 44px;\n  border-radius: 100px;\n  border-style: solid;\n  border-width: 0px;\n}\n.dt-icon-bg-on.shortcode-single-image-wrap.shortcode-single-image-08edec176fa4164d7c1a2944a5bd5742 .rollover-icon {\n  background: rgba(255,255,255,0.3);\n  box-shadow: none;\n}\n<\/style><div class=\"shortcode-single-image-wrap shortcode-single-image-08edec176fa4164d7c1a2944a5bd5742 alignnone  enable-bg-rollover dt-icon-bg-off\" style=\"margin-top:0px; margin-bottom:0px; margin-left:0px; margin-right:0px; width:1000px;\"><div class=\"shortcode-single-image\"><div class=\"fancy-media-wrap  layzr-bg\" style=\"border-radius:10px;\"><img loading=\"lazy\" decoding=\"async\" class=\"preload-me lazy-load\" src=\"data:image\/svg+xml,%3Csvg%20xmlns%3D&#39;http%3A%2F%2Fwww.w3.org%2F2000%2Fsvg&#39;%20viewBox%3D&#39;0%200%201000%20700&#39;%2F%3E\" data-src=\"https:\/\/www.turkishtranslationoffice.com\/de\/wp-content\/uploads\/sites\/4\/2020\/09\/noter-onayli-tercume-1000x700.jpg\" data-srcset=\"https:\/\/www.turkishtranslationoffice.com\/de\/wp-content\/uploads\/sites\/4\/2020\/09\/noter-onayli-tercume-1000x700.jpg 1000w, https:\/\/www.turkishtranslationoffice.com\/de\/wp-content\/uploads\/sites\/4\/2020\/09\/noter-onayli-tercume-1461x1023.jpg 1461w\" width=\"1000\" height=\"700\"  data-dt-location=\"https:\/\/www.turkishtranslationoffice.com\/de\/uebersetzung-persisch\/noter-onayli-tercume-3\/\" style=\"border-radius:10px;\" alt=\"\" \/><\/div><\/div><\/div>[\/vc_column_inner][vc_column_inner width=&#8221;1\/2&#8243; css=&#8221;.vc_custom_1596550089277{padding-top: 20px !important;}&#8221;]<div id=\"ultimate-heading-872369d4b1d905ee8\" class=\"uvc-heading ult-adjust-bottom-margin ultimate-heading-872369d4b1d905ee8 uvc-3661 \" data-hspacer=\"no_spacer\"  data-halign=\"left\" style=\"text-align:left\"><div class=\"uvc-heading-spacer no_spacer\" style=\"top\"><\/div><div class=\"uvc-main-heading ult-responsive\"  data-ultimate-target='.uvc-heading.ultimate-heading-872369d4b1d905ee8 h2'  data-responsive-json-new='{\"font-size\":\"desktop:24px;\",\"line-height\":\"desktop:34px;\"}' ><h2 style=\"font-weight:bold;margin-bottom:25px;\">Notariell beglaubigte \u00dcbersetzungen f\u00fcr Persisch<\/h2><\/div><\/div>[vc_column_text]<\/p>\n<p style=\"text-align: left;\">Wenn Sie ein \u00dcbersetzungsb\u00fcro f\u00fcr Persisch in der T\u00fcrkiye oder in Deutschland suchen, k\u00f6nnen Sie auf Turkish Translation Office z\u00e4hlen und erhalten von unseren fachkundigen vereidigten <strong>\u00dcbersetzern beglaubigte \u00dcbersetzungen<\/strong> in den Sprachkombinationen wie <strong>Persisch &#8211; T\u00fcrkisch, Persisch &#8211; Englisch<\/strong> oder <strong>Persisch &#8211; Deutsch<\/strong>.<\/p>\n<p>Schicken Sie uns Ihre juristischen Dokumente, <strong>Vertr\u00e4ge, Geburts- und Heiratsurkunden, Personalausweise, Diplome, Kontoausz\u00fcge<\/strong>, die Sie \u00fcbersetzen und beglaubigen lassen m\u00fcssen, lassen Sie uns alle <strong>Beglaubigungs-<\/strong> und <strong>Legalisierungsvorg\u00e4nge<\/strong> erledigen, die <strong>Apostille<\/strong> f\u00fcr Sie einholen und die Dokumente zur\u00fcck an Ihre Adresse liefern.[\/vc_column_text][\/vc_column_inner][\/vc_row_inner][\/vc_column][\/vc_row][vc_row equal_height=&#8221;yes&#8221; content_placement=&#8221;top&#8221; bg_type=&#8221;image&#8221; parallax_style=&#8221;vcpb-default&#8221; bg_image_new=&#8221;id^4373|url^https:\/\/www.turkishtranslationoffice.com\/de\/wp-content\/uploads\/sites\/2\/2020\/09\/sozlu-ceviri-hizmetleri-bg.jpg|caption^null|alt^null|title^sozlu-ceviri-hizmetleri-bg|description^null&#8221; bg_override=&#8221;ex-full&#8221; type=&#8221;vc_default&#8221; margin_top=&#8221;5&#8243; margin_bottom=&#8221;10&#8243; css=&#8221;.vc_custom_1599563947784{padding-top: 30px !important;padding-bottom: 30px !important;}&#8221;][vc_column width=&#8221;1\/2&#8243;]<div id=\"ultimate-heading-945469d4b1d905f18\" class=\"uvc-heading ult-adjust-bottom-margin ultimate-heading-945469d4b1d905f18 uvc-9371 \" data-hspacer=\"no_spacer\"  data-halign=\"left\" style=\"text-align:left\"><div class=\"uvc-heading-spacer no_spacer\" style=\"top\"><\/div><div class=\"uvc-main-heading ult-responsive\"  data-ultimate-target='.uvc-heading.ultimate-heading-945469d4b1d905f18 h2'  data-responsive-json-new='{\"font-size\":\"desktop:24px;\",\"line-height\":\"desktop:34px;\"}' ><h2 style=\"font-weight:bold;color:#ffffff;margin-bottom:25px;\">Dolmetscherdienste durch Persisch-Muttersprachler<\/h2><\/div><\/div>[vc_column_text]<span style=\"color: #ffffff;\">Haben Sie ein Gesch\u00e4ftstreffen oder eine internationale Konferenz und suchen Sie einen professionellen <b>Persisch-Dolmetscher<\/b> in der T\u00fcrkiye oder in Deutschland? Wir sind bereit, die richtige Person f\u00fcr Ihre Organisation als Dolmetscher einzusetzen und bieten Ihnen ein erstklassiges Serviceerlebnis f\u00fcr Veranstaltungen wie <b>konferenzen, Seminare, Krankenhaustermine, Gesch\u00e4ftstreffen, Firmenschulungen und Pr\u00e4sentationen.<\/b><\/span>[\/vc_column_text][vc_column_text css=&#8221;.vc_custom_1627390206254{margin-bottom: 0px !important;padding-bottom: 15px !important;}&#8221;]<\/p>\n<p style=\"margin-top: -10px;\"><span style=\"color: #ffffff;\"><strong>Kontaktieren Sie unser Team jetzt und erhalten Sie die Qualit\u00e4tsdienstleistungen, die Sie erwarten:<\/strong><\/span><\/p>\n<p>[\/vc_column_text][vc_row_inner equal_height=&#8221;yes&#8221; content_placement=&#8221;top&#8221;][vc_column_inner width=&#8221;1\/2&#8243;]<div class=\"standard-arrow bullet-top\"><ul>\n<li><span style=\"color: #ffffff;\"><a style=\"color: #ffffff;\" href=\"\/de\/simultandolmetscherdienste\/\">Simultandolmetschen<\/a><\/span><\/li>\n<li><span style=\"color: #ffffff;\"><a style=\"color: #ffffff;\" href=\"\/de\/over-the-phone-dolmetscherdienste\/\">Konferenzdolmetschen<\/a><\/span><\/li>\n<li><span style=\"color: #ffffff;\"><a style=\"color: #ffffff;\" href=\"\/de\/vermietung-von-simultananlagen\/\">Vermietung von Dolmetscheranlagen<\/a><\/span><\/li>\n<\/ul>\n<\/div>[\/vc_column_inner][vc_column_inner width=&#8221;1\/2&#8243;]<div class=\"standard-arrow bullet-top\"><ul>\n<li><span style=\"color: #ffffff;\"><a style=\"color: #ffffff;\" href=\"\/de\/konsekutiv-dolmetschen\/\">Konsekutivdolmetschen<\/a><\/span><\/li>\n<li><span style=\"color: #ffffff;\"><a style=\"color: #ffffff;\" href=\"\/de\/fl\u00fcsterdolmetscher\/\">Fl\u00fcsterdolmetschen<\/a><\/span><\/li>\n<\/ul>\n<\/div>[\/vc_column_inner][\/vc_row_inner][\/vc_column][vc_column width=&#8221;1\/2&#8243;][\/vc_column][\/vc_row][vc_row equal_height=&#8221;yes&#8221; content_placement=&#8221;top&#8221; bg_type=&#8221;image&#8221; parallax_style=&#8221;vcpb-hz-jquery&#8221; bg_image_new=&#8221;id^1611|url^https:\/\/www.turkishtranslationoffice.com\/de\/wp-content\/uploads\/sites\/2\/2016\/02\/bg-mem.png|caption^null|alt^null|title^bg-mem|description^null&#8221; bg_override=&#8221;ex-full&#8221; type=&#8221;vc_default&#8221; margin_top=&#8221;5&#8243; margin_bottom=&#8221;10&#8243; css=&#8221;.vc_custom_1599564686245{padding-top: 30px !important;padding-bottom: 50px !important;background-color: #f4f4f4 !important;}&#8221;][vc_column css=&#8221;.vc_custom_1491746299333{padding-bottom: 0px !important;}&#8221;][vc_row_inner equal_height=&#8221;yes&#8221; content_placement=&#8221;top&#8221;][vc_column_inner width=&#8221;1\/2&#8243;]<style type=\"text\/css\" data-type=\"the7_shortcodes-inline-css\">.shortcode-single-image-wrap.shortcode-single-image-8fcb7939b502c444d05dee04801f6fc6.enable-bg-rollover .rollover i,\n.shortcode-single-image-wrap.shortcode-single-image-8fcb7939b502c444d05dee04801f6fc6.enable-bg-rollover .rollover-video i {\n  background: ;\n  background: -webkit-linear-gradient();\n  background: linear-gradient();\n}\n.shortcode-single-image-wrap.shortcode-single-image-8fcb7939b502c444d05dee04801f6fc6 .rollover-icon {\n  font-size: 32px;\n  color: #ffffff;\n  min-width: 44px;\n  min-height: 44px;\n  line-height: 44px;\n  border-radius: 100px;\n  border-style: solid;\n  border-width: 0px;\n}\n.dt-icon-bg-on.shortcode-single-image-wrap.shortcode-single-image-8fcb7939b502c444d05dee04801f6fc6 .rollover-icon {\n  background: rgba(255,255,255,0.3);\n  box-shadow: none;\n}\n<\/style><div class=\"shortcode-single-image-wrap shortcode-single-image-8fcb7939b502c444d05dee04801f6fc6 alignnone  enable-bg-rollover dt-icon-bg-off\" style=\"margin-top:0px; margin-bottom:0px; margin-left:0px; margin-right:0px; width:1000px;\"><div class=\"shortcode-single-image\"><div class=\"fancy-media-wrap  layzr-bg\" style=\"border-radius:10px;\"><img loading=\"lazy\" decoding=\"async\" class=\"preload-me lazy-load\" src=\"data:image\/svg+xml,%3Csvg%20xmlns%3D&#39;http%3A%2F%2Fwww.w3.org%2F2000%2Fsvg&#39;%20viewBox%3D&#39;0%200%201000%20700&#39;%2F%3E\" data-src=\"https:\/\/www.turkishtranslationoffice.com\/de\/wp-content\/uploads\/sites\/4\/2020\/09\/lokalizasyon-hizmetleri-1000x700.jpg\" data-srcset=\"https:\/\/www.turkishtranslationoffice.com\/de\/wp-content\/uploads\/sites\/4\/2020\/09\/lokalizasyon-hizmetleri-1000x700.jpg 1000w, https:\/\/www.turkishtranslationoffice.com\/de\/wp-content\/uploads\/sites\/4\/2020\/09\/lokalizasyon-hizmetleri-1600x1120.jpg 1600w\" width=\"1000\" height=\"700\"  data-dt-location=\"https:\/\/www.turkishtranslationoffice.com\/de\/uebersetzung-arabisch\/lokalizasyon-hizmetleri\/\" style=\"border-radius:10px;\" alt=\"\" \/><\/div><\/div><\/div>[\/vc_column_inner][vc_column_inner width=&#8221;1\/2&#8243; css=&#8221;.vc_custom_1596550089277{padding-top: 20px !important;}&#8221;]<div id=\"ultimate-heading-318969d4b1d906396\" class=\"uvc-heading ult-adjust-bottom-margin ultimate-heading-318969d4b1d906396 uvc-8004 \" data-hspacer=\"no_spacer\"  data-halign=\"left\" style=\"text-align:left\"><div class=\"uvc-heading-spacer no_spacer\" style=\"top\"><\/div><div class=\"uvc-main-heading ult-responsive\"  data-ultimate-target='.uvc-heading.ultimate-heading-318969d4b1d906396 h2'  data-responsive-json-new='{\"font-size\":\"desktop:24px;\",\"line-height\":\"desktop:34px;\"}' ><h2 style=\"font-weight:bold;margin-bottom:25px;\">Persisch Lokalisierungsdienstleistungen<\/h2><\/div><\/div>[vc_column_text]Die Lokalisierung eines Produkts oder einer Dienstleistung in Persisch ist einer der Schl\u00fcssel, um von den Verbrauchern in einem Markt angenommen zu werden, der aus rund 110 Millionen Menschen besteht.[\/vc_column_text][vc_column_text css=&#8221;.vc_custom_1627390346923{margin-bottom: 0px !important;padding-bottom: 15px !important;}&#8221;]<\/p>\n<p style=\"margin-top: -10px;\"><strong style=\"color: #d44133;\">Turkish Translation Office bietet L\u00f6sungen f\u00fcr die Lokalisierung von Persisch in einer Vielzahl von Fachgebieten, wie z. B:<\/strong><\/p>\n<p>[\/vc_column_text]<div class=\"standard-arrow bullet-top\"><ul>\n<li><a href=\"\/de\/software-lokalisierungsdienste\/\">Software<\/a><\/li>\n<li><a href=\"\/de\/mobile-app-lokalisierungen\/\">Mobile Apps<\/a><\/li>\n<li><a href=\"\/de\/webseiten-uebersetzungen\/\">Websites<\/a><\/li>\n<li><a href=\"\/de\/sprachliche-dienste-digitales-marketing\/\">Digitales Marketing und multimediale Inhalte<\/a><\/li>\n<\/ul>\n<\/div>[\/vc_column_inner][\/vc_row_inner][\/vc_column][\/vc_row][vc_row content_placement=&#8221;middle&#8221; bg_type=&#8221;grad&#8221; bg_override=&#8221;ex-full&#8221; bg_grad=&#8221;background: -webkit-gradient(linear, left top, left bottom, color-stop(0%, #365088), color-stop(99%, #EA524D));background: -moz-linear-gradient(135deg,#365088 0%,#EA524D 99%);background: -webkit-linear-gradient(135deg,#365088 0%,#EA524D 99%);background: -o-linear-gradient(135deg,#365088 0%,#EA524D 99%);background: -ms-linear-gradient(135deg,#365088 0%,#EA524D 99%);background: linear-gradient(135deg,#365088 0%,#EA524D 99%);&#8221;][vc_column width=&#8221;5\/6&#8243;][vc_column_text]<strong style=\"color: #ffffff; font-size: 24px;\">M\u00f6chten Sie Ihre Inhalte an die Erwartungen der lokalen Benutzer anpassen? Wir sind bereit, Ihnen mit unseren Farsi-\u00dcbersetzern und Lokalisierungsprofis zu helfen!<\/strong>[\/vc_column_text][\/vc_column][vc_column width=&#8221;1\/6&#8243;][vc_btn title=&#8221;Angebot anfordern&#8221; color=&#8221;warning&#8221; size=&#8221;lg&#8221; align=&#8221;right&#8221; link=&#8221;url:%2Fde%2Fangebot-anfordern%2F&#8221;][\/vc_column][\/vc_row]<\/p>\n","protected":false},"excerpt":{"rendered":"<p>[vc_row equal_height=&#8221;yes&#8221; content_placement=&#8221;top&#8221; bg_type=&#8221;image&#8221; parallax_style=&#8221;vcpb-default&#8221; bg_image_new=&#8221;id^4477|url^https:\/\/www.turkishtranslationoffice.com\/de\/wp-content\/uploads\/sites\/2\/2020\/09\/farsca.jpg|caption^null|alt^null|title^farsca|description^null&#8221; bg_image_repeat=&#8221;no-repeat&#8221; bg_override=&#8221;ex-full&#8221; type=&#8221;vc_default&#8221; margin_top=&#8221;5&#8243; margin_bottom=&#8221;10&#8243; css=&#8221;.vc_custom_1629995593635{padding-top: 2% !important;padding-bottom: 2% !important;}&#8221;][vc_column width=&#8221;1\/2&#8243;][vc_column_text]Persisch, auch Farsi genannt, ist eine indoeurop\u00e4ische Sprache und wird von rund 110 Millionen Menschen im Iran, Afghanistan und Tadschikistan gesprochen. M\u00f6chten Sie Gesch\u00e4fte mit dem Nahen Osten und Zentralasien in Persisch sprechenden L\u00e4ndern machen? Z\u00e4hlen Sie auf unsere&hellip;<\/p>\n","protected":false},"author":1,"featured_media":0,"parent":0,"menu_order":10,"comment_status":"closed","ping_status":"closed","template":"","meta":{"footnotes":""},"aioseo_notices":[],"_links":{"self":[{"href":"https:\/\/www.turkishtranslationoffice.com\/de\/wp-json\/wp\/v2\/pages\/4445"}],"collection":[{"href":"https:\/\/www.turkishtranslationoffice.com\/de\/wp-json\/wp\/v2\/pages"}],"about":[{"href":"https:\/\/www.turkishtranslationoffice.com\/de\/wp-json\/wp\/v2\/types\/page"}],"author":[{"embeddable":true,"href":"https:\/\/www.turkishtranslationoffice.com\/de\/wp-json\/wp\/v2\/users\/1"}],"replies":[{"embeddable":true,"href":"https:\/\/www.turkishtranslationoffice.com\/de\/wp-json\/wp\/v2\/comments?post=4445"}],"version-history":[{"count":12,"href":"https:\/\/www.turkishtranslationoffice.com\/de\/wp-json\/wp\/v2\/pages\/4445\/revisions"}],"predecessor-version":[{"id":6972,"href":"https:\/\/www.turkishtranslationoffice.com\/de\/wp-json\/wp\/v2\/pages\/4445\/revisions\/6972"}],"wp:attachment":[{"href":"https:\/\/www.turkishtranslationoffice.com\/de\/wp-json\/wp\/v2\/media?parent=4445"}],"curies":[{"name":"wp","href":"https:\/\/api.w.org\/{rel}","templated":true}]}}