{"id":4480,"date":"2020-09-08T15:53:09","date_gmt":"2020-09-08T12:53:09","guid":{"rendered":"https:\/\/www.turkishtranslationoffice.com\/tr\/farsca-tercume-copy\/"},"modified":"2022-06-06T14:47:11","modified_gmt":"2022-06-06T11:47:11","slug":"uebersetzung-franzoesisch","status":"publish","type":"page","link":"https:\/\/www.turkishtranslationoffice.com\/de\/uebersetzung-franzoesisch\/","title":{"rendered":"Franz\u00f6sisch"},"content":{"rendered":"<p>[vc_row equal_height=&#8221;yes&#8221; content_placement=&#8221;top&#8221; bg_type=&#8221;image&#8221; parallax_style=&#8221;vcpb-default&#8221; bg_image_new=&#8221;id^4506|url^https:\/\/www.turkishtranslationoffice.com\/de\/wp-content\/uploads\/sites\/2\/2020\/09\/diller.jpg|caption^null|alt^null|title^diller|description^null&#8221; bg_image_repeat=&#8221;no-repeat&#8221; bg_override=&#8221;ex-full&#8221; type=&#8221;vc_default&#8221; margin_top=&#8221;5&#8243; margin_bottom=&#8221;10&#8243; css=&#8221;.vc_custom_1629995527848{padding-top: 2% !important;padding-bottom: 2% !important;}&#8221;][vc_column width=&#8221;1\/2&#8243;]<div id=\"ultimate-heading-132969d4b1d866b81\" class=\"uvc-heading ult-adjust-bottom-margin ultimate-heading-132969d4b1d866b81 uvc-2149 \" data-hspacer=\"no_spacer\"  data-halign=\"left\" style=\"text-align:left\"><div class=\"uvc-heading-spacer no_spacer\" style=\"top\"><\/div><div class=\"uvc-main-heading ult-responsive\"  data-ultimate-target='.uvc-heading.ultimate-heading-132969d4b1d866b81 h1'  data-responsive-json-new='{\"font-size\":\"desktop:28px;\",\"line-height\":\"desktop:34px;\"}' ><h1 style=\"font-weight:bold;color:#ffffff;margin-bottom:25px;\">Qualitativ hochwertige franz\u00f6sische \u00dcbersetzungen, Dolmetscher und Lokalisierungsdienste<\/h1><\/div><\/div>[vc_column_text]<span style=\"font-size: 18px; color: #ffffff;\">Von rund 274 Millionen Menschen gesprochen, war Franz\u00f6sisch einst die Lingua franca der Welt. Auch wenn sie heute ihren fr\u00fcheren Status verloren hat, ist sie immer noch eine der am meisten gesprochenen Sprachen der Welt. Sie ist nicht nur als Amts- und Arbeitssprache der Europ\u00e4ischen Union anerkannt, sondern auch eine der offiziellen Sprachen der Vereinten Nationen.<\/span><\/p>\n<p><span style=\"font-size: 18px; color: #ffffff;\">Wir arbeiten mit franz\u00f6sischen Muttersprachlern zusammen und bieten <b>beglaubigte \u00dcbersetzungen, Dolmetscherdienste, Lokalisierung<\/b> und <b>Lektorat<\/b> in Sprachkombinationen wie <b>Franz\u00f6sisch-T\u00fcrkisch, Franz\u00f6sisch-Englisch, Franz\u00f6sisch-Deutsch<\/b> und viele mehr.<\/span>[\/vc_column_text][vc_row_inner equal_height=&#8221;yes&#8221; content_placement=&#8221;top&#8221;][vc_column_inner css=&#8221;.vc_custom_1644313696582{padding-top: 20px !important;padding-bottom: 32px !important;}&#8221;]<style type=\"text\/css\" data-type=\"the7_shortcodes-inline-css\">#default-btn-172017d0b9eaecdcdf9342e15fe710fe.ico-right-side > i {\n  margin-right: 0px;\n  margin-left: 8px;\n}\n#default-btn-172017d0b9eaecdcdf9342e15fe710fe > i {\n  margin-right: 8px;\n}\n#default-btn-172017d0b9eaecdcdf9342e15fe710fe * {\n  vertical-align: middle;\n}\n<\/style><a href=\"\/de\/uebersetzungspreis-berechnen\/\" class=\"default-btn-shortcode dt-btn dt-btn-l link-hover-off button-tto-grey btn-inline-left  vc_custom_1627382602814\" id=\"default-btn-172017d0b9eaecdcdf9342e15fe710fe\" style=\"width:286px;\"><span>Preis kalkulieren<\/span><\/a><style type=\"text\/css\" data-type=\"the7_shortcodes-inline-css\">#default-btn-bdcf066fea23ff04a2735ddb6b6c3f01.ico-right-side > i {\n  margin-right: 0px;\n  margin-left: 8px;\n}\n#default-btn-bdcf066fea23ff04a2735ddb6b6c3f01 > i {\n  margin-right: 8px;\n}\n#default-btn-bdcf066fea23ff04a2735ddb6b6c3f01 * {\n  vertical-align: middle;\n}\n<\/style><a href=\"\/de\/angebot-anfordern\/\" class=\"default-btn-shortcode dt-btn dt-btn-l link-hover-off button-tto-red btn-inline-left  vc_custom_1627382632479\" id=\"default-btn-bdcf066fea23ff04a2735ddb6b6c3f01\" style=\"width:286px;\"><span>Kostenloses Angebot einholen<\/span><\/a>[\/vc_column_inner][\/vc_row_inner][\/vc_column][vc_column width=&#8221;1\/2&#8243;][\/vc_column][\/vc_row][vc_row equal_height=&#8221;yes&#8221; content_placement=&#8221;top&#8221; bg_type=&#8221;image&#8221; parallax_style=&#8221;vcpb-default&#8221; bg_image_new=&#8221;id^2302|url^https:\/\/www.turkishtranslationoffice.com\/de\/wp-content\/uploads\/sites\/2\/2020\/08\/arka-plan-siyah-beyaz.png|caption^null|alt^null|title^arka-plan-siyah-beyaz|description^null&#8221; bg_override=&#8221;ex-full&#8221; type=&#8221;vc_default&#8221; margin_top=&#8221;5&#8243; margin_bottom=&#8221;10&#8243; css=&#8221;.vc_custom_1599564493751{padding-top: 30px !important;padding-bottom: 50px !important;}&#8221;][vc_column css=&#8221;.vc_custom_1491746299333{padding-bottom: 0px !important;}&#8221;][vc_row_inner equal_height=&#8221;yes&#8221; content_placement=&#8221;top&#8221;][vc_column_inner width=&#8221;1\/2&#8243;]<style type=\"text\/css\" data-type=\"the7_shortcodes-inline-css\">.shortcode-single-image-wrap.shortcode-single-image-157d7529cd5284ed7245759642c0378a.enable-bg-rollover .rollover i,\n.shortcode-single-image-wrap.shortcode-single-image-157d7529cd5284ed7245759642c0378a.enable-bg-rollover .rollover-video i {\n  background: ;\n  background: -webkit-linear-gradient();\n  background: linear-gradient();\n}\n.shortcode-single-image-wrap.shortcode-single-image-157d7529cd5284ed7245759642c0378a .rollover-icon {\n  font-size: 32px;\n  color: #ffffff;\n  min-width: 44px;\n  min-height: 44px;\n  line-height: 44px;\n  border-radius: 100px;\n  border-style: solid;\n  border-width: 0px;\n}\n.dt-icon-bg-on.shortcode-single-image-wrap.shortcode-single-image-157d7529cd5284ed7245759642c0378a .rollover-icon {\n  background: rgba(255,255,255,0.3);\n  box-shadow: none;\n}\n<\/style><div class=\"shortcode-single-image-wrap shortcode-single-image-157d7529cd5284ed7245759642c0378a alignnone  enable-bg-rollover dt-icon-bg-off\" style=\"margin-top:0px; margin-bottom:0px; margin-left:0px; margin-right:0px; width:1000px;\"><div class=\"shortcode-single-image\"><div class=\"fancy-media-wrap  layzr-bg\" style=\"border-radius:10px;\"><img loading=\"lazy\" decoding=\"async\" class=\"preload-me lazy-load\" src=\"data:image\/svg+xml,%3Csvg%20xmlns%3D&#39;http%3A%2F%2Fwww.w3.org%2F2000%2Fsvg&#39;%20viewBox%3D&#39;0%200%201000%20700&#39;%2F%3E\" data-src=\"https:\/\/www.turkishtranslationoffice.com\/de\/wp-content\/uploads\/sites\/4\/2020\/08\/yazili-ceviri-ustun-kalite-1000x700.jpg\" data-srcset=\"https:\/\/www.turkishtranslationoffice.com\/de\/wp-content\/uploads\/sites\/4\/2020\/08\/yazili-ceviri-ustun-kalite-1000x700.jpg 1000w, https:\/\/www.turkishtranslationoffice.com\/de\/wp-content\/uploads\/sites\/4\/2020\/08\/yazili-ceviri-ustun-kalite-1524x1067.jpg 1524w\" width=\"1000\" height=\"700\"  data-dt-location=\"https:\/\/www.turkishtranslationoffice.com\/de\/uebersetzungsdienste\/yazili-ceviri-ustun-kalite\/\" style=\"border-radius:10px;\" alt=\"\" \/><\/div><\/div><\/div>[\/vc_column_inner][vc_column_inner width=&#8221;1\/2&#8243; css=&#8221;.vc_custom_1596550089277{padding-top: 20px !important;}&#8221;]<div id=\"ultimate-heading-228969d4b1d8672bd\" class=\"uvc-heading ult-adjust-bottom-margin ultimate-heading-228969d4b1d8672bd uvc-116 \" data-hspacer=\"no_spacer\"  data-halign=\"left\" style=\"text-align:left\"><div class=\"uvc-heading-spacer no_spacer\" style=\"top\"><\/div><div class=\"uvc-main-heading ult-responsive\"  data-ultimate-target='.uvc-heading.ultimate-heading-228969d4b1d8672bd h2'  data-responsive-json-new='{\"font-size\":\"desktop:24px;\",\"line-height\":\"desktop:34px;\"}' ><h2 style=\"font-weight:bold;margin-bottom:25px;\">Franz\u00f6sisch-\u00dcbersetzungsdienstleistungen von professionellen Linguisten<\/h2><\/div><\/div>[vc_column_text]Turkish Translation Office bietet eine breite Palette von \u00dcbersetzungsdienstleistungen f\u00fcr verschiedene Fachgebiete an. Dank unseres Netzwerks erfahrener Linguisten mit Fachkenntnissen in den jeweiligen Themenbereichen k\u00f6nnen wir <strong>notariell beurkundete<\/strong> und <strong>beglaubigte<\/strong> \u00dcbersetzungen f\u00fcr <strong>juristische, medizinische, akademische, technische <\/strong>und <strong>kommerzielle<\/strong> Dokumente in einer Vielzahl von Sprachpaaren anbieten, darunter <strong>Franz\u00f6sisch, T\u00fcrkisch, Englisch, Deutsch<\/strong> und <strong>Arabisch<\/strong>.<\/p>\n<p>M\u00fcssen Sie ein Visum f\u00fcr Gesch\u00e4fts- oder <strong>Einwanderungszwecke<\/strong> beantragen und ben\u00f6tigen Sie Ihre rechtlichen Dokumente wie <strong>Personalausweise, F\u00fchrerscheine, Diplome, Vollmachten<\/strong> von einem Fachmann in der T\u00fcrkiye \u00fcbersetzen und beglaubigen lassen? Nutzen Sie die Vorteile unserer juristischen und notariellen \u00dcbersetzungsdienste, um einen erstklassigen Service zu erhalten, bei dem wir Sie bei der Bearbeitung Ihrer Dokumente zur notariellen Beglaubigung und <strong>Apostille<\/strong> unterst\u00fctzen.[\/vc_column_text][\/vc_column_inner][\/vc_row_inner][\/vc_column][\/vc_row][vc_row equal_height=&#8221;yes&#8221; content_placement=&#8221;top&#8221; bg_type=&#8221;image&#8221; parallax_style=&#8221;vcpb-hz-jquery&#8221; bg_image_new=&#8221;id^1611|url^https:\/\/www.turkishtranslationoffice.com\/de\/wp-content\/uploads\/sites\/2\/2016\/02\/bg-mem.png|caption^null|alt^null|title^bg-mem|description^null&#8221; bg_override=&#8221;ex-full&#8221; type=&#8221;vc_default&#8221; margin_top=&#8221;5&#8243; margin_bottom=&#8221;10&#8243; css=&#8221;.vc_custom_1599564686245{padding-top: 30px !important;padding-bottom: 50px !important;background-color: #f4f4f4 !important;}&#8221;][vc_column css=&#8221;.vc_custom_1491746299333{padding-bottom: 0px !important;}&#8221;][vc_row_inner equal_height=&#8221;yes&#8221; content_placement=&#8221;top&#8221;][vc_column_inner width=&#8221;1\/2&#8243; css=&#8221;.vc_custom_1644313706863{padding-top: 20px !important;padding-bottom: 32px !important;}&#8221;]<div id=\"ultimate-heading-375169d4b1d8672dd\" class=\"uvc-heading ult-adjust-bottom-margin ultimate-heading-375169d4b1d8672dd uvc-7999 \" data-hspacer=\"no_spacer\"  data-halign=\"left\" style=\"text-align:left\"><div class=\"uvc-heading-spacer no_spacer\" style=\"top\"><\/div><div class=\"uvc-main-heading ult-responsive\"  data-ultimate-target='.uvc-heading.ultimate-heading-375169d4b1d8672dd h2'  data-responsive-json-new='{\"font-size\":\"desktop:24px;\",\"line-height\":\"desktop:34px;\"}' ><h2 style=\"font-weight:bold;margin-bottom:25px;\">Erreichen Sie Ihre Zielgruppen mit franz\u00f6sischer Lokalisierung<\/h2><\/div><\/div>[vc_column_text]Sie wollen Ihre internationale Pr\u00e4senz ausbauen, indem Sie die Verbraucher in den lokalen M\u00e4rkten ansprechen? Stellen Sie Ihre Produkte bereit bzw. bieten Sie Ihre Dienstleistungen in der Landessprache Ihres Zielpublikums an und erh\u00f6hen Sie Ihre Marktdurchdringung in neuen lokalen M\u00e4rkten.<\/p>\n<p>Wir bieten unseren Kunden hochwertige Dienstleistungen f\u00fcr die Lokalisierung ihrer <strong>software, Websites, mobilen Apps, digitalem Marketing<\/strong> und <strong>audiovisueller Inhalte<\/strong>.<\/p>\n<p>Mit unserem Team von muttersprachlichen franz\u00f6sischen Lokalisierungsexperten k\u00f6nnen wir Ihnen helfen, eine reibungslose Kommunikation mit den Verbrauchern in franz\u00f6sischsprachigen M\u00e4rkten aufzubauen, indem wir Ihr Produkt an die Erwartungen der lokalen Benutzer anpassen.<\/p>\n<p>Kontaktieren Sie jetzt unser Team und erfahren Sie mehr \u00fcber unsere Leistungen![\/vc_column_text]<style type=\"text\/css\" data-type=\"the7_shortcodes-inline-css\">#default-btn-691722989be3346ab69e4058298d2fbe.ico-right-side > i {\n  margin-right: 0px;\n  margin-left: 8px;\n}\n#default-btn-691722989be3346ab69e4058298d2fbe > i {\n  margin-right: 8px;\n}\n#default-btn-691722989be3346ab69e4058298d2fbe * {\n  vertical-align: middle;\n}\n<\/style><a href=\"\/de\/lokalisierungsdienste\/\" class=\"default-btn-shortcode dt-btn dt-btn-l link-hover-off button-tto-red btn-inline-left  vc_custom_1627383993714\" id=\"default-btn-691722989be3346ab69e4058298d2fbe\" style=\"width:291px;\"><span>Lokalisierungsdienstleistungen<\/span><\/a>[\/vc_column_inner][vc_column_inner width=&#8221;1\/2&#8243;]<style type=\"text\/css\" data-type=\"the7_shortcodes-inline-css\">.shortcode-single-image-wrap.shortcode-single-image-8fcb7939b502c444d05dee04801f6fc6.enable-bg-rollover .rollover i,\n.shortcode-single-image-wrap.shortcode-single-image-8fcb7939b502c444d05dee04801f6fc6.enable-bg-rollover .rollover-video i {\n  background: ;\n  background: -webkit-linear-gradient();\n  background: linear-gradient();\n}\n.shortcode-single-image-wrap.shortcode-single-image-8fcb7939b502c444d05dee04801f6fc6 .rollover-icon {\n  font-size: 32px;\n  color: #ffffff;\n  min-width: 44px;\n  min-height: 44px;\n  line-height: 44px;\n  border-radius: 100px;\n  border-style: solid;\n  border-width: 0px;\n}\n.dt-icon-bg-on.shortcode-single-image-wrap.shortcode-single-image-8fcb7939b502c444d05dee04801f6fc6 .rollover-icon {\n  background: rgba(255,255,255,0.3);\n  box-shadow: none;\n}\n<\/style><div class=\"shortcode-single-image-wrap shortcode-single-image-8fcb7939b502c444d05dee04801f6fc6 alignnone  enable-bg-rollover dt-icon-bg-off\" style=\"margin-top:0px; margin-bottom:0px; margin-left:0px; margin-right:0px; width:1000px;\"><div class=\"shortcode-single-image\"><div class=\"fancy-media-wrap  layzr-bg\" style=\"border-radius:10px;\"><img loading=\"lazy\" decoding=\"async\" class=\"preload-me lazy-load\" src=\"data:image\/svg+xml,%3Csvg%20xmlns%3D&#39;http%3A%2F%2Fwww.w3.org%2F2000%2Fsvg&#39;%20viewBox%3D&#39;0%200%201000%20700&#39;%2F%3E\" data-src=\"https:\/\/www.turkishtranslationoffice.com\/de\/wp-content\/uploads\/sites\/4\/2020\/09\/lokalizasyon-hizmetleri-1000x700.jpg\" data-srcset=\"https:\/\/www.turkishtranslationoffice.com\/de\/wp-content\/uploads\/sites\/4\/2020\/09\/lokalizasyon-hizmetleri-1000x700.jpg 1000w, https:\/\/www.turkishtranslationoffice.com\/de\/wp-content\/uploads\/sites\/4\/2020\/09\/lokalizasyon-hizmetleri-1600x1120.jpg 1600w\" width=\"1000\" height=\"700\"  data-dt-location=\"https:\/\/www.turkishtranslationoffice.com\/de\/uebersetzung-arabisch\/lokalizasyon-hizmetleri\/\" style=\"border-radius:10px;\" alt=\"\" \/><\/div><\/div><\/div>[\/vc_column_inner][\/vc_row_inner][\/vc_column][\/vc_row][vc_row equal_height=&#8221;yes&#8221; content_placement=&#8221;top&#8221; bg_type=&#8221;image&#8221; parallax_style=&#8221;vcpb-default&#8221; bg_image_new=&#8221;id^2302|url^https:\/\/www.turkishtranslationoffice.com\/de\/wp-content\/uploads\/sites\/2\/2020\/08\/arka-plan-siyah-beyaz.png|caption^null|alt^null|title^arka-plan-siyah-beyaz|description^null&#8221; bg_override=&#8221;ex-full&#8221; type=&#8221;vc_default&#8221; margin_top=&#8221;5&#8243; margin_bottom=&#8221;10&#8243; css=&#8221;.vc_custom_1599571366042{padding-top: 30px !important;padding-bottom: 50px !important;background-color: #ea524d !important;}&#8221;][vc_column css=&#8221;.vc_custom_1491746299333{padding-bottom: 0px !important;}&#8221;][vc_row_inner equal_height=&#8221;yes&#8221; content_placement=&#8221;top&#8221;][vc_column_inner width=&#8221;1\/2&#8243;]<style type=\"text\/css\" data-type=\"the7_shortcodes-inline-css\">.shortcode-single-image-wrap.shortcode-single-image-9b17dbc7e62cb4506e15c76dfa762d96.enable-bg-rollover .rollover i,\n.shortcode-single-image-wrap.shortcode-single-image-9b17dbc7e62cb4506e15c76dfa762d96.enable-bg-rollover .rollover-video i {\n  background: ;\n  background: -webkit-linear-gradient();\n  background: linear-gradient();\n}\n.shortcode-single-image-wrap.shortcode-single-image-9b17dbc7e62cb4506e15c76dfa762d96 .rollover-icon {\n  font-size: 32px;\n  color: #ffffff;\n  min-width: 44px;\n  min-height: 44px;\n  line-height: 44px;\n  border-radius: 100px;\n  border-style: solid;\n  border-width: 0px;\n}\n.dt-icon-bg-on.shortcode-single-image-wrap.shortcode-single-image-9b17dbc7e62cb4506e15c76dfa762d96 .rollover-icon {\n  background: rgba(255,255,255,0.3);\n  box-shadow: none;\n}\n<\/style><div class=\"shortcode-single-image-wrap shortcode-single-image-9b17dbc7e62cb4506e15c76dfa762d96 alignnone  enable-bg-rollover dt-icon-bg-off\" style=\"margin-top:0px; margin-bottom:0px; margin-left:0px; margin-right:0px; width:1000px;\"><div class=\"shortcode-single-image\"><div class=\"fancy-media-wrap  layzr-bg\" style=\"border-radius:10px;\"><img loading=\"lazy\" decoding=\"async\" class=\"preload-me lazy-load\" src=\"data:image\/svg+xml,%3Csvg%20xmlns%3D&#39;http%3A%2F%2Fwww.w3.org%2F2000%2Fsvg&#39;%20viewBox%3D&#39;0%200%201000%20700&#39;%2F%3E\" data-src=\"https:\/\/www.turkishtranslationoffice.com\/de\/wp-content\/uploads\/sites\/4\/2020\/09\/sozlu-ceviri-hizmetleri-1000x700.jpg\" data-srcset=\"https:\/\/www.turkishtranslationoffice.com\/de\/wp-content\/uploads\/sites\/4\/2020\/09\/sozlu-ceviri-hizmetleri-1000x700.jpg 1000w, https:\/\/www.turkishtranslationoffice.com\/de\/wp-content\/uploads\/sites\/4\/2020\/09\/sozlu-ceviri-hizmetleri-1525x1068.jpg 1525w\" width=\"1000\" height=\"700\"  data-dt-location=\"https:\/\/www.turkishtranslationoffice.com\/de\/uebersetzung-arabisch\/sozlu-ceviri-hizmetleri\/\" style=\"border-radius:10px;\" alt=\"\" \/><\/div><\/div><\/div>[\/vc_column_inner][vc_column_inner width=&#8221;1\/2&#8243; css=&#8221;.vc_custom_1596550089277{padding-top: 20px !important;}&#8221;]<div id=\"ultimate-heading-312769d4b1d86786a\" class=\"uvc-heading ult-adjust-bottom-margin ultimate-heading-312769d4b1d86786a uvc-1582 \" data-hspacer=\"no_spacer\"  data-halign=\"left\" style=\"text-align:left\"><div class=\"uvc-heading-spacer no_spacer\" style=\"top\"><\/div><div class=\"uvc-main-heading ult-responsive\"  data-ultimate-target='.uvc-heading.ultimate-heading-312769d4b1d86786a h2'  data-responsive-json-new='{\"font-size\":\"desktop:24px;\",\"line-height\":\"desktop:34px;\"}' ><h2 style=\"font-weight:bold;color:#ffffff;margin-bottom:25px;\">Dolmetscherdienste Franz\u00f6sisch<\/h2><\/div><\/div>[vc_column_text]<span style=\"color: #ffffff;\">Die Etablierung einer reibungslosen Kommunikation bei einer mehrsprachigen Veranstaltung ist der Schl\u00fcssel zu einem erfolgreichen Veranstaltungsmanagement. Wenn Sie eine internationale Veranstaltung organisieren, bei der Sie eine erstklassige Qualit\u00e4t des Dolmetscherservices ben\u00f6tigen, sind wir bereit, Ihnen mit unseren erfahrenen muttersprachlichen Dolmetschern in der T\u00fcrkiye und in anderen Regionen der Welt zu helfen.<\/span><\/p>\n<p><span style=\"color: #ffffff;\">Wir liefern auch die technische Ausr\u00fcstung f\u00fcr das Simultandolmetschen, darunter Dolmetscherkabinen, Beschallungsanlagen, Headsets der neuesten Technologie.<\/span>[\/vc_column_text][vc_column_text css=&#8221;.vc_custom_1627382977481{margin-bottom: 0px !important;padding-bottom: 15px !important;}&#8221;]<\/p>\n<p style=\"margin-top: -10px;\"><span style=\"color: #ffffff;\"><strong>Unsere Dolmetscherdienste umfassen:<\/strong><\/span><\/p>\n<p>[\/vc_column_text]<div class=\"standard-arrow bullet-top\"><ul>\n<li><span style=\"color: #ffffff;\"><a style=\"color: #ffffff;\" href=\"\/de\/simultandolmetscherdienste\/\">Simultandolmetschen<\/a><\/span><\/li>\n<li><span style=\"color: #ffffff;\"><a style=\"color: #ffffff;\" href=\"\/de\/konsekutiv-dolmetschen\/\">Konsekutivdolmetschen<\/a><\/span><\/li>\n<li><span style=\"color: #ffffff;\"><a style=\"color: #ffffff;\" href=\"\/de\/fl\u00fcsterdolmetscher\/\">Fl\u00fcsterdolmetschen<\/a><\/span><\/li>\n<\/ul>\n<\/div>[\/vc_column_inner][\/vc_row_inner][\/vc_column][\/vc_row]<\/p>\n","protected":false},"excerpt":{"rendered":"<p>[vc_row equal_height=&#8221;yes&#8221; content_placement=&#8221;top&#8221; bg_type=&#8221;image&#8221; parallax_style=&#8221;vcpb-default&#8221; bg_image_new=&#8221;id^4506|url^https:\/\/www.turkishtranslationoffice.com\/de\/wp-content\/uploads\/sites\/2\/2020\/09\/diller.jpg|caption^null|alt^null|title^diller|description^null&#8221; bg_image_repeat=&#8221;no-repeat&#8221; bg_override=&#8221;ex-full&#8221; type=&#8221;vc_default&#8221; margin_top=&#8221;5&#8243; margin_bottom=&#8221;10&#8243; css=&#8221;.vc_custom_1629995527848{padding-top: 2% !important;padding-bottom: 2% !important;}&#8221;][vc_column width=&#8221;1\/2&#8243;][vc_column_text]Von rund 274 Millionen Menschen gesprochen, war Franz\u00f6sisch einst die Lingua franca der Welt. Auch wenn sie heute ihren fr\u00fcheren Status verloren hat, ist sie immer noch eine der am meisten gesprochenen Sprachen der Welt. Sie ist nicht nur&hellip;<\/p>\n","protected":false},"author":1,"featured_media":0,"parent":0,"menu_order":10,"comment_status":"closed","ping_status":"closed","template":"","meta":{"footnotes":""},"aioseo_notices":[],"_links":{"self":[{"href":"https:\/\/www.turkishtranslationoffice.com\/de\/wp-json\/wp\/v2\/pages\/4480"}],"collection":[{"href":"https:\/\/www.turkishtranslationoffice.com\/de\/wp-json\/wp\/v2\/pages"}],"about":[{"href":"https:\/\/www.turkishtranslationoffice.com\/de\/wp-json\/wp\/v2\/types\/page"}],"author":[{"embeddable":true,"href":"https:\/\/www.turkishtranslationoffice.com\/de\/wp-json\/wp\/v2\/users\/1"}],"replies":[{"embeddable":true,"href":"https:\/\/www.turkishtranslationoffice.com\/de\/wp-json\/wp\/v2\/comments?post=4480"}],"version-history":[{"count":12,"href":"https:\/\/www.turkishtranslationoffice.com\/de\/wp-json\/wp\/v2\/pages\/4480\/revisions"}],"predecessor-version":[{"id":6975,"href":"https:\/\/www.turkishtranslationoffice.com\/de\/wp-json\/wp\/v2\/pages\/4480\/revisions\/6975"}],"wp:attachment":[{"href":"https:\/\/www.turkishtranslationoffice.com\/de\/wp-json\/wp\/v2\/media?parent=4480"}],"curies":[{"name":"wp","href":"https:\/\/api.w.org\/{rel}","templated":true}]}}