{"id":4513,"date":"2020-09-08T21:45:34","date_gmt":"2020-09-08T18:45:34","guid":{"rendered":"https:\/\/www.turkishtranslationoffice.com\/tr\/almanca-tercume-copy\/"},"modified":"2022-06-06T14:48:28","modified_gmt":"2022-06-06T11:48:28","slug":"uebersetzung-italienisch","status":"publish","type":"page","link":"https:\/\/www.turkishtranslationoffice.com\/de\/uebersetzung-italienisch\/","title":{"rendered":"Italienisch"},"content":{"rendered":"<p>[vc_row equal_height=&#8221;yes&#8221; content_placement=&#8221;top&#8221; bg_type=&#8221;image&#8221; parallax_style=&#8221;vcpb-default&#8221; bg_image_new=&#8221;id^4529|url^https:\/\/www.turkishtranslationoffice.com\/de\/wp-content\/uploads\/sites\/2\/2020\/09\/italyanca.jpg|caption^null|alt^null|title^italyanca|description^null&#8221; bg_image_repeat=&#8221;no-repeat&#8221; bg_override=&#8221;ex-full&#8221; type=&#8221;vc_default&#8221; margin_top=&#8221;5&#8243; margin_bottom=&#8221;10&#8243; css=&#8221;.vc_custom_1629995560760{padding-top: 2% !important;padding-bottom: 2% !important;}&#8221;][vc_column width=&#8221;1\/2&#8243;]<div id=\"ultimate-heading-537369d4b02ae1839\" class=\"uvc-heading ult-adjust-bottom-margin ultimate-heading-537369d4b02ae1839 uvc-3584 \" data-hspacer=\"no_spacer\"  data-halign=\"left\" style=\"text-align:left\"><div class=\"uvc-heading-spacer no_spacer\" style=\"top\"><\/div><div class=\"uvc-main-heading ult-responsive\"  data-ultimate-target='.uvc-heading.ultimate-heading-537369d4b02ae1839 h1'  data-responsive-json-new='{\"font-size\":\"desktop:28px;\",\"line-height\":\"desktop:34px;\"}' ><h1 style=\"font-weight:bold;color:#ffffff;margin-bottom:25px;\">Professionelle \u00dcbersetzungs-, Lokalisierungs- und Dolmetschdienstleistungen von muttersprachlichen italienischen \u00dcbersetzern und Dolmetschern<\/h1><\/div><\/div>[vc_column_text]<span style=\"font-size: 18px; color: #ffffff;\">Italienisch wird in Italien, der Schweiz, Malta und einigen anderen europ\u00e4ischen L\u00e4ndern gesprochen. Es ist die Muttersprache von rund 60 Millionen Menschen und geh\u00f6rt zu den offiziellen Sprachen der EU. Die Wirtschaftskraft Italiens in der Eurozone macht es zu einer der wichtigsten Sprachen f\u00fcr kommerzielle Transaktionen im Import- und Exportgesch\u00e4ft.<\/span><\/p>\n<p><span style=\"font-size: 18px; color: #ffffff;\">Wir bieten Fach\u00fcbersetzungen und Dolmetscherdienste f\u00fcr die Sprachpaare <b>Italienisch &#8211; Englisch, Italienisch &#8211; Deutsch, Italienisch &#8211; T\u00fcrkisch<\/b> und viele mehr.<\/span><\/p>\n<p><span style=\"font-size: 18px; color: #ffffff;\">Schreiben Sie uns eine E-Mail oder rufen Sie uns jetzt an, um mehr \u00fcber unsere L\u00f6sungen zu erfahren!<\/span>[\/vc_column_text][vc_row_inner equal_height=&#8221;yes&#8221; content_placement=&#8221;top&#8221;][vc_column_inner css=&#8221;.vc_custom_1644314117050{padding-top: 20px !important;padding-bottom: 32px !important;}&#8221;]<style type=\"text\/css\" data-type=\"the7_shortcodes-inline-css\">#default-btn-190432e62e77216dcf6109f591f1332e.ico-right-side > i {\n  margin-right: 0px;\n  margin-left: 8px;\n}\n#default-btn-190432e62e77216dcf6109f591f1332e > i {\n  margin-right: 8px;\n}\n#default-btn-190432e62e77216dcf6109f591f1332e * {\n  vertical-align: middle;\n}\n<\/style><a href=\"\/de\/uebersetzungspreis-berechnen\/\" class=\"default-btn-shortcode dt-btn dt-btn-l link-hover-off button-tto-grey btn-inline-left  vc_custom_1627389509595\" id=\"default-btn-190432e62e77216dcf6109f591f1332e\" style=\"width:286px;\"><span>Preis kalkulieren<\/span><\/a><style type=\"text\/css\" data-type=\"the7_shortcodes-inline-css\">#default-btn-a71897d8f84681f9078bc5b082561f5b.ico-right-side > i {\n  margin-right: 0px;\n  margin-left: 8px;\n}\n#default-btn-a71897d8f84681f9078bc5b082561f5b > i {\n  margin-right: 8px;\n}\n#default-btn-a71897d8f84681f9078bc5b082561f5b * {\n  vertical-align: middle;\n}\n<\/style><a href=\"\/de\/angebot-anfordern\/\" class=\"default-btn-shortcode dt-btn dt-btn-l link-hover-off button-tto-red btn-inline-left  vc_custom_1627389532098\" id=\"default-btn-a71897d8f84681f9078bc5b082561f5b\" style=\"width:286px;\"><span>Kostenloses Angebot einholen<\/span><\/a>[\/vc_column_inner][\/vc_row_inner][\/vc_column][vc_column width=&#8221;1\/2&#8243;][\/vc_column][\/vc_row][vc_row equal_height=&#8221;yes&#8221; content_placement=&#8221;top&#8221; bg_type=&#8221;image&#8221; parallax_style=&#8221;vcpb-default&#8221; bg_image_new=&#8221;id^2302|url^https:\/\/www.turkishtranslationoffice.com\/de\/wp-content\/uploads\/sites\/2\/2020\/08\/arka-plan-siyah-beyaz.png|caption^null|alt^null|title^arka-plan-siyah-beyaz|description^null&#8221; bg_override=&#8221;ex-full&#8221; type=&#8221;vc_default&#8221; margin_top=&#8221;5&#8243; margin_bottom=&#8221;10&#8243; css=&#8221;.vc_custom_1599597492982{padding-top: 30px !important;padding-bottom: 50px !important;}&#8221;][vc_column css=&#8221;.vc_custom_1491746299333{padding-bottom: 0px !important;}&#8221;][vc_row_inner equal_height=&#8221;yes&#8221; content_placement=&#8221;top&#8221;][vc_column_inner width=&#8221;1\/2&#8243;]<style type=\"text\/css\" data-type=\"the7_shortcodes-inline-css\">.shortcode-single-image-wrap.shortcode-single-image-420d737ab7639901d3eaf7770af6cf03.enable-bg-rollover .rollover i,\n.shortcode-single-image-wrap.shortcode-single-image-420d737ab7639901d3eaf7770af6cf03.enable-bg-rollover .rollover-video i {\n  background: ;\n  background: -webkit-linear-gradient();\n  background: linear-gradient();\n}\n.shortcode-single-image-wrap.shortcode-single-image-420d737ab7639901d3eaf7770af6cf03 .rollover-icon {\n  font-size: 32px;\n  color: #ffffff;\n  min-width: 44px;\n  min-height: 44px;\n  line-height: 44px;\n  border-radius: 100px;\n  border-style: solid;\n  border-width: 0px;\n}\n.dt-icon-bg-on.shortcode-single-image-wrap.shortcode-single-image-420d737ab7639901d3eaf7770af6cf03 .rollover-icon {\n  background: rgba(255,255,255,0.3);\n  box-shadow: none;\n}\n<\/style><div class=\"shortcode-single-image-wrap shortcode-single-image-420d737ab7639901d3eaf7770af6cf03 alignnone  enable-bg-rollover dt-icon-bg-off\" style=\"margin-top:0px; margin-bottom:0px; margin-left:0px; margin-right:0px; width:1000px;\"><div class=\"shortcode-single-image\"><div class=\"fancy-media-wrap  layzr-bg\" style=\"border-radius:10px;\"><img loading=\"lazy\" decoding=\"async\" class=\"preload-me lazy-load\" src=\"data:image\/svg+xml,%3Csvg%20xmlns%3D&#39;http%3A%2F%2Fwww.w3.org%2F2000%2Fsvg&#39;%20viewBox%3D&#39;0%200%201000%20700&#39;%2F%3E\" data-src=\"https:\/\/www.turkishtranslationoffice.com\/de\/wp-content\/uploads\/sites\/4\/2020\/09\/belge-ceviri-hizmetleri-1000x700.jpg\" data-srcset=\"https:\/\/www.turkishtranslationoffice.com\/de\/wp-content\/uploads\/sites\/4\/2020\/09\/belge-ceviri-hizmetleri-1000x700.jpg 1000w, https:\/\/www.turkishtranslationoffice.com\/de\/wp-content\/uploads\/sites\/4\/2020\/09\/belge-ceviri-hizmetleri-1525x1068.jpg 1525w\" width=\"1000\" height=\"700\"  data-dt-location=\"https:\/\/www.turkishtranslationoffice.com\/de\/uebersetzung-deutsch\/belge-ceviri-hizmetleri\/\" style=\"border-radius:10px;\" alt=\"\" \/><\/div><\/div><\/div>[\/vc_column_inner][vc_column_inner width=&#8221;1\/2&#8243; css=&#8221;.vc_custom_1596550089277{padding-top: 20px !important;}&#8221;]<div id=\"ultimate-heading-951569d4b02ae1f74\" class=\"uvc-heading ult-adjust-bottom-margin ultimate-heading-951569d4b02ae1f74 uvc-6126 \" data-hspacer=\"no_spacer\"  data-halign=\"left\" style=\"text-align:left\"><div class=\"uvc-heading-spacer no_spacer\" style=\"top\"><\/div><div class=\"uvc-main-heading ult-responsive\"  data-ultimate-target='.uvc-heading.ultimate-heading-951569d4b02ae1f74 h2'  data-responsive-json-new='{\"font-size\":\"desktop:24px;\",\"line-height\":\"desktop:34px;\"}' ><h2 style=\"font-weight:bold;margin-bottom:25px;\">Dokument\u00fcbersetzungen von muttersprachlichen Italienisch-\u00dcbersetzern<\/h2><\/div><\/div>[vc_column_text]<\/p>\n<p style=\"text-align: left;\">Sie suchen ein italienisches \u00dcbersetzungsb\u00fcro in Deutschland oder der T\u00fcrkiye, um Ihre Marketingmaterialien, Vertr\u00e4ge, Gesch\u00e4ftsunterlagen und Finanzberichte aus dem Italienischen ins Englische, T\u00fcrkische oder eine andere Sprache \u00fcbersetzen zu lassen? Oder ben\u00f6tigen Sie <strong>beglaubigte \u00dcbersetzungen<\/strong> durch professionelle Linguisten?<\/p>\n<p>Wir besch\u00e4ftigen <strong>vereidigte italienische \u00dcbersetzer<\/strong> und bieten unseren Kunden den Service der <strong>notariellen Beglaubigung<\/strong> und <strong>Apostille<\/strong> an. Setzen Sie sich mit unserem Team in Verbindung und lassen Sie sich von uns bei der \u00dcbersetzung Ihrer Geburts- und Heiratsurkunden, Diplome, Personalausweise, Reisep\u00e4sse und anderer juristischer Dokumente helfen, die Sie bei der Beantragung eines Visums oder einer Staatsb\u00fcrgerschaft ben\u00f6tigen.[\/vc_column_text][\/vc_column_inner][\/vc_row_inner][\/vc_column][\/vc_row][vc_row equal_height=&#8221;yes&#8221; content_placement=&#8221;top&#8221; bg_type=&#8221;image&#8221; parallax_style=&#8221;vcpb-hz-jquery&#8221; bg_image_new=&#8221;id^1611|url^https:\/\/www.turkishtranslationoffice.com\/de\/wp-content\/uploads\/sites\/2\/2016\/02\/bg-mem.png|caption^null|alt^null|title^bg-mem|description^null&#8221; bg_override=&#8221;ex-full&#8221; type=&#8221;vc_default&#8221; margin_top=&#8221;5&#8243; margin_bottom=&#8221;10&#8243; css=&#8221;.vc_custom_1599598124780{padding-top: 30px !important;padding-bottom: 50px !important;background-color: #94aebb !important;}&#8221;][vc_column css=&#8221;.vc_custom_1491746299333{padding-bottom: 0px !important;}&#8221;][vc_row_inner equal_height=&#8221;yes&#8221; content_placement=&#8221;top&#8221;][vc_column_inner width=&#8221;1\/2&#8243; css=&#8221;.vc_custom_1644314126070{padding-top: 20px !important;padding-bottom: 32px !important;}&#8221;]<div id=\"ultimate-heading-105269d4b02ae1f92\" class=\"uvc-heading ult-adjust-bottom-margin ultimate-heading-105269d4b02ae1f92 uvc-8121 \" data-hspacer=\"no_spacer\"  data-halign=\"left\" style=\"text-align:left\"><div class=\"uvc-heading-spacer no_spacer\" style=\"top\"><\/div><div class=\"uvc-main-heading ult-responsive\"  data-ultimate-target='.uvc-heading.ultimate-heading-105269d4b02ae1f92 h2'  data-responsive-json-new='{\"font-size\":\"desktop:24px;\",\"line-height\":\"desktop:34px;\"}' ><h2 style=\"font-weight:bold;margin-bottom:25px;\">Italienische Lokalisierungsdienste<\/h2><\/div><\/div>[vc_column_text]Sie haben eine Marketingstrategie f\u00fcr Ihr Produkt oder Ihre Dienstleistungen entwickelt, die Sie den italienisch sprechenden Verbrauchern vor Ort pr\u00e4sentieren m\u00f6chten, aber Sie haben keinen etablierten Lokalisierungsplan und sind auf der Suche nach einem zuverl\u00e4ssigen Partner?<\/p>\n<p>Vertrauen Sie uns Ihre Lokalisierungsauftr\u00e4ge an und erhalten Sie von unseren muttersprachlichen Linguisten und unserem fachkundigen Projektmanagementteam professionelle Dienstleistungen in den Bereichen <strong>Softwarelokalisierung, Website-Lokalisierung, Lokalisierung von mobilen Apps<\/strong> und <strong>Lokalisierung audiovisueller Inhalte<\/strong>.<\/p>\n<p>Unsere Lokalisierungsexperten helfen Ihnen mit unseren \u00dcbersetzungsdienstleistungen f\u00fcr Ihre Werbe- und digitalen Marketinginhalte beim Aufbau einer starken Kommunikationsstrategie, nachdem sie Ihre Priorit\u00e4ten und die Erwartungen der lokalen Zielgruppen definiert haben.[\/vc_column_text]<style type=\"text\/css\" data-type=\"the7_shortcodes-inline-css\">#default-btn-b2f66e1e8532b9fad204903a5164b89d.ico-right-side > i {\n  margin-right: 0px;\n  margin-left: 8px;\n}\n#default-btn-b2f66e1e8532b9fad204903a5164b89d > i {\n  margin-right: 8px;\n}\n#default-btn-b2f66e1e8532b9fad204903a5164b89d * {\n  vertical-align: middle;\n}\n<\/style><a href=\"\/de\/lokalisierungsdienste\/\" class=\"default-btn-shortcode dt-btn dt-btn-l link-hover-off button-tto-red btn-inline-left  vc_custom_1627389675451\" id=\"default-btn-b2f66e1e8532b9fad204903a5164b89d\" style=\"width:291px;\"><span>Lokalisierungsdienstleistungen<\/span><\/a>[\/vc_column_inner][vc_column_inner width=&#8221;1\/2&#8243;]<style type=\"text\/css\" data-type=\"the7_shortcodes-inline-css\">.shortcode-single-image-wrap.shortcode-single-image-8fcb7939b502c444d05dee04801f6fc6.enable-bg-rollover .rollover i,\n.shortcode-single-image-wrap.shortcode-single-image-8fcb7939b502c444d05dee04801f6fc6.enable-bg-rollover .rollover-video i {\n  background: ;\n  background: -webkit-linear-gradient();\n  background: linear-gradient();\n}\n.shortcode-single-image-wrap.shortcode-single-image-8fcb7939b502c444d05dee04801f6fc6 .rollover-icon {\n  font-size: 32px;\n  color: #ffffff;\n  min-width: 44px;\n  min-height: 44px;\n  line-height: 44px;\n  border-radius: 100px;\n  border-style: solid;\n  border-width: 0px;\n}\n.dt-icon-bg-on.shortcode-single-image-wrap.shortcode-single-image-8fcb7939b502c444d05dee04801f6fc6 .rollover-icon {\n  background: rgba(255,255,255,0.3);\n  box-shadow: none;\n}\n<\/style><div class=\"shortcode-single-image-wrap shortcode-single-image-8fcb7939b502c444d05dee04801f6fc6 alignnone  enable-bg-rollover dt-icon-bg-off\" style=\"margin-top:0px; margin-bottom:0px; margin-left:0px; margin-right:0px; width:1000px;\"><div class=\"shortcode-single-image\"><div class=\"fancy-media-wrap  layzr-bg\" style=\"border-radius:10px;\"><img loading=\"lazy\" decoding=\"async\" class=\"preload-me lazy-load\" src=\"data:image\/svg+xml,%3Csvg%20xmlns%3D&#39;http%3A%2F%2Fwww.w3.org%2F2000%2Fsvg&#39;%20viewBox%3D&#39;0%200%201000%20700&#39;%2F%3E\" data-src=\"https:\/\/www.turkishtranslationoffice.com\/de\/wp-content\/uploads\/sites\/4\/2020\/09\/lokalizasyon-hizmetleri-1000x700.jpg\" data-srcset=\"https:\/\/www.turkishtranslationoffice.com\/de\/wp-content\/uploads\/sites\/4\/2020\/09\/lokalizasyon-hizmetleri-1000x700.jpg 1000w, https:\/\/www.turkishtranslationoffice.com\/de\/wp-content\/uploads\/sites\/4\/2020\/09\/lokalizasyon-hizmetleri-1600x1120.jpg 1600w\" width=\"1000\" height=\"700\"  data-dt-location=\"https:\/\/www.turkishtranslationoffice.com\/de\/uebersetzung-arabisch\/lokalizasyon-hizmetleri\/\" style=\"border-radius:10px;\" alt=\"\" \/><\/div><\/div><\/div>[\/vc_column_inner][\/vc_row_inner][\/vc_column][\/vc_row][vc_row equal_height=&#8221;yes&#8221; content_placement=&#8221;top&#8221; bg_type=&#8221;image&#8221; parallax_style=&#8221;vcpb-hz-jquery&#8221; bg_image_new=&#8221;id^1611|url^https:\/\/www.turkishtranslationoffice.com\/de\/wp-content\/uploads\/sites\/2\/2016\/02\/bg-mem.png|caption^null|alt^null|title^bg-mem|description^null&#8221; bg_override=&#8221;ex-full&#8221; type=&#8221;vc_default&#8221; margin_top=&#8221;5&#8243; margin_bottom=&#8221;10&#8243; css=&#8221;.vc_custom_1599598655760{padding-top: 30px !important;padding-bottom: 50px !important;background-color: #f4f4f4 !important;}&#8221;][vc_column css=&#8221;.vc_custom_1491746299333{padding-bottom: 0px !important;}&#8221;][vc_row_inner equal_height=&#8221;yes&#8221; content_placement=&#8221;top&#8221;][vc_column_inner width=&#8221;1\/2&#8243;]<style type=\"text\/css\" data-type=\"the7_shortcodes-inline-css\">.shortcode-single-image-wrap.shortcode-single-image-9b17dbc7e62cb4506e15c76dfa762d96.enable-bg-rollover .rollover i,\n.shortcode-single-image-wrap.shortcode-single-image-9b17dbc7e62cb4506e15c76dfa762d96.enable-bg-rollover .rollover-video i {\n  background: ;\n  background: -webkit-linear-gradient();\n  background: linear-gradient();\n}\n.shortcode-single-image-wrap.shortcode-single-image-9b17dbc7e62cb4506e15c76dfa762d96 .rollover-icon {\n  font-size: 32px;\n  color: #ffffff;\n  min-width: 44px;\n  min-height: 44px;\n  line-height: 44px;\n  border-radius: 100px;\n  border-style: solid;\n  border-width: 0px;\n}\n.dt-icon-bg-on.shortcode-single-image-wrap.shortcode-single-image-9b17dbc7e62cb4506e15c76dfa762d96 .rollover-icon {\n  background: rgba(255,255,255,0.3);\n  box-shadow: none;\n}\n<\/style><div class=\"shortcode-single-image-wrap shortcode-single-image-9b17dbc7e62cb4506e15c76dfa762d96 alignnone  enable-bg-rollover dt-icon-bg-off\" style=\"margin-top:0px; margin-bottom:0px; margin-left:0px; margin-right:0px; width:1000px;\"><div class=\"shortcode-single-image\"><div class=\"fancy-media-wrap  layzr-bg\" style=\"border-radius:10px;\"><img loading=\"lazy\" decoding=\"async\" class=\"preload-me lazy-load\" src=\"data:image\/svg+xml,%3Csvg%20xmlns%3D&#39;http%3A%2F%2Fwww.w3.org%2F2000%2Fsvg&#39;%20viewBox%3D&#39;0%200%201000%20700&#39;%2F%3E\" data-src=\"https:\/\/www.turkishtranslationoffice.com\/de\/wp-content\/uploads\/sites\/4\/2020\/09\/sozlu-ceviri-hizmetleri-1000x700.jpg\" data-srcset=\"https:\/\/www.turkishtranslationoffice.com\/de\/wp-content\/uploads\/sites\/4\/2020\/09\/sozlu-ceviri-hizmetleri-1000x700.jpg 1000w, https:\/\/www.turkishtranslationoffice.com\/de\/wp-content\/uploads\/sites\/4\/2020\/09\/sozlu-ceviri-hizmetleri-1525x1068.jpg 1525w\" width=\"1000\" height=\"700\"  data-dt-location=\"https:\/\/www.turkishtranslationoffice.com\/de\/uebersetzung-arabisch\/sozlu-ceviri-hizmetleri\/\" style=\"border-radius:10px;\" alt=\"\" \/><\/div><\/div><\/div>[\/vc_column_inner][vc_column_inner width=&#8221;1\/2&#8243; css=&#8221;.vc_custom_1596550089277{padding-top: 20px !important;}&#8221;]<div id=\"ultimate-heading-128869d4b02ae2515\" class=\"uvc-heading ult-adjust-bottom-margin ultimate-heading-128869d4b02ae2515 uvc-8980 \" data-hspacer=\"no_spacer\"  data-halign=\"left\" style=\"text-align:left\"><div class=\"uvc-heading-spacer no_spacer\" style=\"top\"><\/div><div class=\"uvc-main-heading ult-responsive\"  data-ultimate-target='.uvc-heading.ultimate-heading-128869d4b02ae2515 h2'  data-responsive-json-new='{\"font-size\":\"desktop:24px;\",\"line-height\":\"desktop:34px;\"}' ><h2 style=\"font-weight:bold;margin-bottom:25px;\">Muttersprachliche Italienisch-Dolmetscher<\/h2><\/div><\/div>[vc_column_text]Internationale Konferenzen, Arzttermine, Firmenschulungen, Gesch\u00e4ftstreffen, Gerichtsverhandlungen\u2026 Dies sind nur einige der mehrsprachigen Umgebungen, in denen Sie m\u00f6glicherweise Dolmetschleistungen f\u00fcr eine effektive Kommunikation ben\u00f6tigen.<\/p>\n<p>Wir bieten unseren Kunden erstklassige Dolmetscherdienste mit unseren zertifizierten <strong>Italienisch-Dolmetscher in der T\u00fcrkiye, Deutschland<\/strong> und in anderen Regionen Europas.[\/vc_column_text][vc_column_text css=&#8221;.vc_custom_1627389735506{margin-bottom: 0px !important;padding-bottom: 15px !important;}&#8221;]<\/p>\n<p style=\"margin-top: -10px;\"><span style=\"color: #d44133;\"><strong>Sprechen Sie unser Team an, um Ihren Dolmetscher zu buchen:<\/strong><\/span><\/p>\n<p>[\/vc_column_text]<div class=\"standard-arrow bullet-top\"><ul>\n<li><a href=\"\/de\/simultandolmetscherdienste\/\">Simultandolmetschen<\/a><\/li>\n<li><a href=\"\/de\/konsekutiv-dolmetschen\/\">Konsekutivdolmetschen<\/a><\/li>\n<li><a href=\"\/de\/juristische-uebersetzungen\/\">Gerichtsdolmetschen<\/a><\/li>\n<li><a href=\"\/de\/fl\u00fcsterdolmetscher\/\">Fl\u00fcsterdolmetschen<\/a><\/li>\n<\/ul>\n<\/div>[\/vc_column_inner][\/vc_row_inner][\/vc_column][\/vc_row]<\/p>\n","protected":false},"excerpt":{"rendered":"<p>[vc_row equal_height=&#8221;yes&#8221; content_placement=&#8221;top&#8221; bg_type=&#8221;image&#8221; parallax_style=&#8221;vcpb-default&#8221; bg_image_new=&#8221;id^4529|url^https:\/\/www.turkishtranslationoffice.com\/de\/wp-content\/uploads\/sites\/2\/2020\/09\/italyanca.jpg|caption^null|alt^null|title^italyanca|description^null&#8221; bg_image_repeat=&#8221;no-repeat&#8221; bg_override=&#8221;ex-full&#8221; type=&#8221;vc_default&#8221; margin_top=&#8221;5&#8243; margin_bottom=&#8221;10&#8243; css=&#8221;.vc_custom_1629995560760{padding-top: 2% !important;padding-bottom: 2% !important;}&#8221;][vc_column width=&#8221;1\/2&#8243;][vc_column_text]Italienisch wird in Italien, der Schweiz, Malta und einigen anderen europ\u00e4ischen L\u00e4ndern gesprochen. Es ist die Muttersprache von rund 60 Millionen Menschen und geh\u00f6rt zu den offiziellen Sprachen der EU. Die Wirtschaftskraft Italiens in der Eurozone macht es zu&hellip;<\/p>\n","protected":false},"author":1,"featured_media":0,"parent":0,"menu_order":10,"comment_status":"closed","ping_status":"closed","template":"","meta":{"footnotes":""},"aioseo_notices":[],"_links":{"self":[{"href":"https:\/\/www.turkishtranslationoffice.com\/de\/wp-json\/wp\/v2\/pages\/4513"}],"collection":[{"href":"https:\/\/www.turkishtranslationoffice.com\/de\/wp-json\/wp\/v2\/pages"}],"about":[{"href":"https:\/\/www.turkishtranslationoffice.com\/de\/wp-json\/wp\/v2\/types\/page"}],"author":[{"embeddable":true,"href":"https:\/\/www.turkishtranslationoffice.com\/de\/wp-json\/wp\/v2\/users\/1"}],"replies":[{"embeddable":true,"href":"https:\/\/www.turkishtranslationoffice.com\/de\/wp-json\/wp\/v2\/comments?post=4513"}],"version-history":[{"count":12,"href":"https:\/\/www.turkishtranslationoffice.com\/de\/wp-json\/wp\/v2\/pages\/4513\/revisions"}],"predecessor-version":[{"id":6976,"href":"https:\/\/www.turkishtranslationoffice.com\/de\/wp-json\/wp\/v2\/pages\/4513\/revisions\/6976"}],"wp:attachment":[{"href":"https:\/\/www.turkishtranslationoffice.com\/de\/wp-json\/wp\/v2\/media?parent=4513"}],"curies":[{"name":"wp","href":"https:\/\/api.w.org\/{rel}","templated":true}]}}