{"id":4549,"date":"2020-09-09T14:44:30","date_gmt":"2020-09-09T11:44:30","guid":{"rendered":"https:\/\/www.turkishtranslationoffice.com\/tr\/almanca-tercume-copy\/"},"modified":"2022-02-08T13:48:43","modified_gmt":"2022-02-08T10:48:43","slug":"uebersetzung-russisch","status":"publish","type":"page","link":"https:\/\/www.turkishtranslationoffice.com\/de\/uebersetzung-russisch\/","title":{"rendered":"Russisch"},"content":{"rendered":"<p>[vc_row equal_height=&#8221;yes&#8221; content_placement=&#8221;top&#8221; bg_type=&#8221;image&#8221; parallax_style=&#8221;vcpb-default&#8221; bg_image_new=&#8221;id^4506|url^https:\/\/www.turkishtranslationoffice.com\/de\/wp-content\/uploads\/sites\/2\/2020\/09\/diller.jpg|caption^null|alt^null|title^diller|description^null&#8221; bg_image_repeat=&#8221;no-repeat&#8221; bg_override=&#8221;ex-full&#8221; type=&#8221;vc_default&#8221; margin_top=&#8221;5&#8243; margin_bottom=&#8221;10&#8243; css=&#8221;.vc_custom_1629995635898{padding-top: 2% !important;padding-bottom: 2% !important;}&#8221;][vc_column width=&#8221;1\/2&#8243;]<div id=\"ultimate-heading-42869d4b02c746a6\" class=\"uvc-heading ult-adjust-bottom-margin ultimate-heading-42869d4b02c746a6 uvc-1593 \" data-hspacer=\"no_spacer\"  data-halign=\"left\" style=\"text-align:left\"><div class=\"uvc-heading-spacer no_spacer\" style=\"top\"><\/div><div class=\"uvc-main-heading ult-responsive\"  data-ultimate-target='.uvc-heading.ultimate-heading-42869d4b02c746a6 h1'  data-responsive-json-new='{\"font-size\":\"desktop:28px;\",\"line-height\":\"desktop:34px;\"}' ><h1 style=\"font-weight:bold;color:#ffffff;margin-bottom:25px;\">L\u00f6sungen f\u00fcr Human\u00fcbersetzung, Lokalisierung und Dolmetschen f\u00fcr die russische Sprache<\/h1><\/div><\/div>[vc_column_text]<span style=\"font-size: 18px; color: #ffffff;\">Als achth\u00e4ufigste Sprache der Welt, gemessen an der Anzahl der Muttersprachler, ist Russisch die offizielle Sprache der Russischen F\u00f6deration, Wei\u00dfrusslands, Kasachstans und Kirgisistans. Sie ist eine der am weitesten verbreiteten Sprachen im Internet und hat einen wichtigen Anteil an der Kommunikation in internationalen Beziehungen, Wirtschaft und Politik.<\/span><\/p>\n<p><span style=\"font-size: 18px; color: #ffffff;\">Wenn Sie ein Expertenteam von <b>Russisch-\u00dcbersetzern<\/b> suchen, um Ihre Dokumente, Webseiten oder jegliche Art von Inhalten \u00fcbersetzen zu lassen, oder <b>einen professionellen Dolmetscher<\/b> f\u00fcr Ihre Veranstaltungen engagieren m\u00f6chten, stehen wir Ihnen mit unseren qualit\u00e4tsgesicherten linguistischen <b>ISO 17100<\/b> und <b>ISO 9001 zertifizierten Dienstleistungen zur Verf\u00fcgung.<\/b><\/span><\/p>\n<p><span style=\"font-size: 18px; color: #ffffff;\">Sprechen Sie unser Team jetzt an und fordern Sie Ihr kostenloses Angebot an!<\/span>[\/vc_column_text][vc_row_inner equal_height=&#8221;yes&#8221; content_placement=&#8221;top&#8221;][vc_column_inner css=&#8221;.vc_custom_1644317314454{padding-top: 20px !important;padding-bottom: 32px !important;}&#8221;]<style type=\"text\/css\" data-type=\"the7_shortcodes-inline-css\">#default-btn-f37b7e23c1b32dd9093fe4497a8c18e4.ico-right-side > i {\n  margin-right: 0px;\n  margin-left: 8px;\n}\n#default-btn-f37b7e23c1b32dd9093fe4497a8c18e4 > i {\n  margin-right: 8px;\n}\n#default-btn-f37b7e23c1b32dd9093fe4497a8c18e4 * {\n  vertical-align: middle;\n}\n<\/style><a href=\"\/de\/uebersetzungspreis-berechnen\/\" class=\"default-btn-shortcode dt-btn dt-btn-l link-hover-off button-tto-grey btn-inline-left  vc_custom_1627390781067\" id=\"default-btn-f37b7e23c1b32dd9093fe4497a8c18e4\" style=\"width:286px;\"><span>Preis kalkulieren<\/span><\/a><style type=\"text\/css\" data-type=\"the7_shortcodes-inline-css\">#default-btn-abece9a20e4b142dd6c356702a1737ef.ico-right-side > i {\n  margin-right: 0px;\n  margin-left: 8px;\n}\n#default-btn-abece9a20e4b142dd6c356702a1737ef > i {\n  margin-right: 8px;\n}\n#default-btn-abece9a20e4b142dd6c356702a1737ef * {\n  vertical-align: middle;\n}\n<\/style><a href=\"\/de\/angebot-anfordern\/\" class=\"default-btn-shortcode dt-btn dt-btn-l link-hover-off button-tto-red btn-inline-left  vc_custom_1627390802021\" id=\"default-btn-abece9a20e4b142dd6c356702a1737ef\" style=\"width:286px;\"><span>Kostenloses Angebot einholen<\/span><\/a>[\/vc_column_inner][\/vc_row_inner][\/vc_column][vc_column width=&#8221;1\/2&#8243;][\/vc_column][\/vc_row][vc_row equal_height=&#8221;yes&#8221; content_placement=&#8221;top&#8221; bg_type=&#8221;image&#8221; parallax_style=&#8221;vcpb-default&#8221; bg_image_new=&#8221;id^2302|url^https:\/\/www.turkishtranslationoffice.com\/de\/wp-content\/uploads\/sites\/2\/2020\/08\/arka-plan-siyah-beyaz.png|caption^null|alt^null|title^arka-plan-siyah-beyaz|description^null&#8221; bg_override=&#8221;ex-full&#8221; type=&#8221;vc_default&#8221; margin_top=&#8221;5&#8243; margin_bottom=&#8221;10&#8243; css=&#8221;.vc_custom_1599653420149{padding-top: 30px !important;padding-bottom: 30px !important;}&#8221;][vc_column css=&#8221;.vc_custom_1491746299333{padding-bottom: 0px !important;}&#8221;][vc_row_inner equal_height=&#8221;yes&#8221; content_placement=&#8221;top&#8221;][vc_column_inner width=&#8221;1\/2&#8243;]<style type=\"text\/css\" data-type=\"the7_shortcodes-inline-css\">.shortcode-single-image-wrap.shortcode-single-image-d66f11c7e936e2731d979ed499b989d0.enable-bg-rollover .rollover i,\n.shortcode-single-image-wrap.shortcode-single-image-d66f11c7e936e2731d979ed499b989d0.enable-bg-rollover .rollover-video i {\n  background: ;\n  background: -webkit-linear-gradient();\n  background: linear-gradient();\n}\n.shortcode-single-image-wrap.shortcode-single-image-d66f11c7e936e2731d979ed499b989d0 .rollover-icon {\n  font-size: 32px;\n  color: #ffffff;\n  min-width: 44px;\n  min-height: 44px;\n  line-height: 44px;\n  border-radius: 100px;\n  border-style: solid;\n  border-width: 0px;\n}\n.dt-icon-bg-on.shortcode-single-image-wrap.shortcode-single-image-d66f11c7e936e2731d979ed499b989d0 .rollover-icon {\n  background: rgba(255,255,255,0.3);\n  box-shadow: none;\n}\n<\/style><div class=\"shortcode-single-image-wrap shortcode-single-image-d66f11c7e936e2731d979ed499b989d0 alignnone  enable-bg-rollover dt-icon-bg-off\" style=\"margin-top:0px; margin-bottom:0px; margin-left:0px; margin-right:0px; width:1000px;\"><div class=\"shortcode-single-image\"><div class=\"fancy-media-wrap  layzr-bg\" style=\"border-radius:10px;\"><img loading=\"lazy\" decoding=\"async\" class=\"preload-me lazy-load\" src=\"data:image\/svg+xml,%3Csvg%20xmlns%3D&#39;http%3A%2F%2Fwww.w3.org%2F2000%2Fsvg&#39;%20viewBox%3D&#39;0%200%201000%20700&#39;%2F%3E\" data-src=\"https:\/\/www.turkishtranslationoffice.com\/de\/wp-content\/uploads\/sites\/4\/2020\/09\/yuksek-kaliteli-insan-cevirisi-hizmetleri-1000x700.jpg\" data-srcset=\"https:\/\/www.turkishtranslationoffice.com\/de\/wp-content\/uploads\/sites\/4\/2020\/09\/yuksek-kaliteli-insan-cevirisi-hizmetleri-1000x700.jpg 1000w, https:\/\/www.turkishtranslationoffice.com\/de\/wp-content\/uploads\/sites\/4\/2020\/09\/yuksek-kaliteli-insan-cevirisi-hizmetleri-1525x1068.jpg 1525w\" width=\"1000\" height=\"700\"  data-dt-location=\"https:\/\/www.turkishtranslationoffice.com\/de\/uebersetzung-englisch\/yuksek-kaliteli-insan-cevirisi-hizmetleri\/\" style=\"border-radius:10px;\" alt=\"\" \/><\/div><\/div><\/div>[\/vc_column_inner][vc_column_inner width=&#8221;1\/2&#8243; css=&#8221;.vc_custom_1596550089277{padding-top: 20px !important;}&#8221;]<div id=\"ultimate-heading-598669d4b02c750f1\" class=\"uvc-heading ult-adjust-bottom-margin ultimate-heading-598669d4b02c750f1 uvc-8770 \" data-hspacer=\"no_spacer\"  data-halign=\"left\" style=\"text-align:left\"><div class=\"uvc-heading-spacer no_spacer\" style=\"top\"><\/div><div class=\"uvc-main-heading ult-responsive\"  data-ultimate-target='.uvc-heading.ultimate-heading-598669d4b02c750f1 h2'  data-responsive-json-new='{\"font-size\":\"desktop:24px;\",\"line-height\":\"desktop:34px;\"}' ><h2 style=\"font-weight:bold;margin-bottom:25px;\">Premium Russisch-\u00dcbersetzungsdienstleistungen<\/h2><\/div><\/div>[vc_column_text]<\/p>\n<p style=\"text-align: left;\">Zusammenarbeit mit professionellen muttersprachlichen Linguisten f\u00fcr den Bedarf unserer Kunden an \u00dcbersetzungen in <strong>Russisch &#8211; T\u00fcrkisch, Englisch &#8211; Russisch<\/strong> und andere Sprachkombinationen, bieten wir unseren Kunden Dokumenten\u00fcbersetzungen auf Weltniveau an.<\/p>\n<p>Alle \u00dcbersetzungen, die wir liefern, werden von professionellen <strong>Russisch-\u00dcbersetzern<\/strong> die Fachexperten auf dem jeweiligen Gebiet sind. Wenn Sie Ihr Dokument in einem russischsprachigen Land verwenden m\u00fcssen, k\u00f6nnen Sie uns die \u00dcbersetzung Ihres Dokuments anvertrauen, um einen qualit\u00e4tsgesicherten Service zu erhalten.[\/vc_column_text][vc_column_text css=&#8221;.vc_custom_1627390853374{margin-bottom: 0px !important;padding-bottom: 15px !important;}&#8221;]<\/p>\n<p style=\"margin-top: -10px;\"><span style=\"color: #d44133;\"><strong>Gem\u00e4\u00df unserer Verpflichtung zur Einhaltung der ISO-Normen arbeiten wir nur mit muttersprachlichen Linguisten zusammen und f\u00fchren nach Abschluss der \u00dcbersetzung ein Lektorat und ein Review durch. Wir sind bereit, Ihnen bei Ihren Russisch-\u00dcbersetzungsbed\u00fcrfnissen zu helfen, z. B. f\u00fcr die Branchen:<\/strong><\/span><\/p>\n<p>[\/vc_column_text]<div class=\"standard-arrow bullet-top\"><ul>\n<li><a href=\"\/de\/fachuebersetzungen-energiebranche\/\">Energie\u00fcbersetzungen f\u00fcr die \u00d6l-, Erdgas- und Kernkraftindustrie<\/a><\/li>\n<li><a href=\"\/de\/fachuebersetzungen-verteidigungsindustrie\/\">Milit\u00e4r und Luftfahrt<\/a><\/li>\n<li><a href=\"\/de\/fachuebersetzungen-biowissenschaft\/\">Medizin<\/a><\/li>\n<li><a href=\"\/de\/fachuebersetzungen-it-elektrotechnik\/\">IT<\/a><\/li>\n<li><a href=\"\/de\/fachuebersetzungen-automobilbranche\/\">Automobilindustrie<\/a><\/li>\n<li><a href=\"\/de\/juristische-uebersetzungen\/\">Recht<\/a><\/li>\n<\/ul>\n<\/div>[\/vc_column_inner][\/vc_row_inner][\/vc_column][\/vc_row][vc_row equal_height=&#8221;yes&#8221; content_placement=&#8221;top&#8221; bg_type=&#8221;image&#8221; parallax_style=&#8221;vcpb-hz-jquery&#8221; bg_image_new=&#8221;id^1611|url^https:\/\/www.turkishtranslationoffice.com\/de\/wp-content\/uploads\/sites\/2\/2016\/02\/bg-mem.png|caption^null|alt^null|title^bg-mem|description^null&#8221; bg_override=&#8221;ex-full&#8221; type=&#8221;vc_default&#8221; margin_top=&#8221;5&#8243; margin_bottom=&#8221;10&#8243; css=&#8221;.vc_custom_1599578606546{padding-top: 30px !important;padding-bottom: 30px !important;background-color: #f4f4f4 !important;}&#8221;][vc_column width=&#8221;1\/2&#8243;]<div id=\"ultimate-heading-506969d4b02c75154\" class=\"uvc-heading ult-adjust-bottom-margin ultimate-heading-506969d4b02c75154 uvc-8337 \" data-hspacer=\"no_spacer\"  data-halign=\"left\" style=\"text-align:left\"><div class=\"uvc-heading-spacer no_spacer\" style=\"top\"><\/div><div class=\"uvc-main-heading ult-responsive\"  data-ultimate-target='.uvc-heading.ultimate-heading-506969d4b02c75154 h2'  data-responsive-json-new='{\"font-size\":\"desktop:24px;\",\"line-height\":\"desktop:34px;\"}' ><h2 style=\"font-weight:bold;margin-bottom:25px;\">Notariell beglaubigte \u00dcbersetzungen f\u00fcr die russische Sprache<\/h2><\/div><\/div>[vc_column_text]Wir bieten Ihnen <strong>beglaubigte Russisch-\u00dcbersetzungen<\/strong> mit unseren <strong>vereidigten Fach\u00fcbersetzern<\/strong>. Ganz gleich, ob es sich um ein pers\u00f6nliches Dokument handelt, das Sie f\u00fcr Ihren Antrag auf ein Visum oder eine Arbeitserlaubnis ben\u00f6tigen, oder ob Sie einen Vertrag zur Verwendung in einem russischsprachigen Land \u00fcbersetzen und abstempeln lassen m\u00fcssen, unsere \u00dcbersetzer liefern fehlerfreie \u00dcbersetzungen.[\/vc_column_text][vc_column_text css=&#8221;.vc_custom_1627390964278{margin-bottom: 0px !important;padding-bottom: 15px !important;}&#8221;]<\/p>\n<p style=\"margin-top: -10px;\"><span style=\"color: #d44133;\"><strong>Einige der Dokumenttypen, f\u00fcr die wir in der Regel beglaubigte russische \u00dcbersetzungsanfragen erhalten, sind:<\/strong><\/span><\/p>\n<p>[\/vc_column_text][vc_row_inner equal_height=&#8221;yes&#8221; content_placement=&#8221;top&#8221;][vc_column_inner]<div class=\"standard-arrow bullet-top\"><ul>\n<li>P\u00e4sse, Personalausweise, Diplome, F\u00fchrerscheine<\/li>\n<li>Vertr\u00e4ge<\/li>\n<li>Gerichtsdokumente und Petitionen<\/li>\n<li>Vollmachten<\/li>\n<li>Aufenthalts- und Heiratsbescheinigungen<\/li>\n<li>Andere relevante Dokumente im Zusammenhang mit der Einwanderungsbeh\u00f6rde<\/li>\n<\/ul>\n<\/div>[\/vc_column_inner][\/vc_row_inner][\/vc_column][vc_column width=&#8221;1\/2&#8243;]<style type=\"text\/css\" data-type=\"the7_shortcodes-inline-css\">.shortcode-single-image-wrap.shortcode-single-image-08edec176fa4164d7c1a2944a5bd5742.enable-bg-rollover .rollover i,\n.shortcode-single-image-wrap.shortcode-single-image-08edec176fa4164d7c1a2944a5bd5742.enable-bg-rollover .rollover-video i {\n  background: ;\n  background: -webkit-linear-gradient();\n  background: linear-gradient();\n}\n.shortcode-single-image-wrap.shortcode-single-image-08edec176fa4164d7c1a2944a5bd5742 .rollover-icon {\n  font-size: 32px;\n  color: #ffffff;\n  min-width: 44px;\n  min-height: 44px;\n  line-height: 44px;\n  border-radius: 100px;\n  border-style: solid;\n  border-width: 0px;\n}\n.dt-icon-bg-on.shortcode-single-image-wrap.shortcode-single-image-08edec176fa4164d7c1a2944a5bd5742 .rollover-icon {\n  background: rgba(255,255,255,0.3);\n  box-shadow: none;\n}\n<\/style><div class=\"shortcode-single-image-wrap shortcode-single-image-08edec176fa4164d7c1a2944a5bd5742 alignnone  enable-bg-rollover dt-icon-bg-off\" style=\"margin-top:0px; margin-bottom:0px; margin-left:0px; margin-right:0px; width:1000px;\"><div class=\"shortcode-single-image\"><div class=\"fancy-media-wrap  layzr-bg\" style=\"border-radius:10px;\"><img loading=\"lazy\" decoding=\"async\" class=\"preload-me lazy-load\" src=\"data:image\/svg+xml,%3Csvg%20xmlns%3D&#39;http%3A%2F%2Fwww.w3.org%2F2000%2Fsvg&#39;%20viewBox%3D&#39;0%200%201000%20700&#39;%2F%3E\" data-src=\"https:\/\/www.turkishtranslationoffice.com\/de\/wp-content\/uploads\/sites\/4\/2020\/09\/noter-onayli-tercume-1000x700.jpg\" data-srcset=\"https:\/\/www.turkishtranslationoffice.com\/de\/wp-content\/uploads\/sites\/4\/2020\/09\/noter-onayli-tercume-1000x700.jpg 1000w, https:\/\/www.turkishtranslationoffice.com\/de\/wp-content\/uploads\/sites\/4\/2020\/09\/noter-onayli-tercume-1461x1023.jpg 1461w\" width=\"1000\" height=\"700\"  data-dt-location=\"https:\/\/www.turkishtranslationoffice.com\/de\/uebersetzung-persisch\/noter-onayli-tercume-3\/\" style=\"border-radius:10px;\" alt=\"\" \/><\/div><\/div><\/div>[\/vc_column][\/vc_row][vc_row equal_height=&#8221;yes&#8221; content_placement=&#8221;top&#8221; bg_type=&#8221;image&#8221; parallax_style=&#8221;vcpb-default&#8221; bg_image_new=&#8221;id^2302|url^https:\/\/www.turkishtranslationoffice.com\/de\/wp-content\/uploads\/sites\/2\/2020\/08\/arka-plan-siyah-beyaz.png|caption^null|alt^null|title^arka-plan-siyah-beyaz|description^null&#8221; bg_override=&#8221;ex-full&#8221; type=&#8221;vc_default&#8221; margin_top=&#8221;5&#8243; margin_bottom=&#8221;10&#8243; css=&#8221;.vc_custom_1599580450673{padding-top: 30px !important;padding-bottom: 50px !important;background-color: #b6dce7 !important;}&#8221;][vc_column css=&#8221;.vc_custom_1491746299333{padding-bottom: 0px !important;}&#8221;][vc_row_inner equal_height=&#8221;yes&#8221; content_placement=&#8221;top&#8221;][vc_column_inner width=&#8221;1\/2&#8243;]<style type=\"text\/css\" data-type=\"the7_shortcodes-inline-css\">.shortcode-single-image-wrap.shortcode-single-image-9b17dbc7e62cb4506e15c76dfa762d96.enable-bg-rollover .rollover i,\n.shortcode-single-image-wrap.shortcode-single-image-9b17dbc7e62cb4506e15c76dfa762d96.enable-bg-rollover .rollover-video i {\n  background: ;\n  background: -webkit-linear-gradient();\n  background: linear-gradient();\n}\n.shortcode-single-image-wrap.shortcode-single-image-9b17dbc7e62cb4506e15c76dfa762d96 .rollover-icon {\n  font-size: 32px;\n  color: #ffffff;\n  min-width: 44px;\n  min-height: 44px;\n  line-height: 44px;\n  border-radius: 100px;\n  border-style: solid;\n  border-width: 0px;\n}\n.dt-icon-bg-on.shortcode-single-image-wrap.shortcode-single-image-9b17dbc7e62cb4506e15c76dfa762d96 .rollover-icon {\n  background: rgba(255,255,255,0.3);\n  box-shadow: none;\n}\n<\/style><div class=\"shortcode-single-image-wrap shortcode-single-image-9b17dbc7e62cb4506e15c76dfa762d96 alignnone  enable-bg-rollover dt-icon-bg-off\" style=\"margin-top:0px; margin-bottom:0px; margin-left:0px; margin-right:0px; width:1000px;\"><div class=\"shortcode-single-image\"><div class=\"fancy-media-wrap  layzr-bg\" style=\"border-radius:10px;\"><img loading=\"lazy\" decoding=\"async\" class=\"preload-me lazy-load\" src=\"data:image\/svg+xml,%3Csvg%20xmlns%3D&#39;http%3A%2F%2Fwww.w3.org%2F2000%2Fsvg&#39;%20viewBox%3D&#39;0%200%201000%20700&#39;%2F%3E\" data-src=\"https:\/\/www.turkishtranslationoffice.com\/de\/wp-content\/uploads\/sites\/4\/2020\/09\/sozlu-ceviri-hizmetleri-1000x700.jpg\" data-srcset=\"https:\/\/www.turkishtranslationoffice.com\/de\/wp-content\/uploads\/sites\/4\/2020\/09\/sozlu-ceviri-hizmetleri-1000x700.jpg 1000w, https:\/\/www.turkishtranslationoffice.com\/de\/wp-content\/uploads\/sites\/4\/2020\/09\/sozlu-ceviri-hizmetleri-1525x1068.jpg 1525w\" width=\"1000\" height=\"700\"  data-dt-location=\"https:\/\/www.turkishtranslationoffice.com\/de\/uebersetzung-arabisch\/sozlu-ceviri-hizmetleri\/\" style=\"border-radius:10px;\" alt=\"\" \/><\/div><\/div><\/div>[\/vc_column_inner][vc_column_inner width=&#8221;1\/2&#8243; css=&#8221;.vc_custom_1596550089277{padding-top: 20px !important;}&#8221;]<div id=\"ultimate-heading-889069d4b02c75812\" class=\"uvc-heading ult-adjust-bottom-margin ultimate-heading-889069d4b02c75812 uvc-9402 \" data-hspacer=\"no_spacer\"  data-halign=\"left\" style=\"text-align:left\"><div class=\"uvc-heading-spacer no_spacer\" style=\"top\"><\/div><div class=\"uvc-main-heading ult-responsive\"  data-ultimate-target='.uvc-heading.ultimate-heading-889069d4b02c75812 h2'  data-responsive-json-new='{\"font-size\":\"desktop:24px;\",\"line-height\":\"desktop:34px;\"}' ><h2 style=\"font-weight:bold;margin-bottom:25px;\">Russisch-Dolmetscherdienste<\/h2><\/div><\/div>[vc_column_text]Sie halten eine Veranstaltung ab, bei der ein Hauptredner seine Rede auf <strong>Russisch h\u00e4lt,<\/strong> oder es gibt Teilnehmer, die eine Verdolmetschung f\u00fcr Russisch ben\u00f6tigen? Sie k\u00f6nnen sich auf uns verlassen, wenn Sie Dolmetscher f\u00fcr internationale Veranstaltungen, Seminare oder mehrsprachige interne Meetings ben\u00f6tigen.\u00a0 Wir arbeiten nur mit fachkundigen <strong>Konferenzdolmetschern zusammen<\/strong>, die russische Muttersprachler sind und Erfahrung im Fachbereich der von Ihnen durchgef\u00fchrten Veranstaltung haben.<\/p>\n<p>Sie k\u00f6nnen sich mit uns in Verbindung setzen, um ein kostenloses Angebot f\u00fcr Ihre Bed\u00fcrfnisse in den Sprachpaaren wie z.B <strong>Russisch &#8211; T\u00fcrkisch, Russisch &#8211; Englisch <\/strong>und viele mehr.<\/p>\n<p>Wir bieten professionelle Unterst\u00fctzung f\u00fcr <a href=\"\/de\/simultandolmetscherdienste\/\">Simultandolmetschen<\/a>, <a href=\"\/de\/konsekutiv-dolmetschen\/\">Konsekutivdolmetschen<\/a>, <a href=\"\/de\/vermietung-von-simultananlagen\/\">und den Verleih von technischem Equipment<\/a> auch f\u00fcr Online-Meetings und Webinare.[\/vc_column_text][\/vc_column_inner][\/vc_row_inner][\/vc_column][\/vc_row][vc_row equal_height=&#8221;yes&#8221; content_placement=&#8221;top&#8221; bg_type=&#8221;image&#8221; parallax_style=&#8221;vcpb-hz-jquery&#8221; bg_image_new=&#8221;id^1611|url^https:\/\/www.turkishtranslationoffice.com\/de\/wp-content\/uploads\/sites\/2\/2016\/02\/bg-mem.png|caption^null|alt^null|title^bg-mem|description^null&#8221; bg_override=&#8221;ex-full&#8221; type=&#8221;vc_default&#8221; margin_top=&#8221;5&#8243; margin_bottom=&#8221;10&#8243; css=&#8221;.vc_custom_1599564686245{padding-top: 30px !important;padding-bottom: 50px !important;background-color: #f4f4f4 !important;}&#8221;][vc_column css=&#8221;.vc_custom_1491746299333{padding-bottom: 0px !important;}&#8221;][vc_row_inner equal_height=&#8221;yes&#8221; content_placement=&#8221;top&#8221;][vc_column_inner width=&#8221;1\/2&#8243; css=&#8221;.vc_custom_1596550089277{padding-top: 20px !important;}&#8221;]<div id=\"ultimate-heading-934269d4b02c7582e\" class=\"uvc-heading ult-adjust-bottom-margin ultimate-heading-934269d4b02c7582e uvc-9143 \" data-hspacer=\"no_spacer\"  data-halign=\"left\" style=\"text-align:left\"><div class=\"uvc-heading-spacer no_spacer\" style=\"top\"><\/div><div class=\"uvc-main-heading ult-responsive\"  data-ultimate-target='.uvc-heading.ultimate-heading-934269d4b02c7582e h2'  data-responsive-json-new='{\"font-size\":\"desktop:24px;\",\"line-height\":\"desktop:34px;\"}' ><h2 style=\"font-weight:bold;margin-bottom:25px;\">Russische Lokalisierungsdienste von erfahrenen Linguisten<\/h2><\/div><\/div>[vc_column_text]Wenn Sie planen, in neue M\u00e4rkte zu expandieren und Ihre Dienstleistungen oder Produkte in einem russischsprachigen Markt anbieten m\u00f6chten, ist der beste Weg, die lokalen Verbraucher zu erreichen und damit Ihren Umsatz zu steigern, die Ansprache der Kunden in ihrer Muttersprache unter Ber\u00fccksichtigung ihres Kaufverhaltens und ihrer Pr\u00e4ferenzen. Hier kommt die Lokalisierung ins Spiel und hilft Ihrem Team, ein Produkt zu entwickeln, das die Erwartungen der lokalen Benutzer erf\u00fcllt.<\/p>\n<p>Als Lokalisierungsdienstleister vieler gro\u00dfer, international t\u00e4tiger Unternehmen ist TTO bereit, Ihnen <strong>russische Lokalisierungsdienstleistungen <\/strong>anzubieten, bei denen wir unseren Kunden helfen, ihre Softwareoberfl\u00e4chen, mobilen Apps, Websites, Marketingkampagnen und Dokumentationen an die Anforderungen des lokalen Marktes anzupassen, auf den sie ausgerichtet sind.[\/vc_column_text][\/vc_column_inner][vc_column_inner width=&#8221;1\/2&#8243;]<style type=\"text\/css\" data-type=\"the7_shortcodes-inline-css\">.shortcode-single-image-wrap.shortcode-single-image-8fcb7939b502c444d05dee04801f6fc6.enable-bg-rollover .rollover i,\n.shortcode-single-image-wrap.shortcode-single-image-8fcb7939b502c444d05dee04801f6fc6.enable-bg-rollover .rollover-video i {\n  background: ;\n  background: -webkit-linear-gradient();\n  background: linear-gradient();\n}\n.shortcode-single-image-wrap.shortcode-single-image-8fcb7939b502c444d05dee04801f6fc6 .rollover-icon {\n  font-size: 32px;\n  color: #ffffff;\n  min-width: 44px;\n  min-height: 44px;\n  line-height: 44px;\n  border-radius: 100px;\n  border-style: solid;\n  border-width: 0px;\n}\n.dt-icon-bg-on.shortcode-single-image-wrap.shortcode-single-image-8fcb7939b502c444d05dee04801f6fc6 .rollover-icon {\n  background: rgba(255,255,255,0.3);\n  box-shadow: none;\n}\n<\/style><div class=\"shortcode-single-image-wrap shortcode-single-image-8fcb7939b502c444d05dee04801f6fc6 alignnone  enable-bg-rollover dt-icon-bg-off\" style=\"margin-top:0px; margin-bottom:0px; margin-left:0px; margin-right:0px; width:1000px;\"><div class=\"shortcode-single-image\"><div class=\"fancy-media-wrap  layzr-bg\" style=\"border-radius:10px;\"><img loading=\"lazy\" decoding=\"async\" class=\"preload-me lazy-load\" src=\"data:image\/svg+xml,%3Csvg%20xmlns%3D&#39;http%3A%2F%2Fwww.w3.org%2F2000%2Fsvg&#39;%20viewBox%3D&#39;0%200%201000%20700&#39;%2F%3E\" data-src=\"https:\/\/www.turkishtranslationoffice.com\/de\/wp-content\/uploads\/sites\/4\/2020\/09\/lokalizasyon-hizmetleri-1000x700.jpg\" data-srcset=\"https:\/\/www.turkishtranslationoffice.com\/de\/wp-content\/uploads\/sites\/4\/2020\/09\/lokalizasyon-hizmetleri-1000x700.jpg 1000w, https:\/\/www.turkishtranslationoffice.com\/de\/wp-content\/uploads\/sites\/4\/2020\/09\/lokalizasyon-hizmetleri-1600x1120.jpg 1600w\" width=\"1000\" height=\"700\"  data-dt-location=\"https:\/\/www.turkishtranslationoffice.com\/de\/uebersetzung-arabisch\/lokalizasyon-hizmetleri\/\" style=\"border-radius:10px;\" alt=\"\" \/><\/div><\/div><\/div>[\/vc_column_inner][\/vc_row_inner][\/vc_column][\/vc_row]<\/p>\n","protected":false},"excerpt":{"rendered":"<p>[vc_row equal_height=&#8221;yes&#8221; content_placement=&#8221;top&#8221; bg_type=&#8221;image&#8221; parallax_style=&#8221;vcpb-default&#8221; bg_image_new=&#8221;id^4506|url^https:\/\/www.turkishtranslationoffice.com\/de\/wp-content\/uploads\/sites\/2\/2020\/09\/diller.jpg|caption^null|alt^null|title^diller|description^null&#8221; bg_image_repeat=&#8221;no-repeat&#8221; bg_override=&#8221;ex-full&#8221; type=&#8221;vc_default&#8221; margin_top=&#8221;5&#8243; margin_bottom=&#8221;10&#8243; css=&#8221;.vc_custom_1629995635898{padding-top: 2% !important;padding-bottom: 2% !important;}&#8221;][vc_column width=&#8221;1\/2&#8243;][vc_column_text]Als achth\u00e4ufigste Sprache der Welt, gemessen an der Anzahl der Muttersprachler, ist Russisch die offizielle Sprache der Russischen F\u00f6deration, Wei\u00dfrusslands, Kasachstans und Kirgisistans. Sie ist eine der am weitesten verbreiteten Sprachen im Internet und hat einen wichtigen Anteil an&hellip;<\/p>\n","protected":false},"author":1,"featured_media":0,"parent":0,"menu_order":10,"comment_status":"closed","ping_status":"closed","template":"","meta":{"footnotes":""},"aioseo_notices":[],"_links":{"self":[{"href":"https:\/\/www.turkishtranslationoffice.com\/de\/wp-json\/wp\/v2\/pages\/4549"}],"collection":[{"href":"https:\/\/www.turkishtranslationoffice.com\/de\/wp-json\/wp\/v2\/pages"}],"about":[{"href":"https:\/\/www.turkishtranslationoffice.com\/de\/wp-json\/wp\/v2\/types\/page"}],"author":[{"embeddable":true,"href":"https:\/\/www.turkishtranslationoffice.com\/de\/wp-json\/wp\/v2\/users\/1"}],"replies":[{"embeddable":true,"href":"https:\/\/www.turkishtranslationoffice.com\/de\/wp-json\/wp\/v2\/comments?post=4549"}],"version-history":[{"count":11,"href":"https:\/\/www.turkishtranslationoffice.com\/de\/wp-json\/wp\/v2\/pages\/4549\/revisions"}],"predecessor-version":[{"id":6919,"href":"https:\/\/www.turkishtranslationoffice.com\/de\/wp-json\/wp\/v2\/pages\/4549\/revisions\/6919"}],"wp:attachment":[{"href":"https:\/\/www.turkishtranslationoffice.com\/de\/wp-json\/wp\/v2\/media?parent=4549"}],"curies":[{"name":"wp","href":"https:\/\/api.w.org\/{rel}","templated":true}]}}