{"id":4562,"date":"2020-09-09T15:11:46","date_gmt":"2020-09-09T12:11:46","guid":{"rendered":"https:\/\/www.turkishtranslationoffice.com\/tr\/almanca-tercume-copy\/"},"modified":"2022-02-08T13:50:11","modified_gmt":"2022-02-08T10:50:11","slug":"uebersetzung-spanisch","status":"publish","type":"page","link":"https:\/\/www.turkishtranslationoffice.com\/de\/uebersetzung-spanisch\/","title":{"rendered":"Spanisch"},"content":{"rendered":"<p>[vc_row equal_height=&#8221;yes&#8221; content_placement=&#8221;top&#8221; bg_type=&#8221;image&#8221; parallax_style=&#8221;vcpb-default&#8221; bg_image_new=&#8221;id^4506|url^https:\/\/www.turkishtranslationoffice.com\/de\/wp-content\/uploads\/sites\/2\/2020\/09\/diller.jpg|caption^null|alt^null|title^diller|description^null&#8221; bg_image_repeat=&#8221;no-repeat&#8221; bg_override=&#8221;ex-full&#8221; type=&#8221;vc_default&#8221; margin_top=&#8221;5&#8243; margin_bottom=&#8221;10&#8243; css=&#8221;.vc_custom_1629995666992{padding-top: 2% !important;padding-bottom: 2% !important;}&#8221;][vc_column width=&#8221;1\/2&#8243;]<div id=\"ultimate-heading-584569d4b028de747\" class=\"uvc-heading ult-adjust-bottom-margin ultimate-heading-584569d4b028de747 uvc-9508 \" data-hspacer=\"no_spacer\"  data-halign=\"left\" style=\"text-align:left\"><div class=\"uvc-heading-spacer no_spacer\" style=\"top\"><\/div><div class=\"uvc-main-heading ult-responsive\"  data-ultimate-target='.uvc-heading.ultimate-heading-584569d4b028de747 h1'  data-responsive-json-new='{\"font-size\":\"desktop:28px;\",\"line-height\":\"desktop:34px;\"}' ><h1 style=\"font-weight:bold;color:#ffffff;margin-bottom:25px;\">Spanisch-\u00dcbersetzungs- und Dolmetscherdienste von professionellen Linguisten<\/h1><\/div><\/div>[vc_column_text]<span style=\"font-size: 18px; color: #ffffff;\">Als Weltsprache mit mehr als 483 Millionen Muttersprachlern, die vor allem in Spanien und Nord- und S\u00fcdamerika verbreitet sind, ist Spanisch die am zweith\u00e4ufigsten gesprochene Muttersprache und die am vierth\u00e4ufigsten gesprochene Sprache der Welt.<\/span><\/p>\n<p><span style=\"font-size: 18px; color: #ffffff;\">Mit einem gro\u00dfen Anteil an der Weltbev\u00f6lkerung ist Spanisch eine der am h\u00e4ufigsten \u00fcbersetzten Sprachen. F\u00fcr Kunden, die \u00dcbersetzungs- und Dolmetscherdienste f\u00fcr die Sprachpaare <b>Spanisch &#8211; Englisch, Spanisch &#8211; T\u00fcrkisch, Spanisch &#8211; Deutsch<\/b> und viele mehr ben\u00f6tigen, bieten wir professionelle Sprachdienstleistungen mit unseren erfahrenen \u00dcbersetzern.<\/span><\/p>\n<p><span style=\"font-size: 18px; color: #ffffff;\">Kontaktieren Sie uns jetzt, um mehr \u00fcber unsere Dienstleistungen zu erfahren oder Ihr kostenloses Angebot zu erhalten!<\/span>[\/vc_column_text][vc_row_inner equal_height=&#8221;yes&#8221; content_placement=&#8221;top&#8221;][vc_column_inner css=&#8221;.vc_custom_1644317404689{padding-top: 20px !important;padding-bottom: 32px !important;}&#8221;]<style type=\"text\/css\" data-type=\"the7_shortcodes-inline-css\">#default-btn-7bb9a2e0043d57ff61112f2a9afbd144.ico-right-side > i {\n  margin-right: 0px;\n  margin-left: 8px;\n}\n#default-btn-7bb9a2e0043d57ff61112f2a9afbd144 > i {\n  margin-right: 8px;\n}\n#default-btn-7bb9a2e0043d57ff61112f2a9afbd144 * {\n  vertical-align: middle;\n}\n<\/style><a href=\"\/de\/uebersetzungspreis-berechnen\/\" class=\"default-btn-shortcode dt-btn dt-btn-l link-hover-off button-tto-grey btn-inline-left  vc_custom_1627391609431\" id=\"default-btn-7bb9a2e0043d57ff61112f2a9afbd144\" style=\"width:286px;\"><span>Preis kalkulieren<\/span><\/a><style type=\"text\/css\" data-type=\"the7_shortcodes-inline-css\">#default-btn-3e8d91ccc543d09fa0bf063280588ded.ico-right-side > i {\n  margin-right: 0px;\n  margin-left: 8px;\n}\n#default-btn-3e8d91ccc543d09fa0bf063280588ded > i {\n  margin-right: 8px;\n}\n#default-btn-3e8d91ccc543d09fa0bf063280588ded * {\n  vertical-align: middle;\n}\n<\/style><a href=\"\/de\/angebot-anfordern\/\" class=\"default-btn-shortcode dt-btn dt-btn-l link-hover-off button-tto-red btn-inline-left  vc_custom_1627391628490\" id=\"default-btn-3e8d91ccc543d09fa0bf063280588ded\" style=\"width:286px;\"><span>Kostenloses Angebot einholen<\/span><\/a>[\/vc_column_inner][\/vc_row_inner][\/vc_column][vc_column width=&#8221;1\/2&#8243;][\/vc_column][\/vc_row][vc_row equal_height=&#8221;yes&#8221; content_placement=&#8221;top&#8221; bg_type=&#8221;image&#8221; parallax_style=&#8221;vcpb-default&#8221; bg_image_new=&#8221;id^2302|url^https:\/\/www.turkishtranslationoffice.com\/de\/wp-content\/uploads\/sites\/2\/2020\/08\/arka-plan-siyah-beyaz.png|caption^null|alt^null|title^arka-plan-siyah-beyaz|description^null&#8221; bg_override=&#8221;ex-full&#8221; type=&#8221;vc_default&#8221; margin_top=&#8221;5&#8243; margin_bottom=&#8221;10&#8243; css=&#8221;.vc_custom_1599579541146{padding-top: 30px !important;padding-bottom: 50px !important;background-color: #ea524d !important;}&#8221;][vc_column css=&#8221;.vc_custom_1491746299333{padding-bottom: 0px !important;}&#8221;][vc_row_inner equal_height=&#8221;yes&#8221; content_placement=&#8221;top&#8221;][vc_column_inner width=&#8221;1\/2&#8243;]<style type=\"text\/css\" data-type=\"the7_shortcodes-inline-css\">.shortcode-single-image-wrap.shortcode-single-image-420d737ab7639901d3eaf7770af6cf03.enable-bg-rollover .rollover i,\n.shortcode-single-image-wrap.shortcode-single-image-420d737ab7639901d3eaf7770af6cf03.enable-bg-rollover .rollover-video i {\n  background: ;\n  background: -webkit-linear-gradient();\n  background: linear-gradient();\n}\n.shortcode-single-image-wrap.shortcode-single-image-420d737ab7639901d3eaf7770af6cf03 .rollover-icon {\n  font-size: 32px;\n  color: #ffffff;\n  min-width: 44px;\n  min-height: 44px;\n  line-height: 44px;\n  border-radius: 100px;\n  border-style: solid;\n  border-width: 0px;\n}\n.dt-icon-bg-on.shortcode-single-image-wrap.shortcode-single-image-420d737ab7639901d3eaf7770af6cf03 .rollover-icon {\n  background: rgba(255,255,255,0.3);\n  box-shadow: none;\n}\n<\/style><div class=\"shortcode-single-image-wrap shortcode-single-image-420d737ab7639901d3eaf7770af6cf03 alignnone  enable-bg-rollover dt-icon-bg-off\" style=\"margin-top:0px; margin-bottom:0px; margin-left:0px; margin-right:0px; width:1000px;\"><div class=\"shortcode-single-image\"><div class=\"fancy-media-wrap  layzr-bg\" style=\"border-radius:10px;\"><img loading=\"lazy\" decoding=\"async\" class=\"preload-me lazy-load\" src=\"data:image\/svg+xml,%3Csvg%20xmlns%3D&#39;http%3A%2F%2Fwww.w3.org%2F2000%2Fsvg&#39;%20viewBox%3D&#39;0%200%201000%20700&#39;%2F%3E\" data-src=\"https:\/\/www.turkishtranslationoffice.com\/de\/wp-content\/uploads\/sites\/4\/2020\/09\/belge-ceviri-hizmetleri-1000x700.jpg\" data-srcset=\"https:\/\/www.turkishtranslationoffice.com\/de\/wp-content\/uploads\/sites\/4\/2020\/09\/belge-ceviri-hizmetleri-1000x700.jpg 1000w, https:\/\/www.turkishtranslationoffice.com\/de\/wp-content\/uploads\/sites\/4\/2020\/09\/belge-ceviri-hizmetleri-1525x1068.jpg 1525w\" width=\"1000\" height=\"700\"  data-dt-location=\"https:\/\/www.turkishtranslationoffice.com\/de\/uebersetzung-deutsch\/belge-ceviri-hizmetleri\/\" style=\"border-radius:10px;\" alt=\"\" \/><\/div><\/div><\/div>[\/vc_column_inner][vc_column_inner width=&#8221;1\/2&#8243; css=&#8221;.vc_custom_1596550089277{padding-top: 20px !important;}&#8221;]<div id=\"ultimate-heading-733469d4b028deea8\" class=\"uvc-heading ult-adjust-bottom-margin ultimate-heading-733469d4b028deea8 uvc-1468 \" data-hspacer=\"no_spacer\"  data-halign=\"left\" style=\"text-align:left\"><div class=\"uvc-heading-spacer no_spacer\" style=\"top\"><\/div><div class=\"uvc-main-heading ult-responsive\"  data-ultimate-target='.uvc-heading.ultimate-heading-733469d4b028deea8 h2'  data-responsive-json-new='{\"font-size\":\"desktop:24px;\",\"line-height\":\"desktop:34px;\"}' ><h2 style=\"font-weight:bold;color:#ffffff;margin-bottom:25px;\">Dokument\u00fcbersetzung durch professionelle Spanisch-\u00dcbersetzer<\/h2><\/div><\/div>[vc_column_text]<\/p>\n<p style=\"text-align: left;\"><span style=\"color: #ffffff;\">Wenn Sie auf der Suche nach einem zuverl\u00e4ssigen spanischen \u00dcbersetzungsunternehmen f\u00fcr die \u00dcbersetzung Ihrer pers\u00f6nlichen Dokumente, Marketingmaterialien, Gesch\u00e4ftsunterlagen, Vertr\u00e4ge und Vereinbarungen sind, bieten wir Ihnen qualitativ hochwertige \u00dcbersetzungsdienstleistungen in \u00dcbereinstimmung mit den ISO-Normen.<\/span><\/p>\n<p style=\"text-align: left;\"><span style=\"color: #ffffff;\">Wir arbeiten mit fachkundigen <b>vereidigten \u00dcbersetzern<\/b> zusammen, um <b>beglaubigte \u00dcbersetzungen<\/b> anbieten zu k\u00f6nnen, und helfen unseren Kunden mit unseren Dienstleistungen zur Beglaubigung und <b>Apostille.<\/b><\/span><\/p>\n<p style=\"text-align: left;\"><span style=\"color: #ffffff;\">Kontaktieren Sie unser Team jetzt, um <b>notariell beglaubigte \u00dcbersetzungen <\/b> Ihrer Personalausweise, Passw\u00f6rter, Diplome, Geburts- und Heiratsurkunden oder anderer \u00e4hnlicher Dokumente zu erhalten, die Sie bei Ihren offiziellen Bewerbungen verwenden werden.<\/span><\/p>\n<p>[\/vc_column_text][\/vc_column_inner][\/vc_row_inner][\/vc_column][\/vc_row][vc_row equal_height=&#8221;yes&#8221; content_placement=&#8221;top&#8221; bg_type=&#8221;image&#8221; parallax_style=&#8221;vcpb-hz-jquery&#8221; bg_image_new=&#8221;id^1611|url^https:\/\/www.turkishtranslationoffice.com\/de\/wp-content\/uploads\/sites\/2\/2016\/02\/bg-mem.png|caption^null|alt^null|title^bg-mem|description^null&#8221; bg_override=&#8221;ex-full&#8221; type=&#8221;vc_default&#8221; margin_top=&#8221;5&#8243; margin_bottom=&#8221;10&#8243; css=&#8221;.vc_custom_1599578606546{padding-top: 30px !important;padding-bottom: 30px !important;background-color: #f4f4f4 !important;}&#8221;][vc_column width=&#8221;1\/2&#8243;]<div id=\"ultimate-heading-700169d4b028deec8\" class=\"uvc-heading ult-adjust-bottom-margin ultimate-heading-700169d4b028deec8 uvc-503 \" data-hspacer=\"no_spacer\"  data-halign=\"left\" style=\"text-align:left\"><div class=\"uvc-heading-spacer no_spacer\" style=\"top\"><\/div><div class=\"uvc-main-heading ult-responsive\"  data-ultimate-target='.uvc-heading.ultimate-heading-700169d4b028deec8 h2'  data-responsive-json-new='{\"font-size\":\"desktop:24px;\",\"line-height\":\"desktop:34px;\"}' ><h2 style=\"font-weight:bold;margin-bottom:25px;\">Dolmetscherdienste f\u00fcr Spanisch<\/h2><\/div><\/div>[vc_column_text]Die Bereitstellung einer nahtlosen Kommunikationsumgebung f\u00fcr die Teilnehmer einer mehrsprachigen Veranstaltung, die Sie durchf\u00fchren, ist entscheidend f\u00fcr den Erfolg dieser Veranstaltung. Wenn Sie eine internationale Konferenz veranstalten oder f\u00fcr einen Arzttermin oder eine interne Gesch\u00e4ftsbesprechung einen Dolmetscher f\u00fcr <strong>Spanisch ben\u00f6tigen<\/strong>, m\u00fcssen Sie eine erstklassige Servicequalit\u00e4t f\u00fcr ein pr\u00e4zises Sprachdolmetscherlebnis erhalten.<\/p>\n<p>Wir arbeiten ausschlie\u00dflich mit professionellen Dolmetschern zusammen und bieten unseren Kunden <strong>Simultan-<\/strong> und <strong>Konsekutivdolmetschen<\/strong> auch f\u00fcr ihre Online-Meetings und Webinare an.<\/p>\n<p>Das Dolmetschen erfordert den Einsatz einiger technischer Ger\u00e4te, die zu diesem Zweck entwickelt wurden. Wir sind auch Lieferant von Dolmetschertechnik, die Sie mieten und bei Ihren Veranstaltungen einsetzen k\u00f6nnen.[\/vc_column_text][\/vc_column][vc_column width=&#8221;1\/2&#8243;]<style type=\"text\/css\" data-type=\"the7_shortcodes-inline-css\">.shortcode-single-image-wrap.shortcode-single-image-9b17dbc7e62cb4506e15c76dfa762d96.enable-bg-rollover .rollover i,\n.shortcode-single-image-wrap.shortcode-single-image-9b17dbc7e62cb4506e15c76dfa762d96.enable-bg-rollover .rollover-video i {\n  background: ;\n  background: -webkit-linear-gradient();\n  background: linear-gradient();\n}\n.shortcode-single-image-wrap.shortcode-single-image-9b17dbc7e62cb4506e15c76dfa762d96 .rollover-icon {\n  font-size: 32px;\n  color: #ffffff;\n  min-width: 44px;\n  min-height: 44px;\n  line-height: 44px;\n  border-radius: 100px;\n  border-style: solid;\n  border-width: 0px;\n}\n.dt-icon-bg-on.shortcode-single-image-wrap.shortcode-single-image-9b17dbc7e62cb4506e15c76dfa762d96 .rollover-icon {\n  background: rgba(255,255,255,0.3);\n  box-shadow: none;\n}\n<\/style><div class=\"shortcode-single-image-wrap shortcode-single-image-9b17dbc7e62cb4506e15c76dfa762d96 alignnone  enable-bg-rollover dt-icon-bg-off\" style=\"margin-top:0px; margin-bottom:0px; margin-left:0px; margin-right:0px; width:1000px;\"><div class=\"shortcode-single-image\"><div class=\"fancy-media-wrap  layzr-bg\" style=\"border-radius:10px;\"><img loading=\"lazy\" decoding=\"async\" class=\"preload-me lazy-load\" src=\"data:image\/svg+xml,%3Csvg%20xmlns%3D&#39;http%3A%2F%2Fwww.w3.org%2F2000%2Fsvg&#39;%20viewBox%3D&#39;0%200%201000%20700&#39;%2F%3E\" data-src=\"https:\/\/www.turkishtranslationoffice.com\/de\/wp-content\/uploads\/sites\/4\/2020\/09\/sozlu-ceviri-hizmetleri-1000x700.jpg\" data-srcset=\"https:\/\/www.turkishtranslationoffice.com\/de\/wp-content\/uploads\/sites\/4\/2020\/09\/sozlu-ceviri-hizmetleri-1000x700.jpg 1000w, https:\/\/www.turkishtranslationoffice.com\/de\/wp-content\/uploads\/sites\/4\/2020\/09\/sozlu-ceviri-hizmetleri-1525x1068.jpg 1525w\" width=\"1000\" height=\"700\"  data-dt-location=\"https:\/\/www.turkishtranslationoffice.com\/de\/uebersetzung-arabisch\/sozlu-ceviri-hizmetleri\/\" style=\"border-radius:10px;\" alt=\"\" \/><\/div><\/div><\/div>[\/vc_column][\/vc_row][vc_row equal_height=&#8221;yes&#8221; content_placement=&#8221;top&#8221; bg_type=&#8221;image&#8221; parallax_style=&#8221;vcpb-hz-jquery&#8221; bg_image_new=&#8221;id^2302|url^https:\/\/www.turkishtranslationoffice.com\/de\/wp-content\/uploads\/sites\/2\/2020\/08\/arka-plan-siyah-beyaz.png|caption^null|alt^null|title^arka-plan-siyah-beyaz|description^null&#8221; bg_override=&#8221;ex-full&#8221; type=&#8221;vc_default&#8221; margin_top=&#8221;5&#8243; margin_bottom=&#8221;10&#8243; css=&#8221;.vc_custom_1599654043869{padding-top: 30px !important;padding-bottom: 50px !important;background-color: #b6dce7 !important;}&#8221;][vc_column css=&#8221;.vc_custom_1491746299333{padding-bottom: 0px !important;}&#8221;][vc_row_inner equal_height=&#8221;yes&#8221; content_placement=&#8221;top&#8221;][vc_column_inner width=&#8221;1\/2&#8243;]<style type=\"text\/css\" data-type=\"the7_shortcodes-inline-css\">.shortcode-single-image-wrap.shortcode-single-image-8fcb7939b502c444d05dee04801f6fc6.enable-bg-rollover .rollover i,\n.shortcode-single-image-wrap.shortcode-single-image-8fcb7939b502c444d05dee04801f6fc6.enable-bg-rollover .rollover-video i {\n  background: ;\n  background: -webkit-linear-gradient();\n  background: linear-gradient();\n}\n.shortcode-single-image-wrap.shortcode-single-image-8fcb7939b502c444d05dee04801f6fc6 .rollover-icon {\n  font-size: 32px;\n  color: #ffffff;\n  min-width: 44px;\n  min-height: 44px;\n  line-height: 44px;\n  border-radius: 100px;\n  border-style: solid;\n  border-width: 0px;\n}\n.dt-icon-bg-on.shortcode-single-image-wrap.shortcode-single-image-8fcb7939b502c444d05dee04801f6fc6 .rollover-icon {\n  background: rgba(255,255,255,0.3);\n  box-shadow: none;\n}\n<\/style><div class=\"shortcode-single-image-wrap shortcode-single-image-8fcb7939b502c444d05dee04801f6fc6 alignnone  enable-bg-rollover dt-icon-bg-off\" style=\"margin-top:0px; margin-bottom:0px; margin-left:0px; margin-right:0px; width:1000px;\"><div class=\"shortcode-single-image\"><div class=\"fancy-media-wrap  layzr-bg\" style=\"border-radius:10px;\"><img loading=\"lazy\" decoding=\"async\" class=\"preload-me lazy-load\" src=\"data:image\/svg+xml,%3Csvg%20xmlns%3D&#39;http%3A%2F%2Fwww.w3.org%2F2000%2Fsvg&#39;%20viewBox%3D&#39;0%200%201000%20700&#39;%2F%3E\" data-src=\"https:\/\/www.turkishtranslationoffice.com\/de\/wp-content\/uploads\/sites\/4\/2020\/09\/lokalizasyon-hizmetleri-1000x700.jpg\" data-srcset=\"https:\/\/www.turkishtranslationoffice.com\/de\/wp-content\/uploads\/sites\/4\/2020\/09\/lokalizasyon-hizmetleri-1000x700.jpg 1000w, https:\/\/www.turkishtranslationoffice.com\/de\/wp-content\/uploads\/sites\/4\/2020\/09\/lokalizasyon-hizmetleri-1600x1120.jpg 1600w\" width=\"1000\" height=\"700\"  data-dt-location=\"https:\/\/www.turkishtranslationoffice.com\/de\/uebersetzung-arabisch\/lokalizasyon-hizmetleri\/\" style=\"border-radius:10px;\" alt=\"\" \/><\/div><\/div><\/div>[\/vc_column_inner][vc_column_inner width=&#8221;1\/2&#8243; css=&#8221;.vc_custom_1596550089277{padding-top: 20px !important;}&#8221;]<div id=\"ultimate-heading-769869d4b028df3b0\" class=\"uvc-heading ult-adjust-bottom-margin ultimate-heading-769869d4b028df3b0 uvc-1489 \" data-hspacer=\"no_spacer\"  data-halign=\"left\" style=\"text-align:left\"><div class=\"uvc-heading-spacer no_spacer\" style=\"top\"><\/div><div class=\"uvc-main-heading ult-responsive\"  data-ultimate-target='.uvc-heading.ultimate-heading-769869d4b028df3b0 h2'  data-responsive-json-new='{\"font-size\":\"desktop:24px;\",\"line-height\":\"desktop:34px;\"}' ><h2 style=\"font-weight:bold;margin-bottom:25px;\">Spanische Lokalisierungsdienstleistungen von muttersprachlichen \u00dcbersetzern<\/h2><\/div><\/div>[vc_column_text]Das Anbieten Ihrer Produkte oder Dienstleistungen in der Muttersprache des lokalen Marktes, auf den Sie abzielen, ist eines der Schl\u00fcsselelemente f\u00fcr die Entwicklung eines erfolgreichen Marketingplans.<\/p>\n<p>Wenn Sie einen Marktanteil in einem spanischsprachigen Land gewinnen m\u00f6chten und die Lokalisierung eine der Hauptkomponenten dieser Strategie ist, k\u00f6nnen Sie die Vorteile unserer <strong>spanischen Lokalisierungsdienstleistungen<\/strong> nutzen.<\/p>\n<p>In Zusammenarbeit mit muttersprachlichen <strong>Lokalisierungsexperten<\/strong> helfen wir unseren Kunden, ihr Publikum in der spanischen Sprache zu erreichen, die von den Verbrauchern im Zielmarkt verwendet wird. Wenn Sie einen zuverl\u00e4ssigen Partner suchen, um Ihre Produkte an die Erwartungen der lokalen Anwender in Spanien, Mexiko, Argentinien und vielen weiteren L\u00e4ndern in Europa und Amerika anzupassen, sind wir f\u00fcr Sie da.<\/p>\n<p>Wir bieten unseren Kunden qualit\u00e4tsgesicherte Lokalisierungsdienstleistungen f\u00fcr ihre Software, mobilen Anwendungen, Websites und Marketinginhalte.[\/vc_column_text][\/vc_column_inner][\/vc_row_inner][\/vc_column][\/vc_row]<\/p>\n","protected":false},"excerpt":{"rendered":"<p>[vc_row equal_height=&#8221;yes&#8221; content_placement=&#8221;top&#8221; bg_type=&#8221;image&#8221; parallax_style=&#8221;vcpb-default&#8221; bg_image_new=&#8221;id^4506|url^https:\/\/www.turkishtranslationoffice.com\/de\/wp-content\/uploads\/sites\/2\/2020\/09\/diller.jpg|caption^null|alt^null|title^diller|description^null&#8221; bg_image_repeat=&#8221;no-repeat&#8221; bg_override=&#8221;ex-full&#8221; type=&#8221;vc_default&#8221; margin_top=&#8221;5&#8243; margin_bottom=&#8221;10&#8243; css=&#8221;.vc_custom_1629995666992{padding-top: 2% !important;padding-bottom: 2% !important;}&#8221;][vc_column width=&#8221;1\/2&#8243;][vc_column_text]Als Weltsprache mit mehr als 483 Millionen Muttersprachlern, die vor allem in Spanien und Nord- und S\u00fcdamerika verbreitet sind, ist Spanisch die am zweith\u00e4ufigsten gesprochene Muttersprache und die am vierth\u00e4ufigsten gesprochene Sprache der Welt. Mit einem gro\u00dfen Anteil an&hellip;<\/p>\n","protected":false},"author":1,"featured_media":0,"parent":0,"menu_order":10,"comment_status":"closed","ping_status":"closed","template":"","meta":{"footnotes":""},"aioseo_notices":[],"_links":{"self":[{"href":"https:\/\/www.turkishtranslationoffice.com\/de\/wp-json\/wp\/v2\/pages\/4562"}],"collection":[{"href":"https:\/\/www.turkishtranslationoffice.com\/de\/wp-json\/wp\/v2\/pages"}],"about":[{"href":"https:\/\/www.turkishtranslationoffice.com\/de\/wp-json\/wp\/v2\/types\/page"}],"author":[{"embeddable":true,"href":"https:\/\/www.turkishtranslationoffice.com\/de\/wp-json\/wp\/v2\/users\/1"}],"replies":[{"embeddable":true,"href":"https:\/\/www.turkishtranslationoffice.com\/de\/wp-json\/wp\/v2\/comments?post=4562"}],"version-history":[{"count":11,"href":"https:\/\/www.turkishtranslationoffice.com\/de\/wp-json\/wp\/v2\/pages\/4562\/revisions"}],"predecessor-version":[{"id":6923,"href":"https:\/\/www.turkishtranslationoffice.com\/de\/wp-json\/wp\/v2\/pages\/4562\/revisions\/6923"}],"wp:attachment":[{"href":"https:\/\/www.turkishtranslationoffice.com\/de\/wp-json\/wp\/v2\/media?parent=4562"}],"curies":[{"name":"wp","href":"https:\/\/api.w.org\/{rel}","templated":true}]}}