{"id":2443,"date":"2020-08-05T17:20:23","date_gmt":"2020-08-05T14:20:23","guid":{"rendered":"https:\/\/www.turkishtranslationoffice.com\/tr\/yerellestirme-hizmetleri-copy\/"},"modified":"2022-02-08T10:49:33","modified_gmt":"2022-02-08T07:49:33","slug":"ceviri-yonetim-sistemleri","status":"publish","type":"page","link":"https:\/\/www.turkishtranslationoffice.com\/tr\/ceviri-yonetim-sistemleri\/","title":{"rendered":"\u00c7eviri Y\u00f6netim Sistemleri"},"content":{"rendered":"<p>[vc_row equal_height=&#8221;yes&#8221; content_placement=&#8221;top&#8221; bg_type=&#8221;image&#8221; parallax_style=&#8221;vcpb-default&#8221; bg_image_new=&#8221;id^3992|url^https:\/\/www.turkishtranslationoffice.com\/tr\/wp-content\/uploads\/2020\/08\/ceviri-yonetim-sistemeleri.jpg|caption^null|alt^null|title^ceviri-yonetim-sistemeleri|description^null&#8221; bg_override=&#8221;ex-full&#8221; type=&#8221;vc_default&#8221; margin_top=&#8221;5&#8243; margin_bottom=&#8221;10&#8243; css=&#8221;.vc_custom_1629982843222{padding-top: 2% !important;padding-bottom: 2% !important;}&#8221;][vc_column width=&#8221;1\/2&#8243;]<div id=\"ultimate-heading-119069f5ad0083e99\" class=\"uvc-heading ult-adjust-bottom-margin ultimate-heading-119069f5ad0083e99 uvc-1605 \" data-hspacer=\"no_spacer\"  data-halign=\"left\" style=\"text-align:left\"><div class=\"uvc-heading-spacer no_spacer\" style=\"top\"><\/div><div class=\"uvc-main-heading ult-responsive\"  data-ultimate-target='.uvc-heading.ultimate-heading-119069f5ad0083e99 h1'  data-responsive-json-new='{\"font-size\":\"desktop:28px;\",\"line-height\":\"desktop:34px;\"}' ><h1 style=\"font-weight:bold;color:#ffffff;margin-bottom:25px;\">\u00c7eviri Y\u00f6netim Sistemleri<\/h1><\/div><\/div>[vc_column_text]<\/p>\n<p style=\"text-align: left;\"><span style=\"font-weight: 400; font-size: 18px; color: #ffffff;\">Profesyonel ve yenilikleri takip eden bir terc\u00fcme b\u00fcrosu olarak m\u00fc\u015fterilerimize daima en g\u00fcncel \u00e7eviri teknolojilerini kullanarak hizmet veriyoruz. \u0130\u015f s\u00fcre\u00e7lerimizi daha verimli ve efektif hale getirmek i\u00e7in kulland\u0131\u011f\u0131m\u0131z \u00e7eviri y\u00f6netim sistemlerimiz hakk\u0131nda detayl\u0131 bilgi i\u00e7in bize ula\u015fabilirsiniz. <\/span><\/p>\n<p>[\/vc_column_text][vc_row_inner equal_height=&#8221;yes&#8221; content_placement=&#8221;top&#8221;][vc_column_inner css=&#8221;.vc_custom_1644306566134{padding-bottom: 32px !important;}&#8221;]<style type=\"text\/css\" data-type=\"the7_shortcodes-inline-css\">#default-btn-bbeaca1a7d09282fae7cd73c739ebc97.ico-right-side > i {\n  margin-right: 0px;\n  margin-left: 8px;\n}\n#default-btn-bbeaca1a7d09282fae7cd73c739ebc97 > i {\n  margin-right: 8px;\n}\n#default-btn-bbeaca1a7d09282fae7cd73c739ebc97 * {\n  vertical-align: middle;\n}\n<\/style><a href=\"\/tr\/teklif-alin\/\" class=\"default-btn-shortcode dt-btn dt-btn-l link-hover-off button-tto-grey btn-inline-left  vc_custom_1600269624328\" id=\"default-btn-bbeaca1a7d09282fae7cd73c739ebc97\" style=\"width:225px;\"><span>\u00dccretsiz Teklif Al\u0131n<\/span><\/a><style type=\"text\/css\" data-type=\"the7_shortcodes-inline-css\">#default-btn-57e0214a8d03ff63597025799fbde9e2.ico-right-side > i {\n  margin-right: 0px;\n  margin-left: 8px;\n}\n#default-btn-57e0214a8d03ff63597025799fbde9e2 > i {\n  margin-right: 8px;\n}\n#default-btn-57e0214a8d03ff63597025799fbde9e2 * {\n  vertical-align: middle;\n}\n<\/style><a href=\"\/tr\/iletisim\/\" class=\"default-btn-shortcode dt-btn dt-btn-l link-hover-off button-tto-red btn-inline-left  vc_custom_1600269632602\" id=\"default-btn-57e0214a8d03ff63597025799fbde9e2\" style=\"width:225px;\"><span>Bize Ula\u015f\u0131n<\/span><\/a>[\/vc_column_inner][\/vc_row_inner][\/vc_column][vc_column width=&#8221;1\/2&#8243;][\/vc_column][\/vc_row][vc_row full_width=&#8221;stretch_row_content&#8221; content_placement=&#8221;middle&#8221; bg_type=&#8221;image&#8221; parallax_style=&#8221;vcpb-hz-jquery&#8221; bg_image_new=&#8221;id^1611|url^https:\/\/www.turkishtranslationoffice.com\/tr\/wp-content\/uploads\/2016\/02\/bg-mem.png|caption^null|alt^null|title^bg-mem|description^null&#8221; bg_image_repeat=&#8221;no-repeat&#8221; bg_override=&#8221;full&#8221; type=&#8221;vc_default&#8221; margin_top=&#8221;-50&#8243; css=&#8221;.vc_custom_1598702127242{padding-top: 30px !important;padding-bottom: 50px !important;background-color: #f4f4f4 !important;}&#8221;][vc_column]<style type=\"text\/css\" data-type=\"the7_shortcodes-inline-css\">.carousel-shortcode.carousel-shortcode-id-ce8ec682f999e8f250ec589780f37ced .owl-nav a {\n  width: 36px;\n  height: 36px;\n  border-radius: 500px;\n}\n.dt-arrow-border-on.carousel-shortcode.carousel-shortcode-id-ce8ec682f999e8f250ec589780f37ced .owl-nav a:not(:hover):before {\n  border-width: 0px;\n}\n.dt-arrow-hover-border-on.carousel-shortcode.carousel-shortcode-id-ce8ec682f999e8f250ec589780f37ced .owl-nav a:hover:after {\n  border-width: 0px;\n}\n.arrows-bg-on.carousel-shortcode.carousel-shortcode-id-ce8ec682f999e8f250ec589780f37ced .owl-nav a:before {\n  background: #f7f7f7;\n}\n.arrows-hover-bg-on.carousel-shortcode.carousel-shortcode-id-ce8ec682f999e8f250ec589780f37ced .owl-nav a:after {\n  background: #f7f7f7;\n}\n.carousel-shortcode.carousel-shortcode-id-ce8ec682f999e8f250ec589780f37ced .owl-nav a.owl-prev {\n  top: 50%;\n  transform: translateY(calc(-50% + 0px));\n  left: -55px;\n}\n@media all and (-ms-high-contrast: none) {\n  .carousel-shortcode.carousel-shortcode-id-ce8ec682f999e8f250ec589780f37ced .owl-nav a.owl-prev {\n    transform: translateY(-50%);\n    margin-top: 0px;\n  }\n}\n.carousel-shortcode.carousel-shortcode-id-ce8ec682f999e8f250ec589780f37ced .owl-nav a.owl-prev i {\n  padding: 0px 0px 0px 0px;\n}\n.carousel-shortcode.carousel-shortcode-id-ce8ec682f999e8f250ec589780f37ced .owl-nav a.owl-next {\n  top: 50%;\n  transform: translateY(calc(-50% + 0px));\n  right: -55px;\n}\n@media all and (-ms-high-contrast: none) {\n  .carousel-shortcode.carousel-shortcode-id-ce8ec682f999e8f250ec589780f37ced .owl-nav a.owl-next {\n    transform: translateY(-50%);\n    margin-top: 0px;\n  }\n}\n.carousel-shortcode.carousel-shortcode-id-ce8ec682f999e8f250ec589780f37ced .owl-nav a.owl-next i {\n  padding: 0px 0px 0px 0px;\n}\n.carousel-shortcode.carousel-shortcode-id-ce8ec682f999e8f250ec589780f37ced .owl-nav i {\n  font-size: 30px;\n}\n.carousel-shortcode.carousel-shortcode-id-ce8ec682f999e8f250ec589780f37ced .owl-nav a:not(:hover) i,\n.carousel-shortcode.carousel-shortcode-id-ce8ec682f999e8f250ec589780f37ced .owl-nav a:not(:hover) i:before {\n  color: rgba(0,0,0,0.2);\n  background: none;\n}\n.carousel-shortcode.carousel-shortcode-id-ce8ec682f999e8f250ec589780f37ced .owl-dots {\n  top: calc(100% + 20px);\n  left: 50%;\n  transform: translateX(calc(-50% + 0px));\n}\n@media all and (-ms-high-contrast: none) {\n  .carousel-shortcode.carousel-shortcode-id-ce8ec682f999e8f250ec589780f37ced .owl-dots {\n    transform: translateX(-50%);\n    margin-left: 0px;\n  }\n}\n.carousel-shortcode.carousel-shortcode-id-ce8ec682f999e8f250ec589780f37ced .owl-dot {\n  width: 10px;\n  height: 10px;\n  margin: 0 8px;\n}\n@media screen and (max-width: 778px) {\n  .carousel-shortcode.carousel-shortcode-id-ce8ec682f999e8f250ec589780f37ced.hide-arrows .owl-nav a {\n    display: none;\n  }\n}\n@media screen and (max-width: 990px) {\n  .carousel-shortcode.carousel-shortcode-id-ce8ec682f999e8f250ec589780f37ced.reposition-arrows .owl-nav .owl-prev {\n    top: 50%;\n    transform: translateY(calc(-50% + 0px));\n    left: -20px;\n  }\n  .carousel-shortcode.carousel-shortcode-id-ce8ec682f999e8f250ec589780f37ced.reposition-arrows .owl-nav .owl-next {\n    top: 50%;\n    transform: translateY(calc(-50% + 0px));\n    right: -20px;\n  }\n}\n@media screen and (max-width: 990px) and all and (-ms-high-contrast: none) {\n  .carousel-shortcode.carousel-shortcode-id-ce8ec682f999e8f250ec589780f37ced.reposition-arrows .owl-nav .owl-prev {\n    transform: translateY(-50%);\n    margin-top: 0px;\n  }\n}\n@media screen and (max-width: 990px) and all and (-ms-high-contrast: none) {\n  .carousel-shortcode.carousel-shortcode-id-ce8ec682f999e8f250ec589780f37ced.reposition-arrows .owl-nav .owl-next {\n    transform: translateY(-50%);\n    margin-top: 0px;\n  }\n}\n<\/style><div class=\"owl-carousel carousel-shortcode dt-owl-carousel-call carousel-shortcode-id-ce8ec682f999e8f250ec589780f37ced bullets-small-dot-stroke reposition-arrows arrows-bg-on dt-arrow-border-on dt-arrow-hover-border-on disable-arrows-hover-bg arrows-hover-bg-on  \" data-scroll-mode=\"1\" data-col-num=\"4\" data-wide-col-num=\"4\" data-laptop-col=\"3\" data-h-tablet-columns-num=\"3\" data-v-tablet-columns-num=\"2\" data-phone-columns-num=\"1\" data-auto-height=\"true\" data-col-gap=\"30\" data-stage-padding=\"0\" data-speed=\"800\" data-autoplay=\"true\" data-autoplay_speed=\"3000\" data-arrows=\"true\" data-bullet=\"false\" data-next-icon=\"icon-ar-013-r\" data-prev-icon=\"icon-ar-013-l\">[vc_row_inner][vc_column_inner]<div class=\"aio-icon-component  vc_custom_1596641634450  accent-icon-bg style_2\"><div id=\"Info-box-wrap-6996\" class=\"aio-icon-box top-icon\" style=\"\"  ><div class=\"aio-icon-top\"><div class=\"ult-just-icon-wrapper  \"><div class=\"align-icon\" style=\"text-align:center;\">\n<div class=\"aio-icon advanced \"  style=\"color:#ffffff;background:#ffffff;border-style:outset;border-color:#ffffff;border-width:2px;width:70px;height:70px;line-height:70px;border-radius:500px;font-size:32px;display:inline-block;\">\n\t<i class=\"fas fa-server\"><\/i>\n<\/div><\/div><\/div><\/div><div class=\"aio-icon-header\" ><h3 class=\"aio-icon-title ult-responsive\"  data-ultimate-target='#Info-box-wrap-6996 .aio-icon-title'  data-responsive-json-new='{\"font-size\":\"desktop:20px;\",\"line-height\":\"desktop:30px;\"}'  style=\"font-weight:bold;\">Verimli Proje Y\u00f6netimi<\/h3><\/div> <!-- header --><div class=\"aio-icon-description ult-responsive\"  data-ultimate-target='#Info-box-wrap-6996 .aio-icon-description'  data-responsive-json-new='{\"font-size\":\"desktop:14px;\",\"line-height\":\"desktop:24px;\"}'  style=\"\"><span style=\"font-weight: 400;\">Verimlilik bizim i\u00e7in en \u00f6nemli \u00f6nceliklerden biri! Pek \u00e7ok sekt\u00f6rden d\u00fcnya devi, lider firmalara sundu\u011fumuz \u00e7eviri hizmetlerinde ba\u015far\u0131l\u0131 olma sebeplerimizden biri de kulland\u0131\u011f\u0131m\u0131z teknolojiler. Hem i\u00e7eride hem de size yans\u0131tt\u0131\u011f\u0131m\u0131z proje y\u00f6netimi s\u00fcre\u00e7lerinde kaliteli ve verimli bir proje y\u00f6netimi deneyimi sunuyoruz. <\/span><\/div> <!-- description --><\/div> <!-- aio-icon-box --><\/div> <!-- aio-icon-component -->[\/vc_column_inner][\/vc_row_inner][vc_row_inner][vc_column_inner]<div class=\"aio-icon-component  vc_custom_1596641346853  accent-icon-bg style_2\"><div id=\"Info-box-wrap-1267\" class=\"aio-icon-box top-icon\" style=\"\"  ><div class=\"aio-icon-top\"><div class=\"ult-just-icon-wrapper  \"><div class=\"align-icon\" style=\"text-align:center;\">\n<div class=\"aio-icon advanced \"  style=\"color:#ffffff;background:#ffffff;border-style:outset;border-color:#ffffff;border-width:2px;width:70px;height:70px;line-height:70px;border-radius:500px;font-size:32px;display:inline-block;\">\n\t<i class=\"icomoon-the7-font-the7-link-00\"><\/i>\n<\/div><\/div><\/div><\/div><div class=\"aio-icon-header\" ><h3 class=\"aio-icon-title ult-responsive\"  data-ultimate-target='#Info-box-wrap-1267 .aio-icon-title'  data-responsive-json-new='{\"font-size\":\"desktop:20px;\",\"line-height\":\"desktop:30px;\"}'  style=\"font-weight:bold;\">%100 G\u00fcvenilir<\/h3><\/div> <!-- header --><div class=\"aio-icon-description ult-responsive\"  data-ultimate-target='#Info-box-wrap-1267 .aio-icon-description'  data-responsive-json-new='{\"font-size\":\"desktop:14px;\",\"line-height\":\"desktop:24px;\"}'  style=\"\"><span style=\"font-weight: 400;\">\u00dc\u00e7\u00fcnc\u00fc partilerle yapt\u0131\u011f\u0131m\u0131z t\u00fcm i\u015fbirlikleri i\u00e7in gizlilik s\u00f6zle\u015fmeleri imzal\u0131yoruz. Bulut tabanl\u0131 g\u00fcvenilir sistemlerimiz ve ar\u015fivlerimizde projenize dair t\u00fcm detaylar\u0131 sizin i\u00e7in sakl\u0131yoruz. Finans, otomotiv gibi gizlili\u011fe ekstra \u00f6nem veren bir sekt\u00f6rdeyseniz referanslar\u0131m\u0131z\u0131 inceleyin! <\/span><\/div> <!-- description --><\/div> <!-- aio-icon-box --><\/div> <!-- aio-icon-component -->[\/vc_column_inner][\/vc_row_inner][vc_row_inner][vc_column_inner]<div class=\"aio-icon-component  vc_custom_1596641381961  accent-icon-bg style_2\"><div id=\"Info-box-wrap-8132\" class=\"aio-icon-box top-icon\" style=\"\"  ><div class=\"aio-icon-top\"><div class=\"ult-just-icon-wrapper  \"><div class=\"align-icon\" style=\"text-align:center;\">\n<div class=\"aio-icon advanced \"  style=\"color:#ffffff;background:#ffffff;border-style:outset;border-color:#ffffff;border-width:2px;width:70px;height:70px;line-height:70px;border-radius:500px;font-size:32px;display:inline-block;\">\n\t<i class=\"fas fa-user-circle\"><\/i>\n<\/div><\/div><\/div><\/div><div class=\"aio-icon-header\" ><h3 class=\"aio-icon-title ult-responsive\"  data-ultimate-target='#Info-box-wrap-8132 .aio-icon-title'  data-responsive-json-new='{\"font-size\":\"desktop:20px;\",\"line-height\":\"desktop:30px;\"}'  style=\"font-weight:bold;\">M\u00fc\u015fteri Portal\u0131<\/h3><\/div> <!-- header --><div class=\"aio-icon-description ult-responsive\"  data-ultimate-target='#Info-box-wrap-8132 .aio-icon-description'  data-responsive-json-new='{\"font-size\":\"desktop:14px;\",\"line-height\":\"desktop:24px;\"}'  style=\"\"><span style=\"font-weight: 400;\">Kullan\u0131c\u0131 dostu proje y\u00f6netim platformumuzda t\u00fcm m\u00fc\u015fterilerimize \u00f6zel bir kullan\u0131c\u0131 ad\u0131 ve \u015fifre olu\u015fturarak sizi e-maillerde i\u015f takibi yapmaktan kurtar\u0131yoruz! Bir ya da birden \u00e7ok projenizin teklif, fatura ve \u00f6deme detaylar\u0131n\u0131 tek platformdan takip edebilir ve projenizi t\u00fcm detaylar\u0131yla online olarak y\u00f6netebilirsiniz! <\/span><\/div> <!-- description --><\/div> <!-- aio-icon-box --><\/div> <!-- aio-icon-component -->[\/vc_column_inner][\/vc_row_inner][vc_row_inner][vc_column_inner]<div class=\"aio-icon-component  vc_custom_1596641404224  accent-icon-bg style_2\"><div id=\"Info-box-wrap-4548\" class=\"aio-icon-box top-icon\" style=\"\"  ><div class=\"aio-icon-top\"><div class=\"ult-just-icon-wrapper  \"><div class=\"align-icon\" style=\"text-align:center;\">\n<div class=\"aio-icon advanced \"  style=\"color:#ffffff;background:#ffffff;border-style:outset;border-color:#ffffff;border-width:2px;width:70px;height:70px;line-height:70px;border-radius:500px;font-size:32px;display:inline-block;\">\n\t<i class=\"fas fa-users\"><\/i>\n<\/div><\/div><\/div><\/div><div class=\"aio-icon-header\" ><h3 class=\"aio-icon-title ult-responsive\"  data-ultimate-target='#Info-box-wrap-4548 .aio-icon-title'  data-responsive-json-new='{\"font-size\":\"desktop:20px;\",\"line-height\":\"desktop:30px;\"}'  style=\"font-weight:bold;\">Dil Uzman\u0131 Portal\u0131<\/h3><\/div> <!-- header --><div class=\"aio-icon-description ult-responsive\"  data-ultimate-target='#Info-box-wrap-4548 .aio-icon-description'  data-responsive-json-new='{\"font-size\":\"desktop:14px;\",\"line-height\":\"desktop:24px;\"}'  style=\"\"><span style=\"font-weight: 400;\">2500\u2019\u00fcn \u00fczerinde dil uzman\u0131n\u0131n dahil oldu\u011fu bir \u00e7evirmen a\u011f\u0131m\u0131z oldu\u011funu biliyor muydunuz? T\u00fcm sekt\u00f6rlerde tecr\u00fcbeli ve e\u011fitimli terc\u00fcman ve edit\u00f6rlerimiz aras\u0131ndan projenize en uygun dil uzmanlar\u0131n\u0131 se\u00e7ebilmek i\u00e7in bu a\u011f\u0131m\u0131z\u0131 daima geni\u015fletiyoruz.<\/span><\/div> <!-- description --><\/div> <!-- aio-icon-box --><\/div> <!-- aio-icon-component -->[\/vc_column_inner][\/vc_row_inner][vc_row_inner][vc_column_inner]<div class=\"aio-icon-component  vc_custom_1596641554998  accent-icon-bg style_2\"><div id=\"Info-box-wrap-2140\" class=\"aio-icon-box top-icon\" style=\"\"  ><div class=\"aio-icon-top\"><div class=\"ult-just-icon-wrapper  \"><div class=\"align-icon\" style=\"text-align:center;\">\n<div class=\"aio-icon advanced \"  style=\"color:#ffffff;background:#ffffff;border-style:outset;border-color:#ffffff;border-width:2px;width:70px;height:70px;line-height:70px;border-radius:500px;font-size:32px;display:inline-block;\">\n\t<i class=\"fas fa-cloud\"><\/i>\n<\/div><\/div><\/div><\/div><div class=\"aio-icon-header\" ><h3 class=\"aio-icon-title ult-responsive\"  data-ultimate-target='#Info-box-wrap-2140 .aio-icon-title'  data-responsive-json-new='{\"font-size\":\"desktop:20px;\",\"line-height\":\"desktop:30px;\"}'  style=\"font-weight:bold;\">Bulut Tabanl\u0131 &amp; Otomasyona Dayal\u0131 S\u00fcre\u00e7ler<\/h3><\/div> <!-- header --><div class=\"aio-icon-description ult-responsive\"  data-ultimate-target='#Info-box-wrap-2140 .aio-icon-description'  data-responsive-json-new='{\"font-size\":\"desktop:14px;\",\"line-height\":\"desktop:24px;\"}'  style=\"\"><span style=\"font-weight: 400;\">\u00c7eviri ve proje y\u00f6netim s\u00fcre\u00e7lerimizi bulut tabanl\u0131 sistemlerimiz \u00fczerinden otomasyona dayal\u0131 \u015fekilde y\u00fcr\u00fct\u00fcyoruz. Bu s\u00fcre\u00e7lere m\u00fc\u015fterilerimizle olan ileti\u015fimimizi de dahil ederek hem i\u00e7eride hem d\u0131\u015far\u0131da y\u00fcksek verimlili\u011fe dayanan bir hizmet deneyimi sunuyoruz. <\/span><\/div> <!-- description --><\/div> <!-- aio-icon-box --><\/div> <!-- aio-icon-component -->[\/vc_column_inner][\/vc_row_inner]<\/div>[\/vc_column][\/vc_row][vc_row equal_height=&#8221;yes&#8221; content_placement=&#8221;top&#8221; bg_type=&#8221;image&#8221; parallax_style=&#8221;vcpb-default&#8221; bg_image_new=&#8221;id^2302|url^https:\/\/www.turkishtranslationoffice.com\/tr\/wp-content\/uploads\/2020\/08\/arka-plan-siyah-beyaz.png|caption^null|alt^null|title^arka-plan-siyah-beyaz|description^null&#8221; bg_override=&#8221;ex-full&#8221; type=&#8221;vc_default&#8221; margin_top=&#8221;5&#8243; margin_bottom=&#8221;10&#8243; css=&#8221;.vc_custom_1598703097408{padding-top: 30px !important;padding-bottom: 50px !important;}&#8221;][vc_column css=&#8221;.vc_custom_1491746299333{padding-bottom: 0px !important;}&#8221;][vc_row_inner equal_height=&#8221;yes&#8221; content_placement=&#8221;top&#8221;][vc_column_inner width=&#8221;1\/2&#8243; css=&#8221;.vc_custom_1596548941952{padding-top: 20px !important;}&#8221;]<div id=\"ultimate-heading-374869f5ad008469c\" class=\"uvc-heading ult-adjust-bottom-margin ultimate-heading-374869f5ad008469c uvc-7267 \" data-hspacer=\"no_spacer\"  data-halign=\"left\" style=\"text-align:left\"><div class=\"uvc-heading-spacer no_spacer\" style=\"top\"><\/div><div class=\"uvc-main-heading ult-responsive\"  data-ultimate-target='.uvc-heading.ultimate-heading-374869f5ad008469c h2'  data-responsive-json-new='{\"font-size\":\"desktop:24px;\",\"line-height\":\"desktop:34px;\"}' ><h2 style=\"font-weight:bold;margin-bottom:25px;\">Turkish Translation Office\u2019te teknoloji devri<\/h2><\/div><\/div>[vc_column_text]<\/p>\n<p style=\"text-align: left;\"><span style=\"font-weight: 400;\">Otomotivden hukuka, finanstan t\u0131bba her sekt\u00f6r i\u00e7in terc\u00fcme hizmetinin bir ihtiya\u00e7 oldu\u011funu s\u00f6yleyebiliriz. Uluslararas\u0131 ticaretin geli\u015fmesinde internet ve teknolojinin h\u0131zla ilerlemesinin b\u00fcy\u00fck pay\u0131 vard\u0131r. Her alanda oldu\u011fu gibi teknolojinin \u00e7eviri alan\u0131nda da b\u00fcy\u00fck etkileri oldu. G\u00fcncel geli\u015fmeleri yak\u0131ndan takip eden ve teknoloji yat\u0131r\u0131mlar\u0131yla her ge\u00e7en g\u00fcn g\u00fc\u00e7lenen bir terc\u00fcme b\u00fcrosu olarak kulland\u0131\u011f\u0131m\u0131z teknolojilerle m\u00fc\u015fterilerimize daha avantajl\u0131 ve ayr\u0131cal\u0131kl\u0131 hizmetler sunuyoruz. <\/span><\/p>\n<p>[\/vc_column_text][\/vc_column_inner][vc_column_inner width=&#8221;1\/2&#8243;]<style type=\"text\/css\" data-type=\"the7_shortcodes-inline-css\">.shortcode-single-image-wrap.shortcode-single-image-640386d686c8f5780443b7efeea6d653.enable-bg-rollover .rollover i,\n.shortcode-single-image-wrap.shortcode-single-image-640386d686c8f5780443b7efeea6d653.enable-bg-rollover .rollover-video i {\n  background: ;\n  background: -webkit-linear-gradient();\n  background: linear-gradient();\n}\n.shortcode-single-image-wrap.shortcode-single-image-640386d686c8f5780443b7efeea6d653 .rollover-icon {\n  font-size: 32px;\n  color: #ffffff;\n  min-width: 44px;\n  min-height: 44px;\n  line-height: 44px;\n  border-radius: 100px;\n  border-style: solid;\n  border-width: 0px;\n}\n.dt-icon-bg-on.shortcode-single-image-wrap.shortcode-single-image-640386d686c8f5780443b7efeea6d653 .rollover-icon {\n  background: rgba(255,255,255,0.3);\n  box-shadow: none;\n}\n<\/style><div class=\"shortcode-single-image-wrap shortcode-single-image-640386d686c8f5780443b7efeea6d653 alignnone  enable-bg-rollover dt-icon-bg-off\" style=\"margin-top:0px; margin-bottom:0px; margin-left:0px; margin-right:0px; width:1000px;\"><div class=\"shortcode-single-image\"><div class=\"fancy-media-wrap  layzr-bg\" style=\"\"><img loading=\"lazy\" decoding=\"async\" class=\"preload-me lazy-load\" src=\"data:image\/svg+xml,%3Csvg%20xmlns%3D&#39;http%3A%2F%2Fwww.w3.org%2F2000%2Fsvg&#39;%20viewBox%3D&#39;0%200%201000%20793&#39;%2F%3E\" data-src=\"https:\/\/www.turkishtranslationoffice.com\/tr\/wp-content\/uploads\/sites\/1\/2020\/10\/teknoloji-devri-1.png\" data-srcset=\"https:\/\/www.turkishtranslationoffice.com\/tr\/wp-content\/uploads\/sites\/1\/2020\/10\/teknoloji-devri-1.png 1000w\" width=\"1000\" height=\"793\"  data-dt-location=\"https:\/\/www.turkishtranslationoffice.com\/tr\/ceviri-yonetim-sistemleri\/teknoloji-devri\/\" style=\"\" alt=\"her sekt\u00f6r i\u00e7in terc\u00fcme hizmeti\" \/><\/div><\/div><\/div>[\/vc_column_inner][\/vc_row_inner][\/vc_column][\/vc_row][vc_row content_placement=&#8221;middle&#8221; bg_type=&#8221;grad&#8221; bg_override=&#8221;ex-full&#8221; bg_grad=&#8221;background: -webkit-gradient(linear, left top, left bottom, color-stop(0%, #365088), color-stop(100%, #EA524D));background: -moz-linear-gradient(135deg,#365088 0%,#EA524D 100%);background: -webkit-linear-gradient(135deg,#365088 0%,#EA524D 100%);background: -o-linear-gradient(135deg,#365088 0%,#EA524D 100%);background: -ms-linear-gradient(135deg,#365088 0%,#EA524D 100%);background: linear-gradient(135deg,#365088 0%,#EA524D 100%);&#8221;][vc_column width=&#8221;3\/4&#8243;][vc_column_text]<strong style=\"color: #ffffff; font-size: 24px;\">Profesyonel terc\u00fcme hizmetlerimizden yararlanmak i\u00e7in bize ula\u015fabilirsiniz! Teknoloji \u00e7\u00f6z\u00fcmlerimiz hakk\u0131nda detayl\u0131 bilgi almak i\u00e7in t\u0131klay\u0131n.<\/strong>[\/vc_column_text][\/vc_column][vc_column width=&#8221;1\/4&#8243;][vc_btn title=&#8221;Bize Ula\u015f\u0131n&#8221; color=&#8221;warning&#8221; size=&#8221;lg&#8221; align=&#8221;right&#8221; link=&#8221;url:%2Ftr%2Filetisim%2F|||&#8221;][\/vc_column][\/vc_row]<\/p>\n","protected":false},"excerpt":{"rendered":"<p>[vc_row equal_height=&#8221;yes&#8221; content_placement=&#8221;top&#8221; bg_type=&#8221;image&#8221; parallax_style=&#8221;vcpb-default&#8221; bg_image_new=&#8221;id^3992|url^https:\/\/www.turkishtranslationoffice.com\/tr\/wp-content\/uploads\/2020\/08\/ceviri-yonetim-sistemeleri.jpg|caption^null|alt^null|title^ceviri-yonetim-sistemeleri|description^null&#8221; bg_override=&#8221;ex-full&#8221; type=&#8221;vc_default&#8221; margin_top=&#8221;5&#8243; margin_bottom=&#8221;10&#8243; css=&#8221;.vc_custom_1629982843222{padding-top: 2% !important;padding-bottom: 2% !important;}&#8221;][vc_column width=&#8221;1\/2&#8243;][vc_column_text] Profesyonel ve yenilikleri takip eden bir terc\u00fcme b\u00fcrosu olarak m\u00fc\u015fterilerimize daima en g\u00fcncel \u00e7eviri teknolojilerini kullanarak hizmet veriyoruz. \u0130\u015f s\u00fcre\u00e7lerimizi daha verimli ve efektif hale getirmek i\u00e7in kulland\u0131\u011f\u0131m\u0131z \u00e7eviri y\u00f6netim sistemlerimiz hakk\u0131nda detayl\u0131 bilgi i\u00e7in bize ula\u015fabilirsiniz. [\/vc_column_text][vc_row_inner equal_height=&#8221;yes&#8221;&hellip;<\/p>\n","protected":false},"author":1,"featured_media":0,"parent":0,"menu_order":10,"comment_status":"closed","ping_status":"closed","template":"","meta":{"footnotes":""},"aioseo_notices":[],"_links":{"self":[{"href":"https:\/\/www.turkishtranslationoffice.com\/tr\/wp-json\/wp\/v2\/pages\/2443"}],"collection":[{"href":"https:\/\/www.turkishtranslationoffice.com\/tr\/wp-json\/wp\/v2\/pages"}],"about":[{"href":"https:\/\/www.turkishtranslationoffice.com\/tr\/wp-json\/wp\/v2\/types\/page"}],"author":[{"embeddable":true,"href":"https:\/\/www.turkishtranslationoffice.com\/tr\/wp-json\/wp\/v2\/users\/1"}],"replies":[{"embeddable":true,"href":"https:\/\/www.turkishtranslationoffice.com\/tr\/wp-json\/wp\/v2\/comments?post=2443"}],"version-history":[{"count":2,"href":"https:\/\/www.turkishtranslationoffice.com\/tr\/wp-json\/wp\/v2\/pages\/2443\/revisions"}],"predecessor-version":[{"id":5628,"href":"https:\/\/www.turkishtranslationoffice.com\/tr\/wp-json\/wp\/v2\/pages\/2443\/revisions\/5628"}],"wp:attachment":[{"href":"https:\/\/www.turkishtranslationoffice.com\/tr\/wp-json\/wp\/v2\/media?parent=2443"}],"curies":[{"name":"wp","href":"https:\/\/api.w.org\/{rel}","templated":true}]}}