{"id":2460,"date":"2020-08-06T11:51:26","date_gmt":"2020-08-06T08:51:26","guid":{"rendered":"https:\/\/www.turkishtranslationoffice.com\/tr\/yapay-zeka-ile-makine-cevirisi-copy\/"},"modified":"2022-02-08T11:15:53","modified_gmt":"2022-02-08T08:15:53","slug":"musteri-portali","status":"publish","type":"page","link":"https:\/\/www.turkishtranslationoffice.com\/tr\/musteri-portali\/","title":{"rendered":"M\u00fc\u015fteri Portal\u0131"},"content":{"rendered":"<p>[vc_row equal_height=&#8221;yes&#8221; content_placement=&#8221;top&#8221; bg_type=&#8221;image&#8221; parallax_style=&#8221;vcpb-default&#8221; bg_image_new=&#8221;id^4000|url^https:\/\/www.turkishtranslationoffice.com\/tr\/wp-content\/uploads\/2020\/08\/musteri-portali.jpg|caption^null|alt^null|title^musteri-portali|description^null&#8221; bg_override=&#8221;ex-full&#8221; type=&#8221;vc_default&#8221; margin_top=&#8221;5&#8243; margin_bottom=&#8221;10&#8243; css=&#8221;.vc_custom_1629982889708{padding-top: 2% !important;padding-bottom: 2% !important;}&#8221;][vc_column width=&#8221;1\/2&#8243;]<div id=\"ultimate-heading-409569e494f90fc19\" class=\"uvc-heading ult-adjust-bottom-margin ultimate-heading-409569e494f90fc19 uvc-5849 \" data-hspacer=\"no_spacer\"  data-halign=\"left\" style=\"text-align:left\"><div class=\"uvc-heading-spacer no_spacer\" style=\"top\"><\/div><div class=\"uvc-main-heading ult-responsive\"  data-ultimate-target='.uvc-heading.ultimate-heading-409569e494f90fc19 h1'  data-responsive-json-new='{\"font-size\":\"desktop:28px;\",\"line-height\":\"desktop:34px;\"}' ><h1 style=\"font-weight:bold;margin-bottom:25px;\">M\u00fc\u015fteri Portal\u0131<\/h1><\/div><\/div>[vc_column_text]<\/p>\n<p style=\"text-align: left;\"><span style=\"font-weight: 400; font-size: 18px;\">\u0130\u015f y\u00fck\u00fcn\u00fcz aras\u0131nda \u00e7eviri projenizin detaylar\u0131yla bo\u011fu\u015fmay\u0131n!<\/span><\/p>\n<p><span style=\"font-weight: 400; font-size: 18px;\">Size \u00f6zel olu\u015fturulmu\u015f kullan\u0131c\u0131 dostu m\u00fc\u015fteri portal\u0131m\u0131z \u00fczerinden projenizi y\u00f6netirken vakit kazan\u0131n, verimlili\u011finizi artt\u0131r\u0131n!<\/span>[\/vc_column_text][vc_row_inner equal_height=&#8221;yes&#8221; content_placement=&#8221;top&#8221;][vc_column_inner css=&#8221;.vc_custom_1644308144035{padding-bottom: 32px !important;}&#8221;]<style type=\"text\/css\" data-type=\"the7_shortcodes-inline-css\">#default-btn-681dff3695889569c38fc5e17abe4ace.ico-right-side > i {\n  margin-right: 0px;\n  margin-left: 8px;\n}\n#default-btn-681dff3695889569c38fc5e17abe4ace > i {\n  margin-right: 8px;\n}\n#default-btn-681dff3695889569c38fc5e17abe4ace * {\n  vertical-align: middle;\n}\n<\/style><a href=\"\/tr\/teklif-alin\/\" class=\"default-btn-shortcode dt-btn dt-btn-l link-hover-off button-tto-grey btn-inline-left  vc_custom_1600269684924\" id=\"default-btn-681dff3695889569c38fc5e17abe4ace\" style=\"width:225px;\"><span>\u00dccretsiz Teklif Al\u0131n<\/span><\/a><style type=\"text\/css\" data-type=\"the7_shortcodes-inline-css\">#default-btn-1591562237bddaa4e998f47b0e11fc62.ico-right-side > i {\n  margin-right: 0px;\n  margin-left: 8px;\n}\n#default-btn-1591562237bddaa4e998f47b0e11fc62 > i {\n  margin-right: 8px;\n}\n#default-btn-1591562237bddaa4e998f47b0e11fc62 * {\n  vertical-align: middle;\n}\n<\/style><a href=\"\/tr\/iletisim\/\" class=\"default-btn-shortcode dt-btn dt-btn-l link-hover-off button-tto-red btn-inline-left  vc_custom_1600269694008\" id=\"default-btn-1591562237bddaa4e998f47b0e11fc62\" style=\"width:225px;\"><span>Bize Ula\u015f\u0131n<\/span><\/a>[\/vc_column_inner][\/vc_row_inner][\/vc_column][vc_column width=&#8221;1\/2&#8243;][\/vc_column][\/vc_row][vc_row equal_height=&#8221;yes&#8221; content_placement=&#8221;top&#8221; bg_type=&#8221;image&#8221; parallax_style=&#8221;vcpb-hz-jquery&#8221; bg_image_new=&#8221;id^1611|url^https:\/\/www.turkishtranslationoffice.com\/tr\/wp-content\/uploads\/2016\/02\/bg-mem.png|caption^null|alt^null|title^bg-mem|description^null&#8221; bg_override=&#8221;ex-full&#8221; type=&#8221;vc_default&#8221; margin_top=&#8221;5&#8243; margin_bottom=&#8221;10&#8243; css=&#8221;.vc_custom_1598704591602{padding-top: 30px !important;padding-bottom: 50px !important;background-color: #f4f4f4 !important;}&#8221;][vc_column css=&#8221;.vc_custom_1491746299333{padding-bottom: 0px !important;}&#8221;][vc_row_inner equal_height=&#8221;yes&#8221; content_placement=&#8221;top&#8221;][vc_column_inner width=&#8221;1\/2&#8243;]<style type=\"text\/css\" data-type=\"the7_shortcodes-inline-css\">.shortcode-single-image-wrap.shortcode-single-image-8268ca8265b7dfe7b39c1d70e46e532a.enable-bg-rollover .rollover i,\n.shortcode-single-image-wrap.shortcode-single-image-8268ca8265b7dfe7b39c1d70e46e532a.enable-bg-rollover .rollover-video i {\n  background: ;\n  background: -webkit-linear-gradient();\n  background: linear-gradient();\n}\n.shortcode-single-image-wrap.shortcode-single-image-8268ca8265b7dfe7b39c1d70e46e532a .rollover-icon {\n  font-size: 32px;\n  color: #ffffff;\n  min-width: 44px;\n  min-height: 44px;\n  line-height: 44px;\n  border-radius: 100px;\n  border-style: solid;\n  border-width: 0px;\n}\n.dt-icon-bg-on.shortcode-single-image-wrap.shortcode-single-image-8268ca8265b7dfe7b39c1d70e46e532a .rollover-icon {\n  background: rgba(255,255,255,0.3);\n  box-shadow: none;\n}\n<\/style><div class=\"shortcode-single-image-wrap shortcode-single-image-8268ca8265b7dfe7b39c1d70e46e532a alignnone  enable-bg-rollover dt-icon-bg-off\" style=\"margin-top:0px; margin-bottom:0px; margin-left:0px; margin-right:0px; width:1000px;\"><div class=\"shortcode-single-image\"><div class=\"fancy-media-wrap  layzr-bg\" style=\"\"><img loading=\"lazy\" decoding=\"async\" class=\"preload-me lazy-load\" src=\"data:image\/svg+xml,%3Csvg%20xmlns%3D&#39;http%3A%2F%2Fwww.w3.org%2F2000%2Fsvg&#39;%20viewBox%3D&#39;0%200%201000%20793&#39;%2F%3E\" data-src=\"https:\/\/www.turkishtranslationoffice.com\/tr\/wp-content\/uploads\/sites\/1\/2020\/10\/musteriportali-tto.png\" data-srcset=\"https:\/\/www.turkishtranslationoffice.com\/tr\/wp-content\/uploads\/sites\/1\/2020\/10\/musteriportali-tto.png 1000w\" width=\"1000\" height=\"793\"  data-dt-location=\"https:\/\/www.turkishtranslationoffice.com\/tr\/musteri-portali\/musteriportali-tto\/\" style=\"\" alt=\"Kaliteli \u00e7eviri hizmetleri\" \/><\/div><\/div><\/div>[\/vc_column_inner][vc_column_inner width=&#8221;1\/2&#8243; css=&#8221;.vc_custom_1596550089277{padding-top: 20px !important;}&#8221;]<div id=\"ultimate-heading-206969e494f910829\" class=\"uvc-heading ult-adjust-bottom-margin ultimate-heading-206969e494f910829 uvc-1087 \" data-hspacer=\"no_spacer\"  data-halign=\"left\" style=\"text-align:left\"><div class=\"uvc-heading-spacer no_spacer\" style=\"top\"><\/div><div class=\"uvc-main-heading ult-responsive\"  data-ultimate-target='.uvc-heading.ultimate-heading-206969e494f910829 h2'  data-responsive-json-new='{\"font-size\":\"desktop:24px;\",\"line-height\":\"desktop:34px;\"}' ><h2 style=\"font-weight:bold;margin-bottom:25px;\">Kaliteli \u00e7eviri hizmetleri i\u00e7in Turkish Translation Office<\/h2><\/div><\/div>[vc_column_text]<span style=\"font-weight: 400;\">Kaliteli \u00e7eviri hizmeti almak sizin de hakk\u0131n\u0131z. Teknolojinin \u00e7eviri sekt\u00f6r\u00fc \u00fczerindeki yads\u0131namaz etkileri yaln\u0131zca bilgisayar destekli \u00e7eviri ara\u00e7lar\u0131 ya da makine teknolojisiyle k\u0131s\u0131tlam\u0131yoruz. Geni\u015f vizyonumuz sayesinde m\u00fc\u015fterilerimize sundu\u011fumuz hizmetin her bir a\u015famas\u0131nda y\u00fcksek kaliteyi hedefliyoruz.<\/span><\/p>\n<p>Teknoloji yat\u0131r\u0131mlar\u0131m\u0131z\u0131n biri de m\u00fc\u015fterilerimize \u00f6zel olarak olu\u015fturdu\u011fumuz m\u00fc\u015fteri portal\u0131.[\/vc_column_text][\/vc_column_inner][\/vc_row_inner][\/vc_column][\/vc_row][vc_row equal_height=&#8221;yes&#8221; content_placement=&#8221;top&#8221; type=&#8221;vc_default&#8221; margin_top=&#8221;5&#8243; margin_bottom=&#8221;10&#8243; css=&#8221;.vc_custom_1598703446759{padding-top: 30px !important;padding-bottom: 50px !important;}&#8221;][vc_column][vc_row_inner equal_height=&#8221;yes&#8221; content_placement=&#8221;top&#8221;][vc_column_inner width=&#8221;1\/2&#8243; css=&#8221;.vc_custom_1596550716406{padding-top: 10px !important;}&#8221;]<div id=\"ultimate-heading-387569e494f91086c\" class=\"uvc-heading ult-adjust-bottom-margin ultimate-heading-387569e494f91086c uvc-3546 \" data-hspacer=\"no_spacer\"  data-halign=\"left\" style=\"text-align:left\"><div class=\"uvc-heading-spacer no_spacer\" style=\"top\"><\/div><div class=\"uvc-main-heading ult-responsive\"  data-ultimate-target='.uvc-heading.ultimate-heading-387569e494f91086c h2'  data-responsive-json-new='{\"font-size\":\"desktop:24px;\",\"line-height\":\"desktop:34px;\"}' ><h2 style=\"font-weight:bold;margin-bottom:25px;\">M\u00fc\u015fteri portal\u0131 nedir?<\/h2><\/div><\/div>[vc_column_text]<span style=\"font-weight: 400;\">TTO\u2019da ofis i\u00e7i ve d\u0131\u015f\u0131 t\u00fcm s\u00fcre\u00e7lerimizi otomasyona dayal\u0131 bulut sistemler \u00fczerinden online olarak y\u00fcr\u00fct\u00fcyoruz. M\u00fc\u015fterilerimizi de online s\u00fcre\u00e7lerimize dahil ederek daha verimli bir proje y\u00f6netim deneyimi sunmak \u00fczere m\u00fc\u015fteri portal\u0131n\u0131 olu\u015fturduk.<\/span><\/p>\n<p>D\u00fcnyan\u0131n her yerinden, herhangi bir k\u0131s\u0131tlama olmadan ve diledi\u011finiz zaman ula\u015fabilece\u011finiz m\u00fc\u015fteri portal\u0131 i\u00e7in herhangi bir internet taray\u0131c\u0131s\u0131 kullanabilirsiniz. Size \u00f6zel kullan\u0131c\u0131 ad\u0131 ve \u015fifreyle giri\u015f yapaca\u011f\u0131n\u0131z bu platformda projenizin t\u00fcm detaylar\u0131n\u0131 g\u00f6r\u00fcnt\u00fcleyebilir, d\u00fczenleyebilir ve projenizi y\u00f6netebilirsiniz. Kullan\u0131m\u0131 son derece kolay olan bu platformda %100 gizlilik prensibiyle \u00e7al\u0131\u015f\u0131yoruz.[\/vc_column_text][\/vc_column_inner][vc_column_inner width=&#8221;1\/2&#8243;]<style type=\"text\/css\" data-type=\"the7_shortcodes-inline-css\">.shortcode-single-image-wrap.shortcode-single-image-3caa4ea8f13138e789034d53be69e2d1.enable-bg-rollover .rollover i,\n.shortcode-single-image-wrap.shortcode-single-image-3caa4ea8f13138e789034d53be69e2d1.enable-bg-rollover .rollover-video i {\n  background: ;\n  background: -webkit-linear-gradient();\n  background: linear-gradient();\n}\n.shortcode-single-image-wrap.shortcode-single-image-3caa4ea8f13138e789034d53be69e2d1 .rollover-icon {\n  font-size: 32px;\n  color: #ffffff;\n  min-width: 44px;\n  min-height: 44px;\n  line-height: 44px;\n  border-radius: 100px;\n  border-style: solid;\n  border-width: 0px;\n}\n.dt-icon-bg-on.shortcode-single-image-wrap.shortcode-single-image-3caa4ea8f13138e789034d53be69e2d1 .rollover-icon {\n  background: rgba(255,255,255,0.3);\n  box-shadow: none;\n}\n<\/style><div class=\"shortcode-single-image-wrap shortcode-single-image-3caa4ea8f13138e789034d53be69e2d1 alignnone  enable-bg-rollover dt-icon-bg-off\" style=\"margin-top:0px; margin-bottom:0px; margin-left:0px; margin-right:0px; width:1000px;\"><div class=\"shortcode-single-image\"><div class=\"fancy-media-wrap  layzr-bg\" style=\"\"><img loading=\"lazy\" decoding=\"async\" class=\"preload-me lazy-load\" src=\"data:image\/svg+xml,%3Csvg%20xmlns%3D&#39;http%3A%2F%2Fwww.w3.org%2F2000%2Fsvg&#39;%20viewBox%3D&#39;0%200%201000%20793&#39;%2F%3E\" data-src=\"https:\/\/www.turkishtranslationoffice.com\/tr\/wp-content\/uploads\/sites\/1\/2020\/10\/musteriportalinedir-1.png\" data-srcset=\"https:\/\/www.turkishtranslationoffice.com\/tr\/wp-content\/uploads\/sites\/1\/2020\/10\/musteriportalinedir-1.png 1000w\" width=\"1000\" height=\"793\"  data-dt-location=\"https:\/\/www.turkishtranslationoffice.com\/tr\/musteri-portali\/musteriportalinedir\/\" style=\"\" alt=\"M\u00fc\u015fteri portal\u0131\" \/><\/div><\/div><\/div>[\/vc_column_inner][\/vc_row_inner][\/vc_column][\/vc_row][vc_row equal_height=&#8221;yes&#8221; content_placement=&#8221;top&#8221; bg_type=&#8221;image&#8221; parallax_style=&#8221;vcpb-default&#8221; bg_image_new=&#8221;id^2302|url^https:\/\/www.turkishtranslationoffice.com\/tr\/wp-content\/uploads\/2020\/08\/arka-plan-siyah-beyaz.png|caption^null|alt^null|title^arka-plan-siyah-beyaz|description^null&#8221; bg_override=&#8221;ex-full&#8221; type=&#8221;vc_default&#8221; margin_top=&#8221;5&#8243; margin_bottom=&#8221;10&#8243; css=&#8221;.vc_custom_1598705305898{padding-top: 30px !important;padding-bottom: 50px !important;}&#8221;][vc_column css=&#8221;.vc_custom_1491746299333{padding-bottom: 0px !important;}&#8221;][vc_row_inner equal_height=&#8221;yes&#8221; content_placement=&#8221;top&#8221;][vc_column_inner width=&#8221;1\/2&#8243;]<style type=\"text\/css\" data-type=\"the7_shortcodes-inline-css\">.shortcode-single-image-wrap.shortcode-single-image-e8eb0ea116f0483ff843fd60482a812a.enable-bg-rollover .rollover i,\n.shortcode-single-image-wrap.shortcode-single-image-e8eb0ea116f0483ff843fd60482a812a.enable-bg-rollover .rollover-video i {\n  background: ;\n  background: -webkit-linear-gradient();\n  background: linear-gradient();\n}\n.shortcode-single-image-wrap.shortcode-single-image-e8eb0ea116f0483ff843fd60482a812a .rollover-icon {\n  font-size: 32px;\n  color: #ffffff;\n  min-width: 44px;\n  min-height: 44px;\n  line-height: 44px;\n  border-radius: 100px;\n  border-style: solid;\n  border-width: 0px;\n}\n.dt-icon-bg-on.shortcode-single-image-wrap.shortcode-single-image-e8eb0ea116f0483ff843fd60482a812a .rollover-icon {\n  background: rgba(255,255,255,0.3);\n  box-shadow: none;\n}\n<\/style><div class=\"shortcode-single-image-wrap shortcode-single-image-e8eb0ea116f0483ff843fd60482a812a alignnone  enable-bg-rollover dt-icon-bg-off\" style=\"margin-top:0px; margin-bottom:0px; margin-left:0px; margin-right:0px; width:1092px;\"><div class=\"shortcode-single-image\"><div class=\"fancy-media-wrap  layzr-bg\" style=\"\"><img loading=\"lazy\" decoding=\"async\" class=\"preload-me lazy-load\" src=\"data:image\/svg+xml,%3Csvg%20xmlns%3D&#39;http%3A%2F%2Fwww.w3.org%2F2000%2Fsvg&#39;%20viewBox%3D&#39;0%200%201092%20705&#39;%2F%3E\" data-src=\"https:\/\/www.turkishtranslationoffice.com\/tr\/wp-content\/uploads\/sites\/1\/2020\/10\/musteriportali-kolayproje-1.png\" data-srcset=\"https:\/\/www.turkishtranslationoffice.com\/tr\/wp-content\/uploads\/sites\/1\/2020\/10\/musteriportali-kolayproje-1.png 1092w\" width=\"1092\" height=\"705\"  data-dt-location=\"https:\/\/www.turkishtranslationoffice.com\/tr\/musteri-portali\/musteriportali-kolayproje\/\" style=\"\" alt=\"Kolay proje y\u00f6netimi\" \/><\/div><\/div><\/div>[\/vc_column_inner][vc_column_inner width=&#8221;1\/2&#8243; css=&#8221;.vc_custom_1596550089277{padding-top: 20px !important;}&#8221;]<div id=\"ultimate-heading-886069e494f911036\" class=\"uvc-heading ult-adjust-bottom-margin ultimate-heading-886069e494f911036 uvc-905 \" data-hspacer=\"no_spacer\"  data-halign=\"left\" style=\"text-align:left\"><div class=\"uvc-heading-spacer no_spacer\" style=\"top\"><\/div><div class=\"uvc-main-heading ult-responsive\"  data-ultimate-target='.uvc-heading.ultimate-heading-886069e494f911036 h2'  data-responsive-json-new='{\"font-size\":\"desktop:24px;\",\"line-height\":\"desktop:34px;\"}' ><h2 style=\"font-weight:bold;margin-bottom:25px;\">Kolay proje y\u00f6netimi sa\u011flayan m\u00fc\u015fteri portal\u0131nda neler yapabilirsiniz?<\/h2><\/div><\/div><div class=\"standard-arrow bullet-top\"><ul>\n<li><span style=\"font-weight: 400;\">Farkl\u0131 diller i\u00e7in teklif talebi olu\u015fturabilirsiniz<\/span><\/li>\n<li><span style=\"font-weight: 400;\">Belgelerinizi sisteme y\u00fckleyerek kolayca yeni bir proje olu\u015fturabilirsiniz<\/span><\/li>\n<li><span style=\"font-weight: 400;\">Projenizin ba\u015flang\u0131\u00e7 ve teslim tarihlerini g\u00f6r\u00fcnt\u00fcleyebilirsiniz<\/span><\/li>\n<li><span style=\"font-weight: 400;\">Projenizin s\u00fcrecini ve g\u00fcncel bilgileri takip edebilirsiniz<\/span><\/li>\n<li><span style=\"font-weight: 400;\">Projeniz \u00fczerinde anl\u0131k olarak de\u011fi\u015fiklik yapabilirsiniz<\/span><\/li>\n<li><span style=\"font-weight: 400;\">Projeniz \u00fczerinde ger\u00e7ekle\u015ftirilen de\u011fi\u015fiklikleri g\u00f6r\u00fcnt\u00fcleyebilirsiniz<\/span><\/li>\n<li><span style=\"font-weight: 400;\">T\u00fcm sorular\u0131n\u0131z i\u00e7in bize diledi\u011finiz zaman ula\u015fabilirsiniz<\/span><\/li>\n<li><span style=\"font-weight: 400;\">Tamamlanm\u0131\u015f projelerinize dair analiz ve raporlar\u0131n\u0131z\u0131 g\u00f6r\u00fcnt\u00fcleyebilirsiniz<\/span><\/li>\n<li><span style=\"font-weight: 400;\">Olu\u015fturdu\u011funuz \u00f6nceki teklifleri g\u00f6r\u00fcnt\u00fcleyebilirsiniz<\/span><\/li>\n<li><span style=\"font-weight: 400;\">Projeleriniz i\u00e7in olu\u015fturulmu\u015f faturalar\u0131 ar\u015fivleyebilirsiniz<\/span><\/li>\n<li><span style=\"font-weight: 400;\">Projelerinizin \u00f6deme detaylar\u0131n\u0131 sistemden takip edebilirsiniz<\/span><\/li>\n<\/ul>\n<\/div>[\/vc_column_inner][\/vc_row_inner][\/vc_column][\/vc_row][vc_row content_placement=&#8221;middle&#8221; bg_type=&#8221;grad&#8221; bg_override=&#8221;ex-full&#8221; bg_grad=&#8221;background: -webkit-gradient(linear, left top, left bottom, color-stop(0%, #365088), color-stop(100%, #EA524D));background: -moz-linear-gradient(135deg,#365088 0%,#EA524D 100%);background: -webkit-linear-gradient(135deg,#365088 0%,#EA524D 100%);background: -o-linear-gradient(135deg,#365088 0%,#EA524D 100%);background: -ms-linear-gradient(135deg,#365088 0%,#EA524D 100%);background: linear-gradient(135deg,#365088 0%,#EA524D 100%);&#8221;][vc_column width=&#8221;5\/6&#8243;][vc_column_text]<strong style=\"color: #ffffff; font-size: 24px;\">Kaliteli terc\u00fcme hizmeti deneyimi almak i\u00e7in ekstra \u00fccret \u00f6demenize gerek yok! Projenize de\u011fer katan, size vakit kazand\u0131ran profesyonel \u00e7eviri \u00e7\u00f6z\u00fcmlerimizle t\u00fcm dillerde ve her sekt\u00f6rde yan\u0131n\u0131zday\u0131z! Bizi daha yak\u0131ndan tan\u0131mak i\u00e7in ileti\u015fime ge\u00e7in.<\/strong>[\/vc_column_text][\/vc_column][vc_column width=&#8221;1\/6&#8243;][vc_btn title=&#8221;Bize Ula\u015f\u0131n&#8221; color=&#8221;warning&#8221; size=&#8221;lg&#8221; align=&#8221;right&#8221; link=&#8221;url:%2Ftr%2Filetisim%2F|||&#8221;][\/vc_column][\/vc_row]<\/p>\n","protected":false},"excerpt":{"rendered":"<p>[vc_row equal_height=&#8221;yes&#8221; content_placement=&#8221;top&#8221; bg_type=&#8221;image&#8221; parallax_style=&#8221;vcpb-default&#8221; bg_image_new=&#8221;id^4000|url^https:\/\/www.turkishtranslationoffice.com\/tr\/wp-content\/uploads\/2020\/08\/musteri-portali.jpg|caption^null|alt^null|title^musteri-portali|description^null&#8221; bg_override=&#8221;ex-full&#8221; type=&#8221;vc_default&#8221; margin_top=&#8221;5&#8243; margin_bottom=&#8221;10&#8243; css=&#8221;.vc_custom_1629982889708{padding-top: 2% !important;padding-bottom: 2% !important;}&#8221;][vc_column width=&#8221;1\/2&#8243;][vc_column_text] \u0130\u015f y\u00fck\u00fcn\u00fcz aras\u0131nda \u00e7eviri projenizin detaylar\u0131yla bo\u011fu\u015fmay\u0131n! Size \u00f6zel olu\u015fturulmu\u015f kullan\u0131c\u0131 dostu m\u00fc\u015fteri portal\u0131m\u0131z \u00fczerinden projenizi y\u00f6netirken vakit kazan\u0131n, verimlili\u011finizi artt\u0131r\u0131n![\/vc_column_text][vc_row_inner equal_height=&#8221;yes&#8221; content_placement=&#8221;top&#8221;][vc_column_inner css=&#8221;.vc_custom_1644308144035{padding-bottom: 32px !important;}&#8221;][\/vc_column_inner][\/vc_row_inner][\/vc_column][vc_column width=&#8221;1\/2&#8243;][\/vc_column][\/vc_row][vc_row equal_height=&#8221;yes&#8221; content_placement=&#8221;top&#8221; bg_type=&#8221;image&#8221; parallax_style=&#8221;vcpb-hz-jquery&#8221; bg_image_new=&#8221;id^1611|url^https:\/\/www.turkishtranslationoffice.com\/tr\/wp-content\/uploads\/2016\/02\/bg-mem.png|caption^null|alt^null|title^bg-mem|description^null&#8221; bg_override=&#8221;ex-full&#8221; type=&#8221;vc_default&#8221; margin_top=&#8221;5&#8243; margin_bottom=&#8221;10&#8243; css=&#8221;.vc_custom_1598704591602{padding-top: 30px !important;padding-bottom:&hellip;<\/p>\n","protected":false},"author":1,"featured_media":0,"parent":0,"menu_order":10,"comment_status":"closed","ping_status":"closed","template":"","meta":{"footnotes":""},"aioseo_notices":[],"_links":{"self":[{"href":"https:\/\/www.turkishtranslationoffice.com\/tr\/wp-json\/wp\/v2\/pages\/2460"}],"collection":[{"href":"https:\/\/www.turkishtranslationoffice.com\/tr\/wp-json\/wp\/v2\/pages"}],"about":[{"href":"https:\/\/www.turkishtranslationoffice.com\/tr\/wp-json\/wp\/v2\/types\/page"}],"author":[{"embeddable":true,"href":"https:\/\/www.turkishtranslationoffice.com\/tr\/wp-json\/wp\/v2\/users\/1"}],"replies":[{"embeddable":true,"href":"https:\/\/www.turkishtranslationoffice.com\/tr\/wp-json\/wp\/v2\/comments?post=2460"}],"version-history":[{"count":3,"href":"https:\/\/www.turkishtranslationoffice.com\/tr\/wp-json\/wp\/v2\/pages\/2460\/revisions"}],"predecessor-version":[{"id":5683,"href":"https:\/\/www.turkishtranslationoffice.com\/tr\/wp-json\/wp\/v2\/pages\/2460\/revisions\/5683"}],"wp:attachment":[{"href":"https:\/\/www.turkishtranslationoffice.com\/tr\/wp-json\/wp\/v2\/media?parent=2460"}],"curies":[{"name":"wp","href":"https:\/\/api.w.org\/{rel}","templated":true}]}}