{"id":2552,"date":"2020-08-07T16:45:38","date_gmt":"2020-08-07T13:45:38","guid":{"rendered":"https:\/\/www.turkishtranslationoffice.com\/tr\/entegrasyonlar-copy\/"},"modified":"2022-02-08T11:29:15","modified_gmt":"2022-02-08T08:29:15","slug":"ticari-tercume","status":"publish","type":"page","link":"https:\/\/www.turkishtranslationoffice.com\/tr\/ticari-tercume\/","title":{"rendered":"Ticari Terc\u00fcme"},"content":{"rendered":"<p>[vc_row equal_height=&#8221;yes&#8221; content_placement=&#8221;top&#8221; bg_type=&#8221;image&#8221; parallax_style=&#8221;vcpb-default&#8221; bg_image_new=&#8221;id^3215|url^https:\/\/www.turkishtranslationoffice.com\/tr\/wp-content\/uploads\/2020\/08\/ticari-ceviri.jpg|caption^null|alt^null|title^ticari-ceviri|description^null&#8221; bg_image_repeat=&#8221;no-repeat&#8221; bg_override=&#8221;ex-full&#8221; type=&#8221;vc_default&#8221; margin_top=&#8221;5&#8243; margin_bottom=&#8221;10&#8243; css=&#8221;.vc_custom_1629972468353{padding-top: 2% !important;padding-bottom: 2% !important;}&#8221;][vc_column width=&#8221;1\/2&#8243;]<div id=\"ultimate-heading-348769e1b4112bd8f\" class=\"uvc-heading ult-adjust-bottom-margin ultimate-heading-348769e1b4112bd8f uvc-8406 \" data-hspacer=\"no_spacer\"  data-halign=\"left\" style=\"text-align:left\"><div class=\"uvc-heading-spacer no_spacer\" style=\"top\"><\/div><div class=\"uvc-main-heading ult-responsive\"  data-ultimate-target='.uvc-heading.ultimate-heading-348769e1b4112bd8f h1'  data-responsive-json-new='{\"font-size\":\"desktop:28px;\",\"line-height\":\"desktop:34px;\"}' ><h1 style=\"font-weight:bold;margin-bottom:25px;\">Ticari terc\u00fcme ile d\u00fcnyaya a\u00e7\u0131l\u0131n<\/h1><\/div><\/div>[vc_column_text]<\/p>\n<p style=\"text-align: left;\"><span style=\"font-weight: 400; font-size: 18px;\">K\u00fcreselle\u015fme sayesinde pazar pay\u0131n\u0131z\u0131 geni\u015fleterek t\u00fcm d\u00fcnyada hedef kitlenize ula\u015fabilirsiniz. Uzman bir terc\u00fcme b\u00fcrosu ile \u00e7al\u0131\u015fmak bu yolculukta size ba\u015far\u0131, zaman ve para kazand\u0131r\u0131r!<\/span><\/p>\n<p><span style=\"font-weight: 400; font-size: 18px;\">T\u00fcm ticari \u00e7eviri ihtiya\u00e7lar\u0131n\u0131zda profesyonel dil uzmanlar\u0131m\u0131z ve proje y\u00f6neticilerimizin yan\u0131 s\u0131ra belgelerinizi orijinal formatta haz\u0131rlayan masa\u00fcst\u00fc yay\u0131nc\u0131l\u0131k profesyonellerimizle hizmetinizdeyiz.<\/span>[\/vc_column_text][vc_row_inner equal_height=&#8221;yes&#8221; content_placement=&#8221;top&#8221;][vc_column_inner css=&#8221;.vc_custom_1644308951090{padding-top: 20px !important;padding-bottom: 32px !important;}&#8221;]<style type=\"text\/css\" data-type=\"the7_shortcodes-inline-css\">#default-btn-0a8ec3754f3e7aef9fa45fae0b1fed58.ico-right-side > i {\n  margin-right: 0px;\n  margin-left: 8px;\n}\n#default-btn-0a8ec3754f3e7aef9fa45fae0b1fed58 > i {\n  margin-right: 8px;\n}\n#default-btn-0a8ec3754f3e7aef9fa45fae0b1fed58 * {\n  vertical-align: middle;\n}\n<\/style><a href=\"\/tr\/teklif-alin\/\" class=\"default-btn-shortcode dt-btn dt-btn-l link-hover-off button-tto-grey btn-inline-left  vc_custom_1600265668945\" id=\"default-btn-0a8ec3754f3e7aef9fa45fae0b1fed58\" style=\"width:225px;\"><span>\u00dccretsiz Teklif Al\u0131n<\/span><\/a><style type=\"text\/css\" data-type=\"the7_shortcodes-inline-css\">#default-btn-f76bee9c36012c4c8711a2aa40044fdd.ico-right-side > i {\n  margin-right: 0px;\n  margin-left: 8px;\n}\n#default-btn-f76bee9c36012c4c8711a2aa40044fdd > i {\n  margin-right: 8px;\n}\n#default-btn-f76bee9c36012c4c8711a2aa40044fdd * {\n  vertical-align: middle;\n}\n<\/style><a href=\"\/tr\/iletisim\/\" class=\"default-btn-shortcode dt-btn dt-btn-l link-hover-off button-tto-red btn-inline-left  vc_custom_1600265677269\" id=\"default-btn-f76bee9c36012c4c8711a2aa40044fdd\" style=\"width:225px;\"><span>Bize Ula\u015f\u0131n<\/span><\/a>[\/vc_column_inner][\/vc_row_inner][\/vc_column][vc_column width=&#8221;1\/2&#8243;][\/vc_column][\/vc_row][vc_row equal_height=&#8221;yes&#8221; content_placement=&#8221;top&#8221; bg_type=&#8221;bg_color&#8221; bg_override=&#8221;ex-full&#8221; type=&#8221;vc_default&#8221; margin_top=&#8221;5&#8243; margin_bottom=&#8221;10&#8243; css=&#8221;.vc_custom_1598017217253{padding-top: 30px !important;padding-bottom: 50px !important;}&#8221; bg_color_value=&#8221;#f4f4f4&#8243;][vc_column css=&#8221;.vc_custom_1491746299333{padding-bottom: 0px !important;}&#8221;][vc_row_inner equal_height=&#8221;yes&#8221; content_placement=&#8221;top&#8221;][vc_column_inner width=&#8221;1\/2&#8243;]<style type=\"text\/css\" data-type=\"the7_shortcodes-inline-css\">.shortcode-single-image-wrap.shortcode-single-image-b81f74dc44560fdbf9e20a043b7d5780.enable-bg-rollover .rollover i,\n.shortcode-single-image-wrap.shortcode-single-image-b81f74dc44560fdbf9e20a043b7d5780.enable-bg-rollover .rollover-video i {\n  background: ;\n  background: -webkit-linear-gradient();\n  background: linear-gradient();\n}\n.shortcode-single-image-wrap.shortcode-single-image-b81f74dc44560fdbf9e20a043b7d5780 .rollover-icon {\n  font-size: 32px;\n  color: #ffffff;\n  min-width: 44px;\n  min-height: 44px;\n  line-height: 44px;\n  border-radius: 100px;\n  border-style: solid;\n  border-width: 0px;\n}\n.dt-icon-bg-on.shortcode-single-image-wrap.shortcode-single-image-b81f74dc44560fdbf9e20a043b7d5780 .rollover-icon {\n  background: rgba(255,255,255,0.3);\n  box-shadow: none;\n}\n<\/style><div class=\"shortcode-single-image-wrap shortcode-single-image-b81f74dc44560fdbf9e20a043b7d5780 alignnone  enable-bg-rollover dt-icon-bg-off\" style=\"margin-top:0px; margin-bottom:0px; margin-left:0px; margin-right:0px; width:1000px;\"><div class=\"shortcode-single-image\"><div class=\"fancy-media-wrap  layzr-bg\" style=\"border-radius:10px;\"><img loading=\"lazy\" decoding=\"async\" class=\"preload-me lazy-load\" src=\"data:image\/svg+xml,%3Csvg%20xmlns%3D&#39;http%3A%2F%2Fwww.w3.org%2F2000%2Fsvg&#39;%20viewBox%3D&#39;0%200%201000%20700&#39;%2F%3E\" data-src=\"https:\/\/www.turkishtranslationoffice.com\/tr\/wp-content\/uploads\/sites\/1\/2020\/08\/ticari-tercume-neden-onemli-1000x700.jpg\" data-srcset=\"https:\/\/www.turkishtranslationoffice.com\/tr\/wp-content\/uploads\/sites\/1\/2020\/08\/ticari-tercume-neden-onemli-1000x700.jpg 1000w, https:\/\/www.turkishtranslationoffice.com\/tr\/wp-content\/uploads\/sites\/1\/2020\/08\/ticari-tercume-neden-onemli-1241x869.jpg 1241w\" width=\"1000\" height=\"700\"  data-dt-location=\"https:\/\/www.turkishtranslationoffice.com\/tr\/ticari-tercume\/ticari-tercume-neden-onemli\/\" style=\"border-radius:10px;\" alt=\"Ticari terc\u00fcme\" \/><\/div><\/div><\/div>[\/vc_column_inner][vc_column_inner width=&#8221;1\/2&#8243; css=&#8221;.vc_custom_1596550089277{padding-top: 20px !important;}&#8221;]<div id=\"ultimate-heading-283169e1b4112c4f4\" class=\"uvc-heading ult-adjust-bottom-margin ultimate-heading-283169e1b4112c4f4 uvc-8812 \" data-hspacer=\"no_spacer\"  data-halign=\"left\" style=\"text-align:left\"><div class=\"uvc-heading-spacer no_spacer\" style=\"top\"><\/div><div class=\"uvc-main-heading ult-responsive\"  data-ultimate-target='.uvc-heading.ultimate-heading-283169e1b4112c4f4 h2'  data-responsive-json-new='{\"font-size\":\"desktop:24px;\",\"line-height\":\"desktop:34px;\"}' ><h2 style=\"font-weight:bold;margin-bottom:25px;\">Ticari terc\u00fcme neden \u00f6nemli?<\/h2><\/div><\/div>[vc_column_text]<span style=\"font-weight: 400;\">K\u00fcreselle\u015fme sayesinde d\u00fcnyan\u0131n di\u011fer ucunda sizin \u00fcr\u00fcn ve hizmetlerinizle ilgilenen hedef kitlenize ula\u015fabilirsiniz. \u0130\u015finizin yurtd\u0131\u015f\u0131ndaki ba\u015far\u0131s\u0131, elde edece\u011finiz kar ya da zarar tamamen i\u015finizi nas\u0131l tan\u0131tt\u0131\u011f\u0131n\u0131za, hedef kitlenizle kurdu\u011funuz ileti\u015fime ba\u011fl\u0131. Uluslararas\u0131 faaliyet g\u00f6steren \u015firketler m\u00fc\u015fterileri, tedarik\u00e7ileri, i\u015fbirlik\u00e7ileri ve \u00fcreticileri aras\u0131nda sa\u011flam ve eksiksiz bir ileti\u015fim kurmas\u0131 gerekti\u011fini bilir.<\/span>[\/vc_column_text][\/vc_column_inner][\/vc_row_inner][\/vc_column][\/vc_row][vc_row bg_type=&#8221;image&#8221; bg_override=&#8221;full&#8221; css=&#8221;.vc_custom_1596535087001{background-image: url(https:\/\/www.turkishtranslationoffice.com\/tr\/wp-content\/uploads\/2020\/08\/uyari.jpg?id=2304) !important;}&#8221;][vc_column]<div class=\"smile_icon_list_wrap ult_info_list_container ult-adjust-bottom-margin   vc_custom_1596535225225\"><ul class=\"smile_icon_list top circle with_bg\"><li class=\"icon_list_item\" style=\" font-size:96px;\"><div class=\"icon_list_icon\" data-animation=\"\" data-animation-delay=\"03\" style=\"font-size:32px;border-width:1px;border-style:none;background:#ffffff;color:#d44133;border-color:#333333;\"><i class=\"fas fa-lock\" ><\/i><\/div><div class=\"icon_description\" id=\"Info-list-wrap-2635\" style=\"font-size:32px;\"><h3 class=\"ult-responsive info-list-heading\"  data-ultimate-target='#Info-list-wrap-2635 h3'  data-responsive-json-new='{\"font-size\":\"desktop:16px;\",\"line-height\":\"desktop:24px;\"}'  style=\"font-weight:bold;color:#ffffff;\">Gizlilik S\u00f6z\u00fc<\/h3><div class=\"icon_description_text ult-responsive\"  data-ultimate-target='#Info-list-wrap-2635 .icon_description_text'  data-responsive-json-new='{\"font-size\":\"desktop:13px;\",\"line-height\":\"desktop:18px;\"}'  style=\"color:#ffffff;\"><p><span style=\"font-weight: 400;\">T\u00fcm belge ve bilgileriniz bizimle g\u00fcvende! \u00dc\u00e7\u00fcnc\u00fc taraflarla yapt\u0131\u011f\u0131m\u0131z t\u00fcm i\u015f anla\u015fmalar\u0131nda gizlilik s\u00f6zle\u015fmesi imzal\u0131yoruz.<\/span><\/p>\n<\/div><\/div><div class=\"icon_list_connector\" data-animation=\"fadeInLeft\" data-animation-delay=\"03\" style=\"border: none !important;\"><\/div><\/li><li class=\"icon_list_item\" style=\" font-size:96px;\"><div class=\"icon_list_icon\" data-animation=\"\" data-animation-delay=\"03\" style=\"font-size:32px;border-width:1px;border-style:none;background:#ffffff;color:#d44133;border-color:#333333;\"><i class=\"fas fa-thumbs-up\" ><\/i><\/div><div class=\"icon_description\" id=\"Info-list-wrap-4972\" style=\"font-size:32px;\"><h3 class=\"ult-responsive info-list-heading\"  data-ultimate-target='#Info-list-wrap-4972 h3'  data-responsive-json-new='{\"font-size\":\"desktop:16px;\",\"line-height\":\"desktop:24px;\"}'  style=\"font-weight:bold;color:#ffffff;\">H\u0131zl\u0131 ve Eksizksiz<\/h3><div class=\"icon_description_text ult-responsive\"  data-ultimate-target='#Info-list-wrap-4972 .icon_description_text'  data-responsive-json-new='{\"font-size\":\"desktop:13px;\",\"line-height\":\"desktop:18px;\"}'  style=\"color:#ffffff;\"><p><span style=\"font-weight: 400;\">Pek \u00e7ok farkl\u0131 sekt\u00f6re terc\u00fcme hizmeti sunuyoruz, kulland\u0131\u011f\u0131m\u0131z \u00e7eviri ara\u00e7lar\u0131 ile daha h\u0131zl\u0131 ve tutarl\u0131l\u0131\u011f\u0131 y\u00fcksek projelere imza at\u0131yoruz. <\/span><\/p>\n<\/div><\/div><div class=\"icon_list_connector\" data-animation=\"fadeInLeft\" data-animation-delay=\"03\" style=\"border: none !important;\"><\/div><\/li><li class=\"icon_list_item\" style=\" font-size:96px;\"><div class=\"icon_list_icon\" data-animation=\"\" data-animation-delay=\"03\" style=\"font-size:32px;border-width:1px;border-style:none;background:#ffffff;color:#d44133;border-color:#333333;\"><i class=\"fas fa-check-double\" ><\/i><\/div><div class=\"icon_description\" id=\"Info-list-wrap-7005\" style=\"font-size:32px;\"><h3 class=\"ult-responsive info-list-heading\"  data-ultimate-target='#Info-list-wrap-7005 h3'  data-responsive-json-new='{\"font-size\":\"desktop:16px;\",\"line-height\":\"desktop:24px;\"}'  style=\"font-weight:bold;color:#ffffff;\">Y\u00fcksek Kalite<\/h3><div class=\"icon_description_text ult-responsive\"  data-ultimate-target='#Info-list-wrap-7005 .icon_description_text'  data-responsive-json-new='{\"font-size\":\"desktop:13px;\",\"line-height\":\"desktop:18px;\"}'  style=\"color:#ffffff;\"><p><span style=\"font-weight: 400;\">TTO olarak sahip oldu\u011fumuz kalite sertifikalar\u0131 ve kalite odakl\u0131 \u00e7\u00f6z\u00fcmler sunarak projelerinizde kalitei %40\u2019a varan oranda artt\u0131r\u0131yoruz.<\/span><\/p>\n<\/div><\/div><div class=\"icon_list_connector\" data-animation=\"fadeInLeft\" data-animation-delay=\"03\" style=\"border: none !important;\"><\/div><\/li><\/ul><\/div>[\/vc_column][\/vc_row][vc_row equal_height=&#8221;yes&#8221; content_placement=&#8221;top&#8221; bg_type=&#8221;image&#8221; parallax_style=&#8221;vcpb-default&#8221; bg_image_new=&#8221;id^2302|url^https:\/\/www.turkishtranslationoffice.com\/tr\/wp-content\/uploads\/2020\/08\/arka-plan-siyah-beyaz.png|caption^null|alt^null|title^arka-plan-siyah-beyaz|description^null&#8221; bg_image_repeat=&#8221;no-repeat&#8221; bg_override=&#8221;ex-full&#8221; type=&#8221;vc_default&#8221; margin_top=&#8221;5&#8243; margin_bottom=&#8221;10&#8243; css=&#8221;.vc_custom_1598017882293{padding-top: 30px !important;padding-bottom: 50px !important;}&#8221;][vc_column][vc_row_inner equal_height=&#8221;yes&#8221; content_placement=&#8221;top&#8221;][vc_column_inner width=&#8221;1\/2&#8243; css=&#8221;.vc_custom_1598017657646{padding-top: 20px !important;}&#8221;]<div id=\"ultimate-heading-828569e1b4112c5d5\" class=\"uvc-heading ult-adjust-bottom-margin ultimate-heading-828569e1b4112c5d5 uvc-4762 \" data-hspacer=\"no_spacer\"  data-halign=\"left\" style=\"text-align:left\"><div class=\"uvc-heading-spacer no_spacer\" style=\"top\"><\/div><div class=\"uvc-main-heading ult-responsive\"  data-ultimate-target='.uvc-heading.ultimate-heading-828569e1b4112c5d5 h2'  data-responsive-json-new='{\"font-size\":\"desktop:24px;\",\"line-height\":\"desktop:34px;\"}' ><h2 style=\"font-weight:bold;margin-bottom:25px;\">\u0130\u015finizi d\u00fcnyaya a\u00e7man\u0131za ve kazanc\u0131n\u0131z\u0131 artt\u0131rman\u0131za yard\u0131mc\u0131 oluyoruz<\/h2><\/div><\/div>[vc_column_text]<span style=\"font-weight: 400;\">Turkish Translation Office\u2019te tecr\u00fcbeli \u00e7evirmenlerimizle ile web sitenizi, resmi evraklar\u0131n\u0131z\u0131 ve ticari dok\u00fcmanlar\u0131n\u0131z\u0131 en kaliteli \u015fekilde y\u00fcksek tutarl\u0131l\u0131kta \u00e7eviriyoruz. Farkl\u0131 bir \u00fclkedeki hedef kitleniz ile ayn\u0131 dili konu\u015fman\u0131z, potansiyel m\u00fc\u015fterilerinize ula\u015fman\u0131z ve m\u00fc\u015fterilerinizle tutarl\u0131 bir ileti\u015fim s\u00fcrd\u00fcrebilmeniz i\u00e7in \u00e7al\u0131\u015f\u0131yoruz.<\/span><\/p>\n<p>Hedef ve kaynak dilin yan\u0131 s\u0131ra sekt\u00f6r\u00fcn\u00fcze \u00f6zel terminlojiiye de y\u00fcksek hakimiyeti olan \u00e7evirmenlerimiz t\u00fcm belgelerinizi do\u011frulu\u011fu y\u00fcksek ve kaliteli bi\u00e7imde \u00e7evirir.<\/p>\n<p>TTO olarak sizlere en kaliteli ticari \u00e7eviri hizmetlerini sunmak i\u00e7in t\u00fcm i\u015f standartlar\u0131n\u0131za uyumlu tam hizmet sunan bir \u00e7eviri b\u00fcrosuyuz. Sekt\u00f6r\u00fcn\u00fcz\u00fcn ve terc\u00fcmenizin gerekliliklerini belirtin, d\u00fcnyaya a\u00e7\u0131lman\u0131z ve kazanc\u0131n\u0131z\u0131 artt\u0131rman\u0131z i\u00e7in en \u00fcst d\u00fczey \u00e7abay\u0131 g\u00f6sterelim!\u00a0 Kaliteli ve profesyonel ticari \u00e7eviri hizmetlerimizi b\u00fct\u00e7enize en uygun paket ile sunuyoruz.<br \/>\n[\/vc_column_text][\/vc_column_inner][vc_column_inner width=&#8221;1\/2&#8243;]<style type=\"text\/css\" data-type=\"the7_shortcodes-inline-css\">.shortcode-single-image-wrap.shortcode-single-image-b632f0cd698504dcbc08229f0d91dfc1.enable-bg-rollover .rollover i,\n.shortcode-single-image-wrap.shortcode-single-image-b632f0cd698504dcbc08229f0d91dfc1.enable-bg-rollover .rollover-video i {\n  background: ;\n  background: -webkit-linear-gradient();\n  background: linear-gradient();\n}\n.shortcode-single-image-wrap.shortcode-single-image-b632f0cd698504dcbc08229f0d91dfc1 .rollover-icon {\n  font-size: 32px;\n  color: #ffffff;\n  min-width: 44px;\n  min-height: 44px;\n  line-height: 44px;\n  border-radius: 100px;\n  border-style: solid;\n  border-width: 0px;\n}\n.dt-icon-bg-on.shortcode-single-image-wrap.shortcode-single-image-b632f0cd698504dcbc08229f0d91dfc1 .rollover-icon {\n  background: rgba(255,255,255,0.3);\n  box-shadow: none;\n}\n<\/style><div class=\"shortcode-single-image-wrap shortcode-single-image-b632f0cd698504dcbc08229f0d91dfc1 alignnone  enable-bg-rollover dt-icon-bg-off\" style=\"margin-top:0px; margin-bottom:0px; margin-left:0px; margin-right:0px; width:1000px;\"><div class=\"shortcode-single-image\"><div class=\"fancy-media-wrap  layzr-bg\" style=\"border-radius:10px;\"><img loading=\"lazy\" decoding=\"async\" class=\"preload-me lazy-load\" src=\"data:image\/svg+xml,%3Csvg%20xmlns%3D&#39;http%3A%2F%2Fwww.w3.org%2F2000%2Fsvg&#39;%20viewBox%3D&#39;0%200%201000%20700&#39;%2F%3E\" data-src=\"https:\/\/www.turkishtranslationoffice.com\/tr\/wp-content\/uploads\/sites\/1\/2020\/08\/isinizi-dunyaya-acmaya-yardimci-oluyoruz-1000x700.jpg\" data-srcset=\"https:\/\/www.turkishtranslationoffice.com\/tr\/wp-content\/uploads\/sites\/1\/2020\/08\/isinizi-dunyaya-acmaya-yardimci-oluyoruz-1000x700.jpg 1000w, https:\/\/www.turkishtranslationoffice.com\/tr\/wp-content\/uploads\/sites\/1\/2020\/08\/isinizi-dunyaya-acmaya-yardimci-oluyoruz-1525x1068.jpg 1525w\" width=\"1000\" height=\"700\"  data-dt-location=\"https:\/\/www.turkishtranslationoffice.com\/tr\/ticari-tercume\/isinizi-dunyaya-acmaya-yardimci-oluyoruz\/\" style=\"border-radius:10px;\" alt=\"tecr\u00fcbeli \u00e7evirmenler\" \/><\/div><\/div><\/div>[\/vc_column_inner][\/vc_row_inner][\/vc_column][\/vc_row][vc_row content_placement=&#8221;middle&#8221; bg_type=&#8221;grad&#8221; bg_override=&#8221;ex-full&#8221; bg_grad=&#8221;background: -webkit-gradient(linear, left top, left bottom, color-stop(0%, #365088), color-stop(99%, #EA524D));background: -moz-linear-gradient(135deg,#365088 0%,#EA524D 99%);background: -webkit-linear-gradient(135deg,#365088 0%,#EA524D 99%);background: -o-linear-gradient(135deg,#365088 0%,#EA524D 99%);background: -ms-linear-gradient(135deg,#365088 0%,#EA524D 99%);background: linear-gradient(135deg,#365088 0%,#EA524D 99%);&#8221;][vc_column width=&#8221;2\/3&#8243;][vc_column_text]<strong style=\"color: #ffffff; font-size: 24px;\">M\u00fc\u015fterilerinize ula\u015f\u0131p sat\u0131\u015flar\u0131n\u0131z\u0131 artt\u0131rmak i\u00e7in ticari \u00e7eviri teklifinizi \u015fimdi \u00fccretsiz isteyin!<\/strong>[\/vc_column_text][\/vc_column][vc_column width=&#8221;1\/3&#8243;][vc_btn title=&#8221;Teklif Al&#8221; color=&#8221;warning&#8221; size=&#8221;lg&#8221; align=&#8221;right&#8221; link=&#8221;url:%2Ftr%2Fteklif-alin%2F|||&#8221;][\/vc_column][\/vc_row]<\/p>\n","protected":false},"excerpt":{"rendered":"<p>[vc_row equal_height=&#8221;yes&#8221; content_placement=&#8221;top&#8221; bg_type=&#8221;image&#8221; parallax_style=&#8221;vcpb-default&#8221; bg_image_new=&#8221;id^3215|url^https:\/\/www.turkishtranslationoffice.com\/tr\/wp-content\/uploads\/2020\/08\/ticari-ceviri.jpg|caption^null|alt^null|title^ticari-ceviri|description^null&#8221; bg_image_repeat=&#8221;no-repeat&#8221; bg_override=&#8221;ex-full&#8221; type=&#8221;vc_default&#8221; margin_top=&#8221;5&#8243; margin_bottom=&#8221;10&#8243; css=&#8221;.vc_custom_1629972468353{padding-top: 2% !important;padding-bottom: 2% !important;}&#8221;][vc_column width=&#8221;1\/2&#8243;][vc_column_text] K\u00fcreselle\u015fme sayesinde pazar pay\u0131n\u0131z\u0131 geni\u015fleterek t\u00fcm d\u00fcnyada hedef kitlenize ula\u015fabilirsiniz. Uzman bir terc\u00fcme b\u00fcrosu ile \u00e7al\u0131\u015fmak bu yolculukta size ba\u015far\u0131, zaman ve para kazand\u0131r\u0131r! T\u00fcm ticari \u00e7eviri ihtiya\u00e7lar\u0131n\u0131zda profesyonel dil uzmanlar\u0131m\u0131z ve proje y\u00f6neticilerimizin yan\u0131 s\u0131ra belgelerinizi orijinal&hellip;<\/p>\n","protected":false},"author":1,"featured_media":0,"parent":0,"menu_order":10,"comment_status":"closed","ping_status":"closed","template":"","meta":{"footnotes":""},"aioseo_notices":[],"_links":{"self":[{"href":"https:\/\/www.turkishtranslationoffice.com\/tr\/wp-json\/wp\/v2\/pages\/2552"}],"collection":[{"href":"https:\/\/www.turkishtranslationoffice.com\/tr\/wp-json\/wp\/v2\/pages"}],"about":[{"href":"https:\/\/www.turkishtranslationoffice.com\/tr\/wp-json\/wp\/v2\/types\/page"}],"author":[{"embeddable":true,"href":"https:\/\/www.turkishtranslationoffice.com\/tr\/wp-json\/wp\/v2\/users\/1"}],"replies":[{"embeddable":true,"href":"https:\/\/www.turkishtranslationoffice.com\/tr\/wp-json\/wp\/v2\/comments?post=2552"}],"version-history":[{"count":2,"href":"https:\/\/www.turkishtranslationoffice.com\/tr\/wp-json\/wp\/v2\/pages\/2552\/revisions"}],"predecessor-version":[{"id":5717,"href":"https:\/\/www.turkishtranslationoffice.com\/tr\/wp-json\/wp\/v2\/pages\/2552\/revisions\/5717"}],"wp:attachment":[{"href":"https:\/\/www.turkishtranslationoffice.com\/tr\/wp-json\/wp\/v2\/media?parent=2552"}],"curies":[{"name":"wp","href":"https:\/\/api.w.org\/{rel}","templated":true}]}}