{"id":2570,"date":"2020-08-07T17:31:47","date_gmt":"2020-08-07T14:31:47","guid":{"rendered":"https:\/\/www.turkishtranslationoffice.com\/tr\/yeminli-tercume-copy\/"},"modified":"2022-02-08T11:17:01","modified_gmt":"2022-02-08T08:17:01","slug":"noter-onayli-tercume","status":"publish","type":"page","link":"https:\/\/www.turkishtranslationoffice.com\/tr\/noter-onayli-tercume\/","title":{"rendered":"Noter Onayl\u0131 Terc\u00fcme"},"content":{"rendered":"<p>[vc_row equal_height=&#8221;yes&#8221; content_placement=&#8221;top&#8221; bg_type=&#8221;image&#8221; parallax_style=&#8221;vcpb-default&#8221; bg_image_new=&#8221;id^3237|url^https:\/\/www.turkishtranslationoffice.com\/tr\/wp-content\/uploads\/2020\/08\/noter-onayli-tercume.jpg|caption^null|alt^null|title^noter-onayli-tercume|description^null&#8221; bg_image_repeat=&#8221;no-repeat&#8221; bg_override=&#8221;ex-full&#8221; type=&#8221;vc_default&#8221; margin_top=&#8221;5&#8243; margin_bottom=&#8221;10&#8243; css=&#8221;.vc_custom_1629972678462{padding-top: 2% !important;padding-bottom: 2% !important;}&#8221;][vc_column width=&#8221;1\/2&#8243;]<div id=\"ultimate-heading-5069f4a90a65838\" class=\"uvc-heading ult-adjust-bottom-margin ultimate-heading-5069f4a90a65838 uvc-9050 \" data-hspacer=\"no_spacer\"  data-halign=\"left\" style=\"text-align:left\"><div class=\"uvc-heading-spacer no_spacer\" style=\"top\"><\/div><div class=\"uvc-main-heading ult-responsive\"  data-ultimate-target='.uvc-heading.ultimate-heading-5069f4a90a65838 h1'  data-responsive-json-new='{\"font-size\":\"desktop:28px;\",\"line-height\":\"desktop:34px;\"}' ><h1 style=\"font-weight:bold;margin-bottom:25px;\">Noter yeminli terc\u00fcmede h\u0131zl\u0131 ve uygun fiyatl\u0131 hizmet<\/h1><\/div><\/div>[vc_column_text]<\/p>\n<p style=\"text-align: left;\"><span style=\"font-weight: 400; font-size: 18px;\">Anla\u015fmal\u0131 noterlerimiz ile sundu\u011fumuz t\u00fcm dillerde noter onayl\u0131 terc\u00fcme hizmetlerimizden yararlanmak i\u00e7in bize ula\u015fabilirsiniz.<\/span><\/p>\n<p><span style=\"font-weight: 400; font-size: 18px;\">Profesyonel \u00e7eviride y\u0131llar\u0131n tecr\u00fcbesi, 2500\u2019\u00fcn \u00fczerinde terc\u00fcman a\u011f\u0131m\u0131z ve kaliteli hizmetlerimizle yan\u0131n\u0131zday\u0131z.<\/span>[\/vc_column_text][vc_row_inner equal_height=&#8221;yes&#8221; content_placement=&#8221;top&#8221;][vc_column_inner css=&#8221;.vc_custom_1644308215342{padding-top: 20px !important;padding-bottom: 32px !important;}&#8221;]<style type=\"text\/css\" data-type=\"the7_shortcodes-inline-css\">#default-btn-dbe532e047d391fed63fd8ac451f70f0.ico-right-side > i {\n  margin-right: 0px;\n  margin-left: 8px;\n}\n#default-btn-dbe532e047d391fed63fd8ac451f70f0 > i {\n  margin-right: 8px;\n}\n#default-btn-dbe532e047d391fed63fd8ac451f70f0 * {\n  vertical-align: middle;\n}\n<\/style><a href=\"\/tr\/teklif-alin\/\" class=\"default-btn-shortcode dt-btn dt-btn-l link-hover-off button-tto-grey btn-inline-left  vc_custom_1600265850096\" id=\"default-btn-dbe532e047d391fed63fd8ac451f70f0\" style=\"width:225px;\"><span>\u00dccretsiz Teklif Al\u0131n<\/span><\/a><style type=\"text\/css\" data-type=\"the7_shortcodes-inline-css\">#default-btn-3b158c87f5c001e2eb07ec0b78752264.ico-right-side > i {\n  margin-right: 0px;\n  margin-left: 8px;\n}\n#default-btn-3b158c87f5c001e2eb07ec0b78752264 > i {\n  margin-right: 8px;\n}\n#default-btn-3b158c87f5c001e2eb07ec0b78752264 * {\n  vertical-align: middle;\n}\n<\/style><a href=\"\/tr\/iletisim\/\" class=\"default-btn-shortcode dt-btn dt-btn-l link-hover-off button-tto-red btn-inline-left  vc_custom_1600265861797\" id=\"default-btn-3b158c87f5c001e2eb07ec0b78752264\" style=\"width:225px;\"><span>Bize Ula\u015f\u0131n<\/span><\/a>[\/vc_column_inner][\/vc_row_inner][\/vc_column][vc_column width=&#8221;1\/2&#8243;][\/vc_column][\/vc_row][vc_row equal_height=&#8221;yes&#8221; content_placement=&#8221;top&#8221; bg_type=&#8221;image&#8221; parallax_style=&#8221;vcpb-default&#8221; bg_image_new=&#8221;id^2302|url^https:\/\/www.turkishtranslationoffice.com\/tr\/wp-content\/uploads\/2020\/08\/arka-plan-siyah-beyaz.png|caption^null|alt^null|title^arka-plan-siyah-beyaz|description^null&#8221; bg_image_repeat=&#8221;no-repeat&#8221; bg_override=&#8221;ex-full&#8221; type=&#8221;vc_default&#8221; margin_top=&#8221;5&#8243; margin_bottom=&#8221;10&#8243; css=&#8221;.vc_custom_1598020760312{padding-top: 30px !important;padding-bottom: 50px !important;}&#8221;][vc_column css=&#8221;.vc_custom_1491746299333{padding-bottom: 0px !important;}&#8221;][vc_row_inner equal_height=&#8221;yes&#8221; content_placement=&#8221;top&#8221;][vc_column_inner width=&#8221;1\/2&#8243;]<style type=\"text\/css\" data-type=\"the7_shortcodes-inline-css\">.shortcode-single-image-wrap.shortcode-single-image-e14402f789fe8371aeb3dbbcd19a6286.enable-bg-rollover .rollover i,\n.shortcode-single-image-wrap.shortcode-single-image-e14402f789fe8371aeb3dbbcd19a6286.enable-bg-rollover .rollover-video i {\n  background: ;\n  background: -webkit-linear-gradient();\n  background: linear-gradient();\n}\n.shortcode-single-image-wrap.shortcode-single-image-e14402f789fe8371aeb3dbbcd19a6286 .rollover-icon {\n  font-size: 32px;\n  color: #ffffff;\n  min-width: 44px;\n  min-height: 44px;\n  line-height: 44px;\n  border-radius: 100px;\n  border-style: solid;\n  border-width: 0px;\n}\n.dt-icon-bg-on.shortcode-single-image-wrap.shortcode-single-image-e14402f789fe8371aeb3dbbcd19a6286 .rollover-icon {\n  background: rgba(255,255,255,0.3);\n  box-shadow: none;\n}\n<\/style><div class=\"shortcode-single-image-wrap shortcode-single-image-e14402f789fe8371aeb3dbbcd19a6286 alignnone  enable-bg-rollover dt-icon-bg-off\" style=\"margin-top:0px; margin-bottom:0px; margin-left:0px; margin-right:0px; width:1000px;\"><div class=\"shortcode-single-image\"><div class=\"fancy-media-wrap  layzr-bg\" style=\"border-radius:10px;\"><img loading=\"lazy\" decoding=\"async\" class=\"preload-me lazy-load\" src=\"data:image\/svg+xml,%3Csvg%20xmlns%3D&#39;http%3A%2F%2Fwww.w3.org%2F2000%2Fsvg&#39;%20viewBox%3D&#39;0%200%201000%20700&#39;%2F%3E\" data-src=\"https:\/\/www.turkishtranslationoffice.com\/tr\/wp-content\/uploads\/sites\/1\/2020\/08\/guvenilir-noter-onayli-tercume-nedir-1000x700.jpg\" data-srcset=\"https:\/\/www.turkishtranslationoffice.com\/tr\/wp-content\/uploads\/sites\/1\/2020\/08\/guvenilir-noter-onayli-tercume-nedir-1000x700.jpg 1000w, https:\/\/www.turkishtranslationoffice.com\/tr\/wp-content\/uploads\/sites\/1\/2020\/08\/guvenilir-noter-onayli-tercume-nedir-1524x1067.jpg 1524w\" width=\"1000\" height=\"700\"  data-dt-location=\"https:\/\/www.turkishtranslationoffice.com\/tr\/noter-onayli-tercume\/guvenilir-noter-onayli-tercume-nedir\/\" style=\"border-radius:10px;\" alt=\"G\u00fcvenilir noter onayl\u0131 \u00e7eviri\" \/><\/div><\/div><\/div>[\/vc_column_inner][vc_column_inner width=&#8221;1\/2&#8243; css=&#8221;.vc_custom_1596550089277{padding-top: 20px !important;}&#8221;]<div id=\"ultimate-heading-426069f4a90a661a6\" class=\"uvc-heading ult-adjust-bottom-margin ultimate-heading-426069f4a90a661a6 uvc-525 \" data-hspacer=\"no_spacer\"  data-halign=\"left\" style=\"text-align:left\"><div class=\"uvc-heading-spacer no_spacer\" style=\"top\"><\/div><div class=\"uvc-main-heading ult-responsive\"  data-ultimate-target='.uvc-heading.ultimate-heading-426069f4a90a661a6 h2'  data-responsive-json-new='{\"font-size\":\"desktop:24px;\",\"line-height\":\"desktop:34px;\"}' ><h2 style=\"font-weight:bold;margin-bottom:25px;\">G\u00fcvenilir noter onayl\u0131 \u00e7eviri nedir, nas\u0131l yap\u0131l\u0131r?<\/h2><\/div><\/div>[vc_column_text]<span style=\"font-weight: 400;\">E\u011fitim, kariyer, ticari ama\u00e7lar ve yasal gerek\u00e7eler ile talep edilen belgelerin farkl\u0131 bir dilde resmiyet kazanabilmesi i\u00e7in noter onayl\u0131 \u00e7evirmenler taraf\u0131ndan terc\u00fcme edilmesi ve \u00e7evrilen belgenin noter taraf\u0131ndan onaylanmas\u0131 gerekebilmektedir. <\/span><br \/>\n<span style=\"font-weight: 400;\"><br \/>\nTurkish Translation Office olarak, uzun y\u0131llard\u0131r sahip oldu\u011fumuz sekt\u00f6r tecr\u00fcbesiyle m\u00fc\u015fterilerimize hatas\u0131z ve eksiksiz \u00e7eviriler sunuyoruz. \u00c7eviri s\u00fcre\u00e7lerimizin her bir ad\u0131m\u0131nda i\u015fbirli\u011fi yapt\u0131\u011f\u0131m\u0131z \u00fc\u00e7\u00fcnc\u00fc taraflar ile gizlilik s\u00f6zle\u015fmeleri imzalayarak gizlili\u011finizi g\u00fcvence alt\u0131na al\u0131yoruz.<\/span><\/p>\n<ul>\n<li style=\"list-style-type: none;\">\n<ul>\n<li>Noter onayl\u0131 terc\u00fcme talebi ile bize ba\u015fvurdu\u011funuz takdirde \u00f6ncelikle proje y\u00f6neticilerimiz, anla\u015fmal\u0131 noter taraf\u0131ndan yetkilendirilmi\u015f terc\u00fcmanlar\u0131m\u0131z\u0131 g\u00f6revlendiriyor.<\/li>\n<li><span style=\"font-weight: 400;\">\u00c7evirmen taraf\u0131ndan \u0131slak imzal\u0131 ve damgal\u0131 olarak ger\u00e7ekle\u015ftirilen terc\u00fcmeyi olas\u0131 hatalara kar\u015f\u0131 tecr\u00fcbeli dil uzmanlar\u0131m\u0131z arac\u0131l\u0131\u011f\u0131 ile kontrol ediyoruz.<\/span><\/li>\n<li><span style=\"font-weight: 400;\">Masa\u00fcst\u00fc yay\u0131nc\u0131l\u0131k profesyonellerimiz, talep etti\u011finiz resmi evraklar\u0131n \u00e7evirisini hedef dilde orijinal format\u0131nda haz\u0131rl\u0131yor.<\/span><\/li>\n<li><span style=\"font-weight: 400;\">Onaylanmak \u00fczere notere teslim edilecek evraklar\u0131n\u0131z\u0131 sizin ad\u0131n\u0131za \u00fccretsiz olarak haz\u0131rl\u0131yor ve notere iletiyoruz.<\/span><\/li>\n<li><span style=\"font-weight: 400;\">Noter onay\u0131n\u0131n ard\u0131ndan belgelerinizi en h\u0131zl\u0131 \u015fekilde size ula\u015ft\u0131r\u0131yoruz.<\/span><\/li>\n<\/ul>\n<\/li>\n<\/ul>\n<p>[\/vc_column_text][\/vc_column_inner][\/vc_row_inner][\/vc_column][\/vc_row][vc_row equal_height=&#8221;yes&#8221; content_placement=&#8221;top&#8221; bg_type=&#8221;bg_color&#8221; bg_override=&#8221;full&#8221; type=&#8221;vc_default&#8221; margin_top=&#8221;5&#8243; margin_bottom=&#8221;10&#8243; css=&#8221;.vc_custom_1598020798129{padding-top: 30px !important;padding-bottom: 30px !important;}&#8221;][vc_column][vc_row_inner equal_height=&#8221;yes&#8221; content_placement=&#8221;top&#8221;][vc_column_inner width=&#8221;1\/2&#8243; css=&#8221;.vc_custom_1596550716406{padding-top: 10px !important;}&#8221;]<div id=\"ultimate-heading-127869f4a90a661c5\" class=\"uvc-heading ult-adjust-bottom-margin ultimate-heading-127869f4a90a661c5 uvc-5253 \" data-hspacer=\"no_spacer\"  data-halign=\"left\" style=\"text-align:left\"><div class=\"uvc-heading-spacer no_spacer\" style=\"top\"><\/div><div class=\"uvc-main-heading ult-responsive\"  data-ultimate-target='.uvc-heading.ultimate-heading-127869f4a90a661c5 h2'  data-responsive-json-new='{\"font-size\":\"desktop:24px;\",\"line-height\":\"desktop:34px;\"}' ><h2 style=\"font-weight:bold;margin-bottom:25px;\">Noter onayl\u0131 terc\u00fcme hakk\u0131nda \u00f6nemli ipu\u00e7lar\u0131<\/h2><\/div><\/div><div class=\"standard-arrow bullet-top\"><ul>\n<li>Noterler yaln\u0131zca yetkinli\u011fi kendileri taraf\u0131ndan onaylanm\u0131\u015f olan terc\u00fcmanlar taraf\u0131ndan yap\u0131lan \u00e7evirilere onay verir. Bu sebeple herhangi bir \u00e7evirmene yapt\u0131r\u0131lm\u0131\u015f olan terc\u00fcmenizi notere onaylatmam\u0131z m\u00fcmk\u00fcn de\u011fildir.<\/li>\n<li>Noter taraf\u0131ndan talep edilen tasdik \u00fccretinin terc\u00fcme b\u00fcromuz ya da \u00e7eviri \u00fccretleri ile bir ili\u015fkisi yoktur.<\/li>\n<li>\u00c7evirisini yapt\u0131\u011f\u0131m\u0131z evraklar\u0131n\u0131z\u0131 noter onay\u0131na \u00fccretsiz \u015fekilde haz\u0131rl\u0131yoruz ve notere iletiyoruz.<\/li>\n<li>Noter taraf\u0131ndan tasdiklenen evraklar\u0131n\u0131z\u0131 teslim alarak belirtti\u011finiz adrese kargoluyoruz.<\/li>\n<\/ul>\n<\/div>[\/vc_column_inner][vc_column_inner width=&#8221;1\/2&#8243;]<style type=\"text\/css\" data-type=\"the7_shortcodes-inline-css\">.shortcode-single-image-wrap.shortcode-single-image-7cb93d6d0812dbce9b74ed5f0b43de9d.enable-bg-rollover .rollover i,\n.shortcode-single-image-wrap.shortcode-single-image-7cb93d6d0812dbce9b74ed5f0b43de9d.enable-bg-rollover .rollover-video i {\n  background: ;\n  background: -webkit-linear-gradient();\n  background: linear-gradient();\n}\n.shortcode-single-image-wrap.shortcode-single-image-7cb93d6d0812dbce9b74ed5f0b43de9d .rollover-icon {\n  font-size: 32px;\n  color: #ffffff;\n  min-width: 44px;\n  min-height: 44px;\n  line-height: 44px;\n  border-radius: 100px;\n  border-style: solid;\n  border-width: 0px;\n}\n.dt-icon-bg-on.shortcode-single-image-wrap.shortcode-single-image-7cb93d6d0812dbce9b74ed5f0b43de9d .rollover-icon {\n  background: rgba(255,255,255,0.3);\n  box-shadow: none;\n}\n<\/style><div class=\"shortcode-single-image-wrap shortcode-single-image-7cb93d6d0812dbce9b74ed5f0b43de9d alignnone  enable-bg-rollover dt-icon-bg-off\" style=\"margin-top:0px; margin-bottom:0px; margin-left:0px; margin-right:0px; width:1000px;\"><div class=\"shortcode-single-image\"><div class=\"fancy-media-wrap  layzr-bg\" style=\"border-radius:10px;\"><img loading=\"lazy\" decoding=\"async\" class=\"preload-me lazy-load\" src=\"data:image\/svg+xml,%3Csvg%20xmlns%3D&#39;http%3A%2F%2Fwww.w3.org%2F2000%2Fsvg&#39;%20viewBox%3D&#39;0%200%201000%20700&#39;%2F%3E\" data-src=\"https:\/\/www.turkishtranslationoffice.com\/tr\/wp-content\/uploads\/sites\/1\/2020\/08\/noter-onayli-tercume-ipuclari-1000x700.jpg\" data-srcset=\"https:\/\/www.turkishtranslationoffice.com\/tr\/wp-content\/uploads\/sites\/1\/2020\/08\/noter-onayli-tercume-ipuclari-1000x700.jpg 1000w, https:\/\/www.turkishtranslationoffice.com\/tr\/wp-content\/uploads\/sites\/1\/2020\/08\/noter-onayli-tercume-ipuclari-1524x1067.jpg 1524w\" width=\"1000\" height=\"700\"  data-dt-location=\"https:\/\/www.turkishtranslationoffice.com\/tr\/noter-onayli-tercume\/noter-onayli-tercume-ipuclari\/\" style=\"border-radius:10px;\" alt=\"yetkinli\u011fi kendileri taraf\u0131ndan onaylanm\u0131\u015f olan terc\u00fcmanlar\" \/><\/div><\/div><\/div>[\/vc_column_inner][\/vc_row_inner][\/vc_column][\/vc_row][vc_row content_placement=&#8221;middle&#8221; bg_type=&#8221;grad&#8221; bg_override=&#8221;ex-full&#8221; bg_grad=&#8221;background: -webkit-gradient(linear, left top, left bottom, color-stop(0%, #365088), color-stop(100%, #EA524D));background: -moz-linear-gradient(135deg,#365088 0%,#EA524D 100%);background: -webkit-linear-gradient(135deg,#365088 0%,#EA524D 100%);background: -o-linear-gradient(135deg,#365088 0%,#EA524D 100%);background: -ms-linear-gradient(135deg,#365088 0%,#EA524D 100%);background: linear-gradient(135deg,#365088 0%,#EA524D 100%);&#8221;][vc_column width=&#8221;2\/3&#8243;][vc_column_text]<strong style=\"color: #ffffff; font-size: 24px;\">Noter onayl\u0131 evrak terc\u00fcmesinde h\u0131zl\u0131, g\u00fcvenilir ve uygun fiyatl\u0131 \u00e7eviri hizmeti i\u00e7in hemen \u00fccretsiz teklif al\u0131n!<\/strong>[\/vc_column_text][\/vc_column][vc_column width=&#8221;1\/3&#8243;][vc_btn title=&#8221;Teklif Al&#8221; color=&#8221;warning&#8221; size=&#8221;lg&#8221; align=&#8221;right&#8221; link=&#8221;url:%2Ftr%2Fteklif-alin%2F|||&#8221;][\/vc_column][\/vc_row][vc_row equal_height=&#8221;yes&#8221; content_placement=&#8221;top&#8221; bg_type=&#8221;bg_color&#8221; bg_override=&#8221;ex-full&#8221; type=&#8221;vc_default&#8221; margin_top=&#8221;5&#8243; margin_bottom=&#8221;10&#8243; css=&#8221;.vc_custom_1596636425678{padding-top: 30px !important;padding-bottom: 50px !important;}&#8221; bg_color_value=&#8221;#f4f4f4&#8243;][vc_column css=&#8221;.vc_custom_1491746299333{padding-bottom: 0px !important;}&#8221;][vc_row_inner equal_height=&#8221;yes&#8221; content_placement=&#8221;top&#8221;][vc_column_inner width=&#8221;1\/2&#8243;]<style type=\"text\/css\" data-type=\"the7_shortcodes-inline-css\">.shortcode-single-image-wrap.shortcode-single-image-b12a21932e2282e79b60d65a3d2a3eae.enable-bg-rollover .rollover i,\n.shortcode-single-image-wrap.shortcode-single-image-b12a21932e2282e79b60d65a3d2a3eae.enable-bg-rollover .rollover-video i {\n  background: ;\n  background: -webkit-linear-gradient();\n  background: linear-gradient();\n}\n.shortcode-single-image-wrap.shortcode-single-image-b12a21932e2282e79b60d65a3d2a3eae .rollover-icon {\n  font-size: 32px;\n  color: #ffffff;\n  min-width: 44px;\n  min-height: 44px;\n  line-height: 44px;\n  border-radius: 100px;\n  border-style: solid;\n  border-width: 0px;\n}\n.dt-icon-bg-on.shortcode-single-image-wrap.shortcode-single-image-b12a21932e2282e79b60d65a3d2a3eae .rollover-icon {\n  background: rgba(255,255,255,0.3);\n  box-shadow: none;\n}\n<\/style><div class=\"shortcode-single-image-wrap shortcode-single-image-b12a21932e2282e79b60d65a3d2a3eae alignnone  enable-bg-rollover dt-icon-bg-off\" style=\"margin-top:0px; margin-bottom:0px; margin-left:0px; margin-right:0px; width:1000px;\"><div class=\"shortcode-single-image\"><div class=\"fancy-media-wrap  layzr-bg\" style=\"border-radius:10px;\"><img loading=\"lazy\" decoding=\"async\" class=\"preload-me lazy-load\" src=\"data:image\/svg+xml,%3Csvg%20xmlns%3D&#39;http%3A%2F%2Fwww.w3.org%2F2000%2Fsvg&#39;%20viewBox%3D&#39;0%200%201000%20700&#39;%2F%3E\" data-src=\"https:\/\/www.turkishtranslationoffice.com\/tr\/wp-content\/uploads\/sites\/1\/2020\/08\/hangi-durumlarda-noter-onayi-1000x700.jpg\" data-srcset=\"https:\/\/www.turkishtranslationoffice.com\/tr\/wp-content\/uploads\/sites\/1\/2020\/08\/hangi-durumlarda-noter-onayi-1000x700.jpg 1000w, https:\/\/www.turkishtranslationoffice.com\/tr\/wp-content\/uploads\/sites\/1\/2020\/08\/hangi-durumlarda-noter-onayi-1424x997.jpg 1424w\" width=\"1000\" height=\"700\"  data-dt-location=\"https:\/\/www.turkishtranslationoffice.com\/tr\/noter-onayli-tercume\/hangi-durumlarda-noter-onayi\/\" style=\"border-radius:10px;\" alt=\"noter onayl\u0131 terc\u00fcme\" \/><\/div><\/div><\/div>[\/vc_column_inner][vc_column_inner width=&#8221;1\/2&#8243; css=&#8221;.vc_custom_1596550089277{padding-top: 20px !important;}&#8221;]<div id=\"ultimate-heading-743869f4a90a66812\" class=\"uvc-heading ult-adjust-bottom-margin ultimate-heading-743869f4a90a66812 uvc-3557 \" data-hspacer=\"no_spacer\"  data-halign=\"left\" style=\"text-align:left\"><div class=\"uvc-heading-spacer no_spacer\" style=\"top\"><\/div><div class=\"uvc-main-heading ult-responsive\"  data-ultimate-target='.uvc-heading.ultimate-heading-743869f4a90a66812 h2'  data-responsive-json-new='{\"font-size\":\"desktop:24px;\",\"line-height\":\"desktop:34px;\"}' ><h2 style=\"font-weight:bold;margin-bottom:25px;\">Hangi durumlarda noter onayl\u0131 terc\u00fcme talep edilir?<\/h2><\/div><\/div><div class=\"standard-arrow bullet-top\"><ul>\n<li><span style=\"font-weight: 400;\">N\u00fcfus c\u00fczdan\u0131 ve kimlik belgelerinizin yabanc\u0131 dile terc\u00fcmesinde<\/span><\/li>\n<li><span style=\"font-weight: 400;\">Ehliyetlerin \u00e7evirisinde<\/span><\/li>\n<li><span style=\"font-weight: 400;\">Vekaletname ve i\u015f s\u00f6zle\u015fmelerinin yabanc\u0131 dile \u00e7evrilmesinde<\/span><\/li>\n<li><span style=\"font-weight: 400;\">Diploma ve transkriptlerin terc\u00fcmesinde<\/span><\/li>\n<li><span style=\"font-weight: 400;\">Mahkeme ve dava belgelerinizin yabanc\u0131 dile \u00e7evirisinde<\/span><\/li>\n<li><span style=\"font-weight: 400;\">\u015eirket evraklar\u0131 ve uluslararas\u0131 ticari evraklar\u0131n\u0131z\u0131n \u00e7evirisinde<\/span><\/li>\n<li><span style=\"font-weight: 400;\">Sigorta ve ekspertiz belgelerinin yabanc\u0131 dile \u00e7evrilmesinde<\/span><\/li>\n<\/ul>\n<\/div>[\/vc_column_inner][\/vc_row_inner][\/vc_column][\/vc_row]<\/p>\n","protected":false},"excerpt":{"rendered":"<p>[vc_row equal_height=&#8221;yes&#8221; content_placement=&#8221;top&#8221; bg_type=&#8221;image&#8221; parallax_style=&#8221;vcpb-default&#8221; bg_image_new=&#8221;id^3237|url^https:\/\/www.turkishtranslationoffice.com\/tr\/wp-content\/uploads\/2020\/08\/noter-onayli-tercume.jpg|caption^null|alt^null|title^noter-onayli-tercume|description^null&#8221; bg_image_repeat=&#8221;no-repeat&#8221; bg_override=&#8221;ex-full&#8221; type=&#8221;vc_default&#8221; margin_top=&#8221;5&#8243; margin_bottom=&#8221;10&#8243; css=&#8221;.vc_custom_1629972678462{padding-top: 2% !important;padding-bottom: 2% !important;}&#8221;][vc_column width=&#8221;1\/2&#8243;][vc_column_text] Anla\u015fmal\u0131 noterlerimiz ile sundu\u011fumuz t\u00fcm dillerde noter onayl\u0131 terc\u00fcme hizmetlerimizden yararlanmak i\u00e7in bize ula\u015fabilirsiniz. Profesyonel \u00e7eviride y\u0131llar\u0131n tecr\u00fcbesi, 2500\u2019\u00fcn \u00fczerinde terc\u00fcman a\u011f\u0131m\u0131z ve kaliteli hizmetlerimizle yan\u0131n\u0131zday\u0131z.[\/vc_column_text][vc_row_inner equal_height=&#8221;yes&#8221; content_placement=&#8221;top&#8221;][vc_column_inner css=&#8221;.vc_custom_1644308215342{padding-top: 20px !important;padding-bottom: 32px !important;}&#8221;][\/vc_column_inner][\/vc_row_inner][\/vc_column][vc_column width=&#8221;1\/2&#8243;][\/vc_column][\/vc_row][vc_row equal_height=&#8221;yes&#8221; content_placement=&#8221;top&#8221; bg_type=&#8221;image&#8221; parallax_style=&#8221;vcpb-default&#8221;&hellip;<\/p>\n","protected":false},"author":1,"featured_media":0,"parent":0,"menu_order":10,"comment_status":"closed","ping_status":"closed","template":"","meta":{"footnotes":""},"aioseo_notices":[],"_links":{"self":[{"href":"https:\/\/www.turkishtranslationoffice.com\/tr\/wp-json\/wp\/v2\/pages\/2570"}],"collection":[{"href":"https:\/\/www.turkishtranslationoffice.com\/tr\/wp-json\/wp\/v2\/pages"}],"about":[{"href":"https:\/\/www.turkishtranslationoffice.com\/tr\/wp-json\/wp\/v2\/types\/page"}],"author":[{"embeddable":true,"href":"https:\/\/www.turkishtranslationoffice.com\/tr\/wp-json\/wp\/v2\/users\/1"}],"replies":[{"embeddable":true,"href":"https:\/\/www.turkishtranslationoffice.com\/tr\/wp-json\/wp\/v2\/comments?post=2570"}],"version-history":[{"count":2,"href":"https:\/\/www.turkishtranslationoffice.com\/tr\/wp-json\/wp\/v2\/pages\/2570\/revisions"}],"predecessor-version":[{"id":5687,"href":"https:\/\/www.turkishtranslationoffice.com\/tr\/wp-json\/wp\/v2\/pages\/2570\/revisions\/5687"}],"wp:attachment":[{"href":"https:\/\/www.turkishtranslationoffice.com\/tr\/wp-json\/wp\/v2\/media?parent=2570"}],"curies":[{"name":"wp","href":"https:\/\/api.w.org\/{rel}","templated":true}]}}