{"id":2583,"date":"2020-08-07T17:53:59","date_gmt":"2020-08-07T14:53:59","guid":{"rendered":"https:\/\/www.turkishtranslationoffice.com\/tr\/ticari-tercume-copy\/"},"modified":"2022-02-08T10:56:27","modified_gmt":"2022-02-08T07:56:27","slug":"e-posta-tercumesi","status":"publish","type":"page","link":"https:\/\/www.turkishtranslationoffice.com\/tr\/e-posta-tercumesi\/","title":{"rendered":"E-posta Terc\u00fcmesi"},"content":{"rendered":"<p>[vc_row equal_height=&#8221;yes&#8221; content_placement=&#8221;top&#8221; bg_type=&#8221;image&#8221; parallax_style=&#8221;vcpb-default&#8221; bg_image_new=&#8221;id^3405|url^https:\/\/www.turkishtranslationoffice.com\/tr\/wp-content\/uploads\/2020\/08\/e-mail-tercumesi.jpg|caption^null|alt^null|title^e-mail-tercumesi|description^null&#8221; bg_image_repeat=&#8221;no-repeat&#8221; bg_override=&#8221;ex-full&#8221; type=&#8221;vc_default&#8221; margin_top=&#8221;5&#8243; margin_bottom=&#8221;10&#8243; css=&#8221;.vc_custom_1629972731866{padding-top: 2% !important;padding-bottom: 2% !important;}&#8221;][vc_column width=&#8221;1\/2&#8243;]<div id=\"ultimate-heading-96456a084b1c8ff0c\" class=\"uvc-heading ult-adjust-bottom-margin ultimate-heading-96456a084b1c8ff0c uvc-8817 \" data-hspacer=\"no_spacer\"  data-halign=\"left\" style=\"text-align:left\"><div class=\"uvc-heading-spacer no_spacer\" style=\"top\"><\/div><div class=\"uvc-main-heading ult-responsive\"  data-ultimate-target='.uvc-heading.ultimate-heading-96456a084b1c8ff0c h1'  data-responsive-json-new='{\"font-size\":\"desktop:28px;\",\"line-height\":\"desktop:34px;\"}' ><h1 style=\"font-weight:bold;margin-bottom:25px;\">E-mail terc\u00fcmesi<\/h1><\/div><\/div>[vc_column_text]<\/p>\n<p style=\"text-align: left;\"><span style=\"font-weight: 400; font-size: 18px;\">E-posta \u00e7eviri hizmetlerimizle daima yan\u0131n\u0131zday\u0131z!<\/span><\/p>\n<p><span style=\"font-weight: 400; font-size: 18px;\">Hedef dili bilmedi\u011finiz i\u00e7in d\u00fcnyaya a\u00e7\u0131lma f\u0131rsat\u0131n\u0131 kaybetmeyin. Farkl\u0131 dillerde yurt d\u0131\u015f\u0131yla y\u00fcr\u00fctece\u011finiz her t\u00fcrl\u00fc ileti\u015fim ve yaz\u0131\u015fma i\u00e7in e-posta terc\u00fcmesi hizmetimizden yararlan\u0131n, \u00fccretsiz teklifinizi almak i\u00e7in bizimle ileti\u015fime ge\u00e7in.<\/span>[\/vc_column_text][vc_row_inner equal_height=&#8221;yes&#8221; content_placement=&#8221;top&#8221;][vc_column_inner css=&#8221;.vc_custom_1644306971966{padding-top: 20px !important;padding-bottom: 32px !important;}&#8221;]<style type=\"text\/css\" data-type=\"the7_shortcodes-inline-css\">#default-btn-9f54f7104db11e85c608c6963f8c7560.ico-right-side > i {\n  margin-right: 0px;\n  margin-left: 8px;\n}\n#default-btn-9f54f7104db11e85c608c6963f8c7560 > i {\n  margin-right: 8px;\n}\n#default-btn-9f54f7104db11e85c608c6963f8c7560 * {\n  vertical-align: middle;\n}\n<\/style><a href=\"\/tr\/teklif-alin\/\" class=\"default-btn-shortcode dt-btn dt-btn-l link-hover-off button-tto-grey btn-inline-left  vc_custom_1600265947610\" id=\"default-btn-9f54f7104db11e85c608c6963f8c7560\" style=\"width:225px;\"><span>\u00dccretsiz Teklif Al\u0131n<\/span><\/a><style type=\"text\/css\" data-type=\"the7_shortcodes-inline-css\">#default-btn-a6a2c0481db75f4df05d49c812a4f634.ico-right-side > i {\n  margin-right: 0px;\n  margin-left: 8px;\n}\n#default-btn-a6a2c0481db75f4df05d49c812a4f634 > i {\n  margin-right: 8px;\n}\n#default-btn-a6a2c0481db75f4df05d49c812a4f634 * {\n  vertical-align: middle;\n}\n<\/style><a href=\"\/tr\/iletisim\/\" class=\"default-btn-shortcode dt-btn dt-btn-l link-hover-off button-tto-red btn-inline-left  vc_custom_1600265956412\" id=\"default-btn-a6a2c0481db75f4df05d49c812a4f634\" style=\"width:225px;\"><span>Bize Ula\u015f\u0131n<\/span><\/a>[\/vc_column_inner][\/vc_row_inner][\/vc_column][vc_column width=&#8221;1\/2&#8243;][\/vc_column][\/vc_row][vc_row bg_type=&#8221;image&#8221; bg_override=&#8221;full&#8221; css=&#8221;.vc_custom_1596535087001{background-image: url(https:\/\/www.turkishtranslationoffice.com\/tr\/wp-content\/uploads\/2020\/08\/uyari.jpg?id=2304) !important;}&#8221;][vc_column]<div class=\"smile_icon_list_wrap ult_info_list_container ult-adjust-bottom-margin   vc_custom_1596535225225\"><ul class=\"smile_icon_list top circle with_bg\"><li class=\"icon_list_item\" style=\" font-size:96px;\"><div class=\"icon_list_icon\" data-animation=\"\" data-animation-delay=\"03\" style=\"font-size:32px;border-width:1px;border-style:none;background:#ffffff;color:#d44133;border-color:#333333;\"><i class=\"fas fa-lock\" ><\/i><\/div><div class=\"icon_description\" id=\"Info-list-wrap-6723\" style=\"font-size:32px;\"><h3 class=\"ult-responsive info-list-heading\"  data-ultimate-target='#Info-list-wrap-6723 h3'  data-responsive-json-new='{\"font-size\":\"desktop:16px;\",\"line-height\":\"desktop:24px;\"}'  style=\"font-weight:bold;color:#ffffff;\">%100 Gizlilik<\/h3><div class=\"icon_description_text ult-responsive\"  data-ultimate-target='#Info-list-wrap-6723 .icon_description_text'  data-responsive-json-new='{\"font-size\":\"desktop:13px;\",\"line-height\":\"desktop:18px;\"}'  style=\"color:#ffffff;\"><p><span style=\"font-weight: 400;\">\u0130\u015fbirli\u011fi kurdu\u011fumuz \u00fc\u00e7\u00fcnc\u00fc taraflarla<br \/>\ngizlilik anla\u015fmalar\u0131 imzal\u0131yoruz. <\/span><\/p>\n<\/div><\/div><div class=\"icon_list_connector\" data-animation=\"fadeInLeft\" data-animation-delay=\"03\" style=\"border: none !important;\"><\/div><\/li><li class=\"icon_list_item\" style=\" font-size:96px;\"><div class=\"icon_list_icon\" data-animation=\"\" data-animation-delay=\"03\" style=\"font-size:32px;border-width:1px;border-style:none;background:#ffffff;color:#d44133;border-color:#333333;\"><i class=\"fas fa-comments\" ><\/i><\/div><div class=\"icon_description\" id=\"Info-list-wrap-1261\" style=\"font-size:32px;\"><h3 class=\"ult-responsive info-list-heading\"  data-ultimate-target='#Info-list-wrap-1261 h3'  data-responsive-json-new='{\"font-size\":\"desktop:16px;\",\"line-height\":\"desktop:24px;\"}'  style=\"font-weight:bold;color:#ffffff;\">7\/24 \u00c7eviri<\/h3><div class=\"icon_description_text ult-responsive\"  data-ultimate-target='#Info-list-wrap-1261 .icon_description_text'  data-responsive-json-new='{\"font-size\":\"desktop:13px;\",\"line-height\":\"desktop:18px;\"}'  style=\"color:#ffffff;\"><p><span style=\"font-weight: 400;\">Belgelerinizi \u00e7evirmek i\u00e7in bize 7 g\u00fcn 24 saat<br \/>\nbeklemeden ula\u015fabilirsiniz.<\/span><\/p>\n<\/div><\/div><div class=\"icon_list_connector\" data-animation=\"fadeInLeft\" data-animation-delay=\"03\" style=\"border: none !important;\"><\/div><\/li><li class=\"icon_list_item\" style=\" font-size:96px;\"><div class=\"icon_list_icon\" data-animation=\"\" data-animation-delay=\"03\" style=\"font-size:32px;border-width:1px;border-style:none;background:#ffffff;color:#d44133;border-color:#333333;\"><i class=\"fas fa-thumbs-up\" ><\/i><\/div><div class=\"icon_description\" id=\"Info-list-wrap-5617\" style=\"font-size:32px;\"><h3 class=\"ult-responsive info-list-heading\"  data-ultimate-target='#Info-list-wrap-5617 h3'  data-responsive-json-new='{\"font-size\":\"desktop:16px;\",\"line-height\":\"desktop:24px;\"}'  style=\"font-weight:bold;color:#ffffff;\">Prestij<\/h3><div class=\"icon_description_text ult-responsive\"  data-ultimate-target='#Info-list-wrap-5617 .icon_description_text'  data-responsive-json-new='{\"font-size\":\"desktop:13px;\",\"line-height\":\"desktop:18px;\"}'  style=\"color:#ffffff;\"><p><span style=\"font-weight: 400;\">M\u00fc\u015fterilerinizle daha iyi ileti\u015fim ve uzun vadeli ili\u015fkiler<br \/>\nkurman\u0131za yard\u0131mc\u0131 oluyoruz.<\/span><\/p>\n<\/div><\/div><div class=\"icon_list_connector\" data-animation=\"fadeInLeft\" data-animation-delay=\"03\" style=\"border: none !important;\"><\/div><\/li><\/ul><\/div>[\/vc_column][\/vc_row][vc_row equal_height=&#8221;yes&#8221; content_placement=&#8221;top&#8221; bg_type=&#8221;image&#8221; parallax_style=&#8221;vcpb-hz-jquery&#8221; bg_image_new=&#8221;id^1611|url^https:\/\/www.turkishtranslationoffice.com\/tr\/wp-content\/uploads\/2016\/02\/bg-mem.png|caption^null|alt^null|title^bg-mem|description^null&#8221; bg_override=&#8221;ex-full&#8221; type=&#8221;vc_default&#8221; margin_top=&#8221;5&#8243; margin_bottom=&#8221;10&#8243; css=&#8221;.vc_custom_1598026302847{padding-top: 30px !important;padding-bottom: 50px !important;background-color: #f4f4f4 !important;}&#8221;][vc_column css=&#8221;.vc_custom_1491746299333{padding-bottom: 0px !important;}&#8221;][vc_row_inner equal_height=&#8221;yes&#8221; content_placement=&#8221;top&#8221;][vc_column_inner width=&#8221;1\/2&#8243; css=&#8221;.vc_custom_1596550089277{padding-top: 20px !important;}&#8221;]<div id=\"ultimate-heading-87716a084b1c90191\" class=\"uvc-heading ult-adjust-bottom-margin ultimate-heading-87716a084b1c90191 uvc-8659 \" data-hspacer=\"no_spacer\"  data-halign=\"left\" style=\"text-align:left\"><div class=\"uvc-heading-spacer no_spacer\" style=\"top\"><\/div><div class=\"uvc-main-heading ult-responsive\"  data-ultimate-target='.uvc-heading.ultimate-heading-87716a084b1c90191 h2'  data-responsive-json-new='{\"font-size\":\"desktop:24px;\",\"line-height\":\"desktop:34px;\"}' ><h2 style=\"font-weight:bold;margin-bottom:25px;\">E-posta \u00e7evirisine ne zaman ihtiya\u00e7 duyars\u0131n\u0131z?<\/h2><\/div><\/div><div class=\"standard-arrow bullet-top\"><ul>\n<li><span style=\"font-weight: 400;\">D\u00fcnya pazar\u0131na a\u00e7\u0131lmak m\u0131 istiyorsunuz? Tedarik\u00e7ileriniz, personeliniz ve m\u00fc\u015fterilerinizle kendi dillerinde, etkili ileti\u015fim kurmal\u0131s\u0131n\u0131z.<\/span><\/li>\n<li><span style=\"font-weight: 400;\">Akademik \u00e7al\u0131\u015fmalar\u0131n\u0131za yabanc\u0131 bir kurumda s\u00fcrd\u00fcrmek ya da i\u015fbirli\u011fi yapmak m\u0131 istiyorsunuz? Yaz\u0131\u015fmalar\u0131n\u0131z\u0131 hedef dilde ger\u00e7ekle\u015ftirmelisiniz.<\/span><\/li>\n<li><span style=\"font-weight: 400;\">Fikrinize, \u00fcr\u00fcn veya hizmetlerinize yat\u0131r\u0131mc\u0131 ar\u0131yorsan\u0131z i\u015finizin pazarlamas\u0131n\u0131 yat\u0131r\u0131mc\u0131lar\u0131n dilinde ger\u00e7ekle\u015ftirmelisiniz.<\/span><\/li>\n<li><span style=\"font-weight: 400;\">Yurtd\u0131\u015f\u0131nda bir i\u015fe girmek istiyorsan\u0131z, i\u015f ba\u015fvurunuzdan itibaren t\u00fcm yaz\u0131\u015fmalar\u0131n\u0131z\u0131 \u015firketin dilinde yapmal\u0131s\u0131n\u0131z.<\/span><\/li>\n<li><span style=\"font-weight: 400;\">Yabanc\u0131 dil bilginiz temel d\u00fczeyde yeterli olsa bile i\u015finizi y\u00fcr\u00fctmek i\u00e7in sekt\u00f6rel terminolojiye sahip olmal\u0131s\u0131n\u0131z.<\/span><\/li>\n<li><span style=\"font-weight: 400;\">Dijital pazarlama faaliyetlerinizin bir par\u00e7as\u0131 olarak e-posta pazarlamas\u0131nda takip\u00e7i ve m\u00fc\u015fterilerinize onlar\u0131n dilinden ula\u015fmal\u0131s\u0131n\u0131z.<\/span><\/li>\n<\/ul>\n<\/div>[\/vc_column_inner][vc_column_inner width=&#8221;1\/2&#8243;][vc_column_text css=&#8221;.vc_custom_1644306983611{padding-top: 80px !important;}&#8221;]<span style=\"font-weight: 400;\">Hangi durumda olursan\u0131z olun, i\u015flerinizi s\u00fcrd\u00fcrmeniz i\u00e7in t\u00fcm e-posta yaz\u0131\u015fmalar\u0131n\u0131 \u00e7evirmek \u00fczere sizin i\u00e7in buraday\u0131z!<\/span><\/p>\n<p>K\u00fcresel d\u00fcnyada i\u015f d\u00fcnyas\u0131ndaki ve e\u011fitim alan\u0131ndaki s\u0131n\u0131rs\u0131z olanaklardan mahrum kalmay\u0131n. Yapman\u0131z gereken tek \u015fey ileti\u015fimi ba\u015flatarak mesaj\u0131n\u0131z\u0131 hedef kitlenizin anlayaca\u011f\u0131 \u015fekilde iletmek! \u0130leti\u015fimin organik bir etkile\u015fim oldu\u011funa inan\u0131yoruz ve tam mesaj\u0131n\u0131z\u0131 do\u011fru \u00e7eviri arac\u0131l\u0131\u011f\u0131yla hedef kitlenize iletiyoruz.[\/vc_column_text][\/vc_column_inner][\/vc_row_inner][\/vc_column][\/vc_row][vc_row content_placement=&#8221;middle&#8221; bg_type=&#8221;grad&#8221; bg_override=&#8221;ex-full&#8221; bg_grad=&#8221;background: -webkit-gradient(linear, left top, left bottom, color-stop(0%, #365088), color-stop(100%, #EA524D));background: -moz-linear-gradient(135deg,#365088 0%,#EA524D 100%);background: -webkit-linear-gradient(135deg,#365088 0%,#EA524D 100%);background: -o-linear-gradient(135deg,#365088 0%,#EA524D 100%);background: -ms-linear-gradient(135deg,#365088 0%,#EA524D 100%);background: linear-gradient(135deg,#365088 0%,#EA524D 100%);&#8221;][vc_column width=&#8221;2\/3&#8243;][vc_column_text]<strong style=\"color: #ffffff; font-size: 24px;\">Uygun fiyatl\u0131 ve kaliteli e-posta \u00e7evirisi hizmetlerimizden yararlanmak \u00fczere \u00fccretsiz fiyat teklifi almak i\u00e7in hemen bizimle ileti\u015fime ge\u00e7in!<\/strong>[\/vc_column_text][\/vc_column][vc_column width=&#8221;1\/3&#8243;][vc_btn title=&#8221;Teklif Al&#8221; color=&#8221;warning&#8221; size=&#8221;lg&#8221; align=&#8221;right&#8221; link=&#8221;url:%2Ftr%2Fteklif-alin%2F|||&#8221;][\/vc_column][\/vc_row]<\/p>\n","protected":false},"excerpt":{"rendered":"<p>[vc_row equal_height=&#8221;yes&#8221; content_placement=&#8221;top&#8221; bg_type=&#8221;image&#8221; parallax_style=&#8221;vcpb-default&#8221; bg_image_new=&#8221;id^3405|url^https:\/\/www.turkishtranslationoffice.com\/tr\/wp-content\/uploads\/2020\/08\/e-mail-tercumesi.jpg|caption^null|alt^null|title^e-mail-tercumesi|description^null&#8221; bg_image_repeat=&#8221;no-repeat&#8221; bg_override=&#8221;ex-full&#8221; type=&#8221;vc_default&#8221; margin_top=&#8221;5&#8243; margin_bottom=&#8221;10&#8243; css=&#8221;.vc_custom_1629972731866{padding-top: 2% !important;padding-bottom: 2% !important;}&#8221;][vc_column width=&#8221;1\/2&#8243;][vc_column_text] E-posta \u00e7eviri hizmetlerimizle daima yan\u0131n\u0131zday\u0131z! Hedef dili bilmedi\u011finiz i\u00e7in d\u00fcnyaya a\u00e7\u0131lma f\u0131rsat\u0131n\u0131 kaybetmeyin. Farkl\u0131 dillerde yurt d\u0131\u015f\u0131yla y\u00fcr\u00fctece\u011finiz her t\u00fcrl\u00fc ileti\u015fim ve yaz\u0131\u015fma i\u00e7in e-posta terc\u00fcmesi hizmetimizden yararlan\u0131n, \u00fccretsiz teklifinizi almak i\u00e7in bizimle ileti\u015fime ge\u00e7in.[\/vc_column_text][vc_row_inner equal_height=&#8221;yes&#8221; content_placement=&#8221;top&#8221;][vc_column_inner css=&#8221;.vc_custom_1644306971966{padding-top:&hellip;<\/p>\n","protected":false},"author":1,"featured_media":0,"parent":0,"menu_order":10,"comment_status":"closed","ping_status":"closed","template":"","meta":[],"class_list":["post-2583","page","type-page","status-publish","hentry","description-off"],"aioseo_notices":[],"_links":{"self":[{"href":"https:\/\/www.turkishtranslationoffice.com\/tr\/wp-json\/wp\/v2\/pages\/2583","targetHints":{"allow":["GET"]}}],"collection":[{"href":"https:\/\/www.turkishtranslationoffice.com\/tr\/wp-json\/wp\/v2\/pages"}],"about":[{"href":"https:\/\/www.turkishtranslationoffice.com\/tr\/wp-json\/wp\/v2\/types\/page"}],"author":[{"embeddable":true,"href":"https:\/\/www.turkishtranslationoffice.com\/tr\/wp-json\/wp\/v2\/users\/1"}],"replies":[{"embeddable":true,"href":"https:\/\/www.turkishtranslationoffice.com\/tr\/wp-json\/wp\/v2\/comments?post=2583"}],"version-history":[{"count":2,"href":"https:\/\/www.turkishtranslationoffice.com\/tr\/wp-json\/wp\/v2\/pages\/2583\/revisions"}],"predecessor-version":[{"id":5640,"href":"https:\/\/www.turkishtranslationoffice.com\/tr\/wp-json\/wp\/v2\/pages\/2583\/revisions\/5640"}],"wp:attachment":[{"href":"https:\/\/www.turkishtranslationoffice.com\/tr\/wp-json\/wp\/v2\/media?parent=2583"}],"curies":[{"name":"wp","href":"https:\/\/api.w.org\/{rel}","templated":true}]}}