{"id":2612,"date":"2020-08-10T11:20:57","date_gmt":"2020-08-10T08:20:57","guid":{"rendered":"https:\/\/www.turkishtranslationoffice.com\/tr\/edebi-tercume-copy\/"},"modified":"2022-02-08T10:46:01","modified_gmt":"2022-02-08T07:46:01","slug":"ardil-tercume","status":"publish","type":"page","link":"https:\/\/www.turkishtranslationoffice.com\/tr\/ardil-tercume\/","title":{"rendered":"Ard\u0131l Terc\u00fcme"},"content":{"rendered":"<p>[vc_row equal_height=&#8221;yes&#8221; content_placement=&#8221;top&#8221; bg_type=&#8221;image&#8221; parallax_style=&#8221;vcpb-default&#8221; bg_image_new=&#8221;id^3295|url^https:\/\/www.turkishtranslationoffice.com\/tr\/wp-content\/uploads\/2020\/08\/ardil-tercume.jpg|caption^null|alt^null|title^ardil-tercume|description^null&#8221; bg_image_repeat=&#8221;no-repeat&#8221; bg_override=&#8221;ex-full&#8221; type=&#8221;vc_default&#8221; margin_top=&#8221;5&#8243; margin_bottom=&#8221;10&#8243; css=&#8221;.vc_custom_1629973299997{padding-top: 2% !important;padding-bottom: 2% !important;}&#8221;][vc_column width=&#8221;1\/2&#8243;]<div id=\"ultimate-heading-306969f275c5572b7\" class=\"uvc-heading ult-adjust-bottom-margin ultimate-heading-306969f275c5572b7 uvc-7228 \" data-hspacer=\"no_spacer\"  data-halign=\"left\" style=\"text-align:left\"><div class=\"uvc-heading-spacer no_spacer\" style=\"top\"><\/div><div class=\"uvc-main-heading ult-responsive\"  data-ultimate-target='.uvc-heading.ultimate-heading-306969f275c5572b7 h1'  data-responsive-json-new='{\"font-size\":\"desktop:28px;\",\"line-height\":\"desktop:34px;\"}' ><h1 style=\"font-weight:bold;margin-bottom:25px;\">Ard\u0131l Terc\u00fcme \u00c7\u00f6z\u00fcmleri<\/h1><\/div><\/div>[vc_column_text]<\/p>\n<p style=\"text-align: left;\"><span style=\"font-weight: 400; font-size: 18px;\">Toplant\u0131lar\u0131n\u0131z ya da etkinli\u011finizde yabanc\u0131 misafiriniz mi var? Herhangi bir ekipman gerektirmeyen ard\u0131l \u00e7eviri hizmetlerimizle yan\u0131n\u0131zday\u0131z. E\u011fitimli ve sekt\u00f6r\u00fcn\u00fczde tecr\u00fcbeli konferans \u00e7evirmenlerimiz ile profesyonel ard\u0131l terc\u00fcme hizmetleri sunuyoruz.<\/span><\/p>\n<p>[\/vc_column_text][vc_row_inner equal_height=&#8221;yes&#8221; content_placement=&#8221;top&#8221;][vc_column_inner css=&#8221;.vc_custom_1644306355149{padding-top: 20px !important;padding-bottom: 32px !important;}&#8221;]<style type=\"text\/css\" data-type=\"the7_shortcodes-inline-css\">#default-btn-1a5665534c37112a5a51aea997b0114d.ico-right-side > i {\n  margin-right: 0px;\n  margin-left: 8px;\n}\n#default-btn-1a5665534c37112a5a51aea997b0114d > i {\n  margin-right: 8px;\n}\n#default-btn-1a5665534c37112a5a51aea997b0114d * {\n  vertical-align: middle;\n}\n<\/style><a href=\"\/tr\/teklif-alin\/\" class=\"default-btn-shortcode dt-btn dt-btn-l link-hover-off button-tto-grey btn-inline-left  vc_custom_1600266284548\" id=\"default-btn-1a5665534c37112a5a51aea997b0114d\" style=\"width:225px;\"><span>\u00dccretsiz Teklif Al\u0131n<\/span><\/a><style type=\"text\/css\" data-type=\"the7_shortcodes-inline-css\">#default-btn-412c8efecbbb915217202d7671635078.ico-right-side > i {\n  margin-right: 0px;\n  margin-left: 8px;\n}\n#default-btn-412c8efecbbb915217202d7671635078 > i {\n  margin-right: 8px;\n}\n#default-btn-412c8efecbbb915217202d7671635078 * {\n  vertical-align: middle;\n}\n<\/style><a href=\"\/tr\/iletisim\/\" class=\"default-btn-shortcode dt-btn dt-btn-l link-hover-off button-tto-red btn-inline-left  vc_custom_1600266295027\" id=\"default-btn-412c8efecbbb915217202d7671635078\" style=\"width:225px;\"><span>Bize Ula\u015f\u0131n<\/span><\/a>[\/vc_column_inner][\/vc_row_inner][\/vc_column][vc_column width=&#8221;1\/2&#8243;][\/vc_column][\/vc_row][vc_row equal_height=&#8221;yes&#8221; content_placement=&#8221;top&#8221; bg_type=&#8221;image&#8221; parallax_style=&#8221;vcpb-hz-jquery&#8221; bg_image_new=&#8221;id^1611|url^https:\/\/www.turkishtranslationoffice.com\/tr\/wp-content\/uploads\/2016\/02\/bg-mem.png|caption^null|alt^null|title^bg-mem|description^null&#8221; bg_override=&#8221;ex-full&#8221; type=&#8221;vc_default&#8221; margin_top=&#8221;5&#8243; margin_bottom=&#8221;10&#8243; css=&#8221;.vc_custom_1598040626540{padding-top: 30px !important;padding-bottom: 30px !important;background-color: #f4f4f4 !important;}&#8221;][vc_column css=&#8221;.vc_custom_1491746299333{padding-bottom: 0px !important;}&#8221;][vc_row_inner equal_height=&#8221;yes&#8221; content_placement=&#8221;top&#8221;][vc_column_inner width=&#8221;1\/2&#8243;]<style type=\"text\/css\" data-type=\"the7_shortcodes-inline-css\">.shortcode-single-image-wrap.shortcode-single-image-7242a4c21a825c02038a9f8855eb4d3d.enable-bg-rollover .rollover i,\n.shortcode-single-image-wrap.shortcode-single-image-7242a4c21a825c02038a9f8855eb4d3d.enable-bg-rollover .rollover-video i {\n  background: ;\n  background: -webkit-linear-gradient();\n  background: linear-gradient();\n}\n.shortcode-single-image-wrap.shortcode-single-image-7242a4c21a825c02038a9f8855eb4d3d .rollover-icon {\n  font-size: 32px;\n  color: #ffffff;\n  min-width: 44px;\n  min-height: 44px;\n  line-height: 44px;\n  border-radius: 100px;\n  border-style: solid;\n  border-width: 0px;\n}\n.dt-icon-bg-on.shortcode-single-image-wrap.shortcode-single-image-7242a4c21a825c02038a9f8855eb4d3d .rollover-icon {\n  background: rgba(255,255,255,0.3);\n  box-shadow: none;\n}\n<\/style><div class=\"shortcode-single-image-wrap shortcode-single-image-7242a4c21a825c02038a9f8855eb4d3d alignnone  enable-bg-rollover dt-icon-bg-off\" style=\"margin-top:0px; margin-bottom:0px; margin-left:0px; margin-right:0px; width:1000px;\"><div class=\"shortcode-single-image\"><div class=\"fancy-media-wrap  layzr-bg\" style=\"border-radius:10px;\"><img loading=\"lazy\" decoding=\"async\" class=\"preload-me lazy-load\" src=\"data:image\/svg+xml,%3Csvg%20xmlns%3D&#39;http%3A%2F%2Fwww.w3.org%2F2000%2Fsvg&#39;%20viewBox%3D&#39;0%200%201000%20700&#39;%2F%3E\" data-src=\"https:\/\/www.turkishtranslationoffice.com\/tr\/wp-content\/uploads\/sites\/1\/2020\/08\/profesyonel-ardil-tercume-nedir-1000x700.jpg\" data-srcset=\"https:\/\/www.turkishtranslationoffice.com\/tr\/wp-content\/uploads\/sites\/1\/2020\/08\/profesyonel-ardil-tercume-nedir-1000x700.jpg 1000w, https:\/\/www.turkishtranslationoffice.com\/tr\/wp-content\/uploads\/sites\/1\/2020\/08\/profesyonel-ardil-tercume-nedir-1524x1067.jpg 1524w\" width=\"1000\" height=\"700\"  data-dt-location=\"https:\/\/www.turkishtranslationoffice.com\/tr\/ardil-tercume\/profesyonel-ardil-tercume-nedir\/\" style=\"border-radius:10px;\" alt=\"Profesyonel ard\u0131l terc\u00fcme\" \/><\/div><\/div><\/div>[\/vc_column_inner][vc_column_inner width=&#8221;1\/2&#8243; css=&#8221;.vc_custom_1596550089277{padding-top: 20px !important;}&#8221;]<div id=\"ultimate-heading-222269f275c5579d0\" class=\"uvc-heading ult-adjust-bottom-margin ultimate-heading-222269f275c5579d0 uvc-5340 \" data-hspacer=\"no_spacer\"  data-halign=\"left\" style=\"text-align:left\"><div class=\"uvc-heading-spacer no_spacer\" style=\"top\"><\/div><div class=\"uvc-main-heading ult-responsive\"  data-ultimate-target='.uvc-heading.ultimate-heading-222269f275c5579d0 h2'  data-responsive-json-new='{\"font-size\":\"desktop:24px;\",\"line-height\":\"desktop:34px;\"}' ><h2 style=\"font-weight:bold;margin-bottom:25px;\">Profesyonel ard\u0131l terc\u00fcme nedir?<\/h2><\/div><\/div>[vc_column_text]<span style=\"font-weight: 400;\">\u0130\u015f toplant\u0131lar\u0131, bas\u0131n konferanslar\u0131n\u0131zda, dava ve mahkemeler, fabrika ziyaretleri gibi etkinliklerinizde yabanc\u0131 konu\u015fmac\u0131 ile dinleyiciler aras\u0131ndaki dil engelini ortadan kald\u0131rmak i\u00e7in en pratik \u00e7eviri y\u00f6ntemi ard\u0131l terc\u00fcmedir. Mikrofon, kulakl\u0131k, ses sistemleri gibi teknik ekipmanlar gerektirmedi\u011fi i\u00e7in ard\u0131l \u00e7eviride fiyat simultane terc\u00fcmeden \u00e7ok daha uygundur.<\/span><\/p>\n<p><span style=\"font-weight: 400;\">Daha d\u00fc\u015f\u00fck maliyetli olan ard\u0131lda konu\u015fma esnas\u0131nda terc\u00fcman dinlemede kalarak notlar al\u0131r. K\u0131sa s\u00fcre sonra konu\u015fmac\u0131 sustu\u011funda terc\u00fcman \u00e7eviriyi ger\u00e7ekle\u015ftirir. Bu s\u00fcre\u00e7, e\u015f zamanl\u0131 ger\u00e7ekle\u015fen simultane terc\u00fcmeden daha uzun vakit al\u0131r. Ard\u0131l \u00e7eviri tekniklerinde ustala\u015fm\u0131\u015f terc\u00fcmanlar\u0131n dinleme, konu\u015fma, not alma becerileri olduk\u00e7a geli\u015fmi\u015ftir, dil hakimiyetinin yan\u0131 s\u0131ra haf\u0131zan\u0131n etkin kullan\u0131m\u0131 da \u00f6nemli bir beceridir. S\u00f6zl\u00fc ger\u00e7ekle\u015fti\u011fi i\u00e7in geriye d\u00f6n\u00fck d\u00fczeltme imkan\u0131 bulunmayan ard\u0131l \u00e7eviri yaln\u0131zca e\u011fitimli ve sekt\u00f6rel olarak tecr\u00fcbeye sahip terc\u00fcmanlar taraf\u0131ndan yap\u0131lmal\u0131d\u0131r.<\/span>[\/vc_column_text][\/vc_column_inner][\/vc_row_inner][\/vc_column][\/vc_row][vc_row equal_height=&#8221;yes&#8221; content_placement=&#8221;top&#8221; bg_type=&#8221;bg_color&#8221; bg_override=&#8221;ex-full&#8221; type=&#8221;vc_default&#8221; margin_top=&#8221;5&#8243; margin_bottom=&#8221;10&#8243; css=&#8221;.vc_custom_1598040641514{padding-top: 30px !important;padding-bottom: 50px !important;}&#8221;][vc_column][vc_row_inner equal_height=&#8221;yes&#8221; content_placement=&#8221;top&#8221;][vc_column_inner width=&#8221;1\/2&#8243; css=&#8221;.vc_custom_1596550716406{padding-top: 10px !important;}&#8221;]<div id=\"ultimate-heading-487569f275c5579ef\" class=\"uvc-heading ult-adjust-bottom-margin ultimate-heading-487569f275c5579ef uvc-9613 \" data-hspacer=\"no_spacer\"  data-halign=\"left\" style=\"text-align:left\"><div class=\"uvc-heading-spacer no_spacer\" style=\"top\"><\/div><div class=\"uvc-main-heading ult-responsive\"  data-ultimate-target='.uvc-heading.ultimate-heading-487569f275c5579ef h2'  data-responsive-json-new='{\"font-size\":\"desktop:24px;\",\"line-height\":\"desktop:34px;\"}' ><h2 style=\"font-weight:bold;margin-bottom:25px;\">Simultane ve ard\u0131l terc\u00fcme aras\u0131ndaki farklar nelerdir?<\/h2><\/div><\/div>[vc_column_text]<span style=\"font-weight: 400;\">Her iki t\u00fcr de en eski \u00e7eviri olan s\u00f6zl\u00fc \u00e7eviri gelene\u011fine aittir. Simultane terc\u00fcme konu\u015fmac\u0131 ile e\u015f zamanl\u0131 olarak yap\u0131l\u0131r. Terc\u00fcman, tercihen bir \u00e7eviri kabininde konu\u015fmac\u0131y\u0131 dinlerken bir yandan da \u00e7eviriyi yapar. Bu s\u0131rada konferans salonundaki t\u00fcm dinleyiciler kulakl\u0131k arac\u0131l\u0131\u011f\u0131yla konu\u015fmac\u0131y\u0131 kendi dilinde dinleme f\u0131rsat\u0131na sahip olur. Sim\u00fcltane \u00e7eviri \u00e7o\u011funlukla konferanslarda, seminerlerde ve b\u00fcy\u00fck \u00f6l\u00e7ekli organizasyonlarda kullan\u0131l\u0131r.<\/span><\/p>\n<p><span style=\"font-weight: 400;\">Ard\u0131l terc\u00fcme ise daha k\u00fc\u00e7\u00fck \u00e7a\u011fl\u0131 etkinlikler ve toplant\u0131lar i\u00e7in daha uygun maliyetli ve pratiktir. Ard\u0131l terc\u00fcme i\u00e7in herhangi bir ekipman gerekmedi\u011fi i\u00e7in a\u00e7\u0131k ya da kapal\u0131 mekanlarda rahatl\u0131kla tercih edilebilir. Birden fazla yabanc\u0131 dilde konu\u015fmac\u0131n\u0131z varsa ard\u0131l terc\u00fcme yerine simultane \u00e7eviri hizmeti almal\u0131s\u0131n\u0131z.<\/span>[\/vc_column_text][\/vc_column_inner][vc_column_inner width=&#8221;1\/2&#8243;]<style type=\"text\/css\" data-type=\"the7_shortcodes-inline-css\">.shortcode-single-image-wrap.shortcode-single-image-9313c8b4029e80c918423a8894427a64.enable-bg-rollover .rollover i,\n.shortcode-single-image-wrap.shortcode-single-image-9313c8b4029e80c918423a8894427a64.enable-bg-rollover .rollover-video i {\n  background: ;\n  background: -webkit-linear-gradient();\n  background: linear-gradient();\n}\n.shortcode-single-image-wrap.shortcode-single-image-9313c8b4029e80c918423a8894427a64 .rollover-icon {\n  font-size: 32px;\n  color: #ffffff;\n  min-width: 44px;\n  min-height: 44px;\n  line-height: 44px;\n  border-radius: 100px;\n  border-style: solid;\n  border-width: 0px;\n}\n.dt-icon-bg-on.shortcode-single-image-wrap.shortcode-single-image-9313c8b4029e80c918423a8894427a64 .rollover-icon {\n  background: rgba(255,255,255,0.3);\n  box-shadow: none;\n}\n<\/style><div class=\"shortcode-single-image-wrap shortcode-single-image-9313c8b4029e80c918423a8894427a64 alignnone  enable-bg-rollover dt-icon-bg-off\" style=\"margin-top:0px; margin-bottom:0px; margin-left:0px; margin-right:0px; width:1000px;\"><div class=\"shortcode-single-image\"><div class=\"fancy-media-wrap  layzr-bg\" style=\"border-radius:10px;\"><img loading=\"lazy\" decoding=\"async\" class=\"preload-me lazy-load\" src=\"data:image\/svg+xml,%3Csvg%20xmlns%3D&#39;http%3A%2F%2Fwww.w3.org%2F2000%2Fsvg&#39;%20viewBox%3D&#39;0%200%201000%20700&#39;%2F%3E\" data-src=\"https:\/\/www.turkishtranslationoffice.com\/tr\/wp-content\/uploads\/sites\/1\/2020\/08\/simultane-ve-ardil-tercume-arasindaki-farklar-1000x700.jpg\" data-srcset=\"https:\/\/www.turkishtranslationoffice.com\/tr\/wp-content\/uploads\/sites\/1\/2020\/08\/simultane-ve-ardil-tercume-arasindaki-farklar-1000x700.jpg 1000w, https:\/\/www.turkishtranslationoffice.com\/tr\/wp-content\/uploads\/sites\/1\/2020\/08\/simultane-ve-ardil-tercume-arasindaki-farklar-1524x1067.jpg 1524w\" width=\"1000\" height=\"700\"  data-dt-location=\"https:\/\/www.turkishtranslationoffice.com\/tr\/ardil-tercume\/simultane-ve-ardil-tercume-arasindaki-farklar\/\" style=\"border-radius:10px;\" alt=\"Simultane ve ard\u0131l terc\u00fcme\" \/><\/div><\/div><\/div>[\/vc_column_inner][\/vc_row_inner][\/vc_column][\/vc_row][vc_row equal_height=&#8221;yes&#8221; content_placement=&#8221;top&#8221; bg_type=&#8221;image&#8221; parallax_style=&#8221;vcpb-hz-jquery&#8221; bg_image_new=&#8221;id^1611|url^https:\/\/www.turkishtranslationoffice.com\/tr\/wp-content\/uploads\/2016\/02\/bg-mem.png|caption^null|alt^null|title^bg-mem|description^null&#8221; bg_override=&#8221;ex-full&#8221; type=&#8221;vc_default&#8221; margin_top=&#8221;5&#8243; margin_bottom=&#8221;10&#8243; css=&#8221;.vc_custom_1598040704132{padding-top: 30px !important;padding-bottom: 50px !important;background-color: #f4f4f4 !important;}&#8221;][vc_column css=&#8221;.vc_custom_1491746299333{padding-bottom: 0px !important;}&#8221;][vc_row_inner equal_height=&#8221;yes&#8221; content_placement=&#8221;top&#8221;][vc_column_inner width=&#8221;1\/2&#8243;]<style type=\"text\/css\" data-type=\"the7_shortcodes-inline-css\">.shortcode-single-image-wrap.shortcode-single-image-3b24e32dfb46702afacacf2edd80c81b.enable-bg-rollover .rollover i,\n.shortcode-single-image-wrap.shortcode-single-image-3b24e32dfb46702afacacf2edd80c81b.enable-bg-rollover .rollover-video i {\n  background: ;\n  background: -webkit-linear-gradient();\n  background: linear-gradient();\n}\n.shortcode-single-image-wrap.shortcode-single-image-3b24e32dfb46702afacacf2edd80c81b .rollover-icon {\n  font-size: 32px;\n  color: #ffffff;\n  min-width: 44px;\n  min-height: 44px;\n  line-height: 44px;\n  border-radius: 100px;\n  border-style: solid;\n  border-width: 0px;\n}\n.dt-icon-bg-on.shortcode-single-image-wrap.shortcode-single-image-3b24e32dfb46702afacacf2edd80c81b .rollover-icon {\n  background: rgba(255,255,255,0.3);\n  box-shadow: none;\n}\n<\/style><div class=\"shortcode-single-image-wrap shortcode-single-image-3b24e32dfb46702afacacf2edd80c81b alignnone  enable-bg-rollover dt-icon-bg-off\" style=\"margin-top:0px; margin-bottom:0px; margin-left:0px; margin-right:0px; width:1000px;\"><div class=\"shortcode-single-image\"><div class=\"fancy-media-wrap  layzr-bg\" style=\"border-radius:10px;\"><img loading=\"lazy\" decoding=\"async\" class=\"preload-me lazy-load\" src=\"data:image\/svg+xml,%3Csvg%20xmlns%3D&#39;http%3A%2F%2Fwww.w3.org%2F2000%2Fsvg&#39;%20viewBox%3D&#39;0%200%201000%20700&#39;%2F%3E\" data-src=\"https:\/\/www.turkishtranslationoffice.com\/tr\/wp-content\/uploads\/sites\/1\/2020\/08\/tto-ayricaliklari-1000x700.jpg\" data-srcset=\"https:\/\/www.turkishtranslationoffice.com\/tr\/wp-content\/uploads\/sites\/1\/2020\/08\/tto-ayricaliklari-1000x700.jpg 1000w, https:\/\/www.turkishtranslationoffice.com\/tr\/wp-content\/uploads\/sites\/1\/2020\/08\/tto-ayricaliklari-1521x1065.jpg 1521w\" width=\"1000\" height=\"700\"  data-dt-location=\"https:\/\/www.turkishtranslationoffice.com\/tr\/edebi-tercume\/tto-ayricaliklari\/\" style=\"border-radius:10px;\" alt=\"tecr\u00fcbe sahibi ve e\u011fitimli terc\u00fcman\" \/><\/div><\/div><\/div>[\/vc_column_inner][vc_column_inner width=&#8221;1\/2&#8243; css=&#8221;.vc_custom_1596550089277{padding-top: 20px !important;}&#8221;]<div id=\"ultimate-heading-367669f275c557f53\" class=\"uvc-heading ult-adjust-bottom-margin ultimate-heading-367669f275c557f53 uvc-1842 \" data-hspacer=\"no_spacer\"  data-halign=\"left\" style=\"text-align:left\"><div class=\"uvc-heading-spacer no_spacer\" style=\"top\"><\/div><div class=\"uvc-main-heading ult-responsive\"  data-ultimate-target='.uvc-heading.ultimate-heading-367669f275c557f53 h2'  data-responsive-json-new='{\"font-size\":\"desktop:24px;\",\"line-height\":\"desktop:34px;\"}' ><h2 style=\"font-weight:bold;margin-bottom:25px;\">Turkish Translation Office ayr\u0131cal\u0131klar\u0131<\/h2><\/div><\/div><div class=\"standard-arrow bullet-top\"><ul>\n<li><span style=\"font-weight: 400;\">Turkish Translation Office olarak 500\u2019den fazla sertifikal\u0131 konferans terc\u00fcman\u0131m\u0131z ile t\u00fcm sekt\u00f6rlerde profesyonel s\u00f6zl\u00fc terc\u00fcme \u00e7\u00f6z\u00fcmleri sunuyoruz.<\/span><\/li>\n<li><span style=\"font-weight: 400;\">Terc\u00fcme alan\u0131nda ge\u00e7erli tek kalite sertifikas\u0131 olan ISO 17100 ve ISO 9001 kalite sertifikalar\u0131m\u0131z ile \u00fcst\u00fcn kalite anlay\u0131\u015f\u0131m\u0131z ile hizmet veriyoruz.<\/span><\/li>\n<li><span style=\"font-weight: 400;\">T\u00fcm d\u00fcnya dillerinde uzun y\u0131llara dayanan tecr\u00fcbemiz ile ard\u0131l terc\u00fcme, simultane \u00e7eviri, f\u0131s\u0131lt\u0131 terc\u00fcme gibi s\u00f6zl\u00fc \u00e7eviri hizmetleri sunuyoruz.<\/span><\/li>\n<\/ul>\n<\/div>[\/vc_column_inner][\/vc_row_inner][\/vc_column][\/vc_row][vc_row content_placement=&#8221;middle&#8221; bg_type=&#8221;grad&#8221; bg_override=&#8221;ex-full&#8221; bg_grad=&#8221;background: -webkit-gradient(linear, left top, left bottom, color-stop(0%, #365088), color-stop(100%, #EA524D));background: -moz-linear-gradient(135deg,#365088 0%,#EA524D 100%);background: -webkit-linear-gradient(135deg,#365088 0%,#EA524D 100%);background: -o-linear-gradient(135deg,#365088 0%,#EA524D 100%);background: -ms-linear-gradient(135deg,#365088 0%,#EA524D 100%);background: linear-gradient(135deg,#365088 0%,#EA524D 100%);&#8221;][vc_column width=&#8221;2\/3&#8243;][vc_column_text]<strong style=\"color: #ffffff; font-size: 24px;\">T\u00fcm dillerde ard\u0131l \u00e7eviri hizmetlerimizden yararlanmak i\u00e7in \u00fccretsiz teklif al\u0131n.<\/strong>[\/vc_column_text][\/vc_column][vc_column width=&#8221;1\/3&#8243;][vc_btn title=&#8221;Teklif Al&#8221; color=&#8221;warning&#8221; size=&#8221;lg&#8221; align=&#8221;right&#8221; link=&#8221;url:%2Ftr%2Fteklif-alin%2F|||&#8221;][\/vc_column][\/vc_row]<\/p>\n","protected":false},"excerpt":{"rendered":"<p>[vc_row equal_height=&#8221;yes&#8221; content_placement=&#8221;top&#8221; bg_type=&#8221;image&#8221; parallax_style=&#8221;vcpb-default&#8221; bg_image_new=&#8221;id^3295|url^https:\/\/www.turkishtranslationoffice.com\/tr\/wp-content\/uploads\/2020\/08\/ardil-tercume.jpg|caption^null|alt^null|title^ardil-tercume|description^null&#8221; bg_image_repeat=&#8221;no-repeat&#8221; bg_override=&#8221;ex-full&#8221; type=&#8221;vc_default&#8221; margin_top=&#8221;5&#8243; margin_bottom=&#8221;10&#8243; css=&#8221;.vc_custom_1629973299997{padding-top: 2% !important;padding-bottom: 2% !important;}&#8221;][vc_column width=&#8221;1\/2&#8243;][vc_column_text] Toplant\u0131lar\u0131n\u0131z ya da etkinli\u011finizde yabanc\u0131 misafiriniz mi var? Herhangi bir ekipman gerektirmeyen ard\u0131l \u00e7eviri hizmetlerimizle yan\u0131n\u0131zday\u0131z. E\u011fitimli ve sekt\u00f6r\u00fcn\u00fczde tecr\u00fcbeli konferans \u00e7evirmenlerimiz ile profesyonel ard\u0131l terc\u00fcme hizmetleri sunuyoruz. [\/vc_column_text][vc_row_inner equal_height=&#8221;yes&#8221; content_placement=&#8221;top&#8221;][vc_column_inner css=&#8221;.vc_custom_1644306355149{padding-top: 20px !important;padding-bottom: 32px !important;}&#8221;][\/vc_column_inner][\/vc_row_inner][\/vc_column][vc_column width=&#8221;1\/2&#8243;][\/vc_column][\/vc_row][vc_row equal_height=&#8221;yes&#8221;&hellip;<\/p>\n","protected":false},"author":1,"featured_media":0,"parent":0,"menu_order":10,"comment_status":"closed","ping_status":"closed","template":"","meta":{"footnotes":""},"aioseo_notices":[],"_links":{"self":[{"href":"https:\/\/www.turkishtranslationoffice.com\/tr\/wp-json\/wp\/v2\/pages\/2612"}],"collection":[{"href":"https:\/\/www.turkishtranslationoffice.com\/tr\/wp-json\/wp\/v2\/pages"}],"about":[{"href":"https:\/\/www.turkishtranslationoffice.com\/tr\/wp-json\/wp\/v2\/types\/page"}],"author":[{"embeddable":true,"href":"https:\/\/www.turkishtranslationoffice.com\/tr\/wp-json\/wp\/v2\/users\/1"}],"replies":[{"embeddable":true,"href":"https:\/\/www.turkishtranslationoffice.com\/tr\/wp-json\/wp\/v2\/comments?post=2612"}],"version-history":[{"count":2,"href":"https:\/\/www.turkishtranslationoffice.com\/tr\/wp-json\/wp\/v2\/pages\/2612\/revisions"}],"predecessor-version":[{"id":5618,"href":"https:\/\/www.turkishtranslationoffice.com\/tr\/wp-json\/wp\/v2\/pages\/2612\/revisions\/5618"}],"wp:attachment":[{"href":"https:\/\/www.turkishtranslationoffice.com\/tr\/wp-json\/wp\/v2\/media?parent=2612"}],"curies":[{"name":"wp","href":"https:\/\/api.w.org\/{rel}","templated":true}]}}