{"id":2618,"date":"2020-08-10T11:28:53","date_gmt":"2020-08-10T08:28:53","guid":{"rendered":"https:\/\/www.turkishtranslationoffice.com\/tr\/edebi-tercume-copy\/"},"modified":"2022-02-08T11:28:30","modified_gmt":"2022-02-08T08:28:30","slug":"telefonda-tercume","status":"publish","type":"page","link":"https:\/\/www.turkishtranslationoffice.com\/tr\/telefonda-tercume\/","title":{"rendered":"Telefonda Terc\u00fcme"},"content":{"rendered":"<p>[vc_row equal_height=&#8221;yes&#8221; content_placement=&#8221;top&#8221; bg_type=&#8221;image&#8221; parallax_style=&#8221;vcpb-default&#8221; bg_image_new=&#8221;id^3304|url^https:\/\/www.turkishtranslationoffice.com\/tr\/wp-content\/uploads\/2020\/08\/telefonda-tercume.jpg|caption^null|alt^null|title^telefonda-tercume|description^null&#8221; bg_image_repeat=&#8221;no-repeat&#8221; bg_override=&#8221;ex-full&#8221; type=&#8221;vc_default&#8221; margin_top=&#8221;5&#8243; margin_bottom=&#8221;10&#8243; css=&#8221;.vc_custom_1629973425512{padding-top: 2% !important;padding-bottom: 2% !important;}&#8221;][vc_column width=&#8221;1\/2&#8243;]<div id=\"ultimate-heading-638569e1b444505a7\" class=\"uvc-heading ult-adjust-bottom-margin ultimate-heading-638569e1b444505a7 uvc-1071 \" data-hspacer=\"no_spacer\"  data-halign=\"left\" style=\"text-align:left\"><div class=\"uvc-heading-spacer no_spacer\" style=\"top\"><\/div><div class=\"uvc-main-heading ult-responsive\"  data-ultimate-target='.uvc-heading.ultimate-heading-638569e1b444505a7 h1'  data-responsive-json-new='{\"font-size\":\"desktop:28px;\",\"line-height\":\"desktop:34px;\"}' ><h1 style=\"font-weight:bold;margin-bottom:25px;\">Telefonda Terc\u00fcme Hizmetleri<\/h1><\/div><\/div>[vc_column_text]<\/p>\n<p style=\"text-align: left;\"><span style=\"font-weight: 400; font-size: 18px;\">Acil ihtiya\u00e7lar\u0131n\u0131z i\u00e7in telefonda \u00e7eviri hizmeti sunuyoruz!<\/span><\/p>\n<p><span style=\"font-weight: 400; font-size: 18px;\">Telefonda terc\u00fcme hizmetimizi t\u00fcm dil \u00e7iftlerinde 7\/24 t\u00fcm d\u00fcnyada sunuyoruz. \u00c7eviri alan\u0131ndaki uzmanl\u0131\u011f\u0131m\u0131zdan yararlanmak i\u00e7in beklemeyin! S\u0131n\u0131rlar\u0131n \u00f6tesine ge\u00e7menize yard\u0131mc\u0131 olmak i\u00e7in buraday\u0131z.<\/span><\/p>\n<p><span style=\"font-weight: 400; font-size: 18px;\">Telefonda s\u00f6zl\u00fc terc\u00fcme hakk\u0131nda detayl\u0131 bilgi edinmek i\u00e7in tecr\u00fcbeli proje y\u00f6neticilerimizle ileti\u015fime ge\u00e7in.<\/span>[\/vc_column_text][vc_row_inner equal_height=&#8221;yes&#8221; content_placement=&#8221;top&#8221;][vc_column_inner css=&#8221;.vc_custom_1644308905972{padding-top: 20px !important;padding-bottom: 32px !important;}&#8221;]<style type=\"text\/css\" data-type=\"the7_shortcodes-inline-css\">#default-btn-9c5e16457fab58f7e72462c6d85f9be6.ico-right-side > i {\n  margin-right: 0px;\n  margin-left: 8px;\n}\n#default-btn-9c5e16457fab58f7e72462c6d85f9be6 > i {\n  margin-right: 8px;\n}\n#default-btn-9c5e16457fab58f7e72462c6d85f9be6 * {\n  vertical-align: middle;\n}\n<\/style><a href=\"\/tr\/teklif-alin\/\" class=\"default-btn-shortcode dt-btn dt-btn-l link-hover-off button-tto-grey btn-inline-left  vc_custom_1600266408799\" id=\"default-btn-9c5e16457fab58f7e72462c6d85f9be6\" style=\"width:225px;\"><span>\u00dccretsiz Teklif Al\u0131n<\/span><\/a><style type=\"text\/css\" data-type=\"the7_shortcodes-inline-css\">#default-btn-d49b3038f194a180bd5bc080254e3563.ico-right-side > i {\n  margin-right: 0px;\n  margin-left: 8px;\n}\n#default-btn-d49b3038f194a180bd5bc080254e3563 > i {\n  margin-right: 8px;\n}\n#default-btn-d49b3038f194a180bd5bc080254e3563 * {\n  vertical-align: middle;\n}\n<\/style><a href=\"\/tr\/iletisim\/\" class=\"default-btn-shortcode dt-btn dt-btn-l link-hover-off button-tto-red btn-inline-left  vc_custom_1600266418342\" id=\"default-btn-d49b3038f194a180bd5bc080254e3563\" style=\"width:225px;\"><span>Bize Ula\u015f\u0131n<\/span><\/a>[\/vc_column_inner][\/vc_row_inner][\/vc_column][vc_column width=&#8221;1\/2&#8243;][\/vc_column][\/vc_row][vc_row equal_height=&#8221;yes&#8221; content_placement=&#8221;top&#8221; bg_type=&#8221;image&#8221; parallax_style=&#8221;vcpb-default&#8221; bg_image_new=&#8221;id^2302|url^https:\/\/www.turkishtranslationoffice.com\/tr\/wp-content\/uploads\/2020\/08\/arka-plan-siyah-beyaz.png|caption^null|alt^null|title^arka-plan-siyah-beyaz|description^null&#8221; bg_image_repeat=&#8221;no-repeat&#8221; bg_override=&#8221;ex-full&#8221; type=&#8221;vc_default&#8221; margin_top=&#8221;5&#8243; margin_bottom=&#8221;10&#8243; css=&#8221;.vc_custom_1598043154359{padding-top: 30px !important;padding-bottom: 50px !important;}&#8221;][vc_column css=&#8221;.vc_custom_1491746299333{padding-bottom: 0px !important;}&#8221;][vc_row_inner equal_height=&#8221;yes&#8221; content_placement=&#8221;top&#8221;][vc_column_inner width=&#8221;1\/2&#8243;]<style type=\"text\/css\" data-type=\"the7_shortcodes-inline-css\">.shortcode-single-image-wrap.shortcode-single-image-cbaf3c5894bfe9066f5d635b03843619.enable-bg-rollover .rollover i,\n.shortcode-single-image-wrap.shortcode-single-image-cbaf3c5894bfe9066f5d635b03843619.enable-bg-rollover .rollover-video i {\n  background: ;\n  background: -webkit-linear-gradient();\n  background: linear-gradient();\n}\n.shortcode-single-image-wrap.shortcode-single-image-cbaf3c5894bfe9066f5d635b03843619 .rollover-icon {\n  font-size: 32px;\n  color: #ffffff;\n  min-width: 44px;\n  min-height: 44px;\n  line-height: 44px;\n  border-radius: 100px;\n  border-style: solid;\n  border-width: 0px;\n}\n.dt-icon-bg-on.shortcode-single-image-wrap.shortcode-single-image-cbaf3c5894bfe9066f5d635b03843619 .rollover-icon {\n  background: rgba(255,255,255,0.3);\n  box-shadow: none;\n}\n<\/style><div class=\"shortcode-single-image-wrap shortcode-single-image-cbaf3c5894bfe9066f5d635b03843619 alignnone  enable-bg-rollover dt-icon-bg-off\" style=\"margin-top:0px; margin-bottom:0px; margin-left:0px; margin-right:0px; width:1000px;\"><div class=\"shortcode-single-image\"><div class=\"fancy-media-wrap  layzr-bg\" style=\"border-radius:10000px;\"><img loading=\"lazy\" decoding=\"async\" class=\"preload-me lazy-load\" src=\"data:image\/svg+xml,%3Csvg%20xmlns%3D&#39;http%3A%2F%2Fwww.w3.org%2F2000%2Fsvg&#39;%20viewBox%3D&#39;0%200%201000%20700&#39;%2F%3E\" data-src=\"https:\/\/www.turkishtranslationoffice.com\/tr\/wp-content\/uploads\/sites\/1\/2020\/08\/telefonda-tercume-nedir-1000x700.jpg\" data-srcset=\"https:\/\/www.turkishtranslationoffice.com\/tr\/wp-content\/uploads\/sites\/1\/2020\/08\/telefonda-tercume-nedir-1000x700.jpg 1000w, https:\/\/www.turkishtranslationoffice.com\/tr\/wp-content\/uploads\/sites\/1\/2020\/08\/telefonda-tercume-nedir-1524x1067.jpg 1524w\" width=\"1000\" height=\"700\"  data-dt-location=\"https:\/\/www.turkishtranslationoffice.com\/tr\/telefonda-tercume\/telefonda-tercume-nedir\/\" style=\"border-radius:10000px;\" alt=\"Telefonda \u00e7eviri\" \/><\/div><\/div><\/div>[\/vc_column_inner][vc_column_inner width=&#8221;1\/2&#8243; css=&#8221;.vc_custom_1596550089277{padding-top: 20px !important;}&#8221;]<div id=\"ultimate-heading-222969e1b44450eb8\" class=\"uvc-heading ult-adjust-bottom-margin ultimate-heading-222969e1b44450eb8 uvc-4158 \" data-hspacer=\"no_spacer\"  data-halign=\"left\" style=\"text-align:left\"><div class=\"uvc-heading-spacer no_spacer\" style=\"top\"><\/div><div class=\"uvc-main-heading ult-responsive\"  data-ultimate-target='.uvc-heading.ultimate-heading-222969e1b44450eb8 h2'  data-responsive-json-new='{\"font-size\":\"desktop:24px;\",\"line-height\":\"desktop:34px;\"}' ><h2 style=\"font-weight:bold;margin-bottom:25px;\">Telefonda terc\u00fcme nedir?<\/h2><\/div><\/div>[vc_column_text]<span style=\"font-weight: 400;\">Telefonda \u00e7eviri d\u00fcnyan\u0131n her yerinde diledi\u011finiz saatte yararlanabilece\u011finiz bir ard\u0131l terc\u00fcme hizmetidir. Bu hizmetimiz ile ileti\u015fim kurmak isteyen 2 taraf aras\u0131ndaki dil engelinin a\u015f\u0131lmas\u0131na yard\u0131mc\u0131 oluyoruz. K\u0131sa s\u00fcreli toplant\u0131 ve g\u00f6r\u00fc\u015fmeleriniz, t\u0131bbi dan\u0131\u015fmanl\u0131k, g\u00f6\u00e7menlik ya da yasal g\u00f6r\u00fc\u015fmeleriniz i\u00e7in telefon \u00fczerinden \u00e7eviri hizmetlerimizden yararlanabilirsiniz.<\/span>[\/vc_column_text][\/vc_column_inner][\/vc_row_inner][\/vc_column][\/vc_row][vc_row equal_height=&#8221;yes&#8221; content_placement=&#8221;top&#8221; bg_type=&#8221;image&#8221; parallax_style=&#8221;vcpb-hz-jquery&#8221; bg_image_new=&#8221;id^1611|url^https:\/\/www.turkishtranslationoffice.com\/tr\/wp-content\/uploads\/2016\/02\/bg-mem.png|caption^null|alt^null|title^bg-mem|description^null&#8221; bg_override=&#8221;ex-full&#8221; type=&#8221;vc_default&#8221; margin_top=&#8221;5&#8243; margin_bottom=&#8221;10&#8243; css=&#8221;.vc_custom_1598042866263{padding-top: 30px !important;padding-bottom: 30px !important;background-color: #1c66a0 !important;}&#8221;][vc_column][vc_row_inner][vc_column_inner width=&#8221;1\/2&#8243; css=&#8221;.vc_custom_1597049090813{padding-top: 20px !important;}&#8221;]<div id=\"ultimate-heading-496869e1b44450ed9\" class=\"uvc-heading ult-adjust-bottom-margin ultimate-heading-496869e1b44450ed9 uvc-1586 \" data-hspacer=\"no_spacer\"  data-halign=\"left\" style=\"text-align:left\"><div class=\"uvc-heading-spacer no_spacer\" style=\"top\"><\/div><div class=\"uvc-main-heading ult-responsive\"  data-ultimate-target='.uvc-heading.ultimate-heading-496869e1b44450ed9 h2'  data-responsive-json-new='{\"font-size\":\"desktop:24px;\",\"line-height\":\"desktop:34px;\"}' ><h2 style=\"font-weight:bold;color:#ffffff;margin-bottom:25px;\">\u00c7eviri ihtiya\u00e7lar\u0131n\u0131zda Turkish Translation Office ile \u00e7al\u0131\u015fman\u0131n pek \u00e7ok avantaj\u0131 var:<\/h2><\/div><\/div>[vc_column_text]<\/p>\n<ol>\n<li style=\"color: #ffffff;\"><span style=\"font-weight: 400;\">500\u2019\u00fcn \u00fczerinde konferans terc\u00fcman\u0131m\u0131zla kaliteli ve g\u00fcvenilir terc\u00fcme hizmeti sunuyoruz.<\/span><\/li>\n<li style=\"color: #ffffff;\"><span style=\"font-weight: 400;\">Telefonda terc\u00fcmeye ihtiya\u00e7 duyuyorsan\u0131z dinleyici, konu\u015fmac\u0131 ve terc\u00fcman\u0131n bir arada bulunmas\u0131 gerekmez.<\/span><\/li>\n<li style=\"color: #ffffff;\"><span style=\"font-weight: 400;\">Acil s\u00f6zl\u00fc terc\u00fcmeye ya da k\u0131sa s\u00fcreli \u00e7evi ihtiya\u00e7 duyuyorsan\u0131z hizmetinizdeyiz.<\/span><\/li>\n<\/ol>\n<p>[\/vc_column_text][\/vc_column_inner][vc_column_inner width=&#8221;1\/2&#8243;]<style type=\"text\/css\" data-type=\"the7_shortcodes-inline-css\">.shortcode-single-image-wrap.shortcode-single-image-3b24e32dfb46702afacacf2edd80c81b.enable-bg-rollover .rollover i,\n.shortcode-single-image-wrap.shortcode-single-image-3b24e32dfb46702afacacf2edd80c81b.enable-bg-rollover .rollover-video i {\n  background: ;\n  background: -webkit-linear-gradient();\n  background: linear-gradient();\n}\n.shortcode-single-image-wrap.shortcode-single-image-3b24e32dfb46702afacacf2edd80c81b .rollover-icon {\n  font-size: 32px;\n  color: #ffffff;\n  min-width: 44px;\n  min-height: 44px;\n  line-height: 44px;\n  border-radius: 100px;\n  border-style: solid;\n  border-width: 0px;\n}\n.dt-icon-bg-on.shortcode-single-image-wrap.shortcode-single-image-3b24e32dfb46702afacacf2edd80c81b .rollover-icon {\n  background: rgba(255,255,255,0.3);\n  box-shadow: none;\n}\n<\/style><div class=\"shortcode-single-image-wrap shortcode-single-image-3b24e32dfb46702afacacf2edd80c81b alignnone  enable-bg-rollover dt-icon-bg-off\" style=\"margin-top:0px; margin-bottom:0px; margin-left:0px; margin-right:0px; width:1000px;\"><div class=\"shortcode-single-image\"><div class=\"fancy-media-wrap  layzr-bg\" style=\"border-radius:10px;\"><img loading=\"lazy\" decoding=\"async\" class=\"preload-me lazy-load\" src=\"data:image\/svg+xml,%3Csvg%20xmlns%3D&#39;http%3A%2F%2Fwww.w3.org%2F2000%2Fsvg&#39;%20viewBox%3D&#39;0%200%201000%20700&#39;%2F%3E\" data-src=\"https:\/\/www.turkishtranslationoffice.com\/tr\/wp-content\/uploads\/sites\/1\/2020\/08\/tto-ayricaliklari-1000x700.jpg\" data-srcset=\"https:\/\/www.turkishtranslationoffice.com\/tr\/wp-content\/uploads\/sites\/1\/2020\/08\/tto-ayricaliklari-1000x700.jpg 1000w, https:\/\/www.turkishtranslationoffice.com\/tr\/wp-content\/uploads\/sites\/1\/2020\/08\/tto-ayricaliklari-1521x1065.jpg 1521w\" width=\"1000\" height=\"700\"  data-dt-location=\"https:\/\/www.turkishtranslationoffice.com\/tr\/edebi-tercume\/tto-ayricaliklari\/\" style=\"border-radius:10px;\" alt=\"tecr\u00fcbe sahibi ve e\u011fitimli terc\u00fcman\" \/><\/div><\/div><\/div>[\/vc_column_inner][\/vc_row_inner][\/vc_column][\/vc_row][vc_row content_placement=&#8221;middle&#8221; bg_type=&#8221;grad&#8221; bg_override=&#8221;ex-full&#8221; bg_grad=&#8221;background: -webkit-gradient(linear, left top, left bottom, color-stop(0%, #365088), color-stop(100%, #EA524D));background: -moz-linear-gradient(135deg,#365088 0%,#EA524D 100%);background: -webkit-linear-gradient(135deg,#365088 0%,#EA524D 100%);background: -o-linear-gradient(135deg,#365088 0%,#EA524D 100%);background: -ms-linear-gradient(135deg,#365088 0%,#EA524D 100%);background: linear-gradient(135deg,#365088 0%,#EA524D 100%);&#8221;][vc_column width=&#8221;2\/3&#8243;][vc_column_text]<strong style=\"color: #ffffff; font-size: 24px;\">Telefonda terc\u00fcme hizmetimiz hakk\u0131nda detayl\u0131 bilgi ve \u00fccretsiz teklifinizi almak i\u00e7in bize ula\u015fabilirsiniz!<\/strong>[\/vc_column_text][\/vc_column][vc_column width=&#8221;1\/3&#8243;][vc_btn title=&#8221;Bize Ula\u015f\u0131n&#8221; color=&#8221;warning&#8221; size=&#8221;lg&#8221; align=&#8221;right&#8221; link=&#8221;url:%2Ftr%2Filetisim%2F|||&#8221;][\/vc_column][\/vc_row][vc_row equal_height=&#8221;yes&#8221; content_placement=&#8221;top&#8221; bg_type=&#8221;bg_color&#8221; bg_override=&#8221;full&#8221; type=&#8221;vc_default&#8221; margin_top=&#8221;5&#8243; margin_bottom=&#8221;10&#8243; css=&#8221;.vc_custom_1598042952393{padding-top: 30px !important;padding-bottom: 30px !important;}&#8221; bg_color_value=&#8221;#ffffff&#8221;][vc_column][vc_row_inner equal_height=&#8221;yes&#8221; content_placement=&#8221;top&#8221;][vc_column_inner width=&#8221;1\/2&#8243;]<style type=\"text\/css\" data-type=\"the7_shortcodes-inline-css\">.shortcode-single-image-wrap.shortcode-single-image-d4bb9791685d60592bda48e89cf3cf6b.enable-bg-rollover .rollover i,\n.shortcode-single-image-wrap.shortcode-single-image-d4bb9791685d60592bda48e89cf3cf6b.enable-bg-rollover .rollover-video i {\n  background: ;\n  background: -webkit-linear-gradient();\n  background: linear-gradient();\n}\n.shortcode-single-image-wrap.shortcode-single-image-d4bb9791685d60592bda48e89cf3cf6b .rollover-icon {\n  font-size: 32px;\n  color: #ffffff;\n  min-width: 44px;\n  min-height: 44px;\n  line-height: 44px;\n  border-radius: 100px;\n  border-style: solid;\n  border-width: 0px;\n}\n.dt-icon-bg-on.shortcode-single-image-wrap.shortcode-single-image-d4bb9791685d60592bda48e89cf3cf6b .rollover-icon {\n  background: rgba(255,255,255,0.3);\n  box-shadow: none;\n}\n<\/style><div class=\"shortcode-single-image-wrap shortcode-single-image-d4bb9791685d60592bda48e89cf3cf6b alignnone  enable-bg-rollover dt-icon-bg-off\" style=\"margin-top:0px; margin-bottom:0px; margin-left:0px; margin-right:0px; width:1000px;\"><div class=\"shortcode-single-image\"><div class=\"fancy-media-wrap  layzr-bg\" style=\"border-radius:10px;\"><img loading=\"lazy\" decoding=\"async\" class=\"preload-me lazy-load\" src=\"data:image\/svg+xml,%3Csvg%20xmlns%3D&#39;http%3A%2F%2Fwww.w3.org%2F2000%2Fsvg&#39;%20viewBox%3D&#39;0%200%201000%20700&#39;%2F%3E\" data-src=\"https:\/\/www.turkishtranslationoffice.com\/tr\/wp-content\/uploads\/sites\/1\/2020\/08\/ustun-tto-kalitesi-1000x700.jpg\" data-srcset=\"https:\/\/www.turkishtranslationoffice.com\/tr\/wp-content\/uploads\/sites\/1\/2020\/08\/ustun-tto-kalitesi-1000x700.jpg 1000w, https:\/\/www.turkishtranslationoffice.com\/tr\/wp-content\/uploads\/sites\/1\/2020\/08\/ustun-tto-kalitesi-1524x1067.jpg 1524w\" width=\"1000\" height=\"700\"  data-dt-location=\"https:\/\/www.turkishtranslationoffice.com\/tr\/telefonda-tercume\/ustun-tto-kalitesi\/\" style=\"border-radius:10px;\" alt=\"s\u00f6zl\u00fc \u00e7eviri e\u011fitimi alm\u0131\u015f +500 konferans terc\u00fcman\u0131\" \/><\/div><\/div><\/div>[\/vc_column_inner][vc_column_inner width=&#8221;1\/2&#8243; css=&#8221;.vc_custom_1596550716406{padding-top: 10px !important;}&#8221;]<div id=\"ultimate-heading-48369e1b44451501\" class=\"uvc-heading ult-adjust-bottom-margin ultimate-heading-48369e1b44451501 uvc-1355 \" data-hspacer=\"no_spacer\"  data-halign=\"left\" style=\"text-align:left\"><div class=\"uvc-heading-spacer no_spacer\" style=\"top\"><\/div><div class=\"uvc-main-heading ult-responsive\"  data-ultimate-target='.uvc-heading.ultimate-heading-48369e1b44451501 h2'  data-responsive-json-new='{\"font-size\":\"desktop:24px;\",\"line-height\":\"desktop:34px;\"}' ><h2 style=\"font-weight:bold;margin-bottom:25px;\">\u00dcst\u00fcn Turkish Translation Office kalitesi<\/h2><\/div><\/div><div class=\"standard-arrow bullet-top\"><ul>\n<li><span style=\"font-weight: 400;\">Sekt\u00f6r\u00fcn\u00fczde uzmanl\u0131\u011fa sahip, s\u00f6zl\u00fc \u00e7eviri e\u011fitimi alm\u0131\u015f +500 konferans terc\u00fcman\u0131m\u0131z ile t\u00fcm dillerde s\u00f6zl\u00fc \u00e7eviri hizmetleri sunuyoruz.<\/span><\/li>\n<li><span style=\"font-weight: 400;\">Gizlili\u011finize de\u011fer veriyoruz, bu y\u00fczden i\u015fbirli\u011fi yapt\u0131\u011f\u0131m\u0131z \u00fc\u00e7\u00fcnc\u00fc taraflarla gizlilik s\u00f6zle\u015fmesi imzal\u0131yoruz.<\/span><\/li>\n<li><span style=\"font-weight: 400;\">Profesyonel bir \u00e7eviri b\u00fcrosu olarak ISO 17100 ve ISO 9001\u2019in gerektirdi\u011fi t\u00fcm niteliklere sahibiz.<\/span><\/li>\n<li><span style=\"font-weight: 400;\">\u00c7eviri ve yerelle\u015ftirme hizmetlerimizde her zaman en y\u00fcksek kaliteyi en iyi fiyata sunmay\u0131 hedefliyoruz.<\/span><\/li>\n<\/ul>\n<\/div>[\/vc_column_inner][\/vc_row_inner][\/vc_column][\/vc_row][vc_row bg_type=&#8221;image&#8221; bg_override=&#8221;full&#8221; css=&#8221;.vc_custom_1596535087001{background-image: url(https:\/\/www.turkishtranslationoffice.com\/tr\/wp-content\/uploads\/2020\/08\/uyari.jpg?id=2304) !important;}&#8221;][vc_column]<div class=\"smile_icon_list_wrap ult_info_list_container ult-adjust-bottom-margin   vc_custom_1596535225225\"><ul class=\"smile_icon_list top circle with_bg\"><li class=\"icon_list_item\" style=\" font-size:96px;\"><div class=\"icon_list_icon\" data-animation=\"\" data-animation-delay=\"03\" style=\"font-size:32px;border-width:1px;border-style:none;background:#ffffff;color:#d44133;border-color:#333333;\"><i class=\"fas fa-hands-helping\" ><\/i><\/div><div class=\"icon_description\" id=\"Info-list-wrap-4160\" style=\"font-size:32px;\"><h3 class=\"ult-responsive info-list-heading\"  data-ultimate-target='#Info-list-wrap-4160 h3'  data-responsive-json-new='{\"font-size\":\"desktop:16px;\",\"line-height\":\"desktop:24px;\"}'  style=\"font-weight:bold;color:#ffffff;\">Profesyonel Hizmet<\/h3><div class=\"icon_description_text ult-responsive\"  data-ultimate-target='#Info-list-wrap-4160 .icon_description_text'  data-responsive-json-new='{\"font-size\":\"desktop:13px;\",\"line-height\":\"desktop:18px;\"}'  style=\"color:#ffffff;\"><\/div><\/div><div class=\"icon_list_connector\" data-animation=\"fadeInLeft\" data-animation-delay=\"03\" style=\"border: none !important;\"><\/div><\/li><li class=\"icon_list_item\" style=\" font-size:96px;\"><div class=\"icon_list_icon\" data-animation=\"\" data-animation-delay=\"03\" style=\"font-size:32px;border-width:1px;border-style:none;background:#ffffff;color:#d44133;border-color:#333333;\"><i class=\"icomoon-the7-font-the7-mail-01\" ><\/i><\/div><div class=\"icon_description\" id=\"Info-list-wrap-7801\" style=\"font-size:32px;\"><h3 class=\"ult-responsive info-list-heading\"  data-ultimate-target='#Info-list-wrap-7801 h3'  data-responsive-json-new='{\"font-size\":\"desktop:16px;\",\"line-height\":\"desktop:24px;\"}'  style=\"font-weight:bold;color:#ffffff;\">Elektronik Terc\u00fcme<\/h3><div class=\"icon_description_text ult-responsive\"  data-ultimate-target='#Info-list-wrap-7801 .icon_description_text'  data-responsive-json-new='{\"font-size\":\"desktop:13px;\",\"line-height\":\"desktop:18px;\"}'  style=\"color:#ffffff;\"><\/div><\/div><div class=\"icon_list_connector\" data-animation=\"fadeInLeft\" data-animation-delay=\"03\" style=\"border: none !important;\"><\/div><\/li><li class=\"icon_list_item\" style=\" font-size:96px;\"><div class=\"icon_list_icon\" data-animation=\"\" data-animation-delay=\"03\" style=\"font-size:32px;border-width:1px;border-style:none;background:#ffffff;color:#d44133;border-color:#333333;\"><i class=\"fas fa-comments\" ><\/i><\/div><div class=\"icon_description\" id=\"Info-list-wrap-9762\" style=\"font-size:32px;\"><h3 class=\"ult-responsive info-list-heading\"  data-ultimate-target='#Info-list-wrap-9762 h3'  data-responsive-json-new='{\"font-size\":\"desktop:16px;\",\"line-height\":\"desktop:24px;\"}'  style=\"font-weight:bold;color:#ffffff;\">An\u0131nda S\u00f6zl\u00fc \u00c7eviri<\/h3><div class=\"icon_description_text ult-responsive\"  data-ultimate-target='#Info-list-wrap-9762 .icon_description_text'  data-responsive-json-new='{\"font-size\":\"desktop:13px;\",\"line-height\":\"desktop:18px;\"}'  style=\"color:#ffffff;\"><\/div><\/div><div class=\"icon_list_connector\" data-animation=\"fadeInLeft\" data-animation-delay=\"03\" style=\"border: none !important;\"><\/div><\/li><li class=\"icon_list_item\" style=\" font-size:96px;\"><div class=\"icon_list_icon\" data-animation=\"\" data-animation-delay=\"03\" style=\"font-size:32px;border-width:1px;border-style:none;background:#ffffff;color:#d44133;border-color:#333333;\"><i class=\"fas fa-thumbs-up\" ><\/i><\/div><div class=\"icon_description\" id=\"Info-list-wrap-3372\" style=\"font-size:32px;\"><h3 class=\"ult-responsive info-list-heading\"  data-ultimate-target='#Info-list-wrap-3372 h3'  data-responsive-json-new='{\"font-size\":\"desktop:16px;\",\"line-height\":\"desktop:24px;\"}'  style=\"font-weight:bold;color:#ffffff;\">G\u00fcvenilir Terc\u00fcme<\/h3><div class=\"icon_description_text ult-responsive\"  data-ultimate-target='#Info-list-wrap-3372 .icon_description_text'  data-responsive-json-new='{\"font-size\":\"desktop:13px;\",\"line-height\":\"desktop:18px;\"}'  style=\"color:#ffffff;\"><\/div><\/div><div class=\"icon_list_connector\" data-animation=\"fadeInLeft\" data-animation-delay=\"03\" style=\"border: none !important;\"><\/div><\/li><\/ul><\/div>[\/vc_column][\/vc_row]<\/p>\n","protected":false},"excerpt":{"rendered":"<p>[vc_row equal_height=&#8221;yes&#8221; content_placement=&#8221;top&#8221; bg_type=&#8221;image&#8221; parallax_style=&#8221;vcpb-default&#8221; bg_image_new=&#8221;id^3304|url^https:\/\/www.turkishtranslationoffice.com\/tr\/wp-content\/uploads\/2020\/08\/telefonda-tercume.jpg|caption^null|alt^null|title^telefonda-tercume|description^null&#8221; bg_image_repeat=&#8221;no-repeat&#8221; bg_override=&#8221;ex-full&#8221; type=&#8221;vc_default&#8221; margin_top=&#8221;5&#8243; margin_bottom=&#8221;10&#8243; css=&#8221;.vc_custom_1629973425512{padding-top: 2% !important;padding-bottom: 2% !important;}&#8221;][vc_column width=&#8221;1\/2&#8243;][vc_column_text] Acil ihtiya\u00e7lar\u0131n\u0131z i\u00e7in telefonda \u00e7eviri hizmeti sunuyoruz! Telefonda terc\u00fcme hizmetimizi t\u00fcm dil \u00e7iftlerinde 7\/24 t\u00fcm d\u00fcnyada sunuyoruz. \u00c7eviri alan\u0131ndaki uzmanl\u0131\u011f\u0131m\u0131zdan yararlanmak i\u00e7in beklemeyin! S\u0131n\u0131rlar\u0131n \u00f6tesine ge\u00e7menize yard\u0131mc\u0131 olmak i\u00e7in buraday\u0131z. Telefonda s\u00f6zl\u00fc terc\u00fcme hakk\u0131nda detayl\u0131 bilgi edinmek i\u00e7in&hellip;<\/p>\n","protected":false},"author":1,"featured_media":0,"parent":0,"menu_order":10,"comment_status":"closed","ping_status":"closed","template":"","meta":{"footnotes":""},"aioseo_notices":[],"_links":{"self":[{"href":"https:\/\/www.turkishtranslationoffice.com\/tr\/wp-json\/wp\/v2\/pages\/2618"}],"collection":[{"href":"https:\/\/www.turkishtranslationoffice.com\/tr\/wp-json\/wp\/v2\/pages"}],"about":[{"href":"https:\/\/www.turkishtranslationoffice.com\/tr\/wp-json\/wp\/v2\/types\/page"}],"author":[{"embeddable":true,"href":"https:\/\/www.turkishtranslationoffice.com\/tr\/wp-json\/wp\/v2\/users\/1"}],"replies":[{"embeddable":true,"href":"https:\/\/www.turkishtranslationoffice.com\/tr\/wp-json\/wp\/v2\/comments?post=2618"}],"version-history":[{"count":2,"href":"https:\/\/www.turkishtranslationoffice.com\/tr\/wp-json\/wp\/v2\/pages\/2618\/revisions"}],"predecessor-version":[{"id":5714,"href":"https:\/\/www.turkishtranslationoffice.com\/tr\/wp-json\/wp\/v2\/pages\/2618\/revisions\/5714"}],"wp:attachment":[{"href":"https:\/\/www.turkishtranslationoffice.com\/tr\/wp-json\/wp\/v2\/media?parent=2618"}],"curies":[{"name":"wp","href":"https:\/\/api.w.org\/{rel}","templated":true}]}}