{"id":2629,"date":"2020-08-10T12:04:14","date_gmt":"2020-08-10T09:04:14","guid":{"rendered":"https:\/\/www.turkishtranslationoffice.com\/tr\/belge-tercumesi-copy\/"},"modified":"2022-02-08T11:23:28","modified_gmt":"2022-02-08T08:23:28","slug":"simultane-tercume","status":"publish","type":"page","link":"https:\/\/www.turkishtranslationoffice.com\/tr\/simultane-tercume\/","title":{"rendered":"Simultane Terc\u00fcme"},"content":{"rendered":"<p>[vc_row equal_height=&#8221;yes&#8221; content_placement=&#8221;top&#8221; bg_type=&#8221;image&#8221; parallax_style=&#8221;vcpb-default&#8221; bg_image_new=&#8221;id^3411|url^https:\/\/www.turkishtranslationoffice.com\/tr\/wp-content\/uploads\/2020\/08\/simultane-tercume.jpg|caption^null|alt^null|title^simultane-tercume|description^null&#8221; bg_image_repeat=&#8221;no-repeat&#8221; bg_override=&#8221;ex-full&#8221; type=&#8221;vc_default&#8221; margin_top=&#8221;5&#8243; margin_bottom=&#8221;10&#8243; css=&#8221;.vc_custom_1629973478202{padding-top: 2% !important;padding-bottom: 2% !important;}&#8221;][vc_column width=&#8221;1\/2&#8243;]<div id=\"ultimate-heading-246969f2c87e6ef38\" class=\"uvc-heading ult-adjust-bottom-margin ultimate-heading-246969f2c87e6ef38 uvc-8924 \" data-hspacer=\"no_spacer\"  data-halign=\"left\" style=\"text-align:left\"><div class=\"uvc-heading-spacer no_spacer\" style=\"top\"><\/div><div class=\"uvc-main-heading ult-responsive\"  data-ultimate-target='.uvc-heading.ultimate-heading-246969f2c87e6ef38 h1'  data-responsive-json-new='{\"font-size\":\"desktop:28px;\",\"line-height\":\"desktop:34px;\"}' ><h1 style=\"font-weight:bold;margin-bottom:25px;\">Simultane \u00c7eviri Hizmetleri<\/h1><\/div><\/div>[vc_column_text]<\/p>\n<p style=\"text-align: left;\"><span style=\"font-weight: 400; font-size: 18px;\">Konferans ya da herhangi bir uluslararas\u0131 etkinli\u011finiz i\u00e7in profesyonel sim\u00fcltane terc\u00fcmanl\u0131k hizmeti mi ar\u0131yorsunuz?<\/span><\/p>\n<p><span style=\"font-weight: 400; font-size: 18px;\">Sekt\u00f6rdeki uzun y\u0131llara dayanan tecr\u00fcbemizle en kaliteli hizmeti ve ekipmanlar\u0131 sunmaktay\u0131z. \u015eimdi \u00fccretsiz fiyat teklifi al\u0131n!<\/span>[\/vc_column_text][vc_row_inner equal_height=&#8221;yes&#8221; content_placement=&#8221;top&#8221;][vc_column_inner css=&#8221;.vc_custom_1644308601332{padding-top: 20px !important;padding-bottom: 32px !important;}&#8221;]<style type=\"text\/css\" data-type=\"the7_shortcodes-inline-css\">#default-btn-eedcd43b3724d134946a7f76c1beb2cf.ico-right-side > i {\n  margin-right: 0px;\n  margin-left: 8px;\n}\n#default-btn-eedcd43b3724d134946a7f76c1beb2cf > i {\n  margin-right: 8px;\n}\n#default-btn-eedcd43b3724d134946a7f76c1beb2cf * {\n  vertical-align: middle;\n}\n<\/style><a href=\"\/tr\/teklif-alin\/\" class=\"default-btn-shortcode dt-btn dt-btn-l link-hover-off button-tto-grey btn-inline-left  vc_custom_1600266523751\" id=\"default-btn-eedcd43b3724d134946a7f76c1beb2cf\" style=\"width:225px;\"><span>\u00dccretsiz Teklif Al\u0131n<\/span><\/a><style type=\"text\/css\" data-type=\"the7_shortcodes-inline-css\">#default-btn-0b164b11233fe9cd5c66dada1d443980.ico-right-side > i {\n  margin-right: 0px;\n  margin-left: 8px;\n}\n#default-btn-0b164b11233fe9cd5c66dada1d443980 > i {\n  margin-right: 8px;\n}\n#default-btn-0b164b11233fe9cd5c66dada1d443980 * {\n  vertical-align: middle;\n}\n<\/style><a href=\"\/tr\/iletisim\/\" class=\"default-btn-shortcode dt-btn dt-btn-l link-hover-off button-tto-red btn-inline-left  vc_custom_1600266533827\" id=\"default-btn-0b164b11233fe9cd5c66dada1d443980\" style=\"width:225px;\"><span>Bize Ula\u015f\u0131n<\/span><\/a>[\/vc_column_inner][\/vc_row_inner][\/vc_column][vc_column width=&#8221;1\/2&#8243;][\/vc_column][\/vc_row][vc_row equal_height=&#8221;yes&#8221; content_placement=&#8221;top&#8221; bg_type=&#8221;bg_color&#8221; bg_override=&#8221;ex-full&#8221; type=&#8221;vc_default&#8221; margin_top=&#8221;5&#8243; margin_bottom=&#8221;10&#8243; css=&#8221;.vc_custom_1598347173915{padding-top: 30px !important;padding-bottom: 50px !important;}&#8221; bg_color_value=&#8221;#ffffff&#8221;][vc_column css=&#8221;.vc_custom_1491746299333{padding-bottom: 0px !important;}&#8221;][vc_row_inner equal_height=&#8221;yes&#8221; content_placement=&#8221;top&#8221;][vc_column_inner width=&#8221;1\/2&#8243;]<style type=\"text\/css\" data-type=\"the7_shortcodes-inline-css\">.shortcode-single-image-wrap.shortcode-single-image-e312ac42ff996625863c55d3769b6221.enable-bg-rollover .rollover i,\n.shortcode-single-image-wrap.shortcode-single-image-e312ac42ff996625863c55d3769b6221.enable-bg-rollover .rollover-video i {\n  background: ;\n  background: -webkit-linear-gradient();\n  background: linear-gradient();\n}\n.shortcode-single-image-wrap.shortcode-single-image-e312ac42ff996625863c55d3769b6221 .rollover-icon {\n  font-size: 32px;\n  color: #ffffff;\n  min-width: 44px;\n  min-height: 44px;\n  line-height: 44px;\n  border-radius: 100px;\n  border-style: solid;\n  border-width: 0px;\n}\n.dt-icon-bg-on.shortcode-single-image-wrap.shortcode-single-image-e312ac42ff996625863c55d3769b6221 .rollover-icon {\n  background: rgba(255,255,255,0.3);\n  box-shadow: none;\n}\n<\/style><div class=\"shortcode-single-image-wrap shortcode-single-image-e312ac42ff996625863c55d3769b6221 alignnone  enable-bg-rollover dt-icon-bg-off\" style=\"margin-top:0px; margin-bottom:0px; margin-left:0px; margin-right:0px; width:1000px;\"><div class=\"shortcode-single-image\"><div class=\"fancy-media-wrap  layzr-bg\" style=\"border-radius:10px;\"><img loading=\"lazy\" decoding=\"async\" class=\"preload-me lazy-load\" src=\"data:image\/svg+xml,%3Csvg%20xmlns%3D&#39;http%3A%2F%2Fwww.w3.org%2F2000%2Fsvg&#39;%20viewBox%3D&#39;0%200%201000%20700&#39;%2F%3E\" data-src=\"https:\/\/www.turkishtranslationoffice.com\/tr\/wp-content\/uploads\/sites\/1\/2020\/08\/simultane-tercume-nedir-nasil-yapilir-1000x700.jpg\" data-srcset=\"https:\/\/www.turkishtranslationoffice.com\/tr\/wp-content\/uploads\/sites\/1\/2020\/08\/simultane-tercume-nedir-nasil-yapilir-1000x700.jpg 1000w, https:\/\/www.turkishtranslationoffice.com\/tr\/wp-content\/uploads\/sites\/1\/2020\/08\/simultane-tercume-nedir-nasil-yapilir-1524x1067.jpg 1524w\" width=\"1000\" height=\"700\"  data-dt-location=\"https:\/\/www.turkishtranslationoffice.com\/tr\/simultane-tercume\/simultane-tercume-nedir-nasil-yapilir\/\" style=\"border-radius:10px;\" alt=\"Konu\u015fma \u00e7evirisi\" \/><\/div><\/div><\/div>[\/vc_column_inner][vc_column_inner width=&#8221;1\/2&#8243; css=&#8221;.vc_custom_1596550089277{padding-top: 20px !important;}&#8221;]<div id=\"ultimate-heading-800969f2c87e6f720\" class=\"uvc-heading ult-adjust-bottom-margin ultimate-heading-800969f2c87e6f720 uvc-3877 \" data-hspacer=\"no_spacer\"  data-halign=\"left\" style=\"text-align:left\"><div class=\"uvc-heading-spacer no_spacer\" style=\"top\"><\/div><div class=\"uvc-main-heading ult-responsive\"  data-ultimate-target='.uvc-heading.ultimate-heading-800969f2c87e6f720 h2'  data-responsive-json-new='{\"font-size\":\"desktop:24px;\",\"line-height\":\"desktop:34px;\"}' ><h2 style=\"font-weight:bold;margin-bottom:25px;\">Simultane terc\u00fcme nedir ve nas\u0131l yap\u0131l\u0131r?<\/h2><\/div><\/div>[vc_column_text]<span style=\"font-weight: 400;\">Konu\u015fma \u00e7evirisi en eski \u00e7eviri gelene\u011fi olmas\u0131na ra\u011fmen, simultaneyi en zorlu \u00e7eviri hizmeti olarak kabul edebiliriz. Bunun sebeplerinden biri dil uzman\u0131n\u0131n farkl\u0131 uzmanl\u0131klara sahip olmas\u0131n\u0131 gerektirmesidir. Her iki dile de \u00fcst\u00fcn hakimiyetin yan\u0131 s\u0131ra ayn\u0131 anda dinleme, konu\u015fma ve k\u0131sa s\u00fcreli haf\u0131zada yetkinlik \u00e7ok \u00f6nemlidir. T\u00fcm bunlar d\u0131\u015f\u0131nda terc\u00fcman\u0131n konu hakk\u0131nda detayl\u0131 bilgi sahibi olmas\u0131 gerekmektedir.<\/span><\/p>\n<p>Simultane \u00e7evirinin yap\u0131labilmesi i\u00e7in birtak\u0131m teknik ekipmanlar ve bir d\u00fczenek gereklidir. Terc\u00fcman genellikle sahneyi ve konu\u015fmac\u0131y\u0131 g\u00f6ren bir kabinde oturur. Konu\u015fma esnas\u0131nda terc\u00fcman e\u015f zamanl\u0131 olarak hedef dilde terc\u00fcmeyi ger\u00e7ekle\u015ftirir.[\/vc_column_text][\/vc_column_inner][\/vc_row_inner][\/vc_column][\/vc_row][vc_row equal_height=&#8221;yes&#8221; content_placement=&#8221;top&#8221; bg_type=&#8221;image&#8221; parallax_style=&#8221;vcpb-default&#8221; bg_image_new=&#8221;id^3416|url^https:\/\/www.turkishtranslationoffice.com\/tr\/wp-content\/uploads\/2020\/08\/simultane-tercumenin-uc-avantaji.jpg|caption^null|alt^null|title^simultane-tercumenin-uc-avantaji|description^null&#8221; bg_image_repeat=&#8221;no-repeat&#8221; bg_override=&#8221;ex-full&#8221; type=&#8221;vc_default&#8221; margin_top=&#8221;5&#8243; margin_bottom=&#8221;10&#8243; css=&#8221;.vc_custom_1598347042945{padding-top: 30px !important;padding-bottom: 50px !important;}&#8221;][vc_column css=&#8221;.vc_custom_1491746299333{padding-bottom: 0px !important;}&#8221;][vc_row_inner equal_height=&#8221;yes&#8221; content_placement=&#8221;top&#8221;][vc_column_inner width=&#8221;1\/2&#8243; css=&#8221;.vc_custom_1596550089277{padding-top: 20px !important;}&#8221;]<div id=\"ultimate-heading-833369f2c87e6f73e\" class=\"uvc-heading ult-adjust-bottom-margin ultimate-heading-833369f2c87e6f73e uvc-3887 \" data-hspacer=\"no_spacer\"  data-halign=\"left\" style=\"text-align:left\"><div class=\"uvc-heading-spacer no_spacer\" style=\"top\"><\/div><div class=\"uvc-main-heading ult-responsive\"  data-ultimate-target='.uvc-heading.ultimate-heading-833369f2c87e6f73e h2'  data-responsive-json-new='{\"font-size\":\"desktop:24px;\",\"line-height\":\"desktop:34px;\"}' ><h2 style=\"font-weight:bold;margin-bottom:25px;\">Simultane \u00e7evirinin 3 avantaj\u0131<\/h2><\/div><\/div>[vc_column_text]<b style=\"color: #d44133;\">Ekstra zaman gerektirmez<br \/>\n<\/b><span style=\"font-weight: 400;\">S\u00f6zl\u00fc \u00e7eviri, konu\u015fma ile e\u015f zamanl\u0131 olarak ger\u00e7ekle\u015ftirildi\u011fi i\u00e7in konu\u015fmac\u0131 ve izleyicilerin ekstra zaman\u0131n\u0131 almaz.<\/span><\/p>\n<p><b style=\"color: #d44133;\">Ayn\u0131 anda farkl\u0131 diller<br \/>\n<\/b><span style=\"font-weight: 400;\">Geni\u015f kapsaml\u0131 etkinlik s\u0131ras\u0131nda ayn\u0131 anda farkl\u0131 diller i\u00e7in terc\u00fcme yap\u0131labilir.<\/span><\/p>\n<p><b style=\"color: #d44133;\">Do\u011fal konu\u015fma ak\u0131\u015f\u0131<br \/>\n<\/b><span style=\"font-weight: 400;\">Simultane \u00e7eviri konu\u015fmac\u0131 ile e\u015f zamanl\u0131 olarak ger\u00e7ekle\u015fti\u011fi i\u00e7in konu\u015fman\u0131n do\u011fal ak\u0131\u015f\u0131 b\u00f6l\u00fcnmez.<\/span><\/p>\n<p><b>Simultane terc\u00fcme ne zaman tercih edilir?<\/b><\/p>\n<ul>\n<li>Kongre ve Konferanslarda<\/li>\n<li><span style=\"font-weight: 400;\">Rehberli Turlarda<\/span><\/li>\n<li><span style=\"font-weight: 400;\">E\u011fitimlerde<\/span><\/li>\n<li><span style=\"font-weight: 400;\">Canl\u0131 Yay\u0131n ve \u015eovlarda<\/span><\/li>\n<li><span style=\"font-weight: 400;\">Resmi ve Siyasi Toplant\u0131larda<\/span><\/li>\n<\/ul>\n<p>[\/vc_column_text][\/vc_column_inner][vc_column_inner width=&#8221;1\/2&#8243;][\/vc_column_inner][\/vc_row_inner][\/vc_column][\/vc_row][vc_row equal_height=&#8221;yes&#8221; content_placement=&#8221;top&#8221; bg_type=&#8221;image&#8221; parallax_style=&#8221;vcpb-hz-jquery&#8221; bg_image_new=&#8221;id^1611|url^https:\/\/www.turkishtranslationoffice.com\/tr\/wp-content\/uploads\/2016\/02\/bg-mem.png|caption^null|alt^null|title^bg-mem|description^null&#8221; bg_override=&#8221;ex-full&#8221; type=&#8221;vc_default&#8221; margin_top=&#8221;5&#8243; margin_bottom=&#8221;10&#8243; css=&#8221;.vc_custom_1598347269506{padding-top: 30px !important;padding-bottom: 50px !important;background-color: #657799 !important;}&#8221;][vc_column css=&#8221;.vc_custom_1491746299333{padding-bottom: 0px !important;}&#8221;][vc_row_inner equal_height=&#8221;yes&#8221; content_placement=&#8221;top&#8221;][vc_column_inner width=&#8221;1\/2&#8243;]<style type=\"text\/css\" data-type=\"the7_shortcodes-inline-css\">.shortcode-single-image-wrap.shortcode-single-image-3b24e32dfb46702afacacf2edd80c81b.enable-bg-rollover .rollover i,\n.shortcode-single-image-wrap.shortcode-single-image-3b24e32dfb46702afacacf2edd80c81b.enable-bg-rollover .rollover-video i {\n  background: ;\n  background: -webkit-linear-gradient();\n  background: linear-gradient();\n}\n.shortcode-single-image-wrap.shortcode-single-image-3b24e32dfb46702afacacf2edd80c81b .rollover-icon {\n  font-size: 32px;\n  color: #ffffff;\n  min-width: 44px;\n  min-height: 44px;\n  line-height: 44px;\n  border-radius: 100px;\n  border-style: solid;\n  border-width: 0px;\n}\n.dt-icon-bg-on.shortcode-single-image-wrap.shortcode-single-image-3b24e32dfb46702afacacf2edd80c81b .rollover-icon {\n  background: rgba(255,255,255,0.3);\n  box-shadow: none;\n}\n<\/style><div class=\"shortcode-single-image-wrap shortcode-single-image-3b24e32dfb46702afacacf2edd80c81b alignnone  enable-bg-rollover dt-icon-bg-off\" style=\"margin-top:0px; margin-bottom:0px; margin-left:0px; margin-right:0px; width:1000px;\"><div class=\"shortcode-single-image\"><div class=\"fancy-media-wrap  layzr-bg\" style=\"border-radius:10px;\"><img loading=\"lazy\" decoding=\"async\" class=\"preload-me lazy-load\" src=\"data:image\/svg+xml,%3Csvg%20xmlns%3D&#39;http%3A%2F%2Fwww.w3.org%2F2000%2Fsvg&#39;%20viewBox%3D&#39;0%200%201000%20700&#39;%2F%3E\" data-src=\"https:\/\/www.turkishtranslationoffice.com\/tr\/wp-content\/uploads\/sites\/1\/2020\/08\/tto-ayricaliklari-1000x700.jpg\" data-srcset=\"https:\/\/www.turkishtranslationoffice.com\/tr\/wp-content\/uploads\/sites\/1\/2020\/08\/tto-ayricaliklari-1000x700.jpg 1000w, https:\/\/www.turkishtranslationoffice.com\/tr\/wp-content\/uploads\/sites\/1\/2020\/08\/tto-ayricaliklari-1521x1065.jpg 1521w\" width=\"1000\" height=\"700\"  data-dt-location=\"https:\/\/www.turkishtranslationoffice.com\/tr\/edebi-tercume\/tto-ayricaliklari\/\" style=\"border-radius:10px;\" alt=\"tecr\u00fcbe sahibi ve e\u011fitimli terc\u00fcman\" \/><\/div><\/div><\/div>[\/vc_column_inner][vc_column_inner width=&#8221;1\/2&#8243; css=&#8221;.vc_custom_1596550089277{padding-top: 20px !important;}&#8221;]<div id=\"ultimate-heading-352269f2c87e6fa8f\" class=\"uvc-heading ult-adjust-bottom-margin ultimate-heading-352269f2c87e6fa8f uvc-70 \" data-hspacer=\"no_spacer\"  data-halign=\"left\" style=\"text-align:left\"><div class=\"uvc-heading-spacer no_spacer\" style=\"top\"><\/div><div class=\"uvc-main-heading ult-responsive\"  data-ultimate-target='.uvc-heading.ultimate-heading-352269f2c87e6fa8f h2'  data-responsive-json-new='{\"font-size\":\"desktop:24px;\",\"line-height\":\"desktop:34px;\"}' ><h2 style=\"font-weight:bold;color:#ffffff;margin-bottom:25px;\">Simultane \u00e7eviride Turkish Translation Office ayr\u0131cal\u0131klar\u0131<\/h2><\/div><\/div><div class=\"standard-arrow bullet-top\"><ul>\n<li><span style=\"font-weight: 400; color: #ffffff;\">Sertifikal\u0131 +500 terc\u00fcmanlar\u0131m\u0131zla her dilde profesyonel hizmet veriyoruz.<\/span><\/li>\n<li><span style=\"font-weight: 400; color: #ffffff;\">Simultane \u00e7evirmenlerimiz \u00f6zel e\u011fitimli, sekt\u00f6rel uzmanl\u0131k sahibi dil uzmanlar\u0131d\u0131r.<\/span><\/li>\n<li><span style=\"font-weight: 400; color: #ffffff;\">Simultane terc\u00fcme hizmetimizi ekipman kiralama hizmetlerimiz ile tamaml\u0131yoruz.<\/span><\/li>\n<li><span style=\"font-weight: 400; color: #ffffff;\">Gizlili\u011finize bizim i\u00e7in \u00f6nemli! Terc\u00fcman ve 3. taraflarla gizlilik s\u00f6zle\u015fmeleri imzal\u0131yoruz.<\/span><\/li>\n<li><span style=\"font-weight: 400; color: #ffffff;\">Turkish Translation Office olarak ISO 9001 ve ISO 17100&#8217;\u00fcn gerektirdi\u011fi t\u00fcm niteliklere sahibiz.<\/span><\/li>\n<\/ul>\n<\/div>[\/vc_column_inner][\/vc_row_inner][\/vc_column][\/vc_row][vc_row content_placement=&#8221;middle&#8221; bg_type=&#8221;grad&#8221; bg_override=&#8221;full&#8221; bg_grad=&#8221;background: -webkit-gradient(linear, left top, left bottom, color-stop(0%, #365088), color-stop(100%, #EA524D));background: -moz-linear-gradient(135deg,#365088 0%,#EA524D 100%);background: -webkit-linear-gradient(135deg,#365088 0%,#EA524D 100%);background: -o-linear-gradient(135deg,#365088 0%,#EA524D 100%);background: -ms-linear-gradient(135deg,#365088 0%,#EA524D 100%);background: linear-gradient(135deg,#365088 0%,#EA524D 100%);&#8221;][vc_column width=&#8221;2\/3&#8243;][vc_column_text]<strong style=\"color: #ffffff; font-size: 24px;\">Acil simultane \u00e7eviri mi yapt\u0131rmak istiyorsunuz? Profesyonel terc\u00fcme b\u00fcromuz ile hizmetinizdeyiz. \u00dccretsiz fiyat teklifi almak i\u00e7in bize ula\u015f\u0131n!<\/strong>[\/vc_column_text][\/vc_column][vc_column width=&#8221;1\/3&#8243;][vc_btn title=&#8221;Bize Ula\u015f\u0131n&#8221; color=&#8221;warning&#8221; size=&#8221;lg&#8221; align=&#8221;right&#8221; link=&#8221;url:%2Ftr%2Filetisim%2F|||&#8221;][\/vc_column][\/vc_row]<\/p>\n","protected":false},"excerpt":{"rendered":"<p>[vc_row equal_height=&#8221;yes&#8221; content_placement=&#8221;top&#8221; bg_type=&#8221;image&#8221; parallax_style=&#8221;vcpb-default&#8221; bg_image_new=&#8221;id^3411|url^https:\/\/www.turkishtranslationoffice.com\/tr\/wp-content\/uploads\/2020\/08\/simultane-tercume.jpg|caption^null|alt^null|title^simultane-tercume|description^null&#8221; bg_image_repeat=&#8221;no-repeat&#8221; bg_override=&#8221;ex-full&#8221; type=&#8221;vc_default&#8221; margin_top=&#8221;5&#8243; margin_bottom=&#8221;10&#8243; css=&#8221;.vc_custom_1629973478202{padding-top: 2% !important;padding-bottom: 2% !important;}&#8221;][vc_column width=&#8221;1\/2&#8243;][vc_column_text] Konferans ya da herhangi bir uluslararas\u0131 etkinli\u011finiz i\u00e7in profesyonel sim\u00fcltane terc\u00fcmanl\u0131k hizmeti mi ar\u0131yorsunuz? Sekt\u00f6rdeki uzun y\u0131llara dayanan tecr\u00fcbemizle en kaliteli hizmeti ve ekipmanlar\u0131 sunmaktay\u0131z. \u015eimdi \u00fccretsiz fiyat teklifi al\u0131n![\/vc_column_text][vc_row_inner equal_height=&#8221;yes&#8221; content_placement=&#8221;top&#8221;][vc_column_inner css=&#8221;.vc_custom_1644308601332{padding-top: 20px !important;padding-bottom: 32px !important;}&#8221;][\/vc_column_inner][\/vc_row_inner][\/vc_column][vc_column width=&#8221;1\/2&#8243;][\/vc_column][\/vc_row][vc_row&hellip;<\/p>\n","protected":false},"author":1,"featured_media":0,"parent":0,"menu_order":10,"comment_status":"closed","ping_status":"closed","template":"","meta":{"footnotes":""},"aioseo_notices":[],"_links":{"self":[{"href":"https:\/\/www.turkishtranslationoffice.com\/tr\/wp-json\/wp\/v2\/pages\/2629"}],"collection":[{"href":"https:\/\/www.turkishtranslationoffice.com\/tr\/wp-json\/wp\/v2\/pages"}],"about":[{"href":"https:\/\/www.turkishtranslationoffice.com\/tr\/wp-json\/wp\/v2\/types\/page"}],"author":[{"embeddable":true,"href":"https:\/\/www.turkishtranslationoffice.com\/tr\/wp-json\/wp\/v2\/users\/1"}],"replies":[{"embeddable":true,"href":"https:\/\/www.turkishtranslationoffice.com\/tr\/wp-json\/wp\/v2\/comments?post=2629"}],"version-history":[{"count":3,"href":"https:\/\/www.turkishtranslationoffice.com\/tr\/wp-json\/wp\/v2\/pages\/2629\/revisions"}],"predecessor-version":[{"id":5706,"href":"https:\/\/www.turkishtranslationoffice.com\/tr\/wp-json\/wp\/v2\/pages\/2629\/revisions\/5706"}],"wp:attachment":[{"href":"https:\/\/www.turkishtranslationoffice.com\/tr\/wp-json\/wp\/v2\/media?parent=2629"}],"curies":[{"name":"wp","href":"https:\/\/api.w.org\/{rel}","templated":true}]}}