{"id":2644,"date":"2020-08-10T12:33:58","date_gmt":"2020-08-10T09:33:58","guid":{"rendered":"https:\/\/www.turkishtranslationoffice.com\/tr\/simultane-tercume-copy\/"},"modified":"2022-02-08T11:23:03","modified_gmt":"2022-02-08T08:23:03","slug":"simultane-sistem-kiralama","status":"publish","type":"page","link":"https:\/\/www.turkishtranslationoffice.com\/tr\/simultane-sistem-kiralama\/","title":{"rendered":"Simultane Sistem Kiralama"},"content":{"rendered":"<p>[vc_row equal_height=&#8221;yes&#8221; content_placement=&#8221;top&#8221; bg_type=&#8221;image&#8221; parallax_style=&#8221;vcpb-default&#8221; bg_image_new=&#8221;id^3486|url^https:\/\/www.turkishtranslationoffice.com\/tr\/wp-content\/uploads\/2020\/08\/simultane-sistem-kiralama-.jpg|caption^null|alt^null|title^simultane-sistem-kiralama-|description^null&#8221; bg_image_repeat=&#8221;no-repeat&#8221; bg_override=&#8221;ex-full&#8221; type=&#8221;vc_default&#8221; margin_top=&#8221;5&#8243; margin_bottom=&#8221;10&#8243; css=&#8221;.vc_custom_1629973580685{padding-top: 2% !important;padding-bottom: 2% !important;}&#8221;][vc_column width=&#8221;1\/2&#8243;]<div id=\"ultimate-heading-540369e4948ee93d9\" class=\"uvc-heading ult-adjust-bottom-margin ultimate-heading-540369e4948ee93d9 uvc-5707 \" data-hspacer=\"no_spacer\"  data-halign=\"left\" style=\"text-align:left\"><div class=\"uvc-heading-spacer no_spacer\" style=\"top\"><\/div><div class=\"uvc-main-heading ult-responsive\"  data-ultimate-target='.uvc-heading.ultimate-heading-540369e4948ee93d9 h1'  data-responsive-json-new='{\"font-size\":\"desktop:28px;\",\"line-height\":\"desktop:34px;\"}' ><h1 style=\"font-weight:bold;margin-bottom:25px;\">Simultane \u00e7eviri sistem kiralama<\/h1><\/div><\/div>[vc_column_text]<\/p>\n<p style=\"text-align: left;\"><span style=\"font-weight: 400; font-size: 18px;\">\u00dcst\u00fcn kalitede simultane sistem hizmetlerimizi \u00e7ok iyi fiyatlara sunuyoruz! Turkish Translation Office\u2019ten Simultane terc\u00fcme hizmeti ald\u0131\u011f\u0131n\u0131zda, simultane ekipman kiralamak i\u00e7in farkl\u0131 bir firma araman\u0131za gerek yok! Uluslararas\u0131 etkinlikleriniz ve konferanslar\u0131n\u0131z i\u00e7in kapsaml\u0131 hizmetlerimizden yararlanmak i\u00e7in bize hemen ula\u015f\u0131n.<\/span><\/p>\n<p>[\/vc_column_text][vc_row_inner equal_height=&#8221;yes&#8221; content_placement=&#8221;top&#8221;][vc_column_inner css=&#8221;.vc_custom_1644308574470{padding-top: 20px !important;padding-bottom: 32px !important;}&#8221;]<style type=\"text\/css\" data-type=\"the7_shortcodes-inline-css\">#default-btn-9fbd2c15196db11d73ec0b0c239538ac.ico-right-side > i {\n  margin-right: 0px;\n  margin-left: 8px;\n}\n#default-btn-9fbd2c15196db11d73ec0b0c239538ac > i {\n  margin-right: 8px;\n}\n#default-btn-9fbd2c15196db11d73ec0b0c239538ac * {\n  vertical-align: middle;\n}\n<\/style><a href=\"\/tr\/teklif-alin\/\" class=\"default-btn-shortcode dt-btn dt-btn-l link-hover-off button-tto-grey btn-inline-left  vc_custom_1600266692508\" id=\"default-btn-9fbd2c15196db11d73ec0b0c239538ac\" style=\"width:225px;\"><span>\u00dccretsiz Teklif Al\u0131n<\/span><\/a><style type=\"text\/css\" data-type=\"the7_shortcodes-inline-css\">#default-btn-7f139948413ff3d943cf1461b58e2398.ico-right-side > i {\n  margin-right: 0px;\n  margin-left: 8px;\n}\n#default-btn-7f139948413ff3d943cf1461b58e2398 > i {\n  margin-right: 8px;\n}\n#default-btn-7f139948413ff3d943cf1461b58e2398 * {\n  vertical-align: middle;\n}\n<\/style><a href=\"\/tr\/iletisim\/\" class=\"default-btn-shortcode dt-btn dt-btn-l link-hover-off button-tto-red btn-inline-left  vc_custom_1600266702285\" id=\"default-btn-7f139948413ff3d943cf1461b58e2398\" style=\"width:225px;\"><span>Bize Ula\u015f\u0131n<\/span><\/a>[\/vc_column_inner][\/vc_row_inner][\/vc_column][vc_column width=&#8221;1\/2&#8243;][\/vc_column][\/vc_row][vc_row equal_height=&#8221;yes&#8221; content_placement=&#8221;top&#8221; bg_type=&#8221;bg_color&#8221; bg_override=&#8221;ex-full&#8221; type=&#8221;vc_default&#8221; margin_top=&#8221;5&#8243; margin_bottom=&#8221;10&#8243; css=&#8221;.vc_custom_1596636425678{padding-top: 30px !important;padding-bottom: 50px !important;}&#8221; bg_color_value=&#8221;#f4f4f4&#8243;][vc_column css=&#8221;.vc_custom_1491746299333{padding-bottom: 0px !important;}&#8221;][vc_row_inner equal_height=&#8221;yes&#8221; content_placement=&#8221;top&#8221;][vc_column_inner width=&#8221;1\/2&#8243;]<style type=\"text\/css\" data-type=\"the7_shortcodes-inline-css\">.shortcode-single-image-wrap.shortcode-single-image-fbb926f973acdc81c681adb599da29de.enable-bg-rollover .rollover i,\n.shortcode-single-image-wrap.shortcode-single-image-fbb926f973acdc81c681adb599da29de.enable-bg-rollover .rollover-video i {\n  background: ;\n  background: -webkit-linear-gradient();\n  background: linear-gradient();\n}\n.shortcode-single-image-wrap.shortcode-single-image-fbb926f973acdc81c681adb599da29de .rollover-icon {\n  font-size: 32px;\n  color: #ffffff;\n  min-width: 44px;\n  min-height: 44px;\n  line-height: 44px;\n  border-radius: 100px;\n  border-style: solid;\n  border-width: 0px;\n}\n.dt-icon-bg-on.shortcode-single-image-wrap.shortcode-single-image-fbb926f973acdc81c681adb599da29de .rollover-icon {\n  background: rgba(255,255,255,0.3);\n  box-shadow: none;\n}\n<\/style><div class=\"shortcode-single-image-wrap shortcode-single-image-fbb926f973acdc81c681adb599da29de alignnone  enable-bg-rollover dt-icon-bg-off\" style=\"margin-top:0px; margin-bottom:0px; margin-left:0px; margin-right:0px; width:1000px;\"><div class=\"shortcode-single-image\"><div class=\"fancy-media-wrap  layzr-bg\" style=\"border-radius:10px;\"><img loading=\"lazy\" decoding=\"async\" class=\"preload-me lazy-load\" src=\"data:image\/svg+xml,%3Csvg%20xmlns%3D&#39;http%3A%2F%2Fwww.w3.org%2F2000%2Fsvg&#39;%20viewBox%3D&#39;0%200%201000%20700&#39;%2F%3E\" data-src=\"https:\/\/www.turkishtranslationoffice.com\/tr\/wp-content\/uploads\/sites\/1\/2020\/09\/simultane-ceviri-ekipmanlari-1-1000x700.jpg\" data-srcset=\"https:\/\/www.turkishtranslationoffice.com\/tr\/wp-content\/uploads\/sites\/1\/2020\/09\/simultane-ceviri-ekipmanlari-1-1000x700.jpg 1000w, https:\/\/www.turkishtranslationoffice.com\/tr\/wp-content\/uploads\/sites\/1\/2020\/09\/simultane-ceviri-ekipmanlari-1-1509x1057.jpg 1509w\" width=\"1000\" height=\"700\"  data-dt-location=\"https:\/\/www.turkishtranslationoffice.com\/tr\/simultane-sistem-kiralama\/simultane-ceviri-ekipmanlari\/\" style=\"border-radius:10px;\" alt=\"Simultane \u00e7eviri ekipmanlar\u0131\" \/><\/div><\/div><\/div>[\/vc_column_inner][vc_column_inner width=&#8221;1\/2&#8243; css=&#8221;.vc_custom_1596550089277{padding-top: 20px !important;}&#8221;]<div id=\"ultimate-heading-519669e4948eea2de\" class=\"uvc-heading ult-adjust-bottom-margin ultimate-heading-519669e4948eea2de uvc-4522 \" data-hspacer=\"no_spacer\"  data-halign=\"left\" style=\"text-align:left\"><div class=\"uvc-heading-spacer no_spacer\" style=\"top\"><\/div><div class=\"uvc-main-heading ult-responsive\"  data-ultimate-target='.uvc-heading.ultimate-heading-519669e4948eea2de h2'  data-responsive-json-new='{\"font-size\":\"desktop:24px;\",\"line-height\":\"desktop:34px;\"}' ><h2 style=\"font-weight:bold;margin-bottom:25px;\">Simultane \u00e7eviri ekipmanlar\u0131<\/h2><\/div><\/div>[vc_column_text]<span style=\"font-weight: 400;\">Konu\u015fma \u00e7evirisi t\u00fcrlerinde en \u00f6zel alanlardan biri olan simultane, baz\u0131 teknik gereklilikleri olan bir aland\u0131r. Uluslararas\u0131 konferanslar, kongre ve global \u00e7apta d\u00fczenlenen etkinliklerde genellikle pek \u00e7ok farkl\u0131 dilden konu\u015fmac\u0131lar yer al\u0131r. Bu t\u00fcrden \u00e7ok k\u00fclt\u00fcrl\u00fc bir etkinlik d\u00fczenliyorsan\u0131z kat\u0131l\u0131mc\u0131lar\u0131n\u0131z i\u00e7in sunulan i\u00e7eri\u011fe t\u00fcm dillerde eri\u015fim hakk\u0131 tan\u0131man\u0131z \u00f6nemlidir.<\/span><\/p>\n<p><b>Ba\u015far\u0131l\u0131 bir simultane \u00e7eviri deneyimi i\u00e7in;<\/b><\/p>\n<ul>\n<li>Se\u00e7ilen dil uzman\u0131 konuya son derece hakim olmal\u0131d\u0131r.<\/li>\n<li><span style=\"font-weight: 400;\">Dil uzman\u0131 simultane terc\u00fcme becerilerinde ileri d\u00fczeyde olmal\u0131dl\u0131r.<\/span><\/li>\n<li><span style=\"font-weight: 400;\">Dil uzman\u0131 her iki dile de y\u00fcksek hakimiyete sahip olmal\u0131d\u0131r.<\/span><\/li>\n<li><span style=\"font-weight: 400;\">Simultane \u00e7eviri teknik ekipmanlar\u0131 kaliteli olmal\u0131 ve sorunsuz \u00e7al\u0131\u015fmal\u0131d\u0131r.<\/span><\/li>\n<\/ul>\n<p>[\/vc_column_text][\/vc_column_inner][\/vc_row_inner][\/vc_column][\/vc_row][vc_row equal_height=&#8221;yes&#8221; content_placement=&#8221;top&#8221; bg_type=&#8221;image&#8221; parallax_style=&#8221;vcpb-default&#8221; bg_image_new=&#8221;id^3474|url^https:\/\/www.turkishtranslationoffice.com\/tr\/wp-content\/uploads\/2020\/08\/simultane-ceviri-sistem-kiralama-avantajlari.jpg|caption^null|alt^null|title^simultane-ceviri-sistem-kiralama-avantajlari|description^null&#8221; bg_override=&#8221;ex-full&#8221; type=&#8221;vc_default&#8221; margin_top=&#8221;5&#8243; margin_bottom=&#8221;10&#8243; css=&#8221;.vc_custom_1598367215301{padding-top: 30px !important;padding-bottom: 50px !important;}&#8221;][vc_column css=&#8221;.vc_custom_1491746299333{padding-bottom: 0px !important;}&#8221;][vc_row_inner equal_height=&#8221;yes&#8221; content_placement=&#8221;top&#8221;][vc_column_inner width=&#8221;1\/2&#8243; css=&#8221;.vc_custom_1596550089277{padding-top: 20px !important;}&#8221;]<div id=\"ultimate-heading-316069e4948eea346\" class=\"uvc-heading ult-adjust-bottom-margin ultimate-heading-316069e4948eea346 uvc-4674 \" data-hspacer=\"no_spacer\"  data-halign=\"left\" style=\"text-align:left\"><div class=\"uvc-heading-spacer no_spacer\" style=\"top\"><\/div><div class=\"uvc-main-heading ult-responsive\"  data-ultimate-target='.uvc-heading.ultimate-heading-316069e4948eea346 h2'  data-responsive-json-new='{\"font-size\":\"desktop:24px;\",\"line-height\":\"desktop:34px;\"}' ><h2 style=\"font-weight:bold;margin-bottom:25px;\">Turkish Translation Office ile simultane \u00e7eviri sistem kiralama avantajlar\u0131<\/h2><\/div><\/div><div class=\"standard-arrow bullet-top\"><ul>\n<li><span style=\"font-weight: 400;\">Sertifikal\u0131 ve tecr\u00fcbeli konferans \u00e7evirmen say\u0131m\u0131z 500\u2019\u00fcn \u00fczerinde!<\/span><\/li>\n<li><span style=\"font-weight: 400;\">Simultane terc\u00fcme i\u00e7in gerekli t\u00fcm teknik ekipman ve teknik uzman deste\u011fini birlikte sunuyoruz!<\/span><\/li>\n<li><span style=\"font-weight: 400;\">Terc\u00fcme sekt\u00f6r\u00fcnde y\u0131llar i\u00e7inde kazand\u0131\u011f\u0131m\u0131z tecr\u00fcbe ile \u00fcst\u00fcn kalitede hizmet veriyoruz!<\/span><\/li>\n<li><span style=\"font-weight: 400;\">Ses ge\u00e7irmez \u00e7evirmen kabinlerimiz i\u00e7inde \u00fcst\u00fcn kalitede telsiz, kulakl\u0131k ve mikrofonlar bulunuyor. Davetlilerinizin hijyen ve konforuna \u00f6nem veriyoruz, en kaliteli kulakl\u0131klar\u0131 kulakl\u0131klar\u0131 kullan\u0131yoruz.<\/span><\/li>\n<li><span style=\"font-weight: 400;\">Web sitemizde \u015fu ana kadar simultane terc\u00fcme hizmetleri kapsam\u0131nda i\u015fbirli\u011fi yapt\u0131\u011f\u0131m\u0131z d\u00fcnya lideri pek \u00e7ok mutlu m\u00fc\u015fterimizden olu\u015fan listeyi inceleyebilirsiniz.<\/span><\/li>\n<li><span style=\"font-weight: 400;\">Turkish Translation Office olarak \u00e7eviri, yerelle\u015ftirme ve s\u00f6zl\u00fc terc\u00fcme projelerimizi \u00fcst d\u00fczey kalite anlay\u0131\u015f\u0131yla y\u00fcr\u00fct\u00fcyoruz.<\/span><\/li>\n<\/ul>\n<\/div>[\/vc_column_inner][vc_column_inner width=&#8221;1\/2&#8243;][\/vc_column_inner][\/vc_row_inner][\/vc_column][\/vc_row][vc_row content_placement=&#8221;middle&#8221; bg_type=&#8221;grad&#8221; bg_override=&#8221;full&#8221; bg_grad=&#8221;background: -webkit-gradient(linear, left top, left bottom, color-stop(0%, #365088), color-stop(100%, #EA524D));background: -moz-linear-gradient(135deg,#365088 0%,#EA524D 100%);background: -webkit-linear-gradient(135deg,#365088 0%,#EA524D 100%);background: -o-linear-gradient(135deg,#365088 0%,#EA524D 100%);background: -ms-linear-gradient(135deg,#365088 0%,#EA524D 100%);background: linear-gradient(135deg,#365088 0%,#EA524D 100%);&#8221;][vc_column width=&#8221;2\/3&#8243;][vc_column_text]<strong style=\"color: #ffffff; font-size: 24px;\">Organizasyonunuz ka\u00e7 ki\u015filik olursa olsun, ekipmanlar\u0131n\u0131z ve teknik destek profesyonel ve g\u00fcvenilir simultane sistem kiralama \u00e7\u00f6z\u00fcmlerimizden yararlanabilirsiniz!<\/strong>[\/vc_column_text][\/vc_column][vc_column width=&#8221;1\/3&#8243;][vc_btn title=&#8221;Bize Ula\u015f\u0131n&#8221; color=&#8221;warning&#8221; size=&#8221;lg&#8221; align=&#8221;right&#8221; link=&#8221;url:%2Ftr%2Filetisim%2F|||&#8221;][\/vc_column][\/vc_row]<\/p>\n","protected":false},"excerpt":{"rendered":"<p>[vc_row equal_height=&#8221;yes&#8221; content_placement=&#8221;top&#8221; bg_type=&#8221;image&#8221; parallax_style=&#8221;vcpb-default&#8221; bg_image_new=&#8221;id^3486|url^https:\/\/www.turkishtranslationoffice.com\/tr\/wp-content\/uploads\/2020\/08\/simultane-sistem-kiralama-.jpg|caption^null|alt^null|title^simultane-sistem-kiralama-|description^null&#8221; bg_image_repeat=&#8221;no-repeat&#8221; bg_override=&#8221;ex-full&#8221; type=&#8221;vc_default&#8221; margin_top=&#8221;5&#8243; margin_bottom=&#8221;10&#8243; css=&#8221;.vc_custom_1629973580685{padding-top: 2% !important;padding-bottom: 2% !important;}&#8221;][vc_column width=&#8221;1\/2&#8243;][vc_column_text] \u00dcst\u00fcn kalitede simultane sistem hizmetlerimizi \u00e7ok iyi fiyatlara sunuyoruz! Turkish Translation Office\u2019ten Simultane terc\u00fcme hizmeti ald\u0131\u011f\u0131n\u0131zda, simultane ekipman kiralamak i\u00e7in farkl\u0131 bir firma araman\u0131za gerek yok! Uluslararas\u0131 etkinlikleriniz ve konferanslar\u0131n\u0131z i\u00e7in kapsaml\u0131 hizmetlerimizden yararlanmak i\u00e7in bize hemen ula\u015f\u0131n.&hellip;<\/p>\n","protected":false},"author":1,"featured_media":0,"parent":0,"menu_order":10,"comment_status":"closed","ping_status":"closed","template":"","meta":{"footnotes":""},"aioseo_notices":[],"_links":{"self":[{"href":"https:\/\/www.turkishtranslationoffice.com\/tr\/wp-json\/wp\/v2\/pages\/2644"}],"collection":[{"href":"https:\/\/www.turkishtranslationoffice.com\/tr\/wp-json\/wp\/v2\/pages"}],"about":[{"href":"https:\/\/www.turkishtranslationoffice.com\/tr\/wp-json\/wp\/v2\/types\/page"}],"author":[{"embeddable":true,"href":"https:\/\/www.turkishtranslationoffice.com\/tr\/wp-json\/wp\/v2\/users\/1"}],"replies":[{"embeddable":true,"href":"https:\/\/www.turkishtranslationoffice.com\/tr\/wp-json\/wp\/v2\/comments?post=2644"}],"version-history":[{"count":3,"href":"https:\/\/www.turkishtranslationoffice.com\/tr\/wp-json\/wp\/v2\/pages\/2644\/revisions"}],"predecessor-version":[{"id":5705,"href":"https:\/\/www.turkishtranslationoffice.com\/tr\/wp-json\/wp\/v2\/pages\/2644\/revisions\/5705"}],"wp:attachment":[{"href":"https:\/\/www.turkishtranslationoffice.com\/tr\/wp-json\/wp\/v2\/media?parent=2644"}],"curies":[{"name":"wp","href":"https:\/\/api.w.org\/{rel}","templated":true}]}}