{"id":2650,"date":"2020-08-10T16:53:04","date_gmt":"2020-08-10T13:53:04","guid":{"rendered":"https:\/\/www.turkishtranslationoffice.com\/tr\/fisilti-tercume-copy\/"},"modified":"2022-02-08T11:15:05","modified_gmt":"2022-02-08T08:15:05","slug":"mobil-uygulama-yerellestirmesi","status":"publish","type":"page","link":"https:\/\/www.turkishtranslationoffice.com\/tr\/mobil-uygulama-yerellestirmesi\/","title":{"rendered":"Mobil Uygulama Yerelle\u015ftirmesi"},"content":{"rendered":"<p>[vc_row equal_height=&#8221;yes&#8221; content_placement=&#8221;top&#8221; bg_type=&#8221;image&#8221; parallax_style=&#8221;vcpb-default&#8221; bg_image_new=&#8221;id^3511|url^https:\/\/www.turkishtranslationoffice.com\/tr\/wp-content\/uploads\/2020\/08\/mobil-uygulama-yerellestirmesi.jpg|caption^null|alt^null|title^mobil-uygulama-yerellestirmesi|description^null&#8221; bg_image_repeat=&#8221;no-repeat&#8221; bg_override=&#8221;ex-full&#8221; type=&#8221;vc_default&#8221; margin_top=&#8221;5&#8243; margin_bottom=&#8221;10&#8243; css=&#8221;.vc_custom_1629977847200{padding-top: 2% !important;padding-bottom: 2% !important;}&#8221;][vc_column width=&#8221;1\/2&#8243;]<div id=\"ultimate-heading-640569f3d20450159\" class=\"uvc-heading ult-adjust-bottom-margin ultimate-heading-640569f3d20450159 uvc-8744 \" data-hspacer=\"no_spacer\"  data-halign=\"left\" style=\"text-align:left\"><div class=\"uvc-heading-spacer no_spacer\" style=\"top\"><\/div><div class=\"uvc-main-heading ult-responsive\"  data-ultimate-target='.uvc-heading.ultimate-heading-640569f3d20450159 h2'  data-responsive-json-new='{\"font-size\":\"desktop:24px;\",\"line-height\":\"desktop:34px;\"}' ><h2 style=\"font-weight:bold;margin-bottom:25px;\">Mobil Uygulama Yerelle\u015ftirme Hizmetleri<\/h2><\/div><\/div>[vc_column_text]<\/p>\n<p style=\"text-align: left;\"><span style=\"font-weight: 400; font-size: 18px;\">Hedef kitlenize ula\u015fman\u0131n en k\u0131sa yolu, mobil uygulama yerelle\u015ftirmesi!<\/span><\/p>\n<p><span style=\"font-weight: 400; font-size: 18px;\">Dijitalle\u015fmenin her sekt\u00f6rde h\u0131z kazand\u0131\u011f\u0131 g\u00fcn\u00fcm\u00fczde hedef kitlenize ula\u015fmak i\u00e7in siz hangi dijital platformlar\u0131 tercih ediyorsunuz? Mobil uygulamalar arac\u0131l\u0131\u011f\u0131 ile hedef kitlenize bulunduklar\u0131 yerde ula\u015fabilirsiniz!<\/span><\/p>\n<p><span style=\"font-weight: 400; font-size: 18px;\">Turkish Translation Office\u2019te t\u00fcm sekt\u00f6rlere \u00f6zel profesyonel mobil uygulama lokalizasyon \u00e7\u00f6z\u00fcmleri geli\u015ftiriyoruz.<\/span>[\/vc_column_text][vc_row_inner equal_height=&#8221;yes&#8221; content_placement=&#8221;top&#8221;][vc_column_inner css=&#8221;.vc_custom_1644308099979{padding-top: 20px !important;padding-bottom: 32px !important;}&#8221;]<style type=\"text\/css\" data-type=\"the7_shortcodes-inline-css\">#default-btn-9b7a02770bdc570aed422f8c622c1d10.ico-right-side > i {\n  margin-right: 0px;\n  margin-left: 8px;\n}\n#default-btn-9b7a02770bdc570aed422f8c622c1d10 > i {\n  margin-right: 8px;\n}\n#default-btn-9b7a02770bdc570aed422f8c622c1d10 * {\n  vertical-align: middle;\n}\n<\/style><a href=\"\/tr\/teklif-alin\/\" class=\"default-btn-shortcode dt-btn dt-btn-l link-hover-off button-tto-grey btn-inline-left  vc_custom_1600266879878\" id=\"default-btn-9b7a02770bdc570aed422f8c622c1d10\" style=\"width:225px;\"><span>\u00dccretsiz Teklif Al\u0131n<\/span><\/a><style type=\"text\/css\" data-type=\"the7_shortcodes-inline-css\">#default-btn-cfc4aa935b242aa14b56855595f34374.ico-right-side > i {\n  margin-right: 0px;\n  margin-left: 8px;\n}\n#default-btn-cfc4aa935b242aa14b56855595f34374 > i {\n  margin-right: 8px;\n}\n#default-btn-cfc4aa935b242aa14b56855595f34374 * {\n  vertical-align: middle;\n}\n<\/style><a href=\"\/tr\/iletisim\/\" class=\"default-btn-shortcode dt-btn dt-btn-l link-hover-off button-tto-red btn-inline-left  vc_custom_1600266899137\" id=\"default-btn-cfc4aa935b242aa14b56855595f34374\" style=\"width:225px;\"><span>Bize Ula\u015f\u0131n<\/span><\/a>[\/vc_column_inner][\/vc_row_inner][\/vc_column][vc_column width=&#8221;1\/2&#8243;][\/vc_column][\/vc_row][vc_row equal_height=&#8221;yes&#8221; content_placement=&#8221;top&#8221; bg_type=&#8221;image&#8221; parallax_style=&#8221;vcpb-hz-jquery&#8221; bg_image_new=&#8221;id^1611|url^https:\/\/www.turkishtranslationoffice.com\/tr\/wp-content\/uploads\/2016\/02\/bg-mem.png|caption^null|alt^null|title^bg-mem|description^null&#8221; bg_override=&#8221;ex-full&#8221; type=&#8221;vc_default&#8221; margin_top=&#8221;5&#8243; margin_bottom=&#8221;10&#8243; css=&#8221;.vc_custom_1598441852853{padding-top: 30px !important;padding-bottom: 50px !important;background-color: #f4f4f4 !important;}&#8221;][vc_column css=&#8221;.vc_custom_1491746299333{padding-bottom: 0px !important;}&#8221;][vc_row_inner equal_height=&#8221;yes&#8221; content_placement=&#8221;top&#8221;][vc_column_inner width=&#8221;1\/2&#8243;]<style type=\"text\/css\" data-type=\"the7_shortcodes-inline-css\">.shortcode-single-image-wrap.shortcode-single-image-b6112a04548262e1905d0c986caeba0c.enable-bg-rollover .rollover i,\n.shortcode-single-image-wrap.shortcode-single-image-b6112a04548262e1905d0c986caeba0c.enable-bg-rollover .rollover-video i {\n  background: ;\n  background: -webkit-linear-gradient();\n  background: linear-gradient();\n}\n.shortcode-single-image-wrap.shortcode-single-image-b6112a04548262e1905d0c986caeba0c .rollover-icon {\n  font-size: 32px;\n  color: #ffffff;\n  min-width: 44px;\n  min-height: 44px;\n  line-height: 44px;\n  border-radius: 100px;\n  border-style: solid;\n  border-width: 0px;\n}\n.dt-icon-bg-on.shortcode-single-image-wrap.shortcode-single-image-b6112a04548262e1905d0c986caeba0c .rollover-icon {\n  background: rgba(255,255,255,0.3);\n  box-shadow: none;\n}\n<\/style><div class=\"shortcode-single-image-wrap shortcode-single-image-b6112a04548262e1905d0c986caeba0c alignnone  enable-bg-rollover dt-icon-bg-off\" style=\"margin-top:0px; margin-bottom:0px; margin-left:0px; margin-right:0px; width:1000px;\"><div class=\"shortcode-single-image\"><div class=\"fancy-media-wrap  layzr-bg\" style=\"border-radius:10px;\"><img loading=\"lazy\" decoding=\"async\" class=\"preload-me lazy-load\" src=\"data:image\/svg+xml,%3Csvg%20xmlns%3D&#39;http%3A%2F%2Fwww.w3.org%2F2000%2Fsvg&#39;%20viewBox%3D&#39;0%200%201000%20700&#39;%2F%3E\" data-src=\"https:\/\/www.turkishtranslationoffice.com\/tr\/wp-content\/uploads\/sites\/1\/2020\/08\/mobilde-yerellestirmenin-onemi-kullanimi-1000x700.jpg\" data-srcset=\"https:\/\/www.turkishtranslationoffice.com\/tr\/wp-content\/uploads\/sites\/1\/2020\/08\/mobilde-yerellestirmenin-onemi-kullanimi-1000x700.jpg 1000w, https:\/\/www.turkishtranslationoffice.com\/tr\/wp-content\/uploads\/sites\/1\/2020\/08\/mobilde-yerellestirmenin-onemi-kullanimi-1524x1067.jpg 1524w\" width=\"1000\" height=\"700\"  data-dt-location=\"https:\/\/www.turkishtranslationoffice.com\/tr\/mobil-uygulama-yerellestirmesi\/mobilde-yerellestirmenin-onemi-kullanimi\/\" style=\"border-radius:10px;\" alt=\"Dijitalle\u015fmede mobil entegrasyonu\" \/><\/div><\/div><\/div>[\/vc_column_inner][vc_column_inner width=&#8221;1\/2&#8243; css=&#8221;.vc_custom_1596550089277{padding-top: 20px !important;}&#8221;]<div id=\"ultimate-heading-64569f3d20450a48\" class=\"uvc-heading ult-adjust-bottom-margin ultimate-heading-64569f3d20450a48 uvc-4775 \" data-hspacer=\"no_spacer\"  data-halign=\"left\" style=\"text-align:left\"><div class=\"uvc-heading-spacer no_spacer\" style=\"top\"><\/div><div class=\"uvc-main-heading ult-responsive\"  data-ultimate-target='.uvc-heading.ultimate-heading-64569f3d20450a48 h2'  data-responsive-json-new='{\"font-size\":\"desktop:24px;\",\"line-height\":\"desktop:34px;\"}' ><h2 style=\"font-weight:bold;margin-bottom:25px;\">Mobilde yerelle\u015ftirmenin \u00f6nemi ve kullan\u0131m\u0131<\/h2><\/div><\/div>[vc_column_text]<span style=\"font-weight: 400;\">Dijitalle\u015fmede mobil entegrasyonu her ge\u00e7en g\u00fcn artarken \u00fcr\u00fcn ve hizmet sa\u011flayan firmalar, yaz\u0131l\u0131m geli\u015ftiricileri, hedef kitlesine k\u0131sa yoldan ula\u015fmak isteyen i\u00e7erik \u00fcreticileri de mobildeki g\u00fcc\u00fcn\u00fc farkl\u0131 dil se\u00e7enekleri ile k\u00fcreselle\u015ferek kuvvetlendiriyor. Mobil uygulamalar\u0131n di\u011fer ileti\u015fim ve pazarlama faaliyetlerinden ayr\u0131\u015fan y\u00f6nlerinden biri de kullan\u0131c\u0131lar taraf\u0131ndan uygulaman\u0131n istemli bi\u00e7imde indirilmi\u015f olmas\u0131d\u0131r. Dolay\u0131s\u0131yla burada mesaj\u0131n\u0131z\u0131 hedef kitlenize uygun bi\u00e7imde sunarak onlarla daha organik bir ba\u011f kurma \u015fans\u0131n\u0131z bulunuyor.<\/span><\/p>\n<p>Globalle\u015fme ile s\u0131n\u0131rlar\u0131n ortadan kalkmas\u0131yla bug\u00fcn tek bir \u00fclkeye hizmet veren e-ticaret firman\u0131za farkl\u0131 dil entegrasyonlar\u0131 ile d\u00fcnya pazarlar\u0131na a\u00e7\u0131labilirsiniz. Globalde ba\u015far\u0131 sa\u011flayan bir oyununuz varsa yerel bir pazara girmek i\u00e7in yine o b\u00f6lgenin diline uygun bir ileti\u015fim dili kullanman\u0131z gerekir.[\/vc_column_text][\/vc_column_inner][\/vc_row_inner][\/vc_column][\/vc_row][vc_row bg_type=&#8221;image&#8221; bg_override=&#8221;full&#8221; css=&#8221;.vc_custom_1596535087001{background-image: url(https:\/\/www.turkishtranslationoffice.com\/tr\/wp-content\/uploads\/2020\/08\/uyari.jpg?id=2304) !important;}&#8221;][vc_column]<div class=\"smile_icon_list_wrap ult_info_list_container ult-adjust-bottom-margin   vc_custom_1596535225225\"><ul class=\"smile_icon_list top circle with_bg\"><li class=\"icon_list_item\" style=\" font-size:96px;\"><div class=\"icon_list_icon\" data-animation=\"\" data-animation-delay=\"03\" style=\"font-size:32px;border-width:1px;border-style:none;background:#ffffff;color:#d44133;border-color:#333333;\"><i class=\"fas fa-users-cog\" ><\/i><\/div><div class=\"icon_description\" id=\"Info-list-wrap-7660\" style=\"font-size:32px;\"><h3 class=\"ult-responsive info-list-heading\"  data-ultimate-target='#Info-list-wrap-7660 h3'  data-responsive-json-new='{\"font-size\":\"desktop:16px;\",\"line-height\":\"desktop:24px;\"}'  style=\"font-weight:bold;color:#ffffff;\">Teknik Uzmanlar<\/h3><div class=\"icon_description_text ult-responsive\"  data-ultimate-target='#Info-list-wrap-7660 .icon_description_text'  data-responsive-json-new='{\"font-size\":\"desktop:13px;\",\"line-height\":\"desktop:18px;\"}'  style=\"color:#ffffff;\"><\/div><\/div><div class=\"icon_list_connector\" data-animation=\"fadeInLeft\" data-animation-delay=\"03\" style=\"border: none !important;\"><\/div><\/li><li class=\"icon_list_item\" style=\" font-size:96px;\"><div class=\"icon_list_icon\" data-animation=\"\" data-animation-delay=\"03\" style=\"font-size:32px;border-width:1px;border-style:none;background:#ffffff;color:#d44133;border-color:#333333;\"><i class=\"fas fa-language\" ><\/i><\/div><div class=\"icon_description\" id=\"Info-list-wrap-6394\" style=\"font-size:32px;\"><h3 class=\"ult-responsive info-list-heading\"  data-ultimate-target='#Info-list-wrap-6394 h3'  data-responsive-json-new='{\"font-size\":\"desktop:16px;\",\"line-height\":\"desktop:24px;\"}'  style=\"font-weight:bold;color:#ffffff;\">T\u00fcm Dillerde Hizmet<\/h3><div class=\"icon_description_text ult-responsive\"  data-ultimate-target='#Info-list-wrap-6394 .icon_description_text'  data-responsive-json-new='{\"font-size\":\"desktop:13px;\",\"line-height\":\"desktop:18px;\"}'  style=\"color:#ffffff;\"><\/div><\/div><div class=\"icon_list_connector\" data-animation=\"fadeInLeft\" data-animation-delay=\"03\" style=\"border: none !important;\"><\/div><\/li><li class=\"icon_list_item\" style=\" font-size:96px;\"><div class=\"icon_list_icon\" data-animation=\"\" data-animation-delay=\"03\" style=\"font-size:32px;border-width:1px;border-style:none;background:#ffffff;color:#d44133;border-color:#333333;\"><i class=\"fas fa-comments\" ><\/i><\/div><div class=\"icon_description\" id=\"Info-list-wrap-8851\" style=\"font-size:32px;\"><h3 class=\"ult-responsive info-list-heading\"  data-ultimate-target='#Info-list-wrap-8851 h3'  data-responsive-json-new='{\"font-size\":\"desktop:16px;\",\"line-height\":\"desktop:24px;\"}'  style=\"font-weight:bold;color:#ffffff;\">G\u00fcvenilir &amp; Ula\u015f\u0131labilir<\/h3><div class=\"icon_description_text ult-responsive\"  data-ultimate-target='#Info-list-wrap-8851 .icon_description_text'  data-responsive-json-new='{\"font-size\":\"desktop:13px;\",\"line-height\":\"desktop:18px;\"}'  style=\"color:#ffffff;\"><\/div><\/div><div class=\"icon_list_connector\" data-animation=\"fadeInLeft\" data-animation-delay=\"03\" style=\"border: none !important;\"><\/div><\/li><li class=\"icon_list_item\" style=\" font-size:96px;\"><div class=\"icon_list_icon\" data-animation=\"\" data-animation-delay=\"03\" style=\"font-size:32px;border-width:1px;border-style:none;background:#ffffff;color:#d44133;border-color:#333333;\"><i class=\"fas fa-hands-helping\" ><\/i><\/div><div class=\"icon_description\" id=\"Info-list-wrap-8989\" style=\"font-size:32px;\"><h3 class=\"ult-responsive info-list-heading\"  data-ultimate-target='#Info-list-wrap-8989 h3'  data-responsive-json-new='{\"font-size\":\"desktop:16px;\",\"line-height\":\"desktop:24px;\"}'  style=\"font-weight:bold;color:#ffffff;\">Profesyonellik<\/h3><div class=\"icon_description_text ult-responsive\"  data-ultimate-target='#Info-list-wrap-8989 .icon_description_text'  data-responsive-json-new='{\"font-size\":\"desktop:13px;\",\"line-height\":\"desktop:18px;\"}'  style=\"color:#ffffff;\"><\/div><\/div><div class=\"icon_list_connector\" data-animation=\"fadeInLeft\" data-animation-delay=\"03\" style=\"border: none !important;\"><\/div><\/li><\/ul><\/div>[\/vc_column][\/vc_row][vc_row equal_height=&#8221;yes&#8221; content_placement=&#8221;top&#8221; bg_type=&#8221;image&#8221; parallax_style=&#8221;vcpb-hz-jquery&#8221; bg_image_new=&#8221;id^1611|url^https:\/\/www.turkishtranslationoffice.com\/tr\/wp-content\/uploads\/2016\/02\/bg-mem.png|caption^null|alt^null|title^bg-mem|description^null&#8221; bg_override=&#8221;ex-full&#8221; type=&#8221;vc_default&#8221; margin_top=&#8221;5&#8243; margin_bottom=&#8221;10&#8243; css=&#8221;.vc_custom_1598427599808{padding-top: 30px !important;padding-bottom: 50px !important;}&#8221;][vc_column][vc_row_inner equal_height=&#8221;yes&#8221; content_placement=&#8221;top&#8221;][vc_column_inner width=&#8221;1\/2&#8243; css=&#8221;.vc_custom_1598373242964{padding-top: 20px !important;}&#8221;]<div id=\"ultimate-heading-919669f3d20450b51\" class=\"uvc-heading ult-adjust-bottom-margin ultimate-heading-919669f3d20450b51 uvc-945 \" data-hspacer=\"no_spacer\"  data-halign=\"left\" style=\"text-align:left\"><div class=\"uvc-heading-spacer no_spacer\" style=\"top\"><\/div><div class=\"uvc-main-heading ult-responsive\"  data-ultimate-target='.uvc-heading.ultimate-heading-919669f3d20450b51 h2'  data-responsive-json-new='{\"font-size\":\"desktop:24px;\",\"line-height\":\"desktop:34px;\"}' ><h2 style=\"font-weight:bold;margin-bottom:25px;\">Mobil uygulama yerelle\u015ftirmesi nedir?<\/h2><\/div><\/div>[vc_column_text]<span style=\"font-weight: 400;\">Yerelle\u015ftirme bir metni hedef kitle oda\u011f\u0131nda, yarat\u0131c\u0131 bi\u00e7imde ve ileti\u015fim kanal\u0131n\u0131n niteliklerine uygun olarak \u00e7evirmek anlam\u0131na gelir. Mobil uygulama yerelle\u015ftirmesi, di\u011fer yerelle\u015ftirme t\u00fcrlerinden teknik gereklilikleriyle ayr\u0131lan \u00f6zel bir uzmanl\u0131k alan\u0131d\u0131r. Mobil uygulamalar kullan\u0131c\u0131lar\u0131n mobil kullan\u0131m al\u0131\u015fkanl\u0131klar\u0131, uygulaman\u0131n hedefledi\u011fi eylemler g\u00f6z \u00f6n\u00fcnde bulundurularak tasarlan\u0131r. Dolay\u0131s\u0131yla lokalizasyon yap\u0131l\u0131rken dil ve k\u00fclt\u00fcr\u00fcn yan\u0131 s\u0131ra bu detaylara da dikkat etmek gerekir.<\/span>[\/vc_column_text][\/vc_column_inner][vc_column_inner width=&#8221;1\/2&#8243;]<style type=\"text\/css\" data-type=\"the7_shortcodes-inline-css\">.shortcode-single-image-wrap.shortcode-single-image-33d0b9e558f0614b026d44497bfd328c.enable-bg-rollover .rollover i,\n.shortcode-single-image-wrap.shortcode-single-image-33d0b9e558f0614b026d44497bfd328c.enable-bg-rollover .rollover-video i {\n  background: ;\n  background: -webkit-linear-gradient();\n  background: linear-gradient();\n}\n.shortcode-single-image-wrap.shortcode-single-image-33d0b9e558f0614b026d44497bfd328c .rollover-icon {\n  font-size: 32px;\n  color: #ffffff;\n  min-width: 44px;\n  min-height: 44px;\n  line-height: 44px;\n  border-radius: 100px;\n  border-style: solid;\n  border-width: 0px;\n}\n.dt-icon-bg-on.shortcode-single-image-wrap.shortcode-single-image-33d0b9e558f0614b026d44497bfd328c .rollover-icon {\n  background: rgba(255,255,255,0.3);\n  box-shadow: none;\n}\n<\/style><div class=\"shortcode-single-image-wrap shortcode-single-image-33d0b9e558f0614b026d44497bfd328c alignnone  enable-bg-rollover dt-icon-bg-off\" style=\"margin-top:0px; margin-bottom:0px; margin-left:0px; margin-right:0px; width:1000px;\"><div class=\"shortcode-single-image\"><div class=\"fancy-media-wrap  layzr-bg\" style=\"border-radius:10px;\"><img loading=\"lazy\" decoding=\"async\" class=\"preload-me lazy-load\" src=\"data:image\/svg+xml,%3Csvg%20xmlns%3D&#39;http%3A%2F%2Fwww.w3.org%2F2000%2Fsvg&#39;%20viewBox%3D&#39;0%200%201000%20700&#39;%2F%3E\" data-src=\"https:\/\/www.turkishtranslationoffice.com\/tr\/wp-content\/uploads\/sites\/1\/2020\/08\/mobil-uygulama-yerellestirmesi-nedir-1000x700.jpg\" data-srcset=\"https:\/\/www.turkishtranslationoffice.com\/tr\/wp-content\/uploads\/sites\/1\/2020\/08\/mobil-uygulama-yerellestirmesi-nedir-1000x700.jpg 1000w, https:\/\/www.turkishtranslationoffice.com\/tr\/wp-content\/uploads\/sites\/1\/2020\/08\/mobil-uygulama-yerellestirmesi-nedir-1600x1120.jpg 1600w\" width=\"1000\" height=\"700\"  data-dt-location=\"https:\/\/www.turkishtranslationoffice.com\/tr\/mobil-uygulama-yerellestirmesi\/mobil-uygulama-yerellestirmesi-nedir\/\" style=\"border-radius:10px;\" alt=\"Mobil uygulamalar\" \/><\/div><\/div><\/div>[\/vc_column_inner][\/vc_row_inner][\/vc_column][\/vc_row][vc_row equal_height=&#8221;yes&#8221; content_placement=&#8221;top&#8221; bg_type=&#8221;image&#8221; parallax_style=&#8221;vcpb-default&#8221; bg_image_new=&#8221;id^2302|url^https:\/\/www.turkishtranslationoffice.com\/tr\/wp-content\/uploads\/2020\/08\/arka-plan-siyah-beyaz.png|caption^null|alt^null|title^arka-plan-siyah-beyaz|description^null&#8221; bg_override=&#8221;ex-full&#8221; type=&#8221;vc_default&#8221; margin_top=&#8221;5&#8243; margin_bottom=&#8221;10&#8243; css=&#8221;.vc_custom_1598441907474{padding-top: 30px !important;padding-bottom: 50px !important;}&#8221;][vc_column css=&#8221;.vc_custom_1491746299333{padding-bottom: 0px !important;}&#8221;][vc_row_inner equal_height=&#8221;yes&#8221; content_placement=&#8221;top&#8221;][vc_column_inner width=&#8221;1\/2&#8243;]<style type=\"text\/css\" data-type=\"the7_shortcodes-inline-css\">.shortcode-single-image-wrap.shortcode-single-image-c7d5c5ef895a6bec1563e9feb3b044c8.enable-bg-rollover .rollover i,\n.shortcode-single-image-wrap.shortcode-single-image-c7d5c5ef895a6bec1563e9feb3b044c8.enable-bg-rollover .rollover-video i {\n  background: ;\n  background: -webkit-linear-gradient();\n  background: linear-gradient();\n}\n.shortcode-single-image-wrap.shortcode-single-image-c7d5c5ef895a6bec1563e9feb3b044c8 .rollover-icon {\n  font-size: 32px;\n  color: #ffffff;\n  min-width: 44px;\n  min-height: 44px;\n  line-height: 44px;\n  border-radius: 100px;\n  border-style: solid;\n  border-width: 0px;\n}\n.dt-icon-bg-on.shortcode-single-image-wrap.shortcode-single-image-c7d5c5ef895a6bec1563e9feb3b044c8 .rollover-icon {\n  background: rgba(255,255,255,0.3);\n  box-shadow: none;\n}\n<\/style><div class=\"shortcode-single-image-wrap shortcode-single-image-c7d5c5ef895a6bec1563e9feb3b044c8 alignnone  enable-bg-rollover dt-icon-bg-off\" style=\"margin-top:0px; margin-bottom:0px; margin-left:0px; margin-right:0px; width:1000px;\"><div class=\"shortcode-single-image\"><div class=\"fancy-media-wrap  layzr-bg\" style=\"border-radius:10px;\"><img loading=\"lazy\" decoding=\"async\" class=\"preload-me lazy-load\" src=\"data:image\/svg+xml,%3Csvg%20xmlns%3D&#39;http%3A%2F%2Fwww.w3.org%2F2000%2Fsvg&#39;%20viewBox%3D&#39;0%200%201000%20700&#39;%2F%3E\" data-src=\"https:\/\/www.turkishtranslationoffice.com\/tr\/wp-content\/uploads\/sites\/1\/2020\/08\/mobil-uygulmada-lokalizasyonunda-tto-2-1000x700.jpg\" data-srcset=\"https:\/\/www.turkishtranslationoffice.com\/tr\/wp-content\/uploads\/sites\/1\/2020\/08\/mobil-uygulmada-lokalizasyonunda-tto-2-1000x700.jpg 1000w, https:\/\/www.turkishtranslationoffice.com\/tr\/wp-content\/uploads\/sites\/1\/2020\/08\/mobil-uygulmada-lokalizasyonunda-tto-2-1600x1120.jpg 1600w\" width=\"1000\" height=\"700\"  data-dt-location=\"https:\/\/www.turkishtranslationoffice.com\/tr\/mobil-uygulama-yerellestirmesi\/mobil-uygulmada-lokalizasyonunda-tto\/\" style=\"border-radius:10px;\" alt=\"Mobil uygulama lokalizasyonu\" \/><\/div><\/div><\/div>[\/vc_column_inner][vc_column_inner width=&#8221;1\/2&#8243; css=&#8221;.vc_custom_1596550089277{padding-top: 20px !important;}&#8221;]<div id=\"ultimate-heading-454469f3d204510ce\" class=\"uvc-heading ult-adjust-bottom-margin ultimate-heading-454469f3d204510ce uvc-4701 \" data-hspacer=\"no_spacer\"  data-halign=\"left\" style=\"text-align:left\"><div class=\"uvc-heading-spacer no_spacer\" style=\"top\"><\/div><div class=\"uvc-main-heading ult-responsive\"  data-ultimate-target='.uvc-heading.ultimate-heading-454469f3d204510ce h2'  data-responsive-json-new='{\"font-size\":\"desktop:24px;\",\"line-height\":\"desktop:34px;\"}' ><h2 style=\"font-weight:bold;margin-bottom:25px;\">Mobil uygulama lokalizasyonunda neden Turkish Translation Office?<\/h2><\/div><\/div><div class=\"standard-arrow bullet-top\"><ul>\n<li><span style=\"font-weight: 400;\">Turkish Translation Office\u2019te lokalizasyon i\u00e7in \u00f6zel bir departman\u0131m\u0131zda yarat\u0131c\u0131 dil uzmanlar\u0131m\u0131z\u0131n yan\u0131 s\u0131ra her t\u00fcrl\u00fc dijital ve mobil platforma uygun \u00e7\u00f6z\u00fcmler sunabilmek i\u00e7in yaz\u0131l\u0131m geli\u015ftiriciler, web tasar\u0131mc\u0131lar, IT uzmanlar\u0131m\u0131z ile hizmet veriyoruz. <\/span><\/li>\n<li><span style=\"font-weight: 400;\">Global mobil app yerelle\u015ftirme projeleriniz i\u00e7in farkl\u0131 dillerde e\u015f zamanl\u0131 olarak hizmet verebilecek geni\u015f terc\u00fcman a\u011f\u0131m\u0131z ile kapsaml\u0131 \u00e7\u00f6z\u00fcmler sunuyoruz. <\/span><\/li>\n<li><span style=\"font-weight: 400;\">Kalite kontrol hizmetlerimiz ile projeleri 4 a\u015famal\u0131 bir kalite s\u00fcrecine tabi tutarak t\u00fcm dillerde herhangi bir teknik aksakl\u0131k olmadan lokalizasyon yap\u0131yoruz.<\/span><\/li>\n<li><span style=\"font-weight: 400;\">T\u00fcm Androild ve iOS temelli mobil uygulamalar\u0131n\u0131z\u0131n lokalizasyonu i\u00e7in TTO ekibimize g\u00fcvenebilirsiniz. <\/span><\/li>\n<li><span style=\"font-weight: 400;\">T\u00fcm dil \u00e7iftlerinde mobil uygulama lokalizasyonunu en uygun fiyatlara ve \u00fcst d\u00fczey kalitede teslim ediyoruz! <\/span><\/li>\n<\/ul>\n<\/div>[\/vc_column_inner][\/vc_row_inner][\/vc_column][\/vc_row][vc_row content_placement=&#8221;middle&#8221; bg_type=&#8221;grad&#8221; bg_override=&#8221;ex-full&#8221; bg_grad=&#8221;background: -webkit-gradient(linear, left top, left bottom, color-stop(0%, #365088), color-stop(100%, #EA524D));background: -moz-linear-gradient(135deg,#365088 0%,#EA524D 100%);background: -webkit-linear-gradient(135deg,#365088 0%,#EA524D 100%);background: -o-linear-gradient(135deg,#365088 0%,#EA524D 100%);background: -ms-linear-gradient(135deg,#365088 0%,#EA524D 100%);background: linear-gradient(135deg,#365088 0%,#EA524D 100%);&#8221;][vc_column width=&#8221;2\/3&#8243;][vc_column_text]<strong style=\"color: #ffffff; font-size: 24px;\">Turkish Translation Office\u2019in uzman ekibinden mobil uygulama yerelle\u015ftirme ile hedef kitlenize ula\u015fmak \u00e7ok kolay!<\/strong>[\/vc_column_text][\/vc_column][vc_column width=&#8221;1\/3&#8243;][vc_btn title=&#8221;Teklif Al&#8221; color=&#8221;warning&#8221; size=&#8221;lg&#8221; align=&#8221;right&#8221; link=&#8221;url:%2Ftr%2Fteklif-alin%2F|||&#8221;][\/vc_column][\/vc_row]<\/p>\n","protected":false},"excerpt":{"rendered":"<p>[vc_row equal_height=&#8221;yes&#8221; content_placement=&#8221;top&#8221; bg_type=&#8221;image&#8221; parallax_style=&#8221;vcpb-default&#8221; bg_image_new=&#8221;id^3511|url^https:\/\/www.turkishtranslationoffice.com\/tr\/wp-content\/uploads\/2020\/08\/mobil-uygulama-yerellestirmesi.jpg|caption^null|alt^null|title^mobil-uygulama-yerellestirmesi|description^null&#8221; bg_image_repeat=&#8221;no-repeat&#8221; bg_override=&#8221;ex-full&#8221; type=&#8221;vc_default&#8221; margin_top=&#8221;5&#8243; margin_bottom=&#8221;10&#8243; css=&#8221;.vc_custom_1629977847200{padding-top: 2% !important;padding-bottom: 2% !important;}&#8221;][vc_column width=&#8221;1\/2&#8243;][vc_column_text] Hedef kitlenize ula\u015fman\u0131n en k\u0131sa yolu, mobil uygulama yerelle\u015ftirmesi! Dijitalle\u015fmenin her sekt\u00f6rde h\u0131z kazand\u0131\u011f\u0131 g\u00fcn\u00fcm\u00fczde hedef kitlenize ula\u015fmak i\u00e7in siz hangi dijital platformlar\u0131 tercih ediyorsunuz? Mobil uygulamalar arac\u0131l\u0131\u011f\u0131 ile hedef kitlenize bulunduklar\u0131 yerde ula\u015fabilirsiniz! Turkish Translation Office\u2019te t\u00fcm&hellip;<\/p>\n","protected":false},"author":1,"featured_media":0,"parent":0,"menu_order":10,"comment_status":"closed","ping_status":"closed","template":"","meta":{"footnotes":""},"aioseo_notices":[],"_links":{"self":[{"href":"https:\/\/www.turkishtranslationoffice.com\/tr\/wp-json\/wp\/v2\/pages\/2650"}],"collection":[{"href":"https:\/\/www.turkishtranslationoffice.com\/tr\/wp-json\/wp\/v2\/pages"}],"about":[{"href":"https:\/\/www.turkishtranslationoffice.com\/tr\/wp-json\/wp\/v2\/types\/page"}],"author":[{"embeddable":true,"href":"https:\/\/www.turkishtranslationoffice.com\/tr\/wp-json\/wp\/v2\/users\/1"}],"replies":[{"embeddable":true,"href":"https:\/\/www.turkishtranslationoffice.com\/tr\/wp-json\/wp\/v2\/comments?post=2650"}],"version-history":[{"count":2,"href":"https:\/\/www.turkishtranslationoffice.com\/tr\/wp-json\/wp\/v2\/pages\/2650\/revisions"}],"predecessor-version":[{"id":5680,"href":"https:\/\/www.turkishtranslationoffice.com\/tr\/wp-json\/wp\/v2\/pages\/2650\/revisions\/5680"}],"wp:attachment":[{"href":"https:\/\/www.turkishtranslationoffice.com\/tr\/wp-json\/wp\/v2\/media?parent=2650"}],"curies":[{"name":"wp","href":"https:\/\/api.w.org\/{rel}","templated":true}]}}