{"id":2659,"date":"2020-08-10T17:11:19","date_gmt":"2020-08-10T14:11:19","guid":{"rendered":"https:\/\/www.turkishtranslationoffice.com\/tr\/mobil-uygulama-yerellestirmesi-copy\/"},"modified":"2022-02-08T10:51:34","modified_gmt":"2022-02-08T07:51:34","slug":"dijital-pazarlama-icerikleri-yerellestirmesi","status":"publish","type":"page","link":"https:\/\/www.turkishtranslationoffice.com\/tr\/dijital-pazarlama-icerikleri-yerellestirmesi\/","title":{"rendered":"Dijital Pazarlama \u0130\u00e7erikleri Yerelle\u015ftirmesi"},"content":{"rendered":"<p>[vc_row equal_height=&#8221;yes&#8221; content_placement=&#8221;top&#8221; bg_type=&#8221;image&#8221; parallax_style=&#8221;vcpb-default&#8221; bg_image_new=&#8221;id^3555|url^https:\/\/www.turkishtranslationoffice.com\/tr\/wp-content\/uploads\/2020\/08\/dijital-pazarlama-icerik-yerellestirmesi.jpg|caption^null|alt^null|title^dijital-pazarlama-icerik-yerellestirmesi|description^null&#8221; bg_override=&#8221;ex-full&#8221; type=&#8221;vc_default&#8221; margin_top=&#8221;5&#8243; margin_bottom=&#8221;10&#8243; css=&#8221;.vc_custom_1629977891567{padding-top: 2% !important;padding-bottom: 2% !important;}&#8221;][vc_column width=&#8221;1\/2&#8243;]<div id=\"ultimate-heading-421969d8c917d2a87\" class=\"uvc-heading ult-adjust-bottom-margin ultimate-heading-421969d8c917d2a87 uvc-8106 \" data-hspacer=\"no_spacer\"  data-halign=\"left\" style=\"text-align:left\"><div class=\"uvc-heading-spacer no_spacer\" style=\"top\"><\/div><div class=\"uvc-main-heading ult-responsive\"  data-ultimate-target='.uvc-heading.ultimate-heading-421969d8c917d2a87 h1'  data-responsive-json-new='{\"font-size\":\"desktop:28px;\",\"line-height\":\"desktop:34px;\"}' ><h1 style=\"font-weight:bold;margin-bottom:25px;\">Dijital Pazarlama \u0130\u00e7erik Yerelle\u015ftirme Hizmetleri<\/h1><\/div><\/div>[vc_column_text]<\/p>\n<p style=\"text-align: left;\"><span style=\"font-weight: 400; font-size: 18px;\">Ayn\u0131 anda pek \u00e7ok farkl\u0131 dilde \u00e7\u00f6z\u00fcm sunan bir lokalizasyon uzman\u0131 ar\u0131yorsan\u0131z Turkish Translation Office olarak dil uzmanlar\u0131m\u0131zla yan\u0131n\u0131zday\u0131z! Ekonomik fiyatlardan sundu\u011fumuz profesyonel i\u00e7erik yerelle\u015ftirmesi \u00e7\u00f6z\u00fcmlerimizi d\u00fcnya genelinde farkl\u0131 dillerde binlerce dil uzman\u0131m\u0131z ile sunuyoruz. <\/span><\/p>\n<p>[\/vc_column_text][vc_row_inner equal_height=&#8221;yes&#8221; content_placement=&#8221;top&#8221;][vc_column_inner css=&#8221;.vc_custom_1644306687879{padding-bottom: 32px !important;}&#8221;]<style type=\"text\/css\" data-type=\"the7_shortcodes-inline-css\">#default-btn-38c2c34c901af27eb98c63b3948b3205.ico-right-side > i {\n  margin-right: 0px;\n  margin-left: 8px;\n}\n#default-btn-38c2c34c901af27eb98c63b3948b3205 > i {\n  margin-right: 8px;\n}\n#default-btn-38c2c34c901af27eb98c63b3948b3205 * {\n  vertical-align: middle;\n}\n<\/style><a href=\"\/tr\/teklif-alin\/\" class=\"default-btn-shortcode dt-btn dt-btn-l link-hover-off button-tto-grey btn-inline-left  vc_custom_1600266982300\" id=\"default-btn-38c2c34c901af27eb98c63b3948b3205\" style=\"width:225px;\"><span>\u00dccretsiz Teklif Al\u0131n<\/span><\/a><style type=\"text\/css\" data-type=\"the7_shortcodes-inline-css\">#default-btn-31a3326161a9ebeb2e252c427ee78f25.ico-right-side > i {\n  margin-right: 0px;\n  margin-left: 8px;\n}\n#default-btn-31a3326161a9ebeb2e252c427ee78f25 > i {\n  margin-right: 8px;\n}\n#default-btn-31a3326161a9ebeb2e252c427ee78f25 * {\n  vertical-align: middle;\n}\n<\/style><a href=\"\/tr\/iletisim\/\" class=\"default-btn-shortcode dt-btn dt-btn-l link-hover-off button-tto-red btn-inline-left  vc_custom_1600266992664\" id=\"default-btn-31a3326161a9ebeb2e252c427ee78f25\" style=\"width:225px;\"><span>Bize Ula\u015f\u0131n<\/span><\/a>[\/vc_column_inner][\/vc_row_inner][\/vc_column][vc_column width=&#8221;1\/2&#8243;][\/vc_column][\/vc_row][vc_row equal_height=&#8221;yes&#8221; content_placement=&#8221;top&#8221; bg_type=&#8221;image&#8221; parallax_style=&#8221;vcpb-default&#8221; bg_image_new=&#8221;id^2302|url^https:\/\/www.turkishtranslationoffice.com\/tr\/wp-content\/uploads\/2020\/08\/arka-plan-siyah-beyaz.png|caption^null|alt^null|title^arka-plan-siyah-beyaz|description^null&#8221; bg_image_repeat=&#8221;no-repeat&#8221; bg_override=&#8221;ex-full&#8221; type=&#8221;vc_default&#8221; margin_top=&#8221;5&#8243; margin_bottom=&#8221;10&#8243; css=&#8221;.vc_custom_1598442044597{padding-top: 30px !important;padding-bottom: 50px !important;}&#8221;][vc_column css=&#8221;.vc_custom_1491746299333{padding-bottom: 0px !important;}&#8221;][vc_row_inner equal_height=&#8221;yes&#8221; content_placement=&#8221;top&#8221;][vc_column_inner width=&#8221;1\/2&#8243;]<style type=\"text\/css\" data-type=\"the7_shortcodes-inline-css\">.shortcode-single-image-wrap.shortcode-single-image-69042f9ea3b2e208ccb474a0d89037b7.enable-bg-rollover .rollover i,\n.shortcode-single-image-wrap.shortcode-single-image-69042f9ea3b2e208ccb474a0d89037b7.enable-bg-rollover .rollover-video i {\n  background: ;\n  background: -webkit-linear-gradient();\n  background: linear-gradient();\n}\n.shortcode-single-image-wrap.shortcode-single-image-69042f9ea3b2e208ccb474a0d89037b7 .rollover-icon {\n  font-size: 32px;\n  color: #ffffff;\n  min-width: 44px;\n  min-height: 44px;\n  line-height: 44px;\n  border-radius: 100px;\n  border-style: solid;\n  border-width: 0px;\n}\n.dt-icon-bg-on.shortcode-single-image-wrap.shortcode-single-image-69042f9ea3b2e208ccb474a0d89037b7 .rollover-icon {\n  background: rgba(255,255,255,0.3);\n  box-shadow: none;\n}\n<\/style><div class=\"shortcode-single-image-wrap shortcode-single-image-69042f9ea3b2e208ccb474a0d89037b7 alignnone  enable-bg-rollover dt-icon-bg-off\" style=\"margin-top:0px; margin-bottom:0px; margin-left:0px; margin-right:0px; width:1000px;\"><div class=\"shortcode-single-image\"><div class=\"fancy-media-wrap  layzr-bg\" style=\"border-radius:10px;\"><img loading=\"lazy\" decoding=\"async\" class=\"preload-me lazy-load\" src=\"data:image\/svg+xml,%3Csvg%20xmlns%3D&#39;http%3A%2F%2Fwww.w3.org%2F2000%2Fsvg&#39;%20viewBox%3D&#39;0%200%201000%20700&#39;%2F%3E\" data-src=\"https:\/\/www.turkishtranslationoffice.com\/tr\/wp-content\/uploads\/sites\/1\/2020\/08\/dijital-pazarlamanin-onemi-1000x700.jpg\" data-srcset=\"https:\/\/www.turkishtranslationoffice.com\/tr\/wp-content\/uploads\/sites\/1\/2020\/08\/dijital-pazarlamanin-onemi-1000x700.jpg 1000w, https:\/\/www.turkishtranslationoffice.com\/tr\/wp-content\/uploads\/sites\/1\/2020\/08\/dijital-pazarlamanin-onemi-1307x915.jpg 1307w\" width=\"1000\" height=\"700\"  data-dt-location=\"https:\/\/www.turkishtranslationoffice.com\/tr\/dijital-pazarlama-icerikleri-yerellestirmesi\/dijital-pazarlamanin-onemi\/\" style=\"border-radius:10px;\" alt=\"Dijital pazarlaman\u0131n \u00f6nemi\" \/><\/div><\/div><\/div>[\/vc_column_inner][vc_column_inner width=&#8221;1\/2&#8243; css=&#8221;.vc_custom_1596550089277{padding-top: 20px !important;}&#8221;]<div id=\"ultimate-heading-970869d8c917d335c\" class=\"uvc-heading ult-adjust-bottom-margin ultimate-heading-970869d8c917d335c uvc-5279 \" data-hspacer=\"no_spacer\"  data-halign=\"left\" style=\"text-align:left\"><div class=\"uvc-heading-spacer no_spacer\" style=\"top\"><\/div><div class=\"uvc-main-heading ult-responsive\"  data-ultimate-target='.uvc-heading.ultimate-heading-970869d8c917d335c h2'  data-responsive-json-new='{\"font-size\":\"desktop:24px;\",\"line-height\":\"desktop:34px;\"}' ><h2 style=\"font-weight:bold;margin-bottom:25px;\">Dijital pazarlaman\u0131n \u00f6nemi<\/h2><\/div><\/div>[vc_column_text]<span style=\"font-weight: 400;\">\u0130nternetin web 2.0 d\u00f6nemine girmesiyle birlikte internet kullan\u0131c\u0131lar\u0131 da i\u00e7erik \u00fcretmeye ba\u015flad\u0131 ve bu ad\u0131m pek \u00e7ok i\u015f alan\u0131n\u0131n dijital varl\u0131\u011f\u0131na imkan tan\u0131d\u0131. G\u00fcn\u00fcm\u00fczde interneti yaln\u0131zca ileti\u015fim ve haber alma i\u015flevleri d\u0131\u015f\u0131nda her t\u00fcrl\u00fc ihtiyac\u0131m\u0131z\u0131 kar\u015f\u0131lamak, i\u015f s\u00fcre\u00e7lerini kolayla\u015ft\u0131rmak i\u00e7in de kullan\u0131yoruz. \u0130nternet, her sekt\u00f6rde i\u015f ve ticaretin ana merkezi haline gelerek d\u00fcnya \u00fczerindeki fiziksel s\u0131n\u0131rlar\u0131 kald\u0131rd\u0131. \u00c7o\u011fu alanda yurtd\u0131\u015f\u0131na a\u00e7\u0131larak yeni pazarlara girmek isteyenler dijital pazarlaman\u0131n imkanlar\u0131n\u0131 kullanarak detayl\u0131 bir hedefleme se\u00e7ene\u011fi ile ula\u015fmak istedi\u011fi kitleye mesaj\u0131n\u0131 ula\u015ft\u0131rabiliyor. \u00dcstelik dijital pazarlamada yap\u0131lan harcamalar\u0131n amac\u0131na ne kadar ula\u015ft\u0131\u011f\u0131 klasik pazarlama metotlar\u0131ndan farkl\u0131 olarak \u00f6l\u00e7\u00fcmlenebiliyor.<\/span>[\/vc_column_text][\/vc_column_inner][\/vc_row_inner][\/vc_column][\/vc_row][vc_row equal_height=&#8221;yes&#8221; content_placement=&#8221;top&#8221; bg_type=&#8221;image&#8221; parallax_style=&#8221;vcpb-hz-jquery&#8221; bg_image_new=&#8221;id^1611|url^https:\/\/www.turkishtranslationoffice.com\/tr\/wp-content\/uploads\/2016\/02\/bg-mem.png|caption^null|alt^null|title^bg-mem|description^null&#8221; bg_override=&#8221;ex-full&#8221; type=&#8221;vc_default&#8221; margin_top=&#8221;5&#8243; margin_bottom=&#8221;10&#8243; css=&#8221;.vc_custom_1598431676885{padding-top: 30px !important;padding-bottom: 30px !important;background-color: #ffffff !important;}&#8221;][vc_column][vc_row_inner equal_height=&#8221;yes&#8221; content_placement=&#8221;top&#8221;][vc_column_inner width=&#8221;1\/2&#8243; css=&#8221;.vc_custom_1596550716406{padding-top: 10px !important;}&#8221;]<div id=\"ultimate-heading-855469d8c917d3377\" class=\"uvc-heading ult-adjust-bottom-margin ultimate-heading-855469d8c917d3377 uvc-8743 \" data-hspacer=\"no_spacer\"  data-halign=\"left\" style=\"text-align:left\"><div class=\"uvc-heading-spacer no_spacer\" style=\"top\"><\/div><div class=\"uvc-main-heading ult-responsive\"  data-ultimate-target='.uvc-heading.ultimate-heading-855469d8c917d3377 h2'  data-responsive-json-new='{\"font-size\":\"desktop:24px;\",\"line-height\":\"desktop:34px;\"}' ><h2 style=\"font-weight:bold;margin-bottom:25px;\">\u0130\u00e7erik yerelle\u015ftirmesinin \u00f6nemi<\/h2><\/div><\/div>[vc_column_text]<span style=\"font-weight: 400;\">Dijital ekosistemde yap\u0131lan her t\u00fcrl\u00fc pazarlama faaliyetini dijital pazarlama ba\u015fl\u0131\u011f\u0131 alt\u0131nda toplayabiliriz. E-mail, sosyal medya, arama motoru ve mobil uygulamalar gibi pek \u00e7ok farkl\u0131 kanal \u00fczerinden i\u00e7erik pazarlamas\u0131 yap\u0131larak hedef kitleye ula\u015fmak m\u00fcmk\u00fcn. Yeni bir pazara a\u00e7\u0131lmak istiyorsan\u0131z, mesaj\u0131n\u0131z\u0131 kullanaca\u011f\u0131n\u0131z mecraya uyarlayarak hedef kitlenize ula\u015ft\u0131rabilirsiniz. Burada i\u00e7erik olarak s\u00f6z\u00fcn\u00fc etti\u011fimiz mesaj bir g\u00f6rsel, buna e\u015flik eden yaz\u0131l\u0131 bir metin olabilir.<\/span><\/p>\n<p>D\u00fcnyan\u0131n y\u00fckselen ticaret trendi e-ticaret alan\u0131nda yap\u0131lan baz\u0131 ara\u015ft\u0131rmalara g\u00f6re internet kullan\u0131c\u0131lar\u0131 kendi ana dillerinde g\u00fcvenilir bir ileti\u015fim imkan\u0131 sunan web sitelerinden al\u0131\u015fveri\u015f yapmay\u0131 tercih ediyor. Buradan hareketle ula\u015fmak istedi\u011finiz kitlenin dilini konu\u015fman\u0131n ne kadar \u00f6nemli oldu\u011funu anlamak m\u00fcmk\u00fcn.<\/p>\n<p>\u0130nternet kullan\u0131c\u0131lar\u0131 her g\u00fcn pek \u00e7ok farkl\u0131 i\u00e7erik t\u00fcr\u00fcne maruz kal\u0131yor ve bir anlamda i\u00e7erik \u00fcreticilerinin i\u015fi zorla\u015f\u0131yor. Mesaj\u0131n\u0131z\u0131 en etkili \u015fekilde iletmek i\u00e7in hem kulland\u0131\u011f\u0131n\u0131z ileti\u015fim kanal\u0131na uyarlamal\u0131 hem de di\u011fer i\u00e7eriklerden ayr\u0131\u015ft\u0131rmal\u0131s\u0131n\u0131z, bunu farkl\u0131 bir dilde yapabilmek i\u00e7in kullanabilece\u011finiz en uygun \u00e7\u00f6z\u00fcm: i\u00e7erik lokalizasyonudur.[\/vc_column_text][\/vc_column_inner][vc_column_inner width=&#8221;1\/2&#8243;]<style type=\"text\/css\" data-type=\"the7_shortcodes-inline-css\">.shortcode-single-image-wrap.shortcode-single-image-5342c70d75690f170fec35df983b7acf.enable-bg-rollover .rollover i,\n.shortcode-single-image-wrap.shortcode-single-image-5342c70d75690f170fec35df983b7acf.enable-bg-rollover .rollover-video i {\n  background: ;\n  background: -webkit-linear-gradient();\n  background: linear-gradient();\n}\n.shortcode-single-image-wrap.shortcode-single-image-5342c70d75690f170fec35df983b7acf .rollover-icon {\n  font-size: 32px;\n  color: #ffffff;\n  min-width: 44px;\n  min-height: 44px;\n  line-height: 44px;\n  border-radius: 100px;\n  border-style: solid;\n  border-width: 0px;\n}\n.dt-icon-bg-on.shortcode-single-image-wrap.shortcode-single-image-5342c70d75690f170fec35df983b7acf .rollover-icon {\n  background: rgba(255,255,255,0.3);\n  box-shadow: none;\n}\n<\/style><div class=\"shortcode-single-image-wrap shortcode-single-image-5342c70d75690f170fec35df983b7acf alignnone  enable-bg-rollover dt-icon-bg-off\" style=\"margin-top:0px; margin-bottom:0px; margin-left:0px; margin-right:0px; width:1000px;\"><div class=\"shortcode-single-image\"><div class=\"fancy-media-wrap  layzr-bg\" style=\"border-radius:10px;\"><img loading=\"lazy\" decoding=\"async\" class=\"preload-me lazy-load\" src=\"data:image\/svg+xml,%3Csvg%20xmlns%3D&#39;http%3A%2F%2Fwww.w3.org%2F2000%2Fsvg&#39;%20viewBox%3D&#39;0%200%201000%20700&#39;%2F%3E\" data-src=\"https:\/\/www.turkishtranslationoffice.com\/tr\/wp-content\/uploads\/sites\/1\/2020\/08\/dijital-icerik-yerellestirmenin-onemi-1000x700.jpg\" data-srcset=\"https:\/\/www.turkishtranslationoffice.com\/tr\/wp-content\/uploads\/sites\/1\/2020\/08\/dijital-icerik-yerellestirmenin-onemi-1000x700.jpg 1000w, https:\/\/www.turkishtranslationoffice.com\/tr\/wp-content\/uploads\/sites\/1\/2020\/08\/dijital-icerik-yerellestirmenin-onemi-1525x1068.jpg 1525w\" width=\"1000\" height=\"700\"  data-dt-location=\"https:\/\/www.turkishtranslationoffice.com\/tr\/dijital-pazarlama-icerikleri-yerellestirmesi\/dijital-icerik-yerellestirmenin-onemi\/\" style=\"border-radius:10px;\" alt=\"\u0130\u00e7erik yerelle\u015ftirmesinin \u00f6nemi\" \/><\/div><\/div><\/div>[\/vc_column_inner][\/vc_row_inner][\/vc_column][\/vc_row][vc_row bg_type=&#8221;image&#8221; bg_override=&#8221;full&#8221; css=&#8221;.vc_custom_1596535087001{background-image: url(https:\/\/www.turkishtranslationoffice.com\/tr\/wp-content\/uploads\/2020\/08\/uyari.jpg?id=2304) !important;}&#8221;][vc_column]<div class=\"smile_icon_list_wrap ult_info_list_container ult-adjust-bottom-margin   vc_custom_1596535225225\"><ul class=\"smile_icon_list top circle with_bg\"><li class=\"icon_list_item\" style=\" font-size:96px;\"><div class=\"icon_list_icon\" data-animation=\"\" data-animation-delay=\"03\" style=\"font-size:32px;border-width:1px;border-style:none;background:#ffffff;color:#d44133;border-color:#333333;\"><i class=\"far fa-smile\" ><\/i><\/div><div class=\"icon_description\" id=\"Info-list-wrap-4898\" style=\"font-size:32px;\"><h3 class=\"ult-responsive info-list-heading\"  data-ultimate-target='#Info-list-wrap-4898 h3'  data-responsive-json-new='{\"font-size\":\"desktop:16px;\",\"line-height\":\"desktop:24px;\"}'  style=\"font-weight:bold;color:#ffffff;\">SEO Odakl\u0131 \u00c7\u00f6z\u00fcmler<\/h3><div class=\"icon_description_text ult-responsive\"  data-ultimate-target='#Info-list-wrap-4898 .icon_description_text'  data-responsive-json-new='{\"font-size\":\"desktop:13px;\",\"line-height\":\"desktop:18px;\"}'  style=\"color:#ffffff;\"><\/div><\/div><div class=\"icon_list_connector\" data-animation=\"fadeInLeft\" data-animation-delay=\"03\" style=\"border: none !important;\"><\/div><\/li><li class=\"icon_list_item\" style=\" font-size:96px;\"><div class=\"icon_list_icon\" data-animation=\"\" data-animation-delay=\"03\" style=\"font-size:32px;border-width:1px;border-style:none;background:#ffffff;color:#d44133;border-color:#333333;\"><i class=\"fas fa-thumbs-up\" ><\/i><\/div><div class=\"icon_description\" id=\"Info-list-wrap-3710\" style=\"font-size:32px;\"><h3 class=\"ult-responsive info-list-heading\"  data-ultimate-target='#Info-list-wrap-3710 h3'  data-responsive-json-new='{\"font-size\":\"desktop:16px;\",\"line-height\":\"desktop:24px;\"}'  style=\"font-weight:bold;color:#ffffff;\">H\u0131zl\u0131 &amp; G\u00fcvenilir<\/h3><div class=\"icon_description_text ult-responsive\"  data-ultimate-target='#Info-list-wrap-3710 .icon_description_text'  data-responsive-json-new='{\"font-size\":\"desktop:13px;\",\"line-height\":\"desktop:18px;\"}'  style=\"color:#ffffff;\"><\/div><\/div><div class=\"icon_list_connector\" data-animation=\"fadeInLeft\" data-animation-delay=\"03\" style=\"border: none !important;\"><\/div><\/li><li class=\"icon_list_item\" style=\" font-size:96px;\"><div class=\"icon_list_icon\" data-animation=\"\" data-animation-delay=\"03\" style=\"font-size:32px;border-width:1px;border-style:none;background:#ffffff;color:#d44133;border-color:#333333;\"><i class=\"fas fa-users\" ><\/i><\/div><div class=\"icon_description\" id=\"Info-list-wrap-7079\" style=\"font-size:32px;\"><h3 class=\"ult-responsive info-list-heading\"  data-ultimate-target='#Info-list-wrap-7079 h3'  data-responsive-json-new='{\"font-size\":\"desktop:16px;\",\"line-height\":\"desktop:24px;\"}'  style=\"font-weight:bold;color:#ffffff;\">Profesyonel Ekipler<\/h3><div class=\"icon_description_text ult-responsive\"  data-ultimate-target='#Info-list-wrap-7079 .icon_description_text'  data-responsive-json-new='{\"font-size\":\"desktop:13px;\",\"line-height\":\"desktop:18px;\"}'  style=\"color:#ffffff;\"><\/div><\/div><div class=\"icon_list_connector\" data-animation=\"fadeInLeft\" data-animation-delay=\"03\" style=\"border: none !important;\"><\/div><\/li><li class=\"icon_list_item\" style=\" font-size:96px;\"><div class=\"icon_list_icon\" data-animation=\"\" data-animation-delay=\"03\" style=\"font-size:32px;border-width:1px;border-style:none;background:#ffffff;color:#d44133;border-color:#333333;\"><i class=\"fas fa-comments\" ><\/i><\/div><div class=\"icon_description\" id=\"Info-list-wrap-7478\" style=\"font-size:32px;\"><h3 class=\"ult-responsive info-list-heading\"  data-ultimate-target='#Info-list-wrap-7478 h3'  data-responsive-json-new='{\"font-size\":\"desktop:16px;\",\"line-height\":\"desktop:24px;\"}'  style=\"font-weight:bold;color:#ffffff;\">7 \/ 24 Ula\u015f\u0131labilir<\/h3><div class=\"icon_description_text ult-responsive\"  data-ultimate-target='#Info-list-wrap-7478 .icon_description_text'  data-responsive-json-new='{\"font-size\":\"desktop:13px;\",\"line-height\":\"desktop:18px;\"}'  style=\"color:#ffffff;\"><\/div><\/div><div class=\"icon_list_connector\" data-animation=\"fadeInLeft\" data-animation-delay=\"03\" style=\"border: none !important;\"><\/div><\/li><\/ul><\/div>[\/vc_column][\/vc_row][vc_row equal_height=&#8221;yes&#8221; content_placement=&#8221;top&#8221; bg_type=&#8221;image&#8221; parallax_style=&#8221;vcpb-hz-jquery&#8221; bg_image_new=&#8221;id^1611|url^https:\/\/www.turkishtranslationoffice.com\/tr\/wp-content\/uploads\/2016\/02\/bg-mem.png|caption^null|alt^null|title^bg-mem|description^null&#8221; bg_override=&#8221;ex-full&#8221; type=&#8221;vc_default&#8221; margin_top=&#8221;5&#8243; margin_bottom=&#8221;10&#8243; css=&#8221;.vc_custom_1598431612364{padding-top: 30px !important;padding-bottom: 50px !important;background-color: #f4f4f4 !important;}&#8221;][vc_column css=&#8221;.vc_custom_1491746299333{padding-bottom: 0px !important;}&#8221;][vc_row_inner equal_height=&#8221;yes&#8221; content_placement=&#8221;top&#8221;][vc_column_inner width=&#8221;1\/2&#8243;]<style type=\"text\/css\" data-type=\"the7_shortcodes-inline-css\">.shortcode-single-image-wrap.shortcode-single-image-c04772c2d7f15ddcf7a0646b1a658481.enable-bg-rollover .rollover i,\n.shortcode-single-image-wrap.shortcode-single-image-c04772c2d7f15ddcf7a0646b1a658481.enable-bg-rollover .rollover-video i {\n  background: ;\n  background: -webkit-linear-gradient();\n  background: linear-gradient();\n}\n.shortcode-single-image-wrap.shortcode-single-image-c04772c2d7f15ddcf7a0646b1a658481 .rollover-icon {\n  font-size: 32px;\n  color: #ffffff;\n  min-width: 44px;\n  min-height: 44px;\n  line-height: 44px;\n  border-radius: 100px;\n  border-style: solid;\n  border-width: 0px;\n}\n.dt-icon-bg-on.shortcode-single-image-wrap.shortcode-single-image-c04772c2d7f15ddcf7a0646b1a658481 .rollover-icon {\n  background: rgba(255,255,255,0.3);\n  box-shadow: none;\n}\n<\/style><div class=\"shortcode-single-image-wrap shortcode-single-image-c04772c2d7f15ddcf7a0646b1a658481 alignnone  enable-bg-rollover dt-icon-bg-off\" style=\"margin-top:0px; margin-bottom:0px; margin-left:0px; margin-right:0px; width:1000px;\"><div class=\"shortcode-single-image\"><div class=\"fancy-media-wrap  layzr-bg\" style=\"border-radius:10px;\"><img loading=\"lazy\" decoding=\"async\" class=\"preload-me lazy-load\" src=\"data:image\/svg+xml,%3Csvg%20xmlns%3D&#39;http%3A%2F%2Fwww.w3.org%2F2000%2Fsvg&#39;%20viewBox%3D&#39;0%200%201000%20700&#39;%2F%3E\" data-src=\"https:\/\/www.turkishtranslationoffice.com\/tr\/wp-content\/uploads\/sites\/1\/2020\/08\/tum-dunya-dillerinde-icerik-yerellestirmesi-1-1000x700.jpg\" data-srcset=\"https:\/\/www.turkishtranslationoffice.com\/tr\/wp-content\/uploads\/sites\/1\/2020\/08\/tum-dunya-dillerinde-icerik-yerellestirmesi-1-1000x700.jpg 1000w, https:\/\/www.turkishtranslationoffice.com\/tr\/wp-content\/uploads\/sites\/1\/2020\/08\/tum-dunya-dillerinde-icerik-yerellestirmesi-1-1524x1067.jpg 1524w\" width=\"1000\" height=\"700\"  data-dt-location=\"https:\/\/www.turkishtranslationoffice.com\/tr\/dijital-pazarlama-icerikleri-yerellestirmesi\/tum-dunya-dillerinde-icerik-yerellestirmesi\/\" style=\"border-radius:10px;\" alt=\"T\u00fcm d\u00fcnya dillerinde i\u00e7erik yerelle\u015ftirmesi\" \/><\/div><\/div><\/div>[\/vc_column_inner][vc_column_inner width=&#8221;1\/2&#8243; css=&#8221;.vc_custom_1596550089277{padding-top: 20px !important;}&#8221;]<div id=\"ultimate-heading-938269d8c917d3a5f\" class=\"uvc-heading ult-adjust-bottom-margin ultimate-heading-938269d8c917d3a5f uvc-1648 \" data-hspacer=\"no_spacer\"  data-halign=\"left\" style=\"text-align:left\"><div class=\"uvc-heading-spacer no_spacer\" style=\"top\"><\/div><div class=\"uvc-main-heading ult-responsive\"  data-ultimate-target='.uvc-heading.ultimate-heading-938269d8c917d3a5f h2'  data-responsive-json-new='{\"font-size\":\"desktop:24px;\",\"line-height\":\"desktop:34px;\"}' ><h2 style=\"font-weight:bold;margin-bottom:25px;\">T\u00fcm d\u00fcnya dillerinde i\u00e7erik yerelle\u015ftirmesi<\/h2><\/div><\/div>[vc_column_text]<span style=\"font-weight: 400;\">Almanya\u2019da konumlanm\u0131\u015f olan \u015firket merkezimizden d\u00fcnyan\u0131n pek \u00e7ok \u00fclkesinden binlerce profesyonel dil uzman\u0131 ile her t\u00fcrl\u00fc dijital pazarlama ihtiyac\u0131n\u0131zda i\u00e7erik lokalizasyonu \u00e7\u00f6z\u00fcmleri sunuyoruz. \u00c7ok dilli projelerinizde e\u015f zamanl\u0131 sonu\u00e7 alma avantaj\u0131 d\u0131\u015f\u0131nda lokalizasyon ekibimizde yer alan IT uzmanlar\u0131, web tasar\u0131m uzmanlar\u0131 ve yaz\u0131l\u0131m profesyonelleri ile projelerinizi sorunsuz teslim ediyoruz. <\/span>[\/vc_column_text][\/vc_column_inner][\/vc_row_inner][\/vc_column][\/vc_row][vc_row content_placement=&#8221;middle&#8221; bg_type=&#8221;grad&#8221; bg_override=&#8221;ex-full&#8221; bg_grad=&#8221;background: -webkit-gradient(linear, left top, left bottom, color-stop(0%, #365088), color-stop(100%, #EA524D));background: -moz-linear-gradient(135deg,#365088 0%,#EA524D 100%);background: -webkit-linear-gradient(135deg,#365088 0%,#EA524D 100%);background: -o-linear-gradient(135deg,#365088 0%,#EA524D 100%);background: -ms-linear-gradient(135deg,#365088 0%,#EA524D 100%);background: linear-gradient(135deg,#365088 0%,#EA524D 100%);&#8221;][vc_column width=&#8221;2\/3&#8243;][vc_column_text]<strong style=\"color: #ffffff; font-size: 24px;\">Dijital pazarlama i\u00e7eriklerinizi Turkish Translation Office ile yerelle\u015ftirin, hedef kitlenizle etkile\u015fiminizi artt\u0131r\u0131n!<\/strong>[\/vc_column_text][\/vc_column][vc_column width=&#8221;1\/3&#8243;][vc_btn title=&#8221;Teklif Al&#8221; color=&#8221;warning&#8221; size=&#8221;lg&#8221; align=&#8221;right&#8221; link=&#8221;url:%2Ftr%2Fteklif-alin%2F|||&#8221;][\/vc_column][\/vc_row]<\/p>\n","protected":false},"excerpt":{"rendered":"<p>[vc_row equal_height=&#8221;yes&#8221; content_placement=&#8221;top&#8221; bg_type=&#8221;image&#8221; parallax_style=&#8221;vcpb-default&#8221; bg_image_new=&#8221;id^3555|url^https:\/\/www.turkishtranslationoffice.com\/tr\/wp-content\/uploads\/2020\/08\/dijital-pazarlama-icerik-yerellestirmesi.jpg|caption^null|alt^null|title^dijital-pazarlama-icerik-yerellestirmesi|description^null&#8221; bg_override=&#8221;ex-full&#8221; type=&#8221;vc_default&#8221; margin_top=&#8221;5&#8243; margin_bottom=&#8221;10&#8243; css=&#8221;.vc_custom_1629977891567{padding-top: 2% !important;padding-bottom: 2% !important;}&#8221;][vc_column width=&#8221;1\/2&#8243;][vc_column_text] Ayn\u0131 anda pek \u00e7ok farkl\u0131 dilde \u00e7\u00f6z\u00fcm sunan bir lokalizasyon uzman\u0131 ar\u0131yorsan\u0131z Turkish Translation Office olarak dil uzmanlar\u0131m\u0131zla yan\u0131n\u0131zday\u0131z! Ekonomik fiyatlardan sundu\u011fumuz profesyonel i\u00e7erik yerelle\u015ftirmesi \u00e7\u00f6z\u00fcmlerimizi d\u00fcnya genelinde farkl\u0131 dillerde binlerce dil uzman\u0131m\u0131z ile sunuyoruz. [\/vc_column_text][vc_row_inner equal_height=&#8221;yes&#8221; content_placement=&#8221;top&#8221;][vc_column_inner css=&#8221;.vc_custom_1644306687879{padding-bottom:&hellip;<\/p>\n","protected":false},"author":1,"featured_media":0,"parent":0,"menu_order":10,"comment_status":"closed","ping_status":"closed","template":"","meta":{"footnotes":""},"aioseo_notices":[],"_links":{"self":[{"href":"https:\/\/www.turkishtranslationoffice.com\/tr\/wp-json\/wp\/v2\/pages\/2659"}],"collection":[{"href":"https:\/\/www.turkishtranslationoffice.com\/tr\/wp-json\/wp\/v2\/pages"}],"about":[{"href":"https:\/\/www.turkishtranslationoffice.com\/tr\/wp-json\/wp\/v2\/types\/page"}],"author":[{"embeddable":true,"href":"https:\/\/www.turkishtranslationoffice.com\/tr\/wp-json\/wp\/v2\/users\/1"}],"replies":[{"embeddable":true,"href":"https:\/\/www.turkishtranslationoffice.com\/tr\/wp-json\/wp\/v2\/comments?post=2659"}],"version-history":[{"count":2,"href":"https:\/\/www.turkishtranslationoffice.com\/tr\/wp-json\/wp\/v2\/pages\/2659\/revisions"}],"predecessor-version":[{"id":5634,"href":"https:\/\/www.turkishtranslationoffice.com\/tr\/wp-json\/wp\/v2\/pages\/2659\/revisions\/5634"}],"wp:attachment":[{"href":"https:\/\/www.turkishtranslationoffice.com\/tr\/wp-json\/wp\/v2\/media?parent=2659"}],"curies":[{"name":"wp","href":"https:\/\/api.w.org\/{rel}","templated":true}]}}