{"id":2666,"date":"2020-08-10T17:25:43","date_gmt":"2020-08-10T14:25:43","guid":{"rendered":"https:\/\/www.turkishtranslationoffice.com\/tr\/dijital-pazarlama-icerikleri-yerellestirmesi-copy\/"},"modified":"2022-02-08T10:56:47","modified_gmt":"2022-02-08T07:56:47","slug":"e-ticaret-yerellestirmesi","status":"publish","type":"page","link":"https:\/\/www.turkishtranslationoffice.com\/tr\/e-ticaret-yerellestirmesi\/","title":{"rendered":"E-ticaret Yerelle\u015ftirmesi"},"content":{"rendered":"<p>[vc_row equal_height=&#8221;yes&#8221; content_placement=&#8221;top&#8221; bg_type=&#8221;image&#8221; parallax_style=&#8221;vcpb-default&#8221; bg_image_new=&#8221;id^3571|url^https:\/\/www.turkishtranslationoffice.com\/tr\/wp-content\/uploads\/2020\/08\/e-ticaret-yerellestirmesi.jpg|caption^null|alt^null|title^e-ticaret-yerellestirmesi|description^null&#8221; bg_override=&#8221;ex-full&#8221; type=&#8221;vc_default&#8221; margin_top=&#8221;5&#8243; margin_bottom=&#8221;10&#8243; css=&#8221;.vc_custom_1629977929445{padding-top: 2% !important;padding-bottom: 2% !important;}&#8221;][vc_column width=&#8221;1\/2&#8243;]<div id=\"ultimate-heading-839069fdfd2f8b5f6\" class=\"uvc-heading ult-adjust-bottom-margin ultimate-heading-839069fdfd2f8b5f6 uvc-6599 \" data-hspacer=\"no_spacer\"  data-halign=\"left\" style=\"text-align:left\"><div class=\"uvc-heading-spacer no_spacer\" style=\"top\"><\/div><div class=\"uvc-main-heading ult-responsive\"  data-ultimate-target='.uvc-heading.ultimate-heading-839069fdfd2f8b5f6 h1'  data-responsive-json-new='{\"font-size\":\"desktop:28px;\",\"line-height\":\"desktop:34px;\"}' ><h1 style=\"font-weight:bold;margin-bottom:25px;\">E-ticaret Lokalizasyonu<\/h1><\/div><\/div>[vc_column_text]<\/p>\n<p style=\"text-align: left;\"><span style=\"font-weight: 400; font-size: 18px;\">E-ticarette kar pay\u0131n\u0131z\u0131 artt\u0131rmak ve yurtd\u0131\u015f\u0131na a\u00e7\u0131lmaya haz\u0131r m\u0131s\u0131n\u0131z? Hangi sekt\u00f6rde olursa olsun e-ticaret, sizi pek \u00e7ok masraftan kurtar\u0131r ve minimum \u00e7abayla maksimum kar\u0131 elde etmenizi sa\u011flar. TTO olarak e-ticaret yerelle\u015ftirme \u00e7\u00f6z\u00fcmlerimizi en iyi fiyatlara sunarak d\u00fcnyaya a\u00e7\u0131lman\u0131za yard\u0131mc\u0131 oluyoruz! Projenize \u00f6zel olu\u015fturaca\u011f\u0131m\u0131z ekibimizle \u00fccretsiz teklifinizi \u015fimdi isteyin!<\/span><\/p>\n<p>[\/vc_column_text][vc_row_inner equal_height=&#8221;yes&#8221; content_placement=&#8221;top&#8221;][vc_column_inner css=&#8221;.vc_custom_1644307002330{padding-top: 20px !important;padding-bottom: 32px !important;}&#8221;]<style type=\"text\/css\" data-type=\"the7_shortcodes-inline-css\">#default-btn-5500f2ff6f96bab3d9b604f8557966e4.ico-right-side > i {\n  margin-right: 0px;\n  margin-left: 8px;\n}\n#default-btn-5500f2ff6f96bab3d9b604f8557966e4 > i {\n  margin-right: 8px;\n}\n#default-btn-5500f2ff6f96bab3d9b604f8557966e4 * {\n  vertical-align: middle;\n}\n<\/style><a href=\"\/tr\/teklif-alin\/\" class=\"default-btn-shortcode dt-btn dt-btn-l link-hover-off button-tto-grey btn-inline-left  vc_custom_1600267078372\" id=\"default-btn-5500f2ff6f96bab3d9b604f8557966e4\" style=\"width:225px;\"><span>\u00dccretsiz Teklif Al\u0131n<\/span><\/a><style type=\"text\/css\" data-type=\"the7_shortcodes-inline-css\">#default-btn-90bf819367dfda5b151109a2e23f53fb.ico-right-side > i {\n  margin-right: 0px;\n  margin-left: 8px;\n}\n#default-btn-90bf819367dfda5b151109a2e23f53fb > i {\n  margin-right: 8px;\n}\n#default-btn-90bf819367dfda5b151109a2e23f53fb * {\n  vertical-align: middle;\n}\n<\/style><a href=\"\/tr\/iletisim\/\" class=\"default-btn-shortcode dt-btn dt-btn-l link-hover-off button-tto-red btn-inline-left  vc_custom_1600267088096\" id=\"default-btn-90bf819367dfda5b151109a2e23f53fb\" style=\"width:225px;\"><span>Bize Ula\u015f\u0131n<\/span><\/a>[\/vc_column_inner][\/vc_row_inner][\/vc_column][vc_column width=&#8221;1\/2&#8243;][\/vc_column][\/vc_row][vc_row equal_height=&#8221;yes&#8221; content_placement=&#8221;top&#8221; bg_type=&#8221;image&#8221; parallax_style=&#8221;vcpb-hz-jquery&#8221; bg_image_new=&#8221;id^1611|url^https:\/\/www.turkishtranslationoffice.com\/tr\/wp-content\/uploads\/2016\/02\/bg-mem.png|caption^null|alt^null|title^bg-mem|description^null&#8221; bg_override=&#8221;ex-full&#8221; type=&#8221;vc_default&#8221; margin_top=&#8221;5&#8243; margin_bottom=&#8221;10&#8243; css=&#8221;.vc_custom_1598433371522{padding-top: 30px !important;padding-bottom: 30px !important;background-color: #f4f4f4 !important;}&#8221;][vc_column css=&#8221;.vc_custom_1491746299333{padding-bottom: 0px !important;}&#8221;][vc_row_inner equal_height=&#8221;yes&#8221; content_placement=&#8221;top&#8221;][vc_column_inner width=&#8221;1\/2&#8243;]<style type=\"text\/css\" data-type=\"the7_shortcodes-inline-css\">.shortcode-single-image-wrap.shortcode-single-image-4874283969f79ef8077e99cc879e4beb.enable-bg-rollover .rollover i,\n.shortcode-single-image-wrap.shortcode-single-image-4874283969f79ef8077e99cc879e4beb.enable-bg-rollover .rollover-video i {\n  background: ;\n  background: -webkit-linear-gradient();\n  background: linear-gradient();\n}\n.shortcode-single-image-wrap.shortcode-single-image-4874283969f79ef8077e99cc879e4beb .rollover-icon {\n  font-size: 32px;\n  color: #ffffff;\n  min-width: 44px;\n  min-height: 44px;\n  line-height: 44px;\n  border-radius: 100px;\n  border-style: solid;\n  border-width: 0px;\n}\n.dt-icon-bg-on.shortcode-single-image-wrap.shortcode-single-image-4874283969f79ef8077e99cc879e4beb .rollover-icon {\n  background: rgba(255,255,255,0.3);\n  box-shadow: none;\n}\n<\/style><div class=\"shortcode-single-image-wrap shortcode-single-image-4874283969f79ef8077e99cc879e4beb alignnone  enable-bg-rollover dt-icon-bg-off\" style=\"margin-top:0px; margin-bottom:0px; margin-left:0px; margin-right:0px; width:1000px;\"><div class=\"shortcode-single-image\"><div class=\"fancy-media-wrap  layzr-bg\" style=\"border-radius:10px;\"><img loading=\"lazy\" decoding=\"async\" class=\"preload-me lazy-load\" src=\"data:image\/svg+xml,%3Csvg%20xmlns%3D&#39;http%3A%2F%2Fwww.w3.org%2F2000%2Fsvg&#39;%20viewBox%3D&#39;0%200%201000%20700&#39;%2F%3E\" data-src=\"https:\/\/www.turkishtranslationoffice.com\/tr\/wp-content\/uploads\/sites\/1\/2020\/08\/e-ticaret-ekosistemi-1000x700.jpg\" data-srcset=\"https:\/\/www.turkishtranslationoffice.com\/tr\/wp-content\/uploads\/sites\/1\/2020\/08\/e-ticaret-ekosistemi-1000x700.jpg 1000w, https:\/\/www.turkishtranslationoffice.com\/tr\/wp-content\/uploads\/sites\/1\/2020\/08\/e-ticaret-ekosistemi-1600x1120.jpg 1600w\" width=\"1000\" height=\"700\"  data-dt-location=\"https:\/\/www.turkishtranslationoffice.com\/tr\/e-ticaret-yerellestirmesi\/e-ticaret-ekosistemi\/\" style=\"border-radius:10px;\" alt=\"e-ticaret ekosistemi\" \/><\/div><\/div><\/div>[\/vc_column_inner][vc_column_inner width=&#8221;1\/2&#8243; css=&#8221;.vc_custom_1596550089277{padding-top: 20px !important;}&#8221;]<div id=\"ultimate-heading-747169fdfd2f8c556\" class=\"uvc-heading ult-adjust-bottom-margin ultimate-heading-747169fdfd2f8c556 uvc-1683 \" data-hspacer=\"no_spacer\"  data-halign=\"left\" style=\"text-align:left\"><div class=\"uvc-heading-spacer no_spacer\" style=\"top\"><\/div><div class=\"uvc-main-heading ult-responsive\"  data-ultimate-target='.uvc-heading.ultimate-heading-747169fdfd2f8c556 h2'  data-responsive-json-new='{\"font-size\":\"desktop:24px;\",\"line-height\":\"desktop:34px;\"}' ><h2 style=\"font-weight:bold;margin-bottom:25px;\">D\u00fcnyan\u0131n yeni ticaret anlay\u0131\u015f\u0131: e-ticaret ekosistemi<\/h2><\/div><\/div>[vc_column_text]<span style=\"font-weight: 400;\">\u0130nternet sayesinde ticaret t\u00fcm sekt\u00f6rlerde online platformlara ta\u015f\u0131nd\u0131. \u0130ster \u00f6zel tasar\u0131m \u00fcr\u00fcnlerini internet \u00fczerinden sat\u0131\u015fa sunan bir tasar\u0131mc\u0131 olsun ister giri\u015fimci ya da uluslararas\u0131 faaliyet g\u00f6steren bir perakende devi\u2026 \u00dcr\u00fcn ve hizmetlerinizi diledi\u011finiz \u00fclkenin pazar\u0131nda sat\u0131\u015fa sunabilirsiniz.<br \/>\n<\/span><\/p>\n<p><b>E-ticaret sayesinde\u00a0<\/b><\/p>\n<ul>\n<li><span style=\"font-weight: 400;\">Fiziksel bir ma\u011fazan\u0131z olmadan internet \u00fczerinden online sat\u0131\u015f yapabilirsiniz<\/span><\/li>\n<li>Farkl\u0131 \u00fclkelerin pazarlar\u0131na giri\u015f yapmak i\u00e7in fiziksel engelleri a\u015fabilirsiniz<\/li>\n<li>Lojistik, ma\u011faza ve personel giderlerinden tasarruf edebilirsiniz<\/li>\n<li>Di\u011fer giderlerinizin azalmas\u0131yla artan b\u00fct\u00e7enizle daha etkili olan dijital pazarlamaya yat\u0131rabilirsiniz<\/li>\n<\/ul>\n<p><span style=\"font-weight: 400;\">Tabii t\u00fcm bunlar\u0131 ba\u015farabilmek i\u00e7in atman\u0131z gereken en \u00f6nemli ad\u0131mlardan biri de hedef kitlenize kendi dilinde ula\u015fmak olacakt\u0131r. Yap\u0131lan ara\u015ft\u0131rmalar internet al\u0131\u015fveri\u015fi yapan kullan\u0131c\u0131lar\u0131n ana dilinde ve kendine g\u00fcven veren siteleri tercih etmeye daha yatk\u0131n oldu\u011funu g\u00f6steriyor. \u0130nternet d\u00fcnyas\u0131nda, \u00f6zellikle de e-ticaret alan\u0131nda g\u00fcven demek, ba\u015far\u0131 anlam\u0131na geliyor. <\/span>[\/vc_column_text][\/vc_column_inner][\/vc_row_inner][\/vc_column][\/vc_row][vc_row equal_height=&#8221;yes&#8221; content_placement=&#8221;top&#8221; bg_type=&#8221;bg_color&#8221; bg_override=&#8221;full&#8221; type=&#8221;vc_default&#8221; margin_top=&#8221;5&#8243; margin_bottom=&#8221;10&#8243; css=&#8221;.vc_custom_1598433272158{padding-top: 30px !important;padding-bottom: 30px !important;}&#8221; bg_color_value=&#8221;#ffffff&#8221;][vc_column][vc_row_inner equal_height=&#8221;yes&#8221; content_placement=&#8221;top&#8221;][vc_column_inner width=&#8221;1\/2&#8243; css=&#8221;.vc_custom_1596550716406{padding-top: 10px !important;}&#8221;]<div id=\"ultimate-heading-829069fdfd2f8c59e\" class=\"uvc-heading ult-adjust-bottom-margin ultimate-heading-829069fdfd2f8c59e uvc-7046 \" data-hspacer=\"no_spacer\"  data-halign=\"left\" style=\"text-align:left\"><div class=\"uvc-heading-spacer no_spacer\" style=\"top\"><\/div><div class=\"uvc-main-heading ult-responsive\"  data-ultimate-target='.uvc-heading.ultimate-heading-829069fdfd2f8c59e h2'  data-responsive-json-new='{\"font-size\":\"desktop:24px;\",\"line-height\":\"desktop:34px;\"}' ><h2 style=\"font-weight:bold;margin-bottom:25px;\">E-ticaret lokalizasyonu nedir?<\/h2><\/div><\/div>[vc_column_text]<span style=\"font-weight: 400;\">Online al\u0131\u015fveri\u015f s\u00f6z konusu oldu\u011funda ba\u015ftan sona olumlu bir al\u0131\u015fveri\u015f deneyimi sunmak olduk\u00e7a \u00f6nemlidir. Sat\u0131\u015f \u00f6ncesinde web sitenizin m\u00fc\u015fterilerinize sundu\u011fu her bir avantaj \u00f6deme ekran\u0131nda sat\u0131\u015fa d\u00f6n\u00fc\u015fen i\u015flem say\u0131s\u0131n\u0131 artt\u0131racakt\u0131r. Bunun i\u00e7in web sitenizin tasar\u0131m\u0131ndan kulland\u0131\u011f\u0131n\u0131z dile, \u00fcr\u00fcn ve hizmetlerinizin hedef kitlenizde yaratt\u0131\u011f\u0131 imaja kadar pek \u00e7ok detay\u0131 en iyi \u015fekilde sunmal\u0131s\u0131n\u0131z.<\/span><\/p>\n<p><span style=\"font-weight: 400;\">Farkl\u0131 \u00fclkelerin pazarlar\u0131na a\u00e7\u0131lmak i\u00e7in web siteniz \u00fczerinden yapt\u0131\u011f\u0131n\u0131z her t\u00fcrl\u00fc ileti\u015fim ve pazarlama faaliyetinin hedef kitlenizin diline, k\u00fclt\u00fcr\u00fcne ve online al\u0131\u015fveri\u015f al\u0131\u015fkanl\u0131klar\u0131na uyarlanmas\u0131 i\u015flemine e-ticaret lokalizasyonu ad\u0131 verilir. Lokalizasyonu terc\u00fcmeden ay\u0131ran da do\u011fas\u0131ndaki bu uyarlama ve yarat\u0131c\u0131l\u0131k n\u00fcanslar\u0131d\u0131r.<\/span>[\/vc_column_text][\/vc_column_inner][vc_column_inner width=&#8221;1\/2&#8243;]<style type=\"text\/css\" data-type=\"the7_shortcodes-inline-css\">.shortcode-single-image-wrap.shortcode-single-image-07b51c57100fa6508f76383980220e66.enable-bg-rollover .rollover i,\n.shortcode-single-image-wrap.shortcode-single-image-07b51c57100fa6508f76383980220e66.enable-bg-rollover .rollover-video i {\n  background: ;\n  background: -webkit-linear-gradient();\n  background: linear-gradient();\n}\n.shortcode-single-image-wrap.shortcode-single-image-07b51c57100fa6508f76383980220e66 .rollover-icon {\n  font-size: 32px;\n  color: #ffffff;\n  min-width: 44px;\n  min-height: 44px;\n  line-height: 44px;\n  border-radius: 100px;\n  border-style: solid;\n  border-width: 0px;\n}\n.dt-icon-bg-on.shortcode-single-image-wrap.shortcode-single-image-07b51c57100fa6508f76383980220e66 .rollover-icon {\n  background: rgba(255,255,255,0.3);\n  box-shadow: none;\n}\n<\/style><div class=\"shortcode-single-image-wrap shortcode-single-image-07b51c57100fa6508f76383980220e66 alignnone  enable-bg-rollover dt-icon-bg-off\" style=\"margin-top:0px; margin-bottom:0px; margin-left:0px; margin-right:0px; width:1000px;\"><div class=\"shortcode-single-image\"><div class=\"fancy-media-wrap  layzr-bg\" style=\"border-radius:10px;\"><img loading=\"lazy\" decoding=\"async\" class=\"preload-me lazy-load\" src=\"data:image\/svg+xml,%3Csvg%20xmlns%3D&#39;http%3A%2F%2Fwww.w3.org%2F2000%2Fsvg&#39;%20viewBox%3D&#39;0%200%201000%20700&#39;%2F%3E\" data-src=\"https:\/\/www.turkishtranslationoffice.com\/tr\/wp-content\/uploads\/sites\/1\/2020\/08\/e-ticaret-lokalizasyonu-nedir-1000x700.jpg\" data-srcset=\"https:\/\/www.turkishtranslationoffice.com\/tr\/wp-content\/uploads\/sites\/1\/2020\/08\/e-ticaret-lokalizasyonu-nedir-1000x700.jpg 1000w, https:\/\/www.turkishtranslationoffice.com\/tr\/wp-content\/uploads\/sites\/1\/2020\/08\/e-ticaret-lokalizasyonu-nedir-1524x1067.jpg 1524w\" width=\"1000\" height=\"700\"  data-dt-location=\"https:\/\/www.turkishtranslationoffice.com\/tr\/e-ticaret-yerellestirmesi\/e-ticaret-lokalizasyonu-nedir\/\" style=\"border-radius:10px;\" alt=\"E-ticaret lokalizasyonu\" \/><\/div><\/div><\/div>[\/vc_column_inner][\/vc_row_inner][\/vc_column][\/vc_row][vc_row bg_type=&#8221;image&#8221; bg_override=&#8221;full&#8221; css=&#8221;.vc_custom_1596535087001{background-image: url(https:\/\/www.turkishtranslationoffice.com\/tr\/wp-content\/uploads\/2020\/08\/uyari.jpg?id=2304) !important;}&#8221;][vc_column]<div class=\"smile_icon_list_wrap ult_info_list_container ult-adjust-bottom-margin   vc_custom_1596535225225\"><ul class=\"smile_icon_list top circle with_bg\"><li class=\"icon_list_item\" style=\" font-size:96px;\"><div class=\"icon_list_icon\" data-animation=\"\" data-animation-delay=\"03\" style=\"font-size:32px;border-width:1px;border-style:none;background:#ffffff;color:#d44133;border-color:#333333;\"><i class=\"fas fa-comments\" ><\/i><\/div><div class=\"icon_description\" id=\"Info-list-wrap-6514\" style=\"font-size:32px;\"><h3 class=\"ult-responsive info-list-heading\"  data-ultimate-target='#Info-list-wrap-6514 h3'  data-responsive-json-new='{\"font-size\":\"desktop:16px;\",\"line-height\":\"desktop:24px;\"}'  style=\"font-weight:bold;color:#ffffff;\">7 \/ 24 Ula\u015f\u0131labilir<\/h3><div class=\"icon_description_text ult-responsive\"  data-ultimate-target='#Info-list-wrap-6514 .icon_description_text'  data-responsive-json-new='{\"font-size\":\"desktop:13px;\",\"line-height\":\"desktop:18px;\"}'  style=\"color:#ffffff;\"><\/div><\/div><div class=\"icon_list_connector\" data-animation=\"fadeInLeft\" data-animation-delay=\"03\" style=\"border: none !important;\"><\/div><\/li><li class=\"icon_list_item\" style=\" font-size:96px;\"><div class=\"icon_list_icon\" data-animation=\"\" data-animation-delay=\"03\" style=\"font-size:32px;border-width:1px;border-style:none;background:#ffffff;color:#d44133;border-color:#333333;\"><i class=\"fas fa-coins\" ><\/i><\/div><div class=\"icon_description\" id=\"Info-list-wrap-9830\" style=\"font-size:32px;\"><h3 class=\"ult-responsive info-list-heading\"  data-ultimate-target='#Info-list-wrap-9830 h3'  data-responsive-json-new='{\"font-size\":\"desktop:16px;\",\"line-height\":\"desktop:24px;\"}'  style=\"font-weight:bold;color:#ffffff;\">Ekonomik Maliyetler<\/h3><div class=\"icon_description_text ult-responsive\"  data-ultimate-target='#Info-list-wrap-9830 .icon_description_text'  data-responsive-json-new='{\"font-size\":\"desktop:13px;\",\"line-height\":\"desktop:18px;\"}'  style=\"color:#ffffff;\"><\/div><\/div><div class=\"icon_list_connector\" data-animation=\"fadeInLeft\" data-animation-delay=\"03\" style=\"border: none !important;\"><\/div><\/li><li class=\"icon_list_item\" style=\" font-size:96px;\"><div class=\"icon_list_icon\" data-animation=\"\" data-animation-delay=\"03\" style=\"font-size:32px;border-width:1px;border-style:none;background:#ffffff;color:#d44133;border-color:#333333;\"><i class=\"fas fa-thumbs-up\" ><\/i><\/div><div class=\"icon_description\" id=\"Info-list-wrap-9063\" style=\"font-size:32px;\"><h3 class=\"ult-responsive info-list-heading\"  data-ultimate-target='#Info-list-wrap-9063 h3'  data-responsive-json-new='{\"font-size\":\"desktop:16px;\",\"line-height\":\"desktop:24px;\"}'  style=\"font-weight:bold;color:#ffffff;\">\u00dcst D\u00fczey Kalite<\/h3><div class=\"icon_description_text ult-responsive\"  data-ultimate-target='#Info-list-wrap-9063 .icon_description_text'  data-responsive-json-new='{\"font-size\":\"desktop:13px;\",\"line-height\":\"desktop:18px;\"}'  style=\"color:#ffffff;\"><\/div><\/div><div class=\"icon_list_connector\" data-animation=\"fadeInLeft\" data-animation-delay=\"03\" style=\"border: none !important;\"><\/div><\/li><\/ul><\/div>[\/vc_column][\/vc_row][vc_row equal_height=&#8221;yes&#8221; content_placement=&#8221;top&#8221; bg_type=&#8221;image&#8221; parallax_style=&#8221;vcpb-hz-jquery&#8221; bg_image_new=&#8221;id^1611|url^https:\/\/www.turkishtranslationoffice.com\/tr\/wp-content\/uploads\/2016\/02\/bg-mem.png|caption^null|alt^null|title^bg-mem|description^null&#8221; bg_override=&#8221;ex-full&#8221; type=&#8221;vc_default&#8221; margin_top=&#8221;5&#8243; margin_bottom=&#8221;10&#8243; css=&#8221;.vc_custom_1598433411363{padding-top: 30px !important;padding-bottom: 30px !important;background-color: #f4f4f4 !important;}&#8221;][vc_column css=&#8221;.vc_custom_1491746299333{padding-bottom: 0px !important;}&#8221;][vc_row_inner equal_height=&#8221;yes&#8221; content_placement=&#8221;top&#8221;][vc_column_inner width=&#8221;1\/2&#8243;]<style type=\"text\/css\" data-type=\"the7_shortcodes-inline-css\">.shortcode-single-image-wrap.shortcode-single-image-3b24e32dfb46702afacacf2edd80c81b.enable-bg-rollover .rollover i,\n.shortcode-single-image-wrap.shortcode-single-image-3b24e32dfb46702afacacf2edd80c81b.enable-bg-rollover .rollover-video i {\n  background: ;\n  background: -webkit-linear-gradient();\n  background: linear-gradient();\n}\n.shortcode-single-image-wrap.shortcode-single-image-3b24e32dfb46702afacacf2edd80c81b .rollover-icon {\n  font-size: 32px;\n  color: #ffffff;\n  min-width: 44px;\n  min-height: 44px;\n  line-height: 44px;\n  border-radius: 100px;\n  border-style: solid;\n  border-width: 0px;\n}\n.dt-icon-bg-on.shortcode-single-image-wrap.shortcode-single-image-3b24e32dfb46702afacacf2edd80c81b .rollover-icon {\n  background: rgba(255,255,255,0.3);\n  box-shadow: none;\n}\n<\/style><div class=\"shortcode-single-image-wrap shortcode-single-image-3b24e32dfb46702afacacf2edd80c81b alignnone  enable-bg-rollover dt-icon-bg-off\" style=\"margin-top:0px; margin-bottom:0px; margin-left:0px; margin-right:0px; width:1000px;\"><div class=\"shortcode-single-image\"><div class=\"fancy-media-wrap  layzr-bg\" style=\"border-radius:10px;\"><img loading=\"lazy\" decoding=\"async\" class=\"preload-me lazy-load\" src=\"data:image\/svg+xml,%3Csvg%20xmlns%3D&#39;http%3A%2F%2Fwww.w3.org%2F2000%2Fsvg&#39;%20viewBox%3D&#39;0%200%201000%20700&#39;%2F%3E\" data-src=\"https:\/\/www.turkishtranslationoffice.com\/tr\/wp-content\/uploads\/sites\/1\/2020\/08\/tto-ayricaliklari-1000x700.jpg\" data-srcset=\"https:\/\/www.turkishtranslationoffice.com\/tr\/wp-content\/uploads\/sites\/1\/2020\/08\/tto-ayricaliklari-1000x700.jpg 1000w, https:\/\/www.turkishtranslationoffice.com\/tr\/wp-content\/uploads\/sites\/1\/2020\/08\/tto-ayricaliklari-1521x1065.jpg 1521w\" width=\"1000\" height=\"700\"  data-dt-location=\"https:\/\/www.turkishtranslationoffice.com\/tr\/edebi-tercume\/tto-ayricaliklari\/\" style=\"border-radius:10px;\" alt=\"tecr\u00fcbe sahibi ve e\u011fitimli terc\u00fcman\" \/><\/div><\/div><\/div>[\/vc_column_inner][vc_column_inner width=&#8221;1\/2&#8243; css=&#8221;.vc_custom_1596550089277{padding-top: 20px !important;}&#8221;]<div id=\"ultimate-heading-875769fdfd2f8d3b5\" class=\"uvc-heading ult-adjust-bottom-margin ultimate-heading-875769fdfd2f8d3b5 uvc-1263 \" data-hspacer=\"no_spacer\"  data-halign=\"left\" style=\"text-align:left\"><div class=\"uvc-heading-spacer no_spacer\" style=\"top\"><\/div><div class=\"uvc-main-heading ult-responsive\"  data-ultimate-target='.uvc-heading.ultimate-heading-875769fdfd2f8d3b5 h2'  data-responsive-json-new='{\"font-size\":\"desktop:24px;\",\"line-height\":\"desktop:34px;\"}' ><h2 style=\"font-weight:bold;margin-bottom:25px;\">E-ticaret lokalizasyonunda TTO ayr\u0131cal\u0131klar\u0131<\/h2><\/div><\/div>[vc_column_text]<span style=\"font-weight: 400;\">E-ticaret, web siteleri \u00fczerinde ger\u00e7ekle\u015ftirilen i\u015flemler zinciridir. Dolay\u0131s\u0131yla ziyaret\u00e7inin m\u00fc\u015fteriye d\u00f6n\u00fc\u015fme yolculu\u011funda web sitenizin t\u00fcm sayfalar\u0131nda ayn\u0131 yetkinli\u011fe sahip olman\u0131z gerekir. TTO\u2019da lokalizasyon i\u00e7in \u00f6zel olarak kurulmu\u015f departman\u0131m\u0131z ve dijital pazarlama uzmanlar\u0131m\u0131z ile hizmet sunuyoruz.<\/span><\/p>\n<p>Yaz\u0131l\u0131m geli\u015ftiriciler, web tasar\u0131mc\u0131lar, IT ve dil uzmanlar\u0131ndan olu\u015fan ekiplerimiz aras\u0131nda projenize \u00f6zel tak\u0131mlarla hizmetinizdeyiz. D\u00fcnyan\u0131n t\u00fcm dillerinde ana dili hedef dil olan yarat\u0131c\u0131 \u00e7evirmenlerimizle e\u015fzamanl\u0131 olarak \u00e7ok dilli projeler \u00fczerinde \u00e7al\u0131\u015fabiliyoruz.<\/p>\n<p>Talebinize ba\u011fl\u0131 olarak uygulad\u0131\u011f\u0131m\u0131z 4 a\u015famal\u0131 kalite kontrol s\u00fcre\u00e7leriyle projenizin kalitesinde %25 ile %40 aras\u0131nda art\u0131\u015fa ula\u015f\u0131yoruz. Sahip oldu\u011fumuz \u00fcst\u00fcn kalite sertifikalar\u0131yla teslim etti\u011fimiz projelerin ba\u015far\u0131s\u0131ndan daima emin oluyoruz.[\/vc_column_text][\/vc_column_inner][\/vc_row_inner][\/vc_column][\/vc_row]<\/p>\n","protected":false},"excerpt":{"rendered":"<p>[vc_row equal_height=&#8221;yes&#8221; content_placement=&#8221;top&#8221; bg_type=&#8221;image&#8221; parallax_style=&#8221;vcpb-default&#8221; bg_image_new=&#8221;id^3571|url^https:\/\/www.turkishtranslationoffice.com\/tr\/wp-content\/uploads\/2020\/08\/e-ticaret-yerellestirmesi.jpg|caption^null|alt^null|title^e-ticaret-yerellestirmesi|description^null&#8221; bg_override=&#8221;ex-full&#8221; type=&#8221;vc_default&#8221; margin_top=&#8221;5&#8243; margin_bottom=&#8221;10&#8243; css=&#8221;.vc_custom_1629977929445{padding-top: 2% !important;padding-bottom: 2% !important;}&#8221;][vc_column width=&#8221;1\/2&#8243;][vc_column_text] E-ticarette kar pay\u0131n\u0131z\u0131 artt\u0131rmak ve yurtd\u0131\u015f\u0131na a\u00e7\u0131lmaya haz\u0131r m\u0131s\u0131n\u0131z? Hangi sekt\u00f6rde olursa olsun e-ticaret, sizi pek \u00e7ok masraftan kurtar\u0131r ve minimum \u00e7abayla maksimum kar\u0131 elde etmenizi sa\u011flar. TTO olarak e-ticaret yerelle\u015ftirme \u00e7\u00f6z\u00fcmlerimizi en iyi fiyatlara sunarak d\u00fcnyaya a\u00e7\u0131lman\u0131za yard\u0131mc\u0131&hellip;<\/p>\n","protected":false},"author":1,"featured_media":0,"parent":0,"menu_order":10,"comment_status":"closed","ping_status":"closed","template":"","meta":{"footnotes":""},"aioseo_notices":[],"_links":{"self":[{"href":"https:\/\/www.turkishtranslationoffice.com\/tr\/wp-json\/wp\/v2\/pages\/2666"}],"collection":[{"href":"https:\/\/www.turkishtranslationoffice.com\/tr\/wp-json\/wp\/v2\/pages"}],"about":[{"href":"https:\/\/www.turkishtranslationoffice.com\/tr\/wp-json\/wp\/v2\/types\/page"}],"author":[{"embeddable":true,"href":"https:\/\/www.turkishtranslationoffice.com\/tr\/wp-json\/wp\/v2\/users\/1"}],"replies":[{"embeddable":true,"href":"https:\/\/www.turkishtranslationoffice.com\/tr\/wp-json\/wp\/v2\/comments?post=2666"}],"version-history":[{"count":3,"href":"https:\/\/www.turkishtranslationoffice.com\/tr\/wp-json\/wp\/v2\/pages\/2666\/revisions"}],"predecessor-version":[{"id":5641,"href":"https:\/\/www.turkishtranslationoffice.com\/tr\/wp-json\/wp\/v2\/pages\/2666\/revisions\/5641"}],"wp:attachment":[{"href":"https:\/\/www.turkishtranslationoffice.com\/tr\/wp-json\/wp\/v2\/media?parent=2666"}],"curies":[{"name":"wp","href":"https:\/\/api.w.org\/{rel}","templated":true}]}}