{"id":2673,"date":"2020-08-10T17:38:55","date_gmt":"2020-08-10T14:38:55","guid":{"rendered":"https:\/\/www.turkishtranslationoffice.com\/tr\/dijital-pazarlama-icerikleri-yerellestirmesi-copy\/"},"modified":"2022-02-08T11:34:00","modified_gmt":"2022-02-08T08:34:00","slug":"web-site-yerellestirmesi","status":"publish","type":"page","link":"https:\/\/www.turkishtranslationoffice.com\/tr\/web-site-yerellestirmesi\/","title":{"rendered":"Web Site Yerelle\u015ftirmesi"},"content":{"rendered":"<p>[vc_row equal_height=&#8221;yes&#8221; content_placement=&#8221;top&#8221; bg_type=&#8221;image&#8221; parallax_style=&#8221;vcpb-default&#8221; bg_image_new=&#8221;id^3608|url^https:\/\/www.turkishtranslationoffice.com\/tr\/wp-content\/uploads\/2020\/08\/web-sitesi-yerellestirmesi.jpg|caption^null|alt^null|title^web-sitesi-yerellestirmesi|description^null&#8221; bg_override=&#8221;ex-full&#8221; type=&#8221;vc_default&#8221; margin_top=&#8221;5&#8243; margin_bottom=&#8221;10&#8243; css=&#8221;.vc_custom_1629977964971{padding-top: 2% !important;padding-bottom: 2% !important;}&#8221;][vc_column width=&#8221;1\/2&#8243;]<div id=\"ultimate-heading-54496a084a8beeb80\" class=\"uvc-heading ult-adjust-bottom-margin ultimate-heading-54496a084a8beeb80 uvc-9445 \" data-hspacer=\"no_spacer\"  data-halign=\"left\" style=\"text-align:left\"><div class=\"uvc-heading-spacer no_spacer\" style=\"top\"><\/div><div class=\"uvc-main-heading ult-responsive\"  data-ultimate-target='.uvc-heading.ultimate-heading-54496a084a8beeb80 h1'  data-responsive-json-new='{\"font-size\":\"desktop:28px;\",\"line-height\":\"desktop:34px;\"}' ><h1 style=\"font-weight:bold;margin-bottom:25px;\">Web sitesi yerelle\u015ftirme \u00e7\u00f6z\u00fcmleri<\/h1><\/div><\/div>[vc_column_text]<\/p>\n<p style=\"text-align: left;\"><span style=\"font-weight: 400; font-size: 18px;\">Yurtd\u0131\u015f\u0131na a\u00e7\u0131lmay\u0131 m\u0131 d\u00fc\u015f\u00fcn\u00fcyorsunuz? Web sitesi lokalizasyon hizmetleri sunan ekibimiz ile en kaliteli yerelle\u015ftirme \u00e7\u00f6z\u00fcmlerini sunuyoruz.<\/span><br \/>\n<span style=\"font-weight: 400; font-size: 18px;\"><br \/>\n\u00c7ok dilli projeleriniz i\u00e7in h\u0131zl\u0131 ve g\u00fcvenilir yerelle\u015ftirme hizmetleri en uygun fiyatlardan sizinle!<\/span><\/p>\n<p>[\/vc_column_text][vc_row_inner equal_height=&#8221;yes&#8221; content_placement=&#8221;top&#8221;][vc_column_inner css=&#8221;.vc_custom_1644309234511{padding-bottom: 32px !important;}&#8221;]<style type=\"text\/css\" data-type=\"the7_shortcodes-inline-css\">#default-btn-956847b106fe6ea40e905c530065566a.ico-right-side > i {\n  margin-right: 0px;\n  margin-left: 8px;\n}\n#default-btn-956847b106fe6ea40e905c530065566a > i {\n  margin-right: 8px;\n}\n#default-btn-956847b106fe6ea40e905c530065566a * {\n  vertical-align: middle;\n}\n<\/style><a href=\"\/tr\/teklif-alin\/\" class=\"default-btn-shortcode dt-btn dt-btn-l link-hover-off button-tto-grey btn-inline-left  vc_custom_1600267141790\" id=\"default-btn-956847b106fe6ea40e905c530065566a\" style=\"width:225px;\"><span>\u00dccretsiz Teklif Al\u0131n<\/span><\/a><style type=\"text\/css\" data-type=\"the7_shortcodes-inline-css\">#default-btn-948fabd94bf82e22cc624e0a349daaec.ico-right-side > i {\n  margin-right: 0px;\n  margin-left: 8px;\n}\n#default-btn-948fabd94bf82e22cc624e0a349daaec > i {\n  margin-right: 8px;\n}\n#default-btn-948fabd94bf82e22cc624e0a349daaec * {\n  vertical-align: middle;\n}\n<\/style><a href=\"\/tr\/iletisim\/\" class=\"default-btn-shortcode dt-btn dt-btn-l link-hover-off button-tto-red btn-inline-left  vc_custom_1600267154346\" id=\"default-btn-948fabd94bf82e22cc624e0a349daaec\" style=\"width:225px;\"><span>Bize Ula\u015f\u0131n<\/span><\/a>[\/vc_column_inner][\/vc_row_inner][\/vc_column][vc_column width=&#8221;1\/2&#8243;][\/vc_column][\/vc_row][vc_row equal_height=&#8221;yes&#8221; content_placement=&#8221;top&#8221; bg_type=&#8221;image&#8221; parallax_style=&#8221;vcpb-hz-jquery&#8221; bg_image_new=&#8221;id^1611|url^https:\/\/www.turkishtranslationoffice.com\/tr\/wp-content\/uploads\/2016\/02\/bg-mem.png|caption^null|alt^null|title^bg-mem|description^null&#8221; bg_override=&#8221;ex-full&#8221; type=&#8221;vc_default&#8221; margin_top=&#8221;5&#8243; margin_bottom=&#8221;10&#8243; css=&#8221;.vc_custom_1598438844793{padding-top: 30px !important;padding-bottom: 30px !important;background-color: #ffffff !important;}&#8221;][vc_column css=&#8221;.vc_custom_1491746299333{padding-bottom: 0px !important;}&#8221;][vc_row_inner equal_height=&#8221;yes&#8221; content_placement=&#8221;top&#8221;][vc_column_inner width=&#8221;1\/2&#8243;]<style type=\"text\/css\" data-type=\"the7_shortcodes-inline-css\">.shortcode-single-image-wrap.shortcode-single-image-db18e64f175ec7c1beb6e3e33b865401.enable-bg-rollover .rollover i,\n.shortcode-single-image-wrap.shortcode-single-image-db18e64f175ec7c1beb6e3e33b865401.enable-bg-rollover .rollover-video i {\n  background: ;\n  background: -webkit-linear-gradient();\n  background: linear-gradient();\n}\n.shortcode-single-image-wrap.shortcode-single-image-db18e64f175ec7c1beb6e3e33b865401 .rollover-icon {\n  font-size: 32px;\n  color: #ffffff;\n  min-width: 44px;\n  min-height: 44px;\n  line-height: 44px;\n  border-radius: 100px;\n  border-style: solid;\n  border-width: 0px;\n}\n.dt-icon-bg-on.shortcode-single-image-wrap.shortcode-single-image-db18e64f175ec7c1beb6e3e33b865401 .rollover-icon {\n  background: rgba(255,255,255,0.3);\n  box-shadow: none;\n}\n<\/style><div class=\"shortcode-single-image-wrap shortcode-single-image-db18e64f175ec7c1beb6e3e33b865401 alignnone  enable-bg-rollover dt-icon-bg-off\" style=\"margin-top:0px; margin-bottom:0px; margin-left:0px; margin-right:0px; width:1000px;\"><div class=\"shortcode-single-image\"><div class=\"fancy-media-wrap  layzr-bg\" style=\"border-radius:10px;\"><img loading=\"lazy\" decoding=\"async\" class=\"preload-me lazy-load\" src=\"data:image\/svg+xml,%3Csvg%20xmlns%3D&#39;http%3A%2F%2Fwww.w3.org%2F2000%2Fsvg&#39;%20viewBox%3D&#39;0%200%201000%20700&#39;%2F%3E\" data-src=\"https:\/\/www.turkishtranslationoffice.com\/tr\/wp-content\/uploads\/sites\/1\/2020\/08\/uluslararasi-pazarlar-1000x700.jpg\" data-srcset=\"https:\/\/www.turkishtranslationoffice.com\/tr\/wp-content\/uploads\/sites\/1\/2020\/08\/uluslararasi-pazarlar-1000x700.jpg 1000w, https:\/\/www.turkishtranslationoffice.com\/tr\/wp-content\/uploads\/sites\/1\/2020\/08\/uluslararasi-pazarlar-1410x987.jpg 1410w\" width=\"1000\" height=\"700\"  data-dt-location=\"https:\/\/www.turkishtranslationoffice.com\/tr\/web-site-yerellestirmesi\/uluslararasi-pazarlar\/\" style=\"border-radius:10px;\" alt=\"Uluslararas\u0131 pazarlar\" \/><\/div><\/div><\/div>[\/vc_column_inner][vc_column_inner width=&#8221;1\/2&#8243; css=&#8221;.vc_custom_1596550089277{padding-top: 20px !important;}&#8221;]<div id=\"ultimate-heading-156a084a8bef191\" class=\"uvc-heading ult-adjust-bottom-margin ultimate-heading-156a084a8bef191 uvc-3022 \" data-hspacer=\"no_spacer\"  data-halign=\"left\" style=\"text-align:left\"><div class=\"uvc-heading-spacer no_spacer\" style=\"top\"><\/div><div class=\"uvc-main-heading ult-responsive\"  data-ultimate-target='.uvc-heading.ultimate-heading-156a084a8bef191 h2'  data-responsive-json-new='{\"font-size\":\"desktop:24px;\",\"line-height\":\"desktop:34px;\"}' ><h2 style=\"font-weight:bold;margin-bottom:25px;\">Uluslararas\u0131 pazarlara a\u00e7\u0131lmak hi\u00e7 bu kadar kolay olmam\u0131\u015ft\u0131!<\/h2><\/div><\/div>[vc_column_text]<span style=\"font-weight: 400;\">\u0130ster \u00fcr\u00fcn ve hizmetlerinizi online al\u0131\u015fveri\u015f yoluyla potansiyel m\u00fc\u015fterilerinize ula\u015ft\u0131r\u0131n, isterseniz firman\u0131z\u0131 ve yapt\u0131klar\u0131n\u0131z\u0131 tan\u0131t\u0131n. Web sitesi dijital pazarlama faaliyetlerinizin en \u00f6nemli elementlerinden biri olacak!<\/span><\/p>\n<p>Yurtd\u0131\u015f\u0131 pazarlar\u0131na a\u00e7\u0131lmak istiyorsan\u0131z ba\u015far\u0131l\u0131 olmak i\u00e7in web sitenizi \u00e7ok dilli olarak tasarlaman\u0131z gerekiyor. D\u00fcnyada en fazla konu\u015fulan dil \u0130ngilizce olmas\u0131na ra\u011fmen yap\u0131lan ara\u015ft\u0131rmalar internet \u00fczerinden online al\u0131\u015fveri\u015f yapan kullan\u0131c\u0131lar\u0131n ana dilinde g\u00fcvenilir hizmet veren siteleri tercih etti\u011fini g\u00f6steriyor. Bunun en \u00f6nemli sebeplerinden biri de internette \u00e7ok fazla alternatif, i\u00e7erik ve bilgi kirlili\u011fi olmas\u0131. \u0130nternet kullan\u0131c\u0131lar\u0131 do\u011fal olarak kendilerine g\u00fcven veren siteleri tercih etmeye \u00e7al\u0131\u015f\u0131yor.<\/p>\n<p>Siz de farkl\u0131 bir pazara girerken hedef kitlenizin \u00f6nem verdi\u011fi konular\u0131 g\u00f6z \u00f6n\u00fcnde bulundurman\u0131z gerekti\u011fini d\u00fc\u015f\u00fcn\u00fcyorsan\u0131z web sitesi yerelle\u015ftirmesi hizmetlerimizi ke\u015ffedin![\/vc_column_text][\/vc_column_inner][\/vc_row_inner][\/vc_column][\/vc_row][vc_row equal_height=&#8221;yes&#8221; content_placement=&#8221;top&#8221; bg_type=&#8221;image&#8221; parallax_style=&#8221;vcpb-default&#8221; bg_image_new=&#8221;id^2302|url^https:\/\/www.turkishtranslationoffice.com\/tr\/wp-content\/uploads\/2020\/08\/arka-plan-siyah-beyaz.png|caption^null|alt^null|title^arka-plan-siyah-beyaz|description^null&#8221; bg_image_repeat=&#8221;no-repeat&#8221; bg_override=&#8221;ex-full&#8221; type=&#8221;vc_default&#8221; margin_top=&#8221;5&#8243; margin_bottom=&#8221;10&#8243; css=&#8221;.vc_custom_1598443355292{padding-top: 30px !important;padding-bottom: 30px !important;}&#8221;][vc_column][vc_row_inner equal_height=&#8221;yes&#8221; content_placement=&#8221;top&#8221;][vc_column_inner width=&#8221;1\/2&#8243; css=&#8221;.vc_custom_1596550716406{padding-top: 10px !important;}&#8221;]<div id=\"ultimate-heading-34906a084a8bef1c0\" class=\"uvc-heading ult-adjust-bottom-margin ultimate-heading-34906a084a8bef1c0 uvc-2135 \" data-hspacer=\"no_spacer\"  data-halign=\"left\" style=\"text-align:left\"><div class=\"uvc-heading-spacer no_spacer\" style=\"top\"><\/div><div class=\"uvc-main-heading ult-responsive\"  data-ultimate-target='.uvc-heading.ultimate-heading-34906a084a8bef1c0 h2'  data-responsive-json-new='{\"font-size\":\"desktop:24px;\",\"line-height\":\"desktop:34px;\"}' ><h2 style=\"font-weight:bold;margin-bottom:25px;\">Web sitesi yerelle\u015ftirmesi nedir?<\/h2><\/div><\/div><div class=\"standard-arrow bullet-top\"><ul>\n<li><span style=\"font-weight: 400;\">Bir metnin farkl\u0131 bir dile \u00e7evrilmesi \u00e7o\u011fu zaman teknik metinler i\u00e7in yeterlidir. Ancak insanlar\u0131n organik bir ileti\u015fim kurdu\u011fu, duygular\u0131 harekete ge\u00e7iren ve sat\u0131\u015fa y\u00f6nlendiren pazarlama metinlerinde lokalizasyona ba\u015fvurulur.<\/span><\/li>\n<li><span style=\"font-weight: 400;\">Lokalizasyon, bir i\u00e7eri\u011fi hedef dile uyarlarken hangi ileti\u015fim kanal\u0131nda yay\u0131nlanaca\u011f\u0131, k\u00fclt\u00fcr ve hedef kitlenin i\u00e7erik t\u00fcketim al\u0131\u015fkanl\u0131klar\u0131n\u0131 da g\u00f6z \u00f6n\u00fcnde bulundurmay\u0131 gerektirir. Lokalizasyon s\u00fcrecinde kaynak metnin verdi\u011fi mesaj\u0131 hedef dilde yeniden yarat\u0131l\u0131r. <\/span><\/li>\n<li><span style=\"font-weight: 400;\">Online ileti\u015fimde y\u00fcz y\u00fcze ileti\u015fimden farkl\u0131 olarak g\u00fcven in\u015fa etmeniz kulland\u0131\u011f\u0131n\u0131z dile, tutarl\u0131 bi\u00e7imde geli\u015ftirdi\u011finiz online varl\u0131\u011f\u0131n\u0131za ba\u011fl\u0131d\u0131r. \u00c7ok dilli web sitelerinde SEO odakl\u0131 bir yakla\u015f\u0131m g\u00fcven in\u015fa etmenize yard\u0131mc\u0131 olur. <\/span><\/li>\n<li><span style=\"font-weight: 400;\">T\u00fcketicilerin sat\u0131n alma karar\u0131n\u0131 co\u011frafya, k\u00fclt\u00fcr gibi pek \u00e7ok unsur etkiler. Web sitenizin hedef kitlenize dikkat \u00e7ekici ve g\u00fcvenilir gelmesini istiyorsan\u0131z sitenizin lokalizasyonunda kullan\u0131c\u0131 deneyimi a\u00e7\u0131s\u0131ndan web tasar\u0131m uzmanlar\u0131, online al\u0131\u015fkanl\u0131klar a\u00e7\u0131s\u0131ndan dijital pazarlama uzmanlar\u0131n\u0131n katk\u0131s\u0131 olduk\u00e7a \u00f6nemlidir. <\/span><\/li>\n<li><span style=\"font-weight: 400;\">Web siteleri olu\u015fturulurken kullan\u0131lan kodlama diline hakim yaz\u0131l\u0131m uzmanlar\u0131n\u0131n bulunmas\u0131 sitenizin i\u015fleyi\u015finde herhangi bir aksakl\u0131k ya\u015fanmas\u0131n\u0131n \u00f6n\u00fcne ge\u00e7er.<\/span><\/li>\n<\/ul>\n<\/div>[\/vc_column_inner][vc_column_inner width=&#8221;1\/2&#8243;]<style type=\"text\/css\" data-type=\"the7_shortcodes-inline-css\">.shortcode-single-image-wrap.shortcode-single-image-b4f5aabaa69d676eb87320d425b4d0f7.enable-bg-rollover .rollover i,\n.shortcode-single-image-wrap.shortcode-single-image-b4f5aabaa69d676eb87320d425b4d0f7.enable-bg-rollover .rollover-video i {\n  background: ;\n  background: -webkit-linear-gradient();\n  background: linear-gradient();\n}\n.shortcode-single-image-wrap.shortcode-single-image-b4f5aabaa69d676eb87320d425b4d0f7 .rollover-icon {\n  font-size: 32px;\n  color: #ffffff;\n  min-width: 44px;\n  min-height: 44px;\n  line-height: 44px;\n  border-radius: 100px;\n  border-style: solid;\n  border-width: 0px;\n}\n.dt-icon-bg-on.shortcode-single-image-wrap.shortcode-single-image-b4f5aabaa69d676eb87320d425b4d0f7 .rollover-icon {\n  background: rgba(255,255,255,0.3);\n  box-shadow: none;\n}\n<\/style><div class=\"shortcode-single-image-wrap shortcode-single-image-b4f5aabaa69d676eb87320d425b4d0f7 alignnone  enable-bg-rollover dt-icon-bg-off\" style=\"margin-top:0px; margin-bottom:0px; margin-left:0px; margin-right:0px; width:1000px;\"><div class=\"shortcode-single-image\"><div class=\"fancy-media-wrap  layzr-bg\" style=\"border-radius:10px;\"><img loading=\"lazy\" decoding=\"async\" class=\"preload-me lazy-load\" src=\"data:image\/svg+xml,%3Csvg%20xmlns%3D&#39;http%3A%2F%2Fwww.w3.org%2F2000%2Fsvg&#39;%20viewBox%3D&#39;0%200%201000%20700&#39;%2F%3E\" data-src=\"https:\/\/www.turkishtranslationoffice.com\/tr\/wp-content\/uploads\/sites\/1\/2020\/08\/web-sitesi-yerellestirmesi-nedir-1000x700.jpg\" data-srcset=\"https:\/\/www.turkishtranslationoffice.com\/tr\/wp-content\/uploads\/sites\/1\/2020\/08\/web-sitesi-yerellestirmesi-nedir-1000x700.jpg 1000w, https:\/\/www.turkishtranslationoffice.com\/tr\/wp-content\/uploads\/sites\/1\/2020\/08\/web-sitesi-yerellestirmesi-nedir-1525x1068.jpg 1525w\" width=\"1000\" height=\"700\"  data-dt-location=\"https:\/\/www.turkishtranslationoffice.com\/tr\/web-site-yerellestirmesi\/web-sitesi-yerellestirmesi-nedir\/\" style=\"border-radius:10px;\" alt=\"Web sitesi yerelle\u015ftirmesi\" \/><\/div><\/div><\/div>[\/vc_column_inner][\/vc_row_inner][\/vc_column][\/vc_row][vc_row equal_height=&#8221;yes&#8221; content_placement=&#8221;top&#8221; bg_type=&#8221;bg_color&#8221; bg_override=&#8221;ex-full&#8221; type=&#8221;vc_default&#8221; margin_top=&#8221;5&#8243; margin_bottom=&#8221;10&#8243; css=&#8221;.vc_custom_1598438976175{padding-top: 30px !important;padding-bottom: 30px !important;}&#8221; bg_color_value=&#8221;#ffffff&#8221;][vc_column css=&#8221;.vc_custom_1491746299333{padding-bottom: 0px !important;}&#8221;][vc_row_inner equal_height=&#8221;yes&#8221; content_placement=&#8221;top&#8221;][vc_column_inner width=&#8221;1\/2&#8243;]<style type=\"text\/css\" data-type=\"the7_shortcodes-inline-css\">.shortcode-single-image-wrap.shortcode-single-image-3b24e32dfb46702afacacf2edd80c81b.enable-bg-rollover .rollover i,\n.shortcode-single-image-wrap.shortcode-single-image-3b24e32dfb46702afacacf2edd80c81b.enable-bg-rollover .rollover-video i {\n  background: ;\n  background: -webkit-linear-gradient();\n  background: linear-gradient();\n}\n.shortcode-single-image-wrap.shortcode-single-image-3b24e32dfb46702afacacf2edd80c81b .rollover-icon {\n  font-size: 32px;\n  color: #ffffff;\n  min-width: 44px;\n  min-height: 44px;\n  line-height: 44px;\n  border-radius: 100px;\n  border-style: solid;\n  border-width: 0px;\n}\n.dt-icon-bg-on.shortcode-single-image-wrap.shortcode-single-image-3b24e32dfb46702afacacf2edd80c81b .rollover-icon {\n  background: rgba(255,255,255,0.3);\n  box-shadow: none;\n}\n<\/style><div class=\"shortcode-single-image-wrap shortcode-single-image-3b24e32dfb46702afacacf2edd80c81b alignnone  enable-bg-rollover dt-icon-bg-off\" style=\"margin-top:0px; margin-bottom:0px; margin-left:0px; margin-right:0px; width:1000px;\"><div class=\"shortcode-single-image\"><div class=\"fancy-media-wrap  layzr-bg\" style=\"border-radius:10px;\"><img loading=\"lazy\" decoding=\"async\" class=\"preload-me lazy-load\" src=\"data:image\/svg+xml,%3Csvg%20xmlns%3D&#39;http%3A%2F%2Fwww.w3.org%2F2000%2Fsvg&#39;%20viewBox%3D&#39;0%200%201000%20700&#39;%2F%3E\" data-src=\"https:\/\/www.turkishtranslationoffice.com\/tr\/wp-content\/uploads\/sites\/1\/2020\/08\/tto-ayricaliklari-1000x700.jpg\" data-srcset=\"https:\/\/www.turkishtranslationoffice.com\/tr\/wp-content\/uploads\/sites\/1\/2020\/08\/tto-ayricaliklari-1000x700.jpg 1000w, https:\/\/www.turkishtranslationoffice.com\/tr\/wp-content\/uploads\/sites\/1\/2020\/08\/tto-ayricaliklari-1521x1065.jpg 1521w\" width=\"1000\" height=\"700\"  data-dt-location=\"https:\/\/www.turkishtranslationoffice.com\/tr\/edebi-tercume\/tto-ayricaliklari\/\" style=\"border-radius:10px;\" alt=\"tecr\u00fcbe sahibi ve e\u011fitimli terc\u00fcman\" \/><\/div><\/div><\/div>[\/vc_column_inner][vc_column_inner width=&#8221;1\/2&#8243; css=&#8221;.vc_custom_1596550089277{padding-top: 20px !important;}&#8221;]<div id=\"ultimate-heading-24816a084a8bef8fe\" class=\"uvc-heading ult-adjust-bottom-margin ultimate-heading-24816a084a8bef8fe uvc-2714 \" data-hspacer=\"no_spacer\"  data-halign=\"left\" style=\"text-align:left\"><div class=\"uvc-heading-spacer no_spacer\" style=\"top\"><\/div><div class=\"uvc-main-heading ult-responsive\"  data-ultimate-target='.uvc-heading.ultimate-heading-24816a084a8bef8fe h2'  data-responsive-json-new='{\"font-size\":\"desktop:24px;\",\"line-height\":\"desktop:34px;\"}' ><h2 style=\"font-weight:bold;margin-bottom:25px;\">Turkish Translation Office Ayr\u0131cal\u0131klar\u0131<\/h2><\/div><\/div>[vc_column_text]<strong style=\"color: #d44133;\">Profesyonel Lokalizasyon Ekibi<br \/>\n<\/strong><span style=\"font-weight: 400;\">TTO\u2019da tecr\u00fcbeli yaz\u0131l\u0131m, tasar\u0131m ve dil uzmanlar\u0131ndan olu\u015fan ekiplerimizle projenize \u00f6zel tak\u0131mlar olu\u015fturuyoruz.<br \/>\n<\/span><\/p>\n<p><span style=\"font-weight: 400; color: #d44133;\"><strong>\u00c7ok Dilli Lokalizasyon Hizmetleri<\/strong><br \/>\n<\/span><span style=\"font-weight: 400;\">T\u00fcm d\u00fcnya dillerinde ana dili hedef dil olan yarat\u0131c\u0131 \u00e7evirmenlerimiz ile e\u015f zamanl\u0131 olarak farkl\u0131 dillerde \u00e7al\u0131\u015f\u0131yoruz.<br \/>\n<\/span><\/p>\n<p><span style=\"font-weight: 400; color: #d44133;\"><strong>7\/24 Ula\u015f\u0131labilir ve G\u00fcvenilir\u00a0<\/strong><br \/>\n<\/span><span style=\"font-weight: 400;\">7 \/ 24 ula\u015f\u0131labilir m\u00fc\u015fteri portal\u0131m\u0131zdan projenizin t\u00fcm detaylar\u0131n\u0131 g\u00f6rebilir ve gerekli d\u00fczenlemeleri ger\u00e7ekle\u015ftirebilirsiniz.<\/span><\/p>\n<p><span style=\"font-weight: 400;\">\u00a0<\/span><\/p>\n<p><span style=\"font-weight: 400;\">\u00a0<\/span>[\/vc_column_text][\/vc_column_inner][\/vc_row_inner][\/vc_column][\/vc_row][vc_row content_placement=&#8221;middle&#8221; bg_type=&#8221;grad&#8221; bg_override=&#8221;ex-full&#8221; bg_grad=&#8221;background: -webkit-gradient(linear, left top, left bottom, color-stop(0%, #365088), color-stop(100%, #EA524D));background: -moz-linear-gradient(135deg,#365088 0%,#EA524D 100%);background: -webkit-linear-gradient(135deg,#365088 0%,#EA524D 100%);background: -o-linear-gradient(135deg,#365088 0%,#EA524D 100%);background: -ms-linear-gradient(135deg,#365088 0%,#EA524D 100%);background: linear-gradient(135deg,#365088 0%,#EA524D 100%);&#8221;][vc_column width=&#8221;2\/3&#8243;][vc_column_text]<strong style=\"color: #ffffff; font-size: 24px;\">TTO\u2019da \u00e7ok dilli web sitesi yerelle\u015ftirme \u00e7\u00f6z\u00fcmlerinden en uygun fiyatlara yararlanabilirsiniz!<\/strong>[\/vc_column_text][\/vc_column][vc_column width=&#8221;1\/3&#8243;][vc_btn title=&#8221;Teklif Al&#8221; color=&#8221;warning&#8221; size=&#8221;lg&#8221; align=&#8221;right&#8221; link=&#8221;url:%2Ftr%2Fteklif-alin%2F|||&#8221;][\/vc_column][\/vc_row]<\/p>\n","protected":false},"excerpt":{"rendered":"<p>[vc_row equal_height=&#8221;yes&#8221; content_placement=&#8221;top&#8221; bg_type=&#8221;image&#8221; parallax_style=&#8221;vcpb-default&#8221; bg_image_new=&#8221;id^3608|url^https:\/\/www.turkishtranslationoffice.com\/tr\/wp-content\/uploads\/2020\/08\/web-sitesi-yerellestirmesi.jpg|caption^null|alt^null|title^web-sitesi-yerellestirmesi|description^null&#8221; bg_override=&#8221;ex-full&#8221; type=&#8221;vc_default&#8221; margin_top=&#8221;5&#8243; margin_bottom=&#8221;10&#8243; css=&#8221;.vc_custom_1629977964971{padding-top: 2% !important;padding-bottom: 2% !important;}&#8221;][vc_column width=&#8221;1\/2&#8243;][vc_column_text] Yurtd\u0131\u015f\u0131na a\u00e7\u0131lmay\u0131 m\u0131 d\u00fc\u015f\u00fcn\u00fcyorsunuz? Web sitesi lokalizasyon hizmetleri sunan ekibimiz ile en kaliteli yerelle\u015ftirme \u00e7\u00f6z\u00fcmlerini sunuyoruz. \u00c7ok dilli projeleriniz i\u00e7in h\u0131zl\u0131 ve g\u00fcvenilir yerelle\u015ftirme hizmetleri en uygun fiyatlardan sizinle! [\/vc_column_text][vc_row_inner equal_height=&#8221;yes&#8221; content_placement=&#8221;top&#8221;][vc_column_inner css=&#8221;.vc_custom_1644309234511{padding-bottom: 32px !important;}&#8221;][\/vc_column_inner][\/vc_row_inner][\/vc_column][vc_column width=&#8221;1\/2&#8243;][\/vc_column][\/vc_row][vc_row equal_height=&#8221;yes&#8221; content_placement=&#8221;top&#8221; bg_type=&#8221;image&#8221;&hellip;<\/p>\n","protected":false},"author":1,"featured_media":0,"parent":0,"menu_order":10,"comment_status":"closed","ping_status":"closed","template":"","meta":[],"class_list":["post-2673","page","type-page","status-publish","hentry","description-off"],"aioseo_notices":[],"_links":{"self":[{"href":"https:\/\/www.turkishtranslationoffice.com\/tr\/wp-json\/wp\/v2\/pages\/2673","targetHints":{"allow":["GET"]}}],"collection":[{"href":"https:\/\/www.turkishtranslationoffice.com\/tr\/wp-json\/wp\/v2\/pages"}],"about":[{"href":"https:\/\/www.turkishtranslationoffice.com\/tr\/wp-json\/wp\/v2\/types\/page"}],"author":[{"embeddable":true,"href":"https:\/\/www.turkishtranslationoffice.com\/tr\/wp-json\/wp\/v2\/users\/1"}],"replies":[{"embeddable":true,"href":"https:\/\/www.turkishtranslationoffice.com\/tr\/wp-json\/wp\/v2\/comments?post=2673"}],"version-history":[{"count":2,"href":"https:\/\/www.turkishtranslationoffice.com\/tr\/wp-json\/wp\/v2\/pages\/2673\/revisions"}],"predecessor-version":[{"id":5726,"href":"https:\/\/www.turkishtranslationoffice.com\/tr\/wp-json\/wp\/v2\/pages\/2673\/revisions\/5726"}],"wp:attachment":[{"href":"https:\/\/www.turkishtranslationoffice.com\/tr\/wp-json\/wp\/v2\/media?parent=2673"}],"curies":[{"name":"wp","href":"https:\/\/api.w.org\/{rel}","templated":true}]}}