{"id":2714,"date":"2020-08-11T14:27:44","date_gmt":"2020-08-11T11:27:44","guid":{"rendered":"https:\/\/www.turkishtranslationoffice.com\/tr\/dublaj-copy\/"},"modified":"2022-02-08T11:07:36","modified_gmt":"2022-02-08T08:07:36","slug":"icerik-uretimi","status":"publish","type":"page","link":"https:\/\/www.turkishtranslationoffice.com\/tr\/icerik-uretimi\/","title":{"rendered":"\u0130\u00e7erik \u00dcretimi"},"content":{"rendered":"<p>[vc_row equal_height=&#8221;yes&#8221; content_placement=&#8221;top&#8221; bg_type=&#8221;image&#8221; parallax_style=&#8221;vcpb-default&#8221; bg_image_new=&#8221;id^3694|url^https:\/\/www.turkishtranslationoffice.com\/tr\/wp-content\/uploads\/2020\/08\/icerik-uretimi.jpg|caption^null|alt^null|title^icerik-uretimi|description^null&#8221; bg_override=&#8221;ex-full&#8221; type=&#8221;vc_default&#8221; margin_top=&#8221;5&#8243; margin_bottom=&#8221;10&#8243; css=&#8221;.vc_custom_1629978481950{padding-top: 2% !important;padding-bottom: 2% !important;}&#8221;][vc_column width=&#8221;1\/2&#8243;]<div id=\"ultimate-heading-306569e73bf72a26b\" class=\"uvc-heading ult-adjust-bottom-margin ultimate-heading-306569e73bf72a26b uvc-1480 \" data-hspacer=\"no_spacer\"  data-halign=\"left\" style=\"text-align:left\"><div class=\"uvc-heading-spacer no_spacer\" style=\"top\"><\/div><div class=\"uvc-main-heading ult-responsive\"  data-ultimate-target='.uvc-heading.ultimate-heading-306569e73bf72a26b h1'  data-responsive-json-new='{\"font-size\":\"desktop:28px;\",\"line-height\":\"desktop:34px;\"}' ><h1 style=\"font-weight:bold;margin-bottom:25px;\">\u0130\u00e7erik \u00dcretimi<\/h1><\/div><\/div>[vc_column_text]<\/p>\n<p style=\"text-align: left;\"><span style=\"font-weight: 400; font-size: 18px;\">Dijital pazarlama sayesinde i\u015finizi b\u00fcy\u00fctmek ve d\u00fcnya pazarlar\u0131na a\u00e7\u0131lmak \u015fimdi \u00e7ok kolay! Hangi sekt\u00f6rde olursan\u0131z olun internette hedef kitlenize ula\u015fmak i\u00e7in onlar\u0131n dilini konu\u015fun, kazanan siz olun!<\/span><\/p>\n<p>[\/vc_column_text][vc_row_inner equal_height=&#8221;yes&#8221; content_placement=&#8221;top&#8221;][vc_column_inner css=&#8221;.vc_custom_1644307650946{padding-bottom: 32px !important;}&#8221;]<style type=\"text\/css\" data-type=\"the7_shortcodes-inline-css\">#default-btn-3e352cf45fb3ba0cf63cc99d7c52625c.ico-right-side > i {\n  margin-right: 0px;\n  margin-left: 8px;\n}\n#default-btn-3e352cf45fb3ba0cf63cc99d7c52625c > i {\n  margin-right: 8px;\n}\n#default-btn-3e352cf45fb3ba0cf63cc99d7c52625c * {\n  vertical-align: middle;\n}\n<\/style><a href=\"\/tr\/teklif-alin\/\" class=\"default-btn-shortcode dt-btn dt-btn-l link-hover-off button-tto-grey btn-inline-left  vc_custom_1600268450448\" id=\"default-btn-3e352cf45fb3ba0cf63cc99d7c52625c\" style=\"width:225px;\"><span>\u00dccretsiz Teklif Al\u0131n<\/span><\/a><style type=\"text\/css\" data-type=\"the7_shortcodes-inline-css\">#default-btn-5bbadeb4f8b1ea1c1dfbbf58939dcbf5.ico-right-side > i {\n  margin-right: 0px;\n  margin-left: 8px;\n}\n#default-btn-5bbadeb4f8b1ea1c1dfbbf58939dcbf5 > i {\n  margin-right: 8px;\n}\n#default-btn-5bbadeb4f8b1ea1c1dfbbf58939dcbf5 * {\n  vertical-align: middle;\n}\n<\/style><a href=\"\/tr\/iletisim\/\" class=\"default-btn-shortcode dt-btn dt-btn-l link-hover-off button-tto-red btn-inline-left  vc_custom_1600268461275\" id=\"default-btn-5bbadeb4f8b1ea1c1dfbbf58939dcbf5\" style=\"width:225px;\"><span>Bize Ula\u015f\u0131n<\/span><\/a>[\/vc_column_inner][\/vc_row_inner][\/vc_column][vc_column width=&#8221;1\/2&#8243;][\/vc_column][\/vc_row][vc_row equal_height=&#8221;yes&#8221; content_placement=&#8221;top&#8221; bg_type=&#8221;image&#8221; parallax_style=&#8221;vcpb-default&#8221; bg_image_new=&#8221;id^2302|url^https:\/\/www.turkishtranslationoffice.com\/tr\/wp-content\/uploads\/2020\/08\/arka-plan-siyah-beyaz.png|caption^null|alt^null|title^arka-plan-siyah-beyaz|description^null&#8221; bg_override=&#8221;ex-full&#8221; type=&#8221;vc_default&#8221; margin_top=&#8221;5&#8243; margin_bottom=&#8221;10&#8243; css=&#8221;.vc_custom_1599557135158{padding-top: 30px !important;padding-bottom: 50px !important;background-color: #bedfe8 !important;}&#8221;][vc_column css=&#8221;.vc_custom_1491746299333{padding-bottom: 0px !important;}&#8221;][vc_row_inner equal_height=&#8221;yes&#8221; content_placement=&#8221;top&#8221;][vc_column_inner width=&#8221;1\/2&#8243;]<style type=\"text\/css\" data-type=\"the7_shortcodes-inline-css\">.shortcode-single-image-wrap.shortcode-single-image-76013ee29fe8616c75888744829b07f1.enable-bg-rollover .rollover i,\n.shortcode-single-image-wrap.shortcode-single-image-76013ee29fe8616c75888744829b07f1.enable-bg-rollover .rollover-video i {\n  background: ;\n  background: -webkit-linear-gradient();\n  background: linear-gradient();\n}\n.shortcode-single-image-wrap.shortcode-single-image-76013ee29fe8616c75888744829b07f1 .rollover-icon {\n  font-size: 32px;\n  color: #ffffff;\n  min-width: 44px;\n  min-height: 44px;\n  line-height: 44px;\n  border-radius: 100px;\n  border-style: solid;\n  border-width: 0px;\n}\n.dt-icon-bg-on.shortcode-single-image-wrap.shortcode-single-image-76013ee29fe8616c75888744829b07f1 .rollover-icon {\n  background: rgba(255,255,255,0.3);\n  box-shadow: none;\n}\n<\/style><div class=\"shortcode-single-image-wrap shortcode-single-image-76013ee29fe8616c75888744829b07f1 alignnone  enable-bg-rollover dt-icon-bg-off\" style=\"margin-top:0px; margin-bottom:0px; margin-left:0px; margin-right:0px; width:1000px;\"><div class=\"shortcode-single-image\"><div class=\"fancy-media-wrap  layzr-bg\" style=\"border-radius:10px;\"><img loading=\"lazy\" decoding=\"async\" class=\"preload-me lazy-load\" src=\"data:image\/svg+xml,%3Csvg%20xmlns%3D&#39;http%3A%2F%2Fwww.w3.org%2F2000%2Fsvg&#39;%20viewBox%3D&#39;0%200%201000%20700&#39;%2F%3E\" data-src=\"https:\/\/www.turkishtranslationoffice.com\/tr\/wp-content\/uploads\/sites\/1\/2020\/09\/uluslararasi-dijital-pazarlama-neden-onemlidir-1000x700.jpg\" data-srcset=\"https:\/\/www.turkishtranslationoffice.com\/tr\/wp-content\/uploads\/sites\/1\/2020\/09\/uluslararasi-dijital-pazarlama-neden-onemlidir-1000x700.jpg 1000w, https:\/\/www.turkishtranslationoffice.com\/tr\/wp-content\/uploads\/sites\/1\/2020\/09\/uluslararasi-dijital-pazarlama-neden-onemlidir-1600x1120.jpg 1600w\" width=\"1000\" height=\"700\"  data-dt-location=\"https:\/\/www.turkishtranslationoffice.com\/tr\/icerik-uretimi\/uluslararasi-dijital-pazarlama-neden-onemlidir\/\" style=\"border-radius:10px;\" alt=\"\u0130nternet pazarlamas\u0131\" \/><\/div><\/div><\/div>[\/vc_column_inner][vc_column_inner width=&#8221;1\/2&#8243; css=&#8221;.vc_custom_1596550089277{padding-top: 20px !important;}&#8221;]<div id=\"ultimate-heading-563969e73bf72acc4\" class=\"uvc-heading ult-adjust-bottom-margin ultimate-heading-563969e73bf72acc4 uvc-6584 \" data-hspacer=\"no_spacer\"  data-halign=\"left\" style=\"text-align:left\"><div class=\"uvc-heading-spacer no_spacer\" style=\"top\"><\/div><div class=\"uvc-main-heading ult-responsive\"  data-ultimate-target='.uvc-heading.ultimate-heading-563969e73bf72acc4 h2'  data-responsive-json-new='{\"font-size\":\"desktop:24px;\",\"line-height\":\"desktop:34px;\"}' ><h2 style=\"font-weight:bold;margin-bottom:25px;\">Uluslararas\u0131 dijital pazarlamada i\u00e7erik neden \u00f6nemlidir?<\/h2><\/div><\/div>[vc_column_text]<span style=\"font-weight: 400;\">\u0130nternet \u00fczerinden yap\u0131lan t\u00fcm pazarlama faaliyetlerini dijital pazarlama \u00e7at\u0131s\u0131 alt\u0131nda toplayabiliriz. Olduk\u00e7a geni\u015f ve yarat\u0131c\u0131 bir mecran\u0131n kullan\u0131m\u0131na imkan tan\u0131yan dijital pazarlamaya arama motoru pazarlamas\u0131, e-mail pazarlamas\u0131, sosyal medya pazarlamas\u0131 gibi pek \u00e7ok platform dahildir. Ancak bunlar\u0131n d\u0131\u015f\u0131nda web siteleri, forumlar gibi pek \u00e7ok farkl\u0131 alanda da pazarlama faaliyetlerini s\u00fcrd\u00fcrerek t\u00fcketiciye ula\u015fabilirsiniz. <\/span><\/p>\n<p><span style=\"font-weight: 400;\">\u0130nternet pazarlamas\u0131nda en b\u00fcy\u00fck zorluklardan biri her g\u00fcn milyonlarca bilgi ve i\u00e7eri\u011fe maruz kalan hedef kitlenin ilgisini \u00e7ekebilecek, faydal\u0131 i\u00e7eri\u011fi sunabilmektir. \u00d6zellikle uluslararas\u0131 pazarda d\u00fczenleyece\u011finiz pazarlama ya da ileti\u015fim faaliyetlerinde i\u00e7erik kalitesi olduk\u00e7a \u00f6nemlidir.<\/span><\/p>\n<p>Dijital pazarlama do\u011fru uyguland\u0131\u011f\u0131 takdirde sizi operasyonel masraflardan kurtaran ekonomik ve etkili bir g\u00fc\u00e7t\u00fcr. Bu g\u00fc\u00e7ten en iyi \u015fekilde faydalanmak i\u00e7in \u00fcr\u00fcn ya da hizmetlerinizi hedef kitlenize hitap edecek \u015fekilde sunmal\u0131s\u0131n\u0131z.[\/vc_column_text][\/vc_column_inner][\/vc_row_inner][\/vc_column][\/vc_row][vc_row content_placement=&#8221;middle&#8221; bg_type=&#8221;grad&#8221; bg_override=&#8221;ex-full&#8221; bg_grad=&#8221;background: -webkit-gradient(linear, left top, left bottom, color-stop(0%, #365088), color-stop(100%, #EA524D));background: -moz-linear-gradient(135deg,#365088 0%,#EA524D 100%);background: -webkit-linear-gradient(135deg,#365088 0%,#EA524D 100%);background: -o-linear-gradient(135deg,#365088 0%,#EA524D 100%);background: -ms-linear-gradient(135deg,#365088 0%,#EA524D 100%);background: linear-gradient(135deg,#365088 0%,#EA524D 100%);&#8221;][vc_column width=&#8221;5\/6&#8243;][vc_column_text]<strong style=\"color: #ffffff; font-size: 24px;\">Dijital pazarlama trendlerine hakim dil uzmanlar\u0131m\u0131z ile t\u00fcm dillerde uluslararas\u0131 i\u00e7erik \u00fcretiyoruz! Kapsaml\u0131 hizmetlerimiz i\u00e7in bize ula\u015fabilirsiniz. \u00dccretsiz teklifinizi istemeyi unutmay\u0131n!<\/strong>[\/vc_column_text][\/vc_column][vc_column width=&#8221;1\/6&#8243;][vc_btn title=&#8221;Teklif Al&#8221; color=&#8221;warning&#8221; size=&#8221;lg&#8221; align=&#8221;right&#8221; link=&#8221;url:%2Ftr%2Fteklif-alin%2F|||&#8221;][\/vc_column][\/vc_row][vc_row equal_height=&#8221;yes&#8221; content_placement=&#8221;top&#8221; bg_type=&#8221;image&#8221; parallax_style=&#8221;vcpb-default&#8221; bg_image_new=&#8221;id^3698|url^https:\/\/www.turkishtranslationoffice.com\/tr\/wp-content\/uploads\/2020\/08\/icerik-uretim-hizmetleri.jpg|caption^null|alt^null|title^icerik-uretim-hizmetleri|description^null&#8221; bg_override=&#8221;ex-full&#8221; type=&#8221;vc_default&#8221; margin_top=&#8221;5&#8243; margin_bottom=&#8221;10&#8243; css=&#8221;.vc_custom_1598520914420{padding-top: 30px !important;padding-bottom: 50px !important;}&#8221;][vc_column][vc_row_inner equal_height=&#8221;yes&#8221; content_placement=&#8221;top&#8221;][vc_column_inner width=&#8221;1\/2&#8243; css=&#8221;.vc_custom_1596550716406{padding-top: 10px !important;}&#8221;]<div id=\"ultimate-heading-34969e73bf72aceb\" class=\"uvc-heading ult-adjust-bottom-margin ultimate-heading-34969e73bf72aceb uvc-255 \" data-hspacer=\"no_spacer\"  data-halign=\"left\" style=\"text-align:left\"><div class=\"uvc-heading-spacer no_spacer\" style=\"top\"><\/div><div class=\"uvc-main-heading ult-responsive\"  data-ultimate-target='.uvc-heading.ultimate-heading-34969e73bf72aceb h2'  data-responsive-json-new='{\"font-size\":\"desktop:24px;\",\"line-height\":\"desktop:34px;\"}' ><h2 style=\"font-weight:bold;margin-bottom:25px;\">TTO\u2019da i\u00e7erik \u00fcretimi hizmetleri<\/h2><\/div><\/div>[vc_column_text]<span style=\"font-weight: 400;\">Temelde bir terc\u00fcme ofisi olmam\u0131z\u0131n bir avantaj\u0131 olarak d\u00fcnyan\u0131n t\u00fcm dillerinde 2500\u2019\u00fcn \u00fczerinde dil uzman\u0131m\u0131z arac\u0131l\u0131\u011f\u0131yla her dilde SEO odakl\u0131 i\u00e7erik \u00fcretiyoruz! Dijital pazarlaman\u0131n alt\u0131n kurallar\u0131ndan biri olan etkili ve faydal\u0131 i\u00e7erik \u00fcretiminde tecr\u00fcbeli edit\u00f6r ve yarat\u0131c\u0131 \u00e7evirmenlerimizin yan\u0131 s\u0131ra uluslararas\u0131 SEO uzmanlar\u0131m\u0131z, yaz\u0131l\u0131m ve tasar\u0131m profesyonellerimizle tamamlad\u0131\u011f\u0131m\u0131z ekibimizle size ihtiya\u00e7 duydu\u011funuz t\u00fcm hizmetleri ayn\u0131 \u00e7at\u0131 alt\u0131nda sunuyoruz. Bu sayede her bir i\u015f i\u00e7in g\u00fcvenilir ve uygun fiyatl\u0131 bir uzman araman\u0131za gerek kalm\u0131yor!<\/span><\/p>\n<p><b>Uluslararas\u0131 i\u00e7erik \u00fcretimi \u00e7\u00f6z\u00fcmlerimizi ke\u015ffedin<\/b><\/p>\n<ul>\n<li><span style=\"font-weight: 400;\">Sosyal medya i\u00e7in \u00e7ok dilli i\u00e7erik \u00fcretimi<\/span><\/li>\n<li><span style=\"font-weight: 400;\">Uluslararas\u0131 SEO\/SEM i\u00e7erikleri \u00fcretimi<\/span><\/li>\n<li><span style=\"font-weight: 400;\">\u00c7ok dilli i\u00e7erik pazarlamas\u0131<\/span><\/li>\n<li><span style=\"font-weight: 400;\">\u00c7ok dilli e-ticaret i\u00e7in i\u00e7erik \u00fcretimi<\/span><\/li>\n<li><span style=\"font-weight: 400;\">Uluslararas\u0131 e-mail pazarlamas\u0131 i\u00e7in i\u00e7erik \u00fcretimi<\/span><\/li>\n<\/ul>\n<p>[\/vc_column_text][\/vc_column_inner][vc_column_inner width=&#8221;1\/2&#8243;][\/vc_column_inner][\/vc_row_inner][\/vc_column][\/vc_row][vc_row bg_type=&#8221;image&#8221; bg_override=&#8221;full&#8221; css=&#8221;.vc_custom_1596535087001{background-image: url(https:\/\/www.turkishtranslationoffice.com\/tr\/wp-content\/uploads\/2020\/08\/uyari.jpg?id=2304) !important;}&#8221;][vc_column]<div class=\"smile_icon_list_wrap ult_info_list_container ult-adjust-bottom-margin   vc_custom_1596535225225\"><ul class=\"smile_icon_list top circle with_bg\"><li class=\"icon_list_item\" style=\" font-size:96px;\"><div class=\"icon_list_icon\" data-animation=\"\" data-animation-delay=\"03\" style=\"font-size:32px;border-width:1px;border-style:none;background:#ffffff;color:#d44133;border-color:#333333;\"><i class=\"fas fa-language\" ><\/i><\/div><div class=\"icon_description\" id=\"Info-list-wrap-5620\" style=\"font-size:32px;\"><h3 class=\"ult-responsive info-list-heading\"  data-ultimate-target='#Info-list-wrap-5620 h3'  data-responsive-json-new='{\"font-size\":\"desktop:16px;\",\"line-height\":\"desktop:24px;\"}'  style=\"font-weight:bold;color:#ffffff;\">Her Dilde \u0130\u00e7erik Yaz\u0131m\u0131<\/h3><div class=\"icon_description_text ult-responsive\"  data-ultimate-target='#Info-list-wrap-5620 .icon_description_text'  data-responsive-json-new='{\"font-size\":\"desktop:13px;\",\"line-height\":\"desktop:18px;\"}'  style=\"color:#ffffff;\"><\/div><\/div><div class=\"icon_list_connector\" data-animation=\"fadeInLeft\" data-animation-delay=\"03\" style=\"border: none !important;\"><\/div><\/li><li class=\"icon_list_item\" style=\" font-size:96px;\"><div class=\"icon_list_icon\" data-animation=\"\" data-animation-delay=\"03\" style=\"font-size:32px;border-width:1px;border-style:none;background:#ffffff;color:#d44133;border-color:#333333;\"><i class=\"fas fa-book-reader\" ><\/i><\/div><div class=\"icon_description\" id=\"Info-list-wrap-2658\" style=\"font-size:32px;\"><h3 class=\"ult-responsive info-list-heading\"  data-ultimate-target='#Info-list-wrap-2658 h3'  data-responsive-json-new='{\"font-size\":\"desktop:16px;\",\"line-height\":\"desktop:24px;\"}'  style=\"font-weight:bold;color:#ffffff;\">Uluslararas\u0131 SEO Uzmanl\u0131\u011f\u0131<\/h3><div class=\"icon_description_text ult-responsive\"  data-ultimate-target='#Info-list-wrap-2658 .icon_description_text'  data-responsive-json-new='{\"font-size\":\"desktop:13px;\",\"line-height\":\"desktop:18px;\"}'  style=\"color:#ffffff;\"><\/div><\/div><div class=\"icon_list_connector\" data-animation=\"fadeInLeft\" data-animation-delay=\"03\" style=\"border: none !important;\"><\/div><\/li><li class=\"icon_list_item\" style=\" font-size:96px;\"><div class=\"icon_list_icon\" data-animation=\"\" data-animation-delay=\"03\" style=\"font-size:32px;border-width:1px;border-style:none;background:#ffffff;color:#d44133;border-color:#333333;\"><i class=\"fas fa-comments\" ><\/i><\/div><div class=\"icon_description\" id=\"Info-list-wrap-3447\" style=\"font-size:32px;\"><h3 class=\"ult-responsive info-list-heading\"  data-ultimate-target='#Info-list-wrap-3447 h3'  data-responsive-json-new='{\"font-size\":\"desktop:16px;\",\"line-height\":\"desktop:24px;\"}'  style=\"font-weight:bold;color:#ffffff;\">7\/24 Ula\u015f\u0131labilir<\/h3><div class=\"icon_description_text ult-responsive\"  data-ultimate-target='#Info-list-wrap-3447 .icon_description_text'  data-responsive-json-new='{\"font-size\":\"desktop:13px;\",\"line-height\":\"desktop:18px;\"}'  style=\"color:#ffffff;\"><\/div><\/div><div class=\"icon_list_connector\" data-animation=\"fadeInLeft\" data-animation-delay=\"03\" style=\"border: none !important;\"><\/div><\/li><li class=\"icon_list_item\" style=\" font-size:96px;\"><div class=\"icon_list_icon\" data-animation=\"\" data-animation-delay=\"03\" style=\"font-size:32px;border-width:1px;border-style:none;background:#ffffff;color:#d44133;border-color:#333333;\"><i class=\"fas fa-coins\" ><\/i><\/div><div class=\"icon_description\" id=\"Info-list-wrap-9400\" style=\"font-size:32px;\"><h3 class=\"ult-responsive info-list-heading\"  data-ultimate-target='#Info-list-wrap-9400 h3'  data-responsive-json-new='{\"font-size\":\"desktop:16px;\",\"line-height\":\"desktop:24px;\"}'  style=\"font-weight:bold;color:#ffffff;\">G\u00fcvenilir &amp; Ekonomik<\/h3><div class=\"icon_description_text ult-responsive\"  data-ultimate-target='#Info-list-wrap-9400 .icon_description_text'  data-responsive-json-new='{\"font-size\":\"desktop:13px;\",\"line-height\":\"desktop:18px;\"}'  style=\"color:#ffffff;\"><\/div><\/div><div class=\"icon_list_connector\" data-animation=\"fadeInLeft\" data-animation-delay=\"03\" style=\"border: none !important;\"><\/div><\/li><\/ul><\/div>[\/vc_column][\/vc_row]<\/p>\n","protected":false},"excerpt":{"rendered":"<p>[vc_row equal_height=&#8221;yes&#8221; content_placement=&#8221;top&#8221; bg_type=&#8221;image&#8221; parallax_style=&#8221;vcpb-default&#8221; bg_image_new=&#8221;id^3694|url^https:\/\/www.turkishtranslationoffice.com\/tr\/wp-content\/uploads\/2020\/08\/icerik-uretimi.jpg|caption^null|alt^null|title^icerik-uretimi|description^null&#8221; bg_override=&#8221;ex-full&#8221; type=&#8221;vc_default&#8221; margin_top=&#8221;5&#8243; margin_bottom=&#8221;10&#8243; css=&#8221;.vc_custom_1629978481950{padding-top: 2% !important;padding-bottom: 2% !important;}&#8221;][vc_column width=&#8221;1\/2&#8243;][vc_column_text] Dijital pazarlama sayesinde i\u015finizi b\u00fcy\u00fctmek ve d\u00fcnya pazarlar\u0131na a\u00e7\u0131lmak \u015fimdi \u00e7ok kolay! Hangi sekt\u00f6rde olursan\u0131z olun internette hedef kitlenize ula\u015fmak i\u00e7in onlar\u0131n dilini konu\u015fun, kazanan siz olun! [\/vc_column_text][vc_row_inner equal_height=&#8221;yes&#8221; content_placement=&#8221;top&#8221;][vc_column_inner css=&#8221;.vc_custom_1644307650946{padding-bottom: 32px !important;}&#8221;][\/vc_column_inner][\/vc_row_inner][\/vc_column][vc_column width=&#8221;1\/2&#8243;][\/vc_column][\/vc_row][vc_row equal_height=&#8221;yes&#8221; content_placement=&#8221;top&#8221; bg_type=&#8221;image&#8221; parallax_style=&#8221;vcpb-default&#8221; bg_image_new=&#8221;id^2302|url^https:\/\/www.turkishtranslationoffice.com\/tr\/wp-content\/uploads\/2020\/08\/arka-plan-siyah-beyaz.png|caption^null|alt^null|title^arka-plan-siyah-beyaz|description^null&#8221;&hellip;<\/p>\n","protected":false},"author":1,"featured_media":0,"parent":0,"menu_order":10,"comment_status":"closed","ping_status":"closed","template":"","meta":{"footnotes":""},"aioseo_notices":[],"_links":{"self":[{"href":"https:\/\/www.turkishtranslationoffice.com\/tr\/wp-json\/wp\/v2\/pages\/2714"}],"collection":[{"href":"https:\/\/www.turkishtranslationoffice.com\/tr\/wp-json\/wp\/v2\/pages"}],"about":[{"href":"https:\/\/www.turkishtranslationoffice.com\/tr\/wp-json\/wp\/v2\/types\/page"}],"author":[{"embeddable":true,"href":"https:\/\/www.turkishtranslationoffice.com\/tr\/wp-json\/wp\/v2\/users\/1"}],"replies":[{"embeddable":true,"href":"https:\/\/www.turkishtranslationoffice.com\/tr\/wp-json\/wp\/v2\/comments?post=2714"}],"version-history":[{"count":2,"href":"https:\/\/www.turkishtranslationoffice.com\/tr\/wp-json\/wp\/v2\/pages\/2714\/revisions"}],"predecessor-version":[{"id":5664,"href":"https:\/\/www.turkishtranslationoffice.com\/tr\/wp-json\/wp\/v2\/pages\/2714\/revisions\/5664"}],"wp:attachment":[{"href":"https:\/\/www.turkishtranslationoffice.com\/tr\/wp-json\/wp\/v2\/media?parent=2714"}],"curies":[{"name":"wp","href":"https:\/\/api.w.org\/{rel}","templated":true}]}}