{"id":2719,"date":"2020-08-11T14:40:49","date_gmt":"2020-08-11T11:40:49","guid":{"rendered":"https:\/\/www.turkishtranslationoffice.com\/tr\/icerik-uretimi-copy\/"},"modified":"2022-02-08T11:33:08","modified_gmt":"2022-02-08T08:33:08","slug":"uluslararasi-seo","status":"publish","type":"page","link":"https:\/\/www.turkishtranslationoffice.com\/tr\/uluslararasi-seo\/","title":{"rendered":"Uluslararas\u0131 SEO"},"content":{"rendered":"<p>[vc_row equal_height=&#8221;yes&#8221; content_placement=&#8221;top&#8221; bg_type=&#8221;image&#8221; parallax_style=&#8221;vcpb-default&#8221; bg_image_new=&#8221;id^3708|url^https:\/\/www.turkishtranslationoffice.com\/tr\/wp-content\/uploads\/2020\/08\/uluslararasi-seo.jpg|caption^null|alt^null|title^uluslararasi-seo|description^null&#8221; bg_override=&#8221;ex-full&#8221; type=&#8221;vc_default&#8221; margin_top=&#8221;5&#8243; margin_bottom=&#8221;10&#8243; css=&#8221;.vc_custom_1629978520487{padding-top: 2% !important;padding-bottom: 2% !important;}&#8221;][vc_column width=&#8221;1\/2&#8243;]<div id=\"ultimate-heading-114769f2b8416f16b\" class=\"uvc-heading ult-adjust-bottom-margin ultimate-heading-114769f2b8416f16b uvc-7073 \" data-hspacer=\"no_spacer\"  data-halign=\"left\" style=\"text-align:left\"><div class=\"uvc-heading-spacer no_spacer\" style=\"top\"><\/div><div class=\"uvc-main-heading ult-responsive\"  data-ultimate-target='.uvc-heading.ultimate-heading-114769f2b8416f16b h1'  data-responsive-json-new='{\"font-size\":\"desktop:28px;\",\"line-height\":\"desktop:34px;\"}' ><h1 style=\"font-weight:bold;margin-bottom:25px;\">Uluslararas\u0131 SEO<\/h1><\/div><\/div>[vc_column_text]<\/p>\n<p style=\"text-align: left;\"><span style=\"font-weight: 400; font-size: 18px;\">Uluslararas\u0131 arama motoru optimizasyonuna y\u00f6nelik t\u00fcm dillerde sundu\u011fumuz i\u00e7erik hizmetimiz sayesinde t\u00fcm pazarlarda hedef kitlenize kolayca ula\u015fabilirsiniz. Daha fazla g\u00f6r\u00fcn\u00fcrl\u00fck, trafik ve d\u00f6n\u00fc\u015f\u00fcm alman\u0131z i\u00e7in \u00e7ok dilli i\u00e7erik deste\u011fimizle ihtiyac\u0131n\u0131z olan t\u00fcm uluslararas\u0131 SEO \u00e7\u00f6z\u00fcmleri TTO\u2019da tek \u00e7at\u0131 alt\u0131nda sizi bekliyor.<\/span><\/p>\n<p><span style=\"font-weight: 400; font-size: 18px;\">Farkl\u0131 dil se\u00e7enekleriyle size \u00f6zel haz\u0131rlad\u0131\u011f\u0131m\u0131z \u00fccretsiz teklifinizi almak i\u00e7in beklemenize gerek yok!<\/span>[\/vc_column_text][vc_row_inner equal_height=&#8221;yes&#8221; content_placement=&#8221;top&#8221;][vc_column_inner css=&#8221;.vc_custom_1644309181635{padding-bottom: 32px !important;}&#8221;]<style type=\"text\/css\" data-type=\"the7_shortcodes-inline-css\">#default-btn-c005fe6209a62b9f8fc8b1b7577724a0.ico-right-side > i {\n  margin-right: 0px;\n  margin-left: 8px;\n}\n#default-btn-c005fe6209a62b9f8fc8b1b7577724a0 > i {\n  margin-right: 8px;\n}\n#default-btn-c005fe6209a62b9f8fc8b1b7577724a0 * {\n  vertical-align: middle;\n}\n<\/style><a href=\"\/tr\/teklif-alin\/\" class=\"default-btn-shortcode dt-btn dt-btn-l link-hover-off button-tto-grey btn-inline-left  vc_custom_1600268537903\" id=\"default-btn-c005fe6209a62b9f8fc8b1b7577724a0\" style=\"width:225px;\"><span>\u00dccretsiz Teklif Al\u0131n<\/span><\/a><style type=\"text\/css\" data-type=\"the7_shortcodes-inline-css\">#default-btn-7e42cdf51895a4351f50b63b8fd8b578.ico-right-side > i {\n  margin-right: 0px;\n  margin-left: 8px;\n}\n#default-btn-7e42cdf51895a4351f50b63b8fd8b578 > i {\n  margin-right: 8px;\n}\n#default-btn-7e42cdf51895a4351f50b63b8fd8b578 * {\n  vertical-align: middle;\n}\n<\/style><a href=\"\/tr\/iletisim\/\" class=\"default-btn-shortcode dt-btn dt-btn-l link-hover-off button-tto-red btn-inline-left  vc_custom_1600268548479\" id=\"default-btn-7e42cdf51895a4351f50b63b8fd8b578\" style=\"width:225px;\"><span>Bize Ula\u015f\u0131n<\/span><\/a>[\/vc_column_inner][\/vc_row_inner][\/vc_column][vc_column width=&#8221;1\/2&#8243;][\/vc_column][\/vc_row][vc_row equal_height=&#8221;yes&#8221; content_placement=&#8221;top&#8221; bg_type=&#8221;image&#8221; parallax_style=&#8221;vcpb-default&#8221; bg_image_new=&#8221;id^2302|url^https:\/\/www.turkishtranslationoffice.com\/tr\/wp-content\/uploads\/2020\/08\/arka-plan-siyah-beyaz.png|caption^null|alt^null|title^arka-plan-siyah-beyaz|description^null&#8221; bg_image_repeat=&#8221;no-repeat&#8221; bg_override=&#8221;ex-full&#8221; type=&#8221;vc_default&#8221; margin_top=&#8221;5&#8243; margin_bottom=&#8221;10&#8243; css=&#8221;.vc_custom_1598523666685{padding-top: 30px !important;padding-bottom: 50px !important;}&#8221;][vc_column css=&#8221;.vc_custom_1491746299333{padding-bottom: 0px !important;}&#8221;][vc_row_inner equal_height=&#8221;yes&#8221; content_placement=&#8221;top&#8221;][vc_column_inner width=&#8221;1\/2&#8243;]<style type=\"text\/css\" data-type=\"the7_shortcodes-inline-css\">.shortcode-single-image-wrap.shortcode-single-image-fb9221e2ec443b62b5cf4ffac58c60c4.enable-bg-rollover .rollover i,\n.shortcode-single-image-wrap.shortcode-single-image-fb9221e2ec443b62b5cf4ffac58c60c4.enable-bg-rollover .rollover-video i {\n  background: ;\n  background: -webkit-linear-gradient();\n  background: linear-gradient();\n}\n.shortcode-single-image-wrap.shortcode-single-image-fb9221e2ec443b62b5cf4ffac58c60c4 .rollover-icon {\n  font-size: 32px;\n  color: #ffffff;\n  min-width: 44px;\n  min-height: 44px;\n  line-height: 44px;\n  border-radius: 100px;\n  border-style: solid;\n  border-width: 0px;\n}\n.dt-icon-bg-on.shortcode-single-image-wrap.shortcode-single-image-fb9221e2ec443b62b5cf4ffac58c60c4 .rollover-icon {\n  background: rgba(255,255,255,0.3);\n  box-shadow: none;\n}\n<\/style><div class=\"shortcode-single-image-wrap shortcode-single-image-fb9221e2ec443b62b5cf4ffac58c60c4 alignnone  enable-bg-rollover dt-icon-bg-off\" style=\"margin-top:0px; margin-bottom:0px; margin-left:0px; margin-right:0px; width:1000px;\"><div class=\"shortcode-single-image\"><div class=\"fancy-media-wrap  layzr-bg\" style=\"border-radius:10px;\"><img loading=\"lazy\" decoding=\"async\" class=\"preload-me lazy-load\" src=\"data:image\/svg+xml,%3Csvg%20xmlns%3D&#39;http%3A%2F%2Fwww.w3.org%2F2000%2Fsvg&#39;%20viewBox%3D&#39;0%200%201000%20700&#39;%2F%3E\" data-src=\"https:\/\/www.turkishtranslationoffice.com\/tr\/wp-content\/uploads\/sites\/1\/2020\/08\/uluslararasi-seo-nedir-1000x700.jpg\" data-srcset=\"https:\/\/www.turkishtranslationoffice.com\/tr\/wp-content\/uploads\/sites\/1\/2020\/08\/uluslararasi-seo-nedir-1000x700.jpg 1000w, https:\/\/www.turkishtranslationoffice.com\/tr\/wp-content\/uploads\/sites\/1\/2020\/08\/uluslararasi-seo-nedir-1242x870.jpg 1242w\" width=\"1000\" height=\"700\"  data-dt-location=\"https:\/\/www.turkishtranslationoffice.com\/tr\/uluslararasi-seo\/uluslararasi-seo-nedir\/\" style=\"border-radius:10px;\" alt=\"arama motorlar\u0131\" \/><\/div><\/div><\/div>[\/vc_column_inner][vc_column_inner width=&#8221;1\/2&#8243; css=&#8221;.vc_custom_1596550089277{padding-top: 20px !important;}&#8221;]<div id=\"ultimate-heading-425469f2b8416feb5\" class=\"uvc-heading ult-adjust-bottom-margin ultimate-heading-425469f2b8416feb5 uvc-5793 \" data-hspacer=\"no_spacer\"  data-halign=\"left\" style=\"text-align:left\"><div class=\"uvc-heading-spacer no_spacer\" style=\"top\"><\/div><div class=\"uvc-main-heading ult-responsive\"  data-ultimate-target='.uvc-heading.ultimate-heading-425469f2b8416feb5 h2'  data-responsive-json-new='{\"font-size\":\"desktop:24px;\",\"line-height\":\"desktop:34px;\"}' ><h2 style=\"font-weight:bold;margin-bottom:25px;\">Uluslararas\u0131 SEO nedir?<\/h2><\/div><\/div>[vc_column_text]<span style=\"font-weight: 400;\">E-ticaret siteniz ya da di\u011fer \u00fcr\u00fcn ve hizmetlerinizi online platformlarda sundu\u011funuz herhangi bir siteniz \u00fczerinden kar elde etmek istiyorsan\u0131z arama motorlar\u0131nda \u00fcst s\u0131ralarda g\u00f6r\u00fcnmelisiniz. Ara\u015ft\u0131rmalar g\u00f6steriyor ki internet kullan\u0131c\u0131lar\u0131 arama motorlar\u0131nda yapt\u0131\u011f\u0131 aramalarda \u00fcst s\u0131ralarda g\u00f6r\u00fcnen alakal\u0131 sonu\u00e7lar\u0131 tercih ediyor. Bunu ba\u015farman\u0131n yolu ise detayl\u0131 bir SEO \u00e7al\u0131\u015fmas\u0131ndan ge\u00e7iyor.<\/span><\/p>\n<p><span style=\"font-weight: 400;\">Arama motorlar\u0131 ve geli\u015fen yapay zeka teknolojisi her ge\u00e7en g\u00fcn kullan\u0131c\u0131 dostu sitelere daha \u00e7ok \u00f6nem veriyor ve internet kullan\u0131c\u0131lar\u0131na sundu\u011funuz kolayl\u0131k ve faydalara odaklan\u0131yor. Bunu yaparken web sitenizin arka plan\u0131nda \u00e7al\u0131\u015fan pek \u00e7ok teknik detay, sitenizin tasar\u0131m\u0131, \u00fcr\u00fcn ve hizmetlerin kullan\u0131c\u0131ya uygun bi\u00e7imde sunulmas\u0131 gerekiyor. \u00dcstelik bu i\u015flemlerin daimi olarak arama motorlar\u0131n\u0131n yeni algoritmalar\u0131yla uyumlu olup olmad\u0131\u011f\u0131n\u0131n denetlenmesi ve gerekli g\u00fcncelle\u015ftirmelerin yap\u0131lmas\u0131 gerekiyor. <\/span>[\/vc_column_text][\/vc_column_inner][\/vc_row_inner][\/vc_column][\/vc_row][vc_row bg_type=&#8221;image&#8221; bg_override=&#8221;full&#8221; css=&#8221;.vc_custom_1596535087001{background-image: url(https:\/\/www.turkishtranslationoffice.com\/tr\/wp-content\/uploads\/2020\/08\/uyari.jpg?id=2304) !important;}&#8221;][vc_column]<div class=\"smile_icon_list_wrap ult_info_list_container ult-adjust-bottom-margin   vc_custom_1596535225225\"><ul class=\"smile_icon_list top circle with_bg\"><li class=\"icon_list_item\" style=\" font-size:96px;\"><div class=\"icon_list_icon\" data-animation=\"\" data-animation-delay=\"03\" style=\"font-size:32px;border-width:1px;border-style:none;background:#ffffff;color:#d44133;border-color:#333333;\"><i class=\"fas fa-thumbs-up\" ><\/i><\/div><div class=\"icon_description\" id=\"Info-list-wrap-2083\" style=\"font-size:32px;\"><h3 class=\"ult-responsive info-list-heading\"  data-ultimate-target='#Info-list-wrap-2083 h3'  data-responsive-json-new='{\"font-size\":\"desktop:16px;\",\"line-height\":\"desktop:24px;\"}'  style=\"font-weight:bold;color:#ffffff;\">%100 G\u00fcvenilir<\/h3><div class=\"icon_description_text ult-responsive\"  data-ultimate-target='#Info-list-wrap-2083 .icon_description_text'  data-responsive-json-new='{\"font-size\":\"desktop:13px;\",\"line-height\":\"desktop:18px;\"}'  style=\"color:#ffffff;\"><\/div><\/div><div class=\"icon_list_connector\" data-animation=\"fadeInLeft\" data-animation-delay=\"03\" style=\"border: none !important;\"><\/div><\/li><li class=\"icon_list_item\" style=\" font-size:96px;\"><div class=\"icon_list_icon\" data-animation=\"\" data-animation-delay=\"03\" style=\"font-size:32px;border-width:1px;border-style:none;background:#ffffff;color:#d44133;border-color:#333333;\"><i class=\"fas fa-tachometer-alt\" ><\/i><\/div><div class=\"icon_description\" id=\"Info-list-wrap-4688\" style=\"font-size:32px;\"><h3 class=\"ult-responsive info-list-heading\"  data-ultimate-target='#Info-list-wrap-4688 h3'  data-responsive-json-new='{\"font-size\":\"desktop:16px;\",\"line-height\":\"desktop:24px;\"}'  style=\"font-weight:bold;color:#ffffff;\">H\u0131zl\u0131 &amp; Etkili<\/h3><div class=\"icon_description_text ult-responsive\"  data-ultimate-target='#Info-list-wrap-4688 .icon_description_text'  data-responsive-json-new='{\"font-size\":\"desktop:13px;\",\"line-height\":\"desktop:18px;\"}'  style=\"color:#ffffff;\"><\/div><\/div><div class=\"icon_list_connector\" data-animation=\"fadeInLeft\" data-animation-delay=\"03\" style=\"border: none !important;\"><\/div><\/li><li class=\"icon_list_item\" style=\" font-size:96px;\"><div class=\"icon_list_icon\" data-animation=\"\" data-animation-delay=\"03\" style=\"font-size:32px;border-width:1px;border-style:none;background:#ffffff;color:#d44133;border-color:#333333;\"><i class=\"fas fa-hands-helping\" ><\/i><\/div><div class=\"icon_description\" id=\"Info-list-wrap-6184\" style=\"font-size:32px;\"><h3 class=\"ult-responsive info-list-heading\"  data-ultimate-target='#Info-list-wrap-6184 h3'  data-responsive-json-new='{\"font-size\":\"desktop:16px;\",\"line-height\":\"desktop:24px;\"}'  style=\"font-weight:bold;color:#ffffff;\">Profesyonel<\/h3><div class=\"icon_description_text ult-responsive\"  data-ultimate-target='#Info-list-wrap-6184 .icon_description_text'  data-responsive-json-new='{\"font-size\":\"desktop:13px;\",\"line-height\":\"desktop:18px;\"}'  style=\"color:#ffffff;\"><\/div><\/div><div class=\"icon_list_connector\" data-animation=\"fadeInLeft\" data-animation-delay=\"03\" style=\"border: none !important;\"><\/div><\/li><\/ul><\/div>[\/vc_column][\/vc_row][vc_row equal_height=&#8221;yes&#8221; content_placement=&#8221;top&#8221; bg_type=&#8221;bg_color&#8221; bg_override=&#8221;full&#8221; type=&#8221;vc_default&#8221; margin_top=&#8221;5&#8243; margin_bottom=&#8221;10&#8243; css=&#8221;.vc_custom_1598521579002{padding-top: 30px !important;padding-bottom: 50px !important;}&#8221; bg_color_value=&#8221;#ffffff&#8221;][vc_column][vc_row_inner equal_height=&#8221;yes&#8221; content_placement=&#8221;top&#8221;][vc_column_inner width=&#8221;1\/2&#8243; css=&#8221;.vc_custom_1598523713807{padding-top: 20px !important;}&#8221;]<div id=\"ultimate-heading-55369f2b8417015a\" class=\"uvc-heading ult-adjust-bottom-margin ultimate-heading-55369f2b8417015a uvc-1163 \" data-hspacer=\"no_spacer\"  data-halign=\"left\" style=\"text-align:left\"><div class=\"uvc-heading-spacer no_spacer\" style=\"top\"><\/div><div class=\"uvc-main-heading ult-responsive\"  data-ultimate-target='.uvc-heading.ultimate-heading-55369f2b8417015a h2'  data-responsive-json-new='{\"font-size\":\"desktop:24px;\",\"line-height\":\"desktop:34px;\"}' ><h2 style=\"font-weight:bold;margin-bottom:25px;\">T\u00fcm bu s\u00fcre\u00e7leri hakim olmad\u0131\u011f\u0131n\u0131z bir dilde y\u00fcr\u00fcterek uluslararas\u0131 pazarda nas\u0131l ba\u015far\u0131 elde edebilirsiniz?<\/h2><\/div><\/div>[vc_column_text]<span style=\"font-weight: 400;\">Turkish Translation Office\u2019in uzmanl\u0131\u011f\u0131na g\u00fcvenebilirsiniz! Uluslararas\u0131 dijital pazarlara y\u00f6nelik i\u00e7erik \u00fcretimi ve SEO alan\u0131nda uzmanla\u015fm\u0131\u015f ekibimiz 2500\u2019\u00fcn \u00fczerinde dil uzman\u0131ndan olu\u015fuyor! Uluslararas\u0131 SEO\u2019da ihtiyac\u0131n\u0131z olan her konuda, uzmanlardan olu\u015fturdu\u011fumuz \u00f6zel ekibimizle beklentinizi kar\u015f\u0131layacak \u00e7\u00f6z\u00fcmlerimizle hizmetinizdeyiz.<\/span><\/p>\n<p><span style=\"font-weight: 400;\">Global SEO hizmetimizle, girmek istedi\u011finiz pazara y\u00f6nelik i\u00e7erik olu\u015fturma ve hedeflenecek anahtar kelimeleri belirleme ihtiyac\u0131n\u0131zda yabanc\u0131 dil engelini ortadan kald\u0131r\u0131yoruz. M\u00fc\u015fterilerimizin hedef ve beklentilerini belirleyerek kalite garantili i\u00e7erik hizmeti veriyoruz.<\/span>[\/vc_column_text][\/vc_column_inner][vc_column_inner width=&#8221;1\/2&#8243;]<style type=\"text\/css\" data-type=\"the7_shortcodes-inline-css\">.shortcode-single-image-wrap.shortcode-single-image-1f0f53c42b1766aa5f0c922f52fd2df9.enable-bg-rollover .rollover i,\n.shortcode-single-image-wrap.shortcode-single-image-1f0f53c42b1766aa5f0c922f52fd2df9.enable-bg-rollover .rollover-video i {\n  background: ;\n  background: -webkit-linear-gradient();\n  background: linear-gradient();\n}\n.shortcode-single-image-wrap.shortcode-single-image-1f0f53c42b1766aa5f0c922f52fd2df9 .rollover-icon {\n  font-size: 32px;\n  color: #ffffff;\n  min-width: 44px;\n  min-height: 44px;\n  line-height: 44px;\n  border-radius: 100px;\n  border-style: solid;\n  border-width: 0px;\n}\n.dt-icon-bg-on.shortcode-single-image-wrap.shortcode-single-image-1f0f53c42b1766aa5f0c922f52fd2df9 .rollover-icon {\n  background: rgba(255,255,255,0.3);\n  box-shadow: none;\n}\n<\/style><div class=\"shortcode-single-image-wrap shortcode-single-image-1f0f53c42b1766aa5f0c922f52fd2df9 alignnone  enable-bg-rollover dt-icon-bg-off\" style=\"margin-top:0px; margin-bottom:0px; margin-left:0px; margin-right:0px; width:1000px;\"><div class=\"shortcode-single-image\"><div class=\"fancy-media-wrap  layzr-bg\" style=\"border-radius:10px;\"><img loading=\"lazy\" decoding=\"async\" class=\"preload-me lazy-load\" src=\"data:image\/svg+xml,%3Csvg%20xmlns%3D&#39;http%3A%2F%2Fwww.w3.org%2F2000%2Fsvg&#39;%20viewBox%3D&#39;0%200%201000%20700&#39;%2F%3E\" data-src=\"https:\/\/www.turkishtranslationoffice.com\/tr\/wp-content\/uploads\/sites\/1\/2020\/08\/uluslararasi-pazarda-basari-1000x700.jpg\" data-srcset=\"https:\/\/www.turkishtranslationoffice.com\/tr\/wp-content\/uploads\/sites\/1\/2020\/08\/uluslararasi-pazarda-basari-1000x700.jpg 1000w, https:\/\/www.turkishtranslationoffice.com\/tr\/wp-content\/uploads\/sites\/1\/2020\/08\/uluslararasi-pazarda-basari-1428x1000.jpg 1428w\" width=\"1000\" height=\"700\"  data-dt-location=\"https:\/\/www.turkishtranslationoffice.com\/tr\/uluslararasi-seo\/uluslararasi-pazarda-basari\/\" style=\"border-radius:10px;\" alt=\"Uluslararas\u0131 SEO\" \/><\/div><\/div><\/div>[\/vc_column_inner][\/vc_row_inner][\/vc_column][\/vc_row][vc_row content_placement=&#8221;middle&#8221; bg_type=&#8221;grad&#8221; bg_override=&#8221;ex-full&#8221; bg_grad=&#8221;background: -webkit-gradient(linear, left top, left bottom, color-stop(0%, #365088), color-stop(100%, #EA524D));background: -moz-linear-gradient(135deg,#365088 0%,#EA524D 100%);background: -webkit-linear-gradient(135deg,#365088 0%,#EA524D 100%);background: -o-linear-gradient(135deg,#365088 0%,#EA524D 100%);background: -ms-linear-gradient(135deg,#365088 0%,#EA524D 100%);background: linear-gradient(135deg,#365088 0%,#EA524D 100%);&#8221;][vc_column width=&#8221;5\/6&#8243;][vc_column_text]<strong style=\"color: #ffffff; font-size: 24px;\">Yurtd\u0131\u015f\u0131 SEO \u00e7\u00f6z\u00fcmlerimiz ile yeni pazarlara a\u00e7\u0131larak en k\u0131sa s\u00fcrede kar\u0131n\u0131z\u0131 artt\u0131rman\u0131z i\u00e7in yan\u0131n\u0131zday\u0131z! T\u00fcm dillerde uygun fiyatl\u0131 dijital pazarlama \u00e7\u00f6z\u00fcmlerimizden yararlanmak istiyorsan\u0131z \u00fccretsiz teklifinizi \u015fimdi al\u0131n.<\/strong>[\/vc_column_text][\/vc_column][vc_column width=&#8221;1\/6&#8243;][vc_btn title=&#8221;Teklif Al&#8221; color=&#8221;warning&#8221; size=&#8221;lg&#8221; align=&#8221;right&#8221; link=&#8221;url:%2Ftr%2Fteklif-alin%2F|||&#8221;][\/vc_column][\/vc_row]<\/p>\n","protected":false},"excerpt":{"rendered":"<p>[vc_row equal_height=&#8221;yes&#8221; content_placement=&#8221;top&#8221; bg_type=&#8221;image&#8221; parallax_style=&#8221;vcpb-default&#8221; bg_image_new=&#8221;id^3708|url^https:\/\/www.turkishtranslationoffice.com\/tr\/wp-content\/uploads\/2020\/08\/uluslararasi-seo.jpg|caption^null|alt^null|title^uluslararasi-seo|description^null&#8221; bg_override=&#8221;ex-full&#8221; type=&#8221;vc_default&#8221; margin_top=&#8221;5&#8243; margin_bottom=&#8221;10&#8243; css=&#8221;.vc_custom_1629978520487{padding-top: 2% !important;padding-bottom: 2% !important;}&#8221;][vc_column width=&#8221;1\/2&#8243;][vc_column_text] Uluslararas\u0131 arama motoru optimizasyonuna y\u00f6nelik t\u00fcm dillerde sundu\u011fumuz i\u00e7erik hizmetimiz sayesinde t\u00fcm pazarlarda hedef kitlenize kolayca ula\u015fabilirsiniz. Daha fazla g\u00f6r\u00fcn\u00fcrl\u00fck, trafik ve d\u00f6n\u00fc\u015f\u00fcm alman\u0131z i\u00e7in \u00e7ok dilli i\u00e7erik deste\u011fimizle ihtiyac\u0131n\u0131z olan t\u00fcm uluslararas\u0131 SEO \u00e7\u00f6z\u00fcmleri TTO\u2019da tek \u00e7at\u0131 alt\u0131nda&hellip;<\/p>\n","protected":false},"author":1,"featured_media":0,"parent":0,"menu_order":10,"comment_status":"closed","ping_status":"closed","template":"","meta":{"footnotes":""},"aioseo_notices":[],"_links":{"self":[{"href":"https:\/\/www.turkishtranslationoffice.com\/tr\/wp-json\/wp\/v2\/pages\/2719"}],"collection":[{"href":"https:\/\/www.turkishtranslationoffice.com\/tr\/wp-json\/wp\/v2\/pages"}],"about":[{"href":"https:\/\/www.turkishtranslationoffice.com\/tr\/wp-json\/wp\/v2\/types\/page"}],"author":[{"embeddable":true,"href":"https:\/\/www.turkishtranslationoffice.com\/tr\/wp-json\/wp\/v2\/users\/1"}],"replies":[{"embeddable":true,"href":"https:\/\/www.turkishtranslationoffice.com\/tr\/wp-json\/wp\/v2\/comments?post=2719"}],"version-history":[{"count":2,"href":"https:\/\/www.turkishtranslationoffice.com\/tr\/wp-json\/wp\/v2\/pages\/2719\/revisions"}],"predecessor-version":[{"id":5723,"href":"https:\/\/www.turkishtranslationoffice.com\/tr\/wp-json\/wp\/v2\/pages\/2719\/revisions\/5723"}],"wp:attachment":[{"href":"https:\/\/www.turkishtranslationoffice.com\/tr\/wp-json\/wp\/v2\/media?parent=2719"}],"curies":[{"name":"wp","href":"https:\/\/api.w.org\/{rel}","templated":true}]}}