{"id":2750,"date":"2020-08-11T17:06:42","date_gmt":"2020-08-11T14:06:42","guid":{"rendered":"https:\/\/www.turkishtranslationoffice.com\/tr\/dtp-copy\/"},"modified":"2022-02-08T11:17:54","modified_gmt":"2022-02-08T08:17:54","slug":"ocr","status":"publish","type":"page","link":"https:\/\/www.turkishtranslationoffice.com\/tr\/ocr\/","title":{"rendered":"Optik Karakter Tan\u0131ma (OCR)"},"content":{"rendered":"<p>[vc_row equal_height=&#8221;yes&#8221; content_placement=&#8221;top&#8221; bg_type=&#8221;image&#8221; parallax_style=&#8221;vcpb-default&#8221; bg_image_new=&#8221;id^3976|url^https:\/\/www.turkishtranslationoffice.com\/tr\/wp-content\/uploads\/2020\/08\/ocr.jpg|caption^null|alt^null|title^ocr|description^null&#8221; bg_image_repeat=&#8221;no-repeat&#8221; bg_override=&#8221;ex-full&#8221; type=&#8221;vc_default&#8221; margin_top=&#8221;5&#8243; margin_bottom=&#8221;10&#8243; css=&#8221;.vc_custom_1629978697011{padding-top: 2% !important;padding-bottom: 2% !important;}&#8221;][vc_column width=&#8221;1\/2&#8243;]<div id=\"ultimate-heading-105569ed7cc79827d\" class=\"uvc-heading ult-adjust-bottom-margin ultimate-heading-105569ed7cc79827d uvc-2955 \" data-hspacer=\"no_spacer\"  data-halign=\"left\" style=\"text-align:left\"><div class=\"uvc-heading-spacer no_spacer\" style=\"top\"><\/div><div class=\"uvc-main-heading ult-responsive\"  data-ultimate-target='.uvc-heading.ultimate-heading-105569ed7cc79827d h1'  data-responsive-json-new='{\"font-size\":\"desktop:28px;\",\"line-height\":\"desktop:34px;\"}' ><h1 style=\"font-weight:bold;color:#ffffff;margin-bottom:25px;\">Optik Karakter Tan\u0131ma (OCR) Hizmeti<\/h1><\/div><\/div>[vc_column_text]<\/p>\n<p style=\"text-align: left;\"><span style=\"font-weight: 400; font-size: 18px; color: #ffffff;\">Bas\u0131l\u0131 dok\u00fcmanlar\u0131n\u0131z\u0131 dijital ortama aktar\u0131yoruz! \u00c7eviri hizmetlerimiz kapsam\u0131nda ya da ba\u011f\u0131ms\u0131z olarak OCR hizmetimizden yararlanabilirsiniz. \u00dccretsiz teklifinizi almak i\u00e7in t\u0131klay\u0131n!<\/span><\/p>\n<p>[\/vc_column_text][vc_row_inner equal_height=&#8221;yes&#8221; content_placement=&#8221;top&#8221;][vc_column_inner css=&#8221;.vc_custom_1644308270232{padding-bottom: 32px !important;}&#8221;]<style type=\"text\/css\" data-type=\"the7_shortcodes-inline-css\">#default-btn-3792b0e8de3ec8026e8c59bcbbbf1ce0.ico-right-side > i {\n  margin-right: 0px;\n  margin-left: 8px;\n}\n#default-btn-3792b0e8de3ec8026e8c59bcbbbf1ce0 > i {\n  margin-right: 8px;\n}\n#default-btn-3792b0e8de3ec8026e8c59bcbbbf1ce0 * {\n  vertical-align: middle;\n}\n<\/style><a href=\"\/tr\/teklif-alin\/\" class=\"default-btn-shortcode dt-btn dt-btn-l link-hover-off button-tto-grey btn-inline-left  vc_custom_1600268844546\" id=\"default-btn-3792b0e8de3ec8026e8c59bcbbbf1ce0\" style=\"width:225px;\"><span>\u00dccretsiz Teklif Al\u0131n<\/span><\/a><style type=\"text\/css\" data-type=\"the7_shortcodes-inline-css\">#default-btn-f1ed0c1131ead498b6bef7ba1cae7369.ico-right-side > i {\n  margin-right: 0px;\n  margin-left: 8px;\n}\n#default-btn-f1ed0c1131ead498b6bef7ba1cae7369 > i {\n  margin-right: 8px;\n}\n#default-btn-f1ed0c1131ead498b6bef7ba1cae7369 * {\n  vertical-align: middle;\n}\n<\/style><a href=\"\/tr\/iletisim\/\" class=\"default-btn-shortcode dt-btn dt-btn-l link-hover-off button-tto-red btn-inline-left  vc_custom_1600268855031\" id=\"default-btn-f1ed0c1131ead498b6bef7ba1cae7369\" style=\"width:225px;\"><span>Bize Ula\u015f\u0131n<\/span><\/a>[\/vc_column_inner][\/vc_row_inner][\/vc_column][vc_column width=&#8221;1\/2&#8243;][\/vc_column][\/vc_row][vc_row bg_type=&#8221;image&#8221; bg_override=&#8221;full&#8221; css=&#8221;.vc_custom_1596535087001{background-image: url(https:\/\/www.turkishtranslationoffice.com\/tr\/wp-content\/uploads\/2020\/08\/uyari.jpg?id=2304) !important;}&#8221;][vc_column]<div class=\"smile_icon_list_wrap ult_info_list_container ult-adjust-bottom-margin   vc_custom_1596535225225\"><ul class=\"smile_icon_list top circle with_bg\"><li class=\"icon_list_item\" style=\" font-size:96px;\"><div class=\"icon_list_icon\" data-animation=\"\" data-animation-delay=\"03\" style=\"font-size:32px;border-width:1px;border-style:none;background:#ffffff;color:#d44133;border-color:#333333;\"><i class=\"icomoon-free-social-contact-16x16-stackoverflow\" ><\/i><\/div><div class=\"icon_description\" id=\"Info-list-wrap-8940\" style=\"font-size:32px;\"><h3 class=\"ult-responsive info-list-heading\"  data-ultimate-target='#Info-list-wrap-8940 h3'  data-responsive-json-new='{\"font-size\":\"desktop:16px;\",\"line-height\":\"desktop:24px;\"}'  style=\"font-weight:bold;color:#ffffff;\">Diledi\u011finiz Formatta<\/h3><div class=\"icon_description_text ult-responsive\"  data-ultimate-target='#Info-list-wrap-8940 .icon_description_text'  data-responsive-json-new='{\"font-size\":\"desktop:13px;\",\"line-height\":\"desktop:18px;\"}'  style=\"color:#ffffff;\"><\/div><\/div><div class=\"icon_list_connector\" data-animation=\"fadeInLeft\" data-animation-delay=\"03\" style=\"border: none !important;\"><\/div><\/li><li class=\"icon_list_item\" style=\" font-size:96px;\"><div class=\"icon_list_icon\" data-animation=\"\" data-animation-delay=\"03\" style=\"font-size:32px;border-width:1px;border-style:none;background:#ffffff;color:#d44133;border-color:#333333;\"><i class=\"fas fa-check-double\" ><\/i><\/div><div class=\"icon_description\" id=\"Info-list-wrap-4142\" style=\"font-size:32px;\"><h3 class=\"ult-responsive info-list-heading\"  data-ultimate-target='#Info-list-wrap-4142 h3'  data-responsive-json-new='{\"font-size\":\"desktop:16px;\",\"line-height\":\"desktop:24px;\"}'  style=\"font-weight:bold;color:#ffffff;\">H\u0131zl\u0131, Hatas\u0131z ve Ekonomik<\/h3><div class=\"icon_description_text ult-responsive\"  data-ultimate-target='#Info-list-wrap-4142 .icon_description_text'  data-responsive-json-new='{\"font-size\":\"desktop:13px;\",\"line-height\":\"desktop:18px;\"}'  style=\"color:#ffffff;\"><\/div><\/div><div class=\"icon_list_connector\" data-animation=\"fadeInLeft\" data-animation-delay=\"03\" style=\"border: none !important;\"><\/div><\/li><li class=\"icon_list_item\" style=\" font-size:96px;\"><div class=\"icon_list_icon\" data-animation=\"\" data-animation-delay=\"03\" style=\"font-size:32px;border-width:1px;border-style:none;background:#ffffff;color:#d44133;border-color:#333333;\"><i class=\"fas fa-hands-helping\" ><\/i><\/div><div class=\"icon_description\" id=\"Info-list-wrap-3075\" style=\"font-size:32px;\"><h3 class=\"ult-responsive info-list-heading\"  data-ultimate-target='#Info-list-wrap-3075 h3'  data-responsive-json-new='{\"font-size\":\"desktop:16px;\",\"line-height\":\"desktop:24px;\"}'  style=\"font-weight:bold;color:#ffffff;\">G\u00fcvenilir ve Profesyonel<\/h3><div class=\"icon_description_text ult-responsive\"  data-ultimate-target='#Info-list-wrap-3075 .icon_description_text'  data-responsive-json-new='{\"font-size\":\"desktop:13px;\",\"line-height\":\"desktop:18px;\"}'  style=\"color:#ffffff;\"><\/div><\/div><div class=\"icon_list_connector\" data-animation=\"fadeInLeft\" data-animation-delay=\"03\" style=\"border: none !important;\"><\/div><\/li><\/ul><\/div>[\/vc_column][\/vc_row][vc_row equal_height=&#8221;yes&#8221; content_placement=&#8221;top&#8221; bg_type=&#8221;image&#8221; parallax_style=&#8221;vcpb-hz-jquery&#8221; bg_image_new=&#8221;id^1611|url^https:\/\/www.turkishtranslationoffice.com\/tr\/wp-content\/uploads\/2016\/02\/bg-mem.png|caption^null|alt^null|title^bg-mem|description^null&#8221; bg_override=&#8221;ex-full&#8221; type=&#8221;vc_default&#8221; margin_top=&#8221;5&#8243; margin_bottom=&#8221;10&#8243; css=&#8221;.vc_custom_1598545474449{padding-top: 30px !important;padding-bottom: 50px !important;background-color: #f4f4f4 !important;}&#8221;][vc_column css=&#8221;.vc_custom_1491746299333{padding-bottom: 0px !important;}&#8221;][vc_row_inner equal_height=&#8221;yes&#8221; content_placement=&#8221;top&#8221;][vc_column_inner width=&#8221;1\/2&#8243;]<style type=\"text\/css\" data-type=\"the7_shortcodes-inline-css\">.shortcode-single-image-wrap.shortcode-single-image-9da16442dd74caad2d98e666ef73f5a8.enable-bg-rollover .rollover i,\n.shortcode-single-image-wrap.shortcode-single-image-9da16442dd74caad2d98e666ef73f5a8.enable-bg-rollover .rollover-video i {\n  background: ;\n  background: -webkit-linear-gradient();\n  background: linear-gradient();\n}\n.shortcode-single-image-wrap.shortcode-single-image-9da16442dd74caad2d98e666ef73f5a8 .rollover-icon {\n  font-size: 32px;\n  color: #ffffff;\n  min-width: 44px;\n  min-height: 44px;\n  line-height: 44px;\n  border-radius: 100px;\n  border-style: solid;\n  border-width: 0px;\n}\n.dt-icon-bg-on.shortcode-single-image-wrap.shortcode-single-image-9da16442dd74caad2d98e666ef73f5a8 .rollover-icon {\n  background: rgba(255,255,255,0.3);\n  box-shadow: none;\n}\n<\/style><div class=\"shortcode-single-image-wrap shortcode-single-image-9da16442dd74caad2d98e666ef73f5a8 alignnone  enable-bg-rollover dt-icon-bg-off\" style=\"margin-top:0px; margin-bottom:0px; margin-left:0px; margin-right:0px; width:1000px;\"><div class=\"shortcode-single-image\"><div class=\"fancy-media-wrap  layzr-bg\" style=\"\"><img loading=\"lazy\" decoding=\"async\" class=\"preload-me lazy-load\" src=\"data:image\/svg+xml,%3Csvg%20xmlns%3D&#39;http%3A%2F%2Fwww.w3.org%2F2000%2Fsvg&#39;%20viewBox%3D&#39;0%200%201000%20793&#39;%2F%3E\" data-src=\"https:\/\/www.turkishtranslationoffice.com\/tr\/wp-content\/uploads\/sites\/1\/2020\/08\/ocr-hizmeti-nedir-1000x793.jpg\" data-srcset=\"https:\/\/www.turkishtranslationoffice.com\/tr\/wp-content\/uploads\/sites\/1\/2020\/08\/ocr-hizmeti-nedir-1000x793.jpg 1000w, https:\/\/www.turkishtranslationoffice.com\/tr\/wp-content\/uploads\/sites\/1\/2020\/08\/ocr-hizmeti-nedir.jpg 1199w\" width=\"1000\" height=\"793\"  data-dt-location=\"https:\/\/www.turkishtranslationoffice.com\/tr\/ocr\/ocr-hizmeti-nedir\/\" style=\"\" alt=\"uzun metinlerin terc\u00fcmesi\" \/><\/div><\/div><\/div>[\/vc_column_inner][vc_column_inner width=&#8221;1\/2&#8243; css=&#8221;.vc_custom_1596550089277{padding-top: 20px !important;}&#8221;]<div id=\"ultimate-heading-342369ed7cc798c20\" class=\"uvc-heading ult-adjust-bottom-margin ultimate-heading-342369ed7cc798c20 uvc-500 \" data-hspacer=\"no_spacer\"  data-halign=\"left\" style=\"text-align:left\"><div class=\"uvc-heading-spacer no_spacer\" style=\"top\"><\/div><div class=\"uvc-main-heading ult-responsive\"  data-ultimate-target='.uvc-heading.ultimate-heading-342369ed7cc798c20 h2'  data-responsive-json-new='{\"font-size\":\"desktop:24px;\",\"line-height\":\"desktop:34px;\"}' ><h2 style=\"font-weight:bold;margin-bottom:25px;\">OCR hizmeti nedir?<\/h2><\/div><\/div>[vc_column_text]<span style=\"font-weight: 400;\">OCR hizmeti olarak adland\u0131rd\u0131\u011f\u0131m\u0131z optik karakter tan\u0131ma hizmeti, masa\u00fcst\u00fc yay\u0131nc\u0131l\u0131k departman\u0131m\u0131z ile sundu\u011fumuz profesyonel DTP hizmetlerinden yaln\u0131zca bir tanesi. \u00c7eviri hizmetlerimizi sunarken m\u00fc\u015fterilerimize en pratik ve h\u0131zl\u0131 \u015fekilde yard\u0131mc\u0131 olmay\u0131 hedefliyoruz. Bu ama\u00e7la yapt\u0131\u011f\u0131m\u0131z teknolojik yat\u0131r\u0131mlar\u0131n sonucu olarak da sizlere en kaliteli ve g\u00fcvenilir \u00e7eviri hizmetlerini sunuyoruz.<\/span><\/p>\n<p><span style=\"font-weight: 400;\">Bas\u0131l\u0131 dok\u00fcmanlar\u0131n yaz\u0131ya d\u00f6k\u00fclmesi olduk\u00e7a zahmetli, uzun s\u00fcren ve hataya m\u00fcsait bir i\u015flemdir. E\u011fitim i\u00e7eri\u011fi, kitap, teknik dokuman, altyaz\u0131 gibi uzun metinlerin terc\u00fcmesine ihtiya\u00e7 duyuldu\u011funda bu metinlerin manuel olarak dijital formata aktar\u0131lmas\u0131n\u0131n ne kadar uzun s\u00fcrece\u011fini tahmin etmek m\u00fcmk\u00fcn bile olamaz. \u00c7eviriye yine bas\u0131l\u0131 ya da dijitalde farkl\u0131 bir formatta ihtiya\u00e7 duyuyor olabilirsiniz. Terc\u00fcme d\u0131\u015f\u0131nda yaln\u0131zca belgelerinizin dijital platformda yaz\u0131l\u0131 haline ihtiyac\u0131n\u0131z olabilir. OCR ve di\u011fer masa\u00fcst\u00fc yay\u0131nc\u0131l\u0131k hizmetlerimiz hakk\u0131nda detayl\u0131 bilgi almak i\u00e7in bize ula\u015fabilirsiniz.<\/span>[\/vc_column_text][\/vc_column_inner][\/vc_row_inner][\/vc_column][\/vc_row][vc_row content_placement=&#8221;middle&#8221; bg_type=&#8221;grad&#8221; bg_override=&#8221;ex-full&#8221; bg_grad=&#8221;background: url(data:image\/svg+xml;base64,PHN2ZyB4bWxucz0iaHR0cDovL3d3dy53My5vcmcvMjAwMC9zdmciPjxkZWZzPjxsaW5lYXJHcmFkaWVudCBpZD0iZ3JhZGllbnQiIHgxPSIwJSIgeTE9IjAlIiB4Mj0iMCUiIHkyPSIxMDAlIj48c3RvcCBvZmZzZXQ9IjAlIiBzdHlsZT0ic3RvcC1jb2xvcjojMzY1MDg4OyIgLz48c3RvcCBvZmZzZXQ9Ijk5JSIgc3R5bGU9InN0b3AtY29sb3I6I0VBNTI0RDsiIC8+PC9saW5lYXJHcmFkaWVudD48L2RlZnM+PHJlY3QgZmlsbD0idXJsKCNncmFkaWVudCkiIGhlaWdodD0iMTAwJSIgd2lkdGg9IjEwMCUiIC8+PC9zdmc+);background: -webkit-gradient(linear, left top, left bottom, color-stop(0%, #365088), color-stop(99%, #EA524D));background: -moz-linear-gradient(135deg,#365088 0%,#EA524D 99%);background: -webkit-linear-gradient(135deg,#365088 0%,#EA524D 99%);background: -o-linear-gradient(135deg,#365088 0%,#EA524D 99%);background: -ms-linear-gradient(135deg,#365088 0%,#EA524D 99%);background: linear-gradient(135deg,#365088 0%,#EA524D 99%);&#8221;][vc_column width=&#8221;5\/6&#8243;][vc_column_text]<strong style=\"color: #ffffff; font-size: 24px;\">Turkish Translation Office olarak h\u0131zl\u0131 ve hatas\u0131z bir \u00e7\u00f6z\u00fcm olan optik karakter tan\u0131ma \u00e7\u00f6z\u00fcmlerimizi olduk\u00e7a uygun fiyatlardan sunuyoruz! T\u0131klay\u0131n, \u00fccretsiz teklifinizi beklemeden al\u0131n.<\/strong>[\/vc_column_text][\/vc_column][vc_column width=&#8221;1\/6&#8243;][vc_btn title=&#8221;Teklif Al&#8221; color=&#8221;warning&#8221; size=&#8221;lg&#8221; align=&#8221;right&#8221; link=&#8221;url:%2Ftr%2Fteklif-alin%2F|||&#8221;][\/vc_column][\/vc_row]<\/p>\n","protected":false},"excerpt":{"rendered":"<p>[vc_row equal_height=&#8221;yes&#8221; content_placement=&#8221;top&#8221; bg_type=&#8221;image&#8221; parallax_style=&#8221;vcpb-default&#8221; bg_image_new=&#8221;id^3976|url^https:\/\/www.turkishtranslationoffice.com\/tr\/wp-content\/uploads\/2020\/08\/ocr.jpg|caption^null|alt^null|title^ocr|description^null&#8221; bg_image_repeat=&#8221;no-repeat&#8221; bg_override=&#8221;ex-full&#8221; type=&#8221;vc_default&#8221; margin_top=&#8221;5&#8243; margin_bottom=&#8221;10&#8243; css=&#8221;.vc_custom_1629978697011{padding-top: 2% !important;padding-bottom: 2% !important;}&#8221;][vc_column width=&#8221;1\/2&#8243;][vc_column_text] Bas\u0131l\u0131 dok\u00fcmanlar\u0131n\u0131z\u0131 dijital ortama aktar\u0131yoruz! \u00c7eviri hizmetlerimiz kapsam\u0131nda ya da ba\u011f\u0131ms\u0131z olarak OCR hizmetimizden yararlanabilirsiniz. \u00dccretsiz teklifinizi almak i\u00e7in t\u0131klay\u0131n! [\/vc_column_text][vc_row_inner equal_height=&#8221;yes&#8221; content_placement=&#8221;top&#8221;][vc_column_inner css=&#8221;.vc_custom_1644308270232{padding-bottom: 32px !important;}&#8221;][\/vc_column_inner][\/vc_row_inner][\/vc_column][vc_column width=&#8221;1\/2&#8243;][\/vc_column][\/vc_row][vc_row bg_type=&#8221;image&#8221; bg_override=&#8221;full&#8221; css=&#8221;.vc_custom_1596535087001{background-image: url(https:\/\/www.turkishtranslationoffice.com\/tr\/wp-content\/uploads\/2020\/08\/uyari.jpg?id=2304) !important;}&#8221;][vc_column][\/vc_column][\/vc_row][vc_row equal_height=&#8221;yes&#8221; content_placement=&#8221;top&#8221; bg_type=&#8221;image&#8221; parallax_style=&#8221;vcpb-hz-jquery&#8221; bg_image_new=&#8221;id^1611|url^https:\/\/www.turkishtranslationoffice.com\/tr\/wp-content\/uploads\/2016\/02\/bg-mem.png|caption^null|alt^null|title^bg-mem|description^null&#8221; bg_override=&#8221;ex-full&#8221;&hellip;<\/p>\n","protected":false},"author":1,"featured_media":0,"parent":0,"menu_order":10,"comment_status":"closed","ping_status":"closed","template":"","meta":{"footnotes":""},"aioseo_notices":[],"_links":{"self":[{"href":"https:\/\/www.turkishtranslationoffice.com\/tr\/wp-json\/wp\/v2\/pages\/2750"}],"collection":[{"href":"https:\/\/www.turkishtranslationoffice.com\/tr\/wp-json\/wp\/v2\/pages"}],"about":[{"href":"https:\/\/www.turkishtranslationoffice.com\/tr\/wp-json\/wp\/v2\/types\/page"}],"author":[{"embeddable":true,"href":"https:\/\/www.turkishtranslationoffice.com\/tr\/wp-json\/wp\/v2\/users\/1"}],"replies":[{"embeddable":true,"href":"https:\/\/www.turkishtranslationoffice.com\/tr\/wp-json\/wp\/v2\/comments?post=2750"}],"version-history":[{"count":2,"href":"https:\/\/www.turkishtranslationoffice.com\/tr\/wp-json\/wp\/v2\/pages\/2750\/revisions"}],"predecessor-version":[{"id":5688,"href":"https:\/\/www.turkishtranslationoffice.com\/tr\/wp-json\/wp\/v2\/pages\/2750\/revisions\/5688"}],"wp:attachment":[{"href":"https:\/\/www.turkishtranslationoffice.com\/tr\/wp-json\/wp\/v2\/media?parent=2750"}],"curies":[{"name":"wp","href":"https:\/\/api.w.org\/{rel}","templated":true}]}}