{"id":2774,"date":"2020-08-13T11:28:56","date_gmt":"2020-08-13T08:28:56","guid":{"rendered":"https:\/\/www.turkishtranslationoffice.com\/tr\/altyazi-olusturma-copy\/"},"modified":"2022-02-08T11:20:41","modified_gmt":"2022-02-08T08:20:41","slug":"redaksiyon-ve-duzelti","status":"publish","type":"page","link":"https:\/\/www.turkishtranslationoffice.com\/tr\/redaksiyon-ve-duzelti\/","title":{"rendered":"Redaksiyon ve D\u00fczelti"},"content":{"rendered":"<p>[vc_row equal_height=&#8221;yes&#8221; content_placement=&#8221;top&#8221; bg_type=&#8221;image&#8221; parallax_style=&#8221;vcpb-default&#8221; bg_image_new=&#8221;id^3839|url^https:\/\/www.turkishtranslationoffice.com\/tr\/wp-content\/uploads\/2020\/08\/redaksiyon-ve-duzelti.jpg|caption^null|alt^null|title^redaksiyon-ve-duzelti|description^null&#8221; bg_override=&#8221;ex-full&#8221; type=&#8221;vc_default&#8221; margin_top=&#8221;5&#8243; margin_bottom=&#8221;10&#8243; css=&#8221;.vc_custom_1629982466197{padding-top: 2% !important;padding-bottom: 2% !important;}&#8221;][vc_column width=&#8221;1\/2&#8243;]<div id=\"ultimate-heading-949769e15828e4000\" class=\"uvc-heading ult-adjust-bottom-margin ultimate-heading-949769e15828e4000 uvc-9410 \" data-hspacer=\"no_spacer\"  data-halign=\"left\" style=\"text-align:left\"><div class=\"uvc-heading-spacer no_spacer\" style=\"top\"><\/div><div class=\"uvc-main-heading ult-responsive\"  data-ultimate-target='.uvc-heading.ultimate-heading-949769e15828e4000 h1'  data-responsive-json-new='{\"font-size\":\"desktop:28px;\",\"line-height\":\"desktop:34px;\"}' ><h1 style=\"font-weight:bold;margin-bottom:25px;\">Redaksiyon ve D\u00fczelti (Edit)<\/h1><\/div><\/div>[vc_column_text]<\/p>\n<p style=\"text-align: left;\"><span style=\"font-weight: 400; font-size: 18px;\">\u00c7evirinizi hangi kalitede teslim alaca\u011f\u0131n\u0131za siz karar verin\u2026 Turkish Translation Office\u2019te t\u00fcm dillerde ihtiyac\u0131n\u0131za g\u00f6re \u00f6zelle\u015ftirilmi\u015f \u00e7eviri \u00e7\u00f6z\u00fcmleri sunuyoruz.<\/span><\/p>\n<p><span style=\"font-weight: 400; font-size: 18px;\">T\u00fcm dillerde edit (redaksiyon) hizmetlerimizden yararlanmak i\u00e7in bize ula\u015fabilir hemen \u00fccretsiz teklif alabilirsiniz.<\/span>[\/vc_column_text][vc_row_inner equal_height=&#8221;yes&#8221; content_placement=&#8221;top&#8221;][vc_column_inner css=&#8221;.vc_custom_1644308435271{padding-bottom: 32px !important;}&#8221;]<style type=\"text\/css\" data-type=\"the7_shortcodes-inline-css\">#default-btn-c154a83c23f334f1bec4cc50fabb24f2.ico-right-side > i {\n  margin-right: 0px;\n  margin-left: 8px;\n}\n#default-btn-c154a83c23f334f1bec4cc50fabb24f2 > i {\n  margin-right: 8px;\n}\n#default-btn-c154a83c23f334f1bec4cc50fabb24f2 * {\n  vertical-align: middle;\n}\n<\/style><a href=\"\/tr\/teklif-alin\/\" class=\"default-btn-shortcode dt-btn dt-btn-l link-hover-off button-tto-grey btn-inline-left  vc_custom_1600269071887\" id=\"default-btn-c154a83c23f334f1bec4cc50fabb24f2\" style=\"width:225px;\"><span>\u00dccretsiz Teklif Al\u0131n<\/span><\/a><style type=\"text\/css\" data-type=\"the7_shortcodes-inline-css\">#default-btn-ddb104e80495567b7760c41850458bc5.ico-right-side > i {\n  margin-right: 0px;\n  margin-left: 8px;\n}\n#default-btn-ddb104e80495567b7760c41850458bc5 > i {\n  margin-right: 8px;\n}\n#default-btn-ddb104e80495567b7760c41850458bc5 * {\n  vertical-align: middle;\n}\n<\/style><a href=\"\/tr\/iletisim\/\" class=\"default-btn-shortcode dt-btn dt-btn-l link-hover-off button-tto-red btn-inline-left  vc_custom_1600269081868\" id=\"default-btn-ddb104e80495567b7760c41850458bc5\" style=\"width:225px;\"><span>Bize Ula\u015f\u0131n<\/span><\/a>[\/vc_column_inner][\/vc_row_inner][\/vc_column][vc_column width=&#8221;1\/2&#8243;][\/vc_column][\/vc_row][vc_row equal_height=&#8221;yes&#8221; content_placement=&#8221;top&#8221; bg_type=&#8221;image&#8221; parallax_style=&#8221;vcpb-hz-jquery&#8221; bg_image_new=&#8221;id^1611|url^https:\/\/www.turkishtranslationoffice.com\/tr\/wp-content\/uploads\/2016\/02\/bg-mem.png|caption^null|alt^null|title^bg-mem|description^null&#8221; bg_override=&#8221;ex-full&#8221; type=&#8221;vc_default&#8221; margin_top=&#8221;5&#8243; margin_bottom=&#8221;10&#8243; css=&#8221;.vc_custom_1598637309194{padding-top: 30px !important;padding-bottom: 50px !important;background-color: #f4f4f4 !important;}&#8221;][vc_column css=&#8221;.vc_custom_1491746299333{padding-bottom: 0px !important;}&#8221;][vc_row_inner equal_height=&#8221;yes&#8221; content_placement=&#8221;top&#8221;][vc_column_inner width=&#8221;1\/2&#8243;]<style type=\"text\/css\" data-type=\"the7_shortcodes-inline-css\">.shortcode-single-image-wrap.shortcode-single-image-583cc401d6da0143018ed88b9a89cca1.enable-bg-rollover .rollover i,\n.shortcode-single-image-wrap.shortcode-single-image-583cc401d6da0143018ed88b9a89cca1.enable-bg-rollover .rollover-video i {\n  background: ;\n  background: -webkit-linear-gradient();\n  background: linear-gradient();\n}\n.shortcode-single-image-wrap.shortcode-single-image-583cc401d6da0143018ed88b9a89cca1 .rollover-icon {\n  font-size: 32px;\n  color: #ffffff;\n  min-width: 44px;\n  min-height: 44px;\n  line-height: 44px;\n  border-radius: 100px;\n  border-style: solid;\n  border-width: 0px;\n}\n.dt-icon-bg-on.shortcode-single-image-wrap.shortcode-single-image-583cc401d6da0143018ed88b9a89cca1 .rollover-icon {\n  background: rgba(255,255,255,0.3);\n  box-shadow: none;\n}\n<\/style><div class=\"shortcode-single-image-wrap shortcode-single-image-583cc401d6da0143018ed88b9a89cca1 alignnone  enable-bg-rollover dt-icon-bg-off\" style=\"margin-top:0px; margin-bottom:0px; margin-left:0px; margin-right:0px; width:1000px;\"><div class=\"shortcode-single-image\"><div class=\"fancy-media-wrap  layzr-bg\" style=\"border-radius:10px;\"><img loading=\"lazy\" decoding=\"async\" class=\"preload-me lazy-load\" src=\"data:image\/svg+xml,%3Csvg%20xmlns%3D&#39;http%3A%2F%2Fwww.w3.org%2F2000%2Fsvg&#39;%20viewBox%3D&#39;0%200%201000%20700&#39;%2F%3E\" data-src=\"https:\/\/www.turkishtranslationoffice.com\/tr\/wp-content\/uploads\/sites\/1\/2020\/08\/editing-nedir-1000x700.jpg\" data-srcset=\"https:\/\/www.turkishtranslationoffice.com\/tr\/wp-content\/uploads\/sites\/1\/2020\/08\/editing-nedir-1000x700.jpg 1000w, https:\/\/www.turkishtranslationoffice.com\/tr\/wp-content\/uploads\/sites\/1\/2020\/08\/editing-nedir-1524x1067.jpg 1524w\" width=\"1000\" height=\"700\"  data-dt-location=\"https:\/\/www.turkishtranslationoffice.com\/tr\/redaksiyon-ve-duzelti\/editing-nedir\/\" style=\"border-radius:10px;\" alt=\"Editing\" \/><\/div><\/div><\/div>[\/vc_column_inner][vc_column_inner width=&#8221;1\/2&#8243; css=&#8221;.vc_custom_1596550089277{padding-top: 20px !important;}&#8221;]<div id=\"ultimate-heading-909669e15828e4f75\" class=\"uvc-heading ult-adjust-bottom-margin ultimate-heading-909669e15828e4f75 uvc-5116 \" data-hspacer=\"no_spacer\"  data-halign=\"left\" style=\"text-align:left\"><div class=\"uvc-heading-spacer no_spacer\" style=\"top\"><\/div><div class=\"uvc-main-heading ult-responsive\"  data-ultimate-target='.uvc-heading.ultimate-heading-909669e15828e4f75 h2'  data-responsive-json-new='{\"font-size\":\"desktop:24px;\",\"line-height\":\"desktop:34px;\"}' ><h2 style=\"font-weight:bold;margin-bottom:25px;\">Editing nedir?<\/h2><\/div><\/div>[vc_column_text]<span style=\"font-weight: 400;\">\u00c7eviri ya da herhangi bir metinde okuyucuya ula\u015fan metin genellikle d\u00fczelti s\u00fcrecinden ge\u00e7irilir, bunun sebebi insan taraf\u0131ndan \u00fcretilen her \u00fcr\u00fcnde oldu\u011fu gibi yaz\u0131nsal \u00fcr\u00fcnlerde de yaz\u0131m ve anlam hatalar\u0131, tutars\u0131zl\u0131klara s\u0131kl\u0131kla rastlanmas\u0131d\u0131r. Metin teknik ve uzmanl\u0131k gerektiren bir alanda yaz\u0131ld\u0131ysa burada d\u00fczeltinin i\u015flevsel bir rol\u00fc de bulunur. Bu sebeple okuyucuyla bulu\u015fan her t\u00fcrl\u00fc metin yazan ya da \u00e7eviren ki\u015fiden farkl\u0131 ve o alanda uzman bir dil edit\u00f6r \/ redakt\u00f6r taraf\u0131ndan g\u00f6zden ge\u00e7irilmelidir.<\/span><\/p>\n<p><span style=\"font-weight: 400;\">Turkish Translation Office\u2019te uzman edit\u00f6rlerimizle \u00e7eviriler d\u0131\u015f\u0131nda akademik tez, edebi metinler gibi farkl\u0131 yaz\u0131nsal alanlarda da profesyonel d\u00fczelti hizmetleri sunuyoruz.<\/span>[\/vc_column_text][\/vc_column_inner][\/vc_row_inner][\/vc_column][\/vc_row][vc_row equal_height=&#8221;yes&#8221; content_placement=&#8221;top&#8221; bg_type=&#8221;bg_color&#8221; bg_override=&#8221;full&#8221; type=&#8221;vc_default&#8221; margin_top=&#8221;5&#8243; margin_bottom=&#8221;10&#8243; css=&#8221;.vc_custom_1598633434096{padding-top: 30px !important;padding-bottom: 50px !important;}&#8221; bg_color_value=&#8221;#ffffff&#8221;][vc_column][vc_row_inner equal_height=&#8221;yes&#8221; content_placement=&#8221;top&#8221;][vc_column_inner width=&#8221;1\/2&#8243; css=&#8221;.vc_custom_1596550716406{padding-top: 10px !important;}&#8221;]<div id=\"ultimate-heading-549069e15828e4fdf\" class=\"uvc-heading ult-adjust-bottom-margin ultimate-heading-549069e15828e4fdf uvc-6161 \" data-hspacer=\"no_spacer\"  data-halign=\"left\" style=\"text-align:left\"><div class=\"uvc-heading-spacer no_spacer\" style=\"top\"><\/div><div class=\"uvc-main-heading ult-responsive\"  data-ultimate-target='.uvc-heading.ultimate-heading-549069e15828e4fdf h2'  data-responsive-json-new='{\"font-size\":\"desktop:24px;\",\"line-height\":\"desktop:34px;\"}' ><h2 style=\"font-weight:bold;margin-bottom:25px;\">Editing ile daha y\u00fcksek kalite<\/h2><\/div><\/div>[vc_column_text]<span style=\"font-weight: 400;\">Uzmanl\u0131k gerektiren sekt\u00f6rel alanlar dahil olmak \u00fczere t\u00fcm dillerde redaksiyon hizmetleri sunuyoruz. 2500\u2019\u00fcn \u00fczerinde dil uzman\u0131m\u0131z aras\u0131ndan projenize ve sekt\u00f6r\u00fcn\u00fcze hakim olan uzman\u0131 se\u00e7iyor ve en k\u0131sa s\u00fcrede projenizi teslim ediyoruz.<\/span><\/p>\n<p><span style=\"font-weight: 400;\">Medikal \u00e7eviri, hukuki terc\u00fcme ya da teknik gibi alanlarda \u00e7evirinin kusursuz olmas\u0131 hayati \u00f6nem ta\u015f\u0131r. Ancak baz\u0131 alanlarda m\u00fc\u015fterilerimiz i\u00e7in terc\u00fcme kalitesi \u00f6ncelikler aras\u0131nda ilk s\u0131ralarda gelmez. Bu gibi durumlarda \u00e7eviri maliyetlerini d\u00fc\u015f\u00fcrmek ve \u00e7eviriyi daha k\u0131sa s\u00fcrede teslim almak isteyen m\u00fc\u015fterilerimiz diledi\u011fi \u00e7eviri paketini se\u00e7me \u00f6zg\u00fcrl\u00fc\u011f\u00fcne sahip!<\/span><\/p>\n<p>Uygun fiyatl\u0131 terc\u00fcme paketlerimizden 2 a\u015famal\u0131 kalite kontrol ve 4 a\u015famal\u0131 kalite kontrol hizmetimizle terc\u00fcmenizin kalitesini %25 ile %40\u2019a varan oranda y\u00fckseltmek m\u00fcmk\u00fcn. Siz \u00e7evirinizi nas\u0131l teslim almak istersiniz?[\/vc_column_text][\/vc_column_inner][vc_column_inner width=&#8221;1\/2&#8243;]<style type=\"text\/css\" data-type=\"the7_shortcodes-inline-css\">.shortcode-single-image-wrap.shortcode-single-image-f48eac2a92b1246d0770894ae4b92963.enable-bg-rollover .rollover i,\n.shortcode-single-image-wrap.shortcode-single-image-f48eac2a92b1246d0770894ae4b92963.enable-bg-rollover .rollover-video i {\n  background: ;\n  background: -webkit-linear-gradient();\n  background: linear-gradient();\n}\n.shortcode-single-image-wrap.shortcode-single-image-f48eac2a92b1246d0770894ae4b92963 .rollover-icon {\n  font-size: 32px;\n  color: #ffffff;\n  min-width: 44px;\n  min-height: 44px;\n  line-height: 44px;\n  border-radius: 100px;\n  border-style: solid;\n  border-width: 0px;\n}\n.dt-icon-bg-on.shortcode-single-image-wrap.shortcode-single-image-f48eac2a92b1246d0770894ae4b92963 .rollover-icon {\n  background: rgba(255,255,255,0.3);\n  box-shadow: none;\n}\n<\/style><div class=\"shortcode-single-image-wrap shortcode-single-image-f48eac2a92b1246d0770894ae4b92963 alignnone  enable-bg-rollover dt-icon-bg-off\" style=\"margin-top:0px; margin-bottom:0px; margin-left:0px; margin-right:0px; width:1000px;\"><div class=\"shortcode-single-image\"><div class=\"fancy-media-wrap  layzr-bg\" style=\"border-radius:10px;\"><img loading=\"lazy\" decoding=\"async\" class=\"preload-me lazy-load\" src=\"data:image\/svg+xml,%3Csvg%20xmlns%3D&#39;http%3A%2F%2Fwww.w3.org%2F2000%2Fsvg&#39;%20viewBox%3D&#39;0%200%201000%20700&#39;%2F%3E\" data-src=\"https:\/\/www.turkishtranslationoffice.com\/tr\/wp-content\/uploads\/sites\/1\/2020\/08\/yuksek-kalitede-editing-1000x700.jpg\" data-srcset=\"https:\/\/www.turkishtranslationoffice.com\/tr\/wp-content\/uploads\/sites\/1\/2020\/08\/yuksek-kalitede-editing-1000x700.jpg 1000w, https:\/\/www.turkishtranslationoffice.com\/tr\/wp-content\/uploads\/sites\/1\/2020\/08\/yuksek-kalitede-editing-1524x1067.jpg 1524w\" width=\"1000\" height=\"700\"  data-dt-location=\"https:\/\/www.turkishtranslationoffice.com\/tr\/redaksiyon-ve-duzelti\/yuksek-kalitede-editing\/\" style=\"border-radius:10px;\" alt=\"t\u00fcm dillerde redaksiyon hizmetleri\" \/><\/div><\/div><\/div>[\/vc_column_inner][\/vc_row_inner][\/vc_column][\/vc_row][vc_row equal_height=&#8221;yes&#8221; content_placement=&#8221;top&#8221; bg_type=&#8221;image&#8221; parallax_style=&#8221;vcpb-default&#8221; bg_image_new=&#8221;id^2302|url^https:\/\/www.turkishtranslationoffice.com\/tr\/wp-content\/uploads\/2020\/08\/arka-plan-siyah-beyaz.png|caption^null|alt^null|title^arka-plan-siyah-beyaz|description^null&#8221; bg_override=&#8221;ex-full&#8221; type=&#8221;vc_default&#8221; margin_top=&#8221;5&#8243; margin_bottom=&#8221;10&#8243; css=&#8221;.vc_custom_1598637221124{padding-top: 30px !important;padding-bottom: 50px !important;}&#8221;][vc_column css=&#8221;.vc_custom_1491746299333{padding-bottom: 0px !important;}&#8221;][vc_row_inner equal_height=&#8221;yes&#8221; content_placement=&#8221;top&#8221;][vc_column_inner width=&#8221;1\/2&#8243;]<style type=\"text\/css\" data-type=\"the7_shortcodes-inline-css\">.shortcode-single-image-wrap.shortcode-single-image-58995fac86f795bf27a764983443a622.enable-bg-rollover .rollover i,\n.shortcode-single-image-wrap.shortcode-single-image-58995fac86f795bf27a764983443a622.enable-bg-rollover .rollover-video i {\n  background: ;\n  background: -webkit-linear-gradient();\n  background: linear-gradient();\n}\n.shortcode-single-image-wrap.shortcode-single-image-58995fac86f795bf27a764983443a622 .rollover-icon {\n  font-size: 32px;\n  color: #ffffff;\n  min-width: 44px;\n  min-height: 44px;\n  line-height: 44px;\n  border-radius: 100px;\n  border-style: solid;\n  border-width: 0px;\n}\n.dt-icon-bg-on.shortcode-single-image-wrap.shortcode-single-image-58995fac86f795bf27a764983443a622 .rollover-icon {\n  background: rgba(255,255,255,0.3);\n  box-shadow: none;\n}\n<\/style><div class=\"shortcode-single-image-wrap shortcode-single-image-58995fac86f795bf27a764983443a622 alignnone  enable-bg-rollover dt-icon-bg-off\" style=\"margin-top:0px; margin-bottom:0px; margin-left:0px; margin-right:0px; width:1000px;\"><div class=\"shortcode-single-image\"><div class=\"fancy-media-wrap  layzr-bg\" style=\"border-radius:10px;\"><img loading=\"lazy\" decoding=\"async\" class=\"preload-me lazy-load\" src=\"data:image\/svg+xml,%3Csvg%20xmlns%3D&#39;http%3A%2F%2Fwww.w3.org%2F2000%2Fsvg&#39;%20viewBox%3D&#39;0%200%201000%20700&#39;%2F%3E\" data-src=\"https:\/\/www.turkishtranslationoffice.com\/tr\/wp-content\/uploads\/sites\/1\/2020\/08\/ceviri-metinlerinizin-kalitesi-neden-onemli-1000x700.jpg\" data-srcset=\"https:\/\/www.turkishtranslationoffice.com\/tr\/wp-content\/uploads\/sites\/1\/2020\/08\/ceviri-metinlerinizin-kalitesi-neden-onemli-1000x700.jpg 1000w, https:\/\/www.turkishtranslationoffice.com\/tr\/wp-content\/uploads\/sites\/1\/2020\/08\/ceviri-metinlerinizin-kalitesi-neden-onemli-1600x1120.jpg 1600w\" width=\"1000\" height=\"700\"  data-dt-location=\"https:\/\/www.turkishtranslationoffice.com\/tr\/redaksiyon-ve-duzelti\/ceviri-metinlerinizin-kalitesi-neden-onemli\/\" style=\"border-radius:10px;\" alt=\"Kolay okunabilir metinler\" \/><\/div><\/div><\/div>[\/vc_column_inner][vc_column_inner width=&#8221;1\/2&#8243; css=&#8221;.vc_custom_1596550089277{padding-top: 20px !important;}&#8221;]<div id=\"ultimate-heading-17569e15828e58c9\" class=\"uvc-heading ult-adjust-bottom-margin ultimate-heading-17569e15828e58c9 uvc-4324 \" data-hspacer=\"no_spacer\"  data-halign=\"left\" style=\"text-align:left\"><div class=\"uvc-heading-spacer no_spacer\" style=\"top\"><\/div><div class=\"uvc-main-heading ult-responsive\"  data-ultimate-target='.uvc-heading.ultimate-heading-17569e15828e58c9 h2'  data-responsive-json-new='{\"font-size\":\"desktop:24px;\",\"line-height\":\"desktop:34px;\"}' ><h2 style=\"font-weight:bold;margin-bottom:25px;\">\u00c7eviri ve metinlerinizin kalitesi neden \u00f6nemli?<\/h2><\/div><\/div><div class=\"standard-arrow bullet-top\"><ul>\n<li><span style=\"font-weight: 400;\">Kolay okunabilir metinlerle hedef kitlenize mesaj\u0131n\u0131z\u0131 daha kolay aktarabilirsiniz.<\/span><\/li>\n<li><span style=\"font-weight: 400;\">Yaz\u0131nsal hatalarla dolu bir metni okumak ve anlamak daha zordur.<\/span><\/li>\n<li><span style=\"font-weight: 400;\">Firman\u0131z\u0131n, markan\u0131z\u0131n ya da okuyucular\u0131n\u0131zda olu\u015fturdu\u011funuz imaj\u0131 korursunuz.<\/span><\/li>\n<li><span style=\"font-weight: 400;\">Etkili ve net bir ileti\u015fim i\u00e7in do\u011fru bir dil kullanarak prestijinizi artt\u0131r\u0131rs\u0131n\u0131z.<\/span><\/li>\n<\/ul>\n<\/div>[\/vc_column_inner][\/vc_row_inner][\/vc_column][\/vc_row][vc_row content_placement=&#8221;middle&#8221; bg_type=&#8221;grad&#8221; bg_override=&#8221;ex-full&#8221; bg_grad=&#8221;background: -webkit-gradient(linear, left top, left bottom, color-stop(0%, #365088), color-stop(100%, #EA524D));background: -moz-linear-gradient(135deg,#365088 0%,#EA524D 100%);background: -webkit-linear-gradient(135deg,#365088 0%,#EA524D 100%);background: -o-linear-gradient(135deg,#365088 0%,#EA524D 100%);background: -ms-linear-gradient(135deg,#365088 0%,#EA524D 100%);background: linear-gradient(135deg,#365088 0%,#EA524D 100%);&#8221;][vc_column width=&#8221;2\/3&#8243;][vc_column_text]<strong style=\"color: #ffffff; font-size: 24px;\">T\u00fcm dillerde edit hizmeti almak i\u00e7in bize ula\u015f\u0131n, hedef kitlenize daha kaliteli metinler sunun!<\/strong>[\/vc_column_text][\/vc_column][vc_column width=&#8221;1\/3&#8243;][vc_btn title=&#8221;Teklif Al&#8221; color=&#8221;warning&#8221; size=&#8221;lg&#8221; align=&#8221;right&#8221; link=&#8221;url:%2Ftr%2Fteklif-alin%2F|||&#8221;][\/vc_column][\/vc_row]<\/p>\n","protected":false},"excerpt":{"rendered":"<p>[vc_row equal_height=&#8221;yes&#8221; content_placement=&#8221;top&#8221; bg_type=&#8221;image&#8221; parallax_style=&#8221;vcpb-default&#8221; bg_image_new=&#8221;id^3839|url^https:\/\/www.turkishtranslationoffice.com\/tr\/wp-content\/uploads\/2020\/08\/redaksiyon-ve-duzelti.jpg|caption^null|alt^null|title^redaksiyon-ve-duzelti|description^null&#8221; bg_override=&#8221;ex-full&#8221; type=&#8221;vc_default&#8221; margin_top=&#8221;5&#8243; margin_bottom=&#8221;10&#8243; css=&#8221;.vc_custom_1629982466197{padding-top: 2% !important;padding-bottom: 2% !important;}&#8221;][vc_column width=&#8221;1\/2&#8243;][vc_column_text] \u00c7evirinizi hangi kalitede teslim alaca\u011f\u0131n\u0131za siz karar verin\u2026 Turkish Translation Office\u2019te t\u00fcm dillerde ihtiyac\u0131n\u0131za g\u00f6re \u00f6zelle\u015ftirilmi\u015f \u00e7eviri \u00e7\u00f6z\u00fcmleri sunuyoruz. T\u00fcm dillerde edit (redaksiyon) hizmetlerimizden yararlanmak i\u00e7in bize ula\u015fabilir hemen \u00fccretsiz teklif alabilirsiniz.[\/vc_column_text][vc_row_inner equal_height=&#8221;yes&#8221; content_placement=&#8221;top&#8221;][vc_column_inner css=&#8221;.vc_custom_1644308435271{padding-bottom: 32px !important;}&#8221;][\/vc_column_inner][\/vc_row_inner][\/vc_column][vc_column width=&#8221;1\/2&#8243;][\/vc_column][\/vc_row][vc_row equal_height=&#8221;yes&#8221;&hellip;<\/p>\n","protected":false},"author":1,"featured_media":0,"parent":0,"menu_order":10,"comment_status":"closed","ping_status":"closed","template":"","meta":{"footnotes":""},"aioseo_notices":[],"_links":{"self":[{"href":"https:\/\/www.turkishtranslationoffice.com\/tr\/wp-json\/wp\/v2\/pages\/2774"}],"collection":[{"href":"https:\/\/www.turkishtranslationoffice.com\/tr\/wp-json\/wp\/v2\/pages"}],"about":[{"href":"https:\/\/www.turkishtranslationoffice.com\/tr\/wp-json\/wp\/v2\/types\/page"}],"author":[{"embeddable":true,"href":"https:\/\/www.turkishtranslationoffice.com\/tr\/wp-json\/wp\/v2\/users\/1"}],"replies":[{"embeddable":true,"href":"https:\/\/www.turkishtranslationoffice.com\/tr\/wp-json\/wp\/v2\/comments?post=2774"}],"version-history":[{"count":2,"href":"https:\/\/www.turkishtranslationoffice.com\/tr\/wp-json\/wp\/v2\/pages\/2774\/revisions"}],"predecessor-version":[{"id":5697,"href":"https:\/\/www.turkishtranslationoffice.com\/tr\/wp-json\/wp\/v2\/pages\/2774\/revisions\/5697"}],"wp:attachment":[{"href":"https:\/\/www.turkishtranslationoffice.com\/tr\/wp-json\/wp\/v2\/media?parent=2774"}],"curies":[{"name":"wp","href":"https:\/\/api.w.org\/{rel}","templated":true}]}}