{"id":2780,"date":"2020-08-13T11:36:46","date_gmt":"2020-08-13T08:36:46","guid":{"rendered":"https:\/\/www.turkishtranslationoffice.com\/tr\/baski-hizmetleri-copy\/"},"modified":"2022-02-08T11:19:58","modified_gmt":"2022-02-08T08:19:58","slug":"post-edit","status":"publish","type":"page","link":"https:\/\/www.turkishtranslationoffice.com\/tr\/post-edit\/","title":{"rendered":"Post-edit"},"content":{"rendered":"<p>[vc_row equal_height=&#8221;yes&#8221; content_placement=&#8221;top&#8221; bg_type=&#8221;image&#8221; parallax_style=&#8221;vcpb-default&#8221; bg_image_new=&#8221;id^3852|url^https:\/\/www.turkishtranslationoffice.com\/tr\/wp-content\/uploads\/2020\/08\/post-edit.jpg|caption^null|alt^null|title^post-edit|description^null&#8221; bg_override=&#8221;ex-full&#8221; type=&#8221;vc_default&#8221; margin_top=&#8221;5&#8243; margin_bottom=&#8221;10&#8243; css=&#8221;.vc_custom_1629982521682{padding-top: 2% !important;padding-bottom: 2% !important;}&#8221;][vc_column width=&#8221;1\/2&#8243;]<div id=\"ultimate-heading-918569f3b710b8b02\" class=\"uvc-heading ult-adjust-bottom-margin ultimate-heading-918569f3b710b8b02 uvc-2733 \" data-hspacer=\"no_spacer\"  data-halign=\"left\" style=\"text-align:left\"><div class=\"uvc-heading-spacer no_spacer\" style=\"top\"><\/div><div class=\"uvc-main-heading ult-responsive\"  data-ultimate-target='.uvc-heading.ultimate-heading-918569f3b710b8b02 h1'  data-responsive-json-new='{\"font-size\":\"desktop:28px;\",\"line-height\":\"desktop:34px;\"}' ><h1 style=\"font-weight:bold;margin-bottom:25px;\">Post-Edit (Makine \u00c7evirisinde D\u00fczelti)<\/h1><\/div><\/div>[vc_column_text]<span style=\"font-weight: 400; font-size: 18px;\">\u00c7evirinizi daha k\u0131sa s\u00fcrede, daha d\u00fc\u015f\u00fck maliyete yapt\u0131rmak ister misiniz? Yaz\u0131l\u0131 terc\u00fcme kalitesinde sonu\u00e7 almak i\u00e7in makine \u00e7evirisinde post-edit hizmetleri sunuyoruz! <\/span><\/p>\n<p><span style=\"font-weight: 400; font-size: 18px;\">%50\u2019ye varan maliyet avantaj\u0131yla makine \u00e7evirisi ve post-edit hizmetlerimiz hakk\u0131nda detayl\u0131 bilgi i\u00e7in bize ula\u015fabilirsiniz. \u00dccretsiz teklifinizi almak i\u00e7in t\u0131klay\u0131n.<\/span>[\/vc_column_text][vc_row_inner equal_height=&#8221;yes&#8221; content_placement=&#8221;top&#8221;][vc_column_inner css=&#8221;.vc_custom_1644308392027{padding-bottom: 32px !important;}&#8221;]<style type=\"text\/css\" data-type=\"the7_shortcodes-inline-css\">#default-btn-871d9322d9106a926edfe050c1f0edbc.ico-right-side > i {\n  margin-right: 0px;\n  margin-left: 8px;\n}\n#default-btn-871d9322d9106a926edfe050c1f0edbc > i {\n  margin-right: 8px;\n}\n#default-btn-871d9322d9106a926edfe050c1f0edbc * {\n  vertical-align: middle;\n}\n<\/style><a href=\"\/tr\/teklif-alin\/\" class=\"default-btn-shortcode dt-btn dt-btn-l link-hover-off button-tto-grey btn-inline-left  vc_custom_1600269146488\" id=\"default-btn-871d9322d9106a926edfe050c1f0edbc\" style=\"width:225px;\"><span>\u00dccretsiz Teklif Al\u0131n<\/span><\/a><style type=\"text\/css\" data-type=\"the7_shortcodes-inline-css\">#default-btn-36fb01884fecd66fae1e9416b7f89240.ico-right-side > i {\n  margin-right: 0px;\n  margin-left: 8px;\n}\n#default-btn-36fb01884fecd66fae1e9416b7f89240 > i {\n  margin-right: 8px;\n}\n#default-btn-36fb01884fecd66fae1e9416b7f89240 * {\n  vertical-align: middle;\n}\n<\/style><a href=\"\/tr\/iletisim\/\" class=\"default-btn-shortcode dt-btn dt-btn-l link-hover-off button-tto-red btn-inline-left  vc_custom_1600269154839\" id=\"default-btn-36fb01884fecd66fae1e9416b7f89240\" style=\"width:225px;\"><span>Bize Ula\u015f\u0131n<\/span><\/a>[\/vc_column_inner][\/vc_row_inner][\/vc_column][vc_column width=&#8221;1\/2&#8243;][\/vc_column][\/vc_row][vc_row equal_height=&#8221;yes&#8221; content_placement=&#8221;top&#8221; bg_type=&#8221;image&#8221; parallax_style=&#8221;vcpb-default&#8221; bg_image_new=&#8221;id^3861|url^https:\/\/www.turkishtranslationoffice.com\/tr\/wp-content\/uploads\/2020\/08\/post-edit-nedir-1.jpg|caption^null|alt^null|title^post-edit-nedir|description^null&#8221; bg_override=&#8221;ex-full&#8221; type=&#8221;vc_default&#8221; margin_top=&#8221;5&#8243; margin_bottom=&#8221;10&#8243; css=&#8221;.vc_custom_1598640670985{padding-top: 30px !important;padding-bottom: 50px !important;}&#8221;][vc_column css=&#8221;.vc_custom_1491746299333{padding-bottom: 0px !important;}&#8221;][vc_row_inner equal_height=&#8221;yes&#8221; content_placement=&#8221;top&#8221;][vc_column_inner width=&#8221;1\/4&#8243;]<style type=\"text\/css\" data-type=\"the7_shortcodes-inline-css\">.shortcode-single-image-wrap.shortcode-single-image-5399a2504149589fce2a70efecbf0653.enable-bg-rollover .rollover i,\n.shortcode-single-image-wrap.shortcode-single-image-5399a2504149589fce2a70efecbf0653.enable-bg-rollover .rollover-video i {\n  background: ;\n  background: -webkit-linear-gradient();\n  background: linear-gradient();\n}\n.shortcode-single-image-wrap.shortcode-single-image-5399a2504149589fce2a70efecbf0653 .rollover-icon {\n  font-size: 32px;\n  color: #ffffff;\n  min-width: 44px;\n  min-height: 44px;\n  line-height: 44px;\n  border-radius: 100px;\n  border-style: solid;\n  border-width: 0px;\n}\n.dt-icon-bg-on.shortcode-single-image-wrap.shortcode-single-image-5399a2504149589fce2a70efecbf0653 .rollover-icon {\n  background: rgba(255,255,255,0.3);\n  box-shadow: none;\n}\n<\/style>[\/vc_column_inner][vc_column_inner width=&#8221;3\/4&#8243; css=&#8221;.vc_custom_1596550089277{padding-top: 20px !important;}&#8221;]<div id=\"ultimate-heading-261269f3b710b9202\" class=\"uvc-heading ult-adjust-bottom-margin ultimate-heading-261269f3b710b9202 uvc-3166 \" data-hspacer=\"no_spacer\"  data-halign=\"left\" style=\"text-align:left\"><div class=\"uvc-heading-spacer no_spacer\" style=\"top\"><\/div><div class=\"uvc-main-heading ult-responsive\"  data-ultimate-target='.uvc-heading.ultimate-heading-261269f3b710b9202 h2'  data-responsive-json-new='{\"font-size\":\"desktop:24px;\",\"line-height\":\"desktop:34px;\"}' ><h2 style=\"font-weight:bold;margin-bottom:25px;\">Post-edit nedir?<\/h2><\/div><\/div>[vc_column_text]<span style=\"font-weight: 400;\">Geleneksel terc\u00fcmeye oranla daha h\u0131zl\u0131 ve ayn\u0131 kalitede sonu\u00e7 elde etmek i\u00e7in yaz\u0131l\u0131 \u00e7evirideki d\u00fczelti s\u00fcreci makine \u00e7evirisinde post-edit olarak adland\u0131r\u0131l\u0131r.<\/span><\/p>\n<p>Makine \u00e7evirisi bilgisayar programlar\u0131 arac\u0131l\u0131\u011f\u0131yla yap\u0131lan terc\u00fcme hizmetlerinin genel ad\u0131d\u0131r. Makine \u00e7evirisinin tarihi epey eski olsa da ortaya \u00e7\u0131kt\u0131\u011f\u0131 d\u00f6nemlerde kullan\u0131m\u0131 pratik de\u011fildi. Ancak geli\u015fen teknolojiyle birlikte yapay zeka entegrasyonu t\u00fcm sekt\u00f6rlerde oldu\u011fu gibi terc\u00fcme alan\u0131nda da verimlili\u011fi y\u00fckseltiyor. Turkish Translation Office olarak biz de d\u00fc\u015f\u00fck maliyetli ve kaliteli \u00e7eviri hizmeti almak isteyen m\u00fc\u015fterilerimize makine \u00e7evirisi \u00e7\u00f6z\u00fcmlerimizi sunuyoruz.<\/p>\n<p>Makine \u00e7evirisi teknik alanlarda insan taraf\u0131ndan yap\u0131lan terc\u00fcmeye oranla %50\u2019ye varan avantaj sa\u011fl\u0131yor. Makine \u00e7evirisi i\u00e7in \u00f6zel olarak haz\u0131rlad\u0131\u011f\u0131m\u0131z terim bankas\u0131 sayesinde \u00f6zellikle \u00e7ok dilli ve y\u00fcksek hacimli projelerde makine \u00e7evirisi yap\u0131ld\u0131k\u00e7a ham \u00e7evirinin kalitesi y\u00fckseliyor. Yani bir projenin devaml\u0131l\u0131\u011f\u0131 artt\u0131k\u00e7a post-edite ayr\u0131lan s\u00fcre ve maliyet azal\u0131yor. Bu durumda hem terc\u00fcme hem de d\u00fczelti maliyetleriniz d\u00fc\u015f\u00fcyor, ancak kalitede bir de\u011fi\u015fiklik olmuyor![\/vc_column_text][\/vc_column_inner][\/vc_row_inner][\/vc_column][\/vc_row][vc_row bg_type=&#8221;image&#8221; bg_override=&#8221;full&#8221; css=&#8221;.vc_custom_1596535087001{background-image: url(https:\/\/www.turkishtranslationoffice.com\/tr\/wp-content\/uploads\/2020\/08\/uyari.jpg?id=2304) !important;}&#8221;][vc_column]<div class=\"smile_icon_list_wrap ult_info_list_container ult-adjust-bottom-margin   vc_custom_1596535225225\"><ul class=\"smile_icon_list top circle with_bg\"><li class=\"icon_list_item\" style=\" font-size:96px;\"><div class=\"icon_list_icon\" data-animation=\"\" data-animation-delay=\"03\" style=\"font-size:32px;border-width:1px;border-style:none;background:#ffffff;color:#d44133;border-color:#333333;\"><i class=\"fas fa-coins\" ><\/i><\/div><div class=\"icon_description\" id=\"Info-list-wrap-3690\" style=\"font-size:32px;\"><h3 class=\"ult-responsive info-list-heading\"  data-ultimate-target='#Info-list-wrap-3690 h3'  data-responsive-json-new='{\"font-size\":\"desktop:16px;\",\"line-height\":\"desktop:24px;\"}'  style=\"font-weight:bold;color:#ffffff;\">%50 Daha H\u0131zl\u0131 &amp; Hesapl\u0131<\/h3><div class=\"icon_description_text ult-responsive\"  data-ultimate-target='#Info-list-wrap-3690 .icon_description_text'  data-responsive-json-new='{\"font-size\":\"desktop:13px;\",\"line-height\":\"desktop:18px;\"}'  style=\"color:#ffffff;\"><\/div><\/div><div class=\"icon_list_connector\" data-animation=\"fadeInLeft\" data-animation-delay=\"03\" style=\"border: none !important;\"><\/div><\/li><li class=\"icon_list_item\" style=\" font-size:96px;\"><div class=\"icon_list_icon\" data-animation=\"\" data-animation-delay=\"03\" style=\"font-size:32px;border-width:1px;border-style:none;background:#ffffff;color:#d44133;border-color:#333333;\"><i class=\"fas fa-thumbs-up\" ><\/i><\/div><div class=\"icon_description\" id=\"Info-list-wrap-4448\" style=\"font-size:32px;\"><h3 class=\"ult-responsive info-list-heading\"  data-ultimate-target='#Info-list-wrap-4448 h3'  data-responsive-json-new='{\"font-size\":\"desktop:16px;\",\"line-height\":\"desktop:24px;\"}'  style=\"font-weight:bold;color:#ffffff;\">%100 Kaliteli Sonu\u00e7lar<\/h3><div class=\"icon_description_text ult-responsive\"  data-ultimate-target='#Info-list-wrap-4448 .icon_description_text'  data-responsive-json-new='{\"font-size\":\"desktop:13px;\",\"line-height\":\"desktop:18px;\"}'  style=\"color:#ffffff;\"><\/div><\/div><div class=\"icon_list_connector\" data-animation=\"fadeInLeft\" data-animation-delay=\"03\" style=\"border: none !important;\"><\/div><\/li><li class=\"icon_list_item\" style=\" font-size:96px;\"><div class=\"icon_list_icon\" data-animation=\"\" data-animation-delay=\"03\" style=\"font-size:32px;border-width:1px;border-style:none;background:#ffffff;color:#d44133;border-color:#333333;\"><i class=\"fas fa-language\" ><\/i><\/div><div class=\"icon_description\" id=\"Info-list-wrap-7103\" style=\"font-size:32px;\"><h3 class=\"ult-responsive info-list-heading\"  data-ultimate-target='#Info-list-wrap-7103 h3'  data-responsive-json-new='{\"font-size\":\"desktop:16px;\",\"line-height\":\"desktop:24px;\"}'  style=\"font-weight:bold;color:#ffffff;\">T\u00fcm Dillerde Post-Edit<\/h3><div class=\"icon_description_text ult-responsive\"  data-ultimate-target='#Info-list-wrap-7103 .icon_description_text'  data-responsive-json-new='{\"font-size\":\"desktop:13px;\",\"line-height\":\"desktop:18px;\"}'  style=\"color:#ffffff;\"><\/div><\/div><div class=\"icon_list_connector\" data-animation=\"fadeInLeft\" data-animation-delay=\"03\" style=\"border: none !important;\"><\/div><\/li><li class=\"icon_list_item\" style=\" font-size:96px;\"><div class=\"icon_list_icon\" data-animation=\"\" data-animation-delay=\"03\" style=\"font-size:32px;border-width:1px;border-style:none;background:#ffffff;color:#d44133;border-color:#333333;\"><i class=\"fas fa-users-cog\" ><\/i><\/div><div class=\"icon_description\" id=\"Info-list-wrap-5780\" style=\"font-size:32px;\"><h3 class=\"ult-responsive info-list-heading\"  data-ultimate-target='#Info-list-wrap-5780 h3'  data-responsive-json-new='{\"font-size\":\"desktop:16px;\",\"line-height\":\"desktop:24px;\"}'  style=\"font-weight:bold;color:#ffffff;\">Teknik Alanlarda Uzmanl\u0131k<\/h3><div class=\"icon_description_text ult-responsive\"  data-ultimate-target='#Info-list-wrap-5780 .icon_description_text'  data-responsive-json-new='{\"font-size\":\"desktop:13px;\",\"line-height\":\"desktop:18px;\"}'  style=\"color:#ffffff;\"><\/div><\/div><div class=\"icon_list_connector\" data-animation=\"fadeInLeft\" data-animation-delay=\"03\" style=\"border: none !important;\"><\/div><\/li><\/ul><\/div>[\/vc_column][\/vc_row][vc_row equal_height=&#8221;yes&#8221; content_placement=&#8221;top&#8221; bg_type=&#8221;bg_color&#8221; bg_override=&#8221;full&#8221; type=&#8221;vc_default&#8221; margin_top=&#8221;5&#8243; margin_bottom=&#8221;10&#8243; css=&#8221;.vc_custom_1598639666138{padding-top: 30px !important;padding-bottom: 50px !important;}&#8221; bg_color_value=&#8221;#ffffff&#8221;][vc_column][vc_row_inner equal_height=&#8221;yes&#8221; content_placement=&#8221;top&#8221;][vc_column_inner width=&#8221;1\/2&#8243; css=&#8221;.vc_custom_1596550716406{padding-top: 10px !important;}&#8221;]<div id=\"ultimate-heading-35869f3b710b92f5\" class=\"uvc-heading ult-adjust-bottom-margin ultimate-heading-35869f3b710b92f5 uvc-7891 \" data-hspacer=\"no_spacer\"  data-halign=\"left\" style=\"text-align:left\"><div class=\"uvc-heading-spacer no_spacer\" style=\"top\"><\/div><div class=\"uvc-main-heading ult-responsive\"  data-ultimate-target='.uvc-heading.ultimate-heading-35869f3b710b92f5 h2'  data-responsive-json-new='{\"font-size\":\"desktop:24px;\",\"line-height\":\"desktop:34px;\"}' ><h2 style=\"font-weight:bold;margin-bottom:25px;\">Kaliteli &amp; hesapl\u0131 post-edit hizmetleri<\/h2><\/div><\/div>[vc_column_text]<strong>TTO olarak her sekt\u00f6re t\u00fcm dillerde daima kaliteli ve ekonomik \u00e7eviri ve edit \u00e7\u00f6z\u00fcmleri sunmak i\u00e7in \u00e7al\u0131\u015f\u0131yoruz. Post-edit hizmetlerimizden yararlanmak istiyorsan\u0131z;<\/strong>[\/vc_column_text]<div class=\"standard-arrow list-divider bullet-top\"><ul>\n<li><span style=\"font-weight: 400;\">T\u00fcm dillerde makine \u00e7evirisi \u00e7\u0131kt\u0131lar\u0131n\u0131z\u0131 bizimle payla\u015fabilirsiniz.<\/span><\/li>\n<li><span style=\"font-weight: 400;\">Makine \u00e7evirisi hizmetlerimizle birlikte size \u00f6zel fiyatlardan post-edit hizmeti alabilirsiniz. <\/span><\/li>\n<\/ul>\n<\/div>[\/vc_column_inner][vc_column_inner width=&#8221;1\/2&#8243;]<style type=\"text\/css\" data-type=\"the7_shortcodes-inline-css\">.shortcode-single-image-wrap.shortcode-single-image-d94159b7d7ded54015e304da94149713.enable-bg-rollover .rollover i,\n.shortcode-single-image-wrap.shortcode-single-image-d94159b7d7ded54015e304da94149713.enable-bg-rollover .rollover-video i {\n  background: ;\n  background: -webkit-linear-gradient();\n  background: linear-gradient();\n}\n.shortcode-single-image-wrap.shortcode-single-image-d94159b7d7ded54015e304da94149713 .rollover-icon {\n  font-size: 32px;\n  color: #ffffff;\n  min-width: 44px;\n  min-height: 44px;\n  line-height: 44px;\n  border-radius: 100px;\n  border-style: solid;\n  border-width: 0px;\n}\n.dt-icon-bg-on.shortcode-single-image-wrap.shortcode-single-image-d94159b7d7ded54015e304da94149713 .rollover-icon {\n  background: rgba(255,255,255,0.3);\n  box-shadow: none;\n}\n<\/style><div class=\"shortcode-single-image-wrap shortcode-single-image-d94159b7d7ded54015e304da94149713 alignnone  enable-bg-rollover dt-icon-bg-off\" style=\"margin-top:0px; margin-bottom:0px; margin-left:0px; margin-right:0px; width:1000px;\"><div class=\"shortcode-single-image\"><div class=\"fancy-media-wrap  layzr-bg\" style=\"border-radius:10px;\"><img loading=\"lazy\" decoding=\"async\" class=\"preload-me lazy-load\" src=\"data:image\/svg+xml,%3Csvg%20xmlns%3D&#39;http%3A%2F%2Fwww.w3.org%2F2000%2Fsvg&#39;%20viewBox%3D&#39;0%200%201000%20700&#39;%2F%3E\" data-src=\"https:\/\/www.turkishtranslationoffice.com\/tr\/wp-content\/uploads\/sites\/1\/2020\/08\/kaliteli-hesapli-post-edit-hizmetleri-1000x700.jpg\" data-srcset=\"https:\/\/www.turkishtranslationoffice.com\/tr\/wp-content\/uploads\/sites\/1\/2020\/08\/kaliteli-hesapli-post-edit-hizmetleri-1000x700.jpg 1000w, https:\/\/www.turkishtranslationoffice.com\/tr\/wp-content\/uploads\/sites\/1\/2020\/08\/kaliteli-hesapli-post-edit-hizmetleri-1522x1066.jpg 1522w\" width=\"1000\" height=\"700\"  data-dt-location=\"https:\/\/www.turkishtranslationoffice.com\/tr\/post-edit\/kaliteli-hesapli-post-edit-hizmetleri\/\" style=\"border-radius:10px;\" alt=\"ekonomik \u00e7eviri ve edit \u00e7\u00f6z\u00fcmleri\" \/><\/div><\/div><\/div>[\/vc_column_inner][\/vc_row_inner][\/vc_column][\/vc_row][vc_row content_placement=&#8221;middle&#8221; bg_type=&#8221;grad&#8221; bg_override=&#8221;ex-full&#8221; bg_grad=&#8221;background: -webkit-gradient(linear, left top, left bottom, color-stop(0%, #365088), color-stop(100%, #EA524D));background: -moz-linear-gradient(135deg,#365088 0%,#EA524D 100%);background: -webkit-linear-gradient(135deg,#365088 0%,#EA524D 100%);background: -o-linear-gradient(135deg,#365088 0%,#EA524D 100%);background: -ms-linear-gradient(135deg,#365088 0%,#EA524D 100%);background: linear-gradient(135deg,#365088 0%,#EA524D 100%);&#8221;][vc_column width=&#8221;5\/6&#8243;][vc_column_text]<strong style=\"color: #ffffff; font-size: 24px;\">Makine \u00e7evirisi ve post-edit ile ayn\u0131 kalitede \u00e7eviri daha k\u0131sa s\u00fcrede daha uygun fiyata elinizde! %50\u2019ye varan avantajlar i\u00e7in \u015fimdi \u00fccretsiz teklif isteyin.<\/strong>[\/vc_column_text][\/vc_column][vc_column width=&#8221;1\/6&#8243;][vc_btn title=&#8221;Teklif Al&#8221; color=&#8221;warning&#8221; size=&#8221;lg&#8221; align=&#8221;right&#8221; link=&#8221;url:%2Ftr%2Fteklif-alin%2F|||&#8221;][\/vc_column][\/vc_row]<\/p>\n","protected":false},"excerpt":{"rendered":"<p>[vc_row equal_height=&#8221;yes&#8221; content_placement=&#8221;top&#8221; bg_type=&#8221;image&#8221; parallax_style=&#8221;vcpb-default&#8221; bg_image_new=&#8221;id^3852|url^https:\/\/www.turkishtranslationoffice.com\/tr\/wp-content\/uploads\/2020\/08\/post-edit.jpg|caption^null|alt^null|title^post-edit|description^null&#8221; bg_override=&#8221;ex-full&#8221; type=&#8221;vc_default&#8221; margin_top=&#8221;5&#8243; margin_bottom=&#8221;10&#8243; css=&#8221;.vc_custom_1629982521682{padding-top: 2% !important;padding-bottom: 2% !important;}&#8221;][vc_column width=&#8221;1\/2&#8243;][vc_column_text]\u00c7evirinizi daha k\u0131sa s\u00fcrede, daha d\u00fc\u015f\u00fck maliyete yapt\u0131rmak ister misiniz? Yaz\u0131l\u0131 terc\u00fcme kalitesinde sonu\u00e7 almak i\u00e7in makine \u00e7evirisinde post-edit hizmetleri sunuyoruz! %50\u2019ye varan maliyet avantaj\u0131yla makine \u00e7evirisi ve post-edit hizmetlerimiz hakk\u0131nda detayl\u0131 bilgi i\u00e7in bize ula\u015fabilirsiniz. \u00dccretsiz teklifinizi almak i\u00e7in&hellip;<\/p>\n","protected":false},"author":1,"featured_media":0,"parent":0,"menu_order":10,"comment_status":"closed","ping_status":"closed","template":"","meta":{"footnotes":""},"aioseo_notices":[],"_links":{"self":[{"href":"https:\/\/www.turkishtranslationoffice.com\/tr\/wp-json\/wp\/v2\/pages\/2780"}],"collection":[{"href":"https:\/\/www.turkishtranslationoffice.com\/tr\/wp-json\/wp\/v2\/pages"}],"about":[{"href":"https:\/\/www.turkishtranslationoffice.com\/tr\/wp-json\/wp\/v2\/types\/page"}],"author":[{"embeddable":true,"href":"https:\/\/www.turkishtranslationoffice.com\/tr\/wp-json\/wp\/v2\/users\/1"}],"replies":[{"embeddable":true,"href":"https:\/\/www.turkishtranslationoffice.com\/tr\/wp-json\/wp\/v2\/comments?post=2780"}],"version-history":[{"count":2,"href":"https:\/\/www.turkishtranslationoffice.com\/tr\/wp-json\/wp\/v2\/pages\/2780\/revisions"}],"predecessor-version":[{"id":5694,"href":"https:\/\/www.turkishtranslationoffice.com\/tr\/wp-json\/wp\/v2\/pages\/2780\/revisions\/5694"}],"wp:attachment":[{"href":"https:\/\/www.turkishtranslationoffice.com\/tr\/wp-json\/wp\/v2\/media?parent=2780"}],"curies":[{"name":"wp","href":"https:\/\/api.w.org\/{rel}","templated":true}]}}