{"id":2786,"date":"2020-08-13T11:48:58","date_gmt":"2020-08-13T08:48:58","guid":{"rendered":"https:\/\/www.turkishtranslationoffice.com\/tr\/post-edit-copy\/"},"modified":"2022-02-08T11:20:24","modified_gmt":"2022-02-08T08:20:24","slug":"proofreading","status":"publish","type":"page","link":"https:\/\/www.turkishtranslationoffice.com\/tr\/proofreading\/","title":{"rendered":"Proofreading"},"content":{"rendered":"<p>[vc_row equal_height=&#8221;yes&#8221; content_placement=&#8221;top&#8221; bg_type=&#8221;image&#8221; parallax_style=&#8221;vcpb-default&#8221; bg_image_new=&#8221;id^3884|url^https:\/\/www.turkishtranslationoffice.com\/tr\/wp-content\/uploads\/2020\/08\/proofreading.jpg|caption^null|alt^null|title^proofreading|description^null&#8221; bg_override=&#8221;ex-full&#8221; type=&#8221;vc_default&#8221; margin_top=&#8221;5&#8243; margin_bottom=&#8221;10&#8243; css=&#8221;.vc_custom_1629982560861{padding-top: 2% !important;padding-bottom: 2% !important;}&#8221;][vc_column width=&#8221;1\/2&#8243;]<div id=\"ultimate-heading-269069f40c80b1075\" class=\"uvc-heading ult-adjust-bottom-margin ultimate-heading-269069f40c80b1075 uvc-2464 \" data-hspacer=\"no_spacer\"  data-halign=\"left\" style=\"text-align:left\"><div class=\"uvc-heading-spacer no_spacer\" style=\"top\"><\/div><div class=\"uvc-main-heading ult-responsive\"  data-ultimate-target='.uvc-heading.ultimate-heading-269069f40c80b1075 h1'  data-responsive-json-new='{\"font-size\":\"desktop:28px;\",\"line-height\":\"desktop:34px;\"}' ><h1 style=\"font-weight:bold;margin-bottom:25px;\">Proofreading Hizmeti<\/h1><\/div><\/div>[vc_column_text]<span style=\"font-weight: 400; font-size: 18px;\">\u00c7eviri kalitesi sizin i\u00e7in \u00f6nemliyse d\u00f6rt a\u015famal\u0131 kalite kontrol s\u00fcreci ile kusursuz sonu\u00e7lar alabilirsiniz! T\u00fcm dillerde terc\u00fcme ve her alanda yaz\u0131nsal metinleriniz i\u00e7in profesyonel proofreading hizmetlerimizi ke\u015ffedin.<\/span>[\/vc_column_text][vc_row_inner equal_height=&#8221;yes&#8221; content_placement=&#8221;top&#8221;][vc_column_inner css=&#8221;.vc_custom_1644308414043{padding-bottom: 32px !important;}&#8221;]<style type=\"text\/css\" data-type=\"the7_shortcodes-inline-css\">#default-btn-b7f5d98b7c64370e8bc37521b6d30c0f.ico-right-side > i {\n  margin-right: 0px;\n  margin-left: 8px;\n}\n#default-btn-b7f5d98b7c64370e8bc37521b6d30c0f > i {\n  margin-right: 8px;\n}\n#default-btn-b7f5d98b7c64370e8bc37521b6d30c0f * {\n  vertical-align: middle;\n}\n<\/style><a href=\"\/tr\/teklif-alin\/\" class=\"default-btn-shortcode dt-btn dt-btn-l link-hover-off button-tto-grey btn-inline-left  vc_custom_1600269210875\" id=\"default-btn-b7f5d98b7c64370e8bc37521b6d30c0f\" style=\"width:225px;\"><span>\u00dccretsiz Teklif Al\u0131n<\/span><\/a><style type=\"text\/css\" data-type=\"the7_shortcodes-inline-css\">#default-btn-f5694285c55a6a5660b2c2d36c597ba9.ico-right-side > i {\n  margin-right: 0px;\n  margin-left: 8px;\n}\n#default-btn-f5694285c55a6a5660b2c2d36c597ba9 > i {\n  margin-right: 8px;\n}\n#default-btn-f5694285c55a6a5660b2c2d36c597ba9 * {\n  vertical-align: middle;\n}\n<\/style><a href=\"\/tr\/iletisim\/\" class=\"default-btn-shortcode dt-btn dt-btn-l link-hover-off button-tto-red btn-inline-left  vc_custom_1600269220054\" id=\"default-btn-f5694285c55a6a5660b2c2d36c597ba9\" style=\"width:225px;\"><span>Bize Ula\u015f\u0131n<\/span><\/a>[\/vc_column_inner][\/vc_row_inner][\/vc_column][vc_column width=&#8221;1\/2&#8243;][\/vc_column][\/vc_row][vc_row equal_height=&#8221;yes&#8221; content_placement=&#8221;top&#8221; bg_type=&#8221;image&#8221; parallax_style=&#8221;vcpb-default&#8221; bg_image_new=&#8221;id^2302|url^https:\/\/www.turkishtranslationoffice.com\/tr\/wp-content\/uploads\/2020\/08\/arka-plan-siyah-beyaz.png|caption^null|alt^null|title^arka-plan-siyah-beyaz|description^null&#8221; bg_image_repeat=&#8221;no-repeat&#8221; bg_override=&#8221;ex-full&#8221; type=&#8221;vc_default&#8221; margin_top=&#8221;5&#8243; margin_bottom=&#8221;10&#8243; css=&#8221;.vc_custom_1598645140078{padding-top: 30px !important;padding-bottom: 50px !important;}&#8221;][vc_column css=&#8221;.vc_custom_1491746299333{padding-bottom: 0px !important;}&#8221;][vc_row_inner equal_height=&#8221;yes&#8221; content_placement=&#8221;top&#8221;][vc_column_inner width=&#8221;1\/2&#8243; css=&#8221;.vc_custom_1596550089277{padding-top: 20px !important;}&#8221;]<div id=\"ultimate-heading-44869f40c80b1382\" class=\"uvc-heading ult-adjust-bottom-margin ultimate-heading-44869f40c80b1382 uvc-5094 \" data-hspacer=\"no_spacer\"  data-halign=\"left\" style=\"text-align:left\"><div class=\"uvc-heading-spacer no_spacer\" style=\"top\"><\/div><div class=\"uvc-main-heading ult-responsive\"  data-ultimate-target='.uvc-heading.ultimate-heading-44869f40c80b1382 h2'  data-responsive-json-new='{\"font-size\":\"desktop:24px;\",\"line-height\":\"desktop:34px;\"}' ><h2 style=\"font-weight:bold;margin-bottom:25px;\">Proofreading nedir?<\/h2><\/div><\/div>[vc_column_text]<span style=\"font-weight: 400;\">\u0130nsan taraf\u0131ndan \u00fcretilen her t\u00fcrl\u00fc yaz\u0131nsal metin imla, dilbilgisi, ilgili alana dair terminoloji ve anlamsal hatalarla doludur. Bu durum yaln\u0131zca \u00e7eviri metinlerde de\u011fil kurgusal ya da kurgu d\u0131\u015f\u0131 metinlerde de ge\u00e7erlidir. Yazar \/ \u00e7evirmen taraf\u0131ndan tamamlanan s\u00fcre\u00e7 dil uzman\u0131 taraf\u0131ndan g\u00f6zden ge\u00e7irilir ve hatalar ile varsa tutars\u0131zl\u0131klar d\u00fczeltilir. Bu s\u00fcrecin metni \u00fcreten ki\u015fiden farkl\u0131 biri taraf\u0131ndan ger\u00e7ekle\u015ftirilmesi olduk\u00e7a \u00f6nemlidir. Bunun ba\u015fl\u0131ca sebeplerinden biri de yazar\u0131n ayn\u0131 konu \u00fczerinde uzun bir s\u00fcre \u00e7al\u0131\u015fmas\u0131 sebebiyle birtak\u0131m g\u00f6rsel ve anlamsal hatalara kar\u015f\u0131 ba\u011f\u0131\u015f\u0131kl\u0131k kazanmas\u0131 olarak a\u00e7\u0131klanabilir. Proofreading metni dilbilgisel ve yaz\u0131m ile genel olarak sunum a\u00e7\u0131s\u0131ndan g\u00f6zden ge\u00e7irerek metnin okunabilirli\u011fini ve kalitesini artt\u0131r\u0131r. <\/span>[\/vc_column_text][\/vc_column_inner][vc_column_inner width=&#8221;1\/2&#8243;]<style type=\"text\/css\" data-type=\"the7_shortcodes-inline-css\">.shortcode-single-image-wrap.shortcode-single-image-fbfda481db033f4ff936121fa538393d.enable-bg-rollover .rollover i,\n.shortcode-single-image-wrap.shortcode-single-image-fbfda481db033f4ff936121fa538393d.enable-bg-rollover .rollover-video i {\n  background: ;\n  background: -webkit-linear-gradient();\n  background: linear-gradient();\n}\n.shortcode-single-image-wrap.shortcode-single-image-fbfda481db033f4ff936121fa538393d .rollover-icon {\n  font-size: 32px;\n  color: #ffffff;\n  min-width: 44px;\n  min-height: 44px;\n  line-height: 44px;\n  border-radius: 100px;\n  border-style: solid;\n  border-width: 0px;\n}\n.dt-icon-bg-on.shortcode-single-image-wrap.shortcode-single-image-fbfda481db033f4ff936121fa538393d .rollover-icon {\n  background: rgba(255,255,255,0.3);\n  box-shadow: none;\n}\n<\/style><div class=\"shortcode-single-image-wrap shortcode-single-image-fbfda481db033f4ff936121fa538393d alignnone  enable-bg-rollover dt-icon-bg-off\" style=\"margin-top:0px; margin-bottom:0px; margin-left:0px; margin-right:0px; width:1000px;\"><div class=\"shortcode-single-image\"><div class=\"fancy-media-wrap  layzr-bg\" style=\"border-radius:10px;\"><img loading=\"lazy\" decoding=\"async\" class=\"preload-me lazy-load\" src=\"data:image\/svg+xml,%3Csvg%20xmlns%3D&#39;http%3A%2F%2Fwww.w3.org%2F2000%2Fsvg&#39;%20viewBox%3D&#39;0%200%201000%20700&#39;%2F%3E\" data-src=\"https:\/\/www.turkishtranslationoffice.com\/tr\/wp-content\/uploads\/sites\/1\/2020\/08\/proofreading-nedir-1000x700.jpg\" data-srcset=\"https:\/\/www.turkishtranslationoffice.com\/tr\/wp-content\/uploads\/sites\/1\/2020\/08\/proofreading-nedir-1000x700.jpg 1000w, https:\/\/www.turkishtranslationoffice.com\/tr\/wp-content\/uploads\/sites\/1\/2020\/08\/proofreading-nedir.jpg 1600w\" width=\"1000\" height=\"700\"  data-dt-location=\"https:\/\/www.turkishtranslationoffice.com\/tr\/proofreading\/proofreading-nedir\/\" style=\"border-radius:10px;\" alt=\"metnin okunabilirli\u011fi ve kalitesi\" \/><\/div><\/div><\/div>[\/vc_column_inner][\/vc_row_inner][\/vc_column][\/vc_row][vc_row bg_type=&#8221;image&#8221; bg_override=&#8221;full&#8221; css=&#8221;.vc_custom_1596535087001{background-image: url(https:\/\/www.turkishtranslationoffice.com\/tr\/wp-content\/uploads\/2020\/08\/uyari.jpg?id=2304) !important;}&#8221;][vc_column]<div class=\"smile_icon_list_wrap ult_info_list_container ult-adjust-bottom-margin   vc_custom_1596535225225\"><ul class=\"smile_icon_list top circle with_bg\"><li class=\"icon_list_item\" style=\" font-size:96px;\"><div class=\"icon_list_icon\" data-animation=\"\" data-animation-delay=\"03\" style=\"font-size:32px;border-width:1px;border-style:none;background:#ffffff;color:#d44133;border-color:#333333;\"><i class=\"fas fa-language\" ><\/i><\/div><div class=\"icon_description\" id=\"Info-list-wrap-6464\" style=\"font-size:32px;\"><h3 class=\"ult-responsive info-list-heading\"  data-ultimate-target='#Info-list-wrap-6464 h3'  data-responsive-json-new='{\"font-size\":\"desktop:16px;\",\"line-height\":\"desktop:24px;\"}'  style=\"font-weight:bold;color:#ffffff;\">T\u00fcm Diller<\/h3><div class=\"icon_description_text ult-responsive\"  data-ultimate-target='#Info-list-wrap-6464 .icon_description_text'  data-responsive-json-new='{\"font-size\":\"desktop:13px;\",\"line-height\":\"desktop:18px;\"}'  style=\"color:#ffffff;\"><\/div><\/div><div class=\"icon_list_connector\" data-animation=\"fadeInLeft\" data-animation-delay=\"03\" style=\"border: none !important;\"><\/div><\/li><li class=\"icon_list_item\" style=\" font-size:96px;\"><div class=\"icon_list_icon\" data-animation=\"\" data-animation-delay=\"03\" style=\"font-size:32px;border-width:1px;border-style:none;background:#ffffff;color:#d44133;border-color:#333333;\"><i class=\"fas fa-hands-helping\" ><\/i><\/div><div class=\"icon_description\" id=\"Info-list-wrap-5928\" style=\"font-size:32px;\"><h3 class=\"ult-responsive info-list-heading\"  data-ultimate-target='#Info-list-wrap-5928 h3'  data-responsive-json-new='{\"font-size\":\"desktop:16px;\",\"line-height\":\"desktop:24px;\"}'  style=\"font-weight:bold;color:#ffffff;\">G\u00fcvenilir<\/h3><div class=\"icon_description_text ult-responsive\"  data-ultimate-target='#Info-list-wrap-5928 .icon_description_text'  data-responsive-json-new='{\"font-size\":\"desktop:13px;\",\"line-height\":\"desktop:18px;\"}'  style=\"color:#ffffff;\"><\/div><\/div><div class=\"icon_list_connector\" data-animation=\"fadeInLeft\" data-animation-delay=\"03\" style=\"border: none !important;\"><\/div><\/li><li class=\"icon_list_item\" style=\" font-size:96px;\"><div class=\"icon_list_icon\" data-animation=\"\" data-animation-delay=\"03\" style=\"font-size:32px;border-width:1px;border-style:none;background:#ffffff;color:#d44133;border-color:#333333;\"><i class=\"fas fa-tachometer-alt\" ><\/i><\/div><div class=\"icon_description\" id=\"Info-list-wrap-1060\" style=\"font-size:32px;\"><h3 class=\"ult-responsive info-list-heading\"  data-ultimate-target='#Info-list-wrap-1060 h3'  data-responsive-json-new='{\"font-size\":\"desktop:16px;\",\"line-height\":\"desktop:24px;\"}'  style=\"font-weight:bold;color:#ffffff;\">H\u0131zl\u0131 &amp; Hatas\u0131z<\/h3><div class=\"icon_description_text ult-responsive\"  data-ultimate-target='#Info-list-wrap-1060 .icon_description_text'  data-responsive-json-new='{\"font-size\":\"desktop:13px;\",\"line-height\":\"desktop:18px;\"}'  style=\"color:#ffffff;\"><\/div><\/div><div class=\"icon_list_connector\" data-animation=\"fadeInLeft\" data-animation-delay=\"03\" style=\"border: none !important;\"><\/div><\/li><\/ul><\/div>[\/vc_column][\/vc_row][vc_row equal_height=&#8221;yes&#8221; content_placement=&#8221;top&#8221; bg_type=&#8221;bg_color&#8221; bg_override=&#8221;full&#8221; type=&#8221;vc_default&#8221; margin_top=&#8221;5&#8243; margin_bottom=&#8221;10&#8243; css=&#8221;.vc_custom_1598645221901{padding-top: 30px !important;padding-bottom: 50px !important;}&#8221; bg_color_value=&#8221;#ffffff&#8221;][vc_column][vc_row_inner equal_height=&#8221;yes&#8221; content_placement=&#8221;top&#8221;][vc_column_inner width=&#8221;1\/2&#8243;]<style type=\"text\/css\" data-type=\"the7_shortcodes-inline-css\">.shortcode-single-image-wrap.shortcode-single-image-6ed5c0955d5e9d5a755113ed533f179c.enable-bg-rollover .rollover i,\n.shortcode-single-image-wrap.shortcode-single-image-6ed5c0955d5e9d5a755113ed533f179c.enable-bg-rollover .rollover-video i {\n  background: ;\n  background: -webkit-linear-gradient();\n  background: linear-gradient();\n}\n.shortcode-single-image-wrap.shortcode-single-image-6ed5c0955d5e9d5a755113ed533f179c .rollover-icon {\n  font-size: 32px;\n  color: #ffffff;\n  min-width: 44px;\n  min-height: 44px;\n  line-height: 44px;\n  border-radius: 100px;\n  border-style: solid;\n  border-width: 0px;\n}\n.dt-icon-bg-on.shortcode-single-image-wrap.shortcode-single-image-6ed5c0955d5e9d5a755113ed533f179c .rollover-icon {\n  background: rgba(255,255,255,0.3);\n  box-shadow: none;\n}\n<\/style><div class=\"shortcode-single-image-wrap shortcode-single-image-6ed5c0955d5e9d5a755113ed533f179c alignnone  enable-bg-rollover dt-icon-bg-off\" style=\"margin-top:0px; margin-bottom:0px; margin-left:0px; margin-right:0px; width:1000px;\"><div class=\"shortcode-single-image\"><div class=\"fancy-media-wrap  layzr-bg\" style=\"border-radius:10px;\"><img loading=\"lazy\" decoding=\"async\" class=\"preload-me lazy-load\" src=\"data:image\/svg+xml,%3Csvg%20xmlns%3D&#39;http%3A%2F%2Fwww.w3.org%2F2000%2Fsvg&#39;%20viewBox%3D&#39;0%200%201000%20700&#39;%2F%3E\" data-src=\"https:\/\/www.turkishtranslationoffice.com\/tr\/wp-content\/uploads\/sites\/1\/2020\/08\/proof-edit-arasindaki-fark-1000x700.jpg\" data-srcset=\"https:\/\/www.turkishtranslationoffice.com\/tr\/wp-content\/uploads\/sites\/1\/2020\/08\/proof-edit-arasindaki-fark-1000x700.jpg 1000w, https:\/\/www.turkishtranslationoffice.com\/tr\/wp-content\/uploads\/sites\/1\/2020\/08\/proof-edit-arasindaki-fark-1524x1067.jpg 1524w\" width=\"1000\" height=\"700\"  data-dt-location=\"https:\/\/www.turkishtranslationoffice.com\/tr\/proofreading\/proof-edit-arasindaki-fark\/\" style=\"border-radius:10px;\" alt=\"proofreading hizmeti\" \/><\/div><\/div><\/div>[\/vc_column_inner][vc_column_inner width=&#8221;1\/2&#8243; css=&#8221;.vc_custom_1596550716406{padding-top: 10px !important;}&#8221;]<div id=\"ultimate-heading-394369f40c80b1c47\" class=\"uvc-heading ult-adjust-bottom-margin ultimate-heading-394369f40c80b1c47 uvc-1406 \" data-hspacer=\"no_spacer\"  data-halign=\"left\" style=\"text-align:left\"><div class=\"uvc-heading-spacer no_spacer\" style=\"top\"><\/div><div class=\"uvc-main-heading ult-responsive\"  data-ultimate-target='.uvc-heading.ultimate-heading-394369f40c80b1c47 h2'  data-responsive-json-new='{\"font-size\":\"desktop:24px;\",\"line-height\":\"desktop:34px;\"}' ><h2 style=\"font-weight:bold;margin-bottom:25px;\">Proof ve edit aras\u0131ndaki farklar<\/h2><\/div><\/div>[vc_column_text]<span style=\"font-weight: 400;\">Edit\u00f6r ve proofreader birbirine \u00e7ok benzeyen, s\u0131kl\u0131kla kar\u0131\u015ft\u0131r\u0131lan iki uzmanl\u0131kt\u0131r. Edit\u00f6rler metni tutars\u0131zl\u0131k, dilbilgisi a\u00e7\u0131s\u0131ndan kontrol eder ve gerekli d\u00fczenlemeleri yapar. Proofreading metnin bi\u00e7imsel olarak kontrol edilmesidir. TTO\u2019da sundu\u011fumuz proofreading hizmeti ana dili hedef dil olan ve spesifik olarak sizin alan\u0131n\u0131zda uzmanla\u015fm\u0131\u015f dil uzmanlar\u0131m\u0131zla sunuyoruz. Ana dile uygunluk bir yabanc\u0131 dilde yaz\u0131lm\u0131\u015f bir metnin etkili olabilmesi i\u00e7in olduk\u00e7a \u00f6nemlidir. B\u00f6ylece hangi alanda olursa olsun metinler \u00e7ok daha okunabilir, anlaml\u0131 ve do\u011fal oluyor! <\/span>[\/vc_column_text][\/vc_column_inner][\/vc_row_inner][\/vc_column][\/vc_row][vc_row equal_height=&#8221;yes&#8221; content_placement=&#8221;top&#8221; bg_type=&#8221;image&#8221; parallax_style=&#8221;vcpb-hz-jquery&#8221; bg_image_new=&#8221;id^1611|url^https:\/\/www.turkishtranslationoffice.com\/tr\/wp-content\/uploads\/2016\/02\/bg-mem.png|caption^null|alt^null|title^bg-mem|description^null&#8221; bg_override=&#8221;ex-full&#8221; type=&#8221;vc_default&#8221; margin_top=&#8221;5&#8243; margin_bottom=&#8221;10&#8243; css=&#8221;.vc_custom_1598645603848{padding-top: 30px !important;padding-bottom: 50px !important;background-color: #f4f4f4 !important;}&#8221;][vc_column css=&#8221;.vc_custom_1491746299333{padding-bottom: 0px !important;}&#8221;][vc_row_inner equal_height=&#8221;yes&#8221; content_placement=&#8221;top&#8221;][vc_column_inner width=&#8221;1\/2&#8243; css=&#8221;.vc_custom_1596550089277{padding-top: 20px !important;}&#8221;]<div id=\"ultimate-heading-869369f40c80b1c62\" class=\"uvc-heading ult-adjust-bottom-margin ultimate-heading-869369f40c80b1c62 uvc-1934 \" data-hspacer=\"no_spacer\"  data-halign=\"left\" style=\"text-align:left\"><div class=\"uvc-heading-spacer no_spacer\" style=\"top\"><\/div><div class=\"uvc-main-heading ult-responsive\"  data-ultimate-target='.uvc-heading.ultimate-heading-869369f40c80b1c62 h2'  data-responsive-json-new='{\"font-size\":\"desktop:24px;\",\"line-height\":\"desktop:34px;\"}' ><h2 style=\"font-weight:bold;margin-bottom:25px;\">Kalite kontrol a\u015famalar\u0131<\/h2><\/div><\/div>[vc_column_text]<span style=\"font-weight: 400;\">Turkish Translation Office olarak t\u00fcm dillerde proofreading hizmetlerimizi sunarken prensip olarak kalite yakla\u015f\u0131m\u0131yla \u00e7al\u0131\u015f\u0131yoruz. Sahip oldu\u011fumuz kalite sertifikalar\u0131 d\u0131\u015f\u0131nda sundu\u011fumuz iki a\u015famal\u0131 ve d\u00f6rt a\u015famal\u0131 kalite kontrol s\u00fcre\u00e7leriyle terc\u00fcme kalitesinde %40\u2019a varan art\u0131\u015f sa\u011flayarak b\u00f6ylece \u00e7evirinizi kusursuz teslim ediyoruz! Terc\u00fcme d\u0131\u015f\u0131nda edebi metinleriniz ve akademik yaz\u0131lar\u0131n\u0131z gibi t\u00fcm ihtiya\u00e7lar\u0131n\u0131zda 2500\u2019\u00fcn \u00fczerinde dil uzman\u0131m\u0131z ile farkl\u0131 dillerde proofreading \u00e7\u00f6z\u00fcmleri sunuyoruz. <\/span>[\/vc_column_text][\/vc_column_inner][vc_column_inner width=&#8221;1\/2&#8243;]<style type=\"text\/css\" data-type=\"the7_shortcodes-inline-css\">.shortcode-single-image-wrap.shortcode-single-image-bce1ff6edbb9ec0382394705d59c41c4.enable-bg-rollover .rollover i,\n.shortcode-single-image-wrap.shortcode-single-image-bce1ff6edbb9ec0382394705d59c41c4.enable-bg-rollover .rollover-video i {\n  background: ;\n  background: -webkit-linear-gradient();\n  background: linear-gradient();\n}\n.shortcode-single-image-wrap.shortcode-single-image-bce1ff6edbb9ec0382394705d59c41c4 .rollover-icon {\n  font-size: 32px;\n  color: #ffffff;\n  min-width: 44px;\n  min-height: 44px;\n  line-height: 44px;\n  border-radius: 100px;\n  border-style: solid;\n  border-width: 0px;\n}\n.dt-icon-bg-on.shortcode-single-image-wrap.shortcode-single-image-bce1ff6edbb9ec0382394705d59c41c4 .rollover-icon {\n  background: rgba(255,255,255,0.3);\n  box-shadow: none;\n}\n<\/style><div class=\"shortcode-single-image-wrap shortcode-single-image-bce1ff6edbb9ec0382394705d59c41c4 alignnone  enable-bg-rollover dt-icon-bg-off\" style=\"margin-top:0px; margin-bottom:0px; margin-left:0px; margin-right:0px; width:1000px;\"><div class=\"shortcode-single-image\"><div class=\"fancy-media-wrap  layzr-bg\" style=\"\"><img loading=\"lazy\" decoding=\"async\" class=\"preload-me lazy-load\" src=\"data:image\/svg+xml,%3Csvg%20xmlns%3D&#39;http%3A%2F%2Fwww.w3.org%2F2000%2Fsvg&#39;%20viewBox%3D&#39;0%200%201000%20793&#39;%2F%3E\" data-src=\"https:\/\/www.turkishtranslationoffice.com\/tr\/wp-content\/uploads\/sites\/1\/2020\/08\/kalite-kontrol-asamalari.png\" data-srcset=\"https:\/\/www.turkishtranslationoffice.com\/tr\/wp-content\/uploads\/sites\/1\/2020\/08\/kalite-kontrol-asamalari.png 1000w\" width=\"1000\" height=\"793\"  data-dt-location=\"https:\/\/www.turkishtranslationoffice.com\/tr\/kalite-konrol-hizmetleri\/kalite-kontrol-asamalari\/\" style=\"\" alt=\"Kalite kontrol a\u015famalar\u0131\" \/><\/div><\/div><\/div>[\/vc_column_inner][\/vc_row_inner][\/vc_column][\/vc_row][vc_row content_placement=&#8221;middle&#8221; bg_type=&#8221;grad&#8221; bg_override=&#8221;ex-full&#8221; bg_grad=&#8221;background: -webkit-gradient(linear, left top, left bottom, color-stop(0%, #365088), color-stop(100%, #EA524D));background: -moz-linear-gradient(135deg,#365088 0%,#EA524D 100%);background: -webkit-linear-gradient(135deg,#365088 0%,#EA524D 100%);background: -o-linear-gradient(135deg,#365088 0%,#EA524D 100%);background: -ms-linear-gradient(135deg,#365088 0%,#EA524D 100%);background: linear-gradient(135deg,#365088 0%,#EA524D 100%);&#8221;][vc_column width=&#8221;3\/4&#8243;][vc_column_text]<strong style=\"color: #ffffff; font-size: 24px;\">Her dilde proofreading hizmetini en uygun fiyata almak i\u00e7in \u015fimdi \u00fccretsiz teklifinizi isteyin!<\/strong>[\/vc_column_text][\/vc_column][vc_column width=&#8221;1\/4&#8243;][vc_btn title=&#8221;Teklif Al&#8221; color=&#8221;warning&#8221; size=&#8221;lg&#8221; align=&#8221;right&#8221; link=&#8221;url:%2Ftr%2Fteklif-alin%2F|||&#8221;][\/vc_column][\/vc_row]<\/p>\n","protected":false},"excerpt":{"rendered":"<p>[vc_row equal_height=&#8221;yes&#8221; content_placement=&#8221;top&#8221; bg_type=&#8221;image&#8221; parallax_style=&#8221;vcpb-default&#8221; bg_image_new=&#8221;id^3884|url^https:\/\/www.turkishtranslationoffice.com\/tr\/wp-content\/uploads\/2020\/08\/proofreading.jpg|caption^null|alt^null|title^proofreading|description^null&#8221; bg_override=&#8221;ex-full&#8221; type=&#8221;vc_default&#8221; margin_top=&#8221;5&#8243; margin_bottom=&#8221;10&#8243; css=&#8221;.vc_custom_1629982560861{padding-top: 2% !important;padding-bottom: 2% !important;}&#8221;][vc_column width=&#8221;1\/2&#8243;][vc_column_text]\u00c7eviri kalitesi sizin i\u00e7in \u00f6nemliyse d\u00f6rt a\u015famal\u0131 kalite kontrol s\u00fcreci ile kusursuz sonu\u00e7lar alabilirsiniz! T\u00fcm dillerde terc\u00fcme ve her alanda yaz\u0131nsal metinleriniz i\u00e7in profesyonel proofreading hizmetlerimizi ke\u015ffedin.[\/vc_column_text][vc_row_inner equal_height=&#8221;yes&#8221; content_placement=&#8221;top&#8221;][vc_column_inner css=&#8221;.vc_custom_1644308414043{padding-bottom: 32px !important;}&#8221;][\/vc_column_inner][\/vc_row_inner][\/vc_column][vc_column width=&#8221;1\/2&#8243;][\/vc_column][\/vc_row][vc_row equal_height=&#8221;yes&#8221; content_placement=&#8221;top&#8221; bg_type=&#8221;image&#8221; parallax_style=&#8221;vcpb-default&#8221; bg_image_new=&#8221;id^2302|url^https:\/\/www.turkishtranslationoffice.com\/tr\/wp-content\/uploads\/2020\/08\/arka-plan-siyah-beyaz.png|caption^null|alt^null|title^arka-plan-siyah-beyaz|description^null&#8221; bg_image_repeat=&#8221;no-repeat&#8221; bg_override=&#8221;ex-full&#8221;&hellip;<\/p>\n","protected":false},"author":1,"featured_media":0,"parent":0,"menu_order":10,"comment_status":"closed","ping_status":"closed","template":"","meta":{"footnotes":""},"aioseo_notices":[],"_links":{"self":[{"href":"https:\/\/www.turkishtranslationoffice.com\/tr\/wp-json\/wp\/v2\/pages\/2786"}],"collection":[{"href":"https:\/\/www.turkishtranslationoffice.com\/tr\/wp-json\/wp\/v2\/pages"}],"about":[{"href":"https:\/\/www.turkishtranslationoffice.com\/tr\/wp-json\/wp\/v2\/types\/page"}],"author":[{"embeddable":true,"href":"https:\/\/www.turkishtranslationoffice.com\/tr\/wp-json\/wp\/v2\/users\/1"}],"replies":[{"embeddable":true,"href":"https:\/\/www.turkishtranslationoffice.com\/tr\/wp-json\/wp\/v2\/comments?post=2786"}],"version-history":[{"count":3,"href":"https:\/\/www.turkishtranslationoffice.com\/tr\/wp-json\/wp\/v2\/pages\/2786\/revisions"}],"predecessor-version":[{"id":5696,"href":"https:\/\/www.turkishtranslationoffice.com\/tr\/wp-json\/wp\/v2\/pages\/2786\/revisions\/5696"}],"wp:attachment":[{"href":"https:\/\/www.turkishtranslationoffice.com\/tr\/wp-json\/wp\/v2\/media?parent=2786"}],"curies":[{"name":"wp","href":"https:\/\/api.w.org\/{rel}","templated":true}]}}