{"id":2798,"date":"2020-08-13T12:08:18","date_gmt":"2020-08-13T09:08:18","guid":{"rendered":"https:\/\/www.turkishtranslationoffice.com\/tr\/edebi-tercume-copy\/"},"modified":"2022-02-08T10:49:10","modified_gmt":"2022-02-08T07:49:10","slug":"ceviri-bellegi-olusturma-ve-yonetimi","status":"publish","type":"page","link":"https:\/\/www.turkishtranslationoffice.com\/tr\/ceviri-bellegi-olusturma-ve-yonetimi\/","title":{"rendered":"\u00c7eviri Belle\u011fi Olu\u015fturma ve Y\u00f6netimi"},"content":{"rendered":"<p>[vc_row equal_height=&#8221;yes&#8221; content_placement=&#8221;top&#8221; bg_type=&#8221;image&#8221; parallax_style=&#8221;vcpb-default&#8221; bg_image_new=&#8221;id^3915|url^https:\/\/www.turkishtranslationoffice.com\/tr\/wp-content\/uploads\/2020\/08\/ceviviri-bellegi-olusturma-yonetimi.jpg|caption^null|alt^null|title^ceviviri-bellegi-olusturma-yonetimi|description^null&#8221; bg_override=&#8221;ex-full&#8221; type=&#8221;vc_default&#8221; margin_top=&#8221;5&#8243; margin_bottom=&#8221;10&#8243; css=&#8221;.vc_custom_1629982597602{padding-top: 2% !important;padding-bottom: 2% !important;}&#8221;][vc_column width=&#8221;1\/2&#8243;]<div id=\"ultimate-heading-308969e1b410c734a\" class=\"uvc-heading ult-adjust-bottom-margin ultimate-heading-308969e1b410c734a uvc-7981 \" data-hspacer=\"no_spacer\"  data-halign=\"left\" style=\"text-align:left\"><div class=\"uvc-heading-spacer no_spacer\" style=\"top\"><\/div><div class=\"uvc-main-heading ult-responsive\"  data-ultimate-target='.uvc-heading.ultimate-heading-308969e1b410c734a h1'  data-responsive-json-new='{\"font-size\":\"desktop:28px;\",\"line-height\":\"desktop:34px;\"}' ><h1 style=\"font-weight:bold;margin-bottom:25px;\">\u00c7eviri Belle\u011fi Olu\u015fturma ve \u00c7eviri Belle\u011fi Y\u00f6netimi<\/h1><\/div><\/div>[vc_column_text]<\/p>\n<p style=\"text-align: left;\"><span style=\"font-weight: 400; font-size: 18px;\">T\u00fcm dillerde terc\u00fcmeyi en h\u0131zl\u0131 ve g\u00fcvenilir \u015fekilde sunabilmek i\u00e7in m\u00fc\u015fterilerimize projelerine \u00f6zel olarak \u00e7eviri belle\u011fi olu\u015fturma ve y\u00f6netimi hizmeti sa\u011fl\u0131yoruz. Bellek olu\u015fturma ve ar\u015fiv hakk\u0131nda detayl\u0131 bilgi edinmek i\u00e7in bize ula\u015fabilirsiniz.<\/span><\/p>\n<p>[\/vc_column_text][vc_row_inner equal_height=&#8221;yes&#8221; content_placement=&#8221;top&#8221;][vc_column_inner css=&#8221;.vc_custom_1644306543601{padding-bottom: 32px !important;}&#8221;]<style type=\"text\/css\" data-type=\"the7_shortcodes-inline-css\">#default-btn-31e13e3e843dacffa9fc25c3430b7eb9.ico-right-side > i {\n  margin-right: 0px;\n  margin-left: 8px;\n}\n#default-btn-31e13e3e843dacffa9fc25c3430b7eb9 > i {\n  margin-right: 8px;\n}\n#default-btn-31e13e3e843dacffa9fc25c3430b7eb9 * {\n  vertical-align: middle;\n}\n<\/style><a href=\"\/tr\/teklif-alin\/\" class=\"default-btn-shortcode dt-btn dt-btn-l link-hover-off button-tto-grey btn-inline-left  vc_custom_1600269277615\" id=\"default-btn-31e13e3e843dacffa9fc25c3430b7eb9\" style=\"width:225px;\"><span>\u00dccretsiz Teklif Al\u0131n<\/span><\/a><style type=\"text\/css\" data-type=\"the7_shortcodes-inline-css\">#default-btn-796eee4d514e116aa2f213111a61e661.ico-right-side > i {\n  margin-right: 0px;\n  margin-left: 8px;\n}\n#default-btn-796eee4d514e116aa2f213111a61e661 > i {\n  margin-right: 8px;\n}\n#default-btn-796eee4d514e116aa2f213111a61e661 * {\n  vertical-align: middle;\n}\n<\/style><a href=\"\/tr\/iletisim\/\" class=\"default-btn-shortcode dt-btn dt-btn-l link-hover-off button-tto-red btn-inline-left  vc_custom_1600269286122\" id=\"default-btn-796eee4d514e116aa2f213111a61e661\" style=\"width:225px;\"><span>Bize Ula\u015f\u0131n<\/span><\/a>[\/vc_column_inner][\/vc_row_inner][\/vc_column][vc_column width=&#8221;1\/2&#8243;][\/vc_column][\/vc_row][vc_row equal_height=&#8221;yes&#8221; content_placement=&#8221;top&#8221; bg_type=&#8221;image&#8221; parallax_style=&#8221;vcpb-hz-jquery&#8221; bg_image_new=&#8221;id^1611|url^https:\/\/www.turkishtranslationoffice.com\/tr\/wp-content\/uploads\/2016\/02\/bg-mem.png|caption^null|alt^null|title^bg-mem|description^null&#8221; bg_override=&#8221;ex-full&#8221; type=&#8221;vc_default&#8221; margin_top=&#8221;5&#8243; margin_bottom=&#8221;10&#8243; css=&#8221;.vc_custom_1598689779606{padding-top: 30px !important;padding-bottom: 50px !important;background-color: #f4f4f4 !important;}&#8221;][vc_column css=&#8221;.vc_custom_1491746299333{padding-bottom: 0px !important;}&#8221;][vc_row_inner equal_height=&#8221;yes&#8221; content_placement=&#8221;top&#8221;][vc_column_inner width=&#8221;1\/2&#8243;]<style type=\"text\/css\" data-type=\"the7_shortcodes-inline-css\">.shortcode-single-image-wrap.shortcode-single-image-825e2694e593cecfb7349353c0803a4a.enable-bg-rollover .rollover i,\n.shortcode-single-image-wrap.shortcode-single-image-825e2694e593cecfb7349353c0803a4a.enable-bg-rollover .rollover-video i {\n  background: ;\n  background: -webkit-linear-gradient();\n  background: linear-gradient();\n}\n.shortcode-single-image-wrap.shortcode-single-image-825e2694e593cecfb7349353c0803a4a .rollover-icon {\n  font-size: 32px;\n  color: #ffffff;\n  min-width: 44px;\n  min-height: 44px;\n  line-height: 44px;\n  border-radius: 100px;\n  border-style: solid;\n  border-width: 0px;\n}\n.dt-icon-bg-on.shortcode-single-image-wrap.shortcode-single-image-825e2694e593cecfb7349353c0803a4a .rollover-icon {\n  background: rgba(255,255,255,0.3);\n  box-shadow: none;\n}\n<\/style><div class=\"shortcode-single-image-wrap shortcode-single-image-825e2694e593cecfb7349353c0803a4a alignnone  enable-bg-rollover dt-icon-bg-off\" style=\"margin-top:0px; margin-bottom:0px; margin-left:0px; margin-right:0px; width:1000px;\"><div class=\"shortcode-single-image\"><div class=\"fancy-media-wrap  layzr-bg\" style=\"border-radius:10px;\"><img loading=\"lazy\" decoding=\"async\" class=\"preload-me lazy-load\" src=\"data:image\/svg+xml,%3Csvg%20xmlns%3D&#39;http%3A%2F%2Fwww.w3.org%2F2000%2Fsvg&#39;%20viewBox%3D&#39;0%200%201000%20700&#39;%2F%3E\" data-src=\"https:\/\/www.turkishtranslationoffice.com\/tr\/wp-content\/uploads\/sites\/1\/2020\/08\/ceviri-bellegi-nedir-1000x700.jpg\" data-srcset=\"https:\/\/www.turkishtranslationoffice.com\/tr\/wp-content\/uploads\/sites\/1\/2020\/08\/ceviri-bellegi-nedir-1000x700.jpg 1000w, https:\/\/www.turkishtranslationoffice.com\/tr\/wp-content\/uploads\/sites\/1\/2020\/08\/ceviri-bellegi-nedir-1260x882.jpg 1260w\" width=\"1000\" height=\"700\"  data-dt-location=\"https:\/\/www.turkishtranslationoffice.com\/tr\/ceviri-bellegi-olusturma-ve-yonetimi\/ceviri-bellegi-nedir\/\" style=\"border-radius:10px;\" alt=\"ar\u015fiv hizmeti\" \/><\/div><\/div><\/div>[\/vc_column_inner][vc_column_inner width=&#8221;1\/2&#8243; css=&#8221;.vc_custom_1596550089277{padding-top: 20px !important;}&#8221;]<div id=\"ultimate-heading-856869e1b410c7b02\" class=\"uvc-heading ult-adjust-bottom-margin ultimate-heading-856869e1b410c7b02 uvc-6920 \" data-hspacer=\"no_spacer\"  data-halign=\"left\" style=\"text-align:left\"><div class=\"uvc-heading-spacer no_spacer\" style=\"top\"><\/div><div class=\"uvc-main-heading ult-responsive\"  data-ultimate-target='.uvc-heading.ultimate-heading-856869e1b410c7b02 h2'  data-responsive-json-new='{\"font-size\":\"desktop:24px;\",\"line-height\":\"desktop:34px;\"}' ><h2 style=\"font-weight:bold;margin-bottom:25px;\">\u00c7eviri belle\u011fi nedir?<\/h2><\/div><\/div>[vc_column_text]<span style=\"font-weight: 400;\">\u00c7eviri belle\u011fi ya da bilinen di\u011fer ad\u0131yla TM, bir alanda daha \u00f6nce yap\u0131lm\u0131\u015f olan \u00e7evirinin veri taban\u0131nda saklanmas\u0131d\u0131r. \u00c7eviri belle\u011finin olu\u015fturulmas\u0131 \u00f6zellikle \u00e7ok dilli ve y\u00fcksek hacimdeki \u00e7eviri projeleri i\u00e7in \u00f6nemli bir ihtiya\u00e7t\u0131r. Bu sayede ayn\u0131 proje \u00fczerinde \u00e7al\u0131\u015fan farkl\u0131 dil uzmanlar\u0131 daha \u00f6nce kullan\u0131lan birtak\u0131m terim ve ifadeleri yeniden \u00e7evirmekle vakit kaybetmez ve ham \u00e7eviride tutarl\u0131l\u0131k oran\u0131 y\u00fckselir. Edit\u00f6r kontrol\u00fcnde d\u00fczeltiye ayr\u0131lan s\u00fcre azal\u0131r ve sonu\u00e7 olarak daha k\u0131sa s\u00fcrede daha kaliteli bir \u00e7eviriye ula\u015f\u0131l\u0131r. \u00c7eviri belle\u011fi olu\u015fturma ve y\u00f6netimi hizmetimizden yararlanan m\u00fc\u015fterilerimize \u00f6zel olarak sundu\u011fumuz ar\u015fiv hizmeti sayesinde projeye dair t\u00fcm detaylar\u0131, yap\u0131lan revizyonlar\u0131 be\u015f y\u0131l s\u00fcreyle \u00fccretsiz olarak veri taban\u0131m\u0131zda sakl\u0131yoruz.<\/span>[\/vc_column_text][\/vc_column_inner][\/vc_row_inner][\/vc_column][\/vc_row][vc_row content_placement=&#8221;middle&#8221; bg_type=&#8221;image&#8221; bg_override=&#8221;full&#8221; css=&#8221;.vc_custom_1597310182730{background-image: url(https:\/\/www.turkishtranslationoffice.com\/tr\/wp-content\/uploads\/2020\/08\/uyari.jpg?id=2304) !important;}&#8221;][vc_column]<div class=\"smile_icon_list_wrap ult_info_list_container ult-adjust-bottom-margin   vc_custom_1596535225225\"><ul class=\"smile_icon_list top circle with_bg\"><li class=\"icon_list_item\" style=\" font-size:96px;\"><div class=\"icon_list_icon\" data-animation=\"\" data-animation-delay=\"03\" style=\"font-size:32px;border-width:1px;border-style:none;background:#ffffff;color:#d44133;border-color:#333333;\"><i class=\"fas fa-lock\" ><\/i><\/div><div class=\"icon_description\" id=\"Info-list-wrap-3705\" style=\"font-size:32px;\"><h3 class=\"ult-responsive info-list-heading\"  data-ultimate-target='#Info-list-wrap-3705 h3'  data-responsive-json-new='{\"font-size\":\"desktop:16px;\",\"line-height\":\"desktop:24px;\"}'  style=\"font-weight:bold;color:#ffffff;\">\u00dcst d\u00fczey gizlilik<\/h3><div class=\"icon_description_text ult-responsive\"  data-ultimate-target='#Info-list-wrap-3705 .icon_description_text'  data-responsive-json-new='{\"font-size\":\"desktop:13px;\",\"line-height\":\"desktop:18px;\"}'  style=\"color:#ffffff;\"><p><span style=\"font-weight: 400; color: #ffffff;\">\u00c7eviri belle\u011finin olu\u015fturulmas\u0131 ve y\u00f6netimi s\u00fcre\u00e7lerinde i\u015fbirli\u011fi yapt\u0131\u011f\u0131m\u0131z t\u00fcm taraflar ile gizlilik anla\u015fmalar\u0131 imzalayarak gizlili\u011finizi g\u00fcvence alt\u0131na al\u0131yoruz. <\/span><\/p>\n<\/div><\/div><div class=\"icon_list_connector\" data-animation=\"fadeInLeft\" data-animation-delay=\"03\" style=\"border: none !important;\"><\/div><\/li><li class=\"icon_list_item\" style=\" font-size:96px;\"><div class=\"icon_list_icon\" data-animation=\"\" data-animation-delay=\"03\" style=\"font-size:32px;border-width:1px;border-style:none;background:#ffffff;color:#d44133;border-color:#333333;\"><i class=\"fas fa-cloud\" ><\/i><\/div><div class=\"icon_description\" id=\"Info-list-wrap-7572\" style=\"font-size:32px;\"><h3 class=\"ult-responsive info-list-heading\"  data-ultimate-target='#Info-list-wrap-7572 h3'  data-responsive-json-new='{\"font-size\":\"desktop:16px;\",\"line-height\":\"desktop:24px;\"}'  style=\"font-weight:bold;color:#ffffff;\">Bulut tabanl\u0131 altyap\u0131<\/h3><div class=\"icon_description_text ult-responsive\"  data-ultimate-target='#Info-list-wrap-7572 .icon_description_text'  data-responsive-json-new='{\"font-size\":\"desktop:13px;\",\"line-height\":\"desktop:18px;\"}'  style=\"color:#ffffff;\"><p><span style=\"font-weight: 400; color: #ffffff;\">Bellek olu\u015fturulmas\u0131 ve y\u00f6netiminde kulland\u0131\u011f\u0131m\u0131z bulut tabanl\u0131 altyap\u0131 sayesinde m\u00fc\u015fterilerimizin veri taban\u0131na diledi\u011finde ula\u015fma avantaj\u0131 bulunuyor. Dil uzmanlar\u0131m\u0131z ayn\u0131 anda proje \u00fczerinde i\u015fbirli\u011fi yapabiliyor. <\/span><\/p>\n<\/div><\/div><div class=\"icon_list_connector\" data-animation=\"fadeInLeft\" data-animation-delay=\"03\" style=\"border: none !important;\"><\/div><\/li><li class=\"icon_list_item\" style=\" font-size:96px;\"><div class=\"icon_list_icon\" data-animation=\"\" data-animation-delay=\"03\" style=\"font-size:32px;border-width:1px;border-style:none;background:#ffffff;color:#d44133;border-color:#333333;\"><i class=\"fas fa-check-double\" ><\/i><\/div><div class=\"icon_description\" id=\"Info-list-wrap-1806\" style=\"font-size:32px;\"><h3 class=\"ult-responsive info-list-heading\"  data-ultimate-target='#Info-list-wrap-1806 h3'  data-responsive-json-new='{\"font-size\":\"desktop:16px;\",\"line-height\":\"desktop:24px;\"}'  style=\"font-weight:bold;color:#ffffff;\">H\u0131zl\u0131 ve kaliteli<\/h3><div class=\"icon_description_text ult-responsive\"  data-ultimate-target='#Info-list-wrap-1806 .icon_description_text'  data-responsive-json-new='{\"font-size\":\"desktop:13px;\",\"line-height\":\"desktop:18px;\"}'  style=\"color:#ffffff;\"><p><span style=\"font-weight: 400; color: #ffffff;\">\u00c7eviride TM kullan\u0131m\u0131 terc\u00fcme s\u00fcrecinde verimlili\u011fi ve tutarl\u0131l\u0131\u011f\u0131 y\u00fckseltir. Ortaya \u00e7\u0131kan ham \u00e7eviri ve edit\u00f6r kontrol\u00fcnde kalitenin y\u00fckselmesine, di\u011fer \u00e7eviri ad\u0131mlar\u0131n\u0131n h\u0131zlanmas\u0131na katk\u0131 sa\u011flar.<\/span><\/p>\n<\/div><\/div><div class=\"icon_list_connector\" data-animation=\"fadeInLeft\" data-animation-delay=\"03\" style=\"border: none !important;\"><\/div><\/li><\/ul><\/div>[\/vc_column][\/vc_row][vc_row equal_height=&#8221;yes&#8221; content_placement=&#8221;top&#8221; bg_type=&#8221;image&#8221; parallax_style=&#8221;vcpb-default&#8221; bg_image_new=&#8221;id^2302|url^https:\/\/www.turkishtranslationoffice.com\/tr\/wp-content\/uploads\/2020\/08\/arka-plan-siyah-beyaz.png|caption^null|alt^null|title^arka-plan-siyah-beyaz|description^null&#8221; bg_override=&#8221;ex-full&#8221; type=&#8221;vc_default&#8221; margin_top=&#8221;5&#8243; margin_bottom=&#8221;10&#8243; css=&#8221;.vc_custom_1598689770288{padding-top: 30px !important;padding-bottom: 50px !important;}&#8221;][vc_column][vc_row_inner equal_height=&#8221;yes&#8221; content_placement=&#8221;top&#8221;][vc_column_inner width=&#8221;1\/2&#8243; css=&#8221;.vc_custom_1596550716406{padding-top: 10px !important;}&#8221;]<div id=\"ultimate-heading-681769e1b410c7c33\" class=\"uvc-heading ult-adjust-bottom-margin ultimate-heading-681769e1b410c7c33 uvc-4055 \" data-hspacer=\"no_spacer\"  data-halign=\"left\" style=\"text-align:left\"><div class=\"uvc-heading-spacer no_spacer\" style=\"top\"><\/div><div class=\"uvc-main-heading ult-responsive\"  data-ultimate-target='.uvc-heading.ultimate-heading-681769e1b410c7c33 h2'  data-responsive-json-new='{\"font-size\":\"desktop:24px;\",\"line-height\":\"desktop:34px;\"}' ><h2 style=\"font-weight:bold;margin-bottom:25px;\">\u00c7eviri belle\u011fi nas\u0131l kullan\u0131l\u0131r?<\/h2><\/div><\/div>[vc_column_text]<span style=\"font-weight: 400;\">Teknik terc\u00fcme gibi uzmanl\u0131k gerektiren alanlarda ya da kurgusal metinlerde ayn\u0131 terim ve ifadeler ge\u00e7ti\u011finde \u00e7eviri belle\u011fi otomatik olarak bu b\u00f6l\u00fcmleri terc\u00fcmana \u00f6neri olarak sunar. Proje \u00fczerinde \u00e7al\u0131\u015fan dil uzman\u0131 ba\u011flama ve anlama uygun olarak gerekli g\u00f6rd\u00fc\u011f\u00fc takdirde bu terim ve ifadeleri direkt ya da de\u011fi\u015fiklik yaparak kullanmay\u0131 tercih edebilir. Tamamen mekanik bir s\u00fcre\u00e7 olmayan \u00e7eviri belle\u011fi kullan\u0131m\u0131 teknoloji ve insan\u0131n i\u015fbirli\u011finin \u00f6nemli bir yans\u0131mas\u0131 olan \u00e7eviri belle\u011fi olu\u015fturulmas\u0131 ve y\u00f6netiminde as\u0131l hedef verimlilik ve kaliteyi artt\u0131rmakt\u0131r. <\/span>[\/vc_column_text][\/vc_column_inner][vc_column_inner width=&#8221;1\/2&#8243;]<style type=\"text\/css\" data-type=\"the7_shortcodes-inline-css\">.shortcode-single-image-wrap.shortcode-single-image-4829cfa529d954f629e0597147388401.enable-bg-rollover .rollover i,\n.shortcode-single-image-wrap.shortcode-single-image-4829cfa529d954f629e0597147388401.enable-bg-rollover .rollover-video i {\n  background: ;\n  background: -webkit-linear-gradient();\n  background: linear-gradient();\n}\n.shortcode-single-image-wrap.shortcode-single-image-4829cfa529d954f629e0597147388401 .rollover-icon {\n  font-size: 32px;\n  color: #ffffff;\n  min-width: 44px;\n  min-height: 44px;\n  line-height: 44px;\n  border-radius: 100px;\n  border-style: solid;\n  border-width: 0px;\n}\n.dt-icon-bg-on.shortcode-single-image-wrap.shortcode-single-image-4829cfa529d954f629e0597147388401 .rollover-icon {\n  background: rgba(255,255,255,0.3);\n  box-shadow: none;\n}\n<\/style><div class=\"shortcode-single-image-wrap shortcode-single-image-4829cfa529d954f629e0597147388401 alignnone  enable-bg-rollover dt-icon-bg-off\" style=\"margin-top:0px; margin-bottom:0px; margin-left:0px; margin-right:0px; width:1000px;\"><div class=\"shortcode-single-image\"><div class=\"fancy-media-wrap  layzr-bg\" style=\"border-radius:10px;\"><img loading=\"lazy\" decoding=\"async\" class=\"preload-me lazy-load\" src=\"data:image\/svg+xml,%3Csvg%20xmlns%3D&#39;http%3A%2F%2Fwww.w3.org%2F2000%2Fsvg&#39;%20viewBox%3D&#39;0%200%201000%20700&#39;%2F%3E\" data-src=\"https:\/\/www.turkishtranslationoffice.com\/tr\/wp-content\/uploads\/sites\/1\/2020\/08\/ceviri-bellegi-nasil-kullanilir-1000x700.jpg\" data-srcset=\"https:\/\/www.turkishtranslationoffice.com\/tr\/wp-content\/uploads\/sites\/1\/2020\/08\/ceviri-bellegi-nasil-kullanilir-1000x700.jpg 1000w, https:\/\/www.turkishtranslationoffice.com\/tr\/wp-content\/uploads\/sites\/1\/2020\/08\/ceviri-bellegi-nasil-kullanilir-1525x1068.jpg 1525w\" width=\"1000\" height=\"700\"  data-dt-location=\"https:\/\/www.turkishtranslationoffice.com\/tr\/ceviri-bellegi-olusturma-ve-yonetimi\/ceviri-bellegi-nasil-kullanilir\/\" style=\"border-radius:10px;\" alt=\"\u00e7eviri belle\u011fi\" \/><\/div><\/div><\/div>[\/vc_column_inner][\/vc_row_inner][\/vc_column][\/vc_row][vc_row content_placement=&#8221;middle&#8221; bg_type=&#8221;grad&#8221; bg_override=&#8221;ex-full&#8221; bg_grad=&#8221;background: -webkit-gradient(linear, left top, left bottom, color-stop(0%, #365088), color-stop(100%, #EA524D));background: -moz-linear-gradient(135deg,#365088 0%,#EA524D 100%);background: -webkit-linear-gradient(135deg,#365088 0%,#EA524D 100%);background: -o-linear-gradient(135deg,#365088 0%,#EA524D 100%);background: -ms-linear-gradient(135deg,#365088 0%,#EA524D 100%);background: linear-gradient(135deg,#365088 0%,#EA524D 100%);&#8221;][vc_column width=&#8221;2\/3&#8243;][vc_column_text]<strong style=\"color: #ffffff; font-size: 24px;\">Profesyonel \u00e7eviri belle\u011fi olu\u015fturma, y\u00f6netim ve \u00fccretsiz ar\u015fiv \u00e7\u00f6z\u00fcmlerimiz hakk\u0131nda detayl\u0131 bilgi i\u00e7in \u015fimdi bize ula\u015f\u0131n!<\/strong>[\/vc_column_text][\/vc_column][vc_column width=&#8221;1\/3&#8243;][vc_btn title=&#8221;Bize Ula\u015f\u0131n&#8221; color=&#8221;warning&#8221; size=&#8221;lg&#8221; align=&#8221;right&#8221; link=&#8221;url:%2Ftr%2Filetisim%2F|||&#8221;][\/vc_column][\/vc_row]<\/p>\n","protected":false},"excerpt":{"rendered":"<p>[vc_row equal_height=&#8221;yes&#8221; content_placement=&#8221;top&#8221; bg_type=&#8221;image&#8221; parallax_style=&#8221;vcpb-default&#8221; bg_image_new=&#8221;id^3915|url^https:\/\/www.turkishtranslationoffice.com\/tr\/wp-content\/uploads\/2020\/08\/ceviviri-bellegi-olusturma-yonetimi.jpg|caption^null|alt^null|title^ceviviri-bellegi-olusturma-yonetimi|description^null&#8221; bg_override=&#8221;ex-full&#8221; type=&#8221;vc_default&#8221; margin_top=&#8221;5&#8243; margin_bottom=&#8221;10&#8243; css=&#8221;.vc_custom_1629982597602{padding-top: 2% !important;padding-bottom: 2% !important;}&#8221;][vc_column width=&#8221;1\/2&#8243;][vc_column_text] T\u00fcm dillerde terc\u00fcmeyi en h\u0131zl\u0131 ve g\u00fcvenilir \u015fekilde sunabilmek i\u00e7in m\u00fc\u015fterilerimize projelerine \u00f6zel olarak \u00e7eviri belle\u011fi olu\u015fturma ve y\u00f6netimi hizmeti sa\u011fl\u0131yoruz. Bellek olu\u015fturma ve ar\u015fiv hakk\u0131nda detayl\u0131 bilgi edinmek i\u00e7in bize ula\u015fabilirsiniz. [\/vc_column_text][vc_row_inner equal_height=&#8221;yes&#8221; content_placement=&#8221;top&#8221;][vc_column_inner css=&#8221;.vc_custom_1644306543601{padding-bottom: 32px !important;}&#8221;][\/vc_column_inner][\/vc_row_inner][\/vc_column][vc_column width=&#8221;1\/2&#8243;][\/vc_column][\/vc_row][vc_row&hellip;<\/p>\n","protected":false},"author":1,"featured_media":0,"parent":0,"menu_order":10,"comment_status":"closed","ping_status":"closed","template":"","meta":{"footnotes":""},"aioseo_notices":[],"_links":{"self":[{"href":"https:\/\/www.turkishtranslationoffice.com\/tr\/wp-json\/wp\/v2\/pages\/2798"}],"collection":[{"href":"https:\/\/www.turkishtranslationoffice.com\/tr\/wp-json\/wp\/v2\/pages"}],"about":[{"href":"https:\/\/www.turkishtranslationoffice.com\/tr\/wp-json\/wp\/v2\/types\/page"}],"author":[{"embeddable":true,"href":"https:\/\/www.turkishtranslationoffice.com\/tr\/wp-json\/wp\/v2\/users\/1"}],"replies":[{"embeddable":true,"href":"https:\/\/www.turkishtranslationoffice.com\/tr\/wp-json\/wp\/v2\/comments?post=2798"}],"version-history":[{"count":2,"href":"https:\/\/www.turkishtranslationoffice.com\/tr\/wp-json\/wp\/v2\/pages\/2798\/revisions"}],"predecessor-version":[{"id":5627,"href":"https:\/\/www.turkishtranslationoffice.com\/tr\/wp-json\/wp\/v2\/pages\/2798\/revisions\/5627"}],"wp:attachment":[{"href":"https:\/\/www.turkishtranslationoffice.com\/tr\/wp-json\/wp\/v2\/media?parent=2798"}],"curies":[{"name":"wp","href":"https:\/\/api.w.org\/{rel}","templated":true}]}}