{"id":2812,"date":"2020-08-13T12:32:42","date_gmt":"2020-08-13T09:32:42","guid":{"rendered":"https:\/\/www.turkishtranslationoffice.com\/tr\/terim-bankasi-olusturma-ve-yonetimi-copy\/"},"modified":"2022-02-08T11:10:36","modified_gmt":"2022-02-08T08:10:36","slug":"kalite-degerlendirme","status":"publish","type":"page","link":"https:\/\/www.turkishtranslationoffice.com\/tr\/kalite-degerlendirme\/","title":{"rendered":"Kalite De\u011ferlendirme"},"content":{"rendered":"<p>[vc_row equal_height=&#8221;yes&#8221; content_placement=&#8221;top&#8221; bg_type=&#8221;image&#8221; parallax_style=&#8221;vcpb-default&#8221; bg_image_new=&#8221;id^3953|url^https:\/\/www.turkishtranslationoffice.com\/tr\/wp-content\/uploads\/2020\/08\/kalite-degerlendirme.jpg|caption^null|alt^null|title^kalite-degerlendirme|description^null&#8221; bg_override=&#8221;ex-full&#8221; type=&#8221;vc_default&#8221; margin_top=&#8221;5&#8243; margin_bottom=&#8221;10&#8243; css=&#8221;.vc_custom_1629982691956{padding-top: 2% !important;padding-bottom: 2% !important;}&#8221;][vc_column width=&#8221;1\/2&#8243;]<div id=\"ultimate-heading-509569d8cab60bfe9\" class=\"uvc-heading ult-adjust-bottom-margin ultimate-heading-509569d8cab60bfe9 uvc-8897 \" data-hspacer=\"no_spacer\"  data-halign=\"left\" style=\"text-align:left\"><div class=\"uvc-heading-spacer no_spacer\" style=\"top\"><\/div><div class=\"uvc-main-heading ult-responsive\"  data-ultimate-target='.uvc-heading.ultimate-heading-509569d8cab60bfe9 h1'  data-responsive-json-new='{\"font-size\":\"desktop:28px;\",\"line-height\":\"desktop:34px;\"}' ><h1 style=\"font-weight:bold;margin-bottom:25px;\">Kalite De\u011ferlendirme<\/h1><\/div><\/div>[vc_column_text]<\/p>\n<p style=\"text-align: left;\"><span style=\"font-weight: 400; font-size: 18px;\">\u00c7eviri hizmeti ald\u0131\u011f\u0131n\u0131zda terc\u00fcmenin kalitesinden nas\u0131l emin olabilirsiniz?<\/span><\/p>\n<p><span style=\"font-weight: 400; font-size: 18px;\">\u00c7eviride kalite oda\u011f\u0131nda sundu\u011fumuz kapsaml\u0131 hizmetlerden biri de terc\u00fcme kalite de\u011ferlendirmesi\u2026<\/span><\/p>\n<p><span style=\"font-weight: 400; font-size: 18px;\">Detayl\u0131 bilgi i\u00e7in bize ula\u015fabilir, \u00fccretsiz teklif talep edebilirsiniz.<\/span>[\/vc_column_text][vc_row_inner equal_height=&#8221;yes&#8221; content_placement=&#8221;top&#8221;][vc_column_inner css=&#8221;.vc_custom_1644307827981{padding-bottom: 32px !important;}&#8221;]<style type=\"text\/css\" data-type=\"the7_shortcodes-inline-css\">#default-btn-1820b3ddf0b53d8b0bccdab126497b06.ico-right-side > i {\n  margin-right: 0px;\n  margin-left: 8px;\n}\n#default-btn-1820b3ddf0b53d8b0bccdab126497b06 > i {\n  margin-right: 8px;\n}\n#default-btn-1820b3ddf0b53d8b0bccdab126497b06 * {\n  vertical-align: middle;\n}\n<\/style><a href=\"\/tr\/teklif-alin\/\" class=\"default-btn-shortcode dt-btn dt-btn-l link-hover-off button-tto-grey btn-inline-left  vc_custom_1600269418000\" id=\"default-btn-1820b3ddf0b53d8b0bccdab126497b06\" style=\"width:225px;\"><span>\u00dccretsiz Teklif Al\u0131n<\/span><\/a><style type=\"text\/css\" data-type=\"the7_shortcodes-inline-css\">#default-btn-6500dd3f847019a9de53ee366b921c5a.ico-right-side > i {\n  margin-right: 0px;\n  margin-left: 8px;\n}\n#default-btn-6500dd3f847019a9de53ee366b921c5a > i {\n  margin-right: 8px;\n}\n#default-btn-6500dd3f847019a9de53ee366b921c5a * {\n  vertical-align: middle;\n}\n<\/style><a href=\"\/tr\/iletisim\/\" class=\"default-btn-shortcode dt-btn dt-btn-l link-hover-off button-tto-red btn-inline-left  vc_custom_1600269426638\" id=\"default-btn-6500dd3f847019a9de53ee366b921c5a\" style=\"width:225px;\"><span>Bize Ula\u015f\u0131n<\/span><\/a>[\/vc_column_inner][\/vc_row_inner][\/vc_column][vc_column width=&#8221;1\/2&#8243;][\/vc_column][\/vc_row][vc_row equal_height=&#8221;yes&#8221; content_placement=&#8221;top&#8221; bg_type=&#8221;image&#8221; parallax_style=&#8221;vcpb-hz-jquery&#8221; bg_image_new=&#8221;id^1611|url^https:\/\/www.turkishtranslationoffice.com\/tr\/wp-content\/uploads\/2016\/02\/bg-mem.png|caption^null|alt^null|title^bg-mem|description^null&#8221; bg_override=&#8221;ex-full&#8221; type=&#8221;vc_default&#8221; margin_top=&#8221;5&#8243; margin_bottom=&#8221;10&#8243; css=&#8221;.vc_custom_1598695303710{padding-top: 30px !important;background-color: #f4f4f4 !important;}&#8221;][vc_column css=&#8221;.vc_custom_1491746299333{padding-bottom: 0px !important;}&#8221;][vc_row_inner equal_height=&#8221;yes&#8221; content_placement=&#8221;top&#8221;][vc_column_inner width=&#8221;1\/2&#8243;]<style type=\"text\/css\" data-type=\"the7_shortcodes-inline-css\">.shortcode-single-image-wrap.shortcode-single-image-0660dcf1300a4785f88fbf25c7245509.enable-bg-rollover .rollover i,\n.shortcode-single-image-wrap.shortcode-single-image-0660dcf1300a4785f88fbf25c7245509.enable-bg-rollover .rollover-video i {\n  background: ;\n  background: -webkit-linear-gradient();\n  background: linear-gradient();\n}\n.shortcode-single-image-wrap.shortcode-single-image-0660dcf1300a4785f88fbf25c7245509 .rollover-icon {\n  font-size: 32px;\n  color: #ffffff;\n  min-width: 44px;\n  min-height: 44px;\n  line-height: 44px;\n  border-radius: 100px;\n  border-style: solid;\n  border-width: 0px;\n}\n.dt-icon-bg-on.shortcode-single-image-wrap.shortcode-single-image-0660dcf1300a4785f88fbf25c7245509 .rollover-icon {\n  background: rgba(255,255,255,0.3);\n  box-shadow: none;\n}\n<\/style><div class=\"shortcode-single-image-wrap shortcode-single-image-0660dcf1300a4785f88fbf25c7245509 alignnone  enable-bg-rollover dt-icon-bg-off\" style=\"margin-top:0px; margin-bottom:0px; margin-left:0px; margin-right:0px; width:1000px;\"><div class=\"shortcode-single-image\"><div class=\"fancy-media-wrap  layzr-bg\" style=\"border-radius:10px;\"><img loading=\"lazy\" decoding=\"async\" class=\"preload-me lazy-load\" src=\"data:image\/svg+xml,%3Csvg%20xmlns%3D&#39;http%3A%2F%2Fwww.w3.org%2F2000%2Fsvg&#39;%20viewBox%3D&#39;0%200%201000%20700&#39;%2F%3E\" data-src=\"https:\/\/www.turkishtranslationoffice.com\/tr\/wp-content\/uploads\/sites\/1\/2020\/08\/kaliteli-ceviri-nasil-yapilir-1000x700.jpg\" data-srcset=\"https:\/\/www.turkishtranslationoffice.com\/tr\/wp-content\/uploads\/sites\/1\/2020\/08\/kaliteli-ceviri-nasil-yapilir-1000x700.jpg 1000w, https:\/\/www.turkishtranslationoffice.com\/tr\/wp-content\/uploads\/sites\/1\/2020\/08\/kaliteli-ceviri-nasil-yapilir-1285x900.jpg 1285w\" width=\"1000\" height=\"700\"  data-dt-location=\"https:\/\/www.turkishtranslationoffice.com\/tr\/kalite-degerlendirme\/kaliteli-ceviri-nasil-yapilir\/\" style=\"border-radius:10px;\" alt=\"e\u011fitimli ve uzman terc\u00fcmanlar\" \/><\/div><\/div><\/div>[\/vc_column_inner][vc_column_inner width=&#8221;1\/2&#8243; css=&#8221;.vc_custom_1596550089277{padding-top: 20px !important;}&#8221;]<div id=\"ultimate-heading-530269d8cab60cc8c\" class=\"uvc-heading ult-adjust-bottom-margin ultimate-heading-530269d8cab60cc8c uvc-8503 \" data-hspacer=\"no_spacer\"  data-halign=\"left\" style=\"text-align:left\"><div class=\"uvc-heading-spacer no_spacer\" style=\"top\"><\/div><div class=\"uvc-main-heading ult-responsive\"  data-ultimate-target='.uvc-heading.ultimate-heading-530269d8cab60cc8c h2'  data-responsive-json-new='{\"font-size\":\"desktop:24px;\",\"line-height\":\"desktop:34px;\"}' ><h2 style=\"font-weight:bold;margin-bottom:25px;\">Kaliteli \u00e7eviri nas\u0131l yap\u0131l\u0131r?<\/h2><\/div><\/div>[vc_column_text css=&#8221;.vc_custom_1597312186928{margin-bottom: 8px !important;}&#8221;]<span style=\"font-weight: 400;\">Terc\u00fcme, soyut bir ileti\u015fim arac\u0131 olan dil \u00fczerinden ger\u00e7ekle\u015fti\u011fi ve yoruma a\u00e7\u0131k bir s\u00fcre\u00e7 oldu\u011fu i\u00e7in kaliteyi direkt olarak somut bi\u00e7imde g\u00f6rmek m\u00fcmk\u00fcn de\u011fil. Ancak TTO\u2019da sahip oldu\u011fumuz ISO 17100 ve ISO 9001 kalite sertifikalar\u0131n\u0131n da \u0131\u015f\u0131\u011f\u0131ndaki kalite yakla\u015f\u0131m\u0131m\u0131zdan s\u00f6z ederek kalitenin tesad\u00fcfi bir sonu\u00e7 olmad\u0131\u011f\u0131n\u0131 ve sundu\u011fumuz hizmetin her s\u00fcrecinde kaliteye nas\u0131l yer verdi\u011fimizi anlatabiliriz.<\/span><\/p>\n<p>T\u00fcm dillerde profesyonel bir \u00e7eviri ofisi olarak her sekt\u00f6rde e\u011fitimli ve uzman terc\u00fcmanlardan olu\u015fan 2500\u2019den fazla terc\u00fcman ile proje bazl\u0131 i\u015fbirli\u011fi yap\u0131yoruz. Ofis i\u00e7inde kadrolu terc\u00fcman ve edit\u00f6rlerimiz d\u0131\u015f\u0131nda daimi olarak birlikte \u00e7al\u0131\u015ft\u0131\u011f\u0131m\u0131z \u00e7evirmen ve edit\u00f6rlerimiz ile geni\u015f bir kadroya sahibiz. T\u00fcm i\u015f s\u00fcre\u00e7lerimizi otomasyona dayal\u0131 ve y\u00fcksek verimlilik sa\u011flayan online s\u00fcre\u00e7ler ile y\u00f6netiyoruz. Kulland\u0131\u011f\u0131m\u0131z terim bankalar\u0131, \u00e7eviri bellekleri ile daima y\u00fcksek tutarl\u0131l\u0131\u011f\u0131 hedefliyoruz.[\/vc_column_text][\/vc_column_inner][\/vc_row_inner][vc_column_text]Terc\u00fcmenin ard\u0131ndan bilgisayar programlar\u0131 taraf\u0131ndan yap\u0131lan mekanik kontroller, edit\u00f6r kontrol\u00fc, masa\u00fcst\u00fc yay\u0131nc\u0131l\u0131k departman\u0131 taraf\u0131ndan yap\u0131lan g\u00f6rsellik kontrol\u00fc ve son olarak hedef dili ana dili olan proofreaderlar\u0131m\u0131z taraf\u0131ndan yap\u0131lan proofreading ile iki a\u015famal\u0131 ya da d\u00f6rt a\u015famal\u0131 kalite kontrol s\u00fcre\u00e7lerimizle ham \u00e7evirinin kalitesini %25 ile %40 oran\u0131nda artt\u0131r\u0131yoruz.<\/p>\n<p>M\u00fc\u015fterilerimizin proje y\u00f6netimini kolayla\u015ft\u0131ran bulut tabanl\u0131 online proje y\u00f6netim deneyiminin yan\u0131 s\u0131ra sekt\u00f6rel tecr\u00fcbeye sahip proje y\u00f6neticilerimiz ile hizmetlerimizi size ve b\u00fct\u00e7enize en uygun \u015fekilde sunuyoruz. Hizmetlerimize o kadar g\u00fcveniyoruz ki sundu\u011fumuz \u00f6zel terc\u00fcme sigortas\u0131 ile \u00e7evirmenden kaynakl\u0131 olarak u\u011frayaca\u011f\u0131n\u0131z maddi zarar\u0131n belirli bir miktar\u0131n\u0131 kar\u015f\u0131l\u0131yoruz.[\/vc_column_text][\/vc_column][\/vc_row][vc_row content_placement=&#8221;middle&#8221; bg_type=&#8221;image&#8221; bg_override=&#8221;full&#8221; css=&#8221;.vc_custom_1597310182730{background-image: url(https:\/\/www.turkishtranslationoffice.com\/tr\/wp-content\/uploads\/2020\/08\/uyari.jpg?id=2304) !important;}&#8221;][vc_column]<div class=\"smile_icon_list_wrap ult_info_list_container ult-adjust-bottom-margin   vc_custom_1596535225225\"><ul class=\"smile_icon_list top circle with_bg\"><li class=\"icon_list_item\" style=\" font-size:96px;\"><div class=\"icon_list_icon\" data-animation=\"\" data-animation-delay=\"03\" style=\"font-size:32px;border-width:1px;border-style:none;background:#ffffff;color:#d44133;border-color:#333333;\"><i class=\"fas fa-award\" ><\/i><\/div><div class=\"icon_description\" id=\"Info-list-wrap-8131\" style=\"font-size:32px;\"><h3 class=\"ult-responsive info-list-heading\"  data-ultimate-target='#Info-list-wrap-8131 h3'  data-responsive-json-new='{\"font-size\":\"desktop:16px;\",\"line-height\":\"desktop:24px;\"}'  style=\"font-weight:bold;color:#ffffff;\">Kalite sertifikalar\u0131<\/h3><div class=\"icon_description_text ult-responsive\"  data-ultimate-target='#Info-list-wrap-8131 .icon_description_text'  data-responsive-json-new='{\"font-size\":\"desktop:13px;\",\"line-height\":\"desktop:18px;\"}'  style=\"color:#ffffff;\"><\/div><\/div><div class=\"icon_list_connector\" data-animation=\"fadeInLeft\" data-animation-delay=\"03\" style=\"border: none !important;\"><\/div><\/li><li class=\"icon_list_item\" style=\" font-size:96px;\"><div class=\"icon_list_icon\" data-animation=\"\" data-animation-delay=\"03\" style=\"font-size:32px;border-width:1px;border-style:none;background:#ffffff;color:#d44133;border-color:#333333;\"><i class=\"fas fa-thumbs-up\" ><\/i><\/div><div class=\"icon_description\" id=\"Info-list-wrap-3176\" style=\"font-size:32px;\"><h3 class=\"ult-responsive info-list-heading\"  data-ultimate-target='#Info-list-wrap-3176 h3'  data-responsive-json-new='{\"font-size\":\"desktop:16px;\",\"line-height\":\"desktop:24px;\"}'  style=\"font-weight:bold;color:#ffffff;\">%100 g\u00fcvenilir<\/h3><div class=\"icon_description_text ult-responsive\"  data-ultimate-target='#Info-list-wrap-3176 .icon_description_text'  data-responsive-json-new='{\"font-size\":\"desktop:13px;\",\"line-height\":\"desktop:18px;\"}'  style=\"color:#ffffff;\"><\/div><\/div><div class=\"icon_list_connector\" data-animation=\"fadeInLeft\" data-animation-delay=\"03\" style=\"border: none !important;\"><\/div><\/li><li class=\"icon_list_item\" style=\" font-size:96px;\"><div class=\"icon_list_icon\" data-animation=\"\" data-animation-delay=\"03\" style=\"font-size:32px;border-width:1px;border-style:none;background:#ffffff;color:#d44133;border-color:#333333;\"><i class=\"fas fa-hands-helping\" ><\/i><\/div><div class=\"icon_description\" id=\"Info-list-wrap-7646\" style=\"font-size:32px;\"><h3 class=\"ult-responsive info-list-heading\"  data-ultimate-target='#Info-list-wrap-7646 h3'  data-responsive-json-new='{\"font-size\":\"desktop:16px;\",\"line-height\":\"desktop:24px;\"}'  style=\"font-weight:bold;color:#ffffff;\">Profesyonellik<\/h3><div class=\"icon_description_text ult-responsive\"  data-ultimate-target='#Info-list-wrap-7646 .icon_description_text'  data-responsive-json-new='{\"font-size\":\"desktop:13px;\",\"line-height\":\"desktop:18px;\"}'  style=\"color:#ffffff;\"><\/div><\/div><div class=\"icon_list_connector\" data-animation=\"fadeInLeft\" data-animation-delay=\"03\" style=\"border: none !important;\"><\/div><\/li><\/ul><\/div>[\/vc_column][\/vc_row][vc_row equal_height=&#8221;yes&#8221; content_placement=&#8221;top&#8221; bg_type=&#8221;image&#8221; parallax_style=&#8221;vcpb-hz-jquery&#8221; bg_image_new=&#8221;id^1611|url^https:\/\/www.turkishtranslationoffice.com\/tr\/wp-content\/uploads\/2016\/02\/bg-mem.png|caption^null|alt^null|title^bg-mem|description^null&#8221; bg_override=&#8221;ex-full&#8221; type=&#8221;vc_default&#8221; margin_top=&#8221;5&#8243; margin_bottom=&#8221;10&#8243; css=&#8221;.vc_custom_1598695330740{padding-top: 30px !important;padding-bottom: 50px !important;background-color: #ffffff !important;}&#8221;][vc_column][vc_row_inner equal_height=&#8221;yes&#8221; content_placement=&#8221;top&#8221;][vc_column_inner width=&#8221;1\/2&#8243; css=&#8221;.vc_custom_1598695369058{padding-top: 20px !important;}&#8221;]<div id=\"ultimate-heading-930069d8cab60ce1e\" class=\"uvc-heading ult-adjust-bottom-margin ultimate-heading-930069d8cab60ce1e uvc-4047 \" data-hspacer=\"no_spacer\"  data-halign=\"left\" style=\"text-align:left\"><div class=\"uvc-heading-spacer no_spacer\" style=\"top\"><\/div><div class=\"uvc-main-heading ult-responsive\"  data-ultimate-target='.uvc-heading.ultimate-heading-930069d8cab60ce1e h2'  data-responsive-json-new='{\"font-size\":\"desktop:24px;\",\"line-height\":\"desktop:34px;\"}' ><h2 style=\"font-weight:bold;margin-bottom:25px;\">Kalite de\u011ferlendirmesi nas\u0131l yap\u0131l\u0131r?<\/h2><\/div><\/div>[vc_column_text]<span style=\"font-weight: 400;\">Kaliteli terc\u00fcmeyi nas\u0131l sundu\u011fumuzdan bahsettik. Bizden ya da farkl\u0131 bir yerden ald\u0131\u011f\u0131n\u0131z terc\u00fcme hizmetinin kalitesini nas\u0131l de\u011ferlendirebilece\u011finize de\u011finelim. T\u00fcm s\u00fcre\u00e7lerimizde sahip oldu\u011fumuz kalite odakl\u0131 yakla\u015f\u0131m\u0131m\u0131z\u0131n sonucu olarak kalite de\u011ferlendirme hizmetimizi de nesnel ve \u00f6l\u00e7\u00fcmlenebilir kriterlere ba\u011fl\u0131 \u015fekilde sunuyoruz.<\/span><\/p>\n<p>\u00c7eviri alan\u0131nda d\u00fcnya genelinde kabul g\u00f6rm\u00fc\u015f olan statik kalite modeli LISA ve TAUS DQF benzeri dinamik kalite modellerinden sizin projeniz i\u00e7in uygun olan\u0131 se\u00e7iyor ve sonu\u00e7lar\u0131 en k\u0131sa s\u00fcrede size ula\u015ft\u0131r\u0131yoruz. [\/vc_column_text][\/vc_column_inner][vc_column_inner width=&#8221;1\/2&#8243;]<style type=\"text\/css\" data-type=\"the7_shortcodes-inline-css\">.shortcode-single-image-wrap.shortcode-single-image-bce1ff6edbb9ec0382394705d59c41c4.enable-bg-rollover .rollover i,\n.shortcode-single-image-wrap.shortcode-single-image-bce1ff6edbb9ec0382394705d59c41c4.enable-bg-rollover .rollover-video i {\n  background: ;\n  background: -webkit-linear-gradient();\n  background: linear-gradient();\n}\n.shortcode-single-image-wrap.shortcode-single-image-bce1ff6edbb9ec0382394705d59c41c4 .rollover-icon {\n  font-size: 32px;\n  color: #ffffff;\n  min-width: 44px;\n  min-height: 44px;\n  line-height: 44px;\n  border-radius: 100px;\n  border-style: solid;\n  border-width: 0px;\n}\n.dt-icon-bg-on.shortcode-single-image-wrap.shortcode-single-image-bce1ff6edbb9ec0382394705d59c41c4 .rollover-icon {\n  background: rgba(255,255,255,0.3);\n  box-shadow: none;\n}\n<\/style><div class=\"shortcode-single-image-wrap shortcode-single-image-bce1ff6edbb9ec0382394705d59c41c4 alignnone  enable-bg-rollover dt-icon-bg-off\" style=\"margin-top:0px; margin-bottom:0px; margin-left:0px; margin-right:0px; width:1000px;\"><div class=\"shortcode-single-image\"><div class=\"fancy-media-wrap  layzr-bg\" style=\"\"><img loading=\"lazy\" decoding=\"async\" class=\"preload-me lazy-load\" src=\"data:image\/svg+xml,%3Csvg%20xmlns%3D&#39;http%3A%2F%2Fwww.w3.org%2F2000%2Fsvg&#39;%20viewBox%3D&#39;0%200%201000%20793&#39;%2F%3E\" data-src=\"https:\/\/www.turkishtranslationoffice.com\/tr\/wp-content\/uploads\/sites\/1\/2020\/08\/kalite-kontrol-asamalari.png\" data-srcset=\"https:\/\/www.turkishtranslationoffice.com\/tr\/wp-content\/uploads\/sites\/1\/2020\/08\/kalite-kontrol-asamalari.png 1000w\" width=\"1000\" height=\"793\"  data-dt-location=\"https:\/\/www.turkishtranslationoffice.com\/tr\/kalite-konrol-hizmetleri\/kalite-kontrol-asamalari\/\" style=\"\" alt=\"Kalite kontrol a\u015famalar\u0131\" \/><\/div><\/div><\/div>[\/vc_column_inner][\/vc_row_inner][\/vc_column][\/vc_row]<\/p>\n","protected":false},"excerpt":{"rendered":"<p>[vc_row equal_height=&#8221;yes&#8221; content_placement=&#8221;top&#8221; bg_type=&#8221;image&#8221; parallax_style=&#8221;vcpb-default&#8221; bg_image_new=&#8221;id^3953|url^https:\/\/www.turkishtranslationoffice.com\/tr\/wp-content\/uploads\/2020\/08\/kalite-degerlendirme.jpg|caption^null|alt^null|title^kalite-degerlendirme|description^null&#8221; bg_override=&#8221;ex-full&#8221; type=&#8221;vc_default&#8221; margin_top=&#8221;5&#8243; margin_bottom=&#8221;10&#8243; css=&#8221;.vc_custom_1629982691956{padding-top: 2% !important;padding-bottom: 2% !important;}&#8221;][vc_column width=&#8221;1\/2&#8243;][vc_column_text] \u00c7eviri hizmeti ald\u0131\u011f\u0131n\u0131zda terc\u00fcmenin kalitesinden nas\u0131l emin olabilirsiniz? \u00c7eviride kalite oda\u011f\u0131nda sundu\u011fumuz kapsaml\u0131 hizmetlerden biri de terc\u00fcme kalite de\u011ferlendirmesi\u2026 Detayl\u0131 bilgi i\u00e7in bize ula\u015fabilir, \u00fccretsiz teklif talep edebilirsiniz.[\/vc_column_text][vc_row_inner equal_height=&#8221;yes&#8221; content_placement=&#8221;top&#8221;][vc_column_inner css=&#8221;.vc_custom_1644307827981{padding-bottom: 32px !important;}&#8221;][\/vc_column_inner][\/vc_row_inner][\/vc_column][vc_column width=&#8221;1\/2&#8243;][\/vc_column][\/vc_row][vc_row equal_height=&#8221;yes&#8221; content_placement=&#8221;top&#8221; bg_type=&#8221;image&#8221; parallax_style=&#8221;vcpb-hz-jquery&#8221; bg_image_new=&#8221;id^1611|url^https:\/\/www.turkishtranslationoffice.com\/tr\/wp-content\/uploads\/2016\/02\/bg-mem.png|caption^null|alt^null|title^bg-mem|description^null&#8221;&hellip;<\/p>\n","protected":false},"author":1,"featured_media":0,"parent":0,"menu_order":10,"comment_status":"closed","ping_status":"closed","template":"","meta":{"footnotes":""},"aioseo_notices":[],"_links":{"self":[{"href":"https:\/\/www.turkishtranslationoffice.com\/tr\/wp-json\/wp\/v2\/pages\/2812"}],"collection":[{"href":"https:\/\/www.turkishtranslationoffice.com\/tr\/wp-json\/wp\/v2\/pages"}],"about":[{"href":"https:\/\/www.turkishtranslationoffice.com\/tr\/wp-json\/wp\/v2\/types\/page"}],"author":[{"embeddable":true,"href":"https:\/\/www.turkishtranslationoffice.com\/tr\/wp-json\/wp\/v2\/users\/1"}],"replies":[{"embeddable":true,"href":"https:\/\/www.turkishtranslationoffice.com\/tr\/wp-json\/wp\/v2\/comments?post=2812"}],"version-history":[{"count":2,"href":"https:\/\/www.turkishtranslationoffice.com\/tr\/wp-json\/wp\/v2\/pages\/2812\/revisions"}],"predecessor-version":[{"id":5672,"href":"https:\/\/www.turkishtranslationoffice.com\/tr\/wp-json\/wp\/v2\/pages\/2812\/revisions\/5672"}],"wp:attachment":[{"href":"https:\/\/www.turkishtranslationoffice.com\/tr\/wp-json\/wp\/v2\/media?parent=2812"}],"curies":[{"name":"wp","href":"https:\/\/api.w.org\/{rel}","templated":true}]}}