{"id":2834,"date":"2020-08-13T14:45:11","date_gmt":"2020-08-13T11:45:11","guid":{"rendered":"https:\/\/www.turkishtranslationoffice.com\/tr\/akademik-tercume-copy\/"},"modified":"2022-02-08T11:18:10","modified_gmt":"2022-02-08T08:18:10","slug":"otomotiv-tercumesi","status":"publish","type":"page","link":"https:\/\/www.turkishtranslationoffice.com\/tr\/otomotiv-tercumesi\/","title":{"rendered":"Otomotiv"},"content":{"rendered":"<p>[vc_row equal_height=&#8221;yes&#8221; content_placement=&#8221;top&#8221; bg_type=&#8221;image&#8221; parallax_style=&#8221;vcpb-default&#8221; bg_image_new=&#8221;id^4131|url^https:\/\/www.turkishtranslationoffice.com\/tr\/wp-content\/uploads\/2020\/09\/otomotiv-1.jpg|caption^null|alt^null|title^otomotiv|description^null&#8221; bg_image_repeat=&#8221;no-repeat&#8221; bg_override=&#8221;ex-full&#8221; type=&#8221;vc_default&#8221; margin_top=&#8221;5&#8243; margin_bottom=&#8221;10&#8243; css=&#8221;.vc_custom_1629983678621{padding-top: 2% !important;padding-bottom: 2% !important;}&#8221;][vc_column width=&#8221;1\/2&#8243;]<div id=\"ultimate-heading-301369e1b3ecdb81b\" class=\"uvc-heading ult-adjust-bottom-margin ultimate-heading-301369e1b3ecdb81b uvc-9815 \" data-hspacer=\"no_spacer\"  data-halign=\"left\" style=\"text-align:left\"><div class=\"uvc-heading-spacer no_spacer\" style=\"top\"><\/div><div class=\"uvc-main-heading ult-responsive\"  data-ultimate-target='.uvc-heading.ultimate-heading-301369e1b3ecdb81b h1'  data-responsive-json-new='{\"font-size\":\"desktop:28px;\",\"line-height\":\"desktop:34px;\"}' ><h1 style=\"font-weight:bold;color:#ffffff;margin-bottom:25px;\">Otomotiv Terc\u00fcmesi<\/h1><\/div><\/div>[vc_column_text]<\/p>\n<p style=\"text-align: left;\"><span style=\"font-weight: 400; font-size: 18px; color: #ffffff;\">Sekt\u00f6r uzman\u0131 Turkish Translation Office\u2019ten \u00e7ok h\u0131zl\u0131, g\u00fcvenilir ve ekonomik otomotiv \u00e7evirisi hizmetleri al\u0131n karl\u0131 \u00e7\u0131k\u0131n! Kulland\u0131\u011f\u0131m\u0131z \u00e7eviri teknolojileri sayesinde b\u00fcy\u00fck projelerde y\u00fcksek tutarl\u0131l\u0131k ve kalite bir arada!<\/span><\/p>\n<p><span style=\"font-weight: 400; font-size: 18px; color: #ffffff;\">\u00dccretsiz teklifinizi hemen almak i\u00e7in t\u0131klay\u0131n!<\/span>[\/vc_column_text][vc_row_inner equal_height=&#8221;yes&#8221; content_placement=&#8221;top&#8221;][vc_column_inner css=&#8221;.vc_custom_1644308283111{padding-bottom: 32px !important;}&#8221;]<style type=\"text\/css\" data-type=\"the7_shortcodes-inline-css\">#default-btn-02a0e124ba6001378ee34f743b425a7f.ico-right-side > i {\n  margin-right: 0px;\n  margin-left: 8px;\n}\n#default-btn-02a0e124ba6001378ee34f743b425a7f > i {\n  margin-right: 8px;\n}\n#default-btn-02a0e124ba6001378ee34f743b425a7f * {\n  vertical-align: middle;\n}\n<\/style><a href=\"\/tr\/teklif-alin\/\" class=\"default-btn-shortcode dt-btn dt-btn-l link-hover-off button-tto-grey btn-inline-left  vc_custom_1600270521108\" id=\"default-btn-02a0e124ba6001378ee34f743b425a7f\" style=\"width:225px;\"><span>\u00dccretsiz Teklif Al\u0131n<\/span><\/a><style type=\"text\/css\" data-type=\"the7_shortcodes-inline-css\">#default-btn-0e886fec77176af97477533f70d51a2a.ico-right-side > i {\n  margin-right: 0px;\n  margin-left: 8px;\n}\n#default-btn-0e886fec77176af97477533f70d51a2a > i {\n  margin-right: 8px;\n}\n#default-btn-0e886fec77176af97477533f70d51a2a * {\n  vertical-align: middle;\n}\n<\/style><a href=\"\/tr\/iletisim\/\" class=\"default-btn-shortcode dt-btn dt-btn-l link-hover-off button-tto-red btn-inline-left  vc_custom_1600270530391\" id=\"default-btn-0e886fec77176af97477533f70d51a2a\" style=\"width:225px;\"><span>Bize Ula\u015f\u0131n<\/span><\/a>[\/vc_column_inner][\/vc_row_inner][\/vc_column][vc_column width=&#8221;1\/2&#8243;][\/vc_column][\/vc_row][vc_row equal_height=&#8221;yes&#8221; content_placement=&#8221;top&#8221; bg_type=&#8221;bg_color&#8221; bg_override=&#8221;ex-full&#8221; type=&#8221;vc_default&#8221; margin_top=&#8221;5&#8243; margin_bottom=&#8221;10&#8243; css=&#8221;.vc_custom_1597317333042{padding-top: 30px !important;padding-bottom: 50px !important;}&#8221; bg_color_value=&#8221;#f4f4f4&#8243;][vc_column css=&#8221;.vc_custom_1491746299333{padding-bottom: 0px !important;}&#8221;][vc_row_inner equal_height=&#8221;yes&#8221; content_placement=&#8221;top&#8221;][vc_column_inner width=&#8221;1\/2&#8243;]<style type=\"text\/css\" data-type=\"the7_shortcodes-inline-css\">.shortcode-single-image-wrap.shortcode-single-image-d3b9d50e5ffd0bdab44904f18ab96966.enable-bg-rollover .rollover i,\n.shortcode-single-image-wrap.shortcode-single-image-d3b9d50e5ffd0bdab44904f18ab96966.enable-bg-rollover .rollover-video i {\n  background: ;\n  background: -webkit-linear-gradient();\n  background: linear-gradient();\n}\n.shortcode-single-image-wrap.shortcode-single-image-d3b9d50e5ffd0bdab44904f18ab96966 .rollover-icon {\n  font-size: 32px;\n  color: #ffffff;\n  min-width: 44px;\n  min-height: 44px;\n  line-height: 44px;\n  border-radius: 100px;\n  border-style: solid;\n  border-width: 0px;\n}\n.dt-icon-bg-on.shortcode-single-image-wrap.shortcode-single-image-d3b9d50e5ffd0bdab44904f18ab96966 .rollover-icon {\n  background: rgba(255,255,255,0.3);\n  box-shadow: none;\n}\n<\/style><div class=\"shortcode-single-image-wrap shortcode-single-image-d3b9d50e5ffd0bdab44904f18ab96966 alignnone  enable-bg-rollover dt-icon-bg-off\" style=\"margin-top:0px; margin-bottom:0px; margin-left:0px; margin-right:0px; width:1000px;\"><div class=\"shortcode-single-image\"><div class=\"fancy-media-wrap  layzr-bg\" style=\"border-radius:10px;\"><img loading=\"lazy\" decoding=\"async\" class=\"preload-me lazy-load\" src=\"data:image\/svg+xml,%3Csvg%20xmlns%3D&#39;http%3A%2F%2Fwww.w3.org%2F2000%2Fsvg&#39;%20viewBox%3D&#39;0%200%201000%20700&#39;%2F%3E\" data-src=\"https:\/\/www.turkishtranslationoffice.com\/tr\/wp-content\/uploads\/sites\/1\/2020\/09\/otomotiv-cevirisi-1000x700.jpg\" data-srcset=\"https:\/\/www.turkishtranslationoffice.com\/tr\/wp-content\/uploads\/sites\/1\/2020\/09\/otomotiv-cevirisi-1000x700.jpg 1000w, https:\/\/www.turkishtranslationoffice.com\/tr\/wp-content\/uploads\/sites\/1\/2020\/09\/otomotiv-cevirisi-1285x900.jpg 1285w\" width=\"1000\" height=\"700\"  data-dt-location=\"https:\/\/www.turkishtranslationoffice.com\/tr\/otomotiv-tercumesi\/otomotiv-cevirisi\/\" style=\"border-radius:10px;\" alt=\"otomotiv end\u00fcstrisi\" \/><\/div><\/div><\/div>[\/vc_column_inner][vc_column_inner width=&#8221;1\/2&#8243; css=&#8221;.vc_custom_1596550089277{padding-top: 20px !important;}&#8221;]<div id=\"ultimate-heading-758369e1b3ecdc1a8\" class=\"uvc-heading ult-adjust-bottom-margin ultimate-heading-758369e1b3ecdc1a8 uvc-5745 \" data-hspacer=\"no_spacer\"  data-halign=\"left\" style=\"text-align:left\"><div class=\"uvc-heading-spacer no_spacer\" style=\"top\"><\/div><div class=\"uvc-main-heading ult-responsive\"  data-ultimate-target='.uvc-heading.ultimate-heading-758369e1b3ecdc1a8 h2'  data-responsive-json-new='{\"font-size\":\"desktop:24px;\",\"line-height\":\"desktop:34px;\"}' ><h2 style=\"font-weight:bold;margin-bottom:25px;\">Otomotiv \u00e7evirisi<\/h2><\/div><\/div>[vc_column_text]<span style=\"font-weight: 400;\">Otomotiv sanayisi interdisipliner bir alan oldu\u011fu i\u00e7in \u00fclkelerin lokomotif sanayilerinden biridir. Demir, \u00e7elik, petrokimya, cam, ula\u015f\u0131m, turizm, pazarlama gibi pek \u00e7ok farkl\u0131 sekt\u00f6rde yans\u0131malar\u0131n\u0131 g\u00f6rd\u00fc\u011f\u00fcm\u00fcz otomotiv end\u00fcstrisinde \u00fcretimde ithalat ve ihracat da i\u015fin i\u00e7ine giriyor. Dolay\u0131s\u0131yla sekt\u00f6r genelinde h\u0131zl\u0131 ve kaliteli \u00e7eviri alan\u0131nda olduk\u00e7a b\u00fcy\u00fck bir ihtiya\u00e7 var.<\/span><\/p>\n<p><span style=\"font-weight: 400;\">Turkish Translation Office olarak otomotiv alan\u0131nda Hyundai, Isuzu gibi d\u00fcnya devi pek \u00e7ok firmaya sundu\u011fumuz kaliteli hizmetlerimizden siz de yararlanmak ister misiniz? \u00c7ok dilli otomotiv terc\u00fcmesi projelerinizde kampanyal\u0131 \u00e7eviri fiyatlar\u0131m\u0131zdan faydalanmak i\u00e7in teklifinizi \u015fimdi isteyin!<\/span>[\/vc_column_text][\/vc_column_inner][\/vc_row_inner][\/vc_column][\/vc_row][vc_row bg_type=&#8221;image&#8221; bg_override=&#8221;full&#8221; css=&#8221;.vc_custom_1596535087001{background-image: url(https:\/\/www.turkishtranslationoffice.com\/tr\/wp-content\/uploads\/2020\/08\/uyari.jpg?id=2304) !important;}&#8221;][vc_column]<div class=\"smile_icon_list_wrap ult_info_list_container ult-adjust-bottom-margin   vc_custom_1596535225225\"><ul class=\"smile_icon_list top circle with_bg\"><li class=\"icon_list_item\" style=\" font-size:96px;\"><div class=\"icon_list_icon\" data-animation=\"\" data-animation-delay=\"03\" style=\"font-size:32px;border-width:1px;border-style:none;background:#ffffff;color:#d44133;border-color:#333333;\"><i class=\"fas fa-check-double\" ><\/i><\/div><div class=\"icon_description\" id=\"Info-list-wrap-6412\" style=\"font-size:32px;\"><h3 class=\"ult-responsive info-list-heading\"  data-ultimate-target='#Info-list-wrap-6412 h3'  data-responsive-json-new='{\"font-size\":\"desktop:16px;\",\"line-height\":\"desktop:24px;\"}'  style=\"font-weight:bold;color:#ffffff;\">H\u0131zl\u0131 ve G\u00fcvenilir Otomotiv \u00c7evirisi<\/h3><div class=\"icon_description_text ult-responsive\"  data-ultimate-target='#Info-list-wrap-6412 .icon_description_text'  data-responsive-json-new='{\"font-size\":\"desktop:13px;\",\"line-height\":\"desktop:18px;\"}'  style=\"color:#ffffff;\"><\/div><\/div><div class=\"icon_list_connector\" data-animation=\"fadeInLeft\" data-animation-delay=\"03\" style=\"border: none !important;\"><\/div><\/li><li class=\"icon_list_item\" style=\" font-size:96px;\"><div class=\"icon_list_icon\" data-animation=\"\" data-animation-delay=\"03\" style=\"font-size:32px;border-width:1px;border-style:none;background:#ffffff;color:#d44133;border-color:#333333;\"><i class=\"fas fa-users-cog\" ><\/i><\/div><div class=\"icon_description\" id=\"Info-list-wrap-3499\" style=\"font-size:32px;\"><h3 class=\"ult-responsive info-list-heading\"  data-ultimate-target='#Info-list-wrap-3499 h3'  data-responsive-json-new='{\"font-size\":\"desktop:16px;\",\"line-height\":\"desktop:24px;\"}'  style=\"font-weight:bold;color:#ffffff;\">Teknik Alanlarda Uzman \u00c7evirmenler<\/h3><div class=\"icon_description_text ult-responsive\"  data-ultimate-target='#Info-list-wrap-3499 .icon_description_text'  data-responsive-json-new='{\"font-size\":\"desktop:13px;\",\"line-height\":\"desktop:18px;\"}'  style=\"color:#ffffff;\"><\/div><\/div><div class=\"icon_list_connector\" data-animation=\"fadeInLeft\" data-animation-delay=\"03\" style=\"border: none !important;\"><\/div><\/li><li class=\"icon_list_item\" style=\" font-size:96px;\"><div class=\"icon_list_icon\" data-animation=\"\" data-animation-delay=\"03\" style=\"font-size:32px;border-width:1px;border-style:none;background:#ffffff;color:#d44133;border-color:#333333;\"><i class=\"fas fa-vote-yea\" ><\/i><\/div><div class=\"icon_description\" id=\"Info-list-wrap-1691\" style=\"font-size:32px;\"><h3 class=\"ult-responsive info-list-heading\"  data-ultimate-target='#Info-list-wrap-1691 h3'  data-responsive-json-new='{\"font-size\":\"desktop:16px;\",\"line-height\":\"desktop:24px;\"}'  style=\"font-weight:bold;color:#ffffff;\">\u00c7eviride Kalite Kontrol Ad\u0131mlar\u0131<\/h3><div class=\"icon_description_text ult-responsive\"  data-ultimate-target='#Info-list-wrap-1691 .icon_description_text'  data-responsive-json-new='{\"font-size\":\"desktop:13px;\",\"line-height\":\"desktop:18px;\"}'  style=\"color:#ffffff;\"><\/div><\/div><div class=\"icon_list_connector\" data-animation=\"fadeInLeft\" data-animation-delay=\"03\" style=\"border: none !important;\"><\/div><\/li><li class=\"icon_list_item\" style=\" font-size:96px;\"><div class=\"icon_list_icon\" data-animation=\"\" data-animation-delay=\"03\" style=\"font-size:32px;border-width:1px;border-style:none;background:#ffffff;color:#d44133;border-color:#333333;\"><i class=\"fas fa-laptop-code\" ><\/i><\/div><div class=\"icon_description\" id=\"Info-list-wrap-9832\" style=\"font-size:32px;\"><h3 class=\"ult-responsive info-list-heading\"  data-ultimate-target='#Info-list-wrap-9832 h3'  data-responsive-json-new='{\"font-size\":\"desktop:16px;\",\"line-height\":\"desktop:24px;\"}'  style=\"font-weight:bold;color:#ffffff;\">Bilgisayar Destekli Terc\u00fcme<\/h3><div class=\"icon_description_text ult-responsive\"  data-ultimate-target='#Info-list-wrap-9832 .icon_description_text'  data-responsive-json-new='{\"font-size\":\"desktop:13px;\",\"line-height\":\"desktop:18px;\"}'  style=\"color:#ffffff;\"><\/div><\/div><div class=\"icon_list_connector\" data-animation=\"fadeInLeft\" data-animation-delay=\"03\" style=\"border: none !important;\"><\/div><\/li><\/ul><\/div>[\/vc_column][\/vc_row][vc_row equal_height=&#8221;yes&#8221; content_placement=&#8221;top&#8221; bg_type=&#8221;bg_color&#8221; bg_override=&#8221;full&#8221; type=&#8221;vc_default&#8221; margin_top=&#8221;5&#8243; margin_bottom=&#8221;10&#8243; css=&#8221;.vc_custom_1598712722445{padding-top: 30px !important;padding-bottom: 50px !important;}&#8221; bg_color_value=&#8221;#ffffff&#8221;][vc_column][vc_row_inner equal_height=&#8221;yes&#8221; content_placement=&#8221;top&#8221;][vc_column_inner width=&#8221;1\/2&#8243; css=&#8221;.vc_custom_1596550716406{padding-top: 10px !important;}&#8221;]<div id=\"ultimate-heading-745569e1b3ecdc2bd\" class=\"uvc-heading ult-adjust-bottom-margin ultimate-heading-745569e1b3ecdc2bd uvc-4156 \" data-hspacer=\"no_spacer\"  data-halign=\"left\" style=\"text-align:left\"><div class=\"uvc-heading-spacer no_spacer\" style=\"top\"><\/div><div class=\"uvc-main-heading ult-responsive\"  data-ultimate-target='.uvc-heading.ultimate-heading-745569e1b3ecdc2bd h2'  data-responsive-json-new='{\"font-size\":\"desktop:24px;\",\"line-height\":\"desktop:34px;\"}' ><h2 style=\"font-weight:bold;margin-bottom:25px;\">Kaliteli otomotiv terc\u00fcmesi nas\u0131l yap\u0131l\u0131r?<\/h2><\/div><\/div><div class=\"standard-arrow bullet-top\"><ul>\n<li><span style=\"font-weight: 400;\">Her \u015feyden \u00f6nce teknik alanlarda e\u011fitimli ve tecr\u00fcbe sahibi uzmanlarla \u00e7al\u0131\u015fman\u0131n g\u00fcc\u00fcne inan\u0131yoruz. Bu sayede terc\u00fcme s\u00fcreci bitti\u011finde d\u00fczeltiye ayr\u0131lan s\u00fcre de azal\u0131yor, maliyet de!<\/span><\/li>\n<li><span style=\"font-weight: 400;\">Farkl\u0131 alanlarda uzman 2500&#8217;den fazla \u00e7evirmen a\u011f\u0131m\u0131zda sizin alan\u0131n\u0131zda en tecr\u00fcbeli terc\u00fcmanlar\u0131 projeniz i\u00e7in g\u00f6revlendirerek size \u00f6zel bir ekip olu\u015fturuyoruz. Kulland\u0131\u011f\u0131m\u0131z CAT ara\u00e7lar\u0131 ve terim bankalar\u0131 sayesinde b\u00fcy\u00fck projelerde de y\u00fcksek tutarl\u0131l\u0131\u011f\u0131 garanti alt\u0131na al\u0131yoruz.<\/span><\/li>\n<li><span style=\"font-weight: 400;\">Tamamlanan terc\u00fcme metinlerin kalite kontrol\u00fcn\u00fc ger\u00e7ekle\u015ftirmek \u00fczere kalite departman\u0131m\u0131za iletiyoruz. Edit\u00f6r, proofreader ve DTP kontrollerinin ard\u0131ndan metin kalitesinde %25 ile % 40 aras\u0131nda bir art\u0131\u015fa ula\u015f\u0131yoruz.<\/span><\/li>\n<li><span style=\"font-weight: 400;\">Otomasyona dayal\u0131 proje y\u00f6netim s\u00fcre\u00e7lerimizi bulut tabanl\u0131 platformumuz \u00fczerinden y\u00fcr\u00fct\u00fcyoruz. M\u00fc\u015fterilerimize de t\u00fcm proje detaylar\u0131n\u0131 y\u00f6netirken karma\u015fadan kurtulup y\u00fcksek verimlilik ile \u00e7al\u0131\u015fmalar\u0131n\u0131 sa\u011flayacak m\u00fc\u015fteri portal\u0131 hesab\u0131 olu\u015fturuyoruz.<\/span><\/li>\n<li><span style=\"font-weight: 400;\">Sahip oldu\u011fumuz kalite sertifikalar\u0131 sayesinde t\u00fcm i\u015f s\u00fcre\u00e7lerimizde profesyonel ve kalite odakl\u0131 bir yakla\u015f\u0131m y\u00fcr\u00fct\u00fcyoruz. <\/span><\/li>\n<\/ul>\n<\/div>[\/vc_column_inner][vc_column_inner width=&#8221;1\/2&#8243;]<style type=\"text\/css\" data-type=\"the7_shortcodes-inline-css\">.shortcode-single-image-wrap.shortcode-single-image-b6426cb89ba160268d285c54fef77e00.enable-bg-rollover .rollover i,\n.shortcode-single-image-wrap.shortcode-single-image-b6426cb89ba160268d285c54fef77e00.enable-bg-rollover .rollover-video i {\n  background: ;\n  background: -webkit-linear-gradient();\n  background: linear-gradient();\n}\n.shortcode-single-image-wrap.shortcode-single-image-b6426cb89ba160268d285c54fef77e00 .rollover-icon {\n  font-size: 32px;\n  color: #ffffff;\n  min-width: 44px;\n  min-height: 44px;\n  line-height: 44px;\n  border-radius: 100px;\n  border-style: solid;\n  border-width: 0px;\n}\n.dt-icon-bg-on.shortcode-single-image-wrap.shortcode-single-image-b6426cb89ba160268d285c54fef77e00 .rollover-icon {\n  background: rgba(255,255,255,0.3);\n  box-shadow: none;\n}\n<\/style><div class=\"shortcode-single-image-wrap shortcode-single-image-b6426cb89ba160268d285c54fef77e00 alignnone  enable-bg-rollover dt-icon-bg-off\" style=\"margin-top:0px; margin-bottom:0px; margin-left:0px; margin-right:0px; width:1000px;\"><div class=\"shortcode-single-image\"><div class=\"fancy-media-wrap  layzr-bg\" style=\"border-radius:10px;\"><img loading=\"lazy\" decoding=\"async\" class=\"preload-me lazy-load\" src=\"data:image\/svg+xml,%3Csvg%20xmlns%3D&#39;http%3A%2F%2Fwww.w3.org%2F2000%2Fsvg&#39;%20viewBox%3D&#39;0%200%201000%20700&#39;%2F%3E\" data-src=\"https:\/\/www.turkishtranslationoffice.com\/tr\/wp-content\/uploads\/sites\/1\/2020\/09\/kaliteli-otomotiv-tercumesi-nasil-yapilir-1000x700.jpg\" data-srcset=\"https:\/\/www.turkishtranslationoffice.com\/tr\/wp-content\/uploads\/sites\/1\/2020\/09\/kaliteli-otomotiv-tercumesi-nasil-yapilir-1000x700.jpg 1000w, https:\/\/www.turkishtranslationoffice.com\/tr\/wp-content\/uploads\/sites\/1\/2020\/09\/kaliteli-otomotiv-tercumesi-nasil-yapilir-1525x1068.jpg 1525w\" width=\"1000\" height=\"700\"  data-dt-location=\"https:\/\/www.turkishtranslationoffice.com\/tr\/otomotiv-tercumesi\/kaliteli-otomotiv-tercumesi-nasil-yapilir\/\" style=\"border-radius:10px;\" alt=\"e\u011fitimli ve tecr\u00fcbe sahibi uzmanlar\" \/><\/div><\/div><\/div>[\/vc_column_inner][\/vc_row_inner][\/vc_column][\/vc_row][vc_row content_placement=&#8221;middle&#8221; bg_type=&#8221;grad&#8221; bg_override=&#8221;ex-full&#8221; bg_grad=&#8221;background: -webkit-gradient(linear, left top, left bottom, color-stop(0%, #365088), color-stop(100%, #EA524D));background: -moz-linear-gradient(135deg,#365088 0%,#EA524D 100%);background: -webkit-linear-gradient(135deg,#365088 0%,#EA524D 100%);background: -o-linear-gradient(135deg,#365088 0%,#EA524D 100%);background: -ms-linear-gradient(135deg,#365088 0%,#EA524D 100%);background: linear-gradient(135deg,#365088 0%,#EA524D 100%);&#8221;][vc_column width=&#8221;3\/4&#8243;][vc_column_text]<strong style=\"color: #ffffff; font-size: 24px;\">Otomotiv terc\u00fcmesinde h\u0131zl\u0131 ve g\u00fcvenli bir yolculuk i\u00e7in co-pilotunuz olmaya haz\u0131r\u0131z! \u015eimdi \u00fccretsiz teklifinizi isteyin!<\/strong>[\/vc_column_text][\/vc_column][vc_column width=&#8221;1\/4&#8243;][vc_btn title=&#8221;Teklif Al&#8221; color=&#8221;warning&#8221; size=&#8221;lg&#8221; align=&#8221;right&#8221; link=&#8221;url:%2Ftr%2Fteklif-alin%2F|||&#8221;][\/vc_column][\/vc_row]<\/p>\n","protected":false},"excerpt":{"rendered":"<p>[vc_row equal_height=&#8221;yes&#8221; content_placement=&#8221;top&#8221; bg_type=&#8221;image&#8221; parallax_style=&#8221;vcpb-default&#8221; bg_image_new=&#8221;id^4131|url^https:\/\/www.turkishtranslationoffice.com\/tr\/wp-content\/uploads\/2020\/09\/otomotiv-1.jpg|caption^null|alt^null|title^otomotiv|description^null&#8221; bg_image_repeat=&#8221;no-repeat&#8221; bg_override=&#8221;ex-full&#8221; type=&#8221;vc_default&#8221; margin_top=&#8221;5&#8243; margin_bottom=&#8221;10&#8243; css=&#8221;.vc_custom_1629983678621{padding-top: 2% !important;padding-bottom: 2% !important;}&#8221;][vc_column width=&#8221;1\/2&#8243;][vc_column_text] Sekt\u00f6r uzman\u0131 Turkish Translation Office\u2019ten \u00e7ok h\u0131zl\u0131, g\u00fcvenilir ve ekonomik otomotiv \u00e7evirisi hizmetleri al\u0131n karl\u0131 \u00e7\u0131k\u0131n! Kulland\u0131\u011f\u0131m\u0131z \u00e7eviri teknolojileri sayesinde b\u00fcy\u00fck projelerde y\u00fcksek tutarl\u0131l\u0131k ve kalite bir arada! \u00dccretsiz teklifinizi hemen almak i\u00e7in t\u0131klay\u0131n![\/vc_column_text][vc_row_inner equal_height=&#8221;yes&#8221; content_placement=&#8221;top&#8221;][vc_column_inner css=&#8221;.vc_custom_1644308283111{padding-bottom: 32px&hellip;<\/p>\n","protected":false},"author":1,"featured_media":0,"parent":0,"menu_order":10,"comment_status":"closed","ping_status":"closed","template":"","meta":{"footnotes":""},"aioseo_notices":[],"_links":{"self":[{"href":"https:\/\/www.turkishtranslationoffice.com\/tr\/wp-json\/wp\/v2\/pages\/2834"}],"collection":[{"href":"https:\/\/www.turkishtranslationoffice.com\/tr\/wp-json\/wp\/v2\/pages"}],"about":[{"href":"https:\/\/www.turkishtranslationoffice.com\/tr\/wp-json\/wp\/v2\/types\/page"}],"author":[{"embeddable":true,"href":"https:\/\/www.turkishtranslationoffice.com\/tr\/wp-json\/wp\/v2\/users\/1"}],"replies":[{"embeddable":true,"href":"https:\/\/www.turkishtranslationoffice.com\/tr\/wp-json\/wp\/v2\/comments?post=2834"}],"version-history":[{"count":2,"href":"https:\/\/www.turkishtranslationoffice.com\/tr\/wp-json\/wp\/v2\/pages\/2834\/revisions"}],"predecessor-version":[{"id":5689,"href":"https:\/\/www.turkishtranslationoffice.com\/tr\/wp-json\/wp\/v2\/pages\/2834\/revisions\/5689"}],"wp:attachment":[{"href":"https:\/\/www.turkishtranslationoffice.com\/tr\/wp-json\/wp\/v2\/media?parent=2834"}],"curies":[{"name":"wp","href":"https:\/\/api.w.org\/{rel}","templated":true}]}}