{"id":2905,"date":"2020-08-14T11:51:10","date_gmt":"2020-08-14T08:51:10","guid":{"rendered":"https:\/\/www.turkishtranslationoffice.com\/tr\/edebi-tercume-copy\/"},"modified":"2022-02-08T11:07:15","modified_gmt":"2022-02-08T08:07:15","slug":"hukuk-tercumesi","status":"publish","type":"page","link":"https:\/\/www.turkishtranslationoffice.com\/tr\/hukuk-tercumesi\/","title":{"rendered":"Hukuk"},"content":{"rendered":"<p>[vc_row equal_height=&#8221;yes&#8221; content_placement=&#8221;top&#8221; bg_type=&#8221;image&#8221; parallax_style=&#8221;vcpb-default&#8221; bg_image_new=&#8221;id^4128|url^https:\/\/www.turkishtranslationoffice.com\/tr\/wp-content\/uploads\/2020\/09\/hukuk-1.jpg|caption^null|alt^null|title^hukuk|description^null&#8221; bg_image_repeat=&#8221;no-repeat&#8221; bg_override=&#8221;ex-full&#8221; type=&#8221;vc_default&#8221; margin_top=&#8221;5&#8243; margin_bottom=&#8221;10&#8243; css=&#8221;.vc_custom_1629983516707{padding-top: 2% !important;padding-bottom: 2% !important;}&#8221;][vc_column width=&#8221;1\/2&#8243;]<div id=\"ultimate-heading-704469f53ad176406\" class=\"uvc-heading ult-adjust-bottom-margin ultimate-heading-704469f53ad176406 uvc-8102 \" data-hspacer=\"no_spacer\"  data-halign=\"left\" style=\"text-align:left\"><div class=\"uvc-heading-spacer no_spacer\" style=\"top\"><\/div><div class=\"uvc-main-heading ult-responsive\"  data-ultimate-target='.uvc-heading.ultimate-heading-704469f53ad176406 h1'  data-responsive-json-new='{\"font-size\":\"desktop:28px;\",\"line-height\":\"desktop:34px;\"}' ><h1 style=\"font-weight:bold;margin-bottom:25px;\">Hukuki Terc\u00fcme Hizmetleri<\/h1><\/div><\/div>[vc_column_text]<\/p>\n<p style=\"text-align: left;\"><span style=\"font-weight: 400; font-size: 18px;\">Uluslararas\u0131 hukukta uzmanl\u0131k alanlar\u0131na hakim profesyonel hukuki terc\u00fcme b\u00fcrosu: Turkish Translation Office<\/span><\/p>\n<p><span style=\"font-weight: 400; font-size: 18px;\">T\u00fcm dillerde g\u00fcvenilir ve uygun fiyatl\u0131 hukuk \u00e7evirisi teklifinizi beklemeden al\u0131n, \u00fcstelik \u00fccretsiz!<\/span>[\/vc_column_text][vc_row_inner equal_height=&#8221;yes&#8221; content_placement=&#8221;top&#8221;][vc_column_inner css=&#8221;.vc_custom_1644307626411{padding-bottom: 32px !important;}&#8221;]<style type=\"text\/css\" data-type=\"the7_shortcodes-inline-css\">#default-btn-8b2657fd32652607a4981a9d6791ca9f.ico-right-side > i {\n  margin-right: 0px;\n  margin-left: 8px;\n}\n#default-btn-8b2657fd32652607a4981a9d6791ca9f > i {\n  margin-right: 8px;\n}\n#default-btn-8b2657fd32652607a4981a9d6791ca9f * {\n  vertical-align: middle;\n}\n<\/style><a href=\"\/tr\/teklif-alin\/\" class=\"default-btn-shortcode dt-btn dt-btn-l link-hover-off button-tto-grey btn-inline-left  vc_custom_1600270442342\" id=\"default-btn-8b2657fd32652607a4981a9d6791ca9f\" style=\"width:225px;\"><span>\u00dccretsiz Teklif Al\u0131n<\/span><\/a><style type=\"text\/css\" data-type=\"the7_shortcodes-inline-css\">#default-btn-2e5ff9443b2f821f5231e9fcbdb28f65.ico-right-side > i {\n  margin-right: 0px;\n  margin-left: 8px;\n}\n#default-btn-2e5ff9443b2f821f5231e9fcbdb28f65 > i {\n  margin-right: 8px;\n}\n#default-btn-2e5ff9443b2f821f5231e9fcbdb28f65 * {\n  vertical-align: middle;\n}\n<\/style><a href=\"\/tr\/iletisim\/\" class=\"default-btn-shortcode dt-btn dt-btn-l link-hover-off button-tto-red btn-inline-left  vc_custom_1604054193106\" id=\"default-btn-2e5ff9443b2f821f5231e9fcbdb28f65\" style=\"width:225px;\"><span>Bize Ula\u015f\u0131n<\/span><\/a>[\/vc_column_inner][\/vc_row_inner][\/vc_column][vc_column width=&#8221;1\/2&#8243;][\/vc_column][\/vc_row][vc_row equal_height=&#8221;yes&#8221; content_placement=&#8221;top&#8221; bg_type=&#8221;bg_color&#8221; bg_override=&#8221;ex-full&#8221; type=&#8221;vc_default&#8221; margin_top=&#8221;5&#8243; margin_bottom=&#8221;10&#8243; css=&#8221;.vc_custom_1597395269738{padding-top: 30px !important;padding-bottom: 50px !important;}&#8221; bg_color_value=&#8221;#f4f4f4&#8243;][vc_column css=&#8221;.vc_custom_1491746299333{padding-bottom: 0px !important;}&#8221;][vc_row_inner equal_height=&#8221;yes&#8221; content_placement=&#8221;top&#8221;][vc_column_inner width=&#8221;1\/2&#8243;]<style type=\"text\/css\" data-type=\"the7_shortcodes-inline-css\">.shortcode-single-image-wrap.shortcode-single-image-c57120093903a7992ddb27eb662e7b61.enable-bg-rollover .rollover i,\n.shortcode-single-image-wrap.shortcode-single-image-c57120093903a7992ddb27eb662e7b61.enable-bg-rollover .rollover-video i {\n  background: ;\n  background: -webkit-linear-gradient();\n  background: linear-gradient();\n}\n.shortcode-single-image-wrap.shortcode-single-image-c57120093903a7992ddb27eb662e7b61 .rollover-icon {\n  font-size: 32px;\n  color: #ffffff;\n  min-width: 44px;\n  min-height: 44px;\n  line-height: 44px;\n  border-radius: 100px;\n  border-style: solid;\n  border-width: 0px;\n}\n.dt-icon-bg-on.shortcode-single-image-wrap.shortcode-single-image-c57120093903a7992ddb27eb662e7b61 .rollover-icon {\n  background: rgba(255,255,255,0.3);\n  box-shadow: none;\n}\n<\/style><div class=\"shortcode-single-image-wrap shortcode-single-image-c57120093903a7992ddb27eb662e7b61 alignnone  enable-bg-rollover dt-icon-bg-off\" style=\"margin-top:0px; margin-bottom:0px; margin-left:0px; margin-right:0px; width:1000px;\"><div class=\"shortcode-single-image\"><div class=\"fancy-media-wrap  layzr-bg\" style=\"border-radius:10px;\"><img loading=\"lazy\" decoding=\"async\" class=\"preload-me lazy-load\" src=\"data:image\/svg+xml,%3Csvg%20xmlns%3D&#39;http%3A%2F%2Fwww.w3.org%2F2000%2Fsvg&#39;%20viewBox%3D&#39;0%200%201000%20700&#39;%2F%3E\" data-src=\"https:\/\/www.turkishtranslationoffice.com\/tr\/wp-content\/uploads\/sites\/1\/2020\/09\/hatasiz-hukuk-tercumesi-nasil-yapilir-1-1000x700.jpg\" data-srcset=\"https:\/\/www.turkishtranslationoffice.com\/tr\/wp-content\/uploads\/sites\/1\/2020\/09\/hatasiz-hukuk-tercumesi-nasil-yapilir-1-1000x700.jpg 1000w, https:\/\/www.turkishtranslationoffice.com\/tr\/wp-content\/uploads\/sites\/1\/2020\/09\/hatasiz-hukuk-tercumesi-nasil-yapilir-1-1525x1068.jpg 1525w\" width=\"1000\" height=\"700\"  data-dt-location=\"https:\/\/www.turkishtranslationoffice.com\/tr\/hukuk-tercumesi\/hatasiz-hukuk-tercumesi-nasil-yapilir\/\" style=\"border-radius:10px;\" alt=\"Hatas\u0131z hukuk terc\u00fcmesi\" \/><\/div><\/div><\/div>[\/vc_column_inner][vc_column_inner width=&#8221;1\/2&#8243; css=&#8221;.vc_custom_1596550089277{padding-top: 20px !important;}&#8221;]<div id=\"ultimate-heading-956969f53ad1776f3\" class=\"uvc-heading ult-adjust-bottom-margin ultimate-heading-956969f53ad1776f3 uvc-7360 \" data-hspacer=\"no_spacer\"  data-halign=\"left\" style=\"text-align:left\"><div class=\"uvc-heading-spacer no_spacer\" style=\"top\"><\/div><div class=\"uvc-main-heading ult-responsive\"  data-ultimate-target='.uvc-heading.ultimate-heading-956969f53ad1776f3 h2'  data-responsive-json-new='{\"font-size\":\"desktop:24px;\",\"line-height\":\"desktop:34px;\"}' ><h2 style=\"font-weight:bold;margin-bottom:25px;\">Hatas\u0131z hukuk terc\u00fcmesi nas\u0131l yap\u0131l\u0131r?<\/h2><\/div><\/div><div class=\"standard-arrow bullet-top\"><ul>\n<li><span style=\"font-weight: 400;\">Hukuk, farkl\u0131 alanlarda toplumsal d\u00fczeni sa\u011flamada ba\u015fvurulan en \u00fcst d\u00fczey kurallard\u0131r. \u0130\u015f, sa\u011fl\u0131k, insan haklar\u0131, ticaret gibi pek \u00e7ok farkl\u0131 alanda d\u00fczenin temelidir. Dolay\u0131s\u0131yla hukuki konular\u0131n resmi ge\u00e7erlili\u011finin yan\u0131 s\u0131ra ciddi yapt\u0131r\u0131mlar\u0131 vard\u0131r. Bu sebeple hukuk terc\u00fcmesinde i\u015fbirli\u011fi yapaca\u011f\u0131n\u0131z \u00e7\u00f6z\u00fcm orta\u011f\u0131n\u0131z\u0131n g\u00fcvenilir olmas\u0131 \u00f6ncelikleriniz aras\u0131nda ilk s\u0131rada yer almal\u0131d\u0131r.<\/span><\/li>\n<li><span style=\"font-weight: 400;\">Hukukta farkl\u0131 uzmanl\u0131k alanlar\u0131n\u0131 anlayabilmek i\u00e7in bu alana \u00f6zel bir terminoloji bilgisine sahip olmak gerekir. Yaln\u0131zca dil bilen ki\u015filer hukuki terc\u00fcme yapacak yetkinli\u011fe sahip olmayabilir. Profesyonel tecr\u00fcbeye sahip bir \u00e7eviri b\u00fcrosu ile \u00e7al\u0131\u015fman\u0131z bu a\u00e7\u0131dan \u00f6nemlidir.<\/span><\/li>\n<li><span style=\"font-weight: 400;\">Yap\u0131lan her t\u00fcrl\u00fc yaz\u0131l\u0131 \u00e7eviri y\u00fcksek ihtimalle g\u00f6zden ka\u00e7an hatalar bar\u0131nd\u0131racakt\u0131r. Oysa hukuk \u00e7evirisinde hataya yer yoktur. Terc\u00fcme s\u00fcrecinden sonra metnin pek \u00e7ok farkl\u0131 a\u00e7\u0131dan kontrol edilip varsa hatalar\u0131n d\u00fczeltilmesi gerekir.<\/span><\/li>\n<li><span style=\"font-weight: 400;\">Hukuki metinler resmi evraklard\u0131r, dolay\u0131s\u0131yla resmi ge\u00e7erlili\u011fe sahip olmas\u0131 i\u00e7in terc\u00fcmenin orijinal formatta hatas\u0131z bi\u00e7imde haz\u0131rlanmas\u0131 gerekir. <\/span><\/li>\n<li><span style=\"font-weight: 400;\">Resmi evraklar\u0131n \u00e7o\u011funda noter onayl\u0131 hukuki terc\u00fcme talep edilir. Bu durumda \u00e7evirinin noter taraf\u0131ndan yetkinli\u011fi onaylanm\u0131\u015f yeminli terc\u00fcmanlar taraf\u0131ndan yap\u0131lmas\u0131 ve ard\u0131ndan noter onay\u0131 al\u0131nmas\u0131 gerekir. <\/span><\/li>\n<\/ul>\n<\/div>[\/vc_column_inner][\/vc_row_inner][\/vc_column][\/vc_row][vc_row bg_type=&#8221;image&#8221; bg_override=&#8221;full&#8221; css=&#8221;.vc_custom_1596535087001{background-image: url(https:\/\/www.turkishtranslationoffice.com\/tr\/wp-content\/uploads\/2020\/08\/uyari.jpg?id=2304) !important;}&#8221;][vc_column]<div class=\"smile_icon_list_wrap ult_info_list_container ult-adjust-bottom-margin   vc_custom_1596535225225\"><ul class=\"smile_icon_list top circle with_bg\"><li class=\"icon_list_item\" style=\" font-size:96px;\"><div class=\"icon_list_icon\" data-animation=\"\" data-animation-delay=\"03\" style=\"font-size:32px;border-width:1px;border-style:none;background:#ffffff;color:#d44133;border-color:#333333;\"><i class=\"fas fa-hands-helping\" ><\/i><\/div><div class=\"icon_description\" id=\"Info-list-wrap-2103\" style=\"font-size:32px;\"><h3 class=\"ult-responsive info-list-heading\"  data-ultimate-target='#Info-list-wrap-2103 h3'  data-responsive-json-new='{\"font-size\":\"desktop:16px;\",\"line-height\":\"desktop:24px;\"}'  style=\"font-weight:bold;color:#ffffff;\">G\u00fcvenilir &amp; Profesyonel<\/h3><div class=\"icon_description_text ult-responsive\"  data-ultimate-target='#Info-list-wrap-2103 .icon_description_text'  data-responsive-json-new='{\"font-size\":\"desktop:13px;\",\"line-height\":\"desktop:18px;\"}'  style=\"color:#ffffff;\"><\/div><\/div><div class=\"icon_list_connector\" data-animation=\"fadeInLeft\" data-animation-delay=\"03\" style=\"border: none !important;\"><\/div><\/li><li class=\"icon_list_item\" style=\" font-size:96px;\"><div class=\"icon_list_icon\" data-animation=\"\" data-animation-delay=\"03\" style=\"font-size:32px;border-width:1px;border-style:none;background:#ffffff;color:#d44133;border-color:#333333;\"><i class=\"fas fa-thumbs-up\" ><\/i><\/div><div class=\"icon_description\" id=\"Info-list-wrap-1318\" style=\"font-size:32px;\"><h3 class=\"ult-responsive info-list-heading\"  data-ultimate-target='#Info-list-wrap-1318 h3'  data-responsive-json-new='{\"font-size\":\"desktop:16px;\",\"line-height\":\"desktop:24px;\"}'  style=\"font-weight:bold;color:#ffffff;\">H\u0131zl\u0131 &amp; Kaliteli Hizmet<\/h3><div class=\"icon_description_text ult-responsive\"  data-ultimate-target='#Info-list-wrap-1318 .icon_description_text'  data-responsive-json-new='{\"font-size\":\"desktop:13px;\",\"line-height\":\"desktop:18px;\"}'  style=\"color:#ffffff;\"><\/div><\/div><div class=\"icon_list_connector\" data-animation=\"fadeInLeft\" data-animation-delay=\"03\" style=\"border: none !important;\"><\/div><\/li><li class=\"icon_list_item\" style=\" font-size:96px;\"><div class=\"icon_list_icon\" data-animation=\"\" data-animation-delay=\"03\" style=\"font-size:32px;border-width:1px;border-style:none;background:#ffffff;color:#d44133;border-color:#333333;\"><i class=\"fas fa-file-signature\" ><\/i><\/div><div class=\"icon_description\" id=\"Info-list-wrap-3140\" style=\"font-size:32px;\"><h3 class=\"ult-responsive info-list-heading\"  data-ultimate-target='#Info-list-wrap-3140 h3'  data-responsive-json-new='{\"font-size\":\"desktop:16px;\",\"line-height\":\"desktop:24px;\"}'  style=\"font-weight:bold;color:#ffffff;\">Noter Yeminli \u00c7eviri<\/h3><div class=\"icon_description_text ult-responsive\"  data-ultimate-target='#Info-list-wrap-3140 .icon_description_text'  data-responsive-json-new='{\"font-size\":\"desktop:13px;\",\"line-height\":\"desktop:18px;\"}'  style=\"color:#ffffff;\"><\/div><\/div><div class=\"icon_list_connector\" data-animation=\"fadeInLeft\" data-animation-delay=\"03\" style=\"border: none !important;\"><\/div><\/li><\/ul><\/div>[\/vc_column][\/vc_row][vc_row equal_height=&#8221;yes&#8221; content_placement=&#8221;top&#8221; bg_type=&#8221;image&#8221; parallax_style=&#8221;vcpb-hz-jquery&#8221; bg_image_new=&#8221;id^1611|url^https:\/\/www.turkishtranslationoffice.com\/tr\/wp-content\/uploads\/2016\/02\/bg-mem.png|caption^null|alt^null|title^bg-mem|description^null&#8221; bg_override=&#8221;ex-full&#8221; type=&#8221;vc_default&#8221; margin_top=&#8221;5&#8243; margin_bottom=&#8221;10&#8243; css=&#8221;.vc_custom_1597396181063{padding-top: 20px !important;padding-bottom: 20px !important;background-color: #1c66a0 !important;}&#8221;][vc_column][vc_cta h2=&#8221;Hukuk terc\u00fcmesi nerelerde kullan\u0131l\u0131r?&#8221; h2_font_container=&#8221;font_size:21px|color:%23ffffff&#8221; h2_google_fonts=&#8221;font_family:Roboto%3A100%2C100italic%2C300%2C300italic%2Cregular%2Citalic%2C500%2C500italic%2C700%2C700italic%2C900%2C900italic|font_style:700%20bold%20regular%3A700%3Anormal&#8221; style=&#8221;flat&#8221; color=&#8221;sky&#8221; use_custom_fonts_h2=&#8221;true&#8221;]<span style=\"font-weight: 400; color: #ffffff;\">Yaz\u0131l\u0131 ve s\u00f6zl\u00fc hukuk terc\u00fcmesi i\u015f hayat\u0131ndan bankac\u0131l\u0131k ve finansa, politikadan ticari faaliyetlere kadar pek \u00e7ok farkl\u0131 sekt\u00f6r ve alanda ihtiya\u00e7 duyulan \u00f6zel bir uzmanl\u0131k alan\u0131d\u0131r.<\/span>[\/vc_cta][\/vc_column][\/vc_row][vc_row equal_height=&#8221;yes&#8221; content_placement=&#8221;top&#8221; bg_type=&#8221;bg_color&#8221; bg_override=&#8221;full&#8221; type=&#8221;vc_default&#8221; margin_top=&#8221;5&#8243; margin_bottom=&#8221;10&#8243; css=&#8221;.vc_custom_1598716457690{padding-top: 30px !important;padding-bottom: 50px !important;}&#8221; bg_color_value=&#8221;#ffffff&#8221;][vc_column][vc_row_inner equal_height=&#8221;yes&#8221; content_placement=&#8221;top&#8221;][vc_column_inner width=&#8221;1\/2&#8243; css=&#8221;.vc_custom_1598716462949{padding-top: 20px !important;}&#8221;]<div id=\"ultimate-heading-385269f53ad177835\" class=\"uvc-heading ult-adjust-bottom-margin ultimate-heading-385269f53ad177835 uvc-4911 \" data-hspacer=\"no_spacer\"  data-halign=\"left\" style=\"text-align:left\"><div class=\"uvc-heading-spacer no_spacer\" style=\"top\"><\/div><div class=\"uvc-main-heading ult-responsive\"  data-ultimate-target='.uvc-heading.ultimate-heading-385269f53ad177835 h2'  data-responsive-json-new='{\"font-size\":\"desktop:24px;\",\"line-height\":\"desktop:34px;\"}' ><h2 style=\"font-weight:bold;margin-bottom:25px;\">TTO\u2019nun sundu\u011fu ayr\u0131cal\u0131klar<\/h2><\/div><\/div>[vc_column_text]<span style=\"font-weight: 400;\">Farkl\u0131 hukuki alanlarda uzmanl\u0131k sahibi, noter onayl\u0131 \u00e7evirmenlerimiz ile Almanca T\u00fcrk\u00e7e ya da \u0130ngilizce T\u00fcrk\u00e7e gibi t\u00fcm dil \u00e7iftlerinde profesyonel hukuki \u00e7eviri \u00e7\u00f6z\u00fcmleri sunuyoruz.<\/span><\/p>\n<p><span style=\"font-weight: 400;\">Turkish Translation Office\u2019ten alabilece\u011finiz hizmetler aras\u0131nda hem yaz\u0131l\u0131 hem s\u00f6zl\u00fc \u00e7eviri ve farkl\u0131 ihtiya\u00e7lar\u0131n\u0131za y\u00f6nelik ekonomik \u00e7eviri paketleri bulunuyor. Detayl\u0131 bilgi i\u00e7in bize ula\u015fabilirsiniz. <\/span><\/p>\n<p><span style=\"font-weight: 400;\">Kalite kontrol hizmetlerimiz kapsam\u0131nda terc\u00fcme edilen evraklardaki hatalar\u0131 d\u00fczeltiyor ve \u00e7eviri kalitesini %40\u2019a varan oranda artt\u0131r\u0131yoruz. <\/span><\/p>\n<p><span style=\"font-weight: 400;\">Evraklar\u0131n\u0131z\u0131n resmi ge\u00e7erlili\u011fi oldu\u011funu ve sizin i\u00e7in ne kadar \u00f6nemli oldu\u011funu biliyoruz. DTP uzmanlar\u0131m\u0131z ile \u00e7ok dilli hukuk metinlerinizi orijinal formatta kusursuz haz\u0131rl\u0131yoruz.<\/span>[\/vc_column_text][\/vc_column_inner][vc_column_inner width=&#8221;1\/2&#8243;]<style type=\"text\/css\" data-type=\"the7_shortcodes-inline-css\">.shortcode-single-image-wrap.shortcode-single-image-3b24e32dfb46702afacacf2edd80c81b.enable-bg-rollover .rollover i,\n.shortcode-single-image-wrap.shortcode-single-image-3b24e32dfb46702afacacf2edd80c81b.enable-bg-rollover .rollover-video i {\n  background: ;\n  background: -webkit-linear-gradient();\n  background: linear-gradient();\n}\n.shortcode-single-image-wrap.shortcode-single-image-3b24e32dfb46702afacacf2edd80c81b .rollover-icon {\n  font-size: 32px;\n  color: #ffffff;\n  min-width: 44px;\n  min-height: 44px;\n  line-height: 44px;\n  border-radius: 100px;\n  border-style: solid;\n  border-width: 0px;\n}\n.dt-icon-bg-on.shortcode-single-image-wrap.shortcode-single-image-3b24e32dfb46702afacacf2edd80c81b .rollover-icon {\n  background: rgba(255,255,255,0.3);\n  box-shadow: none;\n}\n<\/style><div class=\"shortcode-single-image-wrap shortcode-single-image-3b24e32dfb46702afacacf2edd80c81b alignnone  enable-bg-rollover dt-icon-bg-off\" style=\"margin-top:0px; margin-bottom:0px; margin-left:0px; margin-right:0px; width:1000px;\"><div class=\"shortcode-single-image\"><div class=\"fancy-media-wrap  layzr-bg\" style=\"border-radius:10px;\"><img loading=\"lazy\" decoding=\"async\" class=\"preload-me lazy-load\" src=\"data:image\/svg+xml,%3Csvg%20xmlns%3D&#39;http%3A%2F%2Fwww.w3.org%2F2000%2Fsvg&#39;%20viewBox%3D&#39;0%200%201000%20700&#39;%2F%3E\" data-src=\"https:\/\/www.turkishtranslationoffice.com\/tr\/wp-content\/uploads\/sites\/1\/2020\/08\/tto-ayricaliklari-1000x700.jpg\" data-srcset=\"https:\/\/www.turkishtranslationoffice.com\/tr\/wp-content\/uploads\/sites\/1\/2020\/08\/tto-ayricaliklari-1000x700.jpg 1000w, https:\/\/www.turkishtranslationoffice.com\/tr\/wp-content\/uploads\/sites\/1\/2020\/08\/tto-ayricaliklari-1521x1065.jpg 1521w\" width=\"1000\" height=\"700\"  data-dt-location=\"https:\/\/www.turkishtranslationoffice.com\/tr\/edebi-tercume\/tto-ayricaliklari\/\" style=\"border-radius:10px;\" alt=\"tecr\u00fcbe sahibi ve e\u011fitimli terc\u00fcman\" \/><\/div><\/div><\/div>[\/vc_column_inner][\/vc_row_inner][\/vc_column][\/vc_row][vc_row content_placement=&#8221;middle&#8221; bg_type=&#8221;grad&#8221; bg_override=&#8221;ex-full&#8221; bg_grad=&#8221;background: -webkit-gradient(linear, left top, left bottom, color-stop(0%, #365088), color-stop(100%, #EA524D));background: -moz-linear-gradient(135deg,#365088 0%,#EA524D 100%);background: -webkit-linear-gradient(135deg,#365088 0%,#EA524D 100%);background: -o-linear-gradient(135deg,#365088 0%,#EA524D 100%);background: -ms-linear-gradient(135deg,#365088 0%,#EA524D 100%);background: linear-gradient(135deg,#365088 0%,#EA524D 100%);&#8221;][vc_column width=&#8221;5\/6&#8243;][vc_column_text]<strong style=\"color: #ffffff; font-size: 24px;\">Hatas\u0131z ve \u00fcst\u00fcn kalitede acil hukuk terc\u00fcmesi hizmetine mi ihtiyac\u0131n\u0131z var? Beklemeden \u00fccretsiz teklifinizi al\u0131n, size \u00f6zel fiyatlardan g\u00fcvenilir terc\u00fcme yapt\u0131rmak i\u00e7in vakit kaybetmeyin!<\/strong>[\/vc_column_text][\/vc_column][vc_column width=&#8221;1\/6&#8243;][vc_btn title=&#8221;Teklif Al&#8221; color=&#8221;warning&#8221; size=&#8221;lg&#8221; align=&#8221;right&#8221; link=&#8221;url:%2Ftr%2Fteklif-alin%2F|||&#8221;][\/vc_column][\/vc_row]<\/p>\n","protected":false},"excerpt":{"rendered":"<p>[vc_row equal_height=&#8221;yes&#8221; content_placement=&#8221;top&#8221; bg_type=&#8221;image&#8221; parallax_style=&#8221;vcpb-default&#8221; bg_image_new=&#8221;id^4128|url^https:\/\/www.turkishtranslationoffice.com\/tr\/wp-content\/uploads\/2020\/09\/hukuk-1.jpg|caption^null|alt^null|title^hukuk|description^null&#8221; bg_image_repeat=&#8221;no-repeat&#8221; bg_override=&#8221;ex-full&#8221; type=&#8221;vc_default&#8221; margin_top=&#8221;5&#8243; margin_bottom=&#8221;10&#8243; css=&#8221;.vc_custom_1629983516707{padding-top: 2% !important;padding-bottom: 2% !important;}&#8221;][vc_column width=&#8221;1\/2&#8243;][vc_column_text] Uluslararas\u0131 hukukta uzmanl\u0131k alanlar\u0131na hakim profesyonel hukuki terc\u00fcme b\u00fcrosu: Turkish Translation Office T\u00fcm dillerde g\u00fcvenilir ve uygun fiyatl\u0131 hukuk \u00e7evirisi teklifinizi beklemeden al\u0131n, \u00fcstelik \u00fccretsiz![\/vc_column_text][vc_row_inner equal_height=&#8221;yes&#8221; content_placement=&#8221;top&#8221;][vc_column_inner css=&#8221;.vc_custom_1644307626411{padding-bottom: 32px !important;}&#8221;][\/vc_column_inner][\/vc_row_inner][\/vc_column][vc_column width=&#8221;1\/2&#8243;][\/vc_column][\/vc_row][vc_row equal_height=&#8221;yes&#8221; content_placement=&#8221;top&#8221; bg_type=&#8221;bg_color&#8221; bg_override=&#8221;ex-full&#8221; type=&#8221;vc_default&#8221; margin_top=&#8221;5&#8243; margin_bottom=&#8221;10&#8243;&hellip;<\/p>\n","protected":false},"author":1,"featured_media":0,"parent":0,"menu_order":10,"comment_status":"closed","ping_status":"closed","template":"","meta":{"footnotes":""},"aioseo_notices":[],"_links":{"self":[{"href":"https:\/\/www.turkishtranslationoffice.com\/tr\/wp-json\/wp\/v2\/pages\/2905"}],"collection":[{"href":"https:\/\/www.turkishtranslationoffice.com\/tr\/wp-json\/wp\/v2\/pages"}],"about":[{"href":"https:\/\/www.turkishtranslationoffice.com\/tr\/wp-json\/wp\/v2\/types\/page"}],"author":[{"embeddable":true,"href":"https:\/\/www.turkishtranslationoffice.com\/tr\/wp-json\/wp\/v2\/users\/1"}],"replies":[{"embeddable":true,"href":"https:\/\/www.turkishtranslationoffice.com\/tr\/wp-json\/wp\/v2\/comments?post=2905"}],"version-history":[{"count":3,"href":"https:\/\/www.turkishtranslationoffice.com\/tr\/wp-json\/wp\/v2\/pages\/2905\/revisions"}],"predecessor-version":[{"id":5663,"href":"https:\/\/www.turkishtranslationoffice.com\/tr\/wp-json\/wp\/v2\/pages\/2905\/revisions\/5663"}],"wp:attachment":[{"href":"https:\/\/www.turkishtranslationoffice.com\/tr\/wp-json\/wp\/v2\/media?parent=2905"}],"curies":[{"name":"wp","href":"https:\/\/api.w.org\/{rel}","templated":true}]}}