{"id":2941,"date":"2020-08-14T13:29:47","date_gmt":"2020-08-14T10:29:47","guid":{"rendered":"https:\/\/www.turkishtranslationoffice.com\/tr\/endustri-tercumesi-copy\/"},"modified":"2022-02-08T10:50:40","modified_gmt":"2022-02-08T07:50:40","slug":"denizcilik-tercumesi","status":"publish","type":"page","link":"https:\/\/www.turkishtranslationoffice.com\/tr\/denizcilik-tercumesi\/","title":{"rendered":"Denizcilik"},"content":{"rendered":"<p>[vc_row equal_height=&#8221;yes&#8221; content_placement=&#8221;top&#8221; bg_type=&#8221;image&#8221; parallax_style=&#8221;vcpb-default&#8221; bg_image_new=&#8221;id^4097|url^https:\/\/www.turkishtranslationoffice.com\/tr\/wp-content\/uploads\/2020\/08\/denizcilik-tercumesi.jpg|caption^null|alt^null|title^denizcilik-tercumesi|description^null&#8221; bg_override=&#8221;ex-full&#8221; type=&#8221;vc_default&#8221; margin_top=&#8221;5&#8243; margin_bottom=&#8221;10&#8243; css=&#8221;.vc_custom_1629983271452{padding-top: 2% !important;padding-bottom: 2% !important;}&#8221;][vc_column width=&#8221;1\/2&#8243;]<div id=\"ultimate-heading-606969ed7cacf2583\" class=\"uvc-heading ult-adjust-bottom-margin ultimate-heading-606969ed7cacf2583 uvc-7312 \" data-hspacer=\"no_spacer\"  data-halign=\"left\" style=\"text-align:left\"><div class=\"uvc-heading-spacer no_spacer\" style=\"top\"><\/div><div class=\"uvc-main-heading ult-responsive\"  data-ultimate-target='.uvc-heading.ultimate-heading-606969ed7cacf2583 h1'  data-responsive-json-new='{\"font-size\":\"desktop:28px;\",\"line-height\":\"desktop:34px;\"}' ><h1 style=\"font-weight:bold;color:#ffffff;margin-bottom:25px;\">Denizcilik Terc\u00fcmesi<\/h1><\/div><\/div>[vc_column_text]<\/p>\n<p style=\"text-align: left;\"><span style=\"font-weight: 400; font-size: 18px; color: #ffffff;\">Denizcilik alan\u0131nda uzman terc\u00fcmanlar\u0131m\u0131z ile hatas\u0131z ve h\u0131zl\u0131 denizcilik \u00e7evirisi sunuyoruz.<\/span><\/p>\n<p><span style=\"font-weight: 400; font-size: 18px; color: #ffffff;\">G\u00fcvenilir ve kaliteli terc\u00fcme hizmetinin adresi TTO\u2019dan \u00fccretsiz teklifinizi isteyin, kampanyal\u0131 fiyatlardan \u00e7eviri hizmeti al\u0131n. <\/span>[\/vc_column_text][vc_row_inner equal_height=&#8221;yes&#8221; content_placement=&#8221;top&#8221;][vc_column_inner css=&#8221;.vc_custom_1644306635238{padding-top: 20px !important;padding-bottom: 32px !important;}&#8221;]<style type=\"text\/css\" data-type=\"the7_shortcodes-inline-css\">#default-btn-872895cc2db45e5e88cb0390c42eb7b8.ico-right-side > i {\n  margin-right: 0px;\n  margin-left: 8px;\n}\n#default-btn-872895cc2db45e5e88cb0390c42eb7b8 > i {\n  margin-right: 8px;\n}\n#default-btn-872895cc2db45e5e88cb0390c42eb7b8 * {\n  vertical-align: middle;\n}\n<\/style><a href=\"\/tr\/teklif-alin\/\" class=\"default-btn-shortcode dt-btn dt-btn-l link-hover-off button-tto-grey btn-inline-left  vc_custom_1600270212619\" id=\"default-btn-872895cc2db45e5e88cb0390c42eb7b8\" style=\"width:225px;\"><span>\u00dccretsiz Teklif Al\u0131n<\/span><\/a><style type=\"text\/css\" data-type=\"the7_shortcodes-inline-css\">#default-btn-30f13c72fbc1c755f0b83093827099e8.ico-right-side > i {\n  margin-right: 0px;\n  margin-left: 8px;\n}\n#default-btn-30f13c72fbc1c755f0b83093827099e8 > i {\n  margin-right: 8px;\n}\n#default-btn-30f13c72fbc1c755f0b83093827099e8 * {\n  vertical-align: middle;\n}\n<\/style><a href=\"\/tr\/iletisim\/\" class=\"default-btn-shortcode dt-btn dt-btn-l link-hover-off button-tto-red btn-inline-left  vc_custom_1604049958759\" id=\"default-btn-30f13c72fbc1c755f0b83093827099e8\" style=\"width:225px;\"><span>Bize Ula\u015f\u0131n<\/span><\/a>[\/vc_column_inner][\/vc_row_inner][\/vc_column][vc_column width=&#8221;1\/2&#8243;][\/vc_column][\/vc_row][vc_row equal_height=&#8221;yes&#8221; content_placement=&#8221;top&#8221; bg_type=&#8221;image&#8221; parallax_style=&#8221;vcpb-hz-jquery&#8221; bg_image_new=&#8221;id^1611|url^https:\/\/www.turkishtranslationoffice.com\/tr\/wp-content\/uploads\/2016\/02\/bg-mem.png|caption^null|alt^null|title^bg-mem|description^null&#8221; bg_override=&#8221;ex-full&#8221; type=&#8221;vc_default&#8221; margin_top=&#8221;5&#8243; margin_bottom=&#8221;10&#8243; css=&#8221;.vc_custom_1598881789480{padding-top: 30px !important;padding-bottom: 50px !important;background-color: #f4f4f4 !important;}&#8221;][vc_column css=&#8221;.vc_custom_1491746299333{padding-bottom: 0px !important;}&#8221;][vc_row_inner equal_height=&#8221;yes&#8221; content_placement=&#8221;top&#8221;][vc_column_inner width=&#8221;1\/2&#8243;]<style type=\"text\/css\" data-type=\"the7_shortcodes-inline-css\">.shortcode-single-image-wrap.shortcode-single-image-16fcb77bb1491f2cbe6c51f30ffc5760.enable-bg-rollover .rollover i,\n.shortcode-single-image-wrap.shortcode-single-image-16fcb77bb1491f2cbe6c51f30ffc5760.enable-bg-rollover .rollover-video i {\n  background: ;\n  background: -webkit-linear-gradient();\n  background: linear-gradient();\n}\n.shortcode-single-image-wrap.shortcode-single-image-16fcb77bb1491f2cbe6c51f30ffc5760 .rollover-icon {\n  font-size: 32px;\n  color: #ffffff;\n  min-width: 44px;\n  min-height: 44px;\n  line-height: 44px;\n  border-radius: 100px;\n  border-style: solid;\n  border-width: 0px;\n}\n.dt-icon-bg-on.shortcode-single-image-wrap.shortcode-single-image-16fcb77bb1491f2cbe6c51f30ffc5760 .rollover-icon {\n  background: rgba(255,255,255,0.3);\n  box-shadow: none;\n}\n<\/style><div class=\"shortcode-single-image-wrap shortcode-single-image-16fcb77bb1491f2cbe6c51f30ffc5760 alignnone  enable-bg-rollover dt-icon-bg-off\" style=\"margin-top:0px; margin-bottom:0px; margin-left:0px; margin-right:0px; width:1000px;\"><div class=\"shortcode-single-image\"><div class=\"fancy-media-wrap  layzr-bg\" style=\"border-radius:10px;\"><img loading=\"lazy\" decoding=\"async\" class=\"preload-me lazy-load\" src=\"data:image\/svg+xml,%3Csvg%20xmlns%3D&#39;http%3A%2F%2Fwww.w3.org%2F2000%2Fsvg&#39;%20viewBox%3D&#39;0%200%201000%20700&#39;%2F%3E\" data-src=\"https:\/\/www.turkishtranslationoffice.com\/tr\/wp-content\/uploads\/sites\/1\/2020\/08\/denizcilik-tercumesinde-sundugumuz-ayricaliklar-1000x700.jpg\" data-srcset=\"https:\/\/www.turkishtranslationoffice.com\/tr\/wp-content\/uploads\/sites\/1\/2020\/08\/denizcilik-tercumesinde-sundugumuz-ayricaliklar-1000x700.jpg 1000w, https:\/\/www.turkishtranslationoffice.com\/tr\/wp-content\/uploads\/sites\/1\/2020\/08\/denizcilik-tercumesinde-sundugumuz-ayricaliklar-1525x1068.jpg 1525w\" width=\"1000\" height=\"700\"  data-dt-location=\"https:\/\/www.turkishtranslationoffice.com\/tr\/denizcilik-tercumesi\/denizcilik-tercumesinde-sundugumuz-ayricaliklar\/\" style=\"border-radius:10px;\" alt=\"g\u00fcvenilir ve kaliteli denizcilik terc\u00fcmesi\" \/><\/div><\/div><\/div>[\/vc_column_inner][vc_column_inner width=&#8221;1\/2&#8243; css=&#8221;.vc_custom_1596550089277{padding-top: 20px !important;}&#8221;]<div id=\"ultimate-heading-813569ed7cacf2dec\" class=\"uvc-heading ult-adjust-bottom-margin ultimate-heading-813569ed7cacf2dec uvc-8430 \" data-hspacer=\"no_spacer\"  data-halign=\"left\" style=\"text-align:left\"><div class=\"uvc-heading-spacer no_spacer\" style=\"top\"><\/div><div class=\"uvc-main-heading ult-responsive\"  data-ultimate-target='.uvc-heading.ultimate-heading-813569ed7cacf2dec h2'  data-responsive-json-new='{\"font-size\":\"desktop:24px;\",\"line-height\":\"desktop:34px;\"}' ><h2 style=\"font-weight:bold;margin-bottom:25px;\">Denizcilik \u00e7evirisinde sundu\u011fumuz ayr\u0131cal\u0131klar<\/h2><\/div><\/div>[vc_column_text]<span style=\"font-weight: 400;\">Kendine has bir terminolojiye sahip olan denizcilik alan\u0131 m\u00fchendislik, teknik, ticaret, hukuk gibi pek \u00e7ok alt kategoriye ayr\u0131l\u0131r. Turkish Translation Office olarak tecr\u00fcbeli ekiplerimizle bu alanda \u00e7eviri hizmeti verdi\u011fimiz m\u00fc\u015fterilerimiz aras\u0131nda Denizcilik M\u00fcste\u015farl\u0131\u011f\u0131, T\u00fcrk Loydu ve Rempec gibi \u00f6nemli isimler yer al\u0131yor. Siz de g\u00fcvenilir ve kaliteli denizcilik terc\u00fcmesi hizmetlerimizden yararlanmak i\u00e7in bize ula\u015f\u0131n.<br \/>\n<\/span><\/p>\n<ul>\n<li style=\"font-weight: 400;\"><span style=\"font-weight: 400;\">2500\u2019\u00fcn \u00fczerinde uzmanla\u015fm\u0131\u015f terc\u00fcman<\/span><\/li>\n<li style=\"font-weight: 400;\"><span style=\"font-weight: 400;\">Kalite kontrol s\u00fcre\u00e7leriyle %40\u2019a varan kalite art\u0131\u015f\u0131<\/span><\/li>\n<li style=\"font-weight: 400;\"><span style=\"font-weight: 400;\">\u00c7ok dilli terc\u00fcme hizmetleri<\/span><\/li>\n<li style=\"font-weight: 400;\"><span style=\"font-weight: 400;\">Bilgisayar destekli \u00e7eviri\u00a0<\/span><\/li>\n<li style=\"font-weight: 400;\"><span style=\"font-weight: 400;\">Otomasyona dayal\u0131 \u00e7eviri s\u00fcre\u00e7leri<\/span><\/li>\n<li style=\"font-weight: 400;\"><span style=\"font-weight: 400;\">Ak\u0131ll\u0131 ve kolay proje y\u00f6netimi\u00a0<\/span><\/li>\n<li style=\"font-weight: 400;\"><span style=\"font-weight: 400;\">Gizlilik s\u00f6zle\u015fmeleri\u00a0<\/span><\/li>\n<li style=\"font-weight: 400;\"><span style=\"font-weight: 400;\">50,000 USD terc\u00fcme sigortas\u0131<\/span><\/li>\n<\/ul>\n<p>[\/vc_column_text][\/vc_column_inner][\/vc_row_inner][\/vc_column][\/vc_row][vc_row bg_type=&#8221;image&#8221; bg_override=&#8221;full&#8221; css=&#8221;.vc_custom_1596535087001{background-image: url(https:\/\/www.turkishtranslationoffice.com\/tr\/wp-content\/uploads\/2020\/08\/uyari.jpg?id=2304) !important;}&#8221;][vc_column]<div class=\"smile_icon_list_wrap ult_info_list_container ult-adjust-bottom-margin   vc_custom_1596535225225\"><ul class=\"smile_icon_list top circle with_bg\"><li class=\"icon_list_item\" style=\" font-size:96px;\"><div class=\"icon_list_icon\" data-animation=\"\" data-animation-delay=\"03\" style=\"font-size:32px;border-width:1px;border-style:none;background:#ffffff;color:#d44133;border-color:#333333;\"><i class=\"fas fa-file-signature\" ><\/i><\/div><div class=\"icon_description\" id=\"Info-list-wrap-8245\" style=\"font-size:32px;\"><h3 class=\"ult-responsive info-list-heading\"  data-ultimate-target='#Info-list-wrap-8245 h3'  data-responsive-json-new='{\"font-size\":\"desktop:16px;\",\"line-height\":\"desktop:24px;\"}'  style=\"font-weight:bold;color:#ffffff;\">Yeminli ve noter onayl\u0131 denizcilik terc\u00fcmesi<\/h3><div class=\"icon_description_text ult-responsive\"  data-ultimate-target='#Info-list-wrap-8245 .icon_description_text'  data-responsive-json-new='{\"font-size\":\"desktop:13px;\",\"line-height\":\"desktop:18px;\"}'  style=\"color:#ffffff;\"><\/div><\/div><div class=\"icon_list_connector\" data-animation=\"fadeInLeft\" data-animation-delay=\"03\" style=\"border: none !important;\"><\/div><\/li><li class=\"icon_list_item\" style=\" font-size:96px;\"><div class=\"icon_list_icon\" data-animation=\"\" data-animation-delay=\"03\" style=\"font-size:32px;border-width:1px;border-style:none;background:#ffffff;color:#d44133;border-color:#333333;\"><i class=\"fas fa-language\" ><\/i><\/div><div class=\"icon_description\" id=\"Info-list-wrap-1644\" style=\"font-size:32px;\"><h3 class=\"ult-responsive info-list-heading\"  data-ultimate-target='#Info-list-wrap-1644 h3'  data-responsive-json-new='{\"font-size\":\"desktop:16px;\",\"line-height\":\"desktop:24px;\"}'  style=\"font-weight:bold;color:#ffffff;\">T\u00fcm dil \u00e7iftlerinde hatas\u0131z \u00e7eviri<\/h3><div class=\"icon_description_text ult-responsive\"  data-ultimate-target='#Info-list-wrap-1644 .icon_description_text'  data-responsive-json-new='{\"font-size\":\"desktop:13px;\",\"line-height\":\"desktop:18px;\"}'  style=\"color:#ffffff;\"><\/div><\/div><div class=\"icon_list_connector\" data-animation=\"fadeInLeft\" data-animation-delay=\"03\" style=\"border: none !important;\"><\/div><\/li><li class=\"icon_list_item\" style=\" font-size:96px;\"><div class=\"icon_list_icon\" data-animation=\"\" data-animation-delay=\"03\" style=\"font-size:32px;border-width:1px;border-style:none;background:#ffffff;color:#d44133;border-color:#333333;\"><i class=\"fas fa-thumbs-up\" ><\/i><\/div><div class=\"icon_description\" id=\"Info-list-wrap-1082\" style=\"font-size:32px;\"><h3 class=\"ult-responsive info-list-heading\"  data-ultimate-target='#Info-list-wrap-1082 h3'  data-responsive-json-new='{\"font-size\":\"desktop:16px;\",\"line-height\":\"desktop:24px;\"}'  style=\"font-weight:bold;color:#ffffff;\">%100 g\u00fcvenilir ve kaliteli hizmet<\/h3><div class=\"icon_description_text ult-responsive\"  data-ultimate-target='#Info-list-wrap-1082 .icon_description_text'  data-responsive-json-new='{\"font-size\":\"desktop:13px;\",\"line-height\":\"desktop:18px;\"}'  style=\"color:#ffffff;\"><\/div><\/div><div class=\"icon_list_connector\" data-animation=\"fadeInLeft\" data-animation-delay=\"03\" style=\"border: none !important;\"><\/div><\/li><li class=\"icon_list_item\" style=\" font-size:96px;\"><div class=\"icon_list_icon\" data-animation=\"\" data-animation-delay=\"03\" style=\"font-size:32px;border-width:1px;border-style:none;background:#ffffff;color:#d44133;border-color:#333333;\"><i class=\"fas fa-award\" ><\/i><\/div><div class=\"icon_description\" id=\"Info-list-wrap-8068\" style=\"font-size:32px;\"><h3 class=\"ult-responsive info-list-heading\"  data-ultimate-target='#Info-list-wrap-8068 h3'  data-responsive-json-new='{\"font-size\":\"desktop:16px;\",\"line-height\":\"desktop:24px;\"}'  style=\"font-weight:bold;color:#ffffff;\">Profesyonellik &amp; kalite sertifikalar\u0131<\/h3><div class=\"icon_description_text ult-responsive\"  data-ultimate-target='#Info-list-wrap-8068 .icon_description_text'  data-responsive-json-new='{\"font-size\":\"desktop:13px;\",\"line-height\":\"desktop:18px;\"}'  style=\"color:#ffffff;\"><\/div><\/div><div class=\"icon_list_connector\" data-animation=\"fadeInLeft\" data-animation-delay=\"03\" style=\"border: none !important;\"><\/div><\/li><\/ul><\/div>[\/vc_column][\/vc_row][vc_row equal_height=&#8221;yes&#8221; content_placement=&#8221;top&#8221; bg_type=&#8221;image&#8221; parallax_style=&#8221;vcpb-default&#8221; bg_image_new=&#8221;id^4110|url^https:\/\/www.turkishtranslationoffice.com\/tr\/wp-content\/uploads\/2020\/08\/denizcilik-tercumesinde-hangi-belgeleri-ceviriyoruz.jpg|caption^null|alt^null|title^denizcilik-tercumesinde-hangi-belgeleri-ceviriyoruz|description^null&#8221; bg_override=&#8221;ex-full&#8221; type=&#8221;vc_default&#8221; margin_top=&#8221;5&#8243; margin_bottom=&#8221;10&#8243; css=&#8221;.vc_custom_1598883417086{padding-top: 30px !important;padding-bottom: 50px !important;}&#8221;][vc_column][vc_row_inner equal_height=&#8221;yes&#8221; content_placement=&#8221;top&#8221;][vc_column_inner width=&#8221;1\/2&#8243; css=&#8221;.vc_custom_1598717668227{padding-top: 20px !important;}&#8221;]<div id=\"ultimate-heading-554169ed7cacf2efb\" class=\"uvc-heading ult-adjust-bottom-margin ultimate-heading-554169ed7cacf2efb uvc-6980 \" data-hspacer=\"no_spacer\"  data-halign=\"left\" style=\"text-align:left\"><div class=\"uvc-heading-spacer no_spacer\" style=\"top\"><\/div><div class=\"uvc-main-heading ult-responsive\"  data-ultimate-target='.uvc-heading.ultimate-heading-554169ed7cacf2efb h2'  data-responsive-json-new='{\"font-size\":\"desktop:24px;\",\"line-height\":\"desktop:34px;\"}' ><h2 style=\"font-weight:bold;margin-bottom:25px;\">Denizcilik terc\u00fcmesinde hangi belgeleri \u00e7eviriyoruz?<\/h2><\/div><\/div>[vc_column_text]<b style=\"color: #d44133;\"><b>Rapor ve sertifika \u00e7evirisi<\/b><br \/>\n<\/b><span style=\"font-weight: 400;\">T\u00fcv sertifikalar\u0131, koli belgeleri sertifikalar\u0131, analiz raporlar\u0131, analiz sertifikalar\u0131, ekspertiz raporlar\u0131, gemi kalite sertifikalar\u0131, gemi \u00f6l\u00e7\u00fc raporlar\u0131, gemi kaza raporlar\u0131<\/span><\/p>\n<p><b style=\"color: #d44133;\"><b>Belge terc\u00fcmeleri<\/b><br \/>\n<\/b><span style=\"font-weight: 400;\">ATA karnesi, CE belge ATR belgesi, g\u00fcmr\u00fck belgeleri, da\u011f\u0131t\u0131m ve sat\u0131\u015f belgeleri, sicil ve ruhsatlar, kon\u015fimentolar, manifestolar, tescil belgeleri, ISO belgeleri, da\u011f\u0131t\u0131m ve sat\u0131\u015f belgeleri, gemi g\u00f6zetim belgeleri<\/span><\/p>\n<p><b style=\"color: #d44133;\"><b>K\u0131lavuz ve kitap\u00e7\u0131k \u00e7evirileri<\/b><br \/>\n<\/b><span style=\"font-weight: 400;\">Uydu, ileti\u015fim ve haberle\u015fme cihazlar\u0131 kullan\u0131m k\u0131lavuzlar\u0131, teknik \u015fartname ve kitap\u00e7\u0131klar\u0131, denizcilik teknik k\u0131lavuzlar\u0131, teknik \u015femalar, denizcilik kitaplar\u0131, gemi kullan\u0131m k\u0131lavuzlar\u0131, gece g\u00f6r\u00fc\u015f sistemleri, makine kontrol sistemleri, komuta kontrol sistemleri, denizcilik iklimlendirme cihazlar\u0131 kullan\u0131m k\u0131lavuzlar\u0131<\/span><\/p>\n<p><b style=\"color: #d44133;\"><b>Ticari belge terc\u00fcmesi<\/b><br \/>\n<\/b><span style=\"font-weight: 400;\">Denizcilik faturalar\u0131, denizcilik s\u00f6zle\u015fmeleri, denizcilik yaz\u0131\u015fmalar\u0131, ihracat beyan onaylar\u0131, denizcilik g\u00fcmr\u00fck beyannameleri, denizcilik yaz\u0131\u015fmalar\u0131<\/span><\/p>\n<p><b style=\"color: #d44133;\"><b>Tan\u0131t\u0131m metinleri terc\u00fcmesi<\/b><br \/>\n<\/b><span style=\"font-weight: 400;\">Denizcilik dergi, gazete ve bro\u015f\u00fcrleri ile denizcilik haberleri, web sitesi, sosyal medya ve blog i\u00e7erikleri<\/span>[\/vc_column_text][\/vc_column_inner][vc_column_inner width=&#8221;1\/2&#8243;][\/vc_column_inner][\/vc_row_inner][\/vc_column][\/vc_row][vc_row content_placement=&#8221;middle&#8221; bg_type=&#8221;grad&#8221; bg_override=&#8221;ex-full&#8221; bg_grad=&#8221;background: url(data:image\/svg+xml;base64,PHN2ZyB4bWxucz0iaHR0cDovL3d3dy53My5vcmcvMjAwMC9zdmciPjxkZWZzPjxsaW5lYXJHcmFkaWVudCBpZD0iZ3JhZGllbnQiIHgxPSIwJSIgeTE9IjAlIiB4Mj0iMCUiIHkyPSIxMDAlIj48c3RvcCBvZmZzZXQ9IjAlIiBzdHlsZT0ic3RvcC1jb2xvcjojMzY1MDg4OyIgLz48c3RvcCBvZmZzZXQ9IjEwMCUiIHN0eWxlPSJzdG9wLWNvbG9yOiNFQTUyNEQ7IiAvPjwvbGluZWFyR3JhZGllbnQ+PC9kZWZzPjxyZWN0IGZpbGw9InVybCgjZ3JhZGllbnQpIiBoZWlnaHQ9IjEwMCUiIHdpZHRoPSIxMDAlIiAvPjwvc3ZnPg==);background: -webkit-gradient(linear, left top, left bottom, color-stop(0%, #365088), color-stop(100%, #EA524D));background: -moz-linear-gradient(135deg,#365088 0%,#EA524D 100%);background: -webkit-linear-gradient(135deg,#365088 0%,#EA524D 100%);background: -o-linear-gradient(135deg,#365088 0%,#EA524D 100%);background: -ms-linear-gradient(135deg,#365088 0%,#EA524D 100%);background: linear-gradient(135deg,#365088 0%,#EA524D 100%);&#8221;][vc_column width=&#8221;5\/6&#8243;][vc_column_text]<strong style=\"color: #ffffff; font-size: 24px;\">Kalitesi denizleri a\u015fan terc\u00fcme hizmetlerimizden en uygun fiyatlara yararlanmak i\u00e7in t\u00fcm dillerde \u00e7eviri teklifinizi \u015fimdi al\u0131n, \u00fcstelik \u00fccretsiz!<\/strong>[\/vc_column_text][\/vc_column][vc_column width=&#8221;1\/6&#8243;][vc_btn title=&#8221;Teklif Al&#8221; color=&#8221;warning&#8221; size=&#8221;lg&#8221; align=&#8221;right&#8221; link=&#8221;url:%2Ftr%2Fteklif-alin%2F|||&#8221;][\/vc_column][\/vc_row]<\/p>\n","protected":false},"excerpt":{"rendered":"<p>[vc_row equal_height=&#8221;yes&#8221; content_placement=&#8221;top&#8221; bg_type=&#8221;image&#8221; parallax_style=&#8221;vcpb-default&#8221; bg_image_new=&#8221;id^4097|url^https:\/\/www.turkishtranslationoffice.com\/tr\/wp-content\/uploads\/2020\/08\/denizcilik-tercumesi.jpg|caption^null|alt^null|title^denizcilik-tercumesi|description^null&#8221; bg_override=&#8221;ex-full&#8221; type=&#8221;vc_default&#8221; margin_top=&#8221;5&#8243; margin_bottom=&#8221;10&#8243; css=&#8221;.vc_custom_1629983271452{padding-top: 2% !important;padding-bottom: 2% !important;}&#8221;][vc_column width=&#8221;1\/2&#8243;][vc_column_text] Denizcilik alan\u0131nda uzman terc\u00fcmanlar\u0131m\u0131z ile hatas\u0131z ve h\u0131zl\u0131 denizcilik \u00e7evirisi sunuyoruz. G\u00fcvenilir ve kaliteli terc\u00fcme hizmetinin adresi TTO\u2019dan \u00fccretsiz teklifinizi isteyin, kampanyal\u0131 fiyatlardan \u00e7eviri hizmeti al\u0131n. [\/vc_column_text][vc_row_inner equal_height=&#8221;yes&#8221; content_placement=&#8221;top&#8221;][vc_column_inner css=&#8221;.vc_custom_1644306635238{padding-top: 20px !important;padding-bottom: 32px !important;}&#8221;][\/vc_column_inner][\/vc_row_inner][\/vc_column][vc_column width=&#8221;1\/2&#8243;][\/vc_column][\/vc_row][vc_row equal_height=&#8221;yes&#8221; content_placement=&#8221;top&#8221; bg_type=&#8221;image&#8221; parallax_style=&#8221;vcpb-hz-jquery&#8221;&hellip;<\/p>\n","protected":false},"author":1,"featured_media":0,"parent":0,"menu_order":10,"comment_status":"closed","ping_status":"closed","template":"","meta":{"footnotes":""},"aioseo_notices":[],"_links":{"self":[{"href":"https:\/\/www.turkishtranslationoffice.com\/tr\/wp-json\/wp\/v2\/pages\/2941"}],"collection":[{"href":"https:\/\/www.turkishtranslationoffice.com\/tr\/wp-json\/wp\/v2\/pages"}],"about":[{"href":"https:\/\/www.turkishtranslationoffice.com\/tr\/wp-json\/wp\/v2\/types\/page"}],"author":[{"embeddable":true,"href":"https:\/\/www.turkishtranslationoffice.com\/tr\/wp-json\/wp\/v2\/users\/1"}],"replies":[{"embeddable":true,"href":"https:\/\/www.turkishtranslationoffice.com\/tr\/wp-json\/wp\/v2\/comments?post=2941"}],"version-history":[{"count":4,"href":"https:\/\/www.turkishtranslationoffice.com\/tr\/wp-json\/wp\/v2\/pages\/2941\/revisions"}],"predecessor-version":[{"id":5632,"href":"https:\/\/www.turkishtranslationoffice.com\/tr\/wp-json\/wp\/v2\/pages\/2941\/revisions\/5632"}],"wp:attachment":[{"href":"https:\/\/www.turkishtranslationoffice.com\/tr\/wp-json\/wp\/v2\/media?parent=2941"}],"curies":[{"name":"wp","href":"https:\/\/api.w.org\/{rel}","templated":true}]}}